{"id":30853,"date":"2025-05-08T06:43:22","date_gmt":"2025-05-08T06:43:22","guid":{"rendered":"https:\/\/meteoquebec.ca\/?post_type=product&#038;p=30853"},"modified":"2026-02-24T14:53:31","modified_gmt":"2026-02-24T18:53:31","slug":"botte-de-travail-acp-csa","status":"publish","type":"product","link":"https:\/\/autravail.ca\/en\/product\/botte-de-travail-acp-csa\/","title":{"rendered":"Botte de travail &#8211; ACP-CSA"},"content":{"rendered":"<h3>Botte de travail &#8211; ACP-CSA<\/h3>\n<p>Botte de travail &#8211; ACP-CSA. La Arctic Pro Steel Toe \u00e0 cap d&rsquo;acier est notre botte en n\u00e9opr\u00e8ne la plus chaude, et elle est dot\u00e9e d&rsquo;un chausson imperm\u00e9able en n\u00e9opr\u00e8ne de 8 mm et d&rsquo;une doublure en molleton qui se combinent pour offrir une chaleur et un soutien exceptionnels. La mousse de 2 mm sous la semelle prot\u00e8ge le pied du froid lorsque vous ne bougez pas ou lorsque vous vous tenez sur la glace. La conception extensible sur le dessus garde la chaleur \u00e0 l&rsquo;int\u00e9rieur et les \u00e9l\u00e9ments \u00e0 l&rsquo;ext\u00e9rieur.<\/p>\n<p><img decoding=\"async\" class=\"alignnone size-full wp-image-40117\" src=\"https:\/\/autravail.ca\/wp-content\/uploads\/2025\/09\/Certification-Omega-Triangle-vert.jpg\" alt=\"Certifications Om\u00e9ga Triangle vert\" width=\"193\" height=\"110\" srcset=\"https:\/\/autravail.ca\/wp-content\/uploads\/2025\/09\/Certification-Omega-Triangle-vert.jpg 193w, https:\/\/autravail.ca\/wp-content\/uploads\/2025\/09\/Certification-Omega-Triangle-vert-150x85.jpg 150w, https:\/\/autravail.ca\/wp-content\/uploads\/2025\/09\/Certification-Omega-Triangle-vert-18x10.jpg 18w\" sizes=\"(max-width: 193px) 100vw, 193px\" \/><\/p>\n<h6>Characteristics:<\/h6>\n<ul>\n<li>100% imperm\u00e9able<\/li>\n<li>Protection \u00e0 cap d&rsquo;acier<\/li>\n<li>Semelle interm\u00e9diaire r\u00e9sistante \u00e0 la perforation avec protection \u00e0 cap d&rsquo;acier<\/li>\n<li>Conforme \u00e0 la norme ASTM F2413-18 M\/I\/C EH \/ ESR (r\u00e9sistance aux chocs \u00e9lectriques)<\/li>\n<li>Conforme aux normes CSA Grade 1<\/li>\n<li>La doublure en n\u00e9opr\u00e8ne CR Flex-Foam de 8 mm est 100 % imperm\u00e9able et offre des propri\u00e9t\u00e9s exceptionnelles de confort, de flexibilit\u00e9, d&rsquo;absorption des chocs et de r\u00e9tention de la chaleur ; elle s&rsquo;adapte aux contours de votre pied pour r\u00e9sister aux ampoules et au frottement.<\/li>\n<li>Doublure en molleton pour plus de chaleur<\/li>\n<li>Double renfort sur le dessus du pied, le talon et le tendon d&rsquo;Achille<\/li>\n<li>Mousse thermique de 2 mm sous l&rsquo;assise plantaire pour plus de chaleur<\/li>\n<li>La semelle ext\u00e9rieure moul\u00e9e Bob-Tracker est robuste, solide et durable pour une protection et une stabilit\u00e9 maximales ; les crampons semi-sph\u00e9riques offrent une bonne adh\u00e9rence sur les surfaces meubles et \u00e9vacuent les d\u00e9bris.<\/li>\n<li>Hauteur estim\u00e9e : 43 cm\/ 17 po<\/li>\n<li>Estimation de la circonf\u00e9rence maximale du mollet : 42 cm\/ 16,7 po<\/li>\n<li>Zone de confort : -60\u00b0F \u00e0 30\u00b0F \/ -50\u00b0C \u00e0 -1\u00b0C<\/li>\n<\/ul>\n<p><em><span style=\"color: #fa0b0b;\">Unisex U.S. men's sizes presented. To convert to U.S. women's size, add 2 sizes. Example: 5 U.S. men = 7 U.S. women<\/span><\/em><\/p>\n<p><img decoding=\"async\" class=\"alignnone wp-image-40620\" src=\"https:\/\/autravail.ca\/wp-content\/uploads\/2025\/09\/Jachete-quebec-et-canada.jpg\" alt=\"Logo de l'achat local\" width=\"162\" height=\"139\" \/>Merci d&rsquo;encourager une entreprise 100% d&rsquo;ici!<\/p>\n<p>TS2602H<\/p>","protected":false},"excerpt":{"rendered":"<p>Botte de travail &#8211; ACP-CSA Botte de travail &#8211; ACP-CSA. La Arctic Pro Steel Toe \u00e0 cap d&rsquo;acier est notre botte en n\u00e9opr\u00e8ne la plus chaude, et elle est dot\u00e9e d&rsquo;un chausson imperm\u00e9able en n\u00e9opr\u00e8ne de 8 mm et d&rsquo;une doublure en molleton qui se combinent pour offrir une chaleur et un soutien exceptionnels. La [&hellip;]<\/p>","protected":false},"featured_media":15082,"comment_status":"open","ping_status":"closed","template":"","meta":[],"product_cat":[671,602],"product_tag":[308,252,242,253],"class_list":{"0":"post-30853","1":"product","2":"type-product","3":"status-publish","4":"has-post-thumbnail","6":"product_brand-muck","7":"product_cat-bottes-dhiver-csa","8":"product_cat-hommes","9":"product_tag-bottes-dhiver-csa","10":"product_tag-electric-shock-resistant","11":"product_tag-homme","12":"product_tag-sole-protection","14":"first","15":"instock","16":"taxable","17":"shipping-taxable","18":"purchasable","19":"product-type-variable"},"yoast_head":"<!-- This site is optimized with the Yoast SEO plugin v25.3.1 - https:\/\/yoast.com\/wordpress\/plugins\/seo\/ -->\n<title>Botte de travail - ACP-CSA - Le Magasin Industriel<\/title>\n<meta name=\"description\" content=\"Botte de travail - ACP-CSA Arctic Pro Steel Toe \u00e0 cap d&#039;acier est notre botte en n\u00e9opr\u00e8ne la plus chaude, un chausson imperm\u00e9able\" \/>\n<meta name=\"robots\" content=\"index, follow, max-snippet:-1, max-image-preview:large, max-video-preview:-1\" \/>\n<link rel=\"canonical\" href=\"https:\/\/autravail.ca\/en\/product\/botte-de-travail-acp-csa\/\" \/>\n<meta property=\"og:locale\" content=\"en_US\" \/>\n<meta property=\"og:type\" content=\"article\" \/>\n<meta property=\"og:title\" content=\"Botte de travail - ACP-CSA - Le Magasin Industriel\" \/>\n<meta property=\"og:description\" content=\"Botte de travail - ACP-CSA Arctic Pro Steel Toe \u00e0 cap d&#039;acier est notre botte en n\u00e9opr\u00e8ne la plus chaude, un chausson imperm\u00e9able\" \/>\n<meta property=\"og:url\" content=\"https:\/\/autravail.ca\/en\/product\/botte-de-travail-acp-csa\/\" \/>\n<meta property=\"og:site_name\" content=\"Le Magasin Industriel\" \/>\n<meta property=\"article:publisher\" content=\"https:\/\/www.facebook.com\/lemagasinindustriel\/?locale=fr_FR\" \/>\n<meta property=\"article:modified_time\" content=\"2026-02-24T18:53:31+00:00\" \/>\n<meta property=\"og:image\" content=\"https:\/\/autravail.ca\/wp-content\/uploads\/2025\/05\/ACPCSA_A01.jpg\" \/>\n\t<meta property=\"og:image:width\" content=\"800\" \/>\n\t<meta property=\"og:image:height\" content=\"720\" \/>\n\t<meta property=\"og:image:type\" content=\"image\/jpeg\" \/>\n<meta name=\"twitter:card\" content=\"summary_large_image\" \/>\n<meta name=\"twitter:label1\" content=\"Est. reading time\" \/>\n\t<meta name=\"twitter:data1\" content=\"3 minutes\" \/>\n<script type=\"application\/ld+json\" class=\"yoast-schema-graph\">{\"@context\":\"https:\/\/schema.org\",\"@graph\":[{\"@type\":\"WebPage\",\"@id\":\"https:\/\/autravail.ca\/product\/botte-de-travail-acp-csa\/\",\"url\":\"https:\/\/autravail.ca\/product\/botte-de-travail-acp-csa\/\",\"name\":\"Botte de travail - ACP-CSA - Le Magasin Industriel\",\"isPartOf\":{\"@id\":\"https:\/\/autravail.ca\/#website\"},\"primaryImageOfPage\":{\"@id\":\"https:\/\/autravail.ca\/product\/botte-de-travail-acp-csa\/#primaryimage\"},\"image\":{\"@id\":\"https:\/\/autravail.ca\/product\/botte-de-travail-acp-csa\/#primaryimage\"},\"thumbnailUrl\":\"https:\/\/autravail.ca\/wp-content\/uploads\/2025\/05\/ACPCSA_A01.jpg\",\"datePublished\":\"2025-05-08T06:43:22+00:00\",\"dateModified\":\"2026-02-24T18:53:31+00:00\",\"description\":\"Botte de travail - ACP-CSA Arctic Pro Steel Toe \u00e0 cap d'acier est notre botte en n\u00e9opr\u00e8ne la plus chaude, un chausson imperm\u00e9able\",\"breadcrumb\":{\"@id\":\"https:\/\/autravail.ca\/product\/botte-de-travail-acp-csa\/#breadcrumb\"},\"inLanguage\":\"en-CA\",\"potentialAction\":[{\"@type\":\"ReadAction\",\"target\":[\"https:\/\/autravail.ca\/product\/botte-de-travail-acp-csa\/\"]}]},{\"@type\":\"ImageObject\",\"inLanguage\":\"en-CA\",\"@id\":\"https:\/\/autravail.ca\/product\/botte-de-travail-acp-csa\/#primaryimage\",\"url\":\"https:\/\/autravail.ca\/wp-content\/uploads\/2025\/05\/ACPCSA_A01.jpg\",\"contentUrl\":\"https:\/\/autravail.ca\/wp-content\/uploads\/2025\/05\/ACPCSA_A01.jpg\",\"width\":800,\"height\":720,\"caption\":\"Botte de travail - ACP-CSA\"},{\"@type\":\"BreadcrumbList\",\"@id\":\"https:\/\/autravail.ca\/product\/botte-de-travail-acp-csa\/#breadcrumb\",\"itemListElement\":[{\"@type\":\"ListItem\",\"position\":1,\"name\":\"Accueil\",\"item\":\"https:\/\/autravail.ca\/\"},{\"@type\":\"ListItem\",\"position\":2,\"name\":\"Magasin\",\"item\":\"https:\/\/autravail.ca\/en\/shop\/\"},{\"@type\":\"ListItem\",\"position\":3,\"name\":\"Botte de travail &#8211; ACP-CSA\"}]},{\"@type\":\"WebSite\",\"@id\":\"https:\/\/autravail.ca\/#website\",\"url\":\"https:\/\/autravail.ca\/\",\"name\":\"Le Magasin Industriel\",\"description\":\"50 ans de tradition de s\u00e9curit\u00e9 au travail\",\"publisher\":{\"@id\":\"https:\/\/autravail.ca\/#organization\"},\"potentialAction\":[{\"@type\":\"SearchAction\",\"target\":{\"@type\":\"EntryPoint\",\"urlTemplate\":\"https:\/\/autravail.ca\/?s={search_term_string}\"},\"query-input\":{\"@type\":\"PropertyValueSpecification\",\"valueRequired\":true,\"valueName\":\"search_term_string\"}}],\"inLanguage\":\"en-CA\"},{\"@type\":\"Organization\",\"@id\":\"https:\/\/autravail.ca\/#organization\",\"name\":\"Le Magasin Industriel\",\"url\":\"https:\/\/autravail.ca\/\",\"logo\":{\"@type\":\"ImageObject\",\"inLanguage\":\"en-CA\",\"@id\":\"https:\/\/autravail.ca\/#\/schema\/logo\/image\/\",\"url\":\"https:\/\/autravail.ca\/wp-content\/uploads\/2025\/05\/cropped-magasin_industriel_120x.avif\",\"contentUrl\":\"https:\/\/autravail.ca\/wp-content\/uploads\/2025\/05\/cropped-magasin_industriel_120x.avif\",\"width\":120,\"height\":24,\"caption\":\"Le Magasin Industriel\"},\"image\":{\"@id\":\"https:\/\/autravail.ca\/#\/schema\/logo\/image\/\"},\"sameAs\":[\"https:\/\/www.facebook.com\/lemagasinindustriel\/?locale=fr_FR\"]}]}<\/script>\n<!-- \/ Yoast SEO plugin. -->","yoast_head_json":{"title":"Botte de travail - ACP-CSA - Le Magasin Industriel","description":"Botte de travail - ACP-CSA Arctic Pro Steel Toe \u00e0 cap d'acier est notre botte en n\u00e9opr\u00e8ne la plus chaude, un chausson imperm\u00e9able","robots":{"index":"index","follow":"follow","max-snippet":"max-snippet:-1","max-image-preview":"max-image-preview:large","max-video-preview":"max-video-preview:-1"},"canonical":"https:\/\/autravail.ca\/en\/product\/botte-de-travail-acp-csa\/","og_locale":"en_US","og_type":"article","og_title":"Botte de travail - ACP-CSA - Le Magasin Industriel","og_description":"Botte de travail - ACP-CSA Arctic Pro Steel Toe \u00e0 cap d'acier est notre botte en n\u00e9opr\u00e8ne la plus chaude, un chausson imperm\u00e9able","og_url":"https:\/\/autravail.ca\/en\/product\/botte-de-travail-acp-csa\/","og_site_name":"Le Magasin Industriel","article_publisher":"https:\/\/www.facebook.com\/lemagasinindustriel\/?locale=fr_FR","article_modified_time":"2026-02-24T18:53:31+00:00","og_image":[{"width":800,"height":720,"url":"https:\/\/autravail.ca\/wp-content\/uploads\/2025\/05\/ACPCSA_A01.jpg","type":"image\/jpeg"}],"twitter_card":"summary_large_image","twitter_misc":{"Est. reading time":"3 minutes"},"schema":{"@context":"https:\/\/schema.org","@graph":[{"@type":"WebPage","@id":"https:\/\/autravail.ca\/product\/botte-de-travail-acp-csa\/","url":"https:\/\/autravail.ca\/product\/botte-de-travail-acp-csa\/","name":"Botte de travail - ACP-CSA - Le Magasin Industriel","isPartOf":{"@id":"https:\/\/autravail.ca\/#website"},"primaryImageOfPage":{"@id":"https:\/\/autravail.ca\/product\/botte-de-travail-acp-csa\/#primaryimage"},"image":{"@id":"https:\/\/autravail.ca\/product\/botte-de-travail-acp-csa\/#primaryimage"},"thumbnailUrl":"https:\/\/autravail.ca\/wp-content\/uploads\/2025\/05\/ACPCSA_A01.jpg","datePublished":"2025-05-08T06:43:22+00:00","dateModified":"2026-02-24T18:53:31+00:00","description":"Botte de travail - ACP-CSA Arctic Pro Steel Toe \u00e0 cap d'acier est notre botte en n\u00e9opr\u00e8ne la plus chaude, un chausson imperm\u00e9able","breadcrumb":{"@id":"https:\/\/autravail.ca\/product\/botte-de-travail-acp-csa\/#breadcrumb"},"inLanguage":"en-CA","potentialAction":[{"@type":"ReadAction","target":["https:\/\/autravail.ca\/product\/botte-de-travail-acp-csa\/"]}]},{"@type":"ImageObject","inLanguage":"en-CA","@id":"https:\/\/autravail.ca\/product\/botte-de-travail-acp-csa\/#primaryimage","url":"https:\/\/autravail.ca\/wp-content\/uploads\/2025\/05\/ACPCSA_A01.jpg","contentUrl":"https:\/\/autravail.ca\/wp-content\/uploads\/2025\/05\/ACPCSA_A01.jpg","width":800,"height":720,"caption":"Botte de travail - ACP-CSA"},{"@type":"BreadcrumbList","@id":"https:\/\/autravail.ca\/product\/botte-de-travail-acp-csa\/#breadcrumb","itemListElement":[{"@type":"ListItem","position":1,"name":"Accueil","item":"https:\/\/autravail.ca\/"},{"@type":"ListItem","position":2,"name":"Magasin","item":"https:\/\/autravail.ca\/en\/shop\/"},{"@type":"ListItem","position":3,"name":"Botte de travail &#8211; ACP-CSA"}]},{"@type":"WebSite","@id":"https:\/\/autravail.ca\/#website","url":"https:\/\/autravail.ca\/","name":"Le Magasin Industriel","description":"50 ans de tradition de s\u00e9curit\u00e9 au travail","publisher":{"@id":"https:\/\/autravail.ca\/#organization"},"potentialAction":[{"@type":"SearchAction","target":{"@type":"EntryPoint","urlTemplate":"https:\/\/autravail.ca\/?s={search_term_string}"},"query-input":{"@type":"PropertyValueSpecification","valueRequired":true,"valueName":"search_term_string"}}],"inLanguage":"en-CA"},{"@type":"Organization","@id":"https:\/\/autravail.ca\/#organization","name":"Le Magasin Industriel","url":"https:\/\/autravail.ca\/","logo":{"@type":"ImageObject","inLanguage":"en-CA","@id":"https:\/\/autravail.ca\/#\/schema\/logo\/image\/","url":"https:\/\/autravail.ca\/wp-content\/uploads\/2025\/05\/cropped-magasin_industriel_120x.avif","contentUrl":"https:\/\/autravail.ca\/wp-content\/uploads\/2025\/05\/cropped-magasin_industriel_120x.avif","width":120,"height":24,"caption":"Le Magasin Industriel"},"image":{"@id":"https:\/\/autravail.ca\/#\/schema\/logo\/image\/"},"sameAs":["https:\/\/www.facebook.com\/lemagasinindustriel\/?locale=fr_FR"]}]}},"jetpack_sharing_enabled":true,"_links":{"self":[{"href":"https:\/\/autravail.ca\/en\/wp-json\/wp\/v2\/product\/30853","targetHints":{"allow":["GET"]}}],"collection":[{"href":"https:\/\/autravail.ca\/en\/wp-json\/wp\/v2\/product"}],"about":[{"href":"https:\/\/autravail.ca\/en\/wp-json\/wp\/v2\/types\/product"}],"replies":[{"embeddable":true,"href":"https:\/\/autravail.ca\/en\/wp-json\/wp\/v2\/comments?post=30853"}],"wp:featuredmedia":[{"embeddable":true,"href":"https:\/\/autravail.ca\/en\/wp-json\/wp\/v2\/media\/15082"}],"wp:attachment":[{"href":"https:\/\/autravail.ca\/en\/wp-json\/wp\/v2\/media?parent=30853"}],"wp:term":[{"taxonomy":"product_cat","embeddable":true,"href":"https:\/\/autravail.ca\/en\/wp-json\/wp\/v2\/product_cat?post=30853"},{"taxonomy":"product_tag","embeddable":true,"href":"https:\/\/autravail.ca\/en\/wp-json\/wp\/v2\/product_tag?post=30853"}],"curies":[{"name":"wp","href":"https:\/\/api.w.org\/{rel}","templated":true}]}}