{"id":30851,"date":"2025-05-08T06:43:22","date_gmt":"2025-05-08T06:43:22","guid":{"rendered":"https:\/\/meteoquebec.ca\/?post_type=product&#038;p=30851"},"modified":"2026-03-27T13:09:22","modified_gmt":"2026-03-27T17:09:22","slug":"botte-de-travail-innova-a9255-12","status":"publish","type":"product","link":"https:\/\/autravail.ca\/en\/product\/botte-de-travail-innova-a9255-12\/","title":{"rendered":"Botte de travail Innova &#8211; A9255-12"},"content":{"rendered":"<h3>Botte de travail Innova &#8211; A9255-12<\/h3>\n<p>Botte de travail Innova &#8211; A9255-12 de <a href=\"https:\/\/autravail.ca\/en\/product-brand\/acton\/\">Acton<\/a> est en cuir et isol\u00e9e vous gardera au chaud jusqu&rsquo;\u00e0 -45\u00b0C. Sa coquille souple et r\u00e9sistante, sa membrane imperm\u00e9able et son isolant 600 g en font une botte hautement performante et confortable.<\/p>\n<p><img decoding=\"async\" class=\"alignnone size-full wp-image-40117\" src=\"https:\/\/autravail.ca\/wp-content\/uploads\/2025\/09\/Certification-Omega-Triangle-vert.jpg\" alt=\"Certifications Om\u00e9ga Triangle vert\" width=\"193\" height=\"110\" srcset=\"https:\/\/autravail.ca\/wp-content\/uploads\/2025\/09\/Certification-Omega-Triangle-vert.jpg 193w, https:\/\/autravail.ca\/wp-content\/uploads\/2025\/09\/Certification-Omega-Triangle-vert-150x85.jpg 150w, https:\/\/autravail.ca\/wp-content\/uploads\/2025\/09\/Certification-Omega-Triangle-vert-18x10.jpg 18w\" sizes=\"(max-width: 193px) 100vw, 193px\" \/><\/p>\n<h6>Characteristics:<\/h6>\n<ul>\n<li>Hauteur : 8&Prime;\u00a0\/\u00a020.4 cm<\/li>\n<li>Tige de cuir 2 mm imperm\u00e9able \u00e0 triple coutures scell\u00e9es.<\/li>\n<li>Doublure respirante avec traitement antimicrobien.<\/li>\n<li>Membrane imperm\u00e9able et respirante Drylock II \u00e0 la fois imperm\u00e9able et respirante, combin\u00e9e \u00e0 une tige en cuir de 2 mm avec des\u00a0<strong class=\"Yjhzub\" data-sfc-root=\"c\" data-sfc-cb=\"\" data-complete=\"true\">coutures triples scell\u00e9es<\/strong> pour garder les pieds au sec.<\/li>\n<li>Isolation de Thinsulate 600 g entourant le pied.<\/li>\n<li>Protection cap and perforation-resistant sole made of light and non-conductive composite.<\/li>\n<li>Inner sole removable made of PU foam for excellent shock absorption and prolonged comfort.<\/li>\n<li>Semelle de caoutchouc naturel 4Grip, antid\u00e9rapante sur les surfaces givr\u00e9es.<\/li>\n<li>Cambrion en nylon.<\/li>\n<li>Empeigne et renfort faits de TPU.<\/li>\n<li>Heel Absorb+ anti-fatigue absorbs shocks upon impact and improves traction.<\/li>\n<li>Padded collar and tongue for more comfort<\/li>\n<li>Syst\u00e8me de la\u00e7age rapide fait de m\u00e9tal anticorrosion.<\/li>\n<\/ul>\n<p>Ce mod\u00e8le est r\u00e9put\u00e9 pour son chaussant\u00a0<strong class=\"Yjhzub\" data-sfc-root=\"c\" data-sfc-cb=\"\" data-complete=\"true\">extra-large (Wide Width)<\/strong>, offrant plus d&rsquo;espace pour le pied, ce qui est id\u00e9al pour porter des chaussettes \u00e9paisses d&rsquo;hiver. Elle comporte des\u00a0<strong class=\"Yjhzub\" data-sfc-root=\"c\" data-sfc-cb=\"\" data-complete=\"true\">insertions r\u00e9fl\u00e9chissantes<\/strong>\u00a0pour une meilleure s\u00e9curit\u00e9 par faible luminosit\u00e9.<\/p>\n<p><em><span style=\"color: #fa0b0b;\">Unisex U.S. men's sizes presented. To convert to U.S. women's size, add 2 sizes. Example: 5 U.S. men = 7 U.S. women<\/span><\/em><\/p>\n<p><img decoding=\"async\" class=\"alignnone wp-image-40620\" src=\"https:\/\/autravail.ca\/wp-content\/uploads\/2025\/09\/Jachete-quebec-et-canada.jpg\" alt=\"Logo de l'achat local\" width=\"162\" height=\"139\" \/>Merci d&rsquo;encourager une entreprise 100% d&rsquo;ici!<\/p>\n<p>TS2603H<\/p>","protected":false},"excerpt":{"rendered":"<p>Botte de travail Innova &#8211; A9255-12 Botte de travail Innova &#8211; A9255-12 de Acton est en cuir et isol\u00e9e vous gardera au chaud jusqu&rsquo;\u00e0 -45\u00b0C. Sa coquille souple et r\u00e9sistante, sa membrane imperm\u00e9able et son isolant 600 g en font une botte hautement performante et confortable. Caract\u00e9ristiques: Hauteur : 8&Prime;\u00a0\/\u00a020.4 cm Tige de cuir 2 [&hellip;]<\/p>","protected":false},"featured_media":46096,"comment_status":"open","ping_status":"closed","template":"","meta":[],"product_cat":[671,602],"product_tag":[357,251,252,242,253],"class_list":{"0":"post-30851","1":"product","2":"type-product","3":"status-publish","4":"has-post-thumbnail","6":"product_brand-acton","7":"product_cat-bottes-dhiver-csa","8":"product_cat-hommes","9":"product_tag-acton-shoes","10":"product_tag-bottes-de-travail","11":"product_tag-electric-shock-resistant","12":"product_tag-homme","13":"product_tag-sole-protection","15":"first","16":"instock","17":"taxable","18":"shipping-taxable","19":"purchasable","20":"product-type-variable"},"yoast_head":"<!-- This site is optimized with the Yoast SEO plugin v25.3.1 - https:\/\/yoast.com\/wordpress\/plugins\/seo\/ -->\n<title>Botte de travail Innova - A9255-12 - Le Magasin Industriel<\/title>\n<meta name=\"description\" content=\"Botte de travail Innova - A9255-12 en cuir et isol\u00e9e vous gardera au chaud jusqu&#039;\u00e0 -45\u00b0C. Coquille souple et r\u00e9sistante, membrane imperm\u00e9able\" \/>\n<meta name=\"robots\" content=\"index, follow, max-snippet:-1, max-image-preview:large, max-video-preview:-1\" \/>\n<link rel=\"canonical\" href=\"https:\/\/autravail.ca\/en\/product\/botte-de-travail-innova-a9255-12\/\" \/>\n<meta property=\"og:locale\" content=\"en_US\" \/>\n<meta property=\"og:type\" content=\"article\" \/>\n<meta property=\"og:title\" content=\"Botte de travail Innova - A9255-12 - Le Magasin Industriel\" \/>\n<meta property=\"og:description\" content=\"Botte de travail Innova - A9255-12 en cuir et isol\u00e9e vous gardera au chaud jusqu&#039;\u00e0 -45\u00b0C. Coquille souple et r\u00e9sistante, membrane imperm\u00e9able\" \/>\n<meta property=\"og:url\" content=\"https:\/\/autravail.ca\/en\/product\/botte-de-travail-innova-a9255-12\/\" \/>\n<meta property=\"og:site_name\" content=\"Le Magasin Industriel\" \/>\n<meta property=\"article:publisher\" content=\"https:\/\/www.facebook.com\/lemagasinindustriel\/?locale=fr_FR\" \/>\n<meta property=\"article:modified_time\" content=\"2026-03-27T17:09:22+00:00\" \/>\n<meta property=\"og:image\" content=\"https:\/\/autravail.ca\/wp-content\/uploads\/2025\/05\/A9255-12_A01-1.jpg\" \/>\n\t<meta property=\"og:image:width\" content=\"1000\" \/>\n\t<meta property=\"og:image:height\" content=\"1000\" \/>\n\t<meta property=\"og:image:type\" content=\"image\/jpeg\" \/>\n<meta name=\"twitter:card\" content=\"summary_large_image\" \/>\n<meta name=\"twitter:label1\" content=\"Est. reading time\" \/>\n\t<meta name=\"twitter:data1\" content=\"2 minutes\" \/>\n<script type=\"application\/ld+json\" class=\"yoast-schema-graph\">{\"@context\":\"https:\/\/schema.org\",\"@graph\":[{\"@type\":\"WebPage\",\"@id\":\"https:\/\/autravail.ca\/product\/botte-de-travail-innova-a9255-12\/\",\"url\":\"https:\/\/autravail.ca\/product\/botte-de-travail-innova-a9255-12\/\",\"name\":\"Botte de travail Innova - A9255-12 - Le Magasin Industriel\",\"isPartOf\":{\"@id\":\"https:\/\/autravail.ca\/#website\"},\"primaryImageOfPage\":{\"@id\":\"https:\/\/autravail.ca\/product\/botte-de-travail-innova-a9255-12\/#primaryimage\"},\"image\":{\"@id\":\"https:\/\/autravail.ca\/product\/botte-de-travail-innova-a9255-12\/#primaryimage\"},\"thumbnailUrl\":\"https:\/\/autravail.ca\/wp-content\/uploads\/2025\/05\/A9255-12_A01-1.jpg\",\"datePublished\":\"2025-05-08T06:43:22+00:00\",\"dateModified\":\"2026-03-27T17:09:22+00:00\",\"description\":\"Botte de travail Innova - A9255-12 en cuir et isol\u00e9e vous gardera au chaud jusqu'\u00e0 -45\u00b0C. Coquille souple et r\u00e9sistante, membrane imperm\u00e9able\",\"breadcrumb\":{\"@id\":\"https:\/\/autravail.ca\/product\/botte-de-travail-innova-a9255-12\/#breadcrumb\"},\"inLanguage\":\"en-CA\",\"potentialAction\":[{\"@type\":\"ReadAction\",\"target\":[\"https:\/\/autravail.ca\/product\/botte-de-travail-innova-a9255-12\/\"]}]},{\"@type\":\"ImageObject\",\"inLanguage\":\"en-CA\",\"@id\":\"https:\/\/autravail.ca\/product\/botte-de-travail-innova-a9255-12\/#primaryimage\",\"url\":\"https:\/\/autravail.ca\/wp-content\/uploads\/2025\/05\/A9255-12_A01-1.jpg\",\"contentUrl\":\"https:\/\/autravail.ca\/wp-content\/uploads\/2025\/05\/A9255-12_A01-1.jpg\",\"width\":1000,\"height\":1000,\"caption\":\"Botte de travail Innova - A9255-12\"},{\"@type\":\"BreadcrumbList\",\"@id\":\"https:\/\/autravail.ca\/product\/botte-de-travail-innova-a9255-12\/#breadcrumb\",\"itemListElement\":[{\"@type\":\"ListItem\",\"position\":1,\"name\":\"Accueil\",\"item\":\"https:\/\/autravail.ca\/\"},{\"@type\":\"ListItem\",\"position\":2,\"name\":\"Magasin\",\"item\":\"https:\/\/autravail.ca\/en\/shop\/\"},{\"@type\":\"ListItem\",\"position\":3,\"name\":\"Botte de travail Innova &#8211; A9255-12\"}]},{\"@type\":\"WebSite\",\"@id\":\"https:\/\/autravail.ca\/#website\",\"url\":\"https:\/\/autravail.ca\/\",\"name\":\"Le Magasin Industriel\",\"description\":\"50 ans de tradition de s\u00e9curit\u00e9 au travail\",\"publisher\":{\"@id\":\"https:\/\/autravail.ca\/#organization\"},\"potentialAction\":[{\"@type\":\"SearchAction\",\"target\":{\"@type\":\"EntryPoint\",\"urlTemplate\":\"https:\/\/autravail.ca\/?s={search_term_string}\"},\"query-input\":{\"@type\":\"PropertyValueSpecification\",\"valueRequired\":true,\"valueName\":\"search_term_string\"}}],\"inLanguage\":\"en-CA\"},{\"@type\":\"Organization\",\"@id\":\"https:\/\/autravail.ca\/#organization\",\"name\":\"Le Magasin Industriel\",\"url\":\"https:\/\/autravail.ca\/\",\"logo\":{\"@type\":\"ImageObject\",\"inLanguage\":\"en-CA\",\"@id\":\"https:\/\/autravail.ca\/#\/schema\/logo\/image\/\",\"url\":\"https:\/\/autravail.ca\/wp-content\/uploads\/2025\/05\/cropped-magasin_industriel_120x.avif\",\"contentUrl\":\"https:\/\/autravail.ca\/wp-content\/uploads\/2025\/05\/cropped-magasin_industriel_120x.avif\",\"width\":120,\"height\":24,\"caption\":\"Le Magasin Industriel\"},\"image\":{\"@id\":\"https:\/\/autravail.ca\/#\/schema\/logo\/image\/\"},\"sameAs\":[\"https:\/\/www.facebook.com\/lemagasinindustriel\/?locale=fr_FR\"]}]}<\/script>\n<!-- \/ Yoast SEO plugin. -->","yoast_head_json":{"title":"Botte de travail Innova - A9255-12 - Le Magasin Industriel","description":"Botte de travail Innova - A9255-12 en cuir et isol\u00e9e vous gardera au chaud jusqu'\u00e0 -45\u00b0C. Coquille souple et r\u00e9sistante, membrane imperm\u00e9able","robots":{"index":"index","follow":"follow","max-snippet":"max-snippet:-1","max-image-preview":"max-image-preview:large","max-video-preview":"max-video-preview:-1"},"canonical":"https:\/\/autravail.ca\/en\/product\/botte-de-travail-innova-a9255-12\/","og_locale":"en_US","og_type":"article","og_title":"Botte de travail Innova - A9255-12 - Le Magasin Industriel","og_description":"Botte de travail Innova - A9255-12 en cuir et isol\u00e9e vous gardera au chaud jusqu'\u00e0 -45\u00b0C. Coquille souple et r\u00e9sistante, membrane imperm\u00e9able","og_url":"https:\/\/autravail.ca\/en\/product\/botte-de-travail-innova-a9255-12\/","og_site_name":"Le Magasin Industriel","article_publisher":"https:\/\/www.facebook.com\/lemagasinindustriel\/?locale=fr_FR","article_modified_time":"2026-03-27T17:09:22+00:00","og_image":[{"width":1000,"height":1000,"url":"https:\/\/autravail.ca\/wp-content\/uploads\/2025\/05\/A9255-12_A01-1.jpg","type":"image\/jpeg"}],"twitter_card":"summary_large_image","twitter_misc":{"Est. reading time":"2 minutes"},"schema":{"@context":"https:\/\/schema.org","@graph":[{"@type":"WebPage","@id":"https:\/\/autravail.ca\/product\/botte-de-travail-innova-a9255-12\/","url":"https:\/\/autravail.ca\/product\/botte-de-travail-innova-a9255-12\/","name":"Botte de travail Innova - A9255-12 - Le Magasin Industriel","isPartOf":{"@id":"https:\/\/autravail.ca\/#website"},"primaryImageOfPage":{"@id":"https:\/\/autravail.ca\/product\/botte-de-travail-innova-a9255-12\/#primaryimage"},"image":{"@id":"https:\/\/autravail.ca\/product\/botte-de-travail-innova-a9255-12\/#primaryimage"},"thumbnailUrl":"https:\/\/autravail.ca\/wp-content\/uploads\/2025\/05\/A9255-12_A01-1.jpg","datePublished":"2025-05-08T06:43:22+00:00","dateModified":"2026-03-27T17:09:22+00:00","description":"Botte de travail Innova - A9255-12 en cuir et isol\u00e9e vous gardera au chaud jusqu'\u00e0 -45\u00b0C. Coquille souple et r\u00e9sistante, membrane imperm\u00e9able","breadcrumb":{"@id":"https:\/\/autravail.ca\/product\/botte-de-travail-innova-a9255-12\/#breadcrumb"},"inLanguage":"en-CA","potentialAction":[{"@type":"ReadAction","target":["https:\/\/autravail.ca\/product\/botte-de-travail-innova-a9255-12\/"]}]},{"@type":"ImageObject","inLanguage":"en-CA","@id":"https:\/\/autravail.ca\/product\/botte-de-travail-innova-a9255-12\/#primaryimage","url":"https:\/\/autravail.ca\/wp-content\/uploads\/2025\/05\/A9255-12_A01-1.jpg","contentUrl":"https:\/\/autravail.ca\/wp-content\/uploads\/2025\/05\/A9255-12_A01-1.jpg","width":1000,"height":1000,"caption":"Botte de travail Innova - A9255-12"},{"@type":"BreadcrumbList","@id":"https:\/\/autravail.ca\/product\/botte-de-travail-innova-a9255-12\/#breadcrumb","itemListElement":[{"@type":"ListItem","position":1,"name":"Accueil","item":"https:\/\/autravail.ca\/"},{"@type":"ListItem","position":2,"name":"Magasin","item":"https:\/\/autravail.ca\/en\/shop\/"},{"@type":"ListItem","position":3,"name":"Botte de travail Innova &#8211; A9255-12"}]},{"@type":"WebSite","@id":"https:\/\/autravail.ca\/#website","url":"https:\/\/autravail.ca\/","name":"Le Magasin Industriel","description":"50 ans de tradition de s\u00e9curit\u00e9 au travail","publisher":{"@id":"https:\/\/autravail.ca\/#organization"},"potentialAction":[{"@type":"SearchAction","target":{"@type":"EntryPoint","urlTemplate":"https:\/\/autravail.ca\/?s={search_term_string}"},"query-input":{"@type":"PropertyValueSpecification","valueRequired":true,"valueName":"search_term_string"}}],"inLanguage":"en-CA"},{"@type":"Organization","@id":"https:\/\/autravail.ca\/#organization","name":"Le Magasin Industriel","url":"https:\/\/autravail.ca\/","logo":{"@type":"ImageObject","inLanguage":"en-CA","@id":"https:\/\/autravail.ca\/#\/schema\/logo\/image\/","url":"https:\/\/autravail.ca\/wp-content\/uploads\/2025\/05\/cropped-magasin_industriel_120x.avif","contentUrl":"https:\/\/autravail.ca\/wp-content\/uploads\/2025\/05\/cropped-magasin_industriel_120x.avif","width":120,"height":24,"caption":"Le Magasin Industriel"},"image":{"@id":"https:\/\/autravail.ca\/#\/schema\/logo\/image\/"},"sameAs":["https:\/\/www.facebook.com\/lemagasinindustriel\/?locale=fr_FR"]}]}},"jetpack_sharing_enabled":true,"_links":{"self":[{"href":"https:\/\/autravail.ca\/en\/wp-json\/wp\/v2\/product\/30851","targetHints":{"allow":["GET"]}}],"collection":[{"href":"https:\/\/autravail.ca\/en\/wp-json\/wp\/v2\/product"}],"about":[{"href":"https:\/\/autravail.ca\/en\/wp-json\/wp\/v2\/types\/product"}],"replies":[{"embeddable":true,"href":"https:\/\/autravail.ca\/en\/wp-json\/wp\/v2\/comments?post=30851"}],"wp:featuredmedia":[{"embeddable":true,"href":"https:\/\/autravail.ca\/en\/wp-json\/wp\/v2\/media\/46096"}],"wp:attachment":[{"href":"https:\/\/autravail.ca\/en\/wp-json\/wp\/v2\/media?parent=30851"}],"wp:term":[{"taxonomy":"product_cat","embeddable":true,"href":"https:\/\/autravail.ca\/en\/wp-json\/wp\/v2\/product_cat?post=30851"},{"taxonomy":"product_tag","embeddable":true,"href":"https:\/\/autravail.ca\/en\/wp-json\/wp\/v2\/product_tag?post=30851"}],"curies":[{"name":"wp","href":"https:\/\/api.w.org\/{rel}","templated":true}]}}