{"id":30821,"date":"2025-05-08T06:42:57","date_gmt":"2025-05-08T06:42:57","guid":{"rendered":"https:\/\/meteoquebec.ca\/?post_type=product&#038;p=30821"},"modified":"2026-03-27T12:54:50","modified_gmt":"2026-03-27T16:54:50","slug":"botte-de-travail-g3o-a9067b-11","status":"publish","type":"product","link":"https:\/\/autravail.ca\/en\/product\/botte-de-travail-g3o-a9067b-11\/","title":{"rendered":"Botte de travail G3O &#8211; A9067B-11"},"content":{"rendered":"<div class=\"product-block-list__item product-block-list__item--content\">\n<div class=\"card card--details card__seo-description\">\n<div id=\"block-template--17998492074239__main-dd78d966-5b1d-406c-9c25-93981fcd5762\" class=\"card__collapsible\" style=\"height: auto;\">\n<div class=\"card__collapsible-content\">\n<div class=\"rte text--pull\">\n<h3 class=\"card__title heading h3\">Botte de travail G3O &#8211; A9067B-11<\/h3>\n<p class=\"card__title heading h3\">Botte de travail G3O &#8211; A9067B-11 de <a href=\"https:\/\/autravail.ca\/en\/product-brand\/acton\/\">Acton<\/a> est en cuir et nylon imperm\u00e9able offre un chaussant extra large (WW). De plus, sa semelle antid\u00e9rapante 4Grip double densit\u00e9 en caoutchouc naturel et avec noyau de PU en fait une botte tr\u00e8s performante.<\/p>\n<p><img decoding=\"async\" class=\"alignnone size-full wp-image-40117\" src=\"https:\/\/autravail.ca\/wp-content\/uploads\/2025\/09\/Certification-Omega-Triangle-vert.jpg\" alt=\"Certifications Om\u00e9ga Triangle vert\" width=\"193\" height=\"110\" srcset=\"https:\/\/autravail.ca\/wp-content\/uploads\/2025\/09\/Certification-Omega-Triangle-vert.jpg 193w, https:\/\/autravail.ca\/wp-content\/uploads\/2025\/09\/Certification-Omega-Triangle-vert-150x85.jpg 150w, https:\/\/autravail.ca\/wp-content\/uploads\/2025\/09\/Certification-Omega-Triangle-vert-18x10.jpg 18w\" sizes=\"(max-width: 193px) 100vw, 193px\" \/><\/p>\n<h6>Characteristics:<\/h6>\n<ul>\n<li>Hauteur : 8&Prime;\u00a0\/\u00a020.4 cm<\/li>\n<li>Tige de cuir pleine fleur 2 mm imperm\u00e9able \u00e0 triples coutures scell\u00e9es et nylon enduit de PU.<\/li>\n<li>Breathable Lining made of Cambrelle, abrasion resistant and with an antimicrobial treatment.<\/li>\n<li>Protection cap and perforation-resistant sole made of light and non-conductive composite.<\/li>\n<li>Inner removable sole made of PU and memory foam offering breathability, comfort, and excellent shock absorption.<\/li>\n<li>Sole with double density made of natural rubber and a light PU core.<\/li>\n<li>Natural Rubber 4Grip anti-slip sole on dry, wet, oily and frozen surfaces, resistant to wear and oils.<\/li>\n<li>Protective corner guard made of PU for increased protection.<\/li>\n<li>Cambrion en nylon.<\/li>\n<li>Polymeric eyelets.<\/li>\n<li>Thoughtful insertions high visibility<\/li>\n<li>Chaussant extra large offrant espace et confort.<\/li>\n<li>Heel Absorb+ anti-fatigue absorbs shocks upon impact and improves traction.<\/li>\n<li>90 degree heel<\/li>\n<li>Padded collar and tongue for more comfort<\/li>\n<\/ul>\n<p><em><span style=\"color: #fa0b0b;\">Unisex U.S. men's sizes presented. To convert to U.S. women's size, add 2 sizes. Example: 5 U.S. men = 7 U.S. women<\/span><\/em><\/p>\n<p><img decoding=\"async\" class=\"alignnone wp-image-40620\" src=\"https:\/\/autravail.ca\/wp-content\/uploads\/2025\/09\/Jachete-quebec-et-canada.jpg\" alt=\"Logo de l'achat local\" width=\"162\" height=\"139\" \/>Merci d&rsquo;encourager une entreprise 100% d&rsquo;ici!<\/p>\n<p>TS2603H<\/p>\n<\/div>\n<\/div>\n<\/div>\n<\/div>\n<\/div>\n<p>&nbsp;<\/p>","protected":false},"excerpt":{"rendered":"<p>Botte de travail G3O &#8211; A9067B-11 Botte de travail G3O &#8211; A9067B-11 de Acton est en cuir et nylon imperm\u00e9able offre un chaussant extra large (WW). De plus, sa semelle antid\u00e9rapante 4Grip double densit\u00e9 en caoutchouc naturel et avec noyau de PU en fait une botte tr\u00e8s performante. Caract\u00e9ristiques: Hauteur : 8&Prime;\u00a0\/\u00a020.4 cm Tige de [&hellip;]<\/p>","protected":false},"featured_media":15015,"comment_status":"open","ping_status":"closed","template":"","meta":[],"product_cat":[613,602],"product_tag":[357,251,252,242,253],"class_list":{"0":"post-30821","1":"product","2":"type-product","3":"status-publish","4":"has-post-thumbnail","6":"product_brand-acton","7":"product_cat-bottes-de-travail","8":"product_cat-hommes","9":"product_tag-acton-shoes","10":"product_tag-bottes-de-travail","11":"product_tag-electric-shock-resistant","12":"product_tag-homme","13":"product_tag-sole-protection","15":"first","16":"instock","17":"taxable","18":"shipping-taxable","19":"purchasable","20":"product-type-variable"},"yoast_head":"<!-- This site is optimized with the Yoast SEO plugin v25.3.1 - https:\/\/yoast.com\/wordpress\/plugins\/seo\/ -->\n<title>Botte de travail G3O - A9067B-11 - Le Magasin Industriel<\/title>\n<meta name=\"description\" content=\"Botte de travail G3O - A9067B-11 en cuir et nylon imperm\u00e9able offre un chaussant extra large, semelle antid\u00e9rapante 4Grip double densit\u00e9 en caoutchouc\" \/>\n<meta name=\"robots\" content=\"index, follow, max-snippet:-1, max-image-preview:large, max-video-preview:-1\" \/>\n<link rel=\"canonical\" href=\"https:\/\/autravail.ca\/en\/product\/botte-de-travail-g3o-a9067b-11\/\" \/>\n<meta property=\"og:locale\" content=\"en_US\" \/>\n<meta property=\"og:type\" content=\"article\" \/>\n<meta property=\"og:title\" content=\"Botte de travail G3O - A9067B-11 - Le Magasin Industriel\" \/>\n<meta property=\"og:description\" content=\"Botte de travail G3O - A9067B-11 en cuir et nylon imperm\u00e9able offre un chaussant extra large, semelle antid\u00e9rapante 4Grip double densit\u00e9 en caoutchouc\" \/>\n<meta property=\"og:url\" content=\"https:\/\/autravail.ca\/en\/product\/botte-de-travail-g3o-a9067b-11\/\" \/>\n<meta property=\"og:site_name\" content=\"Le Magasin Industriel\" \/>\n<meta property=\"article:publisher\" content=\"https:\/\/www.facebook.com\/lemagasinindustriel\/?locale=fr_FR\" \/>\n<meta property=\"article:modified_time\" content=\"2026-03-27T16:54:50+00:00\" \/>\n<meta property=\"og:image\" content=\"https:\/\/autravail.ca\/wp-content\/uploads\/2025\/05\/A9067B-11_A01_7ed3ecba-ed67-4ea4-973f-9d9f5dc3ce31.jpg\" \/>\n\t<meta property=\"og:image:width\" content=\"1000\" \/>\n\t<meta property=\"og:image:height\" content=\"1000\" \/>\n\t<meta property=\"og:image:type\" content=\"image\/jpeg\" \/>\n<meta name=\"twitter:card\" content=\"summary_large_image\" \/>\n<meta name=\"twitter:label1\" content=\"Est. reading time\" \/>\n\t<meta name=\"twitter:data1\" content=\"2 minutes\" \/>\n<script type=\"application\/ld+json\" class=\"yoast-schema-graph\">{\"@context\":\"https:\/\/schema.org\",\"@graph\":[{\"@type\":\"WebPage\",\"@id\":\"https:\/\/autravail.ca\/product\/botte-de-travail-g3o-a9067b-11\/\",\"url\":\"https:\/\/autravail.ca\/product\/botte-de-travail-g3o-a9067b-11\/\",\"name\":\"Botte de travail G3O - A9067B-11 - Le Magasin Industriel\",\"isPartOf\":{\"@id\":\"https:\/\/autravail.ca\/#website\"},\"primaryImageOfPage\":{\"@id\":\"https:\/\/autravail.ca\/product\/botte-de-travail-g3o-a9067b-11\/#primaryimage\"},\"image\":{\"@id\":\"https:\/\/autravail.ca\/product\/botte-de-travail-g3o-a9067b-11\/#primaryimage\"},\"thumbnailUrl\":\"https:\/\/autravail.ca\/wp-content\/uploads\/2025\/05\/A9067B-11_A01_7ed3ecba-ed67-4ea4-973f-9d9f5dc3ce31.jpg\",\"datePublished\":\"2025-05-08T06:42:57+00:00\",\"dateModified\":\"2026-03-27T16:54:50+00:00\",\"description\":\"Botte de travail G3O - A9067B-11 en cuir et nylon imperm\u00e9able offre un chaussant extra large, semelle antid\u00e9rapante 4Grip double densit\u00e9 en caoutchouc\",\"breadcrumb\":{\"@id\":\"https:\/\/autravail.ca\/product\/botte-de-travail-g3o-a9067b-11\/#breadcrumb\"},\"inLanguage\":\"en-CA\",\"potentialAction\":[{\"@type\":\"ReadAction\",\"target\":[\"https:\/\/autravail.ca\/product\/botte-de-travail-g3o-a9067b-11\/\"]}]},{\"@type\":\"ImageObject\",\"inLanguage\":\"en-CA\",\"@id\":\"https:\/\/autravail.ca\/product\/botte-de-travail-g3o-a9067b-11\/#primaryimage\",\"url\":\"https:\/\/autravail.ca\/wp-content\/uploads\/2025\/05\/A9067B-11_A01_7ed3ecba-ed67-4ea4-973f-9d9f5dc3ce31.jpg\",\"contentUrl\":\"https:\/\/autravail.ca\/wp-content\/uploads\/2025\/05\/A9067B-11_A01_7ed3ecba-ed67-4ea4-973f-9d9f5dc3ce31.jpg\",\"width\":1000,\"height\":1000,\"caption\":\"Botte de travail G3O - A9067B-11\"},{\"@type\":\"BreadcrumbList\",\"@id\":\"https:\/\/autravail.ca\/product\/botte-de-travail-g3o-a9067b-11\/#breadcrumb\",\"itemListElement\":[{\"@type\":\"ListItem\",\"position\":1,\"name\":\"Accueil\",\"item\":\"https:\/\/autravail.ca\/\"},{\"@type\":\"ListItem\",\"position\":2,\"name\":\"Magasin\",\"item\":\"https:\/\/autravail.ca\/en\/shop\/\"},{\"@type\":\"ListItem\",\"position\":3,\"name\":\"Botte de travail G3O &#8211; A9067B-11\"}]},{\"@type\":\"WebSite\",\"@id\":\"https:\/\/autravail.ca\/#website\",\"url\":\"https:\/\/autravail.ca\/\",\"name\":\"Le Magasin Industriel\",\"description\":\"50 ans de tradition de s\u00e9curit\u00e9 au travail\",\"publisher\":{\"@id\":\"https:\/\/autravail.ca\/#organization\"},\"potentialAction\":[{\"@type\":\"SearchAction\",\"target\":{\"@type\":\"EntryPoint\",\"urlTemplate\":\"https:\/\/autravail.ca\/?s={search_term_string}\"},\"query-input\":{\"@type\":\"PropertyValueSpecification\",\"valueRequired\":true,\"valueName\":\"search_term_string\"}}],\"inLanguage\":\"en-CA\"},{\"@type\":\"Organization\",\"@id\":\"https:\/\/autravail.ca\/#organization\",\"name\":\"Le Magasin Industriel\",\"url\":\"https:\/\/autravail.ca\/\",\"logo\":{\"@type\":\"ImageObject\",\"inLanguage\":\"en-CA\",\"@id\":\"https:\/\/autravail.ca\/#\/schema\/logo\/image\/\",\"url\":\"https:\/\/autravail.ca\/wp-content\/uploads\/2025\/05\/cropped-magasin_industriel_120x.avif\",\"contentUrl\":\"https:\/\/autravail.ca\/wp-content\/uploads\/2025\/05\/cropped-magasin_industriel_120x.avif\",\"width\":120,\"height\":24,\"caption\":\"Le Magasin Industriel\"},\"image\":{\"@id\":\"https:\/\/autravail.ca\/#\/schema\/logo\/image\/\"},\"sameAs\":[\"https:\/\/www.facebook.com\/lemagasinindustriel\/?locale=fr_FR\"]}]}<\/script>\n<!-- \/ Yoast SEO plugin. -->","yoast_head_json":{"title":"Botte de travail G3O - A9067B-11 - Le Magasin Industriel","description":"Botte de travail G3O - A9067B-11 en cuir et nylon imperm\u00e9able offre un chaussant extra large, semelle antid\u00e9rapante 4Grip double densit\u00e9 en caoutchouc","robots":{"index":"index","follow":"follow","max-snippet":"max-snippet:-1","max-image-preview":"max-image-preview:large","max-video-preview":"max-video-preview:-1"},"canonical":"https:\/\/autravail.ca\/en\/product\/botte-de-travail-g3o-a9067b-11\/","og_locale":"en_US","og_type":"article","og_title":"Botte de travail G3O - A9067B-11 - Le Magasin Industriel","og_description":"Botte de travail G3O - A9067B-11 en cuir et nylon imperm\u00e9able offre un chaussant extra large, semelle antid\u00e9rapante 4Grip double densit\u00e9 en caoutchouc","og_url":"https:\/\/autravail.ca\/en\/product\/botte-de-travail-g3o-a9067b-11\/","og_site_name":"Le Magasin Industriel","article_publisher":"https:\/\/www.facebook.com\/lemagasinindustriel\/?locale=fr_FR","article_modified_time":"2026-03-27T16:54:50+00:00","og_image":[{"width":1000,"height":1000,"url":"https:\/\/autravail.ca\/wp-content\/uploads\/2025\/05\/A9067B-11_A01_7ed3ecba-ed67-4ea4-973f-9d9f5dc3ce31.jpg","type":"image\/jpeg"}],"twitter_card":"summary_large_image","twitter_misc":{"Est. reading time":"2 minutes"},"schema":{"@context":"https:\/\/schema.org","@graph":[{"@type":"WebPage","@id":"https:\/\/autravail.ca\/product\/botte-de-travail-g3o-a9067b-11\/","url":"https:\/\/autravail.ca\/product\/botte-de-travail-g3o-a9067b-11\/","name":"Botte de travail G3O - A9067B-11 - Le Magasin Industriel","isPartOf":{"@id":"https:\/\/autravail.ca\/#website"},"primaryImageOfPage":{"@id":"https:\/\/autravail.ca\/product\/botte-de-travail-g3o-a9067b-11\/#primaryimage"},"image":{"@id":"https:\/\/autravail.ca\/product\/botte-de-travail-g3o-a9067b-11\/#primaryimage"},"thumbnailUrl":"https:\/\/autravail.ca\/wp-content\/uploads\/2025\/05\/A9067B-11_A01_7ed3ecba-ed67-4ea4-973f-9d9f5dc3ce31.jpg","datePublished":"2025-05-08T06:42:57+00:00","dateModified":"2026-03-27T16:54:50+00:00","description":"Botte de travail G3O - A9067B-11 en cuir et nylon imperm\u00e9able offre un chaussant extra large, semelle antid\u00e9rapante 4Grip double densit\u00e9 en caoutchouc","breadcrumb":{"@id":"https:\/\/autravail.ca\/product\/botte-de-travail-g3o-a9067b-11\/#breadcrumb"},"inLanguage":"en-CA","potentialAction":[{"@type":"ReadAction","target":["https:\/\/autravail.ca\/product\/botte-de-travail-g3o-a9067b-11\/"]}]},{"@type":"ImageObject","inLanguage":"en-CA","@id":"https:\/\/autravail.ca\/product\/botte-de-travail-g3o-a9067b-11\/#primaryimage","url":"https:\/\/autravail.ca\/wp-content\/uploads\/2025\/05\/A9067B-11_A01_7ed3ecba-ed67-4ea4-973f-9d9f5dc3ce31.jpg","contentUrl":"https:\/\/autravail.ca\/wp-content\/uploads\/2025\/05\/A9067B-11_A01_7ed3ecba-ed67-4ea4-973f-9d9f5dc3ce31.jpg","width":1000,"height":1000,"caption":"Botte de travail G3O - A9067B-11"},{"@type":"BreadcrumbList","@id":"https:\/\/autravail.ca\/product\/botte-de-travail-g3o-a9067b-11\/#breadcrumb","itemListElement":[{"@type":"ListItem","position":1,"name":"Accueil","item":"https:\/\/autravail.ca\/"},{"@type":"ListItem","position":2,"name":"Magasin","item":"https:\/\/autravail.ca\/en\/shop\/"},{"@type":"ListItem","position":3,"name":"Botte de travail G3O &#8211; A9067B-11"}]},{"@type":"WebSite","@id":"https:\/\/autravail.ca\/#website","url":"https:\/\/autravail.ca\/","name":"Le Magasin Industriel","description":"50 ans de tradition de s\u00e9curit\u00e9 au travail","publisher":{"@id":"https:\/\/autravail.ca\/#organization"},"potentialAction":[{"@type":"SearchAction","target":{"@type":"EntryPoint","urlTemplate":"https:\/\/autravail.ca\/?s={search_term_string}"},"query-input":{"@type":"PropertyValueSpecification","valueRequired":true,"valueName":"search_term_string"}}],"inLanguage":"en-CA"},{"@type":"Organization","@id":"https:\/\/autravail.ca\/#organization","name":"Le Magasin Industriel","url":"https:\/\/autravail.ca\/","logo":{"@type":"ImageObject","inLanguage":"en-CA","@id":"https:\/\/autravail.ca\/#\/schema\/logo\/image\/","url":"https:\/\/autravail.ca\/wp-content\/uploads\/2025\/05\/cropped-magasin_industriel_120x.avif","contentUrl":"https:\/\/autravail.ca\/wp-content\/uploads\/2025\/05\/cropped-magasin_industriel_120x.avif","width":120,"height":24,"caption":"Le Magasin Industriel"},"image":{"@id":"https:\/\/autravail.ca\/#\/schema\/logo\/image\/"},"sameAs":["https:\/\/www.facebook.com\/lemagasinindustriel\/?locale=fr_FR"]}]}},"jetpack_sharing_enabled":true,"_links":{"self":[{"href":"https:\/\/autravail.ca\/en\/wp-json\/wp\/v2\/product\/30821","targetHints":{"allow":["GET"]}}],"collection":[{"href":"https:\/\/autravail.ca\/en\/wp-json\/wp\/v2\/product"}],"about":[{"href":"https:\/\/autravail.ca\/en\/wp-json\/wp\/v2\/types\/product"}],"replies":[{"embeddable":true,"href":"https:\/\/autravail.ca\/en\/wp-json\/wp\/v2\/comments?post=30821"}],"wp:featuredmedia":[{"embeddable":true,"href":"https:\/\/autravail.ca\/en\/wp-json\/wp\/v2\/media\/15015"}],"wp:attachment":[{"href":"https:\/\/autravail.ca\/en\/wp-json\/wp\/v2\/media?parent=30821"}],"wp:term":[{"taxonomy":"product_cat","embeddable":true,"href":"https:\/\/autravail.ca\/en\/wp-json\/wp\/v2\/product_cat?post=30821"},{"taxonomy":"product_tag","embeddable":true,"href":"https:\/\/autravail.ca\/en\/wp-json\/wp\/v2\/product_tag?post=30821"}],"curies":[{"name":"wp","href":"https:\/\/api.w.org\/{rel}","templated":true}]}}