{"id":30793,"date":"2025-05-08T06:42:37","date_gmt":"2025-05-08T06:42:37","guid":{"rendered":"https:\/\/meteoquebec.ca\/?post_type=product&#038;p=30793"},"modified":"2026-03-27T12:47:31","modified_gmt":"2026-03-27T16:47:31","slug":"botte-de-travail-prolite-a9045-11","status":"publish","type":"product","link":"https:\/\/autravail.ca\/en\/product\/botte-de-travail-prolite-a9045-11\/","title":{"rendered":"Botte de travail Prolite &#8211; A9045-11"},"content":{"rendered":"<h3>Botte de travail Prolite &#8211; A9045-11<\/h3>\n<p>Botte de travail Prolite &#8211; A9045-11 de<a href=\"https:\/\/autravail.ca\/en\/product-brand\/acton\/\"> Acton<\/a> de 8&Prime; est approuv\u00e9e CSA ESR. En cuir imperm\u00e9able, elle offre une doublure respirante antimicrobienne, une semelle antid\u00e9rapante en PU l\u00e9ger r\u00e9sistante aux huiles, ainsi qu&rsquo;un embout et une semelle de protection en acier. Une botte de s\u00e9curit\u00e9 confortable, durable et \u00e0 bon prix!<\/p>\n<p><img decoding=\"async\" class=\"alignnone size-full wp-image-40117\" src=\"https:\/\/autravail.ca\/wp-content\/uploads\/2025\/09\/Certification-Omega-Triangle-vert.jpg\" alt=\"Certifications Om\u00e9ga Triangle vert\" width=\"193\" height=\"110\" srcset=\"https:\/\/autravail.ca\/wp-content\/uploads\/2025\/09\/Certification-Omega-Triangle-vert.jpg 193w, https:\/\/autravail.ca\/wp-content\/uploads\/2025\/09\/Certification-Omega-Triangle-vert-150x85.jpg 150w, https:\/\/autravail.ca\/wp-content\/uploads\/2025\/09\/Certification-Omega-Triangle-vert-18x10.jpg 18w\" sizes=\"(max-width: 193px) 100vw, 193px\" \/><\/p>\n<h6>Characteristics:<\/h6>\n<ul>\n<li>Hauteur : 8&Prime;\u00a0\/\u00a020.4 cm<\/li>\n<li>Tige de cuir pleine fleur 2 mm (A9045-11) ou nubuck (A9045-12) \u00e0 triple coutures.<\/li>\n<li>Breathable Mesh Fabric Lining with Antimicrobial Treatment.<\/li>\n<li>Embout d&rsquo;acier et une semelle antiperforation en acier, r\u00e9pondant aux normes <strong class=\"Yjhzub\" data-sfc-root=\"c\" data-sfc-cb=\"\" data-complete=\"true\">CSA Grade 1 et<\/strong>\u00a0certifi\u00e9e\u00a0<strong class=\"Yjhzub\" data-sfc-root=\"c\" data-sfc-cb=\"\" data-complete=\"true\">ESR<\/strong>\u00a0(protection contre les chocs \u00e9lectriques).<\/li>\n<li>Semelle int\u00e9rieure amovible moul\u00e9e faite de PU et mousse latex antifatigue au talon.<\/li>\n<li>Semelle ext\u00e9rieure en polyur\u00e9thane ultral\u00e9ger, elle est r\u00e9sistante aux huiles.<\/li>\n<li>Protective corner guard made of PU for increased protection.<\/li>\n<li>Steel Cambrion.<\/li>\n<li>Anticorrosion Metal Snaps<\/li>\n<li>90 degree heel<\/li>\n<li>Padded collar<\/li>\n<\/ul>\n<p>Attention: Sizes 15.0 and 16.0, delivery lead time of 14 business days.<\/p>\n<p>Elle est souvent r\u00e9pertori\u00e9e comme ayant une coupe large pour plus de confort durant de longues journ\u00e9es de travail.<\/p>\n<p><em><span style=\"color: #fa0b0b;\">Unisex U.S. men's sizes presented. To convert to U.S. women's size, add 2 sizes. Example: 5 U.S. men = 7 U.S. women<\/span><\/em><\/p>\n<p><img decoding=\"async\" class=\"alignnone wp-image-40620\" src=\"https:\/\/autravail.ca\/wp-content\/uploads\/2025\/09\/Jachete-quebec-et-canada.jpg\" alt=\"Logo de l'achat local\" width=\"162\" height=\"139\" \/>Merci d&rsquo;encourager une entreprise 100% d&rsquo;ici!<\/p>\n<p>TS2603H<\/p>","protected":false},"excerpt":{"rendered":"<p>Botte de travail Prolite &#8211; A9045-11 Botte de travail Prolite &#8211; A9045-11 de Acton de 8&Prime; est approuv\u00e9e CSA ESR. En cuir imperm\u00e9able, elle offre une doublure respirante antimicrobienne, une semelle antid\u00e9rapante en PU l\u00e9ger r\u00e9sistante aux huiles, ainsi qu&rsquo;un embout et une semelle de protection en acier. Une botte de s\u00e9curit\u00e9 confortable, durable et [&hellip;]<\/p>","protected":false},"featured_media":46047,"comment_status":"open","ping_status":"closed","template":"","meta":[],"product_cat":[613,602],"product_tag":[251,252,242,253],"class_list":{"0":"post-30793","1":"product","2":"type-product","3":"status-publish","4":"has-post-thumbnail","6":"product_brand-acton","7":"product_cat-bottes-de-travail","8":"product_cat-hommes","9":"product_tag-bottes-de-travail","10":"product_tag-electric-shock-resistant","11":"product_tag-homme","12":"product_tag-sole-protection","14":"first","15":"instock","16":"taxable","17":"shipping-taxable","18":"purchasable","19":"product-type-variable"},"yoast_head":"<!-- This site is optimized with the Yoast SEO plugin v25.3.1 - https:\/\/yoast.com\/wordpress\/plugins\/seo\/ -->\n<title>Botte de travail Prolite - A9045-11 - Le Magasin Industriel<\/title>\n<meta name=\"description\" content=\"Botte de travail Prolite - A9045-11 cuir imperm\u00e9able, elle offre une doublure respirante antimicrobienne, embout et une semelle de protection en acier\" \/>\n<meta name=\"robots\" content=\"index, follow, max-snippet:-1, max-image-preview:large, max-video-preview:-1\" \/>\n<link rel=\"canonical\" href=\"https:\/\/autravail.ca\/en\/product\/botte-de-travail-prolite-a9045-11\/\" \/>\n<meta property=\"og:locale\" content=\"en_US\" \/>\n<meta property=\"og:type\" content=\"article\" \/>\n<meta property=\"og:title\" content=\"Botte de travail Prolite - A9045-11 - Le Magasin Industriel\" \/>\n<meta property=\"og:description\" content=\"Botte de travail Prolite - A9045-11 cuir imperm\u00e9able, elle offre une doublure respirante antimicrobienne, embout et une semelle de protection en acier\" \/>\n<meta property=\"og:url\" content=\"https:\/\/autravail.ca\/en\/product\/botte-de-travail-prolite-a9045-11\/\" \/>\n<meta property=\"og:site_name\" content=\"Le Magasin Industriel\" \/>\n<meta property=\"article:publisher\" content=\"https:\/\/www.facebook.com\/lemagasinindustriel\/?locale=fr_FR\" \/>\n<meta property=\"article:modified_time\" content=\"2026-03-27T16:47:31+00:00\" \/>\n<meta property=\"og:image\" content=\"https:\/\/autravail.ca\/wp-content\/uploads\/2025\/05\/A9045-11_A01-1.jpg\" \/>\n\t<meta property=\"og:image:width\" content=\"1000\" \/>\n\t<meta property=\"og:image:height\" content=\"1000\" \/>\n\t<meta property=\"og:image:type\" content=\"image\/jpeg\" \/>\n<meta name=\"twitter:card\" content=\"summary_large_image\" \/>\n<meta name=\"twitter:label1\" content=\"Est. reading time\" \/>\n\t<meta name=\"twitter:data1\" content=\"2 minutes\" \/>\n<script type=\"application\/ld+json\" class=\"yoast-schema-graph\">{\"@context\":\"https:\/\/schema.org\",\"@graph\":[{\"@type\":\"WebPage\",\"@id\":\"https:\/\/autravail.ca\/product\/botte-de-travail-prolite-a9045-11\/\",\"url\":\"https:\/\/autravail.ca\/product\/botte-de-travail-prolite-a9045-11\/\",\"name\":\"Botte de travail Prolite - A9045-11 - Le Magasin Industriel\",\"isPartOf\":{\"@id\":\"https:\/\/autravail.ca\/#website\"},\"primaryImageOfPage\":{\"@id\":\"https:\/\/autravail.ca\/product\/botte-de-travail-prolite-a9045-11\/#primaryimage\"},\"image\":{\"@id\":\"https:\/\/autravail.ca\/product\/botte-de-travail-prolite-a9045-11\/#primaryimage\"},\"thumbnailUrl\":\"https:\/\/autravail.ca\/wp-content\/uploads\/2025\/05\/A9045-11_A01-1.jpg\",\"datePublished\":\"2025-05-08T06:42:37+00:00\",\"dateModified\":\"2026-03-27T16:47:31+00:00\",\"description\":\"Botte de travail Prolite - A9045-11 cuir imperm\u00e9able, elle offre une doublure respirante antimicrobienne, embout et une semelle de protection en acier\",\"breadcrumb\":{\"@id\":\"https:\/\/autravail.ca\/product\/botte-de-travail-prolite-a9045-11\/#breadcrumb\"},\"inLanguage\":\"en-CA\",\"potentialAction\":[{\"@type\":\"ReadAction\",\"target\":[\"https:\/\/autravail.ca\/product\/botte-de-travail-prolite-a9045-11\/\"]}]},{\"@type\":\"ImageObject\",\"inLanguage\":\"en-CA\",\"@id\":\"https:\/\/autravail.ca\/product\/botte-de-travail-prolite-a9045-11\/#primaryimage\",\"url\":\"https:\/\/autravail.ca\/wp-content\/uploads\/2025\/05\/A9045-11_A01-1.jpg\",\"contentUrl\":\"https:\/\/autravail.ca\/wp-content\/uploads\/2025\/05\/A9045-11_A01-1.jpg\",\"width\":1000,\"height\":1000,\"caption\":\"Botte de travail Prolite - A9045-11\"},{\"@type\":\"BreadcrumbList\",\"@id\":\"https:\/\/autravail.ca\/product\/botte-de-travail-prolite-a9045-11\/#breadcrumb\",\"itemListElement\":[{\"@type\":\"ListItem\",\"position\":1,\"name\":\"Accueil\",\"item\":\"https:\/\/autravail.ca\/\"},{\"@type\":\"ListItem\",\"position\":2,\"name\":\"Magasin\",\"item\":\"https:\/\/autravail.ca\/en\/shop\/\"},{\"@type\":\"ListItem\",\"position\":3,\"name\":\"Botte de travail Prolite &#8211; A9045-11\"}]},{\"@type\":\"WebSite\",\"@id\":\"https:\/\/autravail.ca\/#website\",\"url\":\"https:\/\/autravail.ca\/\",\"name\":\"Le Magasin Industriel\",\"description\":\"50 ans de tradition de s\u00e9curit\u00e9 au travail\",\"publisher\":{\"@id\":\"https:\/\/autravail.ca\/#organization\"},\"potentialAction\":[{\"@type\":\"SearchAction\",\"target\":{\"@type\":\"EntryPoint\",\"urlTemplate\":\"https:\/\/autravail.ca\/?s={search_term_string}\"},\"query-input\":{\"@type\":\"PropertyValueSpecification\",\"valueRequired\":true,\"valueName\":\"search_term_string\"}}],\"inLanguage\":\"en-CA\"},{\"@type\":\"Organization\",\"@id\":\"https:\/\/autravail.ca\/#organization\",\"name\":\"Le Magasin Industriel\",\"url\":\"https:\/\/autravail.ca\/\",\"logo\":{\"@type\":\"ImageObject\",\"inLanguage\":\"en-CA\",\"@id\":\"https:\/\/autravail.ca\/#\/schema\/logo\/image\/\",\"url\":\"https:\/\/autravail.ca\/wp-content\/uploads\/2025\/05\/cropped-magasin_industriel_120x.avif\",\"contentUrl\":\"https:\/\/autravail.ca\/wp-content\/uploads\/2025\/05\/cropped-magasin_industriel_120x.avif\",\"width\":120,\"height\":24,\"caption\":\"Le Magasin Industriel\"},\"image\":{\"@id\":\"https:\/\/autravail.ca\/#\/schema\/logo\/image\/\"},\"sameAs\":[\"https:\/\/www.facebook.com\/lemagasinindustriel\/?locale=fr_FR\"]}]}<\/script>\n<!-- \/ Yoast SEO plugin. -->","yoast_head_json":{"title":"Botte de travail Prolite - A9045-11 - Le Magasin Industriel","description":"Botte de travail Prolite - A9045-11 cuir imperm\u00e9able, elle offre une doublure respirante antimicrobienne, embout et une semelle de protection en acier","robots":{"index":"index","follow":"follow","max-snippet":"max-snippet:-1","max-image-preview":"max-image-preview:large","max-video-preview":"max-video-preview:-1"},"canonical":"https:\/\/autravail.ca\/en\/product\/botte-de-travail-prolite-a9045-11\/","og_locale":"en_US","og_type":"article","og_title":"Botte de travail Prolite - A9045-11 - Le Magasin Industriel","og_description":"Botte de travail Prolite - A9045-11 cuir imperm\u00e9able, elle offre une doublure respirante antimicrobienne, embout et une semelle de protection en acier","og_url":"https:\/\/autravail.ca\/en\/product\/botte-de-travail-prolite-a9045-11\/","og_site_name":"Le Magasin Industriel","article_publisher":"https:\/\/www.facebook.com\/lemagasinindustriel\/?locale=fr_FR","article_modified_time":"2026-03-27T16:47:31+00:00","og_image":[{"width":1000,"height":1000,"url":"https:\/\/autravail.ca\/wp-content\/uploads\/2025\/05\/A9045-11_A01-1.jpg","type":"image\/jpeg"}],"twitter_card":"summary_large_image","twitter_misc":{"Est. reading time":"2 minutes"},"schema":{"@context":"https:\/\/schema.org","@graph":[{"@type":"WebPage","@id":"https:\/\/autravail.ca\/product\/botte-de-travail-prolite-a9045-11\/","url":"https:\/\/autravail.ca\/product\/botte-de-travail-prolite-a9045-11\/","name":"Botte de travail Prolite - A9045-11 - Le Magasin Industriel","isPartOf":{"@id":"https:\/\/autravail.ca\/#website"},"primaryImageOfPage":{"@id":"https:\/\/autravail.ca\/product\/botte-de-travail-prolite-a9045-11\/#primaryimage"},"image":{"@id":"https:\/\/autravail.ca\/product\/botte-de-travail-prolite-a9045-11\/#primaryimage"},"thumbnailUrl":"https:\/\/autravail.ca\/wp-content\/uploads\/2025\/05\/A9045-11_A01-1.jpg","datePublished":"2025-05-08T06:42:37+00:00","dateModified":"2026-03-27T16:47:31+00:00","description":"Botte de travail Prolite - A9045-11 cuir imperm\u00e9able, elle offre une doublure respirante antimicrobienne, embout et une semelle de protection en acier","breadcrumb":{"@id":"https:\/\/autravail.ca\/product\/botte-de-travail-prolite-a9045-11\/#breadcrumb"},"inLanguage":"en-CA","potentialAction":[{"@type":"ReadAction","target":["https:\/\/autravail.ca\/product\/botte-de-travail-prolite-a9045-11\/"]}]},{"@type":"ImageObject","inLanguage":"en-CA","@id":"https:\/\/autravail.ca\/product\/botte-de-travail-prolite-a9045-11\/#primaryimage","url":"https:\/\/autravail.ca\/wp-content\/uploads\/2025\/05\/A9045-11_A01-1.jpg","contentUrl":"https:\/\/autravail.ca\/wp-content\/uploads\/2025\/05\/A9045-11_A01-1.jpg","width":1000,"height":1000,"caption":"Botte de travail Prolite - A9045-11"},{"@type":"BreadcrumbList","@id":"https:\/\/autravail.ca\/product\/botte-de-travail-prolite-a9045-11\/#breadcrumb","itemListElement":[{"@type":"ListItem","position":1,"name":"Accueil","item":"https:\/\/autravail.ca\/"},{"@type":"ListItem","position":2,"name":"Magasin","item":"https:\/\/autravail.ca\/en\/shop\/"},{"@type":"ListItem","position":3,"name":"Botte de travail Prolite &#8211; A9045-11"}]},{"@type":"WebSite","@id":"https:\/\/autravail.ca\/#website","url":"https:\/\/autravail.ca\/","name":"Le Magasin Industriel","description":"50 ans de tradition de s\u00e9curit\u00e9 au travail","publisher":{"@id":"https:\/\/autravail.ca\/#organization"},"potentialAction":[{"@type":"SearchAction","target":{"@type":"EntryPoint","urlTemplate":"https:\/\/autravail.ca\/?s={search_term_string}"},"query-input":{"@type":"PropertyValueSpecification","valueRequired":true,"valueName":"search_term_string"}}],"inLanguage":"en-CA"},{"@type":"Organization","@id":"https:\/\/autravail.ca\/#organization","name":"Le Magasin Industriel","url":"https:\/\/autravail.ca\/","logo":{"@type":"ImageObject","inLanguage":"en-CA","@id":"https:\/\/autravail.ca\/#\/schema\/logo\/image\/","url":"https:\/\/autravail.ca\/wp-content\/uploads\/2025\/05\/cropped-magasin_industriel_120x.avif","contentUrl":"https:\/\/autravail.ca\/wp-content\/uploads\/2025\/05\/cropped-magasin_industriel_120x.avif","width":120,"height":24,"caption":"Le Magasin Industriel"},"image":{"@id":"https:\/\/autravail.ca\/#\/schema\/logo\/image\/"},"sameAs":["https:\/\/www.facebook.com\/lemagasinindustriel\/?locale=fr_FR"]}]}},"jetpack_sharing_enabled":true,"_links":{"self":[{"href":"https:\/\/autravail.ca\/en\/wp-json\/wp\/v2\/product\/30793","targetHints":{"allow":["GET"]}}],"collection":[{"href":"https:\/\/autravail.ca\/en\/wp-json\/wp\/v2\/product"}],"about":[{"href":"https:\/\/autravail.ca\/en\/wp-json\/wp\/v2\/types\/product"}],"replies":[{"embeddable":true,"href":"https:\/\/autravail.ca\/en\/wp-json\/wp\/v2\/comments?post=30793"}],"wp:featuredmedia":[{"embeddable":true,"href":"https:\/\/autravail.ca\/en\/wp-json\/wp\/v2\/media\/46047"}],"wp:attachment":[{"href":"https:\/\/autravail.ca\/en\/wp-json\/wp\/v2\/media?parent=30793"}],"wp:term":[{"taxonomy":"product_cat","embeddable":true,"href":"https:\/\/autravail.ca\/en\/wp-json\/wp\/v2\/product_cat?post=30793"},{"taxonomy":"product_tag","embeddable":true,"href":"https:\/\/autravail.ca\/en\/wp-json\/wp\/v2\/product_tag?post=30793"}],"curies":[{"name":"wp","href":"https:\/\/api.w.org\/{rel}","templated":true}]}}