{"id":30763,"date":"2025-05-08T06:42:18","date_gmt":"2025-05-08T06:42:18","guid":{"rendered":"https:\/\/meteoquebec.ca\/?post_type=product&#038;p=30763"},"modified":"2025-12-05T05:10:57","modified_gmt":"2025-12-05T09:10:57","slug":"a8368j10-botte-dhiver-junior-gummy","status":"publish","type":"product","link":"https:\/\/autravail.ca\/en\/product\/a8368j10-botte-dhiver-junior-gummy\/","title":{"rendered":"A8368J10 - JUNIOR WINTER BOOTIE (GUMMI)"},"content":{"rendered":"<div id=\"tab-1\" class=\"r-tabs-panel r-tabs-state-active\" style=\"display: block; min-height: 284.733px;\">\n<div class=\"rte\">\n<h3 data-mce-fragment=\"1\"><span style=\"color: #262626; font-family: Helvetica;\" data-mce-fragment=\"1\">Winter Boots - ACTON - GUMMY CHILD MODEL<br \/>\n<\/span><\/h3>\n<div id=\"tab-1\" class=\"r-tabs-panel r-tabs-state-active\" style=\"display: block; min-height: 284.733px;\">\n<div class=\"rte\">\n<div id=\"tab-1\" class=\"r-tabs-panel r-tabs-state-active\" style=\"display: block; min-height: 261px;\">\n<div class=\"rte\">\n<ul>\n<li>Synthetic leather that is waterproof and nylon that is hydrophobic (resistant to water) and anti-tears.<\/li>\n<li>Sewn seams sealed with the H2O Seal process.<\/li>\n<li>Self-adhesive bands or laced boots with a buckle closure<\/li>\n<li>Thoughtful insertions high visibility<\/li>\n<li>Additional lace provided (A8368 and A8379)<\/li>\n<li>Insulating boots with triple density, removable (sizes 13 to 8)<\/li>\n<li>Removable insulating and water-retaining felt sole<\/li>\n<li>Lightweight EVA base, waterproof, flexible, and insulating.<\/li>\n<li>Adherent and stable synthetic rubber sole<\/li>\n<li>Replacement brushes: A4513 B7<\/li>\n<\/ul>\n<p><strong><span style=\"color: #ff2a00;\">Comfort Zone: -45 C or -50 F<\/span><\/strong><\/p>\n<\/div>\n<\/div>\n<\/div>\n<\/div>\n<\/div>\n<\/div>","protected":false},"excerpt":{"rendered":"<p>Winter Boots - ACTON - GUMMY CHILD Model Synthetic Leather and Hydrophobic Nylon Sole with Anti-Tear. Sealed stitches with the H2O Seal process. Self-gripping straps or laced shoe with buckle closure. Reflective inserts for high visibility. Additional lace provided (A8368 and A8379). Insulating sole with triple density removable cushioning and stabilizer arch (sizes 13 to [...])<\/p>","protected":false},"featured_media":14947,"comment_status":"open","ping_status":"closed","template":"","meta":[],"product_cat":[670],"product_tag":[307,356],"class_list":{"0":"post-30763","1":"product","2":"type-product","3":"status-publish","4":"has-post-thumbnail","6":"product_brand-acton-plein-air","7":"product_cat-bottes-dhiver","8":"product_tag-bottes-dhiver","9":"product_tag-enfant","11":"first","12":"instock","13":"taxable","14":"shipping-taxable","15":"purchasable","16":"product-type-variable"},"yoast_head":"<!-- This site is optimized with the Yoast SEO plugin v25.3.1 - https:\/\/yoast.com\/wordpress\/plugins\/seo\/ -->\n<title>A8368J10 - BOTTE D&#039;HIVER JUNIOR GUMMY - Le Magasin Industriel<\/title>\n<meta name=\"robots\" content=\"index, follow, max-snippet:-1, max-image-preview:large, max-video-preview:-1\" \/>\n<link rel=\"canonical\" href=\"https:\/\/autravail.ca\/en\/product\/a8368j10-botte-dhiver-junior-gummy\/\" \/>\n<meta property=\"og:locale\" content=\"en_US\" \/>\n<meta property=\"og:type\" content=\"article\" \/>\n<meta property=\"og:title\" content=\"A8368J10 - BOTTE D&#039;HIVER JUNIOR GUMMY - Le Magasin Industriel\" \/>\n<meta property=\"og:description\" content=\"Bottes d&rsquo;hiver &#8211; ACTON &#8211; MOD\u00c8LE GUMMY ENFANT Cuir synth\u00e9tique imperm\u00e9able et nylon hydrofuge antid\u00e9chirures. Coutures scell\u00e9es \u00e0 l\u2019empeigne avec le proc\u00e9d\u00e9 H2O Seal. Bandes autoagrippantes ou botte lac\u00e9e avec fermeture \u00e0 barillet. Insertions r\u00e9fl\u00e9chissantes haute visibilit\u00e9. Lacet suppl\u00e9mentaire fourni (A8368 et A8379). Chausson isolant \u00e0 triple densit\u00e9 amovible avec arc stabilisateur (pointures 13 \u00e0 [&hellip;]\" \/>\n<meta property=\"og:url\" content=\"https:\/\/autravail.ca\/en\/product\/a8368j10-botte-dhiver-junior-gummy\/\" \/>\n<meta property=\"og:site_name\" content=\"Le Magasin Industriel\" \/>\n<meta property=\"article:publisher\" content=\"https:\/\/www.facebook.com\/lemagasinindustriel\/?locale=fr_FR\" \/>\n<meta property=\"article:modified_time\" content=\"2025-12-05T09:10:57+00:00\" \/>\n<meta property=\"og:image\" content=\"https:\/\/autravail.ca\/wp-content\/uploads\/2025\/05\/A8368J10_A01.jpg\" \/>\n\t<meta property=\"og:image:width\" content=\"800\" \/>\n\t<meta property=\"og:image:height\" content=\"720\" \/>\n\t<meta property=\"og:image:type\" content=\"image\/jpeg\" \/>\n<meta name=\"twitter:card\" content=\"summary_large_image\" \/>\n<meta name=\"twitter:label1\" content=\"Est. reading time\" \/>\n\t<meta name=\"twitter:data1\" content=\"1 minute\" \/>\n<script type=\"application\/ld+json\" class=\"yoast-schema-graph\">{\"@context\":\"https:\/\/schema.org\",\"@graph\":[{\"@type\":\"WebPage\",\"@id\":\"https:\/\/autravail.ca\/product\/a8368j10-botte-dhiver-junior-gummy\/\",\"url\":\"https:\/\/autravail.ca\/product\/a8368j10-botte-dhiver-junior-gummy\/\",\"name\":\"A8368J10 - BOTTE D'HIVER JUNIOR GUMMY - Le Magasin Industriel\",\"isPartOf\":{\"@id\":\"https:\/\/autravail.ca\/#website\"},\"primaryImageOfPage\":{\"@id\":\"https:\/\/autravail.ca\/product\/a8368j10-botte-dhiver-junior-gummy\/#primaryimage\"},\"image\":{\"@id\":\"https:\/\/autravail.ca\/product\/a8368j10-botte-dhiver-junior-gummy\/#primaryimage\"},\"thumbnailUrl\":\"https:\/\/autravail.ca\/wp-content\/uploads\/2025\/05\/A8368J10_A01.jpg\",\"datePublished\":\"2025-05-08T06:42:18+00:00\",\"dateModified\":\"2025-12-05T09:10:57+00:00\",\"breadcrumb\":{\"@id\":\"https:\/\/autravail.ca\/product\/a8368j10-botte-dhiver-junior-gummy\/#breadcrumb\"},\"inLanguage\":\"en-CA\",\"potentialAction\":[{\"@type\":\"ReadAction\",\"target\":[\"https:\/\/autravail.ca\/product\/a8368j10-botte-dhiver-junior-gummy\/\"]}]},{\"@type\":\"ImageObject\",\"inLanguage\":\"en-CA\",\"@id\":\"https:\/\/autravail.ca\/product\/a8368j10-botte-dhiver-junior-gummy\/#primaryimage\",\"url\":\"https:\/\/autravail.ca\/wp-content\/uploads\/2025\/05\/A8368J10_A01.jpg\",\"contentUrl\":\"https:\/\/autravail.ca\/wp-content\/uploads\/2025\/05\/A8368J10_A01.jpg\",\"width\":800,\"height\":720},{\"@type\":\"BreadcrumbList\",\"@id\":\"https:\/\/autravail.ca\/product\/a8368j10-botte-dhiver-junior-gummy\/#breadcrumb\",\"itemListElement\":[{\"@type\":\"ListItem\",\"position\":1,\"name\":\"Accueil\",\"item\":\"https:\/\/autravail.ca\/\"},{\"@type\":\"ListItem\",\"position\":2,\"name\":\"Magasin\",\"item\":\"https:\/\/autravail.ca\/en\/shop\/\"},{\"@type\":\"ListItem\",\"position\":3,\"name\":\"A8368J10 &#8211; BOTTE D&rsquo;HIVER JUNIOR GUMMY\"}]},{\"@type\":\"WebSite\",\"@id\":\"https:\/\/autravail.ca\/#website\",\"url\":\"https:\/\/autravail.ca\/\",\"name\":\"Le Magasin Industriel\",\"description\":\"50 ans de tradition de s\u00e9curit\u00e9 au travail\",\"publisher\":{\"@id\":\"https:\/\/autravail.ca\/#organization\"},\"potentialAction\":[{\"@type\":\"SearchAction\",\"target\":{\"@type\":\"EntryPoint\",\"urlTemplate\":\"https:\/\/autravail.ca\/?s={search_term_string}\"},\"query-input\":{\"@type\":\"PropertyValueSpecification\",\"valueRequired\":true,\"valueName\":\"search_term_string\"}}],\"inLanguage\":\"en-CA\"},{\"@type\":\"Organization\",\"@id\":\"https:\/\/autravail.ca\/#organization\",\"name\":\"Le Magasin Industriel\",\"url\":\"https:\/\/autravail.ca\/\",\"logo\":{\"@type\":\"ImageObject\",\"inLanguage\":\"en-CA\",\"@id\":\"https:\/\/autravail.ca\/#\/schema\/logo\/image\/\",\"url\":\"https:\/\/autravail.ca\/wp-content\/uploads\/2025\/05\/cropped-magasin_industriel_120x.avif\",\"contentUrl\":\"https:\/\/autravail.ca\/wp-content\/uploads\/2025\/05\/cropped-magasin_industriel_120x.avif\",\"width\":120,\"height\":24,\"caption\":\"Le Magasin Industriel\"},\"image\":{\"@id\":\"https:\/\/autravail.ca\/#\/schema\/logo\/image\/\"},\"sameAs\":[\"https:\/\/www.facebook.com\/lemagasinindustriel\/?locale=fr_FR\"]}]}<\/script>\n<!-- \/ Yoast SEO plugin. -->","yoast_head_json":{"title":"A8368J10 - BOTTE D'HIVER JUNIOR GUMMY - Le Magasin Industriel","robots":{"index":"index","follow":"follow","max-snippet":"max-snippet:-1","max-image-preview":"max-image-preview:large","max-video-preview":"max-video-preview:-1"},"canonical":"https:\/\/autravail.ca\/en\/product\/a8368j10-botte-dhiver-junior-gummy\/","og_locale":"en_US","og_type":"article","og_title":"A8368J10 - BOTTE D'HIVER JUNIOR GUMMY - Le Magasin Industriel","og_description":"Bottes d&rsquo;hiver &#8211; ACTON &#8211; MOD\u00c8LE GUMMY ENFANT Cuir synth\u00e9tique imperm\u00e9able et nylon hydrofuge antid\u00e9chirures. Coutures scell\u00e9es \u00e0 l\u2019empeigne avec le proc\u00e9d\u00e9 H2O Seal. Bandes autoagrippantes ou botte lac\u00e9e avec fermeture \u00e0 barillet. Insertions r\u00e9fl\u00e9chissantes haute visibilit\u00e9. Lacet suppl\u00e9mentaire fourni (A8368 et A8379). Chausson isolant \u00e0 triple densit\u00e9 amovible avec arc stabilisateur (pointures 13 \u00e0 [&hellip;]","og_url":"https:\/\/autravail.ca\/en\/product\/a8368j10-botte-dhiver-junior-gummy\/","og_site_name":"Le Magasin Industriel","article_publisher":"https:\/\/www.facebook.com\/lemagasinindustriel\/?locale=fr_FR","article_modified_time":"2025-12-05T09:10:57+00:00","og_image":[{"width":800,"height":720,"url":"https:\/\/autravail.ca\/wp-content\/uploads\/2025\/05\/A8368J10_A01.jpg","type":"image\/jpeg"}],"twitter_card":"summary_large_image","twitter_misc":{"Est. reading time":"1 minute"},"schema":{"@context":"https:\/\/schema.org","@graph":[{"@type":"WebPage","@id":"https:\/\/autravail.ca\/product\/a8368j10-botte-dhiver-junior-gummy\/","url":"https:\/\/autravail.ca\/product\/a8368j10-botte-dhiver-junior-gummy\/","name":"A8368J10 - BOTTE D'HIVER JUNIOR GUMMY - Le Magasin Industriel","isPartOf":{"@id":"https:\/\/autravail.ca\/#website"},"primaryImageOfPage":{"@id":"https:\/\/autravail.ca\/product\/a8368j10-botte-dhiver-junior-gummy\/#primaryimage"},"image":{"@id":"https:\/\/autravail.ca\/product\/a8368j10-botte-dhiver-junior-gummy\/#primaryimage"},"thumbnailUrl":"https:\/\/autravail.ca\/wp-content\/uploads\/2025\/05\/A8368J10_A01.jpg","datePublished":"2025-05-08T06:42:18+00:00","dateModified":"2025-12-05T09:10:57+00:00","breadcrumb":{"@id":"https:\/\/autravail.ca\/product\/a8368j10-botte-dhiver-junior-gummy\/#breadcrumb"},"inLanguage":"en-CA","potentialAction":[{"@type":"ReadAction","target":["https:\/\/autravail.ca\/product\/a8368j10-botte-dhiver-junior-gummy\/"]}]},{"@type":"ImageObject","inLanguage":"en-CA","@id":"https:\/\/autravail.ca\/product\/a8368j10-botte-dhiver-junior-gummy\/#primaryimage","url":"https:\/\/autravail.ca\/wp-content\/uploads\/2025\/05\/A8368J10_A01.jpg","contentUrl":"https:\/\/autravail.ca\/wp-content\/uploads\/2025\/05\/A8368J10_A01.jpg","width":800,"height":720},{"@type":"BreadcrumbList","@id":"https:\/\/autravail.ca\/product\/a8368j10-botte-dhiver-junior-gummy\/#breadcrumb","itemListElement":[{"@type":"ListItem","position":1,"name":"Accueil","item":"https:\/\/autravail.ca\/"},{"@type":"ListItem","position":2,"name":"Magasin","item":"https:\/\/autravail.ca\/en\/shop\/"},{"@type":"ListItem","position":3,"name":"A8368J10 &#8211; BOTTE D&rsquo;HIVER JUNIOR GUMMY"}]},{"@type":"WebSite","@id":"https:\/\/autravail.ca\/#website","url":"https:\/\/autravail.ca\/","name":"Le Magasin Industriel","description":"50 ans de tradition de s\u00e9curit\u00e9 au travail","publisher":{"@id":"https:\/\/autravail.ca\/#organization"},"potentialAction":[{"@type":"SearchAction","target":{"@type":"EntryPoint","urlTemplate":"https:\/\/autravail.ca\/?s={search_term_string}"},"query-input":{"@type":"PropertyValueSpecification","valueRequired":true,"valueName":"search_term_string"}}],"inLanguage":"en-CA"},{"@type":"Organization","@id":"https:\/\/autravail.ca\/#organization","name":"Le Magasin Industriel","url":"https:\/\/autravail.ca\/","logo":{"@type":"ImageObject","inLanguage":"en-CA","@id":"https:\/\/autravail.ca\/#\/schema\/logo\/image\/","url":"https:\/\/autravail.ca\/wp-content\/uploads\/2025\/05\/cropped-magasin_industriel_120x.avif","contentUrl":"https:\/\/autravail.ca\/wp-content\/uploads\/2025\/05\/cropped-magasin_industriel_120x.avif","width":120,"height":24,"caption":"Le Magasin Industriel"},"image":{"@id":"https:\/\/autravail.ca\/#\/schema\/logo\/image\/"},"sameAs":["https:\/\/www.facebook.com\/lemagasinindustriel\/?locale=fr_FR"]}]}},"jetpack_sharing_enabled":true,"_links":{"self":[{"href":"https:\/\/autravail.ca\/en\/wp-json\/wp\/v2\/product\/30763","targetHints":{"allow":["GET"]}}],"collection":[{"href":"https:\/\/autravail.ca\/en\/wp-json\/wp\/v2\/product"}],"about":[{"href":"https:\/\/autravail.ca\/en\/wp-json\/wp\/v2\/types\/product"}],"replies":[{"embeddable":true,"href":"https:\/\/autravail.ca\/en\/wp-json\/wp\/v2\/comments?post=30763"}],"wp:featuredmedia":[{"embeddable":true,"href":"https:\/\/autravail.ca\/en\/wp-json\/wp\/v2\/media\/14947"}],"wp:attachment":[{"href":"https:\/\/autravail.ca\/en\/wp-json\/wp\/v2\/media?parent=30763"}],"wp:term":[{"taxonomy":"product_cat","embeddable":true,"href":"https:\/\/autravail.ca\/en\/wp-json\/wp\/v2\/product_cat?post=30763"},{"taxonomy":"product_tag","embeddable":true,"href":"https:\/\/autravail.ca\/en\/wp-json\/wp\/v2\/product_tag?post=30763"}],"curies":[{"name":"wp","href":"https:\/\/api.w.org\/{rel}","templated":true}]}}