{"id":30701,"date":"2025-05-08T06:41:54","date_gmt":"2025-05-08T06:41:54","guid":{"rendered":"https:\/\/meteoquebec.ca\/?post_type=product&#038;p=30701"},"modified":"2025-12-05T05:10:57","modified_gmt":"2025-12-05T09:10:57","slug":"espadrille-de-travail-femme-intercept-a632u","status":"publish","type":"product","link":"https:\/\/autravail.ca\/en\/product\/espadrille-de-travail-femme-intercept-a632u\/","title":{"rendered":"Espadrille de travail Femme Intercept &#8211; A632U"},"content":{"rendered":"<h3>Espadrille de travail Femme Intercept &#8211; A632U<\/h3>\n<p>L&rsquo;Espadrille de travail Femme Intercept &#8211; A632U de <a href=\"https:\/\/autravail.ca\/en\/product-brand\/timberland-pro\/\">Timberland PRO<\/a> offre une protection robuste, un confort durable et une grande flexibilit\u00e9 pour les environnements exigeants. Con\u00e7ue pour les professionnels actifs, l\u2019espadrille A5ZX3 Intercept de Timberland PRO combine s\u00e9curit\u00e9 et performance. Elle est dot\u00e9e d\u2019un <em>embout en acier certifi\u00e9 CSA<\/em>, d\u2019une <em>plaque antiperforation<\/em> et d\u2019une <em>protection contre les chocs \u00e9lectriques (ESR)<\/em>. Sa <em>semelle ext\u00e9rieure en EVA<\/em> moul\u00e9e par injection absorbe les chocs, tandis que les <em>rainures de flexion Timberland PRO\u00ae FLEX<\/em> favorisent les mouvements naturels du pied. La <em>tige en mesh RIPSTOP<\/em> est respirante et renforc\u00e9e contre l\u2019abrasion, avec une <em>doublure antimicrobienne<\/em> qui \u00e9vacue l\u2019humidit\u00e9 et contr\u00f4le les odeurs. Le <em>syst\u00e8me de confort 24\/7<\/em> soutient la vo\u00fbte plantaire et r\u00e9duit la fatigue, id\u00e9al pour les longues journ\u00e9es sur le terrain. Antid\u00e9rapante, l\u00e9g\u00e8re et durable, cette espadrille est un choix fiable pour les travailleurs qui recherchent \u00e0 la fois protection et mobilit\u00e9.<\/p>\n<p><!--EndFragment --><\/p>\n<h4><img decoding=\"async\" class=\"alignnone size-full wp-image-40117\" src=\"https:\/\/autravail.ca\/wp-content\/uploads\/2025\/09\/Certification-Omega-Triangle-vert.jpg\" alt=\"Certifications Om\u00e9ga Triangle vert\" width=\"193\" height=\"110\" srcset=\"https:\/\/autravail.ca\/wp-content\/uploads\/2025\/09\/Certification-Omega-Triangle-vert.jpg 193w, https:\/\/autravail.ca\/wp-content\/uploads\/2025\/09\/Certification-Omega-Triangle-vert-150x85.jpg 150w, https:\/\/autravail.ca\/wp-content\/uploads\/2025\/09\/Certification-Omega-Triangle-vert-18x10.jpg 18w\" sizes=\"(max-width: 193px) 100vw, 193px\" \/><br \/>\nCharacteristics:<\/h4>\n<div id=\"base-collapse-v-0-5-2-content\" class=\"overflow-hidden duration\" aria-labelledby=\"base-collapse-v-0-5-2\">\n<div class=\"\" data-test-id=\"vf-accordion-content\">\n<div class=\"body-3 pb-4 pt-2\">\n<ul class=\"grid list-disc gap-4 cols-2\" title=\"Properties of Benefits\" data-test-id=\"product-details-bulletin\">\n<li class=\"ml-5\">Embout de s\u00e9curit\u00e9 en acier<\/li>\n<li class=\"ml-5\">Protection contre les d\u00e9charges \u00e9lectriques type Om\u00e9ga ESR.<\/li>\n<li class=\"ml-5\">Semelle Timberland PRO\u00ae Flex avec rainures de flexion dispos\u00e9es en fonction de l\u2019anatomie<\/li>\n<li class=\"ml-5\">Plaque antiperforation en acier<\/li>\n<li class=\"ml-5\">Semelle monobloc moul\u00e9e par injection en EVA, l\u00e9g\u00e8re et amortissant les chocs, avec bord biseaut\u00e9 offrant un meilleur soutien<\/li>\n<li class=\"ml-5\">Semelage confort offrant amortissement des chocs et retour d\u2019\u00e9nergie<\/li>\n<li class=\"ml-5\">Tige respirante et durable en filet avec renforts r\u00e9sistant \u00e0 l\u2019abrasion<\/li>\n<li class=\"ml-5\">Doublure respirante qui \u00e9vacue l\u2019humidit\u00e9, avec traitement antimicrobien contr\u00f4lant les odeurs<\/li>\n<li class=\"ml-5\">Fabrication soud\u00e9e favorisant la flexibilit\u00e9<\/li>\n<li class=\"ml-5\">Importation<\/li>\n<\/ul>\n<p><img decoding=\"async\" class=\"alignnone wp-image-40620\" src=\"https:\/\/autravail.ca\/wp-content\/uploads\/2025\/09\/Jachete-quebec-et-canada.jpg\" alt=\"Logo de l'achat local\" width=\"162\" height=\"139\" \/>Merci d&rsquo;encourager une entreprise 100% d&rsquo;ici!<\/p>\n<\/div>\n<\/div>\n<\/div>","protected":false},"excerpt":{"rendered":"<p>Espadrille de travail Femme Intercept &#8211; A632U L&rsquo;Espadrille de travail Femme Intercept &#8211; A632U de Timberland PRO offre une protection robuste, un confort durable et une grande flexibilit\u00e9 pour les environnements exigeants. Con\u00e7ue pour les professionnels actifs, l\u2019espadrille A5ZX3 Intercept de Timberland PRO combine s\u00e9curit\u00e9 et performance. Elle est dot\u00e9e d\u2019un embout en acier certifi\u00e9 [&hellip;]<\/p>","protected":false},"featured_media":14854,"comment_status":"open","ping_status":"closed","template":"","meta":[],"product_cat":[804,645,633],"product_tag":[252,270,255,253],"class_list":{"0":"post-30701","1":"product","2":"type-product","3":"status-publish","4":"has-post-thumbnail","6":"product_brand-timberland-pro","7":"product_cat-espadrille-de-travail-femme","8":"product_cat-espadrilles-de-travail","9":"product_cat-femmes","10":"product_tag-electric-shock-resistant","11":"product_tag-espadrilles-de-travail","12":"product_tag-femme","13":"product_tag-sole-protection","15":"first","16":"instock","17":"taxable","18":"shipping-taxable","19":"purchasable","20":"product-type-variable"},"yoast_head":"<!-- This site is optimized with the Yoast SEO plugin v25.3.1 - https:\/\/yoast.com\/wordpress\/plugins\/seo\/ -->\n<title>Espadrille de travail Femme Intercept - A632U - Le Magasin Industriel<\/title>\n<meta name=\"description\" content=\"Espadrille de travail Femme Intercept - A632U de Timberland Pro avec empeigne de nylon l\u00e9ger et confortable. Id\u00e9al pour les d\u00e9placements au travail.\" \/>\n<meta name=\"robots\" content=\"index, follow, max-snippet:-1, max-image-preview:large, max-video-preview:-1\" \/>\n<link rel=\"canonical\" href=\"https:\/\/autravail.ca\/en\/product\/espadrille-de-travail-femme-intercept-a632u\/\" \/>\n<meta property=\"og:locale\" content=\"en_US\" \/>\n<meta property=\"og:type\" content=\"article\" \/>\n<meta property=\"og:title\" content=\"Espadrille de travail Femme Intercept - A632U - Le Magasin Industriel\" \/>\n<meta property=\"og:description\" content=\"Espadrille de travail Femme Intercept - A632U de Timberland Pro avec empeigne de nylon l\u00e9ger et confortable. Id\u00e9al pour les d\u00e9placements au travail.\" \/>\n<meta property=\"og:url\" content=\"https:\/\/autravail.ca\/en\/product\/espadrille-de-travail-femme-intercept-a632u\/\" \/>\n<meta property=\"og:site_name\" content=\"Le Magasin Industriel\" \/>\n<meta property=\"article:publisher\" content=\"https:\/\/www.facebook.com\/lemagasinindustriel\/?locale=fr_FR\" \/>\n<meta property=\"article:modified_time\" content=\"2025-12-05T09:10:57+00:00\" \/>\n<meta property=\"og:image\" content=\"https:\/\/autravail.ca\/wp-content\/uploads\/2025\/05\/A632U_A01.jpg\" \/>\n\t<meta property=\"og:image:width\" content=\"1000\" \/>\n\t<meta property=\"og:image:height\" content=\"1000\" \/>\n\t<meta property=\"og:image:type\" content=\"image\/jpeg\" \/>\n<meta name=\"twitter:card\" content=\"summary_large_image\" \/>\n<meta name=\"twitter:label1\" content=\"Est. reading time\" \/>\n\t<meta name=\"twitter:data1\" content=\"2 minutes\" \/>\n<script type=\"application\/ld+json\" class=\"yoast-schema-graph\">{\"@context\":\"https:\/\/schema.org\",\"@graph\":[{\"@type\":\"WebPage\",\"@id\":\"https:\/\/autravail.ca\/product\/espadrille-de-travail-femme-intercept-a632u\/\",\"url\":\"https:\/\/autravail.ca\/product\/espadrille-de-travail-femme-intercept-a632u\/\",\"name\":\"Espadrille de travail Femme Intercept - A632U - Le Magasin Industriel\",\"isPartOf\":{\"@id\":\"https:\/\/autravail.ca\/#website\"},\"primaryImageOfPage\":{\"@id\":\"https:\/\/autravail.ca\/product\/espadrille-de-travail-femme-intercept-a632u\/#primaryimage\"},\"image\":{\"@id\":\"https:\/\/autravail.ca\/product\/espadrille-de-travail-femme-intercept-a632u\/#primaryimage\"},\"thumbnailUrl\":\"https:\/\/autravail.ca\/wp-content\/uploads\/2025\/05\/A632U_A01.jpg\",\"datePublished\":\"2025-05-08T06:41:54+00:00\",\"dateModified\":\"2025-12-05T09:10:57+00:00\",\"description\":\"Espadrille de travail Femme Intercept - A632U de Timberland Pro avec empeigne de nylon l\u00e9ger et confortable. Id\u00e9al pour les d\u00e9placements au travail.\",\"breadcrumb\":{\"@id\":\"https:\/\/autravail.ca\/product\/espadrille-de-travail-femme-intercept-a632u\/#breadcrumb\"},\"inLanguage\":\"en-CA\",\"potentialAction\":[{\"@type\":\"ReadAction\",\"target\":[\"https:\/\/autravail.ca\/product\/espadrille-de-travail-femme-intercept-a632u\/\"]}]},{\"@type\":\"ImageObject\",\"inLanguage\":\"en-CA\",\"@id\":\"https:\/\/autravail.ca\/product\/espadrille-de-travail-femme-intercept-a632u\/#primaryimage\",\"url\":\"https:\/\/autravail.ca\/wp-content\/uploads\/2025\/05\/A632U_A01.jpg\",\"contentUrl\":\"https:\/\/autravail.ca\/wp-content\/uploads\/2025\/05\/A632U_A01.jpg\",\"width\":1000,\"height\":1000,\"caption\":\"Espadrille de travail Femme Intercept - A632U\"},{\"@type\":\"BreadcrumbList\",\"@id\":\"https:\/\/autravail.ca\/product\/espadrille-de-travail-femme-intercept-a632u\/#breadcrumb\",\"itemListElement\":[{\"@type\":\"ListItem\",\"position\":1,\"name\":\"Accueil\",\"item\":\"https:\/\/autravail.ca\/\"},{\"@type\":\"ListItem\",\"position\":2,\"name\":\"Magasin\",\"item\":\"https:\/\/autravail.ca\/en\/shop\/\"},{\"@type\":\"ListItem\",\"position\":3,\"name\":\"Espadrille de travail Femme Intercept &#8211; A632U\"}]},{\"@type\":\"WebSite\",\"@id\":\"https:\/\/autravail.ca\/#website\",\"url\":\"https:\/\/autravail.ca\/\",\"name\":\"Le Magasin Industriel\",\"description\":\"50 ans de tradition de s\u00e9curit\u00e9 au travail\",\"publisher\":{\"@id\":\"https:\/\/autravail.ca\/#organization\"},\"potentialAction\":[{\"@type\":\"SearchAction\",\"target\":{\"@type\":\"EntryPoint\",\"urlTemplate\":\"https:\/\/autravail.ca\/?s={search_term_string}\"},\"query-input\":{\"@type\":\"PropertyValueSpecification\",\"valueRequired\":true,\"valueName\":\"search_term_string\"}}],\"inLanguage\":\"en-CA\"},{\"@type\":\"Organization\",\"@id\":\"https:\/\/autravail.ca\/#organization\",\"name\":\"Le Magasin Industriel\",\"url\":\"https:\/\/autravail.ca\/\",\"logo\":{\"@type\":\"ImageObject\",\"inLanguage\":\"en-CA\",\"@id\":\"https:\/\/autravail.ca\/#\/schema\/logo\/image\/\",\"url\":\"https:\/\/autravail.ca\/wp-content\/uploads\/2025\/05\/cropped-magasin_industriel_120x.avif\",\"contentUrl\":\"https:\/\/autravail.ca\/wp-content\/uploads\/2025\/05\/cropped-magasin_industriel_120x.avif\",\"width\":120,\"height\":24,\"caption\":\"Le Magasin Industriel\"},\"image\":{\"@id\":\"https:\/\/autravail.ca\/#\/schema\/logo\/image\/\"},\"sameAs\":[\"https:\/\/www.facebook.com\/lemagasinindustriel\/?locale=fr_FR\"]}]}<\/script>\n<!-- \/ Yoast SEO plugin. -->","yoast_head_json":{"title":"Espadrille de travail Femme Intercept - A632U - Le Magasin Industriel","description":"Espadrille de travail Femme Intercept - A632U de Timberland Pro avec empeigne de nylon l\u00e9ger et confortable. Id\u00e9al pour les d\u00e9placements au travail.","robots":{"index":"index","follow":"follow","max-snippet":"max-snippet:-1","max-image-preview":"max-image-preview:large","max-video-preview":"max-video-preview:-1"},"canonical":"https:\/\/autravail.ca\/en\/product\/espadrille-de-travail-femme-intercept-a632u\/","og_locale":"en_US","og_type":"article","og_title":"Espadrille de travail Femme Intercept - A632U - Le Magasin Industriel","og_description":"Espadrille de travail Femme Intercept - A632U de Timberland Pro avec empeigne de nylon l\u00e9ger et confortable. Id\u00e9al pour les d\u00e9placements au travail.","og_url":"https:\/\/autravail.ca\/en\/product\/espadrille-de-travail-femme-intercept-a632u\/","og_site_name":"Le Magasin Industriel","article_publisher":"https:\/\/www.facebook.com\/lemagasinindustriel\/?locale=fr_FR","article_modified_time":"2025-12-05T09:10:57+00:00","og_image":[{"width":1000,"height":1000,"url":"https:\/\/autravail.ca\/wp-content\/uploads\/2025\/05\/A632U_A01.jpg","type":"image\/jpeg"}],"twitter_card":"summary_large_image","twitter_misc":{"Est. reading time":"2 minutes"},"schema":{"@context":"https:\/\/schema.org","@graph":[{"@type":"WebPage","@id":"https:\/\/autravail.ca\/product\/espadrille-de-travail-femme-intercept-a632u\/","url":"https:\/\/autravail.ca\/product\/espadrille-de-travail-femme-intercept-a632u\/","name":"Espadrille de travail Femme Intercept - A632U - Le Magasin Industriel","isPartOf":{"@id":"https:\/\/autravail.ca\/#website"},"primaryImageOfPage":{"@id":"https:\/\/autravail.ca\/product\/espadrille-de-travail-femme-intercept-a632u\/#primaryimage"},"image":{"@id":"https:\/\/autravail.ca\/product\/espadrille-de-travail-femme-intercept-a632u\/#primaryimage"},"thumbnailUrl":"https:\/\/autravail.ca\/wp-content\/uploads\/2025\/05\/A632U_A01.jpg","datePublished":"2025-05-08T06:41:54+00:00","dateModified":"2025-12-05T09:10:57+00:00","description":"Espadrille de travail Femme Intercept - A632U de Timberland Pro avec empeigne de nylon l\u00e9ger et confortable. Id\u00e9al pour les d\u00e9placements au travail.","breadcrumb":{"@id":"https:\/\/autravail.ca\/product\/espadrille-de-travail-femme-intercept-a632u\/#breadcrumb"},"inLanguage":"en-CA","potentialAction":[{"@type":"ReadAction","target":["https:\/\/autravail.ca\/product\/espadrille-de-travail-femme-intercept-a632u\/"]}]},{"@type":"ImageObject","inLanguage":"en-CA","@id":"https:\/\/autravail.ca\/product\/espadrille-de-travail-femme-intercept-a632u\/#primaryimage","url":"https:\/\/autravail.ca\/wp-content\/uploads\/2025\/05\/A632U_A01.jpg","contentUrl":"https:\/\/autravail.ca\/wp-content\/uploads\/2025\/05\/A632U_A01.jpg","width":1000,"height":1000,"caption":"Espadrille de travail Femme Intercept - A632U"},{"@type":"BreadcrumbList","@id":"https:\/\/autravail.ca\/product\/espadrille-de-travail-femme-intercept-a632u\/#breadcrumb","itemListElement":[{"@type":"ListItem","position":1,"name":"Accueil","item":"https:\/\/autravail.ca\/"},{"@type":"ListItem","position":2,"name":"Magasin","item":"https:\/\/autravail.ca\/en\/shop\/"},{"@type":"ListItem","position":3,"name":"Espadrille de travail Femme Intercept &#8211; A632U"}]},{"@type":"WebSite","@id":"https:\/\/autravail.ca\/#website","url":"https:\/\/autravail.ca\/","name":"Le Magasin Industriel","description":"50 ans de tradition de s\u00e9curit\u00e9 au travail","publisher":{"@id":"https:\/\/autravail.ca\/#organization"},"potentialAction":[{"@type":"SearchAction","target":{"@type":"EntryPoint","urlTemplate":"https:\/\/autravail.ca\/?s={search_term_string}"},"query-input":{"@type":"PropertyValueSpecification","valueRequired":true,"valueName":"search_term_string"}}],"inLanguage":"en-CA"},{"@type":"Organization","@id":"https:\/\/autravail.ca\/#organization","name":"Le Magasin Industriel","url":"https:\/\/autravail.ca\/","logo":{"@type":"ImageObject","inLanguage":"en-CA","@id":"https:\/\/autravail.ca\/#\/schema\/logo\/image\/","url":"https:\/\/autravail.ca\/wp-content\/uploads\/2025\/05\/cropped-magasin_industriel_120x.avif","contentUrl":"https:\/\/autravail.ca\/wp-content\/uploads\/2025\/05\/cropped-magasin_industriel_120x.avif","width":120,"height":24,"caption":"Le Magasin Industriel"},"image":{"@id":"https:\/\/autravail.ca\/#\/schema\/logo\/image\/"},"sameAs":["https:\/\/www.facebook.com\/lemagasinindustriel\/?locale=fr_FR"]}]}},"jetpack_sharing_enabled":true,"_links":{"self":[{"href":"https:\/\/autravail.ca\/en\/wp-json\/wp\/v2\/product\/30701","targetHints":{"allow":["GET"]}}],"collection":[{"href":"https:\/\/autravail.ca\/en\/wp-json\/wp\/v2\/product"}],"about":[{"href":"https:\/\/autravail.ca\/en\/wp-json\/wp\/v2\/types\/product"}],"replies":[{"embeddable":true,"href":"https:\/\/autravail.ca\/en\/wp-json\/wp\/v2\/comments?post=30701"}],"wp:featuredmedia":[{"embeddable":true,"href":"https:\/\/autravail.ca\/en\/wp-json\/wp\/v2\/media\/14854"}],"wp:attachment":[{"href":"https:\/\/autravail.ca\/en\/wp-json\/wp\/v2\/media?parent=30701"}],"wp:term":[{"taxonomy":"product_cat","embeddable":true,"href":"https:\/\/autravail.ca\/en\/wp-json\/wp\/v2\/product_cat?post=30701"},{"taxonomy":"product_tag","embeddable":true,"href":"https:\/\/autravail.ca\/en\/wp-json\/wp\/v2\/product_tag?post=30701"}],"curies":[{"name":"wp","href":"https:\/\/api.w.org\/{rel}","templated":true}]}}