{"id":30643,"date":"2025-05-08T06:41:35","date_gmt":"2025-05-08T06:41:35","guid":{"rendered":"https:\/\/meteoquebec.ca\/?post_type=product&#038;p=30643"},"modified":"2025-12-05T05:10:58","modified_gmt":"2025-12-05T09:10:58","slug":"botte-de-travail-timberland-pro-boondock-femme-a5r7k","status":"publish","type":"product","link":"https:\/\/autravail.ca\/en\/product\/botte-de-travail-timberland-pro-boondock-femme-a5r7k\/","title":{"rendered":"Botte de travail Timberland Pro Boondock femme &#8211; A5R7K"},"content":{"rendered":"<h3>Botte de travail Timberland Pro Boondock femme &#8211; A5R7K<\/h3>\n<p>La Botte de travail Timberland Pro Boondock femme &#8211; A5R7K est robuste et imperm\u00e9able. Sp\u00e9cialement con\u00e7ues pour les femmes et pour affronter les chantiers glissants et humides ces bottes Boondock de 8&Prime; de hauteur sont fabriqu\u00e9es avec une tige en cuir imperm\u00e9able de premi\u00e8re qualit\u00e9 avec une membrane imperm\u00e9able interne qui les rend imperm\u00e9ables aux conditions les plus humides et aux agents pathog\u00e8nes transmissibles par le sang. Timberland Pro Boondock pour femme comprend \u00e9galement une protection contre les risques \u00e9lectriques, des embouts de s\u00e9curit\u00e9 composites, des protecteurs d&rsquo;orteils en caoutchouc moul\u00e9s, ExoSpine. \u2122 et des tiges en fibre de verre pour un soutien structurel durable, ainsi que des semelles ext\u00e9rieures en caoutchouc qui maintiennent leur flexibilit\u00e9 m\u00eame par temps glacial.<\/p>\n<p>Pour un confort tout au long de la journ\u00e9e, vous d\u00e9couvrirez que nos semelles int\u00e9rieures en polyur\u00e9thane avec technologie anti-fatigue offrent une absorption des chocs et un retour d&rsquo;\u00e9nergie, doublures respirantes et \u00e9vacuant l&rsquo;humidit\u00e9 en mat\u00e9riau ReBOTL\u2122 contenant au moins 50 % de plastique recycl\u00e9 et un traitement antimicrobien pour les aider \u00e0 garder une odeur fra\u00eeche.<\/p>\n<p><img decoding=\"async\" class=\"alignnone size-full wp-image-40117\" src=\"https:\/\/autravail.ca\/wp-content\/uploads\/2025\/09\/Certification-Omega-Triangle-vert.jpg\" alt=\"Certifications Om\u00e9ga Triangle vert\" width=\"193\" height=\"110\" srcset=\"https:\/\/autravail.ca\/wp-content\/uploads\/2025\/09\/Certification-Omega-Triangle-vert.jpg 193w, https:\/\/autravail.ca\/wp-content\/uploads\/2025\/09\/Certification-Omega-Triangle-vert-150x85.jpg 150w, https:\/\/autravail.ca\/wp-content\/uploads\/2025\/09\/Certification-Omega-Triangle-vert-18x10.jpg 18w\" sizes=\"(max-width: 193px) 100vw, 193px\" \/><\/p>\n<h4>Characteristics:<\/h4>\n<ul>\n<li>Superior Quality Waterproof Timberland with Waterproof Membrane<\/li>\n<li>We are part of the leather working group<\/li>\n<li>Asymmetrical composite safety buckle<\/li>\n<li>Protection against electric shocks<\/li>\n<li>Plaque non m\u00e9tallique anti-perforation<\/li>\n<li>Fiberglass Pipe for Structural Support<\/li>\n<li>Superior dual-use material for lacing personalization<\/li>\n<li>Protecteur d&rsquo;orteil en caoutchouc moul\u00e9<\/li>\n<li>Seated planter in polyurethane with anti-fatigue technology for shock absorption and energy return<\/li>\n<li>Breathable lining that evacuates moisture with antimicrobial treatment to control odors<\/li>\n<li>ExoSpine Technology for providing a durable structure, improved durability and enhanced heel adjustment<\/li>\n<li>Externally rigid heel counter for lateral stability<\/li>\n<li>Three-Quarter Construction Goodyear\/Welt in cement<\/li>\n<li>Les semelles ext\u00e9rieures en caoutchouc ne marquent pas et maintiennent leur flexibilit\u00e9 par temps froid.<\/li>\n<\/ul>\n<p><img decoding=\"async\" class=\"alignnone wp-image-40620\" src=\"https:\/\/autravail.ca\/wp-content\/uploads\/2025\/09\/Jachete-quebec-et-canada.jpg\" alt=\"Logo de l'achat local\" width=\"162\" height=\"139\" \/>Merci d&rsquo;encourager une entreprise 100% d&rsquo;ici!<\/p>\n<p>TS2511S<\/p>","protected":false},"excerpt":{"rendered":"<p>Botte de travail Timberland Pro Boondock femme &#8211; A5R7K La Botte de travail Timberland Pro Boondock femme &#8211; A5R7K est robuste et imperm\u00e9able. Sp\u00e9cialement con\u00e7ues pour les femmes et pour affronter les chantiers glissants et humides ces bottes Boondock de 8&Prime; de hauteur sont fabriqu\u00e9es avec une tige en cuir imperm\u00e9able de premi\u00e8re qualit\u00e9 avec [&hellip;]<\/p>","protected":false},"featured_media":41924,"comment_status":"open","ping_status":"closed","template":"","meta":[],"product_cat":[613,642,811,633],"product_tag":[251,252,255,253],"class_list":{"0":"post-30643","1":"product","2":"type-product","3":"status-publish","4":"has-post-thumbnail","6":"product_brand-boondock","7":"product_brand-timberland-pro","8":"product_cat-bottes-de-travail","9":"product_cat-bottes-de-travail-femme","10":"product_cat-chaussures-de-securite","11":"product_cat-femmes","12":"product_tag-bottes-de-travail","13":"product_tag-electric-shock-resistant","14":"product_tag-femme","15":"product_tag-sole-protection","17":"first","18":"instock","19":"taxable","20":"shipping-taxable","21":"product-type-variable"},"yoast_head":"<!-- This site is optimized with the Yoast SEO plugin v25.3.1 - https:\/\/yoast.com\/wordpress\/plugins\/seo\/ -->\n<title>Botte de travail Timberland Pro Boondock femme - A5R7K - Le Magasin Industriel<\/title>\n<meta name=\"description\" content=\"Botte de travail Timberland Pro Boondock femme - A5R7K avec empeigne de cuir durable avec le confort de la semelle antifatigue.\" \/>\n<meta name=\"robots\" content=\"index, follow, max-snippet:-1, max-image-preview:large, max-video-preview:-1\" \/>\n<link rel=\"canonical\" href=\"https:\/\/autravail.ca\/en\/product\/botte-de-travail-timberland-pro-boondock-femme-a5r7k\/\" \/>\n<meta property=\"og:locale\" content=\"en_US\" \/>\n<meta property=\"og:type\" content=\"article\" \/>\n<meta property=\"og:title\" content=\"Botte de travail Timberland Pro Boondock femme - A5R7K - Le Magasin Industriel\" \/>\n<meta property=\"og:description\" content=\"Botte de travail Timberland Pro Boondock femme - A5R7K avec empeigne de cuir durable avec le confort de la semelle antifatigue.\" \/>\n<meta property=\"og:url\" content=\"https:\/\/autravail.ca\/en\/product\/botte-de-travail-timberland-pro-boondock-femme-a5r7k\/\" \/>\n<meta property=\"og:site_name\" content=\"Le Magasin Industriel\" \/>\n<meta property=\"article:publisher\" content=\"https:\/\/www.facebook.com\/lemagasinindustriel\/?locale=fr_FR\" \/>\n<meta property=\"article:modified_time\" content=\"2025-12-05T09:10:58+00:00\" \/>\n<meta property=\"og:image\" content=\"https:\/\/autravail.ca\/wp-content\/uploads\/2025\/05\/A5R7K_A01-1.jpg\" \/>\n\t<meta property=\"og:image:width\" content=\"1000\" \/>\n\t<meta property=\"og:image:height\" content=\"1000\" \/>\n\t<meta property=\"og:image:type\" content=\"image\/jpeg\" \/>\n<meta name=\"twitter:card\" content=\"summary_large_image\" \/>\n<meta name=\"twitter:label1\" content=\"Est. reading time\" \/>\n\t<meta name=\"twitter:data1\" content=\"3 minutes\" \/>\n<script type=\"application\/ld+json\" class=\"yoast-schema-graph\">{\"@context\":\"https:\/\/schema.org\",\"@graph\":[{\"@type\":\"WebPage\",\"@id\":\"https:\/\/autravail.ca\/product\/botte-de-travail-timberland-pro-boondock-femme-a5r7k\/\",\"url\":\"https:\/\/autravail.ca\/product\/botte-de-travail-timberland-pro-boondock-femme-a5r7k\/\",\"name\":\"Botte de travail Timberland Pro Boondock femme - A5R7K - Le Magasin Industriel\",\"isPartOf\":{\"@id\":\"https:\/\/autravail.ca\/#website\"},\"primaryImageOfPage\":{\"@id\":\"https:\/\/autravail.ca\/product\/botte-de-travail-timberland-pro-boondock-femme-a5r7k\/#primaryimage\"},\"image\":{\"@id\":\"https:\/\/autravail.ca\/product\/botte-de-travail-timberland-pro-boondock-femme-a5r7k\/#primaryimage\"},\"thumbnailUrl\":\"https:\/\/autravail.ca\/wp-content\/uploads\/2025\/05\/A5R7K_A01-1.jpg\",\"datePublished\":\"2025-05-08T06:41:35+00:00\",\"dateModified\":\"2025-12-05T09:10:58+00:00\",\"description\":\"Botte de travail Timberland Pro Boondock femme - A5R7K avec empeigne de cuir durable avec le confort de la semelle antifatigue.\",\"breadcrumb\":{\"@id\":\"https:\/\/autravail.ca\/product\/botte-de-travail-timberland-pro-boondock-femme-a5r7k\/#breadcrumb\"},\"inLanguage\":\"en-CA\",\"potentialAction\":[{\"@type\":\"ReadAction\",\"target\":[\"https:\/\/autravail.ca\/product\/botte-de-travail-timberland-pro-boondock-femme-a5r7k\/\"]}]},{\"@type\":\"ImageObject\",\"inLanguage\":\"en-CA\",\"@id\":\"https:\/\/autravail.ca\/product\/botte-de-travail-timberland-pro-boondock-femme-a5r7k\/#primaryimage\",\"url\":\"https:\/\/autravail.ca\/wp-content\/uploads\/2025\/05\/A5R7K_A01-1.jpg\",\"contentUrl\":\"https:\/\/autravail.ca\/wp-content\/uploads\/2025\/05\/A5R7K_A01-1.jpg\",\"width\":1000,\"height\":1000,\"caption\":\"Botte de travail Timberland Pro Boondock femme - A5R7K\"},{\"@type\":\"BreadcrumbList\",\"@id\":\"https:\/\/autravail.ca\/product\/botte-de-travail-timberland-pro-boondock-femme-a5r7k\/#breadcrumb\",\"itemListElement\":[{\"@type\":\"ListItem\",\"position\":1,\"name\":\"Accueil\",\"item\":\"https:\/\/autravail.ca\/\"},{\"@type\":\"ListItem\",\"position\":2,\"name\":\"Magasin\",\"item\":\"https:\/\/autravail.ca\/en\/shop\/\"},{\"@type\":\"ListItem\",\"position\":3,\"name\":\"Botte de travail Timberland Pro Boondock femme &#8211; A5R7K\"}]},{\"@type\":\"WebSite\",\"@id\":\"https:\/\/autravail.ca\/#website\",\"url\":\"https:\/\/autravail.ca\/\",\"name\":\"Le Magasin Industriel\",\"description\":\"50 ans de tradition de s\u00e9curit\u00e9 au travail\",\"publisher\":{\"@id\":\"https:\/\/autravail.ca\/#organization\"},\"potentialAction\":[{\"@type\":\"SearchAction\",\"target\":{\"@type\":\"EntryPoint\",\"urlTemplate\":\"https:\/\/autravail.ca\/?s={search_term_string}\"},\"query-input\":{\"@type\":\"PropertyValueSpecification\",\"valueRequired\":true,\"valueName\":\"search_term_string\"}}],\"inLanguage\":\"en-CA\"},{\"@type\":\"Organization\",\"@id\":\"https:\/\/autravail.ca\/#organization\",\"name\":\"Le Magasin Industriel\",\"url\":\"https:\/\/autravail.ca\/\",\"logo\":{\"@type\":\"ImageObject\",\"inLanguage\":\"en-CA\",\"@id\":\"https:\/\/autravail.ca\/#\/schema\/logo\/image\/\",\"url\":\"https:\/\/autravail.ca\/wp-content\/uploads\/2025\/05\/cropped-magasin_industriel_120x.avif\",\"contentUrl\":\"https:\/\/autravail.ca\/wp-content\/uploads\/2025\/05\/cropped-magasin_industriel_120x.avif\",\"width\":120,\"height\":24,\"caption\":\"Le Magasin Industriel\"},\"image\":{\"@id\":\"https:\/\/autravail.ca\/#\/schema\/logo\/image\/\"},\"sameAs\":[\"https:\/\/www.facebook.com\/lemagasinindustriel\/?locale=fr_FR\"]}]}<\/script>\n<!-- \/ Yoast SEO plugin. -->","yoast_head_json":{"title":"Botte de travail Timberland Pro Boondock femme - A5R7K - Le Magasin Industriel","description":"Botte de travail Timberland Pro Boondock femme - A5R7K avec empeigne de cuir durable avec le confort de la semelle antifatigue.","robots":{"index":"index","follow":"follow","max-snippet":"max-snippet:-1","max-image-preview":"max-image-preview:large","max-video-preview":"max-video-preview:-1"},"canonical":"https:\/\/autravail.ca\/en\/product\/botte-de-travail-timberland-pro-boondock-femme-a5r7k\/","og_locale":"en_US","og_type":"article","og_title":"Botte de travail Timberland Pro Boondock femme - A5R7K - Le Magasin Industriel","og_description":"Botte de travail Timberland Pro Boondock femme - A5R7K avec empeigne de cuir durable avec le confort de la semelle antifatigue.","og_url":"https:\/\/autravail.ca\/en\/product\/botte-de-travail-timberland-pro-boondock-femme-a5r7k\/","og_site_name":"Le Magasin Industriel","article_publisher":"https:\/\/www.facebook.com\/lemagasinindustriel\/?locale=fr_FR","article_modified_time":"2025-12-05T09:10:58+00:00","og_image":[{"width":1000,"height":1000,"url":"https:\/\/autravail.ca\/wp-content\/uploads\/2025\/05\/A5R7K_A01-1.jpg","type":"image\/jpeg"}],"twitter_card":"summary_large_image","twitter_misc":{"Est. reading time":"3 minutes"},"schema":{"@context":"https:\/\/schema.org","@graph":[{"@type":"WebPage","@id":"https:\/\/autravail.ca\/product\/botte-de-travail-timberland-pro-boondock-femme-a5r7k\/","url":"https:\/\/autravail.ca\/product\/botte-de-travail-timberland-pro-boondock-femme-a5r7k\/","name":"Botte de travail Timberland Pro Boondock femme - A5R7K - Le Magasin Industriel","isPartOf":{"@id":"https:\/\/autravail.ca\/#website"},"primaryImageOfPage":{"@id":"https:\/\/autravail.ca\/product\/botte-de-travail-timberland-pro-boondock-femme-a5r7k\/#primaryimage"},"image":{"@id":"https:\/\/autravail.ca\/product\/botte-de-travail-timberland-pro-boondock-femme-a5r7k\/#primaryimage"},"thumbnailUrl":"https:\/\/autravail.ca\/wp-content\/uploads\/2025\/05\/A5R7K_A01-1.jpg","datePublished":"2025-05-08T06:41:35+00:00","dateModified":"2025-12-05T09:10:58+00:00","description":"Botte de travail Timberland Pro Boondock femme - A5R7K avec empeigne de cuir durable avec le confort de la semelle antifatigue.","breadcrumb":{"@id":"https:\/\/autravail.ca\/product\/botte-de-travail-timberland-pro-boondock-femme-a5r7k\/#breadcrumb"},"inLanguage":"en-CA","potentialAction":[{"@type":"ReadAction","target":["https:\/\/autravail.ca\/product\/botte-de-travail-timberland-pro-boondock-femme-a5r7k\/"]}]},{"@type":"ImageObject","inLanguage":"en-CA","@id":"https:\/\/autravail.ca\/product\/botte-de-travail-timberland-pro-boondock-femme-a5r7k\/#primaryimage","url":"https:\/\/autravail.ca\/wp-content\/uploads\/2025\/05\/A5R7K_A01-1.jpg","contentUrl":"https:\/\/autravail.ca\/wp-content\/uploads\/2025\/05\/A5R7K_A01-1.jpg","width":1000,"height":1000,"caption":"Botte de travail Timberland Pro Boondock femme - A5R7K"},{"@type":"BreadcrumbList","@id":"https:\/\/autravail.ca\/product\/botte-de-travail-timberland-pro-boondock-femme-a5r7k\/#breadcrumb","itemListElement":[{"@type":"ListItem","position":1,"name":"Accueil","item":"https:\/\/autravail.ca\/"},{"@type":"ListItem","position":2,"name":"Magasin","item":"https:\/\/autravail.ca\/en\/shop\/"},{"@type":"ListItem","position":3,"name":"Botte de travail Timberland Pro Boondock femme &#8211; A5R7K"}]},{"@type":"WebSite","@id":"https:\/\/autravail.ca\/#website","url":"https:\/\/autravail.ca\/","name":"Le Magasin Industriel","description":"50 ans de tradition de s\u00e9curit\u00e9 au travail","publisher":{"@id":"https:\/\/autravail.ca\/#organization"},"potentialAction":[{"@type":"SearchAction","target":{"@type":"EntryPoint","urlTemplate":"https:\/\/autravail.ca\/?s={search_term_string}"},"query-input":{"@type":"PropertyValueSpecification","valueRequired":true,"valueName":"search_term_string"}}],"inLanguage":"en-CA"},{"@type":"Organization","@id":"https:\/\/autravail.ca\/#organization","name":"Le Magasin Industriel","url":"https:\/\/autravail.ca\/","logo":{"@type":"ImageObject","inLanguage":"en-CA","@id":"https:\/\/autravail.ca\/#\/schema\/logo\/image\/","url":"https:\/\/autravail.ca\/wp-content\/uploads\/2025\/05\/cropped-magasin_industriel_120x.avif","contentUrl":"https:\/\/autravail.ca\/wp-content\/uploads\/2025\/05\/cropped-magasin_industriel_120x.avif","width":120,"height":24,"caption":"Le Magasin Industriel"},"image":{"@id":"https:\/\/autravail.ca\/#\/schema\/logo\/image\/"},"sameAs":["https:\/\/www.facebook.com\/lemagasinindustriel\/?locale=fr_FR"]}]}},"jetpack_sharing_enabled":true,"_links":{"self":[{"href":"https:\/\/autravail.ca\/en\/wp-json\/wp\/v2\/product\/30643","targetHints":{"allow":["GET"]}}],"collection":[{"href":"https:\/\/autravail.ca\/en\/wp-json\/wp\/v2\/product"}],"about":[{"href":"https:\/\/autravail.ca\/en\/wp-json\/wp\/v2\/types\/product"}],"replies":[{"embeddable":true,"href":"https:\/\/autravail.ca\/en\/wp-json\/wp\/v2\/comments?post=30643"}],"wp:featuredmedia":[{"embeddable":true,"href":"https:\/\/autravail.ca\/en\/wp-json\/wp\/v2\/media\/41924"}],"wp:attachment":[{"href":"https:\/\/autravail.ca\/en\/wp-json\/wp\/v2\/media?parent=30643"}],"wp:term":[{"taxonomy":"product_cat","embeddable":true,"href":"https:\/\/autravail.ca\/en\/wp-json\/wp\/v2\/product_cat?post=30643"},{"taxonomy":"product_tag","embeddable":true,"href":"https:\/\/autravail.ca\/en\/wp-json\/wp\/v2\/product_tag?post=30643"}],"curies":[{"name":"wp","href":"https:\/\/api.w.org\/{rel}","templated":true}]}}