{"id":30612,"date":"2025-05-08T06:41:23","date_gmt":"2025-05-08T06:41:23","guid":{"rendered":"https:\/\/meteoquebec.ca\/?post_type=product&#038;p=30612"},"modified":"2025-12-05T05:10:58","modified_gmt":"2025-12-05T09:10:58","slug":"a235x-chandail-ouate-a-zip-et-capuchon-timberland","status":"publish","type":"product","link":"https:\/\/autravail.ca\/en\/product\/a235x-chandail-ouate-a-zip-et-capuchon-timberland\/","title":{"rendered":"A235X - Timberland CHANDAIL OUAT  ZIP ET CAPUCHON TIMBERLAND"},"content":{"rendered":"<div class=\"rte\">\n<p><span>Wool Blend Hoodie with Full Zip - Timberland Pro<\/span><\/p>\n<ul>\n<li><span>80 % COTTON AND 20 % POLYESTER<\/span><\/li>\n<li><span>Complete blackout (closure)<\/span><\/li>\n<li>\n<span>TECHNOLOGIE TIMBERLAND PRO<\/span><br \/>The tissue wicks away moisture, is permeable to air, dries quickly and resists odors<\/li>\n<li><span>Modern Cup<\/span><\/li>\n<li><span>Adjustable Collar (3 pieces) with Drawstring<\/span><\/li>\n<li><span>TIMBERLAND PRO on the Sleeve<\/span><\/li>\n<li><span>POCKET KANGAROO WITH HIDDEN COMPARTMENT FOR MOBILE PHONE<\/span><\/li>\n<li><span>LONG SLEEVES<\/span><\/li>\n<li><span>Cuffed Sleeves and Knitted Wrists<\/span><\/li>\n<li>Wash in cold water, no fabric softener. Lay flat to dry. Do not air dry<\/li>\n<\/ul>\n<\/div>","protected":false},"excerpt":{"rendered":"<p>HOODIE WOOL WITH FULL ZIP - TIMBERLAND PRO (80% COTTON, 20% POLYESTER) - Complete Illuminated Closure - TIMBERLAND PRO TECHNOLOGY. This fabric wicks away moisture, is air permeable, dries quickly and resists odors. MODERN ADJUSTABLE HOOD - 3-PIECE CAP - with drawstring adjustment. TIMBERLAND PRO LOGO ON THE SLEEVE - KANGOUROU POCKET WITH HIDDEN COMPARTMENT [&hellip;]<\/p>","protected":false},"featured_media":14754,"comment_status":"open","ping_status":"closed","template":"","meta":[],"product_cat":[717,604],"product_tag":[242,347],"class_list":{"0":"post-30612","1":"product","2":"type-product","3":"status-publish","4":"has-post-thumbnail","6":"product_brand-le-magasin-industriel","7":"product_cat-timberland-pro-wear","8":"product_cat-vetements-de-travail","9":"product_tag-homme","10":"product_tag-timberland-wear","12":"first","13":"instock","14":"taxable","15":"shipping-taxable","16":"purchasable","17":"product-type-variable"},"yoast_head":"<!-- This site is optimized with the Yoast SEO plugin v25.3.1 - https:\/\/yoast.com\/wordpress\/plugins\/seo\/ -->\n<title>A235X - CHANDAIL OUAT\u00c9 \u00c0 ZIP ET CAPUCHON TIMBERLAND - Le Magasin Industriel<\/title>\n<meta name=\"robots\" content=\"index, follow, max-snippet:-1, max-image-preview:large, max-video-preview:-1\" \/>\n<link rel=\"canonical\" href=\"https:\/\/autravail.ca\/en\/product\/a235x-chandail-ouate-a-zip-et-capuchon-timberland\/\" \/>\n<meta property=\"og:locale\" content=\"en_US\" \/>\n<meta property=\"og:type\" content=\"article\" \/>\n<meta property=\"og:title\" content=\"A235X - CHANDAIL OUAT\u00c9 \u00c0 ZIP ET CAPUCHON TIMBERLAND - Le Magasin Industriel\" \/>\n<meta property=\"og:description\" content=\"VESTE OUAT\u00c9 \u00c0 CAPUCHON ET ZIP COMPLET- TIMBERLAND PRO 80 % COTON ET 20 % POLYESTER Fermeture \u00e9claire compl\u00e8te TECHNOLOGIE TIMBERLAND PROLe tissue \u00e9vacue l\u2019humidit\u00e9, est perm\u00e9able \u00e0 l\u2019air, s\u00e8che rapidement et r\u00e9siste aux odeurs COUPE MODERNE CAPUCHE AJUSTABLE 3\u00a0PI\u00c8CES AVEC CORDON DE SERRAGE LOGO TIMBERLAND PRO SUR LA MANCHE POCHE KANGOUROU \u00c0 COMPARTIMENT DISSIMUL\u00c9 [&hellip;]\" \/>\n<meta property=\"og:url\" content=\"https:\/\/autravail.ca\/en\/product\/a235x-chandail-ouate-a-zip-et-capuchon-timberland\/\" \/>\n<meta property=\"og:site_name\" content=\"Le Magasin Industriel\" \/>\n<meta property=\"article:publisher\" content=\"https:\/\/www.facebook.com\/lemagasinindustriel\/?locale=fr_FR\" \/>\n<meta property=\"article:modified_time\" content=\"2025-12-05T09:10:58+00:00\" \/>\n<meta property=\"og:image\" content=\"https:\/\/autravail.ca\/wp-content\/uploads\/2025\/05\/HoodZIP_black_A.jpg\" \/>\n\t<meta property=\"og:image:width\" content=\"1000\" \/>\n\t<meta property=\"og:image:height\" content=\"1000\" \/>\n\t<meta property=\"og:image:type\" content=\"image\/jpeg\" \/>\n<meta name=\"twitter:card\" content=\"summary_large_image\" \/>\n<script type=\"application\/ld+json\" class=\"yoast-schema-graph\">{\"@context\":\"https:\/\/schema.org\",\"@graph\":[{\"@type\":\"WebPage\",\"@id\":\"https:\/\/autravail.ca\/product\/a235x-chandail-ouate-a-zip-et-capuchon-timberland\/\",\"url\":\"https:\/\/autravail.ca\/product\/a235x-chandail-ouate-a-zip-et-capuchon-timberland\/\",\"name\":\"A235X - CHANDAIL OUAT\u00c9 \u00c0 ZIP ET CAPUCHON TIMBERLAND - Le Magasin Industriel\",\"isPartOf\":{\"@id\":\"https:\/\/autravail.ca\/#website\"},\"primaryImageOfPage\":{\"@id\":\"https:\/\/autravail.ca\/product\/a235x-chandail-ouate-a-zip-et-capuchon-timberland\/#primaryimage\"},\"image\":{\"@id\":\"https:\/\/autravail.ca\/product\/a235x-chandail-ouate-a-zip-et-capuchon-timberland\/#primaryimage\"},\"thumbnailUrl\":\"https:\/\/autravail.ca\/wp-content\/uploads\/2025\/05\/HoodZIP_black_A.jpg\",\"datePublished\":\"2025-05-08T06:41:23+00:00\",\"dateModified\":\"2025-12-05T09:10:58+00:00\",\"breadcrumb\":{\"@id\":\"https:\/\/autravail.ca\/product\/a235x-chandail-ouate-a-zip-et-capuchon-timberland\/#breadcrumb\"},\"inLanguage\":\"en-CA\",\"potentialAction\":[{\"@type\":\"ReadAction\",\"target\":[\"https:\/\/autravail.ca\/product\/a235x-chandail-ouate-a-zip-et-capuchon-timberland\/\"]}]},{\"@type\":\"ImageObject\",\"inLanguage\":\"en-CA\",\"@id\":\"https:\/\/autravail.ca\/product\/a235x-chandail-ouate-a-zip-et-capuchon-timberland\/#primaryimage\",\"url\":\"https:\/\/autravail.ca\/wp-content\/uploads\/2025\/05\/HoodZIP_black_A.jpg\",\"contentUrl\":\"https:\/\/autravail.ca\/wp-content\/uploads\/2025\/05\/HoodZIP_black_A.jpg\",\"width\":1000,\"height\":1000},{\"@type\":\"BreadcrumbList\",\"@id\":\"https:\/\/autravail.ca\/product\/a235x-chandail-ouate-a-zip-et-capuchon-timberland\/#breadcrumb\",\"itemListElement\":[{\"@type\":\"ListItem\",\"position\":1,\"name\":\"Accueil\",\"item\":\"https:\/\/autravail.ca\/\"},{\"@type\":\"ListItem\",\"position\":2,\"name\":\"Magasin\",\"item\":\"https:\/\/autravail.ca\/en\/shop\/\"},{\"@type\":\"ListItem\",\"position\":3,\"name\":\"A235X &#8211; CHANDAIL OUAT\u00c9 \u00c0 ZIP ET CAPUCHON TIMBERLAND\"}]},{\"@type\":\"WebSite\",\"@id\":\"https:\/\/autravail.ca\/#website\",\"url\":\"https:\/\/autravail.ca\/\",\"name\":\"Le Magasin Industriel\",\"description\":\"50 ans de tradition de s\u00e9curit\u00e9 au travail\",\"publisher\":{\"@id\":\"https:\/\/autravail.ca\/#organization\"},\"potentialAction\":[{\"@type\":\"SearchAction\",\"target\":{\"@type\":\"EntryPoint\",\"urlTemplate\":\"https:\/\/autravail.ca\/?s={search_term_string}\"},\"query-input\":{\"@type\":\"PropertyValueSpecification\",\"valueRequired\":true,\"valueName\":\"search_term_string\"}}],\"inLanguage\":\"en-CA\"},{\"@type\":\"Organization\",\"@id\":\"https:\/\/autravail.ca\/#organization\",\"name\":\"Le Magasin Industriel\",\"url\":\"https:\/\/autravail.ca\/\",\"logo\":{\"@type\":\"ImageObject\",\"inLanguage\":\"en-CA\",\"@id\":\"https:\/\/autravail.ca\/#\/schema\/logo\/image\/\",\"url\":\"https:\/\/autravail.ca\/wp-content\/uploads\/2025\/05\/cropped-magasin_industriel_120x.avif\",\"contentUrl\":\"https:\/\/autravail.ca\/wp-content\/uploads\/2025\/05\/cropped-magasin_industriel_120x.avif\",\"width\":120,\"height\":24,\"caption\":\"Le Magasin Industriel\"},\"image\":{\"@id\":\"https:\/\/autravail.ca\/#\/schema\/logo\/image\/\"},\"sameAs\":[\"https:\/\/www.facebook.com\/lemagasinindustriel\/?locale=fr_FR\"]}]}<\/script>\n<!-- \/ Yoast SEO plugin. -->","yoast_head_json":{"title":"A235X - CHANDAIL OUAT\u00c9 \u00c0 ZIP ET CAPUCHON TIMBERLAND - Le Magasin Industriel","robots":{"index":"index","follow":"follow","max-snippet":"max-snippet:-1","max-image-preview":"max-image-preview:large","max-video-preview":"max-video-preview:-1"},"canonical":"https:\/\/autravail.ca\/en\/product\/a235x-chandail-ouate-a-zip-et-capuchon-timberland\/","og_locale":"en_US","og_type":"article","og_title":"A235X - CHANDAIL OUAT\u00c9 \u00c0 ZIP ET CAPUCHON TIMBERLAND - Le Magasin Industriel","og_description":"VESTE OUAT\u00c9 \u00c0 CAPUCHON ET ZIP COMPLET- TIMBERLAND PRO 80 % COTON ET 20 % POLYESTER Fermeture \u00e9claire compl\u00e8te TECHNOLOGIE TIMBERLAND PROLe tissue \u00e9vacue l\u2019humidit\u00e9, est perm\u00e9able \u00e0 l\u2019air, s\u00e8che rapidement et r\u00e9siste aux odeurs COUPE MODERNE CAPUCHE AJUSTABLE 3\u00a0PI\u00c8CES AVEC CORDON DE SERRAGE LOGO TIMBERLAND PRO SUR LA MANCHE POCHE KANGOUROU \u00c0 COMPARTIMENT DISSIMUL\u00c9 [&hellip;]","og_url":"https:\/\/autravail.ca\/en\/product\/a235x-chandail-ouate-a-zip-et-capuchon-timberland\/","og_site_name":"Le Magasin Industriel","article_publisher":"https:\/\/www.facebook.com\/lemagasinindustriel\/?locale=fr_FR","article_modified_time":"2025-12-05T09:10:58+00:00","og_image":[{"width":1000,"height":1000,"url":"https:\/\/autravail.ca\/wp-content\/uploads\/2025\/05\/HoodZIP_black_A.jpg","type":"image\/jpeg"}],"twitter_card":"summary_large_image","schema":{"@context":"https:\/\/schema.org","@graph":[{"@type":"WebPage","@id":"https:\/\/autravail.ca\/product\/a235x-chandail-ouate-a-zip-et-capuchon-timberland\/","url":"https:\/\/autravail.ca\/product\/a235x-chandail-ouate-a-zip-et-capuchon-timberland\/","name":"A235X - CHANDAIL OUAT\u00c9 \u00c0 ZIP ET CAPUCHON TIMBERLAND - Le Magasin Industriel","isPartOf":{"@id":"https:\/\/autravail.ca\/#website"},"primaryImageOfPage":{"@id":"https:\/\/autravail.ca\/product\/a235x-chandail-ouate-a-zip-et-capuchon-timberland\/#primaryimage"},"image":{"@id":"https:\/\/autravail.ca\/product\/a235x-chandail-ouate-a-zip-et-capuchon-timberland\/#primaryimage"},"thumbnailUrl":"https:\/\/autravail.ca\/wp-content\/uploads\/2025\/05\/HoodZIP_black_A.jpg","datePublished":"2025-05-08T06:41:23+00:00","dateModified":"2025-12-05T09:10:58+00:00","breadcrumb":{"@id":"https:\/\/autravail.ca\/product\/a235x-chandail-ouate-a-zip-et-capuchon-timberland\/#breadcrumb"},"inLanguage":"en-CA","potentialAction":[{"@type":"ReadAction","target":["https:\/\/autravail.ca\/product\/a235x-chandail-ouate-a-zip-et-capuchon-timberland\/"]}]},{"@type":"ImageObject","inLanguage":"en-CA","@id":"https:\/\/autravail.ca\/product\/a235x-chandail-ouate-a-zip-et-capuchon-timberland\/#primaryimage","url":"https:\/\/autravail.ca\/wp-content\/uploads\/2025\/05\/HoodZIP_black_A.jpg","contentUrl":"https:\/\/autravail.ca\/wp-content\/uploads\/2025\/05\/HoodZIP_black_A.jpg","width":1000,"height":1000},{"@type":"BreadcrumbList","@id":"https:\/\/autravail.ca\/product\/a235x-chandail-ouate-a-zip-et-capuchon-timberland\/#breadcrumb","itemListElement":[{"@type":"ListItem","position":1,"name":"Accueil","item":"https:\/\/autravail.ca\/"},{"@type":"ListItem","position":2,"name":"Magasin","item":"https:\/\/autravail.ca\/en\/shop\/"},{"@type":"ListItem","position":3,"name":"A235X &#8211; CHANDAIL OUAT\u00c9 \u00c0 ZIP ET CAPUCHON TIMBERLAND"}]},{"@type":"WebSite","@id":"https:\/\/autravail.ca\/#website","url":"https:\/\/autravail.ca\/","name":"Le Magasin Industriel","description":"50 ans de tradition de s\u00e9curit\u00e9 au travail","publisher":{"@id":"https:\/\/autravail.ca\/#organization"},"potentialAction":[{"@type":"SearchAction","target":{"@type":"EntryPoint","urlTemplate":"https:\/\/autravail.ca\/?s={search_term_string}"},"query-input":{"@type":"PropertyValueSpecification","valueRequired":true,"valueName":"search_term_string"}}],"inLanguage":"en-CA"},{"@type":"Organization","@id":"https:\/\/autravail.ca\/#organization","name":"Le Magasin Industriel","url":"https:\/\/autravail.ca\/","logo":{"@type":"ImageObject","inLanguage":"en-CA","@id":"https:\/\/autravail.ca\/#\/schema\/logo\/image\/","url":"https:\/\/autravail.ca\/wp-content\/uploads\/2025\/05\/cropped-magasin_industriel_120x.avif","contentUrl":"https:\/\/autravail.ca\/wp-content\/uploads\/2025\/05\/cropped-magasin_industriel_120x.avif","width":120,"height":24,"caption":"Le Magasin Industriel"},"image":{"@id":"https:\/\/autravail.ca\/#\/schema\/logo\/image\/"},"sameAs":["https:\/\/www.facebook.com\/lemagasinindustriel\/?locale=fr_FR"]}]}},"jetpack_sharing_enabled":true,"_links":{"self":[{"href":"https:\/\/autravail.ca\/en\/wp-json\/wp\/v2\/product\/30612","targetHints":{"allow":["GET"]}}],"collection":[{"href":"https:\/\/autravail.ca\/en\/wp-json\/wp\/v2\/product"}],"about":[{"href":"https:\/\/autravail.ca\/en\/wp-json\/wp\/v2\/types\/product"}],"replies":[{"embeddable":true,"href":"https:\/\/autravail.ca\/en\/wp-json\/wp\/v2\/comments?post=30612"}],"wp:featuredmedia":[{"embeddable":true,"href":"https:\/\/autravail.ca\/en\/wp-json\/wp\/v2\/media\/14754"}],"wp:attachment":[{"href":"https:\/\/autravail.ca\/en\/wp-json\/wp\/v2\/media?parent=30612"}],"wp:term":[{"taxonomy":"product_cat","embeddable":true,"href":"https:\/\/autravail.ca\/en\/wp-json\/wp\/v2\/product_cat?post=30612"},{"taxonomy":"product_tag","embeddable":true,"href":"https:\/\/autravail.ca\/en\/wp-json\/wp\/v2\/product_tag?post=30612"}],"curies":[{"name":"wp","href":"https:\/\/api.w.org\/{rel}","templated":true}]}}