{"id":30582,"date":"2025-05-08T06:41:10","date_gmt":"2025-05-08T06:41:10","guid":{"rendered":"https:\/\/meteoquebec.ca\/?post_type=product&#038;p=30582"},"modified":"2026-03-31T12:50:17","modified_gmt":"2026-03-31T16:50:17","slug":"soulier-de-travail-lite-sd-4ns3bb","status":"publish","type":"product","link":"https:\/\/autravail.ca\/en\/product\/soulier-de-travail-lite-sd-4ns3bb\/","title":{"rendered":"Soulier de travail Lite SD &#8211; 4NS3BB"},"content":{"rendered":"<h3>Soulier de travail Lite SD &#8211; 4NS3BB<\/h3>\n<p>Soulier de travail Lite SD &#8211; 4NS3BB de <a href=\"https:\/\/autravail.ca\/en\/product-brand\/terra\/\">Terra<\/a>. C&rsquo;est l&rsquo;une des chaussures de s\u00e9curit\u00e9 les plus l\u00e9g\u00e8res et respirantes de la gamme Terra, con\u00e7ue pour ceux qui marchent \u00e9norm\u00e9ment \u00e0 l&rsquo;int\u00e9rieur (entrep\u00f4ts, usines, logistique).<\/p>\n<p><img decoding=\"async\" class=\"alignnone size-full wp-image-44373\" src=\"https:\/\/autravail.ca\/wp-content\/uploads\/2025\/05\/logo-CSA-SD-1.jpg\" alt=\"\" width=\"300\" height=\"87\" srcset=\"https:\/\/autravail.ca\/wp-content\/uploads\/2025\/05\/logo-CSA-SD-1.jpg 300w, https:\/\/autravail.ca\/wp-content\/uploads\/2025\/05\/logo-CSA-SD-1-150x44.jpg 150w, https:\/\/autravail.ca\/wp-content\/uploads\/2025\/05\/logo-CSA-SD-1-18x5.jpg 18w\" sizes=\"(max-width: 300px) 100vw, 300px\" \/><\/p>\n<h6>Characteristics:<\/h6>\n<div class=\"Fsg96\" data-sfc-cp=\"\" data-sfc-root=\"c\" data-sfc-cb=\"\" data-complete=\"true\" data-processed=\"true\"><\/div>\n<ul>\n<li class=\"dF3vjf\" data-sfc-root=\"c\" data-sfc-cb=\"\" data-hveid=\"CAEIBBAA\" data-complete=\"true\" data-sae=\"\"><span class=\"T286Pc\" data-sfc-cp=\"\" data-sfc-root=\"c\" data-sfc-cb=\"\" data-complete=\"true\">La tige est faite d&rsquo;un nylon <strong class=\"Yjhzub\" data-sfc-root=\"c\" data-sfc-cb=\"\" data-complete=\"true\">ripstop monofilament<\/strong>\u00a0translucide. C&rsquo;est un tissu technique tr\u00e8s fin mais tr\u00e8s r\u00e9sistant aux d\u00e9chirures, qui permet une ventilation constante du pied.<\/span><\/li>\n<li class=\"dF3vjf\" data-sfc-root=\"c\" data-sfc-cb=\"\" data-hveid=\"CAEIBBAC\" data-complete=\"true\" data-sae=\"\"><span class=\"T286Pc\" data-sfc-cp=\"\" data-sfc-root=\"c\" data-sfc-cb=\"\" data-complete=\"true\">Semelle int\u00e9rieure de pointe <strong class=\"Yjhzub\" data-sfc-root=\"c\" data-sfc-cb=\"\" data-complete=\"true\">Amorti Jetstride\u2122 <\/strong>en\u00a0<strong class=\"Yjhzub\" data-sfc-root=\"c\" data-sfc-cb=\"\" data-complete=\"true\">eTPU<\/strong>\u00a0(similaire \u00e0 la technologie \u00ab\u00a0Boost\u00a0\u00bb des chaussures de sport), offrant un excellent retour d&rsquo;\u00e9nergie \u00e0 chaque pas.<\/span><\/li>\n<li class=\"dF3vjf\" data-sfc-root=\"c\" data-sfc-cb=\"\" data-hveid=\"CAEIBBAD\" data-complete=\"true\" data-sae=\"\"><span class=\"T286Pc\" data-sfc-cp=\"\" data-sfc-root=\"c\" data-sfc-cb=\"\" data-complete=\"true\"><b>L&rsquo;e<\/b>mbout de s\u00e9curit\u00e9 est en nanocomposite, ce qui est plus l\u00e9ger et plus mince qu&rsquo;un embout composite standard, tout en \u00e9tant certifi\u00e9\u00a0<strong class=\"Yjhzub\" data-sfc-root=\"c\" data-sfc-cb=\"\" data-complete=\"true\">CSA Classe 1<\/strong>.<\/span><\/li>\n<li class=\"dF3vjf\" data-sfc-root=\"c\" data-sfc-cb=\"\" data-hveid=\"CAEIBBAE\" data-complete=\"true\" data-sae=\"\"><span class=\"T286Pc\" data-sfc-cp=\"\" data-sfc-root=\"c\" data-sfc-cb=\"\" data-complete=\"true\"><strong class=\"Yjhzub\" data-sfc-root=\"c\" data-sfc-cb=\"\" data-complete=\"true\">Protection Antistatique (SD+) :<\/strong>\u00a0Con\u00e7ue pour dissiper l&rsquo;\u00e9lectricit\u00e9 statique, ce qui est essentiel si vous manipulez des composants \u00e9lectroniques.<\/span><button class=\"rBl3me\" tabindex=\"0\" data-amic=\"true\" data-icl-uuid=\"bed5326c-ccb3-4c52-8c45-6f8413976eb4\" aria-label=\"Afficher les liens associ\u00e9s\" data-wiz-attrbind=\"disabled=MnRdqf_1g\/C5gNJc;aria-label=MnRdqf_1g\/bOjMyf;class=MnRdqf_1g\/UpSNec\" data-ved=\"2ahUKEwjq9KquysqTAxXTrokEHco9PEIQye0OegYIAQgEEAU\" data-hveid=\"CAEIBBAF\"><\/button><\/li>\n<li class=\"dF3vjf\" data-sfc-root=\"c\" data-sfc-cb=\"\" data-hveid=\"CAEIBhAA\" data-complete=\"true\" data-sae=\"\"><span class=\"T286Pc\" data-sfc-cp=\"\" data-sfc-root=\"c\" data-sfc-cb=\"\" data-complete=\"true\"><strong class=\"Yjhzub\" data-sfc-root=\"c\" data-sfc-cb=\"\" data-complete=\"true\">Semelle intercalaire :<\/strong>\u00a0En EVA inject\u00e9 pour un rebond dynamique.<\/span><\/li>\n<li class=\"dF3vjf\" data-sfc-root=\"c\" data-sfc-cb=\"\" data-hveid=\"CAEIBhAB\" data-complete=\"true\" data-sae=\"\"><span class=\"T286Pc\" data-sfc-cp=\"\" data-sfc-root=\"c\" data-sfc-cb=\"\" data-complete=\"true\" aria-owns=\"action-menu-parent-container\"><strong class=\"Yjhzub\" data-sfc-root=\"c\" data-sfc-cb=\"\" data-complete=\"true\">Semelle e<\/strong>n caoutchouc antid\u00e9rapant avec une plaque de support en TPU au centre pour \u00e9viter que la chaussure ne se torde (stabilit\u00e9 lat\u00e9rale).<\/span><\/li>\n<\/ul>\n<p><em><span style=\"color: #fa0b0b;\">Unisex U.S. men's sizes presented. To convert to U.S. women's size, add 2 sizes. Example: 5 U.S. men = 7 U.S. women<\/span><\/em><\/p>\n<p><img decoding=\"async\" class=\"alignnone wp-image-40620\" src=\"https:\/\/autravail.ca\/wp-content\/uploads\/2025\/09\/Jachete-quebec-et-canada.jpg\" alt=\"Logo de l'achat local\" width=\"162\" height=\"139\" \/>Merci d&rsquo;encourager une entreprise 100% d&rsquo;ici!<\/p>\n<p>TS2603H<\/p>","protected":false},"excerpt":{"rendered":"<p>Soulier de travail Lite SD &#8211; 4NS3BB Soulier de travail Lite SD &#8211; 4NS3BB de Terra. C&rsquo;est l&rsquo;une des chaussures de s\u00e9curit\u00e9 les plus l\u00e9g\u00e8res et respirantes de la gamme Terra, con\u00e7ue pour ceux qui marchent \u00e9norm\u00e9ment \u00e0 l&rsquo;int\u00e9rieur (entrep\u00f4ts, usines, logistique). Caract\u00e9ristiques: La tige est faite d&rsquo;un nylon ripstop monofilament\u00a0translucide. C&rsquo;est un tissu technique [&hellip;]<\/p>","protected":false},"featured_media":14709,"comment_status":"open","ping_status":"closed","template":"","meta":[],"product_cat":[633,602],"product_tag":[270,255,242,261,253,283],"class_list":{"0":"post-30582","1":"product","2":"type-product","3":"status-publish","4":"has-post-thumbnail","6":"product_brand-terra","7":"product_cat-femmes","8":"product_cat-hommes","9":"product_tag-espadrilles-de-travail","10":"product_tag-femme","11":"product_tag-homme","12":"product_tag-novago","13":"product_tag-sole-protection","14":"product_tag-static-dissipative","16":"first","17":"instock","18":"taxable","19":"shipping-taxable","20":"purchasable","21":"product-type-variable"},"yoast_head":"<!-- This site is optimized with the Yoast SEO plugin v25.3.1 - https:\/\/yoast.com\/wordpress\/plugins\/seo\/ -->\n<title>Soulier de travail Lite SD - 4NS3BB - Le Magasin Industriel<\/title>\n<meta name=\"description\" content=\"Soulier de travail Lite SD - 4NS3BB con\u00e7ue pour ceux qui marchent \u00e9norm\u00e9ment \u00e0 l&#039;int\u00e9rieur (entrep\u00f4ts, usines, logistique)\" \/>\n<meta name=\"robots\" content=\"index, follow, max-snippet:-1, max-image-preview:large, max-video-preview:-1\" \/>\n<link rel=\"canonical\" href=\"https:\/\/autravail.ca\/en\/product\/soulier-de-travail-lite-sd-4ns3bb\/\" \/>\n<meta property=\"og:locale\" content=\"en_US\" \/>\n<meta property=\"og:type\" content=\"article\" \/>\n<meta property=\"og:title\" content=\"Soulier de travail Lite SD - 4NS3BB - Le Magasin Industriel\" \/>\n<meta property=\"og:description\" content=\"Soulier de travail Lite SD - 4NS3BB con\u00e7ue pour ceux qui marchent \u00e9norm\u00e9ment \u00e0 l&#039;int\u00e9rieur (entrep\u00f4ts, usines, logistique)\" \/>\n<meta property=\"og:url\" content=\"https:\/\/autravail.ca\/en\/product\/soulier-de-travail-lite-sd-4ns3bb\/\" \/>\n<meta property=\"og:site_name\" content=\"Le Magasin Industriel\" \/>\n<meta property=\"article:publisher\" content=\"https:\/\/www.facebook.com\/lemagasinindustriel\/?locale=fr_FR\" \/>\n<meta property=\"article:modified_time\" content=\"2026-03-31T16:50:17+00:00\" \/>\n<meta property=\"og:image\" content=\"https:\/\/autravail.ca\/wp-content\/uploads\/2025\/05\/4NS3BB_A01.jpg\" \/>\n\t<meta property=\"og:image:width\" content=\"1000\" \/>\n\t<meta property=\"og:image:height\" content=\"1000\" \/>\n\t<meta property=\"og:image:type\" content=\"image\/jpeg\" \/>\n<meta name=\"twitter:card\" content=\"summary_large_image\" \/>\n<meta name=\"twitter:label1\" content=\"Est. reading time\" \/>\n\t<meta name=\"twitter:data1\" content=\"2 minutes\" \/>\n<script type=\"application\/ld+json\" class=\"yoast-schema-graph\">{\"@context\":\"https:\/\/schema.org\",\"@graph\":[{\"@type\":\"WebPage\",\"@id\":\"https:\/\/autravail.ca\/product\/soulier-de-travail-lite-sd-4ns3bb\/\",\"url\":\"https:\/\/autravail.ca\/product\/soulier-de-travail-lite-sd-4ns3bb\/\",\"name\":\"Soulier de travail Lite SD - 4NS3BB - Le Magasin Industriel\",\"isPartOf\":{\"@id\":\"https:\/\/autravail.ca\/#website\"},\"primaryImageOfPage\":{\"@id\":\"https:\/\/autravail.ca\/product\/soulier-de-travail-lite-sd-4ns3bb\/#primaryimage\"},\"image\":{\"@id\":\"https:\/\/autravail.ca\/product\/soulier-de-travail-lite-sd-4ns3bb\/#primaryimage\"},\"thumbnailUrl\":\"https:\/\/autravail.ca\/wp-content\/uploads\/2025\/05\/4NS3BB_A01.jpg\",\"datePublished\":\"2025-05-08T06:41:10+00:00\",\"dateModified\":\"2026-03-31T16:50:17+00:00\",\"description\":\"Soulier de travail Lite SD - 4NS3BB con\u00e7ue pour ceux qui marchent \u00e9norm\u00e9ment \u00e0 l'int\u00e9rieur (entrep\u00f4ts, usines, logistique)\",\"breadcrumb\":{\"@id\":\"https:\/\/autravail.ca\/product\/soulier-de-travail-lite-sd-4ns3bb\/#breadcrumb\"},\"inLanguage\":\"en-CA\",\"potentialAction\":[{\"@type\":\"ReadAction\",\"target\":[\"https:\/\/autravail.ca\/product\/soulier-de-travail-lite-sd-4ns3bb\/\"]}]},{\"@type\":\"ImageObject\",\"inLanguage\":\"en-CA\",\"@id\":\"https:\/\/autravail.ca\/product\/soulier-de-travail-lite-sd-4ns3bb\/#primaryimage\",\"url\":\"https:\/\/autravail.ca\/wp-content\/uploads\/2025\/05\/4NS3BB_A01.jpg\",\"contentUrl\":\"https:\/\/autravail.ca\/wp-content\/uploads\/2025\/05\/4NS3BB_A01.jpg\",\"width\":1000,\"height\":1000,\"caption\":\"Soulier de travail Lite SD - 4NS3BB\"},{\"@type\":\"BreadcrumbList\",\"@id\":\"https:\/\/autravail.ca\/product\/soulier-de-travail-lite-sd-4ns3bb\/#breadcrumb\",\"itemListElement\":[{\"@type\":\"ListItem\",\"position\":1,\"name\":\"Accueil\",\"item\":\"https:\/\/autravail.ca\/\"},{\"@type\":\"ListItem\",\"position\":2,\"name\":\"Magasin\",\"item\":\"https:\/\/autravail.ca\/en\/shop\/\"},{\"@type\":\"ListItem\",\"position\":3,\"name\":\"Soulier de travail Lite SD &#8211; 4NS3BB\"}]},{\"@type\":\"WebSite\",\"@id\":\"https:\/\/autravail.ca\/#website\",\"url\":\"https:\/\/autravail.ca\/\",\"name\":\"Le Magasin Industriel\",\"description\":\"50 ans de tradition de s\u00e9curit\u00e9 au travail\",\"publisher\":{\"@id\":\"https:\/\/autravail.ca\/#organization\"},\"potentialAction\":[{\"@type\":\"SearchAction\",\"target\":{\"@type\":\"EntryPoint\",\"urlTemplate\":\"https:\/\/autravail.ca\/?s={search_term_string}\"},\"query-input\":{\"@type\":\"PropertyValueSpecification\",\"valueRequired\":true,\"valueName\":\"search_term_string\"}}],\"inLanguage\":\"en-CA\"},{\"@type\":\"Organization\",\"@id\":\"https:\/\/autravail.ca\/#organization\",\"name\":\"Le Magasin Industriel\",\"url\":\"https:\/\/autravail.ca\/\",\"logo\":{\"@type\":\"ImageObject\",\"inLanguage\":\"en-CA\",\"@id\":\"https:\/\/autravail.ca\/#\/schema\/logo\/image\/\",\"url\":\"https:\/\/autravail.ca\/wp-content\/uploads\/2025\/05\/cropped-magasin_industriel_120x.avif\",\"contentUrl\":\"https:\/\/autravail.ca\/wp-content\/uploads\/2025\/05\/cropped-magasin_industriel_120x.avif\",\"width\":120,\"height\":24,\"caption\":\"Le Magasin Industriel\"},\"image\":{\"@id\":\"https:\/\/autravail.ca\/#\/schema\/logo\/image\/\"},\"sameAs\":[\"https:\/\/www.facebook.com\/lemagasinindustriel\/?locale=fr_FR\"]}]}<\/script>\n<!-- \/ Yoast SEO plugin. -->","yoast_head_json":{"title":"Soulier de travail Lite SD - 4NS3BB - Le Magasin Industriel","description":"Soulier de travail Lite SD - 4NS3BB con\u00e7ue pour ceux qui marchent \u00e9norm\u00e9ment \u00e0 l'int\u00e9rieur (entrep\u00f4ts, usines, logistique)","robots":{"index":"index","follow":"follow","max-snippet":"max-snippet:-1","max-image-preview":"max-image-preview:large","max-video-preview":"max-video-preview:-1"},"canonical":"https:\/\/autravail.ca\/en\/product\/soulier-de-travail-lite-sd-4ns3bb\/","og_locale":"en_US","og_type":"article","og_title":"Soulier de travail Lite SD - 4NS3BB - Le Magasin Industriel","og_description":"Soulier de travail Lite SD - 4NS3BB con\u00e7ue pour ceux qui marchent \u00e9norm\u00e9ment \u00e0 l'int\u00e9rieur (entrep\u00f4ts, usines, logistique)","og_url":"https:\/\/autravail.ca\/en\/product\/soulier-de-travail-lite-sd-4ns3bb\/","og_site_name":"Le Magasin Industriel","article_publisher":"https:\/\/www.facebook.com\/lemagasinindustriel\/?locale=fr_FR","article_modified_time":"2026-03-31T16:50:17+00:00","og_image":[{"width":1000,"height":1000,"url":"https:\/\/autravail.ca\/wp-content\/uploads\/2025\/05\/4NS3BB_A01.jpg","type":"image\/jpeg"}],"twitter_card":"summary_large_image","twitter_misc":{"Est. reading time":"2 minutes"},"schema":{"@context":"https:\/\/schema.org","@graph":[{"@type":"WebPage","@id":"https:\/\/autravail.ca\/product\/soulier-de-travail-lite-sd-4ns3bb\/","url":"https:\/\/autravail.ca\/product\/soulier-de-travail-lite-sd-4ns3bb\/","name":"Soulier de travail Lite SD - 4NS3BB - Le Magasin Industriel","isPartOf":{"@id":"https:\/\/autravail.ca\/#website"},"primaryImageOfPage":{"@id":"https:\/\/autravail.ca\/product\/soulier-de-travail-lite-sd-4ns3bb\/#primaryimage"},"image":{"@id":"https:\/\/autravail.ca\/product\/soulier-de-travail-lite-sd-4ns3bb\/#primaryimage"},"thumbnailUrl":"https:\/\/autravail.ca\/wp-content\/uploads\/2025\/05\/4NS3BB_A01.jpg","datePublished":"2025-05-08T06:41:10+00:00","dateModified":"2026-03-31T16:50:17+00:00","description":"Soulier de travail Lite SD - 4NS3BB con\u00e7ue pour ceux qui marchent \u00e9norm\u00e9ment \u00e0 l'int\u00e9rieur (entrep\u00f4ts, usines, logistique)","breadcrumb":{"@id":"https:\/\/autravail.ca\/product\/soulier-de-travail-lite-sd-4ns3bb\/#breadcrumb"},"inLanguage":"en-CA","potentialAction":[{"@type":"ReadAction","target":["https:\/\/autravail.ca\/product\/soulier-de-travail-lite-sd-4ns3bb\/"]}]},{"@type":"ImageObject","inLanguage":"en-CA","@id":"https:\/\/autravail.ca\/product\/soulier-de-travail-lite-sd-4ns3bb\/#primaryimage","url":"https:\/\/autravail.ca\/wp-content\/uploads\/2025\/05\/4NS3BB_A01.jpg","contentUrl":"https:\/\/autravail.ca\/wp-content\/uploads\/2025\/05\/4NS3BB_A01.jpg","width":1000,"height":1000,"caption":"Soulier de travail Lite SD - 4NS3BB"},{"@type":"BreadcrumbList","@id":"https:\/\/autravail.ca\/product\/soulier-de-travail-lite-sd-4ns3bb\/#breadcrumb","itemListElement":[{"@type":"ListItem","position":1,"name":"Accueil","item":"https:\/\/autravail.ca\/"},{"@type":"ListItem","position":2,"name":"Magasin","item":"https:\/\/autravail.ca\/en\/shop\/"},{"@type":"ListItem","position":3,"name":"Soulier de travail Lite SD &#8211; 4NS3BB"}]},{"@type":"WebSite","@id":"https:\/\/autravail.ca\/#website","url":"https:\/\/autravail.ca\/","name":"Le Magasin Industriel","description":"50 ans de tradition de s\u00e9curit\u00e9 au travail","publisher":{"@id":"https:\/\/autravail.ca\/#organization"},"potentialAction":[{"@type":"SearchAction","target":{"@type":"EntryPoint","urlTemplate":"https:\/\/autravail.ca\/?s={search_term_string}"},"query-input":{"@type":"PropertyValueSpecification","valueRequired":true,"valueName":"search_term_string"}}],"inLanguage":"en-CA"},{"@type":"Organization","@id":"https:\/\/autravail.ca\/#organization","name":"Le Magasin Industriel","url":"https:\/\/autravail.ca\/","logo":{"@type":"ImageObject","inLanguage":"en-CA","@id":"https:\/\/autravail.ca\/#\/schema\/logo\/image\/","url":"https:\/\/autravail.ca\/wp-content\/uploads\/2025\/05\/cropped-magasin_industriel_120x.avif","contentUrl":"https:\/\/autravail.ca\/wp-content\/uploads\/2025\/05\/cropped-magasin_industriel_120x.avif","width":120,"height":24,"caption":"Le Magasin Industriel"},"image":{"@id":"https:\/\/autravail.ca\/#\/schema\/logo\/image\/"},"sameAs":["https:\/\/www.facebook.com\/lemagasinindustriel\/?locale=fr_FR"]}]}},"jetpack_sharing_enabled":true,"_links":{"self":[{"href":"https:\/\/autravail.ca\/en\/wp-json\/wp\/v2\/product\/30582","targetHints":{"allow":["GET"]}}],"collection":[{"href":"https:\/\/autravail.ca\/en\/wp-json\/wp\/v2\/product"}],"about":[{"href":"https:\/\/autravail.ca\/en\/wp-json\/wp\/v2\/types\/product"}],"replies":[{"embeddable":true,"href":"https:\/\/autravail.ca\/en\/wp-json\/wp\/v2\/comments?post=30582"}],"wp:featuredmedia":[{"embeddable":true,"href":"https:\/\/autravail.ca\/en\/wp-json\/wp\/v2\/media\/14709"}],"wp:attachment":[{"href":"https:\/\/autravail.ca\/en\/wp-json\/wp\/v2\/media?parent=30582"}],"wp:term":[{"taxonomy":"product_cat","embeddable":true,"href":"https:\/\/autravail.ca\/en\/wp-json\/wp\/v2\/product_cat?post=30582"},{"taxonomy":"product_tag","embeddable":true,"href":"https:\/\/autravail.ca\/en\/wp-json\/wp\/v2\/product_tag?post=30582"}],"curies":[{"name":"wp","href":"https:\/\/api.w.org\/{rel}","templated":true}]}}