{"id":30522,"date":"2025-05-08T06:40:47","date_gmt":"2025-05-08T06:40:47","guid":{"rendered":"https:\/\/meteoquebec.ca\/?post_type=product&#038;p=30522"},"modified":"2025-12-05T05:10:59","modified_gmt":"2025-12-05T09:10:59","slug":"switchback-a2cb8-bottillon-de-travail","status":"publish","type":"product","link":"https:\/\/autravail.ca\/en\/product\/switchback-a2cb8-bottillon-de-travail\/","title":{"rendered":"Botte de travail 6\u2033 Switchback &#8211; A2CB8"},"content":{"rendered":"<h3>Botte de travail 6\u2033 Switchback &#8211; A2CB8<\/h3>\n<p><!--StartFragment --><\/p>\n<p>La Botte de travail 6\u2033 Switchback &#8211; A2CB8 de <a href=\"https:\/\/autravail.ca\/en\/product-brand\/timberland-pro\/\">Timberland Pro<\/a> est une botte de travail imperm\u00e9able con\u00e7ue pour offrir confort, s\u00e9curit\u00e9 et durabilit\u00e9 dans les environnements les plus exigeants. Dot\u00e9e d\u2019un <em>embout de s\u00e9curit\u00e9 asym\u00e9trique en composite<\/em> et d\u2019une <em>plaque antiperforation sans m\u00e9tal<\/em>, elle r\u00e9pond aux normes CSA et prot\u00e8ge contre les chocs \u00e9lectriques.<\/p>\n<p>Sa <em>membrane imperm\u00e9able<\/em> garde les pieds au sec par temps humide. \u00c9galement, la Switchback propose une <em>doublure respirante avec traitement antimicrobien<\/em> pour le contr\u00f4le des odeurs. L\u2019assise plantaire en polyur\u00e9thane avec <em>technologie antifatigue<\/em> absorbe les chocs et renvoie l\u2019\u00e9nergie pour un confort prolong\u00e9. La semelle ext\u00e9rieure en caoutchouc Timberland PRO est <em>antid\u00e9rapante, r\u00e9sistante \u00e0 l\u2019huile et \u00e0 l\u2019abrasion<\/em>, id\u00e9ale pour les surfaces glissantes. Fabriqu\u00e9e avec du cuir pleine fleur et des mat\u00e9riaux recycl\u00e9s ReBOTL, la Switchback allie performance et conscience \u00e9cologique. Parfaite pour les professionnels qui recherchent une botte l\u00e9g\u00e8re, fiable et polyvalente pour affronter les d\u00e9fis du quotidien.<\/p>\n<h4><img decoding=\"async\" class=\"alignnone size-full wp-image-40117\" src=\"https:\/\/autravail.ca\/wp-content\/uploads\/2025\/09\/Certification-Omega-Triangle-vert.jpg\" alt=\"Certifications Om\u00e9ga Triangle vert\" width=\"193\" height=\"110\" srcset=\"https:\/\/autravail.ca\/wp-content\/uploads\/2025\/09\/Certification-Omega-Triangle-vert.jpg 193w, https:\/\/autravail.ca\/wp-content\/uploads\/2025\/09\/Certification-Omega-Triangle-vert-150x85.jpg 150w, https:\/\/autravail.ca\/wp-content\/uploads\/2025\/09\/Certification-Omega-Triangle-vert-18x10.jpg 18w\" sizes=\"(max-width: 193px) 100vw, 193px\" \/><\/h4>\n<p><!--EndFragment --><\/p>\n<h4>Characteristics:<\/h4>\n<ul>\n<li class=\"ml-5\">Cuir imperm\u00e9able r\u00e9sistant \u00e0 l\u2019abrasion avec membrane imperm\u00e9able<\/li>\n<li class=\"ml-5\">Asymmetrical composite safety buckle<\/li>\n<li class=\"ml-5\">Protection contre les dangers \u00e9lectriques<\/li>\n<li class=\"ml-5\">Cambrion en fibre de verre pour un soutien structurel<\/li>\n<li class=\"ml-5\">Degr\u00e9 de r\u00e9sistance au glissement Mark II #3 sur carreau American Olean huileux et mouill\u00e9 \u00e0 0,40<\/li>\n<li class=\"ml-5\">Assise plantaire en polyur\u00e9thane avec technologie antifatigue offrant amortissement des chocs et retour d\u2019\u00e9nergie<\/li>\n<li class=\"ml-5\">Non-metallic Perforation Resistant Plaque<\/li>\n<li class=\"ml-5\">Doublure respirante qui \u00e9vacue l\u2019humidit\u00e9, avec traitement antimicrobien contr\u00f4lant les odeurs<\/li>\n<li class=\"ml-5\">Fabrication soud\u00e9e favorisant la flexibilit\u00e9<\/li>\n<li class=\"ml-5\">Garantie confort 30 jours<\/li>\n<\/ul>\n<p><img decoding=\"async\" class=\"alignnone wp-image-40620\" src=\"https:\/\/autravail.ca\/wp-content\/uploads\/2025\/09\/Jachete-quebec-et-canada.jpg\" alt=\"Logo de l'achat local\" width=\"162\" height=\"139\" \/>Merci d&rsquo;encourager une entreprise 100% d&rsquo;ici!<\/p>","protected":false},"excerpt":{"rendered":"<p>Botte de travail 6\u2033 Switchback &#8211; A2CB8 La Botte de travail 6\u2033 Switchback &#8211; A2CB8 de Timberland Pro est une botte de travail imperm\u00e9able con\u00e7ue pour offrir confort, s\u00e9curit\u00e9 et durabilit\u00e9 dans les environnements les plus exigeants. Dot\u00e9e d\u2019un embout de s\u00e9curit\u00e9 asym\u00e9trique en composite et d\u2019une plaque antiperforation sans m\u00e9tal, elle r\u00e9pond aux normes [&hellip;]<\/p>","protected":false},"featured_media":40819,"comment_status":"open","ping_status":"closed","template":"","meta":[],"product_cat":[621,602],"product_tag":[260,252,242,279,253],"class_list":{"0":"post-30522","1":"product","2":"type-product","3":"status-publish","4":"has-post-thumbnail","6":"product_brand-timberland-pro","7":"product_cat-bottes-de-travail-6","8":"product_cat-hommes","9":"product_tag-bottillons-de-travail","10":"product_tag-electric-shock-resistant","11":"product_tag-homme","12":"product_tag-membrane","13":"product_tag-sole-protection","15":"first","16":"instock","17":"taxable","18":"shipping-taxable","19":"purchasable","20":"product-type-variable"},"yoast_head":"<!-- This site is optimized with the Yoast SEO plugin v25.3.1 - https:\/\/yoast.com\/wordpress\/plugins\/seo\/ -->\n<title>Botte de travail 6\u2033 Switchback - A2CB8 - Le Magasin Industriel<\/title>\n<meta name=\"description\" content=\"Botte de travail 6\u2033 Switchback - A2CB8 de Timberland Pro avec membrane imperm\u00e9able et semelle confortable pour les longues journ\u00e9es de travail.\" \/>\n<meta name=\"robots\" content=\"index, follow, max-snippet:-1, max-image-preview:large, max-video-preview:-1\" \/>\n<link rel=\"canonical\" href=\"https:\/\/autravail.ca\/en\/product\/switchback-a2cb8-bottillon-de-travail\/\" \/>\n<meta property=\"og:locale\" content=\"en_US\" \/>\n<meta property=\"og:type\" content=\"article\" \/>\n<meta property=\"og:title\" content=\"Botte de travail 6\u2033 Switchback - A2CB8 - Le Magasin Industriel\" \/>\n<meta property=\"og:description\" content=\"Botte de travail 6\u2033 Switchback - A2CB8 de Timberland Pro avec membrane imperm\u00e9able et semelle confortable pour les longues journ\u00e9es de travail.\" \/>\n<meta property=\"og:url\" content=\"https:\/\/autravail.ca\/en\/product\/switchback-a2cb8-bottillon-de-travail\/\" \/>\n<meta property=\"og:site_name\" content=\"Le Magasin Industriel\" \/>\n<meta property=\"article:publisher\" content=\"https:\/\/www.facebook.com\/lemagasinindustriel\/?locale=fr_FR\" \/>\n<meta property=\"article:modified_time\" content=\"2025-12-05T09:10:59+00:00\" \/>\n<meta property=\"og:image\" content=\"https:\/\/autravail.ca\/wp-content\/uploads\/2025\/05\/A2CB8_A01-1.jpg\" \/>\n\t<meta property=\"og:image:width\" content=\"600\" \/>\n\t<meta property=\"og:image:height\" content=\"600\" \/>\n\t<meta property=\"og:image:type\" content=\"image\/jpeg\" \/>\n<meta name=\"twitter:card\" content=\"summary_large_image\" \/>\n<meta name=\"twitter:label1\" content=\"Est. reading time\" \/>\n\t<meta name=\"twitter:data1\" content=\"2 minutes\" \/>\n<script type=\"application\/ld+json\" class=\"yoast-schema-graph\">{\"@context\":\"https:\/\/schema.org\",\"@graph\":[{\"@type\":\"WebPage\",\"@id\":\"https:\/\/autravail.ca\/product\/switchback-a2cb8-bottillon-de-travail\/\",\"url\":\"https:\/\/autravail.ca\/product\/switchback-a2cb8-bottillon-de-travail\/\",\"name\":\"Botte de travail 6\u2033 Switchback - A2CB8 - Le Magasin Industriel\",\"isPartOf\":{\"@id\":\"https:\/\/autravail.ca\/#website\"},\"primaryImageOfPage\":{\"@id\":\"https:\/\/autravail.ca\/product\/switchback-a2cb8-bottillon-de-travail\/#primaryimage\"},\"image\":{\"@id\":\"https:\/\/autravail.ca\/product\/switchback-a2cb8-bottillon-de-travail\/#primaryimage\"},\"thumbnailUrl\":\"https:\/\/autravail.ca\/wp-content\/uploads\/2025\/05\/A2CB8_A01-1.jpg\",\"datePublished\":\"2025-05-08T06:40:47+00:00\",\"dateModified\":\"2025-12-05T09:10:59+00:00\",\"description\":\"Botte de travail 6\u2033 Switchback - A2CB8 de Timberland Pro avec membrane imperm\u00e9able et semelle confortable pour les longues journ\u00e9es de travail.\",\"breadcrumb\":{\"@id\":\"https:\/\/autravail.ca\/product\/switchback-a2cb8-bottillon-de-travail\/#breadcrumb\"},\"inLanguage\":\"en-CA\",\"potentialAction\":[{\"@type\":\"ReadAction\",\"target\":[\"https:\/\/autravail.ca\/product\/switchback-a2cb8-bottillon-de-travail\/\"]}]},{\"@type\":\"ImageObject\",\"inLanguage\":\"en-CA\",\"@id\":\"https:\/\/autravail.ca\/product\/switchback-a2cb8-bottillon-de-travail\/#primaryimage\",\"url\":\"https:\/\/autravail.ca\/wp-content\/uploads\/2025\/05\/A2CB8_A01-1.jpg\",\"contentUrl\":\"https:\/\/autravail.ca\/wp-content\/uploads\/2025\/05\/A2CB8_A01-1.jpg\",\"width\":600,\"height\":600,\"caption\":\"Botte de travail 6 pouces Switchback A2CB8\"},{\"@type\":\"BreadcrumbList\",\"@id\":\"https:\/\/autravail.ca\/product\/switchback-a2cb8-bottillon-de-travail\/#breadcrumb\",\"itemListElement\":[{\"@type\":\"ListItem\",\"position\":1,\"name\":\"Accueil\",\"item\":\"https:\/\/autravail.ca\/\"},{\"@type\":\"ListItem\",\"position\":2,\"name\":\"Magasin\",\"item\":\"https:\/\/autravail.ca\/en\/shop\/\"},{\"@type\":\"ListItem\",\"position\":3,\"name\":\"Botte de travail 6\u2033 Switchback &#8211; A2CB8\"}]},{\"@type\":\"WebSite\",\"@id\":\"https:\/\/autravail.ca\/#website\",\"url\":\"https:\/\/autravail.ca\/\",\"name\":\"Le Magasin Industriel\",\"description\":\"50 ans de tradition de s\u00e9curit\u00e9 au travail\",\"publisher\":{\"@id\":\"https:\/\/autravail.ca\/#organization\"},\"potentialAction\":[{\"@type\":\"SearchAction\",\"target\":{\"@type\":\"EntryPoint\",\"urlTemplate\":\"https:\/\/autravail.ca\/?s={search_term_string}\"},\"query-input\":{\"@type\":\"PropertyValueSpecification\",\"valueRequired\":true,\"valueName\":\"search_term_string\"}}],\"inLanguage\":\"en-CA\"},{\"@type\":\"Organization\",\"@id\":\"https:\/\/autravail.ca\/#organization\",\"name\":\"Le Magasin Industriel\",\"url\":\"https:\/\/autravail.ca\/\",\"logo\":{\"@type\":\"ImageObject\",\"inLanguage\":\"en-CA\",\"@id\":\"https:\/\/autravail.ca\/#\/schema\/logo\/image\/\",\"url\":\"https:\/\/autravail.ca\/wp-content\/uploads\/2025\/05\/cropped-magasin_industriel_120x.avif\",\"contentUrl\":\"https:\/\/autravail.ca\/wp-content\/uploads\/2025\/05\/cropped-magasin_industriel_120x.avif\",\"width\":120,\"height\":24,\"caption\":\"Le Magasin Industriel\"},\"image\":{\"@id\":\"https:\/\/autravail.ca\/#\/schema\/logo\/image\/\"},\"sameAs\":[\"https:\/\/www.facebook.com\/lemagasinindustriel\/?locale=fr_FR\"]}]}<\/script>\n<!-- \/ Yoast SEO plugin. -->","yoast_head_json":{"title":"Botte de travail 6\u2033 Switchback - A2CB8 - Le Magasin Industriel","description":"Botte de travail 6\u2033 Switchback - A2CB8 de Timberland Pro avec membrane imperm\u00e9able et semelle confortable pour les longues journ\u00e9es de travail.","robots":{"index":"index","follow":"follow","max-snippet":"max-snippet:-1","max-image-preview":"max-image-preview:large","max-video-preview":"max-video-preview:-1"},"canonical":"https:\/\/autravail.ca\/en\/product\/switchback-a2cb8-bottillon-de-travail\/","og_locale":"en_US","og_type":"article","og_title":"Botte de travail 6\u2033 Switchback - A2CB8 - Le Magasin Industriel","og_description":"Botte de travail 6\u2033 Switchback - A2CB8 de Timberland Pro avec membrane imperm\u00e9able et semelle confortable pour les longues journ\u00e9es de travail.","og_url":"https:\/\/autravail.ca\/en\/product\/switchback-a2cb8-bottillon-de-travail\/","og_site_name":"Le Magasin Industriel","article_publisher":"https:\/\/www.facebook.com\/lemagasinindustriel\/?locale=fr_FR","article_modified_time":"2025-12-05T09:10:59+00:00","og_image":[{"width":600,"height":600,"url":"https:\/\/autravail.ca\/wp-content\/uploads\/2025\/05\/A2CB8_A01-1.jpg","type":"image\/jpeg"}],"twitter_card":"summary_large_image","twitter_misc":{"Est. reading time":"2 minutes"},"schema":{"@context":"https:\/\/schema.org","@graph":[{"@type":"WebPage","@id":"https:\/\/autravail.ca\/product\/switchback-a2cb8-bottillon-de-travail\/","url":"https:\/\/autravail.ca\/product\/switchback-a2cb8-bottillon-de-travail\/","name":"Botte de travail 6\u2033 Switchback - A2CB8 - Le Magasin Industriel","isPartOf":{"@id":"https:\/\/autravail.ca\/#website"},"primaryImageOfPage":{"@id":"https:\/\/autravail.ca\/product\/switchback-a2cb8-bottillon-de-travail\/#primaryimage"},"image":{"@id":"https:\/\/autravail.ca\/product\/switchback-a2cb8-bottillon-de-travail\/#primaryimage"},"thumbnailUrl":"https:\/\/autravail.ca\/wp-content\/uploads\/2025\/05\/A2CB8_A01-1.jpg","datePublished":"2025-05-08T06:40:47+00:00","dateModified":"2025-12-05T09:10:59+00:00","description":"Botte de travail 6\u2033 Switchback - A2CB8 de Timberland Pro avec membrane imperm\u00e9able et semelle confortable pour les longues journ\u00e9es de travail.","breadcrumb":{"@id":"https:\/\/autravail.ca\/product\/switchback-a2cb8-bottillon-de-travail\/#breadcrumb"},"inLanguage":"en-CA","potentialAction":[{"@type":"ReadAction","target":["https:\/\/autravail.ca\/product\/switchback-a2cb8-bottillon-de-travail\/"]}]},{"@type":"ImageObject","inLanguage":"en-CA","@id":"https:\/\/autravail.ca\/product\/switchback-a2cb8-bottillon-de-travail\/#primaryimage","url":"https:\/\/autravail.ca\/wp-content\/uploads\/2025\/05\/A2CB8_A01-1.jpg","contentUrl":"https:\/\/autravail.ca\/wp-content\/uploads\/2025\/05\/A2CB8_A01-1.jpg","width":600,"height":600,"caption":"Botte de travail 6 pouces Switchback A2CB8"},{"@type":"BreadcrumbList","@id":"https:\/\/autravail.ca\/product\/switchback-a2cb8-bottillon-de-travail\/#breadcrumb","itemListElement":[{"@type":"ListItem","position":1,"name":"Accueil","item":"https:\/\/autravail.ca\/"},{"@type":"ListItem","position":2,"name":"Magasin","item":"https:\/\/autravail.ca\/en\/shop\/"},{"@type":"ListItem","position":3,"name":"Botte de travail 6\u2033 Switchback &#8211; A2CB8"}]},{"@type":"WebSite","@id":"https:\/\/autravail.ca\/#website","url":"https:\/\/autravail.ca\/","name":"Le Magasin Industriel","description":"50 ans de tradition de s\u00e9curit\u00e9 au travail","publisher":{"@id":"https:\/\/autravail.ca\/#organization"},"potentialAction":[{"@type":"SearchAction","target":{"@type":"EntryPoint","urlTemplate":"https:\/\/autravail.ca\/?s={search_term_string}"},"query-input":{"@type":"PropertyValueSpecification","valueRequired":true,"valueName":"search_term_string"}}],"inLanguage":"en-CA"},{"@type":"Organization","@id":"https:\/\/autravail.ca\/#organization","name":"Le Magasin Industriel","url":"https:\/\/autravail.ca\/","logo":{"@type":"ImageObject","inLanguage":"en-CA","@id":"https:\/\/autravail.ca\/#\/schema\/logo\/image\/","url":"https:\/\/autravail.ca\/wp-content\/uploads\/2025\/05\/cropped-magasin_industriel_120x.avif","contentUrl":"https:\/\/autravail.ca\/wp-content\/uploads\/2025\/05\/cropped-magasin_industriel_120x.avif","width":120,"height":24,"caption":"Le Magasin Industriel"},"image":{"@id":"https:\/\/autravail.ca\/#\/schema\/logo\/image\/"},"sameAs":["https:\/\/www.facebook.com\/lemagasinindustriel\/?locale=fr_FR"]}]}},"jetpack_sharing_enabled":true,"_links":{"self":[{"href":"https:\/\/autravail.ca\/en\/wp-json\/wp\/v2\/product\/30522","targetHints":{"allow":["GET"]}}],"collection":[{"href":"https:\/\/autravail.ca\/en\/wp-json\/wp\/v2\/product"}],"about":[{"href":"https:\/\/autravail.ca\/en\/wp-json\/wp\/v2\/types\/product"}],"replies":[{"embeddable":true,"href":"https:\/\/autravail.ca\/en\/wp-json\/wp\/v2\/comments?post=30522"}],"wp:featuredmedia":[{"embeddable":true,"href":"https:\/\/autravail.ca\/en\/wp-json\/wp\/v2\/media\/40819"}],"wp:attachment":[{"href":"https:\/\/autravail.ca\/en\/wp-json\/wp\/v2\/media?parent=30522"}],"wp:term":[{"taxonomy":"product_cat","embeddable":true,"href":"https:\/\/autravail.ca\/en\/wp-json\/wp\/v2\/product_cat?post=30522"},{"taxonomy":"product_tag","embeddable":true,"href":"https:\/\/autravail.ca\/en\/wp-json\/wp\/v2\/product_tag?post=30522"}],"curies":[{"name":"wp","href":"https:\/\/api.w.org\/{rel}","templated":true}]}}