{"id":30493,"date":"2025-05-08T06:40:33","date_gmt":"2025-05-08T06:40:33","guid":{"rendered":"https:\/\/meteoquebec.ca\/?post_type=product&#038;p=30493"},"modified":"2025-12-05T05:10:59","modified_gmt":"2025-12-05T09:10:59","slug":"a231-polo-performance-adidas","status":"publish","type":"product","link":"https:\/\/autravail.ca\/en\/product\/a231-polo-performance-adidas\/","title":{"rendered":"A231 - POLO PERFORMANCE ADIDAS"},"content":{"rendered":"<h3>ADIDAS PERFORMANCE POLO<\/h3>\n<p>Comfortable and breathable model. Ideal for hosting embroidery at heart, this model is recommended for representatives.<\/p>\n<ul>\n<li>6,33 oz, 100% recycled polyester<\/li>\n<li>hydrophilic end<\/li>\n<li>Collar knit sweater with three-button sleeve<\/li>\n<li>UPF 50+<\/li>\n<li>Contrasted colored heat transfer logo on the right sleeve<\/li>\n<\/ul>","protected":false},"excerpt":{"rendered":"<p>Adidas Performance Polo Model - Comfortable and Breathable. Ideal for embroidery at the heart, this model is recommended for representatives. 6,33 oz, 100% recycled polyester Hydrophile Finish Knit Crew with three-button sleeve. UPF 50+ Sun Protection. Contrasted Heat Transfer Logo on Right Sleeve<\/p>","protected":false},"featured_media":14578,"comment_status":"open","ping_status":"closed","template":"","meta":[],"product_cat":[15],"product_tag":[255,293],"class_list":{"0":"post-30493","1":"product","2":"type-product","3":"status-publish","4":"has-post-thumbnail","6":"product_brand-adidas","7":"product_cat-uncategorized","8":"product_tag-femme","9":"product_tag-t-shirts-polos-et-chandails","11":"first","12":"instock","13":"taxable","14":"shipping-taxable","15":"purchasable","16":"product-type-variable"},"yoast_head":"<!-- This site is optimized with the Yoast SEO plugin v25.3.1 - https:\/\/yoast.com\/wordpress\/plugins\/seo\/ -->\n<title>A231 - POLO PERFORMANCE ADIDAS - Le Magasin Industriel<\/title>\n<meta name=\"robots\" content=\"index, follow, max-snippet:-1, max-image-preview:large, max-video-preview:-1\" \/>\n<link rel=\"canonical\" href=\"https:\/\/autravail.ca\/en\/product\/a231-polo-performance-adidas\/\" \/>\n<meta property=\"og:locale\" content=\"en_US\" \/>\n<meta property=\"og:type\" content=\"article\" \/>\n<meta property=\"og:title\" content=\"A231 - POLO PERFORMANCE ADIDAS - Le Magasin Industriel\" \/>\n<meta property=\"og:description\" content=\"Polo ADIDAS mod\u00e8le PERFORMANCE Mod\u00e8le confortable et respirant. Id\u00e9al pour accueillir une broderie au coeur, ce mod\u00e8le est conseill\u00e9 pour les travailleurs en repr\u00e9sentation. 6,33 oz, 100% polyester recycl\u00e9 Finition hydrophile Col en tricot c\u00f4tel\u00e9 avec patte \u00e0 trois boutons Protection UPF 50+ Logo de transfert de chaleur de couleur contrast\u00e9e sur la manche droite\" \/>\n<meta property=\"og:url\" content=\"https:\/\/autravail.ca\/en\/product\/a231-polo-performance-adidas\/\" \/>\n<meta property=\"og:site_name\" content=\"Le Magasin Industriel\" \/>\n<meta property=\"article:publisher\" content=\"https:\/\/www.facebook.com\/lemagasinindustriel\/?locale=fr_FR\" \/>\n<meta property=\"article:modified_time\" content=\"2025-12-05T09:10:59+00:00\" \/>\n<meta property=\"og:image\" content=\"https:\/\/autravail.ca\/wp-content\/uploads\/2025\/05\/A231_Noir_A01.jpg\" \/>\n\t<meta property=\"og:image:width\" content=\"800\" \/>\n\t<meta property=\"og:image:height\" content=\"720\" \/>\n\t<meta property=\"og:image:type\" content=\"image\/jpeg\" \/>\n<meta name=\"twitter:card\" content=\"summary_large_image\" \/>\n<script type=\"application\/ld+json\" class=\"yoast-schema-graph\">{\"@context\":\"https:\/\/schema.org\",\"@graph\":[{\"@type\":\"WebPage\",\"@id\":\"https:\/\/autravail.ca\/product\/a231-polo-performance-adidas\/\",\"url\":\"https:\/\/autravail.ca\/product\/a231-polo-performance-adidas\/\",\"name\":\"A231 - POLO PERFORMANCE ADIDAS - Le Magasin Industriel\",\"isPartOf\":{\"@id\":\"https:\/\/autravail.ca\/#website\"},\"primaryImageOfPage\":{\"@id\":\"https:\/\/autravail.ca\/product\/a231-polo-performance-adidas\/#primaryimage\"},\"image\":{\"@id\":\"https:\/\/autravail.ca\/product\/a231-polo-performance-adidas\/#primaryimage\"},\"thumbnailUrl\":\"https:\/\/autravail.ca\/wp-content\/uploads\/2025\/05\/A231_Noir_A01.jpg\",\"datePublished\":\"2025-05-08T06:40:33+00:00\",\"dateModified\":\"2025-12-05T09:10:59+00:00\",\"breadcrumb\":{\"@id\":\"https:\/\/autravail.ca\/product\/a231-polo-performance-adidas\/#breadcrumb\"},\"inLanguage\":\"en-CA\",\"potentialAction\":[{\"@type\":\"ReadAction\",\"target\":[\"https:\/\/autravail.ca\/product\/a231-polo-performance-adidas\/\"]}]},{\"@type\":\"ImageObject\",\"inLanguage\":\"en-CA\",\"@id\":\"https:\/\/autravail.ca\/product\/a231-polo-performance-adidas\/#primaryimage\",\"url\":\"https:\/\/autravail.ca\/wp-content\/uploads\/2025\/05\/A231_Noir_A01.jpg\",\"contentUrl\":\"https:\/\/autravail.ca\/wp-content\/uploads\/2025\/05\/A231_Noir_A01.jpg\",\"width\":800,\"height\":720},{\"@type\":\"BreadcrumbList\",\"@id\":\"https:\/\/autravail.ca\/product\/a231-polo-performance-adidas\/#breadcrumb\",\"itemListElement\":[{\"@type\":\"ListItem\",\"position\":1,\"name\":\"Accueil\",\"item\":\"https:\/\/autravail.ca\/\"},{\"@type\":\"ListItem\",\"position\":2,\"name\":\"Magasin\",\"item\":\"https:\/\/autravail.ca\/en\/shop\/\"},{\"@type\":\"ListItem\",\"position\":3,\"name\":\"A231 &#8211; POLO PERFORMANCE ADIDAS\"}]},{\"@type\":\"WebSite\",\"@id\":\"https:\/\/autravail.ca\/#website\",\"url\":\"https:\/\/autravail.ca\/\",\"name\":\"Le Magasin Industriel\",\"description\":\"50 ans de tradition de s\u00e9curit\u00e9 au travail\",\"publisher\":{\"@id\":\"https:\/\/autravail.ca\/#organization\"},\"potentialAction\":[{\"@type\":\"SearchAction\",\"target\":{\"@type\":\"EntryPoint\",\"urlTemplate\":\"https:\/\/autravail.ca\/?s={search_term_string}\"},\"query-input\":{\"@type\":\"PropertyValueSpecification\",\"valueRequired\":true,\"valueName\":\"search_term_string\"}}],\"inLanguage\":\"en-CA\"},{\"@type\":\"Organization\",\"@id\":\"https:\/\/autravail.ca\/#organization\",\"name\":\"Le Magasin Industriel\",\"url\":\"https:\/\/autravail.ca\/\",\"logo\":{\"@type\":\"ImageObject\",\"inLanguage\":\"en-CA\",\"@id\":\"https:\/\/autravail.ca\/#\/schema\/logo\/image\/\",\"url\":\"https:\/\/autravail.ca\/wp-content\/uploads\/2025\/05\/cropped-magasin_industriel_120x.avif\",\"contentUrl\":\"https:\/\/autravail.ca\/wp-content\/uploads\/2025\/05\/cropped-magasin_industriel_120x.avif\",\"width\":120,\"height\":24,\"caption\":\"Le Magasin Industriel\"},\"image\":{\"@id\":\"https:\/\/autravail.ca\/#\/schema\/logo\/image\/\"},\"sameAs\":[\"https:\/\/www.facebook.com\/lemagasinindustriel\/?locale=fr_FR\"]}]}<\/script>\n<!-- \/ Yoast SEO plugin. -->","yoast_head_json":{"title":"A231 - POLO PERFORMANCE ADIDAS - Le Magasin Industriel","robots":{"index":"index","follow":"follow","max-snippet":"max-snippet:-1","max-image-preview":"max-image-preview:large","max-video-preview":"max-video-preview:-1"},"canonical":"https:\/\/autravail.ca\/en\/product\/a231-polo-performance-adidas\/","og_locale":"en_US","og_type":"article","og_title":"A231 - POLO PERFORMANCE ADIDAS - Le Magasin Industriel","og_description":"Polo ADIDAS mod\u00e8le PERFORMANCE Mod\u00e8le confortable et respirant. Id\u00e9al pour accueillir une broderie au coeur, ce mod\u00e8le est conseill\u00e9 pour les travailleurs en repr\u00e9sentation. 6,33 oz, 100% polyester recycl\u00e9 Finition hydrophile Col en tricot c\u00f4tel\u00e9 avec patte \u00e0 trois boutons Protection UPF 50+ Logo de transfert de chaleur de couleur contrast\u00e9e sur la manche droite","og_url":"https:\/\/autravail.ca\/en\/product\/a231-polo-performance-adidas\/","og_site_name":"Le Magasin Industriel","article_publisher":"https:\/\/www.facebook.com\/lemagasinindustriel\/?locale=fr_FR","article_modified_time":"2025-12-05T09:10:59+00:00","og_image":[{"width":800,"height":720,"url":"https:\/\/autravail.ca\/wp-content\/uploads\/2025\/05\/A231_Noir_A01.jpg","type":"image\/jpeg"}],"twitter_card":"summary_large_image","schema":{"@context":"https:\/\/schema.org","@graph":[{"@type":"WebPage","@id":"https:\/\/autravail.ca\/product\/a231-polo-performance-adidas\/","url":"https:\/\/autravail.ca\/product\/a231-polo-performance-adidas\/","name":"A231 - POLO PERFORMANCE ADIDAS - Le Magasin Industriel","isPartOf":{"@id":"https:\/\/autravail.ca\/#website"},"primaryImageOfPage":{"@id":"https:\/\/autravail.ca\/product\/a231-polo-performance-adidas\/#primaryimage"},"image":{"@id":"https:\/\/autravail.ca\/product\/a231-polo-performance-adidas\/#primaryimage"},"thumbnailUrl":"https:\/\/autravail.ca\/wp-content\/uploads\/2025\/05\/A231_Noir_A01.jpg","datePublished":"2025-05-08T06:40:33+00:00","dateModified":"2025-12-05T09:10:59+00:00","breadcrumb":{"@id":"https:\/\/autravail.ca\/product\/a231-polo-performance-adidas\/#breadcrumb"},"inLanguage":"en-CA","potentialAction":[{"@type":"ReadAction","target":["https:\/\/autravail.ca\/product\/a231-polo-performance-adidas\/"]}]},{"@type":"ImageObject","inLanguage":"en-CA","@id":"https:\/\/autravail.ca\/product\/a231-polo-performance-adidas\/#primaryimage","url":"https:\/\/autravail.ca\/wp-content\/uploads\/2025\/05\/A231_Noir_A01.jpg","contentUrl":"https:\/\/autravail.ca\/wp-content\/uploads\/2025\/05\/A231_Noir_A01.jpg","width":800,"height":720},{"@type":"BreadcrumbList","@id":"https:\/\/autravail.ca\/product\/a231-polo-performance-adidas\/#breadcrumb","itemListElement":[{"@type":"ListItem","position":1,"name":"Accueil","item":"https:\/\/autravail.ca\/"},{"@type":"ListItem","position":2,"name":"Magasin","item":"https:\/\/autravail.ca\/en\/shop\/"},{"@type":"ListItem","position":3,"name":"A231 &#8211; POLO PERFORMANCE ADIDAS"}]},{"@type":"WebSite","@id":"https:\/\/autravail.ca\/#website","url":"https:\/\/autravail.ca\/","name":"Le Magasin Industriel","description":"50 ans de tradition de s\u00e9curit\u00e9 au travail","publisher":{"@id":"https:\/\/autravail.ca\/#organization"},"potentialAction":[{"@type":"SearchAction","target":{"@type":"EntryPoint","urlTemplate":"https:\/\/autravail.ca\/?s={search_term_string}"},"query-input":{"@type":"PropertyValueSpecification","valueRequired":true,"valueName":"search_term_string"}}],"inLanguage":"en-CA"},{"@type":"Organization","@id":"https:\/\/autravail.ca\/#organization","name":"Le Magasin Industriel","url":"https:\/\/autravail.ca\/","logo":{"@type":"ImageObject","inLanguage":"en-CA","@id":"https:\/\/autravail.ca\/#\/schema\/logo\/image\/","url":"https:\/\/autravail.ca\/wp-content\/uploads\/2025\/05\/cropped-magasin_industriel_120x.avif","contentUrl":"https:\/\/autravail.ca\/wp-content\/uploads\/2025\/05\/cropped-magasin_industriel_120x.avif","width":120,"height":24,"caption":"Le Magasin Industriel"},"image":{"@id":"https:\/\/autravail.ca\/#\/schema\/logo\/image\/"},"sameAs":["https:\/\/www.facebook.com\/lemagasinindustriel\/?locale=fr_FR"]}]}},"jetpack_sharing_enabled":true,"_links":{"self":[{"href":"https:\/\/autravail.ca\/en\/wp-json\/wp\/v2\/product\/30493","targetHints":{"allow":["GET"]}}],"collection":[{"href":"https:\/\/autravail.ca\/en\/wp-json\/wp\/v2\/product"}],"about":[{"href":"https:\/\/autravail.ca\/en\/wp-json\/wp\/v2\/types\/product"}],"replies":[{"embeddable":true,"href":"https:\/\/autravail.ca\/en\/wp-json\/wp\/v2\/comments?post=30493"}],"wp:featuredmedia":[{"embeddable":true,"href":"https:\/\/autravail.ca\/en\/wp-json\/wp\/v2\/media\/14578"}],"wp:attachment":[{"href":"https:\/\/autravail.ca\/en\/wp-json\/wp\/v2\/media?parent=30493"}],"wp:term":[{"taxonomy":"product_cat","embeddable":true,"href":"https:\/\/autravail.ca\/en\/wp-json\/wp\/v2\/product_cat?post=30493"},{"taxonomy":"product_tag","embeddable":true,"href":"https:\/\/autravail.ca\/en\/wp-json\/wp\/v2\/product_tag?post=30493"}],"curies":[{"name":"wp","href":"https:\/\/api.w.org\/{rel}","templated":true}]}}