{"id":30402,"date":"2025-05-08T06:39:54","date_gmt":"2025-05-08T06:39:54","guid":{"rendered":"https:\/\/meteoquebec.ca\/?post_type=product&#038;p=30402"},"modified":"2025-12-05T05:11:00","modified_gmt":"2025-12-05T09:11:00","slug":"botte-de-travail-metatarse-interne-timberland-endurance-a1wut","status":"publish","type":"product","link":"https:\/\/autravail.ca\/en\/product\/botte-de-travail-metatarse-interne-timberland-endurance-a1wut\/","title":{"rendered":"Botte de travail M\u00e9tatarse interne Timberland Endurance &#8211; A1WUT"},"content":{"rendered":"<h3>Botte de travail M\u00e9tatarse interne Timberland Endurance &#8211; A1WUT<\/h3>\n<p>La Botte de travail M\u00e9tatarse interne Timberland Endurance &#8211; A1WUT offre une protection m\u00e9tatarsienne interne souple avec technologie Skydex. Elle absorbe les chocs efficacement. Son embout en composite Carbon Shield est l\u00e9ger et s\u00e9curitaire. Fid\u00e8le aux produits de <a href=\"https:\/\/autravail.ca\/en\/product-brand\/timberland-pro\/\">Timberland Pro<\/a>, la tige en cuir pleine fleur est imperm\u00e9able et durable. Une membrane interne prot\u00e8ge contre les pathog\u00e8nes. La semelle en caoutchouc r\u00e9siste \u00e0 l\u2019huile, \u00e0 la chaleur et \u00e0 l\u2019abrasion. Elle offre une excellente adh\u00e9rence sur les chantiers. La plaque antiperforation sans m\u00e9tal respecte les normes CSA. La semelle intercalaire antifatigue r\u00e9duit les impacts prolong\u00e9s. L\u2019assise plantaire en polyur\u00e9thane procure confort et retour d\u2019\u00e9nergie. La doublure antimicrobienne contr\u00f4le les odeurs efficacement. La construction \u00e0 injection directe assure solidit\u00e9 et durabilit\u00e9. Le cambrion en fibre de verre soutient la vo\u00fbte plantaire. La quincaillerie m\u00e9tallique double usage est robuste. La botte respecte les normes ASTM et CSA.<\/p>\n<p><img decoding=\"async\" class=\"alignnone size-full wp-image-40117\" src=\"https:\/\/autravail.ca\/wp-content\/uploads\/2025\/09\/Certification-Omega-Triangle-vert.jpg\" alt=\"Certifications Om\u00e9ga Triangle vert\" width=\"193\" height=\"110\" srcset=\"https:\/\/autravail.ca\/wp-content\/uploads\/2025\/09\/Certification-Omega-Triangle-vert.jpg 193w, https:\/\/autravail.ca\/wp-content\/uploads\/2025\/09\/Certification-Omega-Triangle-vert-150x85.jpg 150w, https:\/\/autravail.ca\/wp-content\/uploads\/2025\/09\/Certification-Omega-Triangle-vert-18x10.jpg 18w\" sizes=\"(max-width: 193px) 100vw, 193px\" \/><\/p>\n<h4>Characteristics:<\/h4>\n<ul>\n<li>Pointures disponibles de 3.5 \u00e0 15.0 pour chausser homme et femme<\/li>\n<li class=\"ml-5\">Cuir pleine fleur de premi\u00e8re qualit\u00e9 avec membrane imperm\u00e9able<\/li>\n<li class=\"ml-5\">Embout de s\u00e9curit\u00e9 asym\u00e9trique en composite optimis\u00e9 gr\u00e2ce \u00e0 la technologie Carbon Shield\u2122<\/li>\n<li class=\"ml-5\">Protecteur m\u00e9tatarsien souple \u00e0 l\u2019int\u00e9rieur avec technologie Skydex\u00ae qui prot\u00e8ge en cas d\u2019impact<\/li>\n<li class=\"ml-5\">Protection contre les d\u00e9charges \u00e9lectriques<\/li>\n<li class=\"ml-5\">Cambrion sans m\u00e9tal offrant un soutien structurel<\/li>\n<li>Certifi\u00e9e CSA Om\u00e9ga, M\u00e9tatarse interne<\/li>\n<li class=\"ml-5\">Assise plantaire en polyur\u00e9thane avec technologie antifatigue offrant amortissement des chocs et retour d\u2019\u00e9nergie<\/li>\n<li class=\"ml-5\">\u00c9l\u00e9ments m\u00e9talliques double usage<\/li>\n<li class=\"ml-5\">Doublure en filet avec traitement antimicrobien contr\u00f4lant les odeurs<\/li>\n<li class=\"ml-5\">Fabrication \u00e0 injection directe<\/li>\n<li class=\"ml-5\">Semelle d\u2019usure en caoutchouc non marquant qui r\u00e9siste \u00e0 la chaleur, \u00e0 l\u2019huile, au glissement et \u00e0 l\u2019abrasion<\/li>\n<\/ul>\n<p><img decoding=\"async\" class=\"alignnone wp-image-40620\" src=\"https:\/\/autravail.ca\/wp-content\/uploads\/2025\/09\/Jachete-quebec-et-canada.jpg\" alt=\"Logo de l'achat local\" width=\"162\" height=\"139\" \/>Merci d&rsquo;encourager une entreprise 100% d&rsquo;ici!<\/p>","protected":false},"excerpt":{"rendered":"<p>Botte de travail M\u00e9tatarse interne Timberland Endurance &#8211; A1WUT La Botte de travail M\u00e9tatarse interne Timberland Endurance &#8211; A1WUT offre une protection m\u00e9tatarsienne interne souple avec technologie Skydex. Elle absorbe les chocs efficacement. Son embout en composite Carbon Shield est l\u00e9ger et s\u00e9curitaire. Fid\u00e8le aux produits de Timberland Pro, la tige en cuir pleine fleur [&hellip;]<\/p>","protected":false},"featured_media":41012,"comment_status":"open","ping_status":"closed","template":"","meta":[],"product_cat":[613,642,805,602,799,626],"product_tag":[251,252,255,242,363,253],"class_list":{"0":"post-30402","1":"product","2":"type-product","3":"status-publish","4":"has-post-thumbnail","6":"product_brand-timberland-pro","7":"product_cat-bottes-de-travail","8":"product_cat-bottes-de-travail-femme","9":"product_cat-bottes-de-travail-homme","10":"product_cat-hommes","11":"product_cat-metatarse-internes","12":"product_cat-protection-metatarsienne","13":"product_tag-bottes-de-travail","14":"product_tag-electric-shock-resistant","15":"product_tag-femme","16":"product_tag-homme","17":"product_tag-metatarse-interne","18":"product_tag-sole-protection","20":"first","21":"instock","22":"taxable","23":"shipping-taxable","24":"purchasable","25":"product-type-variable"},"yoast_head":"<!-- This site is optimized with the Yoast SEO plugin v25.3.1 - https:\/\/yoast.com\/wordpress\/plugins\/seo\/ -->\n<title>Botte de travail M\u00e9tatarse interne Timberland Endurance - A1WUT - Le Magasin Industriel<\/title>\n<meta name=\"description\" content=\"Botte de travail M\u00e9tatarse interne Timberland Endurance - A1WUT pour prolonger la protection \u00e0 partir des orteils jusqu&#039;au dessus du pied.\" \/>\n<meta name=\"robots\" content=\"index, follow, max-snippet:-1, max-image-preview:large, max-video-preview:-1\" \/>\n<link rel=\"canonical\" href=\"https:\/\/autravail.ca\/en\/product\/botte-de-travail-metatarse-interne-timberland-endurance-a1wut\/\" \/>\n<meta property=\"og:locale\" content=\"en_US\" \/>\n<meta property=\"og:type\" content=\"article\" \/>\n<meta property=\"og:title\" content=\"Botte de travail M\u00e9tatarse interne Timberland Endurance - A1WUT - Le Magasin Industriel\" \/>\n<meta property=\"og:description\" content=\"Botte de travail M\u00e9tatarse interne Timberland Endurance - A1WUT pour prolonger la protection \u00e0 partir des orteils jusqu&#039;au dessus du pied.\" \/>\n<meta property=\"og:url\" content=\"https:\/\/autravail.ca\/en\/product\/botte-de-travail-metatarse-interne-timberland-endurance-a1wut\/\" \/>\n<meta property=\"og:site_name\" content=\"Le Magasin Industriel\" \/>\n<meta property=\"article:publisher\" content=\"https:\/\/www.facebook.com\/lemagasinindustriel\/?locale=fr_FR\" \/>\n<meta property=\"article:modified_time\" content=\"2025-12-05T09:11:00+00:00\" \/>\n<meta property=\"og:image\" content=\"https:\/\/autravail.ca\/wp-content\/uploads\/2025\/05\/A1WUT_A01-1.jpg\" \/>\n\t<meta property=\"og:image:width\" content=\"1000\" \/>\n\t<meta property=\"og:image:height\" content=\"1000\" \/>\n\t<meta property=\"og:image:type\" content=\"image\/jpeg\" \/>\n<meta name=\"twitter:card\" content=\"summary_large_image\" \/>\n<meta name=\"twitter:label1\" content=\"Est. reading time\" \/>\n\t<meta name=\"twitter:data1\" content=\"2 minutes\" \/>\n<script type=\"application\/ld+json\" class=\"yoast-schema-graph\">{\"@context\":\"https:\/\/schema.org\",\"@graph\":[{\"@type\":\"WebPage\",\"@id\":\"https:\/\/autravail.ca\/product\/botte-de-travail-metatarse-interne-timberland-endurance-a1wut\/\",\"url\":\"https:\/\/autravail.ca\/product\/botte-de-travail-metatarse-interne-timberland-endurance-a1wut\/\",\"name\":\"Botte de travail M\u00e9tatarse interne Timberland Endurance - A1WUT - Le Magasin Industriel\",\"isPartOf\":{\"@id\":\"https:\/\/autravail.ca\/#website\"},\"primaryImageOfPage\":{\"@id\":\"https:\/\/autravail.ca\/product\/botte-de-travail-metatarse-interne-timberland-endurance-a1wut\/#primaryimage\"},\"image\":{\"@id\":\"https:\/\/autravail.ca\/product\/botte-de-travail-metatarse-interne-timberland-endurance-a1wut\/#primaryimage\"},\"thumbnailUrl\":\"https:\/\/autravail.ca\/wp-content\/uploads\/2025\/05\/A1WUT_A01-1.jpg\",\"datePublished\":\"2025-05-08T06:39:54+00:00\",\"dateModified\":\"2025-12-05T09:11:00+00:00\",\"description\":\"Botte de travail M\u00e9tatarse interne Timberland Endurance - A1WUT pour prolonger la protection \u00e0 partir des orteils jusqu'au dessus du pied.\",\"breadcrumb\":{\"@id\":\"https:\/\/autravail.ca\/product\/botte-de-travail-metatarse-interne-timberland-endurance-a1wut\/#breadcrumb\"},\"inLanguage\":\"en-CA\",\"potentialAction\":[{\"@type\":\"ReadAction\",\"target\":[\"https:\/\/autravail.ca\/product\/botte-de-travail-metatarse-interne-timberland-endurance-a1wut\/\"]}]},{\"@type\":\"ImageObject\",\"inLanguage\":\"en-CA\",\"@id\":\"https:\/\/autravail.ca\/product\/botte-de-travail-metatarse-interne-timberland-endurance-a1wut\/#primaryimage\",\"url\":\"https:\/\/autravail.ca\/wp-content\/uploads\/2025\/05\/A1WUT_A01-1.jpg\",\"contentUrl\":\"https:\/\/autravail.ca\/wp-content\/uploads\/2025\/05\/A1WUT_A01-1.jpg\",\"width\":1000,\"height\":1000,\"caption\":\"Botte de travail m\u00e9tatarse interne Timberland Pro A1WUT\"},{\"@type\":\"BreadcrumbList\",\"@id\":\"https:\/\/autravail.ca\/product\/botte-de-travail-metatarse-interne-timberland-endurance-a1wut\/#breadcrumb\",\"itemListElement\":[{\"@type\":\"ListItem\",\"position\":1,\"name\":\"Accueil\",\"item\":\"https:\/\/autravail.ca\/\"},{\"@type\":\"ListItem\",\"position\":2,\"name\":\"Magasin\",\"item\":\"https:\/\/autravail.ca\/en\/shop\/\"},{\"@type\":\"ListItem\",\"position\":3,\"name\":\"Botte de travail M\u00e9tatarse interne Timberland Endurance &#8211; A1WUT\"}]},{\"@type\":\"WebSite\",\"@id\":\"https:\/\/autravail.ca\/#website\",\"url\":\"https:\/\/autravail.ca\/\",\"name\":\"Le Magasin Industriel\",\"description\":\"50 ans de tradition de s\u00e9curit\u00e9 au travail\",\"publisher\":{\"@id\":\"https:\/\/autravail.ca\/#organization\"},\"potentialAction\":[{\"@type\":\"SearchAction\",\"target\":{\"@type\":\"EntryPoint\",\"urlTemplate\":\"https:\/\/autravail.ca\/?s={search_term_string}\"},\"query-input\":{\"@type\":\"PropertyValueSpecification\",\"valueRequired\":true,\"valueName\":\"search_term_string\"}}],\"inLanguage\":\"en-CA\"},{\"@type\":\"Organization\",\"@id\":\"https:\/\/autravail.ca\/#organization\",\"name\":\"Le Magasin Industriel\",\"url\":\"https:\/\/autravail.ca\/\",\"logo\":{\"@type\":\"ImageObject\",\"inLanguage\":\"en-CA\",\"@id\":\"https:\/\/autravail.ca\/#\/schema\/logo\/image\/\",\"url\":\"https:\/\/autravail.ca\/wp-content\/uploads\/2025\/05\/cropped-magasin_industriel_120x.avif\",\"contentUrl\":\"https:\/\/autravail.ca\/wp-content\/uploads\/2025\/05\/cropped-magasin_industriel_120x.avif\",\"width\":120,\"height\":24,\"caption\":\"Le Magasin Industriel\"},\"image\":{\"@id\":\"https:\/\/autravail.ca\/#\/schema\/logo\/image\/\"},\"sameAs\":[\"https:\/\/www.facebook.com\/lemagasinindustriel\/?locale=fr_FR\"]}]}<\/script>\n<!-- \/ Yoast SEO plugin. -->","yoast_head_json":{"title":"Botte de travail M\u00e9tatarse interne Timberland Endurance - A1WUT - Le Magasin Industriel","description":"Botte de travail M\u00e9tatarse interne Timberland Endurance - A1WUT pour prolonger la protection \u00e0 partir des orteils jusqu'au dessus du pied.","robots":{"index":"index","follow":"follow","max-snippet":"max-snippet:-1","max-image-preview":"max-image-preview:large","max-video-preview":"max-video-preview:-1"},"canonical":"https:\/\/autravail.ca\/en\/product\/botte-de-travail-metatarse-interne-timberland-endurance-a1wut\/","og_locale":"en_US","og_type":"article","og_title":"Botte de travail M\u00e9tatarse interne Timberland Endurance - A1WUT - Le Magasin Industriel","og_description":"Botte de travail M\u00e9tatarse interne Timberland Endurance - A1WUT pour prolonger la protection \u00e0 partir des orteils jusqu'au dessus du pied.","og_url":"https:\/\/autravail.ca\/en\/product\/botte-de-travail-metatarse-interne-timberland-endurance-a1wut\/","og_site_name":"Le Magasin Industriel","article_publisher":"https:\/\/www.facebook.com\/lemagasinindustriel\/?locale=fr_FR","article_modified_time":"2025-12-05T09:11:00+00:00","og_image":[{"width":1000,"height":1000,"url":"https:\/\/autravail.ca\/wp-content\/uploads\/2025\/05\/A1WUT_A01-1.jpg","type":"image\/jpeg"}],"twitter_card":"summary_large_image","twitter_misc":{"Est. reading time":"2 minutes"},"schema":{"@context":"https:\/\/schema.org","@graph":[{"@type":"WebPage","@id":"https:\/\/autravail.ca\/product\/botte-de-travail-metatarse-interne-timberland-endurance-a1wut\/","url":"https:\/\/autravail.ca\/product\/botte-de-travail-metatarse-interne-timberland-endurance-a1wut\/","name":"Botte de travail M\u00e9tatarse interne Timberland Endurance - A1WUT - Le Magasin Industriel","isPartOf":{"@id":"https:\/\/autravail.ca\/#website"},"primaryImageOfPage":{"@id":"https:\/\/autravail.ca\/product\/botte-de-travail-metatarse-interne-timberland-endurance-a1wut\/#primaryimage"},"image":{"@id":"https:\/\/autravail.ca\/product\/botte-de-travail-metatarse-interne-timberland-endurance-a1wut\/#primaryimage"},"thumbnailUrl":"https:\/\/autravail.ca\/wp-content\/uploads\/2025\/05\/A1WUT_A01-1.jpg","datePublished":"2025-05-08T06:39:54+00:00","dateModified":"2025-12-05T09:11:00+00:00","description":"Botte de travail M\u00e9tatarse interne Timberland Endurance - A1WUT pour prolonger la protection \u00e0 partir des orteils jusqu'au dessus du pied.","breadcrumb":{"@id":"https:\/\/autravail.ca\/product\/botte-de-travail-metatarse-interne-timberland-endurance-a1wut\/#breadcrumb"},"inLanguage":"en-CA","potentialAction":[{"@type":"ReadAction","target":["https:\/\/autravail.ca\/product\/botte-de-travail-metatarse-interne-timberland-endurance-a1wut\/"]}]},{"@type":"ImageObject","inLanguage":"en-CA","@id":"https:\/\/autravail.ca\/product\/botte-de-travail-metatarse-interne-timberland-endurance-a1wut\/#primaryimage","url":"https:\/\/autravail.ca\/wp-content\/uploads\/2025\/05\/A1WUT_A01-1.jpg","contentUrl":"https:\/\/autravail.ca\/wp-content\/uploads\/2025\/05\/A1WUT_A01-1.jpg","width":1000,"height":1000,"caption":"Botte de travail m\u00e9tatarse interne Timberland Pro A1WUT"},{"@type":"BreadcrumbList","@id":"https:\/\/autravail.ca\/product\/botte-de-travail-metatarse-interne-timberland-endurance-a1wut\/#breadcrumb","itemListElement":[{"@type":"ListItem","position":1,"name":"Accueil","item":"https:\/\/autravail.ca\/"},{"@type":"ListItem","position":2,"name":"Magasin","item":"https:\/\/autravail.ca\/en\/shop\/"},{"@type":"ListItem","position":3,"name":"Botte de travail M\u00e9tatarse interne Timberland Endurance &#8211; A1WUT"}]},{"@type":"WebSite","@id":"https:\/\/autravail.ca\/#website","url":"https:\/\/autravail.ca\/","name":"Le Magasin Industriel","description":"50 ans de tradition de s\u00e9curit\u00e9 au travail","publisher":{"@id":"https:\/\/autravail.ca\/#organization"},"potentialAction":[{"@type":"SearchAction","target":{"@type":"EntryPoint","urlTemplate":"https:\/\/autravail.ca\/?s={search_term_string}"},"query-input":{"@type":"PropertyValueSpecification","valueRequired":true,"valueName":"search_term_string"}}],"inLanguage":"en-CA"},{"@type":"Organization","@id":"https:\/\/autravail.ca\/#organization","name":"Le Magasin Industriel","url":"https:\/\/autravail.ca\/","logo":{"@type":"ImageObject","inLanguage":"en-CA","@id":"https:\/\/autravail.ca\/#\/schema\/logo\/image\/","url":"https:\/\/autravail.ca\/wp-content\/uploads\/2025\/05\/cropped-magasin_industriel_120x.avif","contentUrl":"https:\/\/autravail.ca\/wp-content\/uploads\/2025\/05\/cropped-magasin_industriel_120x.avif","width":120,"height":24,"caption":"Le Magasin Industriel"},"image":{"@id":"https:\/\/autravail.ca\/#\/schema\/logo\/image\/"},"sameAs":["https:\/\/www.facebook.com\/lemagasinindustriel\/?locale=fr_FR"]}]}},"jetpack_sharing_enabled":true,"_links":{"self":[{"href":"https:\/\/autravail.ca\/en\/wp-json\/wp\/v2\/product\/30402","targetHints":{"allow":["GET"]}}],"collection":[{"href":"https:\/\/autravail.ca\/en\/wp-json\/wp\/v2\/product"}],"about":[{"href":"https:\/\/autravail.ca\/en\/wp-json\/wp\/v2\/types\/product"}],"replies":[{"embeddable":true,"href":"https:\/\/autravail.ca\/en\/wp-json\/wp\/v2\/comments?post=30402"}],"wp:featuredmedia":[{"embeddable":true,"href":"https:\/\/autravail.ca\/en\/wp-json\/wp\/v2\/media\/41012"}],"wp:attachment":[{"href":"https:\/\/autravail.ca\/en\/wp-json\/wp\/v2\/media?parent=30402"}],"wp:term":[{"taxonomy":"product_cat","embeddable":true,"href":"https:\/\/autravail.ca\/en\/wp-json\/wp\/v2\/product_cat?post=30402"},{"taxonomy":"product_tag","embeddable":true,"href":"https:\/\/autravail.ca\/en\/wp-json\/wp\/v2\/product_tag?post=30402"}],"curies":[{"name":"wp","href":"https:\/\/api.w.org\/{rel}","templated":true}]}}