{"id":30373,"date":"2025-05-08T06:39:48","date_gmt":"2025-05-08T06:39:48","guid":{"rendered":"https:\/\/meteoquebec.ca\/?post_type=product&#038;p=30373"},"modified":"2025-12-05T05:11:00","modified_gmt":"2025-12-05T09:11:00","slug":"botte-de-travail-metatarse-timberland-endurance-a1vy3","status":"publish","type":"product","link":"https:\/\/autravail.ca\/en\/product\/botte-de-travail-metatarse-timberland-endurance-a1vy3\/","title":{"rendered":"Botte de travail M\u00e9tatarse Timberland Endurance &#8211; A1VY3"},"content":{"rendered":"<h3>Botte de travail M\u00e9tatarse Timberland Endurance &#8211; A1VY3<\/h3>\n<p>Timberland Pro a fabriqu\u00e9e la botte de travail m\u00e9tatarse &#8211; Endurance A1VY3 pour qu\u2019elle dure longtemps et ne recule devant aucune t\u00e2che. Avec la Botte de travail m\u00e9tatarse Timberland Endurance &#8211; A1VY3 de <a href=\"https:\/\/autravail.ca\/en\/product-brand\/timberland-pro\/\">Timberland Pro,<\/a> vous \u00eates bien chauss\u00e9 pour le travail et ce, quel que soit le type de chantier. Gr\u00e2ce \u00e0 des caract\u00e9ristiques de performance, vos bottes Endurance vous offriront protection et de confort. La s\u00e9curit\u00e9 des pieds est de plus assur\u00e9e par le prot\u00e8ge m\u00e9tatarse articul\u00e9 \u00e0 l\u2019ext\u00e9rieur, l\u2019embout de s\u00e9curit\u00e9, la protection contre les d\u00e9charges \u00e9lectriques et la plaque anti perforation. L\u2019assise plantaire \u00e0 technologie antifatigue et la semelle intercalaire offrent amortissement des chocs, retour d\u2019\u00e9nergie et respirabilit\u00e9 longue dur\u00e9e, et la doublure respirante \u00e9vacuant l\u2019humidit\u00e9 en tissu ReBOTL\u2122 contient au moins 50 % de plastique recycl\u00e9 et comprend un traitement antimicrobien qui aide \u00e0 contr\u00f4ler les odeurs.<\/p>\n<p><img decoding=\"async\" class=\"alignnone size-full wp-image-40178\" src=\"https:\/\/autravail.ca\/wp-content\/uploads\/2025\/05\/Certification-Omega-Triangle-vert-Metatarse.jpg\" alt=\"Certifications CSA Om\u00e9ga, triangle vert, m\u00e9tatarse\" width=\"300\" height=\"112\" srcset=\"https:\/\/autravail.ca\/wp-content\/uploads\/2025\/05\/Certification-Omega-Triangle-vert-Metatarse.jpg 300w, https:\/\/autravail.ca\/wp-content\/uploads\/2025\/05\/Certification-Omega-Triangle-vert-Metatarse-150x56.jpg 150w, https:\/\/autravail.ca\/wp-content\/uploads\/2025\/05\/Certification-Omega-Triangle-vert-Metatarse-18x7.jpg 18w\" sizes=\"(max-width: 300px) 100vw, 300px\" \/><\/p>\n<p>&nbsp;<\/p>\n<h6 class=\"flex gap-2\"><span class=\"subtitle-4\">Characteristics:<\/span><\/h6>\n<div id=\"base-collapse-v-0-3-2-content\" class=\"overflow-hidden duration\" aria-labelledby=\"base-collapse-v-0-3-2\">\n<div class=\"\" data-test-id=\"vf-accordion-content\">\n<div class=\"body-3 pb-4 pt-2\">\n<ul class=\"grid list-disc gap-4 cols-2\" title=\"Properties of Benefits\" data-test-id=\"product-details-bulletin\">\n<li class=\"ml-5\">Tige Timberland\u00ae en cuir pleine fleur de premi\u00e8re qualit\u00e9 avec membrane int\u00e9rieure imperm\u00e9able<\/li>\n<li class=\"ml-5\">Nous sommes membres du Groupe de travail sur le cuir<\/li>\n<li class=\"ml-5\">Embout de s\u00e9curit\u00e9 asym\u00e9trique en composite optimis\u00e9 gr\u00e2ce \u00e0 la technologie Carbon Shield\u2122<\/li>\n<li class=\"ml-5\">Protection contre les d\u00e9charges \u00e9lectriques<\/li>\n<li class=\"ml-5\">Prot\u00e8ge-m\u00e9tatarse ext\u00e9rieur avec technologie SmartHinge\u2122 et cuir Ever-Guard\u2122 r\u00e9sistant \u00e0 l\u2019abrasion pour offrir l\u00e9g\u00e8ret\u00e9, confort, flexibilit\u00e9 et durabilit\u00e9<\/li>\n<li class=\"ml-5\">Cambrion sans m\u00e9tal offrant un soutien structurel<\/li>\n<li class=\"ml-5\">Plaque sans m\u00e9tal r\u00e9sistant \u00e0 la perforation<\/li>\n<li class=\"ml-5\">\u00c9l\u00e9ments m\u00e9talliques \u00e0 double usage favorisant un la\u00e7age personnalis\u00e9<\/li>\n<li class=\"ml-5\">Doublure en filet respirant et \u00e9vacuant l\u2019humidit\u00e9 en tissu ReBOTL\u2122 contenant au moins 50% de plastique recycl\u00e9<\/li>\n<li class=\"ml-5\">Doublure comportant un traitement antimicrobien contr\u00f4lant les odeurs<\/li>\n<li class=\"ml-5\">Fabrication \u00e0 injection directe pour la durabilit\u00e9<\/li>\n<li class=\"ml-5\">Semelle d\u2019usure en caoutchouc non marquant qui r\u00e9siste \u00e0 la chaleur, \u00e0 l\u2019huile, au glissement et \u00e0 l\u2019abrasion<\/li>\n<li class=\"ml-5\">Provides maximum Waterproof protection and resistance to bloodborne pathogen transmitters.<\/li>\n<li class=\"ml-5\">Technologie anti-fatigue exclusive de PRO qui absorbe les chocs et restitue l&rsquo;\u00e9nergie aux zones cl\u00e9s du pied pour plus de confort.<\/li>\n<li class=\"ml-5\">Semelle confort aux c\u00f4nes moul\u00e9s et invers\u00e9s qui soutiennent, s&rsquo;effondrent et restituent l&rsquo;\u00e9nergie dans les zones de pression cl\u00e9s.<\/li>\n<li class=\"ml-5\">Embout l\u00e9ger et non m\u00e9tallique. Conforme aux normes de compression d&rsquo;impact I\/75 et C\/75 et aux normes de s\u00e9curit\u00e9 CSA Om\u00e9ga.<\/li>\n<li class=\"ml-5\">Intermediate sole: The anti-fatigue technology with conical geometry in the intermediate polyurethane sole reduces shocks and restores energy to the foot.<\/li>\n<li class=\"ml-5\">The inner soles made of anti-fatigue polyurethane reduce shocks and return energy to the foot.<\/li>\n<\/ul>\n<p>&nbsp;<\/p>\n<\/div>\n<\/div>\n<\/div>\n<p><img decoding=\"async\" class=\"alignnone wp-image-40620\" src=\"https:\/\/autravail.ca\/wp-content\/uploads\/2025\/09\/Jachete-quebec-et-canada.jpg\" alt=\"Logo de l'achat local\" width=\"162\" height=\"139\" \/>Merci d&rsquo;encourager une entreprise 100% d&rsquo;ici!<\/p>","protected":false},"excerpt":{"rendered":"<p>Botte de travail M\u00e9tatarse Timberland Endurance &#8211; A1VY3 Timberland Pro a fabriqu\u00e9e la botte de travail m\u00e9tatarse &#8211; Endurance A1VY3 pour qu\u2019elle dure longtemps et ne recule devant aucune t\u00e2che. Avec la Botte de travail m\u00e9tatarse Timberland Endurance &#8211; A1VY3 de Timberland Pro, vous \u00eates bien chauss\u00e9 pour le travail et ce, quel que soit [&hellip;]<\/p>","protected":false},"featured_media":40986,"comment_status":"open","ping_status":"closed","template":"","meta":[],"product_cat":[613,805,602,798,626],"product_tag":[251,265,252,242,267,253],"class_list":{"0":"post-30373","1":"product","2":"type-product","3":"status-publish","4":"has-post-thumbnail","6":"product_brand-timberland-pro","7":"product_cat-bottes-de-travail","8":"product_cat-bottes-de-travail-homme","9":"product_cat-hommes","10":"product_cat-metatarse","11":"product_cat-protection-metatarsienne","12":"product_tag-bottes-de-travail","13":"product_tag-chaussures-specialisees","14":"product_tag-electric-shock-resistant","15":"product_tag-homme","16":"product_tag-metatarse-externe","17":"product_tag-sole-protection","19":"first","20":"instock","21":"taxable","22":"shipping-taxable","23":"purchasable","24":"product-type-variable"},"yoast_head":"<!-- This site is optimized with the Yoast SEO plugin v25.3.1 - https:\/\/yoast.com\/wordpress\/plugins\/seo\/ -->\n<title>Botte de travail M\u00e9tatarse Timberland Endurance - A1VY3 - Le Magasin Industriel<\/title>\n<meta name=\"description\" content=\"Botte de travail M\u00e9tatarse Timberland Endurance - A1VY3 le nom Endurance n\u2019a pas \u00e9t\u00e9 choisi au hasard, en cuir pleine fleur imperm\u00e9able de premi\u00e8re\" \/>\n<meta name=\"robots\" content=\"index, follow, max-snippet:-1, max-image-preview:large, max-video-preview:-1\" \/>\n<link rel=\"canonical\" href=\"https:\/\/autravail.ca\/en\/product\/botte-de-travail-metatarse-timberland-endurance-a1vy3\/\" \/>\n<meta property=\"og:locale\" content=\"en_US\" \/>\n<meta property=\"og:type\" content=\"article\" \/>\n<meta property=\"og:title\" content=\"Botte de travail M\u00e9tatarse Timberland Endurance - A1VY3 - Le Magasin Industriel\" \/>\n<meta property=\"og:description\" content=\"Botte de travail M\u00e9tatarse Timberland Endurance - A1VY3 le nom Endurance n\u2019a pas \u00e9t\u00e9 choisi au hasard, en cuir pleine fleur imperm\u00e9able de premi\u00e8re\" \/>\n<meta property=\"og:url\" content=\"https:\/\/autravail.ca\/en\/product\/botte-de-travail-metatarse-timberland-endurance-a1vy3\/\" \/>\n<meta property=\"og:site_name\" content=\"Le Magasin Industriel\" \/>\n<meta property=\"article:publisher\" content=\"https:\/\/www.facebook.com\/lemagasinindustriel\/?locale=fr_FR\" \/>\n<meta property=\"article:modified_time\" content=\"2025-12-05T09:11:00+00:00\" \/>\n<meta property=\"og:image\" content=\"https:\/\/autravail.ca\/wp-content\/uploads\/2025\/05\/A1VY3_A01-1.jpg\" \/>\n\t<meta property=\"og:image:width\" content=\"1000\" \/>\n\t<meta property=\"og:image:height\" content=\"1000\" \/>\n\t<meta property=\"og:image:type\" content=\"image\/jpeg\" \/>\n<meta name=\"twitter:card\" content=\"summary_large_image\" \/>\n<meta name=\"twitter:label1\" content=\"Est. reading time\" \/>\n\t<meta name=\"twitter:data1\" content=\"3 minutes\" \/>\n<script type=\"application\/ld+json\" class=\"yoast-schema-graph\">{\"@context\":\"https:\/\/schema.org\",\"@graph\":[{\"@type\":\"WebPage\",\"@id\":\"https:\/\/autravail.ca\/product\/botte-de-travail-metatarse-timberland-endurance-a1vy3\/\",\"url\":\"https:\/\/autravail.ca\/product\/botte-de-travail-metatarse-timberland-endurance-a1vy3\/\",\"name\":\"Botte de travail M\u00e9tatarse Timberland Endurance - A1VY3 - Le Magasin Industriel\",\"isPartOf\":{\"@id\":\"https:\/\/autravail.ca\/#website\"},\"primaryImageOfPage\":{\"@id\":\"https:\/\/autravail.ca\/product\/botte-de-travail-metatarse-timberland-endurance-a1vy3\/#primaryimage\"},\"image\":{\"@id\":\"https:\/\/autravail.ca\/product\/botte-de-travail-metatarse-timberland-endurance-a1vy3\/#primaryimage\"},\"thumbnailUrl\":\"https:\/\/autravail.ca\/wp-content\/uploads\/2025\/05\/A1VY3_A01-1.jpg\",\"datePublished\":\"2025-05-08T06:39:48+00:00\",\"dateModified\":\"2025-12-05T09:11:00+00:00\",\"description\":\"Botte de travail M\u00e9tatarse Timberland Endurance - A1VY3 le nom Endurance n\u2019a pas \u00e9t\u00e9 choisi au hasard, en cuir pleine fleur imperm\u00e9able de premi\u00e8re\",\"breadcrumb\":{\"@id\":\"https:\/\/autravail.ca\/product\/botte-de-travail-metatarse-timberland-endurance-a1vy3\/#breadcrumb\"},\"inLanguage\":\"en-CA\",\"potentialAction\":[{\"@type\":\"ReadAction\",\"target\":[\"https:\/\/autravail.ca\/product\/botte-de-travail-metatarse-timberland-endurance-a1vy3\/\"]}]},{\"@type\":\"ImageObject\",\"inLanguage\":\"en-CA\",\"@id\":\"https:\/\/autravail.ca\/product\/botte-de-travail-metatarse-timberland-endurance-a1vy3\/#primaryimage\",\"url\":\"https:\/\/autravail.ca\/wp-content\/uploads\/2025\/05\/A1VY3_A01-1.jpg\",\"contentUrl\":\"https:\/\/autravail.ca\/wp-content\/uploads\/2025\/05\/A1VY3_A01-1.jpg\",\"width\":1000,\"height\":1000,\"caption\":\"Botte de travail M\u00e9tatarse Timberland Endurance A1VYP\"},{\"@type\":\"BreadcrumbList\",\"@id\":\"https:\/\/autravail.ca\/product\/botte-de-travail-metatarse-timberland-endurance-a1vy3\/#breadcrumb\",\"itemListElement\":[{\"@type\":\"ListItem\",\"position\":1,\"name\":\"Accueil\",\"item\":\"https:\/\/autravail.ca\/\"},{\"@type\":\"ListItem\",\"position\":2,\"name\":\"Magasin\",\"item\":\"https:\/\/autravail.ca\/en\/shop\/\"},{\"@type\":\"ListItem\",\"position\":3,\"name\":\"Botte de travail M\u00e9tatarse Timberland Endurance &#8211; A1VY3\"}]},{\"@type\":\"WebSite\",\"@id\":\"https:\/\/autravail.ca\/#website\",\"url\":\"https:\/\/autravail.ca\/\",\"name\":\"Le Magasin Industriel\",\"description\":\"50 ans de tradition de s\u00e9curit\u00e9 au travail\",\"publisher\":{\"@id\":\"https:\/\/autravail.ca\/#organization\"},\"potentialAction\":[{\"@type\":\"SearchAction\",\"target\":{\"@type\":\"EntryPoint\",\"urlTemplate\":\"https:\/\/autravail.ca\/?s={search_term_string}\"},\"query-input\":{\"@type\":\"PropertyValueSpecification\",\"valueRequired\":true,\"valueName\":\"search_term_string\"}}],\"inLanguage\":\"en-CA\"},{\"@type\":\"Organization\",\"@id\":\"https:\/\/autravail.ca\/#organization\",\"name\":\"Le Magasin Industriel\",\"url\":\"https:\/\/autravail.ca\/\",\"logo\":{\"@type\":\"ImageObject\",\"inLanguage\":\"en-CA\",\"@id\":\"https:\/\/autravail.ca\/#\/schema\/logo\/image\/\",\"url\":\"https:\/\/autravail.ca\/wp-content\/uploads\/2025\/05\/cropped-magasin_industriel_120x.avif\",\"contentUrl\":\"https:\/\/autravail.ca\/wp-content\/uploads\/2025\/05\/cropped-magasin_industriel_120x.avif\",\"width\":120,\"height\":24,\"caption\":\"Le Magasin Industriel\"},\"image\":{\"@id\":\"https:\/\/autravail.ca\/#\/schema\/logo\/image\/\"},\"sameAs\":[\"https:\/\/www.facebook.com\/lemagasinindustriel\/?locale=fr_FR\"]}]}<\/script>\n<!-- \/ Yoast SEO plugin. -->","yoast_head_json":{"title":"Botte de travail M\u00e9tatarse Timberland Endurance - A1VY3 - Le Magasin Industriel","description":"Botte de travail M\u00e9tatarse Timberland Endurance - A1VY3 le nom Endurance n\u2019a pas \u00e9t\u00e9 choisi au hasard, en cuir pleine fleur imperm\u00e9able de premi\u00e8re","robots":{"index":"index","follow":"follow","max-snippet":"max-snippet:-1","max-image-preview":"max-image-preview:large","max-video-preview":"max-video-preview:-1"},"canonical":"https:\/\/autravail.ca\/en\/product\/botte-de-travail-metatarse-timberland-endurance-a1vy3\/","og_locale":"en_US","og_type":"article","og_title":"Botte de travail M\u00e9tatarse Timberland Endurance - A1VY3 - Le Magasin Industriel","og_description":"Botte de travail M\u00e9tatarse Timberland Endurance - A1VY3 le nom Endurance n\u2019a pas \u00e9t\u00e9 choisi au hasard, en cuir pleine fleur imperm\u00e9able de premi\u00e8re","og_url":"https:\/\/autravail.ca\/en\/product\/botte-de-travail-metatarse-timberland-endurance-a1vy3\/","og_site_name":"Le Magasin Industriel","article_publisher":"https:\/\/www.facebook.com\/lemagasinindustriel\/?locale=fr_FR","article_modified_time":"2025-12-05T09:11:00+00:00","og_image":[{"width":1000,"height":1000,"url":"https:\/\/autravail.ca\/wp-content\/uploads\/2025\/05\/A1VY3_A01-1.jpg","type":"image\/jpeg"}],"twitter_card":"summary_large_image","twitter_misc":{"Est. reading time":"3 minutes"},"schema":{"@context":"https:\/\/schema.org","@graph":[{"@type":"WebPage","@id":"https:\/\/autravail.ca\/product\/botte-de-travail-metatarse-timberland-endurance-a1vy3\/","url":"https:\/\/autravail.ca\/product\/botte-de-travail-metatarse-timberland-endurance-a1vy3\/","name":"Botte de travail M\u00e9tatarse Timberland Endurance - A1VY3 - Le Magasin Industriel","isPartOf":{"@id":"https:\/\/autravail.ca\/#website"},"primaryImageOfPage":{"@id":"https:\/\/autravail.ca\/product\/botte-de-travail-metatarse-timberland-endurance-a1vy3\/#primaryimage"},"image":{"@id":"https:\/\/autravail.ca\/product\/botte-de-travail-metatarse-timberland-endurance-a1vy3\/#primaryimage"},"thumbnailUrl":"https:\/\/autravail.ca\/wp-content\/uploads\/2025\/05\/A1VY3_A01-1.jpg","datePublished":"2025-05-08T06:39:48+00:00","dateModified":"2025-12-05T09:11:00+00:00","description":"Botte de travail M\u00e9tatarse Timberland Endurance - A1VY3 le nom Endurance n\u2019a pas \u00e9t\u00e9 choisi au hasard, en cuir pleine fleur imperm\u00e9able de premi\u00e8re","breadcrumb":{"@id":"https:\/\/autravail.ca\/product\/botte-de-travail-metatarse-timberland-endurance-a1vy3\/#breadcrumb"},"inLanguage":"en-CA","potentialAction":[{"@type":"ReadAction","target":["https:\/\/autravail.ca\/product\/botte-de-travail-metatarse-timberland-endurance-a1vy3\/"]}]},{"@type":"ImageObject","inLanguage":"en-CA","@id":"https:\/\/autravail.ca\/product\/botte-de-travail-metatarse-timberland-endurance-a1vy3\/#primaryimage","url":"https:\/\/autravail.ca\/wp-content\/uploads\/2025\/05\/A1VY3_A01-1.jpg","contentUrl":"https:\/\/autravail.ca\/wp-content\/uploads\/2025\/05\/A1VY3_A01-1.jpg","width":1000,"height":1000,"caption":"Botte de travail M\u00e9tatarse Timberland Endurance A1VYP"},{"@type":"BreadcrumbList","@id":"https:\/\/autravail.ca\/product\/botte-de-travail-metatarse-timberland-endurance-a1vy3\/#breadcrumb","itemListElement":[{"@type":"ListItem","position":1,"name":"Accueil","item":"https:\/\/autravail.ca\/"},{"@type":"ListItem","position":2,"name":"Magasin","item":"https:\/\/autravail.ca\/en\/shop\/"},{"@type":"ListItem","position":3,"name":"Botte de travail M\u00e9tatarse Timberland Endurance &#8211; A1VY3"}]},{"@type":"WebSite","@id":"https:\/\/autravail.ca\/#website","url":"https:\/\/autravail.ca\/","name":"Le Magasin Industriel","description":"50 ans de tradition de s\u00e9curit\u00e9 au travail","publisher":{"@id":"https:\/\/autravail.ca\/#organization"},"potentialAction":[{"@type":"SearchAction","target":{"@type":"EntryPoint","urlTemplate":"https:\/\/autravail.ca\/?s={search_term_string}"},"query-input":{"@type":"PropertyValueSpecification","valueRequired":true,"valueName":"search_term_string"}}],"inLanguage":"en-CA"},{"@type":"Organization","@id":"https:\/\/autravail.ca\/#organization","name":"Le Magasin Industriel","url":"https:\/\/autravail.ca\/","logo":{"@type":"ImageObject","inLanguage":"en-CA","@id":"https:\/\/autravail.ca\/#\/schema\/logo\/image\/","url":"https:\/\/autravail.ca\/wp-content\/uploads\/2025\/05\/cropped-magasin_industriel_120x.avif","contentUrl":"https:\/\/autravail.ca\/wp-content\/uploads\/2025\/05\/cropped-magasin_industriel_120x.avif","width":120,"height":24,"caption":"Le Magasin Industriel"},"image":{"@id":"https:\/\/autravail.ca\/#\/schema\/logo\/image\/"},"sameAs":["https:\/\/www.facebook.com\/lemagasinindustriel\/?locale=fr_FR"]}]}},"jetpack_sharing_enabled":true,"_links":{"self":[{"href":"https:\/\/autravail.ca\/en\/wp-json\/wp\/v2\/product\/30373","targetHints":{"allow":["GET"]}}],"collection":[{"href":"https:\/\/autravail.ca\/en\/wp-json\/wp\/v2\/product"}],"about":[{"href":"https:\/\/autravail.ca\/en\/wp-json\/wp\/v2\/types\/product"}],"replies":[{"embeddable":true,"href":"https:\/\/autravail.ca\/en\/wp-json\/wp\/v2\/comments?post=30373"}],"wp:featuredmedia":[{"embeddable":true,"href":"https:\/\/autravail.ca\/en\/wp-json\/wp\/v2\/media\/40986"}],"wp:attachment":[{"href":"https:\/\/autravail.ca\/en\/wp-json\/wp\/v2\/media?parent=30373"}],"wp:term":[{"taxonomy":"product_cat","embeddable":true,"href":"https:\/\/autravail.ca\/en\/wp-json\/wp\/v2\/product_cat?post=30373"},{"taxonomy":"product_tag","embeddable":true,"href":"https:\/\/autravail.ca\/en\/wp-json\/wp\/v2\/product_tag?post=30373"}],"curies":[{"name":"wp","href":"https:\/\/api.w.org\/{rel}","templated":true}]}}