{"id":30372,"date":"2025-05-08T06:39:47","date_gmt":"2025-05-08T06:39:47","guid":{"rendered":"https:\/\/meteoquebec.ca\/?post_type=product&#038;p=30372"},"modified":"2025-12-05T05:11:01","modified_gmt":"2025-12-05T09:11:01","slug":"a1q6k-bottillon-6-de-travail-hightower","status":"publish","type":"product","link":"https:\/\/autravail.ca\/en\/product\/a1q6k-bottillon-6-de-travail-hightower\/","title":{"rendered":"A1Q6K - Ankle Boots 6  DE TRAVAIL - HIGHTOWER"},"content":{"rendered":"<p>Safety Ankle Boots, Hightower for Women - Timberland<\/p>\n<p>The Hightower alloy work boots for women was designed from the start to be comfortable, resistant, durable and elegant. Designed by a woman for the women who work on the most demanding construction sites, these boots are equipped with anti-fatigue soles to match the foot of a woman and offer an incredible fit for full days.<\/p>\n<p>The exterior outsoles in TPU (thermoplastic polyurethane) non-marking for cold weather are anti-slip, oil and heat resistant up to 248 degrees Fahrenheit (120 degrees Celsius).<\/p>\n<p>Full grain superior quality waterproof barrel-shaped leather with a waterproof membrane.<\/p>\n<p>Lining with mesh treatment for odor control and 200g Thermolite insulation for unhindered warmth.<\/p>\n<p>Outer anti-slip sole, resistant to abrasion and oil.<\/p>\n<p>Intermediate Sole in Lightweight and Shock-Absorbing PU.<\/p>\n<p>Seated ergonomic in polyurethane with dynamic anti-fatigue technology and dynamic arches.<\/p>","protected":false},"excerpt":{"rendered":"<p>Womens Hightower Safety Boot  Timberland The womens Hightower alloy work boot is designed for comfort, durability, and style. Created by women for women on demanding worksites, these boots feature anti-fatigue soles for enhanced support.<\/p>","protected":false},"featured_media":14391,"comment_status":"open","ping_status":"closed","template":"","meta":[],"product_cat":[15,621],"product_tag":[260,252,255,253],"class_list":{"0":"post-30372","1":"product","2":"type-product","3":"status-publish","4":"has-post-thumbnail","6":"product_brand-timberland-pro","7":"product_cat-uncategorized","8":"product_cat-bottes-de-travail-6","9":"product_tag-bottillons-de-travail","10":"product_tag-electric-shock-resistant","11":"product_tag-femme","12":"product_tag-sole-protection","14":"first","15":"instock","16":"taxable","17":"shipping-taxable","18":"purchasable","19":"product-type-variable"},"yoast_head":"<!-- This site is optimized with the Yoast SEO plugin v25.3.1 - https:\/\/yoast.com\/wordpress\/plugins\/seo\/ -->\n<title>A1Q6K - BOTTILLON 6&#039;&#039; DE TRAVAIL - HIGHTOWER - Le Magasin Industriel<\/title>\n<meta name=\"robots\" content=\"index, follow, max-snippet:-1, max-image-preview:large, max-video-preview:-1\" \/>\n<link rel=\"canonical\" href=\"https:\/\/autravail.ca\/en\/product\/a1q6k-bottillon-6-de-travail-hightower\/\" \/>\n<meta property=\"og:locale\" content=\"en_US\" \/>\n<meta property=\"og:type\" content=\"article\" \/>\n<meta property=\"og:title\" content=\"A1Q6K - BOTTILLON 6&#039;&#039; DE TRAVAIL - HIGHTOWER - Le Magasin Industriel\" \/>\n<meta property=\"og:description\" content=\"Bottillon de s\u00e9curit\u00e9, Hightower pour femme &#8211; Timberland La botte de travail en alliage Hightower pour femmes a \u00e9t\u00e9 con\u00e7ue d\u00e8s le d\u00e9part pour \u00eatre confortable, r\u00e9sistante, durable et \u00e9l\u00e9gante. Con\u00e7ues par une femme pour les femmes qui travaillent sur les chantiers les plus exigeants, ces bottes sont dot\u00e9es de semelles anti-fatigue pour \u00e9pouser le [&hellip;]\" \/>\n<meta property=\"og:url\" content=\"https:\/\/autravail.ca\/en\/product\/a1q6k-bottillon-6-de-travail-hightower\/\" \/>\n<meta property=\"og:site_name\" content=\"Le Magasin Industriel\" \/>\n<meta property=\"article:publisher\" content=\"https:\/\/www.facebook.com\/lemagasinindustriel\/?locale=fr_FR\" \/>\n<meta property=\"article:modified_time\" content=\"2025-12-05T09:11:01+00:00\" \/>\n<meta property=\"og:image\" content=\"https:\/\/autravail.ca\/wp-content\/uploads\/2025\/05\/A1Q6K_A01.jpg\" \/>\n\t<meta property=\"og:image:width\" content=\"800\" \/>\n\t<meta property=\"og:image:height\" content=\"720\" \/>\n\t<meta property=\"og:image:type\" content=\"image\/jpeg\" \/>\n<meta name=\"twitter:card\" content=\"summary_large_image\" \/>\n<meta name=\"twitter:label1\" content=\"Est. reading time\" \/>\n\t<meta name=\"twitter:data1\" content=\"1 minute\" \/>\n<script type=\"application\/ld+json\" class=\"yoast-schema-graph\">{\"@context\":\"https:\/\/schema.org\",\"@graph\":[{\"@type\":\"WebPage\",\"@id\":\"https:\/\/autravail.ca\/product\/a1q6k-bottillon-6-de-travail-hightower\/\",\"url\":\"https:\/\/autravail.ca\/product\/a1q6k-bottillon-6-de-travail-hightower\/\",\"name\":\"A1Q6K - BOTTILLON 6'' DE TRAVAIL - HIGHTOWER - Le Magasin Industriel\",\"isPartOf\":{\"@id\":\"https:\/\/autravail.ca\/#website\"},\"primaryImageOfPage\":{\"@id\":\"https:\/\/autravail.ca\/product\/a1q6k-bottillon-6-de-travail-hightower\/#primaryimage\"},\"image\":{\"@id\":\"https:\/\/autravail.ca\/product\/a1q6k-bottillon-6-de-travail-hightower\/#primaryimage\"},\"thumbnailUrl\":\"https:\/\/autravail.ca\/wp-content\/uploads\/2025\/05\/A1Q6K_A01.jpg\",\"datePublished\":\"2025-05-08T06:39:47+00:00\",\"dateModified\":\"2025-12-05T09:11:01+00:00\",\"breadcrumb\":{\"@id\":\"https:\/\/autravail.ca\/product\/a1q6k-bottillon-6-de-travail-hightower\/#breadcrumb\"},\"inLanguage\":\"en-CA\",\"potentialAction\":[{\"@type\":\"ReadAction\",\"target\":[\"https:\/\/autravail.ca\/product\/a1q6k-bottillon-6-de-travail-hightower\/\"]}]},{\"@type\":\"ImageObject\",\"inLanguage\":\"en-CA\",\"@id\":\"https:\/\/autravail.ca\/product\/a1q6k-bottillon-6-de-travail-hightower\/#primaryimage\",\"url\":\"https:\/\/autravail.ca\/wp-content\/uploads\/2025\/05\/A1Q6K_A01.jpg\",\"contentUrl\":\"https:\/\/autravail.ca\/wp-content\/uploads\/2025\/05\/A1Q6K_A01.jpg\",\"width\":800,\"height\":720},{\"@type\":\"BreadcrumbList\",\"@id\":\"https:\/\/autravail.ca\/product\/a1q6k-bottillon-6-de-travail-hightower\/#breadcrumb\",\"itemListElement\":[{\"@type\":\"ListItem\",\"position\":1,\"name\":\"Accueil\",\"item\":\"https:\/\/autravail.ca\/\"},{\"@type\":\"ListItem\",\"position\":2,\"name\":\"Magasin\",\"item\":\"https:\/\/autravail.ca\/en\/shop\/\"},{\"@type\":\"ListItem\",\"position\":3,\"name\":\"A1Q6K &#8211; BOTTILLON 6\u00a0\u00bb DE TRAVAIL &#8211; HIGHTOWER\"}]},{\"@type\":\"WebSite\",\"@id\":\"https:\/\/autravail.ca\/#website\",\"url\":\"https:\/\/autravail.ca\/\",\"name\":\"Le Magasin Industriel\",\"description\":\"50 ans de tradition de s\u00e9curit\u00e9 au travail\",\"publisher\":{\"@id\":\"https:\/\/autravail.ca\/#organization\"},\"potentialAction\":[{\"@type\":\"SearchAction\",\"target\":{\"@type\":\"EntryPoint\",\"urlTemplate\":\"https:\/\/autravail.ca\/?s={search_term_string}\"},\"query-input\":{\"@type\":\"PropertyValueSpecification\",\"valueRequired\":true,\"valueName\":\"search_term_string\"}}],\"inLanguage\":\"en-CA\"},{\"@type\":\"Organization\",\"@id\":\"https:\/\/autravail.ca\/#organization\",\"name\":\"Le Magasin Industriel\",\"url\":\"https:\/\/autravail.ca\/\",\"logo\":{\"@type\":\"ImageObject\",\"inLanguage\":\"en-CA\",\"@id\":\"https:\/\/autravail.ca\/#\/schema\/logo\/image\/\",\"url\":\"https:\/\/autravail.ca\/wp-content\/uploads\/2025\/05\/cropped-magasin_industriel_120x.avif\",\"contentUrl\":\"https:\/\/autravail.ca\/wp-content\/uploads\/2025\/05\/cropped-magasin_industriel_120x.avif\",\"width\":120,\"height\":24,\"caption\":\"Le Magasin Industriel\"},\"image\":{\"@id\":\"https:\/\/autravail.ca\/#\/schema\/logo\/image\/\"},\"sameAs\":[\"https:\/\/www.facebook.com\/lemagasinindustriel\/?locale=fr_FR\"]}]}<\/script>\n<!-- \/ Yoast SEO plugin. -->","yoast_head_json":{"title":"A1Q6K - BOTTILLON 6'' DE TRAVAIL - HIGHTOWER - Le Magasin Industriel","robots":{"index":"index","follow":"follow","max-snippet":"max-snippet:-1","max-image-preview":"max-image-preview:large","max-video-preview":"max-video-preview:-1"},"canonical":"https:\/\/autravail.ca\/en\/product\/a1q6k-bottillon-6-de-travail-hightower\/","og_locale":"en_US","og_type":"article","og_title":"A1Q6K - BOTTILLON 6'' DE TRAVAIL - HIGHTOWER - Le Magasin Industriel","og_description":"Bottillon de s\u00e9curit\u00e9, Hightower pour femme &#8211; Timberland La botte de travail en alliage Hightower pour femmes a \u00e9t\u00e9 con\u00e7ue d\u00e8s le d\u00e9part pour \u00eatre confortable, r\u00e9sistante, durable et \u00e9l\u00e9gante. Con\u00e7ues par une femme pour les femmes qui travaillent sur les chantiers les plus exigeants, ces bottes sont dot\u00e9es de semelles anti-fatigue pour \u00e9pouser le [&hellip;]","og_url":"https:\/\/autravail.ca\/en\/product\/a1q6k-bottillon-6-de-travail-hightower\/","og_site_name":"Le Magasin Industriel","article_publisher":"https:\/\/www.facebook.com\/lemagasinindustriel\/?locale=fr_FR","article_modified_time":"2025-12-05T09:11:01+00:00","og_image":[{"width":800,"height":720,"url":"https:\/\/autravail.ca\/wp-content\/uploads\/2025\/05\/A1Q6K_A01.jpg","type":"image\/jpeg"}],"twitter_card":"summary_large_image","twitter_misc":{"Est. reading time":"1 minute"},"schema":{"@context":"https:\/\/schema.org","@graph":[{"@type":"WebPage","@id":"https:\/\/autravail.ca\/product\/a1q6k-bottillon-6-de-travail-hightower\/","url":"https:\/\/autravail.ca\/product\/a1q6k-bottillon-6-de-travail-hightower\/","name":"A1Q6K - BOTTILLON 6'' DE TRAVAIL - HIGHTOWER - Le Magasin Industriel","isPartOf":{"@id":"https:\/\/autravail.ca\/#website"},"primaryImageOfPage":{"@id":"https:\/\/autravail.ca\/product\/a1q6k-bottillon-6-de-travail-hightower\/#primaryimage"},"image":{"@id":"https:\/\/autravail.ca\/product\/a1q6k-bottillon-6-de-travail-hightower\/#primaryimage"},"thumbnailUrl":"https:\/\/autravail.ca\/wp-content\/uploads\/2025\/05\/A1Q6K_A01.jpg","datePublished":"2025-05-08T06:39:47+00:00","dateModified":"2025-12-05T09:11:01+00:00","breadcrumb":{"@id":"https:\/\/autravail.ca\/product\/a1q6k-bottillon-6-de-travail-hightower\/#breadcrumb"},"inLanguage":"en-CA","potentialAction":[{"@type":"ReadAction","target":["https:\/\/autravail.ca\/product\/a1q6k-bottillon-6-de-travail-hightower\/"]}]},{"@type":"ImageObject","inLanguage":"en-CA","@id":"https:\/\/autravail.ca\/product\/a1q6k-bottillon-6-de-travail-hightower\/#primaryimage","url":"https:\/\/autravail.ca\/wp-content\/uploads\/2025\/05\/A1Q6K_A01.jpg","contentUrl":"https:\/\/autravail.ca\/wp-content\/uploads\/2025\/05\/A1Q6K_A01.jpg","width":800,"height":720},{"@type":"BreadcrumbList","@id":"https:\/\/autravail.ca\/product\/a1q6k-bottillon-6-de-travail-hightower\/#breadcrumb","itemListElement":[{"@type":"ListItem","position":1,"name":"Accueil","item":"https:\/\/autravail.ca\/"},{"@type":"ListItem","position":2,"name":"Magasin","item":"https:\/\/autravail.ca\/en\/shop\/"},{"@type":"ListItem","position":3,"name":"A1Q6K &#8211; BOTTILLON 6\u00a0\u00bb DE TRAVAIL &#8211; HIGHTOWER"}]},{"@type":"WebSite","@id":"https:\/\/autravail.ca\/#website","url":"https:\/\/autravail.ca\/","name":"Le Magasin Industriel","description":"50 ans de tradition de s\u00e9curit\u00e9 au travail","publisher":{"@id":"https:\/\/autravail.ca\/#organization"},"potentialAction":[{"@type":"SearchAction","target":{"@type":"EntryPoint","urlTemplate":"https:\/\/autravail.ca\/?s={search_term_string}"},"query-input":{"@type":"PropertyValueSpecification","valueRequired":true,"valueName":"search_term_string"}}],"inLanguage":"en-CA"},{"@type":"Organization","@id":"https:\/\/autravail.ca\/#organization","name":"Le Magasin Industriel","url":"https:\/\/autravail.ca\/","logo":{"@type":"ImageObject","inLanguage":"en-CA","@id":"https:\/\/autravail.ca\/#\/schema\/logo\/image\/","url":"https:\/\/autravail.ca\/wp-content\/uploads\/2025\/05\/cropped-magasin_industriel_120x.avif","contentUrl":"https:\/\/autravail.ca\/wp-content\/uploads\/2025\/05\/cropped-magasin_industriel_120x.avif","width":120,"height":24,"caption":"Le Magasin Industriel"},"image":{"@id":"https:\/\/autravail.ca\/#\/schema\/logo\/image\/"},"sameAs":["https:\/\/www.facebook.com\/lemagasinindustriel\/?locale=fr_FR"]}]}},"jetpack_sharing_enabled":true,"_links":{"self":[{"href":"https:\/\/autravail.ca\/en\/wp-json\/wp\/v2\/product\/30372","targetHints":{"allow":["GET"]}}],"collection":[{"href":"https:\/\/autravail.ca\/en\/wp-json\/wp\/v2\/product"}],"about":[{"href":"https:\/\/autravail.ca\/en\/wp-json\/wp\/v2\/types\/product"}],"replies":[{"embeddable":true,"href":"https:\/\/autravail.ca\/en\/wp-json\/wp\/v2\/comments?post=30372"}],"wp:featuredmedia":[{"embeddable":true,"href":"https:\/\/autravail.ca\/en\/wp-json\/wp\/v2\/media\/14391"}],"wp:attachment":[{"href":"https:\/\/autravail.ca\/en\/wp-json\/wp\/v2\/media?parent=30372"}],"wp:term":[{"taxonomy":"product_cat","embeddable":true,"href":"https:\/\/autravail.ca\/en\/wp-json\/wp\/v2\/product_cat?post=30372"},{"taxonomy":"product_tag","embeddable":true,"href":"https:\/\/autravail.ca\/en\/wp-json\/wp\/v2\/product_tag?post=30372"}],"curies":[{"name":"wp","href":"https:\/\/api.w.org\/{rel}","templated":true}]}}