{"id":30343,"date":"2025-05-08T06:39:37","date_gmt":"2025-05-08T06:39:37","guid":{"rendered":"https:\/\/meteoquebec.ca\/?post_type=product&#038;p=30343"},"modified":"2026-03-11T22:25:48","modified_gmt":"2026-03-12T02:25:48","slug":"a1hvy-chandail-ouate-a-capuchon-timberland","status":"publish","type":"product","link":"https:\/\/autravail.ca\/en\/product\/a1hvy-chandail-ouate-a-capuchon-timberland\/","title":{"rendered":"A1HVY - Timberland Ouat Hooded Chandal"},"content":{"rendered":"<h3>Chandail Molleton avec Capuchon - Timberland Pro - A1HVY<\/h3>\n<div role=\"tabpanel\" class=\"nl-tabs__content\">\n<div class=\"nl-features\" id=\"features\">\n<div class=\"nl-row\">\n<ul class=\"nl-features__list\" data-testid=\"features\">\n<li>Technology TIMBERLAND PRO RAIN REPELLANT which prevents moisture from penetrating<\/li>\n<li>Brown Color<\/li>\n<li>Adjustable hoodie with drawstrings<\/li>\n<li>Long sleeves with Timberland logo on left sleeve<\/li>\n<li>Cuffed and knitted wrists<\/li>\n<li>Kangaroo Pouch with Integrated Mobile Pocket on the Inside<\/li>\n<li>\n<p class=\"nl-features__information\">MAINTENANCE INSTRUCTIONS: Cold water wash, no bleach. Tumble dry. Do not air dry<\/p>\n<\/li>\n<\/ul>\n<\/div>\n<\/div>\n<\/div>","protected":false},"excerpt":{"rendered":"<p>Fleece Molton Hoodie - TIMBERLAND PRO A1HVY - Technologie TIMBERLAND PRO RAIN REPELLANT which prevents moisture from penetrating. Brown adjustable hood with three-piece adjustable cord. Long sleeves with Timberland logo on left sleeve. Elbows and cuffs reinforced with elasticated cuffing. Kangaroo pocket with integrated cell phone pocket on the inside. INSTRUCTIONS FOR CARE: Washing [...<\/p>","protected":false},"featured_media":14361,"comment_status":"open","ping_status":"closed","template":"","meta":[],"product_cat":[630,629,628,717],"product_tag":[302,242,293,347],"class_list":{"0":"post-30343","1":"product","2":"type-product","3":"status-publish","4":"has-post-thumbnail","6":"product_brand-timberland-wear","7":"product_cat-chandails","8":"product_cat-polos","9":"product_cat-t-shirts","10":"product_cat-timberland-pro-wear","11":"product_tag-cadeau","12":"product_tag-homme","13":"product_tag-t-shirts-polos-et-chandails","14":"product_tag-timberland-wear","16":"first","17":"instock","18":"taxable","19":"shipping-taxable","20":"purchasable","21":"product-type-variable"},"yoast_head":"<!-- This site is optimized with the Yoast SEO plugin v25.3.1 - https:\/\/yoast.com\/wordpress\/plugins\/seo\/ -->\n<title>A1HVY - CHANDAIL OUAT\u00c9 \u00c0 CAPUCHON TIMBERLAND - Le Magasin Industriel<\/title>\n<meta name=\"robots\" content=\"index, follow, max-snippet:-1, max-image-preview:large, max-video-preview:-1\" \/>\n<link rel=\"canonical\" href=\"https:\/\/autravail.ca\/en\/product\/a1hvy-chandail-ouate-a-capuchon-timberland\/\" \/>\n<meta property=\"og:locale\" content=\"en_US\" \/>\n<meta property=\"og:type\" content=\"article\" \/>\n<meta property=\"og:title\" content=\"A1HVY - CHANDAIL OUAT\u00c9 \u00c0 CAPUCHON TIMBERLAND - Le Magasin Industriel\" \/>\n<meta property=\"og:description\" content=\"CHANDAIL MOLLETON AVEC CAPUCHON &#8211; TIMBERLAND PRO &#8211; A1HVY Technologie TIMBERLAND PRO RAIN REPELANT qui emp\u00eache l&rsquo;humidit\u00e9 de p\u00e9n\u00e9trer Couleur Marron Capuche ajustable \u00e0 trois pi\u00e8ces avec cordons de serrage Manches longues avec logo Timberland sur manche gauche Poignets et ourlets en tricot c\u00f4tel\u00e9s Poche kangourou avec pochette cellulaire int\u00e9gr\u00e9e \u00e0 l&rsquo;int\u00e9rieure INSTRUCTIONS D&rsquo;ENTRETIEN: Lavage [&hellip;]\" \/>\n<meta property=\"og:url\" content=\"https:\/\/autravail.ca\/en\/product\/a1hvy-chandail-ouate-a-capuchon-timberland\/\" \/>\n<meta property=\"og:site_name\" content=\"Le Magasin Industriel\" \/>\n<meta property=\"article:publisher\" content=\"https:\/\/www.facebook.com\/lemagasinindustriel\/?locale=fr_FR\" \/>\n<meta property=\"article:modified_time\" content=\"2026-03-12T02:25:48+00:00\" \/>\n<meta property=\"og:image\" content=\"https:\/\/autravail.ca\/wp-content\/uploads\/2025\/05\/Hood_maron_A.jpg\" \/>\n\t<meta property=\"og:image:width\" content=\"1000\" \/>\n\t<meta property=\"og:image:height\" content=\"1000\" \/>\n\t<meta property=\"og:image:type\" content=\"image\/jpeg\" \/>\n<meta name=\"twitter:card\" content=\"summary_large_image\" \/>\n<script type=\"application\/ld+json\" class=\"yoast-schema-graph\">{\"@context\":\"https:\/\/schema.org\",\"@graph\":[{\"@type\":\"WebPage\",\"@id\":\"https:\/\/autravail.ca\/product\/a1hvy-chandail-ouate-a-capuchon-timberland\/\",\"url\":\"https:\/\/autravail.ca\/product\/a1hvy-chandail-ouate-a-capuchon-timberland\/\",\"name\":\"A1HVY - CHANDAIL OUAT\u00c9 \u00c0 CAPUCHON TIMBERLAND - Le Magasin Industriel\",\"isPartOf\":{\"@id\":\"https:\/\/autravail.ca\/#website\"},\"primaryImageOfPage\":{\"@id\":\"https:\/\/autravail.ca\/product\/a1hvy-chandail-ouate-a-capuchon-timberland\/#primaryimage\"},\"image\":{\"@id\":\"https:\/\/autravail.ca\/product\/a1hvy-chandail-ouate-a-capuchon-timberland\/#primaryimage\"},\"thumbnailUrl\":\"https:\/\/autravail.ca\/wp-content\/uploads\/2025\/05\/Hood_maron_A.jpg\",\"datePublished\":\"2025-05-08T06:39:37+00:00\",\"dateModified\":\"2026-03-12T02:25:48+00:00\",\"breadcrumb\":{\"@id\":\"https:\/\/autravail.ca\/product\/a1hvy-chandail-ouate-a-capuchon-timberland\/#breadcrumb\"},\"inLanguage\":\"en-CA\",\"potentialAction\":[{\"@type\":\"ReadAction\",\"target\":[\"https:\/\/autravail.ca\/product\/a1hvy-chandail-ouate-a-capuchon-timberland\/\"]}]},{\"@type\":\"ImageObject\",\"inLanguage\":\"en-CA\",\"@id\":\"https:\/\/autravail.ca\/product\/a1hvy-chandail-ouate-a-capuchon-timberland\/#primaryimage\",\"url\":\"https:\/\/autravail.ca\/wp-content\/uploads\/2025\/05\/Hood_maron_A.jpg\",\"contentUrl\":\"https:\/\/autravail.ca\/wp-content\/uploads\/2025\/05\/Hood_maron_A.jpg\",\"width\":1000,\"height\":1000},{\"@type\":\"BreadcrumbList\",\"@id\":\"https:\/\/autravail.ca\/product\/a1hvy-chandail-ouate-a-capuchon-timberland\/#breadcrumb\",\"itemListElement\":[{\"@type\":\"ListItem\",\"position\":1,\"name\":\"Accueil\",\"item\":\"https:\/\/autravail.ca\/\"},{\"@type\":\"ListItem\",\"position\":2,\"name\":\"Magasin\",\"item\":\"https:\/\/autravail.ca\/en\/shop\/\"},{\"@type\":\"ListItem\",\"position\":3,\"name\":\"A1HVY &#8211; CHANDAIL OUAT\u00c9 \u00c0 CAPUCHON TIMBERLAND\"}]},{\"@type\":\"WebSite\",\"@id\":\"https:\/\/autravail.ca\/#website\",\"url\":\"https:\/\/autravail.ca\/\",\"name\":\"Le Magasin Industriel\",\"description\":\"50 ans de tradition de s\u00e9curit\u00e9 au travail\",\"publisher\":{\"@id\":\"https:\/\/autravail.ca\/#organization\"},\"potentialAction\":[{\"@type\":\"SearchAction\",\"target\":{\"@type\":\"EntryPoint\",\"urlTemplate\":\"https:\/\/autravail.ca\/?s={search_term_string}\"},\"query-input\":{\"@type\":\"PropertyValueSpecification\",\"valueRequired\":true,\"valueName\":\"search_term_string\"}}],\"inLanguage\":\"en-CA\"},{\"@type\":\"Organization\",\"@id\":\"https:\/\/autravail.ca\/#organization\",\"name\":\"Le Magasin Industriel\",\"url\":\"https:\/\/autravail.ca\/\",\"logo\":{\"@type\":\"ImageObject\",\"inLanguage\":\"en-CA\",\"@id\":\"https:\/\/autravail.ca\/#\/schema\/logo\/image\/\",\"url\":\"https:\/\/autravail.ca\/wp-content\/uploads\/2025\/05\/cropped-magasin_industriel_120x.avif\",\"contentUrl\":\"https:\/\/autravail.ca\/wp-content\/uploads\/2025\/05\/cropped-magasin_industriel_120x.avif\",\"width\":120,\"height\":24,\"caption\":\"Le Magasin Industriel\"},\"image\":{\"@id\":\"https:\/\/autravail.ca\/#\/schema\/logo\/image\/\"},\"sameAs\":[\"https:\/\/www.facebook.com\/lemagasinindustriel\/?locale=fr_FR\"]}]}<\/script>\n<!-- \/ Yoast SEO plugin. -->","yoast_head_json":{"title":"A1HVY - CHANDAIL OUAT\u00c9 \u00c0 CAPUCHON TIMBERLAND - Le Magasin Industriel","robots":{"index":"index","follow":"follow","max-snippet":"max-snippet:-1","max-image-preview":"max-image-preview:large","max-video-preview":"max-video-preview:-1"},"canonical":"https:\/\/autravail.ca\/en\/product\/a1hvy-chandail-ouate-a-capuchon-timberland\/","og_locale":"en_US","og_type":"article","og_title":"A1HVY - CHANDAIL OUAT\u00c9 \u00c0 CAPUCHON TIMBERLAND - Le Magasin Industriel","og_description":"CHANDAIL MOLLETON AVEC CAPUCHON &#8211; TIMBERLAND PRO &#8211; A1HVY Technologie TIMBERLAND PRO RAIN REPELANT qui emp\u00eache l&rsquo;humidit\u00e9 de p\u00e9n\u00e9trer Couleur Marron Capuche ajustable \u00e0 trois pi\u00e8ces avec cordons de serrage Manches longues avec logo Timberland sur manche gauche Poignets et ourlets en tricot c\u00f4tel\u00e9s Poche kangourou avec pochette cellulaire int\u00e9gr\u00e9e \u00e0 l&rsquo;int\u00e9rieure INSTRUCTIONS D&rsquo;ENTRETIEN: Lavage [&hellip;]","og_url":"https:\/\/autravail.ca\/en\/product\/a1hvy-chandail-ouate-a-capuchon-timberland\/","og_site_name":"Le Magasin Industriel","article_publisher":"https:\/\/www.facebook.com\/lemagasinindustriel\/?locale=fr_FR","article_modified_time":"2026-03-12T02:25:48+00:00","og_image":[{"width":1000,"height":1000,"url":"https:\/\/autravail.ca\/wp-content\/uploads\/2025\/05\/Hood_maron_A.jpg","type":"image\/jpeg"}],"twitter_card":"summary_large_image","schema":{"@context":"https:\/\/schema.org","@graph":[{"@type":"WebPage","@id":"https:\/\/autravail.ca\/product\/a1hvy-chandail-ouate-a-capuchon-timberland\/","url":"https:\/\/autravail.ca\/product\/a1hvy-chandail-ouate-a-capuchon-timberland\/","name":"A1HVY - CHANDAIL OUAT\u00c9 \u00c0 CAPUCHON TIMBERLAND - Le Magasin Industriel","isPartOf":{"@id":"https:\/\/autravail.ca\/#website"},"primaryImageOfPage":{"@id":"https:\/\/autravail.ca\/product\/a1hvy-chandail-ouate-a-capuchon-timberland\/#primaryimage"},"image":{"@id":"https:\/\/autravail.ca\/product\/a1hvy-chandail-ouate-a-capuchon-timberland\/#primaryimage"},"thumbnailUrl":"https:\/\/autravail.ca\/wp-content\/uploads\/2025\/05\/Hood_maron_A.jpg","datePublished":"2025-05-08T06:39:37+00:00","dateModified":"2026-03-12T02:25:48+00:00","breadcrumb":{"@id":"https:\/\/autravail.ca\/product\/a1hvy-chandail-ouate-a-capuchon-timberland\/#breadcrumb"},"inLanguage":"en-CA","potentialAction":[{"@type":"ReadAction","target":["https:\/\/autravail.ca\/product\/a1hvy-chandail-ouate-a-capuchon-timberland\/"]}]},{"@type":"ImageObject","inLanguage":"en-CA","@id":"https:\/\/autravail.ca\/product\/a1hvy-chandail-ouate-a-capuchon-timberland\/#primaryimage","url":"https:\/\/autravail.ca\/wp-content\/uploads\/2025\/05\/Hood_maron_A.jpg","contentUrl":"https:\/\/autravail.ca\/wp-content\/uploads\/2025\/05\/Hood_maron_A.jpg","width":1000,"height":1000},{"@type":"BreadcrumbList","@id":"https:\/\/autravail.ca\/product\/a1hvy-chandail-ouate-a-capuchon-timberland\/#breadcrumb","itemListElement":[{"@type":"ListItem","position":1,"name":"Accueil","item":"https:\/\/autravail.ca\/"},{"@type":"ListItem","position":2,"name":"Magasin","item":"https:\/\/autravail.ca\/en\/shop\/"},{"@type":"ListItem","position":3,"name":"A1HVY &#8211; CHANDAIL OUAT\u00c9 \u00c0 CAPUCHON TIMBERLAND"}]},{"@type":"WebSite","@id":"https:\/\/autravail.ca\/#website","url":"https:\/\/autravail.ca\/","name":"Le Magasin Industriel","description":"50 ans de tradition de s\u00e9curit\u00e9 au travail","publisher":{"@id":"https:\/\/autravail.ca\/#organization"},"potentialAction":[{"@type":"SearchAction","target":{"@type":"EntryPoint","urlTemplate":"https:\/\/autravail.ca\/?s={search_term_string}"},"query-input":{"@type":"PropertyValueSpecification","valueRequired":true,"valueName":"search_term_string"}}],"inLanguage":"en-CA"},{"@type":"Organization","@id":"https:\/\/autravail.ca\/#organization","name":"Le Magasin Industriel","url":"https:\/\/autravail.ca\/","logo":{"@type":"ImageObject","inLanguage":"en-CA","@id":"https:\/\/autravail.ca\/#\/schema\/logo\/image\/","url":"https:\/\/autravail.ca\/wp-content\/uploads\/2025\/05\/cropped-magasin_industriel_120x.avif","contentUrl":"https:\/\/autravail.ca\/wp-content\/uploads\/2025\/05\/cropped-magasin_industriel_120x.avif","width":120,"height":24,"caption":"Le Magasin Industriel"},"image":{"@id":"https:\/\/autravail.ca\/#\/schema\/logo\/image\/"},"sameAs":["https:\/\/www.facebook.com\/lemagasinindustriel\/?locale=fr_FR"]}]}},"jetpack_sharing_enabled":true,"_links":{"self":[{"href":"https:\/\/autravail.ca\/en\/wp-json\/wp\/v2\/product\/30343","targetHints":{"allow":["GET"]}}],"collection":[{"href":"https:\/\/autravail.ca\/en\/wp-json\/wp\/v2\/product"}],"about":[{"href":"https:\/\/autravail.ca\/en\/wp-json\/wp\/v2\/types\/product"}],"replies":[{"embeddable":true,"href":"https:\/\/autravail.ca\/en\/wp-json\/wp\/v2\/comments?post=30343"}],"wp:featuredmedia":[{"embeddable":true,"href":"https:\/\/autravail.ca\/en\/wp-json\/wp\/v2\/media\/14361"}],"wp:attachment":[{"href":"https:\/\/autravail.ca\/en\/wp-json\/wp\/v2\/media?parent=30343"}],"wp:term":[{"taxonomy":"product_cat","embeddable":true,"href":"https:\/\/autravail.ca\/en\/wp-json\/wp\/v2\/product_cat?post=30343"},{"taxonomy":"product_tag","embeddable":true,"href":"https:\/\/autravail.ca\/en\/wp-json\/wp\/v2\/product_tag?post=30343"}],"curies":[{"name":"wp","href":"https:\/\/api.w.org\/{rel}","templated":true}]}}