{"id":30342,"date":"2025-05-08T06:39:37","date_gmt":"2025-05-08T06:39:37","guid":{"rendered":"https:\/\/meteoquebec.ca\/?post_type=product&#038;p=30342"},"modified":"2026-03-11T16:22:13","modified_gmt":"2026-03-11T20:22:13","slug":"couvre-chaussure-a1305bw-11","status":"publish","type":"product","link":"https:\/\/autravail.ca\/en\/product\/couvre-chaussure-a1305bw-11\/","title":{"rendered":"Couvre chaussure &#8211; A1305BW-11"},"content":{"rendered":"<h3>Couvre chaussure &#8211; A1305BW-11<\/h3>\n<p>Couvre chaussure &#8211; A1305BW-11 de <a href=\"https:\/\/autravail.ca\/en\/product-brand\/acton\/\">Acton<\/a> (souvent appel\u00e9\u00a0<strong class=\"Yjhzub\" data-sfc-cb=\"\" data-complete=\"true\" data-processed=\"true\">Robson<\/strong>\u00a0ou\u00a0<strong class=\"Yjhzub\" data-sfc-cb=\"\" data-complete=\"true\" data-processed=\"true\">Robson Wide<\/strong>) est un couvre-chaussure de type \u00ab claque \u00bb (bas) con\u00e7u sp\u00e9cifiquement pour le milieu industriel et les travaux lourds.<\/p>\n<h6>Characteristics:<\/h6>\n<ul>\n<li class=\"dF3vjf\" data-sfc-cb=\"\" data-hveid=\"CAEIBRAA\" data-complete=\"true\" data-sae=\"\"><span class=\"T286Pc\" data-sfc-cp=\"\" data-sfc-cb=\"\" data-complete=\"true\">Contrairement aux mod\u00e8les de ville, il poss\u00e8de un chaussant tr\u00e8s large con\u00e7u pour s&rsquo;adapter par-dessus des <strong class=\"Yjhzub\" data-sfc-cb=\"\" data-complete=\"true\">bottes de travail massives<\/strong>, y compris celles avec un\u00a0<strong class=\"Yjhzub\" data-sfc-cb=\"\" data-complete=\"true\">protecteur m\u00e9tatarsien<\/strong>\u00a0ou des semelles \u00e0 crampons \u00e9pais.<\/span><\/li>\n<li class=\"dF3vjf\" data-sfc-cb=\"\" data-hveid=\"CAEIBRAB\" data-complete=\"true\" data-sae=\"\"><span class=\"T286Pc\" data-sfc-cp=\"\" data-sfc-cb=\"\" data-complete=\"true\">Fabriqu\u00e9 en caoutchouc 100 % imperm\u00e9able et flexible, m\u00eame par temps froid.<\/span><\/li>\n<li class=\"dF3vjf\" data-sfc-cb=\"\" data-hveid=\"CAEIBRAC\" data-complete=\"true\" data-sae=\"\"><span class=\"T286Pc\" data-sfc-cp=\"\" data-sfc-cb=\"\" data-complete=\"true\">Environ <strong class=\"Yjhzub\" data-sfc-cb=\"\" data-complete=\"true\">4,5 pouces<\/strong>\u00a0(11,4 cm), prot\u00e9geant le bas de la botte et les lacets.<\/span><\/li>\n<li class=\"dF3vjf\" data-sfc-cb=\"\" data-hveid=\"CAEIBRAD\" data-complete=\"true\" data-sae=\"\"><span class=\"T286Pc\" data-sfc-cp=\"\" data-sfc-cb=\"\" data-complete=\"true\" aria-owns=\"action-menu-parent-container\"><strong class=\"Yjhzub\" data-sfc-cb=\"\" data-complete=\"true\">Doublure i<\/strong>nt\u00e9rieur en\u00a0<strong class=\"Yjhzub\" data-sfc-cb=\"\" data-complete=\"true\">tricot<\/strong>\u00a0pour faciliter l&rsquo;enfilage et le retrait.<\/span><\/li>\n<li data-sfc-cb=\"\" data-hveid=\"CAEIBRAD\" data-complete=\"true\" data-sae=\"\">Il dispose d&rsquo;une\u00a0<strong class=\"Yjhzub\" data-sfc-cb=\"\" data-complete=\"true\">courte languette<\/strong>\u00a0qui recouvre les lacets de la botte de travail pour \u00e9viter qu&rsquo;ils ne se salissent ou ne s&rsquo;accrochent.<\/li>\n<li data-sfc-cb=\"\" data-hveid=\"CAEIBRAD\" data-complete=\"true\" data-sae=\"\">Sa conception permet une insertion rapide de la botte.<\/li>\n<li data-sfc-cb=\"\" data-hveid=\"CAEIBRAD\" data-complete=\"true\" data-sae=\"\">La semelle est dot\u00e9e de crampons (environ 3 mm) pour assurer une bonne traction sur les sols glissants ou boueux.<\/li>\n<\/ul>\n<p><em><span style=\"color: #fa0b0b;\">Unisex U.S. men's sizes presented. To convert to U.S. women's size, add 2 sizes. Example: 5 U.S. men = 7 U.S. women<\/span><\/em><\/p>\n<p><img decoding=\"async\" class=\"alignnone wp-image-40620\" src=\"https:\/\/autravail.ca\/wp-content\/uploads\/2025\/09\/Jachete-quebec-et-canada.jpg\" alt=\"Logo de l'achat local\" width=\"162\" height=\"139\" \/>Merci d&rsquo;encourager une entreprise 100% d&rsquo;ici!<\/p>\n<p>TS2603H<\/p>","protected":false},"excerpt":{"rendered":"<p>Couvre chaussure &#8211; A1305BW-11 Couvre chaussure &#8211; A1305BW-11 de Acton (souvent appel\u00e9\u00a0Robson\u00a0ou\u00a0Robson Wide) est un couvre-chaussure de type \u00ab claque \u00bb (bas) con\u00e7u sp\u00e9cifiquement pour le milieu industriel et les travaux lourds. Caract\u00e9ristiques: Contrairement aux mod\u00e8les de ville, il poss\u00e8de un chaussant tr\u00e8s large con\u00e7u pour s&rsquo;adapter par-dessus des bottes de travail massives, y compris [&hellip;]<\/p>","protected":false},"featured_media":14348,"comment_status":"open","ping_status":"closed","template":"","meta":[],"product_cat":[657,602],"product_tag":[292,242],"class_list":{"0":"post-30342","1":"product","2":"type-product","3":"status-publish","4":"has-post-thumbnail","6":"product_brand-acton","7":"product_cat-accessoires-de-chaussures","8":"product_cat-hommes","9":"product_tag-couvre-chaussures-et-claques","10":"product_tag-homme","12":"first","13":"instock","14":"taxable","15":"shipping-taxable","16":"purchasable","17":"product-type-variable"},"yoast_head":"<!-- This site is optimized with the Yoast SEO plugin v25.3.1 - https:\/\/yoast.com\/wordpress\/plugins\/seo\/ -->\n<title>Couvre chaussure - A1305BW-11 - Le Magasin Industriel<\/title>\n<meta name=\"description\" content=\"Couvre chaussure - A1305BW-11 est un couvre-chaussure de type \u00ab claque \u00bb (bas) en caoutchouc 100 % imperm\u00e9able et flexible\" \/>\n<meta name=\"robots\" content=\"index, follow, max-snippet:-1, max-image-preview:large, max-video-preview:-1\" \/>\n<link rel=\"canonical\" href=\"https:\/\/autravail.ca\/en\/product\/couvre-chaussure-a1305bw-11\/\" \/>\n<meta property=\"og:locale\" content=\"en_US\" \/>\n<meta property=\"og:type\" content=\"article\" \/>\n<meta property=\"og:title\" content=\"Couvre chaussure - A1305BW-11 - Le Magasin Industriel\" \/>\n<meta property=\"og:description\" content=\"Couvre chaussure - A1305BW-11 est un couvre-chaussure de type \u00ab claque \u00bb (bas) en caoutchouc 100 % imperm\u00e9able et flexible\" \/>\n<meta property=\"og:url\" content=\"https:\/\/autravail.ca\/en\/product\/couvre-chaussure-a1305bw-11\/\" \/>\n<meta property=\"og:site_name\" content=\"Le Magasin Industriel\" \/>\n<meta property=\"article:publisher\" content=\"https:\/\/www.facebook.com\/lemagasinindustriel\/?locale=fr_FR\" \/>\n<meta property=\"article:modified_time\" content=\"2026-03-11T20:22:13+00:00\" \/>\n<meta property=\"og:image\" content=\"https:\/\/autravail.ca\/wp-content\/uploads\/2025\/05\/A1305B-11_A01.jpg\" \/>\n\t<meta property=\"og:image:width\" content=\"1000\" \/>\n\t<meta property=\"og:image:height\" content=\"1000\" \/>\n\t<meta property=\"og:image:type\" content=\"image\/jpeg\" \/>\n<meta name=\"twitter:card\" content=\"summary_large_image\" \/>\n<meta name=\"twitter:label1\" content=\"Est. reading time\" \/>\n\t<meta name=\"twitter:data1\" content=\"2 minutes\" \/>\n<script type=\"application\/ld+json\" class=\"yoast-schema-graph\">{\"@context\":\"https:\/\/schema.org\",\"@graph\":[{\"@type\":\"WebPage\",\"@id\":\"https:\/\/autravail.ca\/product\/couvre-chaussure-a1305bw-11\/\",\"url\":\"https:\/\/autravail.ca\/product\/couvre-chaussure-a1305bw-11\/\",\"name\":\"Couvre chaussure - A1305BW-11 - Le Magasin Industriel\",\"isPartOf\":{\"@id\":\"https:\/\/autravail.ca\/#website\"},\"primaryImageOfPage\":{\"@id\":\"https:\/\/autravail.ca\/product\/couvre-chaussure-a1305bw-11\/#primaryimage\"},\"image\":{\"@id\":\"https:\/\/autravail.ca\/product\/couvre-chaussure-a1305bw-11\/#primaryimage\"},\"thumbnailUrl\":\"https:\/\/autravail.ca\/wp-content\/uploads\/2025\/05\/A1305B-11_A01.jpg\",\"datePublished\":\"2025-05-08T06:39:37+00:00\",\"dateModified\":\"2026-03-11T20:22:13+00:00\",\"description\":\"Couvre chaussure - A1305BW-11 est un couvre-chaussure de type \u00ab claque \u00bb (bas) en caoutchouc 100 % imperm\u00e9able et flexible\",\"breadcrumb\":{\"@id\":\"https:\/\/autravail.ca\/product\/couvre-chaussure-a1305bw-11\/#breadcrumb\"},\"inLanguage\":\"en-CA\",\"potentialAction\":[{\"@type\":\"ReadAction\",\"target\":[\"https:\/\/autravail.ca\/product\/couvre-chaussure-a1305bw-11\/\"]}]},{\"@type\":\"ImageObject\",\"inLanguage\":\"en-CA\",\"@id\":\"https:\/\/autravail.ca\/product\/couvre-chaussure-a1305bw-11\/#primaryimage\",\"url\":\"https:\/\/autravail.ca\/wp-content\/uploads\/2025\/05\/A1305B-11_A01.jpg\",\"contentUrl\":\"https:\/\/autravail.ca\/wp-content\/uploads\/2025\/05\/A1305B-11_A01.jpg\",\"width\":1000,\"height\":1000,\"caption\":\"Couvre chaussure - A1305BW-11\"},{\"@type\":\"BreadcrumbList\",\"@id\":\"https:\/\/autravail.ca\/product\/couvre-chaussure-a1305bw-11\/#breadcrumb\",\"itemListElement\":[{\"@type\":\"ListItem\",\"position\":1,\"name\":\"Accueil\",\"item\":\"https:\/\/autravail.ca\/\"},{\"@type\":\"ListItem\",\"position\":2,\"name\":\"Magasin\",\"item\":\"https:\/\/autravail.ca\/en\/shop\/\"},{\"@type\":\"ListItem\",\"position\":3,\"name\":\"Couvre chaussure &#8211; A1305BW-11\"}]},{\"@type\":\"WebSite\",\"@id\":\"https:\/\/autravail.ca\/#website\",\"url\":\"https:\/\/autravail.ca\/\",\"name\":\"Le Magasin Industriel\",\"description\":\"50 ans de tradition de s\u00e9curit\u00e9 au travail\",\"publisher\":{\"@id\":\"https:\/\/autravail.ca\/#organization\"},\"potentialAction\":[{\"@type\":\"SearchAction\",\"target\":{\"@type\":\"EntryPoint\",\"urlTemplate\":\"https:\/\/autravail.ca\/?s={search_term_string}\"},\"query-input\":{\"@type\":\"PropertyValueSpecification\",\"valueRequired\":true,\"valueName\":\"search_term_string\"}}],\"inLanguage\":\"en-CA\"},{\"@type\":\"Organization\",\"@id\":\"https:\/\/autravail.ca\/#organization\",\"name\":\"Le Magasin Industriel\",\"url\":\"https:\/\/autravail.ca\/\",\"logo\":{\"@type\":\"ImageObject\",\"inLanguage\":\"en-CA\",\"@id\":\"https:\/\/autravail.ca\/#\/schema\/logo\/image\/\",\"url\":\"https:\/\/autravail.ca\/wp-content\/uploads\/2025\/05\/cropped-magasin_industriel_120x.avif\",\"contentUrl\":\"https:\/\/autravail.ca\/wp-content\/uploads\/2025\/05\/cropped-magasin_industriel_120x.avif\",\"width\":120,\"height\":24,\"caption\":\"Le Magasin Industriel\"},\"image\":{\"@id\":\"https:\/\/autravail.ca\/#\/schema\/logo\/image\/\"},\"sameAs\":[\"https:\/\/www.facebook.com\/lemagasinindustriel\/?locale=fr_FR\"]}]}<\/script>\n<!-- \/ Yoast SEO plugin. -->","yoast_head_json":{"title":"Couvre chaussure - A1305BW-11 - Le Magasin Industriel","description":"Couvre chaussure - A1305BW-11 est un couvre-chaussure de type \u00ab claque \u00bb (bas) en caoutchouc 100 % imperm\u00e9able et flexible","robots":{"index":"index","follow":"follow","max-snippet":"max-snippet:-1","max-image-preview":"max-image-preview:large","max-video-preview":"max-video-preview:-1"},"canonical":"https:\/\/autravail.ca\/en\/product\/couvre-chaussure-a1305bw-11\/","og_locale":"en_US","og_type":"article","og_title":"Couvre chaussure - A1305BW-11 - Le Magasin Industriel","og_description":"Couvre chaussure - A1305BW-11 est un couvre-chaussure de type \u00ab claque \u00bb (bas) en caoutchouc 100 % imperm\u00e9able et flexible","og_url":"https:\/\/autravail.ca\/en\/product\/couvre-chaussure-a1305bw-11\/","og_site_name":"Le Magasin Industriel","article_publisher":"https:\/\/www.facebook.com\/lemagasinindustriel\/?locale=fr_FR","article_modified_time":"2026-03-11T20:22:13+00:00","og_image":[{"width":1000,"height":1000,"url":"https:\/\/autravail.ca\/wp-content\/uploads\/2025\/05\/A1305B-11_A01.jpg","type":"image\/jpeg"}],"twitter_card":"summary_large_image","twitter_misc":{"Est. reading time":"2 minutes"},"schema":{"@context":"https:\/\/schema.org","@graph":[{"@type":"WebPage","@id":"https:\/\/autravail.ca\/product\/couvre-chaussure-a1305bw-11\/","url":"https:\/\/autravail.ca\/product\/couvre-chaussure-a1305bw-11\/","name":"Couvre chaussure - A1305BW-11 - Le Magasin Industriel","isPartOf":{"@id":"https:\/\/autravail.ca\/#website"},"primaryImageOfPage":{"@id":"https:\/\/autravail.ca\/product\/couvre-chaussure-a1305bw-11\/#primaryimage"},"image":{"@id":"https:\/\/autravail.ca\/product\/couvre-chaussure-a1305bw-11\/#primaryimage"},"thumbnailUrl":"https:\/\/autravail.ca\/wp-content\/uploads\/2025\/05\/A1305B-11_A01.jpg","datePublished":"2025-05-08T06:39:37+00:00","dateModified":"2026-03-11T20:22:13+00:00","description":"Couvre chaussure - A1305BW-11 est un couvre-chaussure de type \u00ab claque \u00bb (bas) en caoutchouc 100 % imperm\u00e9able et flexible","breadcrumb":{"@id":"https:\/\/autravail.ca\/product\/couvre-chaussure-a1305bw-11\/#breadcrumb"},"inLanguage":"en-CA","potentialAction":[{"@type":"ReadAction","target":["https:\/\/autravail.ca\/product\/couvre-chaussure-a1305bw-11\/"]}]},{"@type":"ImageObject","inLanguage":"en-CA","@id":"https:\/\/autravail.ca\/product\/couvre-chaussure-a1305bw-11\/#primaryimage","url":"https:\/\/autravail.ca\/wp-content\/uploads\/2025\/05\/A1305B-11_A01.jpg","contentUrl":"https:\/\/autravail.ca\/wp-content\/uploads\/2025\/05\/A1305B-11_A01.jpg","width":1000,"height":1000,"caption":"Couvre chaussure - A1305BW-11"},{"@type":"BreadcrumbList","@id":"https:\/\/autravail.ca\/product\/couvre-chaussure-a1305bw-11\/#breadcrumb","itemListElement":[{"@type":"ListItem","position":1,"name":"Accueil","item":"https:\/\/autravail.ca\/"},{"@type":"ListItem","position":2,"name":"Magasin","item":"https:\/\/autravail.ca\/en\/shop\/"},{"@type":"ListItem","position":3,"name":"Couvre chaussure &#8211; A1305BW-11"}]},{"@type":"WebSite","@id":"https:\/\/autravail.ca\/#website","url":"https:\/\/autravail.ca\/","name":"Le Magasin Industriel","description":"50 ans de tradition de s\u00e9curit\u00e9 au travail","publisher":{"@id":"https:\/\/autravail.ca\/#organization"},"potentialAction":[{"@type":"SearchAction","target":{"@type":"EntryPoint","urlTemplate":"https:\/\/autravail.ca\/?s={search_term_string}"},"query-input":{"@type":"PropertyValueSpecification","valueRequired":true,"valueName":"search_term_string"}}],"inLanguage":"en-CA"},{"@type":"Organization","@id":"https:\/\/autravail.ca\/#organization","name":"Le Magasin Industriel","url":"https:\/\/autravail.ca\/","logo":{"@type":"ImageObject","inLanguage":"en-CA","@id":"https:\/\/autravail.ca\/#\/schema\/logo\/image\/","url":"https:\/\/autravail.ca\/wp-content\/uploads\/2025\/05\/cropped-magasin_industriel_120x.avif","contentUrl":"https:\/\/autravail.ca\/wp-content\/uploads\/2025\/05\/cropped-magasin_industriel_120x.avif","width":120,"height":24,"caption":"Le Magasin Industriel"},"image":{"@id":"https:\/\/autravail.ca\/#\/schema\/logo\/image\/"},"sameAs":["https:\/\/www.facebook.com\/lemagasinindustriel\/?locale=fr_FR"]}]}},"jetpack_sharing_enabled":true,"_links":{"self":[{"href":"https:\/\/autravail.ca\/en\/wp-json\/wp\/v2\/product\/30342","targetHints":{"allow":["GET"]}}],"collection":[{"href":"https:\/\/autravail.ca\/en\/wp-json\/wp\/v2\/product"}],"about":[{"href":"https:\/\/autravail.ca\/en\/wp-json\/wp\/v2\/types\/product"}],"replies":[{"embeddable":true,"href":"https:\/\/autravail.ca\/en\/wp-json\/wp\/v2\/comments?post=30342"}],"wp:featuredmedia":[{"embeddable":true,"href":"https:\/\/autravail.ca\/en\/wp-json\/wp\/v2\/media\/14348"}],"wp:attachment":[{"href":"https:\/\/autravail.ca\/en\/wp-json\/wp\/v2\/media?parent=30342"}],"wp:term":[{"taxonomy":"product_cat","embeddable":true,"href":"https:\/\/autravail.ca\/en\/wp-json\/wp\/v2\/product_cat?post=30342"},{"taxonomy":"product_tag","embeddable":true,"href":"https:\/\/autravail.ca\/en\/wp-json\/wp\/v2\/product_tag?post=30342"}],"curies":[{"name":"wp","href":"https:\/\/api.w.org\/{rel}","templated":true}]}}