{"id":30313,"date":"2025-05-08T06:39:21","date_gmt":"2025-05-08T06:39:21","guid":{"rendered":"https:\/\/meteoquebec.ca\/?post_type=product&#038;p=30313"},"modified":"2025-12-05T05:11:01","modified_gmt":"2025-12-05T09:11:01","slug":"botte-de-travail-timberland-gridworks-a12eo","status":"publish","type":"product","link":"https:\/\/autravail.ca\/en\/product\/botte-de-travail-timberland-gridworks-a12eo\/","title":{"rendered":"Botte de travail Timberland Gridworks &#8211; A12EO"},"content":{"rendered":"<h3>Botte de travail Timberland Gridworks &#8211; A12EO<\/h3>\n<p>La botte de travail <a href=\"https:\/\/autravail.ca\/en\/product-brand\/timberland-pro\/\">Timberland PRO<\/a> Gridworks brune est con\u00e7ue pour les environnements exigeants et les longues journ\u00e9es debout. Sa tige en cuir pleine fleur offre durabilit\u00e9, r\u00e9sistance \u00e0 l\u2019abrasion et un style classique adapt\u00e9 au chantier. La semelle ext\u00e9rieure en TPU est r\u00e9sistante \u00e0 l\u2019huile, au glissement et \u00e0 l\u2019abrasion pour une meilleure s\u00e9curit\u00e9. La Botte de travail Timberland Gridworks &#8211; A12EO reste souple m\u00eame par temps froid, assurant une adh\u00e9rence fiable sur diverses surfaces. La semelle intercalaire en polyur\u00e9thane absorbe les chocs et procure un confort durable toute la journ\u00e9e. La doublure respirante \u00e9vacue l\u2019humidit\u00e9 et aide \u00e0 garder les pieds au sec. Un embout de s\u00e9curit\u00e9 en alliage prot\u00e8ge efficacement sans compromettre l\u2019espace int\u00e9rieur. La botte est certifi\u00e9e CSA type Om\u00e9ga (ESR) pour la protection contre les chocs \u00e9lectriques et les perforations. Elle convient parfaitement aux professionnels recherchant robustesse, confort et style.<\/p>\n<p><img decoding=\"async\" class=\"alignnone size-full wp-image-40117\" src=\"https:\/\/autravail.ca\/wp-content\/uploads\/2025\/09\/Certification-Omega-Triangle-vert.jpg\" alt=\"Certifications Om\u00e9ga Triangle vert\" width=\"193\" height=\"110\" srcset=\"https:\/\/autravail.ca\/wp-content\/uploads\/2025\/09\/Certification-Omega-Triangle-vert.jpg 193w, https:\/\/autravail.ca\/wp-content\/uploads\/2025\/09\/Certification-Omega-Triangle-vert-150x85.jpg 150w, https:\/\/autravail.ca\/wp-content\/uploads\/2025\/09\/Certification-Omega-Triangle-vert-18x10.jpg 18w\" sizes=\"(max-width: 193px) 100vw, 193px\" \/><\/p>\n<h4>Characteristics:<\/h4>\n<ul>\n<li>Structure builder's boots.<\/li>\n<li>Cuir Noir de premi\u00e8re qualit\u00e9.<\/li>\n<li>High quality waterproof leather and waterproof membrane.<\/li>\n<li>Grid with antibacterial treatment for odor control.<\/li>\n<li>Protective cap reinforced with an alloy on the Titan last.<\/li>\n<li>Non-Metallic Cambrion for a Structural Support<\/li>\n<li>Plantar seat in dynamic anti-fatigue polyurethane technology.<\/li>\n<li>Non-Metallic Plate Resistant to Puncture<\/li>\n<li>Rubber Gasket.<\/li>\n<li>Unique trigger technology.<\/li>\n<li>Materials of double function on top.<\/li>\n<li>Intercalated EVA Sole in Urethane Thermoplastic for Cold Temperatures<\/li>\n<li>Low temperature formulation that maximizes adherence on cold surfaces.<\/li>\n<li>Antislip<\/li>\n<li>Abrasion resistant.<\/li>\n<li>Oil resistant.<\/li>\n<li>Outsole type wallet for maximum contact with the ground and excellent traction.<\/li>\n<\/ul>\n<p><img decoding=\"async\" class=\"alignnone wp-image-40620\" src=\"https:\/\/autravail.ca\/wp-content\/uploads\/2025\/09\/Jachete-quebec-et-canada.jpg\" alt=\"Logo de l'achat local\" width=\"162\" height=\"139\" \/>Merci d&rsquo;encourager une entreprise 100% d&rsquo;ici!<\/p>","protected":false},"excerpt":{"rendered":"<p>Botte de travail Timberland Gridworks &#8211; A12EO La botte de travail Timberland PRO Gridworks brune est con\u00e7ue pour les environnements exigeants et les longues journ\u00e9es debout. Sa tige en cuir pleine fleur offre durabilit\u00e9, r\u00e9sistance \u00e0 l\u2019abrasion et un style classique adapt\u00e9 au chantier. La semelle ext\u00e9rieure en TPU est r\u00e9sistante \u00e0 l\u2019huile, au glissement [&hellip;]<\/p>","protected":false},"featured_media":40855,"comment_status":"open","ping_status":"closed","template":"","meta":[],"product_cat":[613,805,602],"product_tag":[251,252,242,821,345,253],"class_list":{"0":"post-30313","1":"product","2":"type-product","3":"status-publish","4":"has-post-thumbnail","6":"product_brand-timberland-pro","7":"product_cat-bottes-de-travail","8":"product_cat-bottes-de-travail-homme","9":"product_cat-hommes","10":"product_tag-bottes-de-travail","11":"product_tag-electric-shock-resistant","12":"product_tag-homme","13":"product_tag-impermeable","14":"product_tag-monteur","15":"product_tag-sole-protection","17":"first","18":"instock","19":"taxable","20":"shipping-taxable","21":"purchasable","22":"product-type-variable"},"yoast_head":"<!-- This site is optimized with the Yoast SEO plugin v25.3.1 - https:\/\/yoast.com\/wordpress\/plugins\/seo\/ -->\n<title>Botte de travail Timberland Gridworks - A12EO - Le Magasin Industriel<\/title>\n<meta name=\"description\" content=\"Botte de travail Timberland Gridworks - A12EO avec semelle d&#039;usure de type monteur de structure et semelle confort antifatigue.\" \/>\n<meta name=\"robots\" content=\"index, follow, max-snippet:-1, max-image-preview:large, max-video-preview:-1\" \/>\n<link rel=\"canonical\" href=\"https:\/\/autravail.ca\/en\/product\/botte-de-travail-timberland-gridworks-a12eo\/\" \/>\n<meta property=\"og:locale\" content=\"en_US\" \/>\n<meta property=\"og:type\" content=\"article\" \/>\n<meta property=\"og:title\" content=\"Botte de travail Timberland Gridworks - A12EO - Le Magasin Industriel\" \/>\n<meta property=\"og:description\" content=\"Botte de travail Timberland Gridworks - A12EO avec semelle d&#039;usure de type monteur de structure et semelle confort antifatigue.\" \/>\n<meta property=\"og:url\" content=\"https:\/\/autravail.ca\/en\/product\/botte-de-travail-timberland-gridworks-a12eo\/\" \/>\n<meta property=\"og:site_name\" content=\"Le Magasin Industriel\" \/>\n<meta property=\"article:publisher\" content=\"https:\/\/www.facebook.com\/lemagasinindustriel\/?locale=fr_FR\" \/>\n<meta property=\"article:modified_time\" content=\"2025-12-05T09:11:01+00:00\" \/>\n<meta property=\"og:image\" content=\"https:\/\/autravail.ca\/wp-content\/uploads\/2025\/05\/A12EO_A01-1.jpg\" \/>\n\t<meta property=\"og:image:width\" content=\"1000\" \/>\n\t<meta property=\"og:image:height\" content=\"1000\" \/>\n\t<meta property=\"og:image:type\" content=\"image\/jpeg\" \/>\n<meta name=\"twitter:card\" content=\"summary_large_image\" \/>\n<meta name=\"twitter:label1\" content=\"Est. reading time\" \/>\n\t<meta name=\"twitter:data1\" content=\"2 minutes\" \/>\n<script type=\"application\/ld+json\" class=\"yoast-schema-graph\">{\"@context\":\"https:\/\/schema.org\",\"@graph\":[{\"@type\":\"WebPage\",\"@id\":\"https:\/\/autravail.ca\/product\/botte-de-travail-timberland-gridworks-a12eo\/\",\"url\":\"https:\/\/autravail.ca\/product\/botte-de-travail-timberland-gridworks-a12eo\/\",\"name\":\"Botte de travail Timberland Gridworks - A12EO - Le Magasin Industriel\",\"isPartOf\":{\"@id\":\"https:\/\/autravail.ca\/#website\"},\"primaryImageOfPage\":{\"@id\":\"https:\/\/autravail.ca\/product\/botte-de-travail-timberland-gridworks-a12eo\/#primaryimage\"},\"image\":{\"@id\":\"https:\/\/autravail.ca\/product\/botte-de-travail-timberland-gridworks-a12eo\/#primaryimage\"},\"thumbnailUrl\":\"https:\/\/autravail.ca\/wp-content\/uploads\/2025\/05\/A12EO_A01-1.jpg\",\"datePublished\":\"2025-05-08T06:39:21+00:00\",\"dateModified\":\"2025-12-05T09:11:01+00:00\",\"description\":\"Botte de travail Timberland Gridworks - A12EO avec semelle d'usure de type monteur de structure et semelle confort antifatigue.\",\"breadcrumb\":{\"@id\":\"https:\/\/autravail.ca\/product\/botte-de-travail-timberland-gridworks-a12eo\/#breadcrumb\"},\"inLanguage\":\"en-CA\",\"potentialAction\":[{\"@type\":\"ReadAction\",\"target\":[\"https:\/\/autravail.ca\/product\/botte-de-travail-timberland-gridworks-a12eo\/\"]}]},{\"@type\":\"ImageObject\",\"inLanguage\":\"en-CA\",\"@id\":\"https:\/\/autravail.ca\/product\/botte-de-travail-timberland-gridworks-a12eo\/#primaryimage\",\"url\":\"https:\/\/autravail.ca\/wp-content\/uploads\/2025\/05\/A12EO_A01-1.jpg\",\"contentUrl\":\"https:\/\/autravail.ca\/wp-content\/uploads\/2025\/05\/A12EO_A01-1.jpg\",\"width\":1000,\"height\":1000,\"caption\":\"Botte de travail Timberland Gridworks - A12EO\"},{\"@type\":\"BreadcrumbList\",\"@id\":\"https:\/\/autravail.ca\/product\/botte-de-travail-timberland-gridworks-a12eo\/#breadcrumb\",\"itemListElement\":[{\"@type\":\"ListItem\",\"position\":1,\"name\":\"Accueil\",\"item\":\"https:\/\/autravail.ca\/\"},{\"@type\":\"ListItem\",\"position\":2,\"name\":\"Magasin\",\"item\":\"https:\/\/autravail.ca\/en\/shop\/\"},{\"@type\":\"ListItem\",\"position\":3,\"name\":\"Botte de travail Timberland Gridworks &#8211; A12EO\"}]},{\"@type\":\"WebSite\",\"@id\":\"https:\/\/autravail.ca\/#website\",\"url\":\"https:\/\/autravail.ca\/\",\"name\":\"Le Magasin Industriel\",\"description\":\"50 ans de tradition de s\u00e9curit\u00e9 au travail\",\"publisher\":{\"@id\":\"https:\/\/autravail.ca\/#organization\"},\"potentialAction\":[{\"@type\":\"SearchAction\",\"target\":{\"@type\":\"EntryPoint\",\"urlTemplate\":\"https:\/\/autravail.ca\/?s={search_term_string}\"},\"query-input\":{\"@type\":\"PropertyValueSpecification\",\"valueRequired\":true,\"valueName\":\"search_term_string\"}}],\"inLanguage\":\"en-CA\"},{\"@type\":\"Organization\",\"@id\":\"https:\/\/autravail.ca\/#organization\",\"name\":\"Le Magasin Industriel\",\"url\":\"https:\/\/autravail.ca\/\",\"logo\":{\"@type\":\"ImageObject\",\"inLanguage\":\"en-CA\",\"@id\":\"https:\/\/autravail.ca\/#\/schema\/logo\/image\/\",\"url\":\"https:\/\/autravail.ca\/wp-content\/uploads\/2025\/05\/cropped-magasin_industriel_120x.avif\",\"contentUrl\":\"https:\/\/autravail.ca\/wp-content\/uploads\/2025\/05\/cropped-magasin_industriel_120x.avif\",\"width\":120,\"height\":24,\"caption\":\"Le Magasin Industriel\"},\"image\":{\"@id\":\"https:\/\/autravail.ca\/#\/schema\/logo\/image\/\"},\"sameAs\":[\"https:\/\/www.facebook.com\/lemagasinindustriel\/?locale=fr_FR\"]}]}<\/script>\n<!-- \/ Yoast SEO plugin. -->","yoast_head_json":{"title":"Botte de travail Timberland Gridworks - A12EO - Le Magasin Industriel","description":"Botte de travail Timberland Gridworks - A12EO avec semelle d'usure de type monteur de structure et semelle confort antifatigue.","robots":{"index":"index","follow":"follow","max-snippet":"max-snippet:-1","max-image-preview":"max-image-preview:large","max-video-preview":"max-video-preview:-1"},"canonical":"https:\/\/autravail.ca\/en\/product\/botte-de-travail-timberland-gridworks-a12eo\/","og_locale":"en_US","og_type":"article","og_title":"Botte de travail Timberland Gridworks - A12EO - Le Magasin Industriel","og_description":"Botte de travail Timberland Gridworks - A12EO avec semelle d'usure de type monteur de structure et semelle confort antifatigue.","og_url":"https:\/\/autravail.ca\/en\/product\/botte-de-travail-timberland-gridworks-a12eo\/","og_site_name":"Le Magasin Industriel","article_publisher":"https:\/\/www.facebook.com\/lemagasinindustriel\/?locale=fr_FR","article_modified_time":"2025-12-05T09:11:01+00:00","og_image":[{"width":1000,"height":1000,"url":"https:\/\/autravail.ca\/wp-content\/uploads\/2025\/05\/A12EO_A01-1.jpg","type":"image\/jpeg"}],"twitter_card":"summary_large_image","twitter_misc":{"Est. reading time":"2 minutes"},"schema":{"@context":"https:\/\/schema.org","@graph":[{"@type":"WebPage","@id":"https:\/\/autravail.ca\/product\/botte-de-travail-timberland-gridworks-a12eo\/","url":"https:\/\/autravail.ca\/product\/botte-de-travail-timberland-gridworks-a12eo\/","name":"Botte de travail Timberland Gridworks - A12EO - Le Magasin Industriel","isPartOf":{"@id":"https:\/\/autravail.ca\/#website"},"primaryImageOfPage":{"@id":"https:\/\/autravail.ca\/product\/botte-de-travail-timberland-gridworks-a12eo\/#primaryimage"},"image":{"@id":"https:\/\/autravail.ca\/product\/botte-de-travail-timberland-gridworks-a12eo\/#primaryimage"},"thumbnailUrl":"https:\/\/autravail.ca\/wp-content\/uploads\/2025\/05\/A12EO_A01-1.jpg","datePublished":"2025-05-08T06:39:21+00:00","dateModified":"2025-12-05T09:11:01+00:00","description":"Botte de travail Timberland Gridworks - A12EO avec semelle d'usure de type monteur de structure et semelle confort antifatigue.","breadcrumb":{"@id":"https:\/\/autravail.ca\/product\/botte-de-travail-timberland-gridworks-a12eo\/#breadcrumb"},"inLanguage":"en-CA","potentialAction":[{"@type":"ReadAction","target":["https:\/\/autravail.ca\/product\/botte-de-travail-timberland-gridworks-a12eo\/"]}]},{"@type":"ImageObject","inLanguage":"en-CA","@id":"https:\/\/autravail.ca\/product\/botte-de-travail-timberland-gridworks-a12eo\/#primaryimage","url":"https:\/\/autravail.ca\/wp-content\/uploads\/2025\/05\/A12EO_A01-1.jpg","contentUrl":"https:\/\/autravail.ca\/wp-content\/uploads\/2025\/05\/A12EO_A01-1.jpg","width":1000,"height":1000,"caption":"Botte de travail Timberland Gridworks - A12EO"},{"@type":"BreadcrumbList","@id":"https:\/\/autravail.ca\/product\/botte-de-travail-timberland-gridworks-a12eo\/#breadcrumb","itemListElement":[{"@type":"ListItem","position":1,"name":"Accueil","item":"https:\/\/autravail.ca\/"},{"@type":"ListItem","position":2,"name":"Magasin","item":"https:\/\/autravail.ca\/en\/shop\/"},{"@type":"ListItem","position":3,"name":"Botte de travail Timberland Gridworks &#8211; A12EO"}]},{"@type":"WebSite","@id":"https:\/\/autravail.ca\/#website","url":"https:\/\/autravail.ca\/","name":"Le Magasin Industriel","description":"50 ans de tradition de s\u00e9curit\u00e9 au travail","publisher":{"@id":"https:\/\/autravail.ca\/#organization"},"potentialAction":[{"@type":"SearchAction","target":{"@type":"EntryPoint","urlTemplate":"https:\/\/autravail.ca\/?s={search_term_string}"},"query-input":{"@type":"PropertyValueSpecification","valueRequired":true,"valueName":"search_term_string"}}],"inLanguage":"en-CA"},{"@type":"Organization","@id":"https:\/\/autravail.ca\/#organization","name":"Le Magasin Industriel","url":"https:\/\/autravail.ca\/","logo":{"@type":"ImageObject","inLanguage":"en-CA","@id":"https:\/\/autravail.ca\/#\/schema\/logo\/image\/","url":"https:\/\/autravail.ca\/wp-content\/uploads\/2025\/05\/cropped-magasin_industriel_120x.avif","contentUrl":"https:\/\/autravail.ca\/wp-content\/uploads\/2025\/05\/cropped-magasin_industriel_120x.avif","width":120,"height":24,"caption":"Le Magasin Industriel"},"image":{"@id":"https:\/\/autravail.ca\/#\/schema\/logo\/image\/"},"sameAs":["https:\/\/www.facebook.com\/lemagasinindustriel\/?locale=fr_FR"]}]}},"jetpack_sharing_enabled":true,"_links":{"self":[{"href":"https:\/\/autravail.ca\/en\/wp-json\/wp\/v2\/product\/30313","targetHints":{"allow":["GET"]}}],"collection":[{"href":"https:\/\/autravail.ca\/en\/wp-json\/wp\/v2\/product"}],"about":[{"href":"https:\/\/autravail.ca\/en\/wp-json\/wp\/v2\/types\/product"}],"replies":[{"embeddable":true,"href":"https:\/\/autravail.ca\/en\/wp-json\/wp\/v2\/comments?post=30313"}],"wp:featuredmedia":[{"embeddable":true,"href":"https:\/\/autravail.ca\/en\/wp-json\/wp\/v2\/media\/40855"}],"wp:attachment":[{"href":"https:\/\/autravail.ca\/en\/wp-json\/wp\/v2\/media?parent=30313"}],"wp:term":[{"taxonomy":"product_cat","embeddable":true,"href":"https:\/\/autravail.ca\/en\/wp-json\/wp\/v2\/product_cat?post=30313"},{"taxonomy":"product_tag","embeddable":true,"href":"https:\/\/autravail.ca\/en\/wp-json\/wp\/v2\/product_tag?post=30313"}],"curies":[{"name":"wp","href":"https:\/\/api.w.org\/{rel}","templated":true}]}}