{"id":30282,"date":"2025-05-08T06:39:12","date_gmt":"2025-05-08T06:39:12","guid":{"rendered":"https:\/\/meteoquebec.ca\/?post_type=product&#038;p=30282"},"modified":"2025-12-05T05:11:02","modified_gmt":"2025-12-05T09:11:02","slug":"botte-de-travail-dhiver-driller-9857-0937","status":"publish","type":"product","link":"https:\/\/autravail.ca\/en\/product\/botte-de-travail-dhiver-driller-9857-0937\/","title":{"rendered":"Botte de travail d&rsquo;hiver &#8211; Driller 9857-0937"},"content":{"rendered":"<h3>Botte de travail d&rsquo;hiver &#8211; Driller 9857-0937<\/h3>\n<p>La <a href=\"\/en\/product-brand\/baffin\/\">Baffin<\/a> botte de travail d&rsquo;hiver Driller 9857-0937 sont les bottes qui\u00a0procurent le confort indispensable dans les environnements les plus froids, tout en vous donnant la certitude qu&rsquo;elles vous prot\u00e9geront ad\u00e9quatement. Fabriqu\u00e9es avec des mat\u00e9riaux r\u00e9sistants aux huileset aux acides, ces bottes sont faites pour assurer un confort durable. Avec la DRILLER, vous pouvez vous concentrer sur votre travail,tandis que nous nous occupons du reste.<\/p>\n<p><img decoding=\"async\" class=\"alignnone size-full wp-image-40117\" src=\"https:\/\/autravail.ca\/wp-content\/uploads\/2025\/09\/Certification-Omega-Triangle-vert.jpg\" alt=\"Certifications Om\u00e9ga Triangle vert\" width=\"193\" height=\"110\" srcset=\"https:\/\/autravail.ca\/wp-content\/uploads\/2025\/09\/Certification-Omega-Triangle-vert.jpg 193w, https:\/\/autravail.ca\/wp-content\/uploads\/2025\/09\/Certification-Omega-Triangle-vert-150x85.jpg 150w, https:\/\/autravail.ca\/wp-content\/uploads\/2025\/09\/Certification-Omega-Triangle-vert-18x10.jpg 18w\" sizes=\"(max-width: 193px) 100vw, 193px\" \/><\/p>\n<h4>Characteristics:<\/h4>\n<ul>\n<li>Base in resistant olefin fabric for acids and oils.<\/li>\n<li>Resistant neoprene tube for acids and oils.<\/li>\n<li>Eyelet Lacing System in D Ring Resistant to Rust.<\/li>\n<li>Entirely resistant laces and stitching against acids and oils.<\/li>\n<li>Intercalary sole GelFlex allowing for reduction of foot fatigue<\/li>\n<li>Antiskid, durable and self-cleaning<\/li>\n<li>Fabriqu\u00e9 au Canada<\/li>\n<li>Niveau d\u2019isolation : Syst\u00e8me de chausson int\u00e9rieur multicouche amovible \u00e0 ajustement confortable.<\/li>\n<li>Degr\u00e9 d\u2019imperm\u00e9abilit\u00e9 : B-Tek\u2122 imperm\u00e9able basique.<\/li>\n<li>Replacement Felt: Style 998A100 001<\/li>\n<\/ul>\n<h3>TECHNOLOGIE:<\/h3>\n<ul>\n<li>Approuv\u00e9 par la CSA<\/li>\n<li>Classification ESR\/EH<\/li>\n<li>Tige, lacets et coutures en n\u00e9opr\u00e8ne haute r\u00e9sistance \u00e0 l&rsquo;huile et \u00e0 l&rsquo;acide<\/li>\n<li>La\u00e7age avant avec anneau en D renforc\u00e9 de cuir, antirouille et facile \u00e0 enfiler, pour un confort optimal<\/li>\n<li>Col avec cordon de serrage pour une protection suppl\u00e9mentaire contre la neige<\/li>\n<li>Mod\u00e8le \u00e0 enfiler pour un enfilage facile<\/li>\n<li>Embout et plaque de s\u00e9curit\u00e9 en acier<\/li>\n<li>Base en Oarprene\u2122 r\u00e9sistante \u00e0 l&rsquo;huile et \u00e0 l&rsquo;acide<\/li>\n<li>Semelle intercalaire antifatigue GelFlex\u2122 pour l&rsquo;absorption des chocs et le rebond<\/li>\n<li>Semelle ext\u00e9rieure antid\u00e9rapante sur la neige<\/li>\n<\/ul>\n<h4>ISOLATION:<\/h4>\n<ul>\n<li>Chausson int\u00e9rieur amovible Comfort-Fit multicouche comprenant\u00a0:<\/li>\n<li>Couche Thermaplush\u2122 douce et absorbante pour plus de chaleur<\/li>\n<li>Doublure en mousse B-Tek\u2122 ajust\u00e9e pour plus de confort<\/li>\n<li>Double isolation l\u00e9g\u00e8re en fibres creuses B-Tek\u2122 Heat \u00e0 4 canaux pour une respirabilit\u00e9 optimale dans une large plage de temp\u00e9ratures<\/li>\n<li>Membrane en aluminium vaporis\u00e9 pour la r\u00e9flexion de l&rsquo;\u00e9nergie et la chaleur R\u00e9gulation<\/li>\n<li>M\u00e9lange de laine et de polyester PolyWool pour une chaleur respirante<\/li>\n<li>Superposition Hydromax\u2122 pour une meilleure gestion de l&rsquo;humidit\u00e9<\/li>\n<li>Isolation DiamondNet\u2122 pour une protection coupe-vent et une sensation de l\u00e9g\u00e8ret\u00e9<\/li>\n<li>Semelle int\u00e9rieure gaufr\u00e9e con\u00e7ue pour emprisonner l&rsquo;air chaud et contr\u00f4ler les odeurs<\/li>\n<li>Double semelle int\u00e9rieure en aluminium qui restitue la chaleur et r\u00e9fl\u00e9chit le froid pour une r\u00e9gulation thermique optimale<\/li>\n<\/ul>\n<h4>ENTRETIEN:<\/h4>\n<ul>\n<li>Tige en n\u00e9opr\u00e8ne : Commencez par laver \u00e0 la main \u00e0 l&rsquo;eau ti\u00e8de. Si la salet\u00e9 persiste, utilisez un d\u00e9tergent doux. S\u00e9chage naturel \u00e0 l&rsquo;air libre.<\/li>\n<li>Base en polyur\u00e9thane : Essuyez avec un chiffon humide pour enlever l&rsquo;exc\u00e8s de salet\u00e9. Si la salet\u00e9 persiste, utilisez un d\u00e9tergent doux avec le chiffon humide.<\/li>\n<\/ul>\n<h4>ENTREPOSAGE:<\/h4>\n<ul>\n<li>\u00c9liminez toute salet\u00e9 et d\u00e9bris du caoutchouc, du nylon ou du cuir.<\/li>\n<li>Essuyez et assurez-vous que le produit est sec avant de le ranger.<\/li>\n<li>Conservation optimale dans un endroit sombre, sec et frais.<\/li>\n<\/ul>\n<p><img decoding=\"async\" class=\"alignnone wp-image-40620\" src=\"https:\/\/autravail.ca\/wp-content\/uploads\/2025\/09\/Jachete-quebec-et-canada.jpg\" alt=\"Logo de l'achat local\" width=\"162\" height=\"139\" \/>Merci d&rsquo;encourager une entreprise 100% d&rsquo;ici!<\/p>","protected":false},"excerpt":{"rendered":"<p>Botte de travail d&rsquo;hiver &#8211; Driller 9857-0937 La Baffin botte de travail d&rsquo;hiver Driller 9857-0937 sont les bottes qui\u00a0procurent le confort indispensable dans les environnements les plus froids, tout en vous donnant la certitude qu&rsquo;elles vous prot\u00e9geront ad\u00e9quatement. Fabriqu\u00e9es avec des mat\u00e9riaux r\u00e9sistants aux huileset aux acides, ces bottes sont faites pour assurer un confort [&hellip;]<\/p>","protected":false},"featured_media":14267,"comment_status":"open","ping_status":"closed","template":"","meta":[],"product_cat":[671,602],"product_tag":[308,252,242,253],"class_list":{"0":"post-30282","1":"product","2":"type-product","3":"status-publish","4":"has-post-thumbnail","6":"product_brand-baffin","7":"product_cat-bottes-dhiver-csa","8":"product_cat-hommes","9":"product_tag-bottes-dhiver-csa","10":"product_tag-electric-shock-resistant","11":"product_tag-homme","12":"product_tag-sole-protection","14":"first","15":"instock","16":"taxable","17":"shipping-taxable","18":"purchasable","19":"product-type-variable"},"yoast_head":"<!-- This site is optimized with the Yoast SEO plugin v25.3.1 - https:\/\/yoast.com\/wordpress\/plugins\/seo\/ -->\n<title>Botte de travail d&#039;hiver - Driller 9857-0937 - Le Magasin Industriel<\/title>\n<meta name=\"description\" content=\"Botte de travail d&#039;hiver - Driller 9857-0937 pour les p\u00e9riodes les plus froides sur terre le confort au froid est optimal lors d&#039;activit\u00e9s\" \/>\n<meta name=\"robots\" content=\"index, follow, max-snippet:-1, max-image-preview:large, max-video-preview:-1\" \/>\n<link rel=\"canonical\" href=\"https:\/\/autravail.ca\/en\/product\/botte-de-travail-dhiver-driller-9857-0937\/\" \/>\n<meta property=\"og:locale\" content=\"en_US\" \/>\n<meta property=\"og:type\" content=\"article\" \/>\n<meta property=\"og:title\" content=\"Botte de travail d&#039;hiver - Driller 9857-0937 - Le Magasin Industriel\" \/>\n<meta property=\"og:description\" content=\"Botte de travail d&#039;hiver - Driller 9857-0937 pour les p\u00e9riodes les plus froides sur terre le confort au froid est optimal lors d&#039;activit\u00e9s\" \/>\n<meta property=\"og:url\" content=\"https:\/\/autravail.ca\/en\/product\/botte-de-travail-dhiver-driller-9857-0937\/\" \/>\n<meta property=\"og:site_name\" content=\"Le Magasin Industriel\" \/>\n<meta property=\"article:publisher\" content=\"https:\/\/www.facebook.com\/lemagasinindustriel\/?locale=fr_FR\" \/>\n<meta property=\"article:modified_time\" content=\"2025-12-05T09:11:02+00:00\" \/>\n<meta property=\"og:image\" content=\"https:\/\/autravail.ca\/wp-content\/uploads\/2025\/05\/9857-0937_A01.jpg\" \/>\n\t<meta property=\"og:image:width\" content=\"1000\" \/>\n\t<meta property=\"og:image:height\" content=\"1000\" \/>\n\t<meta property=\"og:image:type\" content=\"image\/jpeg\" \/>\n<meta name=\"twitter:card\" content=\"summary_large_image\" \/>\n<meta name=\"twitter:label1\" content=\"Est. reading time\" \/>\n\t<meta name=\"twitter:data1\" content=\"3 minutes\" \/>\n<script type=\"application\/ld+json\" class=\"yoast-schema-graph\">{\"@context\":\"https:\/\/schema.org\",\"@graph\":[{\"@type\":\"WebPage\",\"@id\":\"https:\/\/autravail.ca\/product\/botte-de-travail-dhiver-driller-9857-0937\/\",\"url\":\"https:\/\/autravail.ca\/product\/botte-de-travail-dhiver-driller-9857-0937\/\",\"name\":\"Botte de travail d'hiver - Driller 9857-0937 - Le Magasin Industriel\",\"isPartOf\":{\"@id\":\"https:\/\/autravail.ca\/#website\"},\"primaryImageOfPage\":{\"@id\":\"https:\/\/autravail.ca\/product\/botte-de-travail-dhiver-driller-9857-0937\/#primaryimage\"},\"image\":{\"@id\":\"https:\/\/autravail.ca\/product\/botte-de-travail-dhiver-driller-9857-0937\/#primaryimage\"},\"thumbnailUrl\":\"https:\/\/autravail.ca\/wp-content\/uploads\/2025\/05\/9857-0937_A01.jpg\",\"datePublished\":\"2025-05-08T06:39:12+00:00\",\"dateModified\":\"2025-12-05T09:11:02+00:00\",\"description\":\"Botte de travail d'hiver - Driller 9857-0937 pour les p\u00e9riodes les plus froides sur terre le confort au froid est optimal lors d'activit\u00e9s\",\"breadcrumb\":{\"@id\":\"https:\/\/autravail.ca\/product\/botte-de-travail-dhiver-driller-9857-0937\/#breadcrumb\"},\"inLanguage\":\"en-CA\",\"potentialAction\":[{\"@type\":\"ReadAction\",\"target\":[\"https:\/\/autravail.ca\/product\/botte-de-travail-dhiver-driller-9857-0937\/\"]}]},{\"@type\":\"ImageObject\",\"inLanguage\":\"en-CA\",\"@id\":\"https:\/\/autravail.ca\/product\/botte-de-travail-dhiver-driller-9857-0937\/#primaryimage\",\"url\":\"https:\/\/autravail.ca\/wp-content\/uploads\/2025\/05\/9857-0937_A01.jpg\",\"contentUrl\":\"https:\/\/autravail.ca\/wp-content\/uploads\/2025\/05\/9857-0937_A01.jpg\",\"width\":1000,\"height\":1000},{\"@type\":\"BreadcrumbList\",\"@id\":\"https:\/\/autravail.ca\/product\/botte-de-travail-dhiver-driller-9857-0937\/#breadcrumb\",\"itemListElement\":[{\"@type\":\"ListItem\",\"position\":1,\"name\":\"Accueil\",\"item\":\"https:\/\/autravail.ca\/\"},{\"@type\":\"ListItem\",\"position\":2,\"name\":\"Magasin\",\"item\":\"https:\/\/autravail.ca\/en\/shop\/\"},{\"@type\":\"ListItem\",\"position\":3,\"name\":\"Botte de travail d&rsquo;hiver &#8211; Driller 9857-0937\"}]},{\"@type\":\"WebSite\",\"@id\":\"https:\/\/autravail.ca\/#website\",\"url\":\"https:\/\/autravail.ca\/\",\"name\":\"Le Magasin Industriel\",\"description\":\"50 ans de tradition de s\u00e9curit\u00e9 au travail\",\"publisher\":{\"@id\":\"https:\/\/autravail.ca\/#organization\"},\"potentialAction\":[{\"@type\":\"SearchAction\",\"target\":{\"@type\":\"EntryPoint\",\"urlTemplate\":\"https:\/\/autravail.ca\/?s={search_term_string}\"},\"query-input\":{\"@type\":\"PropertyValueSpecification\",\"valueRequired\":true,\"valueName\":\"search_term_string\"}}],\"inLanguage\":\"en-CA\"},{\"@type\":\"Organization\",\"@id\":\"https:\/\/autravail.ca\/#organization\",\"name\":\"Le Magasin Industriel\",\"url\":\"https:\/\/autravail.ca\/\",\"logo\":{\"@type\":\"ImageObject\",\"inLanguage\":\"en-CA\",\"@id\":\"https:\/\/autravail.ca\/#\/schema\/logo\/image\/\",\"url\":\"https:\/\/autravail.ca\/wp-content\/uploads\/2025\/05\/cropped-magasin_industriel_120x.avif\",\"contentUrl\":\"https:\/\/autravail.ca\/wp-content\/uploads\/2025\/05\/cropped-magasin_industriel_120x.avif\",\"width\":120,\"height\":24,\"caption\":\"Le Magasin Industriel\"},\"image\":{\"@id\":\"https:\/\/autravail.ca\/#\/schema\/logo\/image\/\"},\"sameAs\":[\"https:\/\/www.facebook.com\/lemagasinindustriel\/?locale=fr_FR\"]}]}<\/script>\n<!-- \/ Yoast SEO plugin. -->","yoast_head_json":{"title":"Botte de travail d'hiver - Driller 9857-0937 - Le Magasin Industriel","description":"Botte de travail d'hiver - Driller 9857-0937 pour les p\u00e9riodes les plus froides sur terre le confort au froid est optimal lors d'activit\u00e9s","robots":{"index":"index","follow":"follow","max-snippet":"max-snippet:-1","max-image-preview":"max-image-preview:large","max-video-preview":"max-video-preview:-1"},"canonical":"https:\/\/autravail.ca\/en\/product\/botte-de-travail-dhiver-driller-9857-0937\/","og_locale":"en_US","og_type":"article","og_title":"Botte de travail d'hiver - Driller 9857-0937 - Le Magasin Industriel","og_description":"Botte de travail d'hiver - Driller 9857-0937 pour les p\u00e9riodes les plus froides sur terre le confort au froid est optimal lors d'activit\u00e9s","og_url":"https:\/\/autravail.ca\/en\/product\/botte-de-travail-dhiver-driller-9857-0937\/","og_site_name":"Le Magasin Industriel","article_publisher":"https:\/\/www.facebook.com\/lemagasinindustriel\/?locale=fr_FR","article_modified_time":"2025-12-05T09:11:02+00:00","og_image":[{"width":1000,"height":1000,"url":"https:\/\/autravail.ca\/wp-content\/uploads\/2025\/05\/9857-0937_A01.jpg","type":"image\/jpeg"}],"twitter_card":"summary_large_image","twitter_misc":{"Est. reading time":"3 minutes"},"schema":{"@context":"https:\/\/schema.org","@graph":[{"@type":"WebPage","@id":"https:\/\/autravail.ca\/product\/botte-de-travail-dhiver-driller-9857-0937\/","url":"https:\/\/autravail.ca\/product\/botte-de-travail-dhiver-driller-9857-0937\/","name":"Botte de travail d'hiver - Driller 9857-0937 - Le Magasin Industriel","isPartOf":{"@id":"https:\/\/autravail.ca\/#website"},"primaryImageOfPage":{"@id":"https:\/\/autravail.ca\/product\/botte-de-travail-dhiver-driller-9857-0937\/#primaryimage"},"image":{"@id":"https:\/\/autravail.ca\/product\/botte-de-travail-dhiver-driller-9857-0937\/#primaryimage"},"thumbnailUrl":"https:\/\/autravail.ca\/wp-content\/uploads\/2025\/05\/9857-0937_A01.jpg","datePublished":"2025-05-08T06:39:12+00:00","dateModified":"2025-12-05T09:11:02+00:00","description":"Botte de travail d'hiver - Driller 9857-0937 pour les p\u00e9riodes les plus froides sur terre le confort au froid est optimal lors d'activit\u00e9s","breadcrumb":{"@id":"https:\/\/autravail.ca\/product\/botte-de-travail-dhiver-driller-9857-0937\/#breadcrumb"},"inLanguage":"en-CA","potentialAction":[{"@type":"ReadAction","target":["https:\/\/autravail.ca\/product\/botte-de-travail-dhiver-driller-9857-0937\/"]}]},{"@type":"ImageObject","inLanguage":"en-CA","@id":"https:\/\/autravail.ca\/product\/botte-de-travail-dhiver-driller-9857-0937\/#primaryimage","url":"https:\/\/autravail.ca\/wp-content\/uploads\/2025\/05\/9857-0937_A01.jpg","contentUrl":"https:\/\/autravail.ca\/wp-content\/uploads\/2025\/05\/9857-0937_A01.jpg","width":1000,"height":1000},{"@type":"BreadcrumbList","@id":"https:\/\/autravail.ca\/product\/botte-de-travail-dhiver-driller-9857-0937\/#breadcrumb","itemListElement":[{"@type":"ListItem","position":1,"name":"Accueil","item":"https:\/\/autravail.ca\/"},{"@type":"ListItem","position":2,"name":"Magasin","item":"https:\/\/autravail.ca\/en\/shop\/"},{"@type":"ListItem","position":3,"name":"Botte de travail d&rsquo;hiver &#8211; Driller 9857-0937"}]},{"@type":"WebSite","@id":"https:\/\/autravail.ca\/#website","url":"https:\/\/autravail.ca\/","name":"Le Magasin Industriel","description":"50 ans de tradition de s\u00e9curit\u00e9 au travail","publisher":{"@id":"https:\/\/autravail.ca\/#organization"},"potentialAction":[{"@type":"SearchAction","target":{"@type":"EntryPoint","urlTemplate":"https:\/\/autravail.ca\/?s={search_term_string}"},"query-input":{"@type":"PropertyValueSpecification","valueRequired":true,"valueName":"search_term_string"}}],"inLanguage":"en-CA"},{"@type":"Organization","@id":"https:\/\/autravail.ca\/#organization","name":"Le Magasin Industriel","url":"https:\/\/autravail.ca\/","logo":{"@type":"ImageObject","inLanguage":"en-CA","@id":"https:\/\/autravail.ca\/#\/schema\/logo\/image\/","url":"https:\/\/autravail.ca\/wp-content\/uploads\/2025\/05\/cropped-magasin_industriel_120x.avif","contentUrl":"https:\/\/autravail.ca\/wp-content\/uploads\/2025\/05\/cropped-magasin_industriel_120x.avif","width":120,"height":24,"caption":"Le Magasin Industriel"},"image":{"@id":"https:\/\/autravail.ca\/#\/schema\/logo\/image\/"},"sameAs":["https:\/\/www.facebook.com\/lemagasinindustriel\/?locale=fr_FR"]}]}},"jetpack_sharing_enabled":true,"_links":{"self":[{"href":"https:\/\/autravail.ca\/en\/wp-json\/wp\/v2\/product\/30282","targetHints":{"allow":["GET"]}}],"collection":[{"href":"https:\/\/autravail.ca\/en\/wp-json\/wp\/v2\/product"}],"about":[{"href":"https:\/\/autravail.ca\/en\/wp-json\/wp\/v2\/types\/product"}],"replies":[{"embeddable":true,"href":"https:\/\/autravail.ca\/en\/wp-json\/wp\/v2\/comments?post=30282"}],"wp:featuredmedia":[{"embeddable":true,"href":"https:\/\/autravail.ca\/en\/wp-json\/wp\/v2\/media\/14267"}],"wp:attachment":[{"href":"https:\/\/autravail.ca\/en\/wp-json\/wp\/v2\/media?parent=30282"}],"wp:term":[{"taxonomy":"product_cat","embeddable":true,"href":"https:\/\/autravail.ca\/en\/wp-json\/wp\/v2\/product_cat?post=30282"},{"taxonomy":"product_tag","embeddable":true,"href":"https:\/\/autravail.ca\/en\/wp-json\/wp\/v2\/product_tag?post=30282"}],"curies":[{"name":"wp","href":"https:\/\/api.w.org\/{rel}","templated":true}]}}