{"id":30252,"date":"2025-05-08T06:38:56","date_gmt":"2025-05-08T06:38:56","guid":{"rendered":"https:\/\/meteoquebec.ca\/?post_type=product&#038;p=30252"},"modified":"2025-12-05T05:11:02","modified_gmt":"2025-12-05T09:11:02","slug":"botte-de-caoutchouc-bully-9677-0000","status":"publish","type":"product","link":"https:\/\/autravail.ca\/en\/product\/botte-de-caoutchouc-bully-9677-0000\/","title":{"rendered":"Botte de caoutchouc &#8211; Bully 9677-0000"},"content":{"rendered":"<h3>Botte de caoutchouc &#8211; Bully 9677-0000<\/h3>\n<p>&nbsp;<\/p>\n<p>Durabilit\u00e9 fiable, performances sans failles. Les bottes de caoutchouc BULLY 9677-0000 de <a href=\"https:\/\/autravail.ca\/en\/product-brand\/baffin\/\">Baffin<\/a> offrent polyvalence et confort, les bottes de caoutchouc BULLY 9677-0000 requierent peu d&rsquo;entretien et durent longtemps. Les botte de caoutchouc &#8211; Bully 9677-0000 sont compos\u00e9es de mat\u00e9riaux r\u00e9sistants aux huiles et aux acides, la BULLY est dot\u00e9e d&rsquo;une technologie permettant d&rsquo;absorber les chocs et de rebondir pour que vous puissiez donner le meilleur de vous-m\u00eame, beau temps mauvais temps.<\/p>\n<p><img decoding=\"async\" class=\"alignnone size-full wp-image-40676\" src=\"https:\/\/autravail.ca\/wp-content\/uploads\/2025\/05\/CSA.jpg\" alt=\"\" width=\"147\" height=\"102\" srcset=\"https:\/\/autravail.ca\/wp-content\/uploads\/2025\/05\/CSA.jpg 147w, https:\/\/autravail.ca\/wp-content\/uploads\/2025\/05\/CSA-18x12.jpg 18w\" sizes=\"(max-width: 147px) 100vw, 147px\" \/><\/p>\n<h4>Characteristics:<\/h4>\n<ul>\n<li>Ultraflex Resistant to Acids and Oils<\/li>\n<li>Coupe large au niveau du mollet et du pied.<\/li>\n<li>GelFlex insole to reduce foot fatigue.<\/li>\n<li>Steel Protection Collar.<\/li>\n<li>Semelle ext\u00e9rieure autonettoyante pour plus de commodit\u00e9.<\/li>\n<li>Unique concept with shock-absorbing heel<\/li>\n<li>Made in Canada.<\/li>\n<\/ul>\n<h4>TECHNOLOGIE:<\/h4>\n<ul>\n<li>Homologu\u00e9 CSA\/ASTM.<\/li>\n<li>Tige haute en compos\u00e9 UltraFlex\u2122 r\u00e9sistant \u00e0 l&rsquo;huile, aux acides et aux produits caustiques pour une meilleure r\u00e9sistance \u00e0 l&rsquo;abrasion.<\/li>\n<li>Ajustement large au niveau du mollet et du pied.<\/li>\n<li>Mod\u00e8le \u00e0 enfiler pour un chaussant facile.<\/li>\n<li>Embout de s\u00e9curit\u00e9 en acier.<\/li>\n<li>Semelle ext\u00e9rieure autonettoyante pour plus de confort.<\/li>\n<li>Semelle interm\u00e9diaire anti-fatigue GelFlex\u2122 pour une absorption des chocs et un rebond optimal.<\/li>\n<li>Semelle int\u00e9rieure anti-fatigue.<\/li>\n<li>Semelle ext\u00e9rieure r\u00e9sistante \u00e0 l&rsquo;huile et aux acides.<\/li>\n<\/ul>\n<h4>PR\u00c9CISIONS:<\/h4>\n<ul>\n<li>Hauteur: 16 po<\/li>\n<li>Largeur externe de l&rsquo;avant-pied: 4,25 po<\/li>\n<li>Longueur externe: 11,5po<\/li>\n<li>Poids de la paire: 5,47 lb<\/li>\n<\/ul>\n<h4>RECOMMAND\u00c9E:<\/h4>\n<ul>\n<li>Agriculture<\/li>\n<li>Produits chimiques<\/li>\n<li>Construction<\/li>\n<li>Pr\u00e9paration des aliments<\/li>\n<li>Fabrication<\/li>\n<li>Produits p\u00e9trochimiques<\/li>\n<\/ul>\n<h4>ENTRETIEN:<\/h4>\n<ul>\n<li>Caoutchouc : Essuyez avec un chiffon humide pour enlever l&rsquo;exc\u00e8s de salet\u00e9 ; laissez s\u00e9cher \u00e0 l&rsquo;air libre.<\/li>\n<\/ul>\n<h4>ENTREPOSAGE:<\/h4>\n<ul>\n<li>\u00c9liminez toute salet\u00e9 et d\u00e9bris du caoutchouc, du nylon ou du cuir.<\/li>\n<li>Essuyez et assurez-vous que le produit est sec avant de le ranger.<\/li>\n<li>Conservation optimale dans un endroit sombre, sec et frais.<\/li>\n<li><img decoding=\"async\" class=\"alignnone wp-image-40620\" src=\"https:\/\/autravail.ca\/wp-content\/uploads\/2025\/09\/Jachete-quebec-et-canada.jpg\" alt=\"Logo de l'achat local\" width=\"162\" height=\"139\" \/>Merci d&rsquo;encourager une entreprise 100% d&rsquo;ici!<\/li>\n<\/ul>","protected":false},"excerpt":{"rendered":"<p>Botte de caoutchouc &#8211; Bully 9677-0000 &nbsp; Durabilit\u00e9 fiable, performances sans failles. Les bottes de caoutchouc BULLY 9677-0000 de Baffin offrent polyvalence et confort, les bottes de caoutchouc BULLY 9677-0000 requierent peu d&rsquo;entretien et durent longtemps. Les botte de caoutchouc &#8211; Bully 9677-0000 sont compos\u00e9es de mat\u00e9riaux r\u00e9sistants aux huiles et aux acides, la BULLY [&hellip;]<\/p>","protected":false},"featured_media":14220,"comment_status":"open","ping_status":"closed","template":"","meta":[],"product_cat":[685,602],"product_tag":[242],"class_list":{"0":"post-30252","1":"product","2":"type-product","3":"status-publish","4":"has-post-thumbnail","6":"product_brand-baffin","7":"product_cat-bottes-de-pluie","8":"product_cat-hommes","9":"product_tag-homme","11":"first","12":"instock","13":"taxable","14":"shipping-taxable","15":"purchasable","16":"product-type-variable"},"yoast_head":"<!-- This site is optimized with the Yoast SEO plugin v25.3.1 - https:\/\/yoast.com\/wordpress\/plugins\/seo\/ -->\n<title>Botte de caoutchouc - Bully 9677-0000 - Le Magasin Industriel<\/title>\n<meta name=\"description\" content=\"Botte de caoutchouc - Bully 9677-0000 performances essentielles et fonctionnelles pour un mode de vie actif une protection contre les intemp\u00e9ries\" \/>\n<meta name=\"robots\" content=\"index, follow, max-snippet:-1, max-image-preview:large, max-video-preview:-1\" \/>\n<link rel=\"canonical\" href=\"https:\/\/autravail.ca\/en\/product\/botte-de-caoutchouc-bully-9677-0000\/\" \/>\n<meta property=\"og:locale\" content=\"en_US\" \/>\n<meta property=\"og:type\" content=\"article\" \/>\n<meta property=\"og:title\" content=\"Botte de caoutchouc - Bully 9677-0000 - Le Magasin Industriel\" \/>\n<meta property=\"og:description\" content=\"Botte de caoutchouc - Bully 9677-0000 performances essentielles et fonctionnelles pour un mode de vie actif une protection contre les intemp\u00e9ries\" \/>\n<meta property=\"og:url\" content=\"https:\/\/autravail.ca\/en\/product\/botte-de-caoutchouc-bully-9677-0000\/\" \/>\n<meta property=\"og:site_name\" content=\"Le Magasin Industriel\" \/>\n<meta property=\"article:publisher\" content=\"https:\/\/www.facebook.com\/lemagasinindustriel\/?locale=fr_FR\" \/>\n<meta property=\"article:modified_time\" content=\"2025-12-05T09:11:02+00:00\" \/>\n<meta property=\"og:image\" content=\"https:\/\/autravail.ca\/wp-content\/uploads\/2025\/05\/9677-000_A01.jpg\" \/>\n\t<meta property=\"og:image:width\" content=\"1000\" \/>\n\t<meta property=\"og:image:height\" content=\"1000\" \/>\n\t<meta property=\"og:image:type\" content=\"image\/jpeg\" \/>\n<meta name=\"twitter:card\" content=\"summary_large_image\" \/>\n<meta name=\"twitter:label1\" content=\"Est. reading time\" \/>\n\t<meta name=\"twitter:data1\" content=\"3 minutes\" \/>\n<script type=\"application\/ld+json\" class=\"yoast-schema-graph\">{\"@context\":\"https:\/\/schema.org\",\"@graph\":[{\"@type\":\"WebPage\",\"@id\":\"https:\/\/autravail.ca\/product\/botte-de-caoutchouc-bully-9677-0000\/\",\"url\":\"https:\/\/autravail.ca\/product\/botte-de-caoutchouc-bully-9677-0000\/\",\"name\":\"Botte de caoutchouc - Bully 9677-0000 - Le Magasin Industriel\",\"isPartOf\":{\"@id\":\"https:\/\/autravail.ca\/#website\"},\"primaryImageOfPage\":{\"@id\":\"https:\/\/autravail.ca\/product\/botte-de-caoutchouc-bully-9677-0000\/#primaryimage\"},\"image\":{\"@id\":\"https:\/\/autravail.ca\/product\/botte-de-caoutchouc-bully-9677-0000\/#primaryimage\"},\"thumbnailUrl\":\"https:\/\/autravail.ca\/wp-content\/uploads\/2025\/05\/9677-000_A01.jpg\",\"datePublished\":\"2025-05-08T06:38:56+00:00\",\"dateModified\":\"2025-12-05T09:11:02+00:00\",\"description\":\"Botte de caoutchouc - Bully 9677-0000 performances essentielles et fonctionnelles pour un mode de vie actif une protection contre les intemp\u00e9ries\",\"breadcrumb\":{\"@id\":\"https:\/\/autravail.ca\/product\/botte-de-caoutchouc-bully-9677-0000\/#breadcrumb\"},\"inLanguage\":\"en-CA\",\"potentialAction\":[{\"@type\":\"ReadAction\",\"target\":[\"https:\/\/autravail.ca\/product\/botte-de-caoutchouc-bully-9677-0000\/\"]}]},{\"@type\":\"ImageObject\",\"inLanguage\":\"en-CA\",\"@id\":\"https:\/\/autravail.ca\/product\/botte-de-caoutchouc-bully-9677-0000\/#primaryimage\",\"url\":\"https:\/\/autravail.ca\/wp-content\/uploads\/2025\/05\/9677-000_A01.jpg\",\"contentUrl\":\"https:\/\/autravail.ca\/wp-content\/uploads\/2025\/05\/9677-000_A01.jpg\",\"width\":1000,\"height\":1000},{\"@type\":\"BreadcrumbList\",\"@id\":\"https:\/\/autravail.ca\/product\/botte-de-caoutchouc-bully-9677-0000\/#breadcrumb\",\"itemListElement\":[{\"@type\":\"ListItem\",\"position\":1,\"name\":\"Accueil\",\"item\":\"https:\/\/autravail.ca\/\"},{\"@type\":\"ListItem\",\"position\":2,\"name\":\"Magasin\",\"item\":\"https:\/\/autravail.ca\/en\/shop\/\"},{\"@type\":\"ListItem\",\"position\":3,\"name\":\"Botte de caoutchouc &#8211; Bully 9677-0000\"}]},{\"@type\":\"WebSite\",\"@id\":\"https:\/\/autravail.ca\/#website\",\"url\":\"https:\/\/autravail.ca\/\",\"name\":\"Le Magasin Industriel\",\"description\":\"50 ans de tradition de s\u00e9curit\u00e9 au travail\",\"publisher\":{\"@id\":\"https:\/\/autravail.ca\/#organization\"},\"potentialAction\":[{\"@type\":\"SearchAction\",\"target\":{\"@type\":\"EntryPoint\",\"urlTemplate\":\"https:\/\/autravail.ca\/?s={search_term_string}\"},\"query-input\":{\"@type\":\"PropertyValueSpecification\",\"valueRequired\":true,\"valueName\":\"search_term_string\"}}],\"inLanguage\":\"en-CA\"},{\"@type\":\"Organization\",\"@id\":\"https:\/\/autravail.ca\/#organization\",\"name\":\"Le Magasin Industriel\",\"url\":\"https:\/\/autravail.ca\/\",\"logo\":{\"@type\":\"ImageObject\",\"inLanguage\":\"en-CA\",\"@id\":\"https:\/\/autravail.ca\/#\/schema\/logo\/image\/\",\"url\":\"https:\/\/autravail.ca\/wp-content\/uploads\/2025\/05\/cropped-magasin_industriel_120x.avif\",\"contentUrl\":\"https:\/\/autravail.ca\/wp-content\/uploads\/2025\/05\/cropped-magasin_industriel_120x.avif\",\"width\":120,\"height\":24,\"caption\":\"Le Magasin Industriel\"},\"image\":{\"@id\":\"https:\/\/autravail.ca\/#\/schema\/logo\/image\/\"},\"sameAs\":[\"https:\/\/www.facebook.com\/lemagasinindustriel\/?locale=fr_FR\"]}]}<\/script>\n<!-- \/ Yoast SEO plugin. -->","yoast_head_json":{"title":"Botte de caoutchouc - Bully 9677-0000 - Le Magasin Industriel","description":"Botte de caoutchouc - Bully 9677-0000 performances essentielles et fonctionnelles pour un mode de vie actif une protection contre les intemp\u00e9ries","robots":{"index":"index","follow":"follow","max-snippet":"max-snippet:-1","max-image-preview":"max-image-preview:large","max-video-preview":"max-video-preview:-1"},"canonical":"https:\/\/autravail.ca\/en\/product\/botte-de-caoutchouc-bully-9677-0000\/","og_locale":"en_US","og_type":"article","og_title":"Botte de caoutchouc - Bully 9677-0000 - Le Magasin Industriel","og_description":"Botte de caoutchouc - Bully 9677-0000 performances essentielles et fonctionnelles pour un mode de vie actif une protection contre les intemp\u00e9ries","og_url":"https:\/\/autravail.ca\/en\/product\/botte-de-caoutchouc-bully-9677-0000\/","og_site_name":"Le Magasin Industriel","article_publisher":"https:\/\/www.facebook.com\/lemagasinindustriel\/?locale=fr_FR","article_modified_time":"2025-12-05T09:11:02+00:00","og_image":[{"width":1000,"height":1000,"url":"https:\/\/autravail.ca\/wp-content\/uploads\/2025\/05\/9677-000_A01.jpg","type":"image\/jpeg"}],"twitter_card":"summary_large_image","twitter_misc":{"Est. reading time":"3 minutes"},"schema":{"@context":"https:\/\/schema.org","@graph":[{"@type":"WebPage","@id":"https:\/\/autravail.ca\/product\/botte-de-caoutchouc-bully-9677-0000\/","url":"https:\/\/autravail.ca\/product\/botte-de-caoutchouc-bully-9677-0000\/","name":"Botte de caoutchouc - Bully 9677-0000 - Le Magasin Industriel","isPartOf":{"@id":"https:\/\/autravail.ca\/#website"},"primaryImageOfPage":{"@id":"https:\/\/autravail.ca\/product\/botte-de-caoutchouc-bully-9677-0000\/#primaryimage"},"image":{"@id":"https:\/\/autravail.ca\/product\/botte-de-caoutchouc-bully-9677-0000\/#primaryimage"},"thumbnailUrl":"https:\/\/autravail.ca\/wp-content\/uploads\/2025\/05\/9677-000_A01.jpg","datePublished":"2025-05-08T06:38:56+00:00","dateModified":"2025-12-05T09:11:02+00:00","description":"Botte de caoutchouc - Bully 9677-0000 performances essentielles et fonctionnelles pour un mode de vie actif une protection contre les intemp\u00e9ries","breadcrumb":{"@id":"https:\/\/autravail.ca\/product\/botte-de-caoutchouc-bully-9677-0000\/#breadcrumb"},"inLanguage":"en-CA","potentialAction":[{"@type":"ReadAction","target":["https:\/\/autravail.ca\/product\/botte-de-caoutchouc-bully-9677-0000\/"]}]},{"@type":"ImageObject","inLanguage":"en-CA","@id":"https:\/\/autravail.ca\/product\/botte-de-caoutchouc-bully-9677-0000\/#primaryimage","url":"https:\/\/autravail.ca\/wp-content\/uploads\/2025\/05\/9677-000_A01.jpg","contentUrl":"https:\/\/autravail.ca\/wp-content\/uploads\/2025\/05\/9677-000_A01.jpg","width":1000,"height":1000},{"@type":"BreadcrumbList","@id":"https:\/\/autravail.ca\/product\/botte-de-caoutchouc-bully-9677-0000\/#breadcrumb","itemListElement":[{"@type":"ListItem","position":1,"name":"Accueil","item":"https:\/\/autravail.ca\/"},{"@type":"ListItem","position":2,"name":"Magasin","item":"https:\/\/autravail.ca\/en\/shop\/"},{"@type":"ListItem","position":3,"name":"Botte de caoutchouc &#8211; Bully 9677-0000"}]},{"@type":"WebSite","@id":"https:\/\/autravail.ca\/#website","url":"https:\/\/autravail.ca\/","name":"Le Magasin Industriel","description":"50 ans de tradition de s\u00e9curit\u00e9 au travail","publisher":{"@id":"https:\/\/autravail.ca\/#organization"},"potentialAction":[{"@type":"SearchAction","target":{"@type":"EntryPoint","urlTemplate":"https:\/\/autravail.ca\/?s={search_term_string}"},"query-input":{"@type":"PropertyValueSpecification","valueRequired":true,"valueName":"search_term_string"}}],"inLanguage":"en-CA"},{"@type":"Organization","@id":"https:\/\/autravail.ca\/#organization","name":"Le Magasin Industriel","url":"https:\/\/autravail.ca\/","logo":{"@type":"ImageObject","inLanguage":"en-CA","@id":"https:\/\/autravail.ca\/#\/schema\/logo\/image\/","url":"https:\/\/autravail.ca\/wp-content\/uploads\/2025\/05\/cropped-magasin_industriel_120x.avif","contentUrl":"https:\/\/autravail.ca\/wp-content\/uploads\/2025\/05\/cropped-magasin_industriel_120x.avif","width":120,"height":24,"caption":"Le Magasin Industriel"},"image":{"@id":"https:\/\/autravail.ca\/#\/schema\/logo\/image\/"},"sameAs":["https:\/\/www.facebook.com\/lemagasinindustriel\/?locale=fr_FR"]}]}},"jetpack_sharing_enabled":true,"_links":{"self":[{"href":"https:\/\/autravail.ca\/en\/wp-json\/wp\/v2\/product\/30252","targetHints":{"allow":["GET"]}}],"collection":[{"href":"https:\/\/autravail.ca\/en\/wp-json\/wp\/v2\/product"}],"about":[{"href":"https:\/\/autravail.ca\/en\/wp-json\/wp\/v2\/types\/product"}],"replies":[{"embeddable":true,"href":"https:\/\/autravail.ca\/en\/wp-json\/wp\/v2\/comments?post=30252"}],"wp:featuredmedia":[{"embeddable":true,"href":"https:\/\/autravail.ca\/en\/wp-json\/wp\/v2\/media\/14220"}],"wp:attachment":[{"href":"https:\/\/autravail.ca\/en\/wp-json\/wp\/v2\/media?parent=30252"}],"wp:term":[{"taxonomy":"product_cat","embeddable":true,"href":"https:\/\/autravail.ca\/en\/wp-json\/wp\/v2\/product_cat?post=30252"},{"taxonomy":"product_tag","embeddable":true,"href":"https:\/\/autravail.ca\/en\/wp-json\/wp\/v2\/product_tag?post=30252"}],"curies":[{"name":"wp","href":"https:\/\/api.w.org\/{rel}","templated":true}]}}