{"id":30194,"date":"2025-05-08T06:38:32","date_gmt":"2025-05-08T06:38:32","guid":{"rendered":"https:\/\/meteoquebec.ca\/?post_type=product&#038;p=30194"},"modified":"2026-03-06T16:20:20","modified_gmt":"2026-03-06T20:20:20","slug":"botte-deau-premier-g2-93258","status":"publish","type":"product","link":"https:\/\/autravail.ca\/en\/product\/botte-deau-premier-g2-93258\/","title":{"rendered":"Botte d&rsquo;eau Premier G2 &#8211; 93258"},"content":{"rendered":"<h3>Botte d&rsquo;eau Premier G2 &#8211; 93258<\/h3>\n<p>Botte d&rsquo;eau Premier G2 &#8211; 93258 de <a href=\"https:\/\/autravail.ca\/en\/product-brand\/tingley\/\">Tingley<\/a> est reconnaissable \u00e0 sa couleur blanche distinctive, est une botte de s\u00e9curit\u00e9 de 15 pouces con\u00e7ue sp\u00e9cifiquement pour les environnements o\u00f9 l&rsquo;hygi\u00e8ne et la r\u00e9sistance chimique sont critiques, comme la transformation alimentaire et les laboratoires.<\/p>\n<p><img decoding=\"async\" class=\"alignnone size-full wp-image-40117\" src=\"https:\/\/autravail.ca\/wp-content\/uploads\/2025\/09\/Certification-Omega-Triangle-vert.jpg\" alt=\"Certifications Om\u00e9ga Triangle vert\" width=\"193\" height=\"110\" srcset=\"https:\/\/autravail.ca\/wp-content\/uploads\/2025\/09\/Certification-Omega-Triangle-vert.jpg 193w, https:\/\/autravail.ca\/wp-content\/uploads\/2025\/09\/Certification-Omega-Triangle-vert-150x85.jpg 150w, https:\/\/autravail.ca\/wp-content\/uploads\/2025\/09\/Certification-Omega-Triangle-vert-18x10.jpg 18w\" sizes=\"(max-width: 193px) 100vw, 193px\" \/><\/p>\n<h6>Characteristics:<\/h6>\n<ul>\n<li>Conforme aux normes\u00a0<strong class=\"Yjhzub\" data-sfc-cb=\"\" data-complete=\"true\">CSA Z195-14<\/strong>, cet embout prot\u00e8ge contre les impacts sans la conductivit\u00e9 thermique de l&rsquo;acier. Il ne transmet pas le froid et ne d\u00e9clenche pas les d\u00e9tecteurs de m\u00e9taux.<\/li>\n<li>Elle est certifi\u00e9e\u00a0<strong class=\"Yjhzub\" data-sfc-cb=\"\" data-complete=\"true\">ESR\/Omega<\/strong>, offrant une protection contre les courants \u00e9lectriques dans des conditions s\u00e8ches.<\/li>\n<li>La semelle ext\u00e9rieure\u00a0<strong class=\"Yjhzub\" data-sfc-cb=\"\" data-complete=\"true\">Chevron-Plus\u00ae<\/strong>\u00a0est con\u00e7ue pour \u00e9vacuer les liquides et offrir une traction exceptionnelle sur les surfaces lisses, mouill\u00e9es ou contamin\u00e9es par des graisses.<\/li>\n<li>Le haut de la botte peut s&rsquo;\u00e9tirer jusqu&rsquo;\u00e0 1,5 pouce suppl\u00e9mentaire pour s&rsquo;adapter \u00e0 toutes les morphologies.<\/li>\n<li>Une semelle \u00e9paisse \u00e0 contour coussin\u00e9 absorbe les chocs et \u00e9vacue l&rsquo;humidit\u00e9 pour garder les pieds au sec.<\/li>\n<li><span class=\"T286Pc\" data-sfc-cp=\"\" data-sfc-cb=\"\" data-complete=\"true\">Elle dispose d&rsquo;une ligne de coupe \u00e0 12 pouces pour ceux qui pr\u00e9f\u00e8rent une botte plus courte sans compromettre l&rsquo;\u00e9tanch\u00e9it\u00e9.<\/span><span class=\"uJ19be notranslate\" data-wiz-uids=\"XlbHBe_29,XlbHBe_2a\" data-sfc-cb=\"\" data-complete=\"true\"><span class=\"vKEkVd\" data-animation-atomic=\"\" data-wiz-attrbind=\"class=XlbHBe_28\/TKHnVd\" data-sae=\"\"><span aria-hidden=\"true\" aria-owns=\"action-menu-parent-container\">\u00a0<\/span><\/span><\/span><\/li>\n<\/ul>\n<p><em><span style=\"color: #fa0b0b;\">Unisex U.S. men's sizes presented. To convert to U.S. women's size, add 2 sizes. Example: 5 U.S. men = 7 U.S. women<\/span><\/em><\/p>\n<p><img decoding=\"async\" class=\"alignnone wp-image-40620\" src=\"https:\/\/autravail.ca\/wp-content\/uploads\/2025\/09\/Jachete-quebec-et-canada.jpg\" alt=\"Logo de l'achat local\" width=\"162\" height=\"139\" \/>Merci d&rsquo;encourager une entreprise 100% d&rsquo;ici!<\/p>\n<p>TS2603H<\/p>","protected":false},"excerpt":{"rendered":"<p>Botte d&rsquo;eau Premier G2 &#8211; 93258 Botte d&rsquo;eau Premier G2 &#8211; 93258 de Tingley est reconnaissable \u00e0 sa couleur blanche distinctive, est une botte de s\u00e9curit\u00e9 de 15 pouces con\u00e7ue sp\u00e9cifiquement pour les environnements o\u00f9 l&rsquo;hygi\u00e8ne et la r\u00e9sistance chimique sont critiques, comme la transformation alimentaire et les laboratoires. Caract\u00e9ristiques: Conforme aux normes\u00a0CSA Z195-14, cet [&hellip;]<\/p>","protected":false},"featured_media":14160,"comment_status":"open","ping_status":"closed","template":"","meta":[],"product_cat":[613,602],"product_tag":[251,252,242],"class_list":{"0":"post-30194","1":"product","2":"type-product","3":"status-publish","4":"has-post-thumbnail","6":"product_brand-tingley","7":"product_cat-bottes-de-travail","8":"product_cat-hommes","9":"product_tag-bottes-de-travail","10":"product_tag-electric-shock-resistant","11":"product_tag-homme","13":"first","14":"instock","15":"taxable","16":"shipping-taxable","17":"purchasable","18":"product-type-variable"},"yoast_head":"<!-- This site is optimized with the Yoast SEO plugin v25.3.1 - https:\/\/yoast.com\/wordpress\/plugins\/seo\/ -->\n<title>Botte d&#039;eau Premier G2 - 93258 - Le Magasin Industriel<\/title>\n<meta name=\"description\" content=\"Botte d&#039;eau Premier G2 - 93258 con\u00e7ue sp\u00e9cifiquement pour les environnements o\u00f9 l&#039;hygi\u00e8ne et la r\u00e9sistance chimique sont critiques\" \/>\n<meta name=\"robots\" content=\"index, follow, max-snippet:-1, max-image-preview:large, max-video-preview:-1\" \/>\n<link rel=\"canonical\" href=\"https:\/\/autravail.ca\/en\/product\/botte-deau-premier-g2-93258\/\" \/>\n<meta property=\"og:locale\" content=\"en_US\" \/>\n<meta property=\"og:type\" content=\"article\" \/>\n<meta property=\"og:title\" content=\"Botte d&#039;eau Premier G2 - 93258 - Le Magasin Industriel\" \/>\n<meta property=\"og:description\" content=\"Botte d&#039;eau Premier G2 - 93258 con\u00e7ue sp\u00e9cifiquement pour les environnements o\u00f9 l&#039;hygi\u00e8ne et la r\u00e9sistance chimique sont critiques\" \/>\n<meta property=\"og:url\" content=\"https:\/\/autravail.ca\/en\/product\/botte-deau-premier-g2-93258\/\" \/>\n<meta property=\"og:site_name\" content=\"Le Magasin Industriel\" \/>\n<meta property=\"article:publisher\" content=\"https:\/\/www.facebook.com\/lemagasinindustriel\/?locale=fr_FR\" \/>\n<meta property=\"article:modified_time\" content=\"2026-03-06T20:20:20+00:00\" \/>\n<meta property=\"og:image\" content=\"https:\/\/autravail.ca\/wp-content\/uploads\/2025\/05\/93258_a01.jpg\" \/>\n\t<meta property=\"og:image:width\" content=\"1000\" \/>\n\t<meta property=\"og:image:height\" content=\"1000\" \/>\n\t<meta property=\"og:image:type\" content=\"image\/jpeg\" \/>\n<meta name=\"twitter:card\" content=\"summary_large_image\" \/>\n<meta name=\"twitter:label1\" content=\"Est. reading time\" \/>\n\t<meta name=\"twitter:data1\" content=\"2 minutes\" \/>\n<script type=\"application\/ld+json\" class=\"yoast-schema-graph\">{\"@context\":\"https:\/\/schema.org\",\"@graph\":[{\"@type\":\"WebPage\",\"@id\":\"https:\/\/autravail.ca\/product\/botte-deau-premier-g2-93258\/\",\"url\":\"https:\/\/autravail.ca\/product\/botte-deau-premier-g2-93258\/\",\"name\":\"Botte d'eau Premier G2 - 93258 - Le Magasin Industriel\",\"isPartOf\":{\"@id\":\"https:\/\/autravail.ca\/#website\"},\"primaryImageOfPage\":{\"@id\":\"https:\/\/autravail.ca\/product\/botte-deau-premier-g2-93258\/#primaryimage\"},\"image\":{\"@id\":\"https:\/\/autravail.ca\/product\/botte-deau-premier-g2-93258\/#primaryimage\"},\"thumbnailUrl\":\"https:\/\/autravail.ca\/wp-content\/uploads\/2025\/05\/93258_a01.jpg\",\"datePublished\":\"2025-05-08T06:38:32+00:00\",\"dateModified\":\"2026-03-06T20:20:20+00:00\",\"description\":\"Botte d'eau Premier G2 - 93258 con\u00e7ue sp\u00e9cifiquement pour les environnements o\u00f9 l'hygi\u00e8ne et la r\u00e9sistance chimique sont critiques\",\"breadcrumb\":{\"@id\":\"https:\/\/autravail.ca\/product\/botte-deau-premier-g2-93258\/#breadcrumb\"},\"inLanguage\":\"en-CA\",\"potentialAction\":[{\"@type\":\"ReadAction\",\"target\":[\"https:\/\/autravail.ca\/product\/botte-deau-premier-g2-93258\/\"]}]},{\"@type\":\"ImageObject\",\"inLanguage\":\"en-CA\",\"@id\":\"https:\/\/autravail.ca\/product\/botte-deau-premier-g2-93258\/#primaryimage\",\"url\":\"https:\/\/autravail.ca\/wp-content\/uploads\/2025\/05\/93258_a01.jpg\",\"contentUrl\":\"https:\/\/autravail.ca\/wp-content\/uploads\/2025\/05\/93258_a01.jpg\",\"width\":1000,\"height\":1000,\"caption\":\"Botte d'eau Premier G2 - 93258\"},{\"@type\":\"BreadcrumbList\",\"@id\":\"https:\/\/autravail.ca\/product\/botte-deau-premier-g2-93258\/#breadcrumb\",\"itemListElement\":[{\"@type\":\"ListItem\",\"position\":1,\"name\":\"Accueil\",\"item\":\"https:\/\/autravail.ca\/\"},{\"@type\":\"ListItem\",\"position\":2,\"name\":\"Magasin\",\"item\":\"https:\/\/autravail.ca\/en\/shop\/\"},{\"@type\":\"ListItem\",\"position\":3,\"name\":\"Botte d&rsquo;eau Premier G2 &#8211; 93258\"}]},{\"@type\":\"WebSite\",\"@id\":\"https:\/\/autravail.ca\/#website\",\"url\":\"https:\/\/autravail.ca\/\",\"name\":\"Le Magasin Industriel\",\"description\":\"50 ans de tradition de s\u00e9curit\u00e9 au travail\",\"publisher\":{\"@id\":\"https:\/\/autravail.ca\/#organization\"},\"potentialAction\":[{\"@type\":\"SearchAction\",\"target\":{\"@type\":\"EntryPoint\",\"urlTemplate\":\"https:\/\/autravail.ca\/?s={search_term_string}\"},\"query-input\":{\"@type\":\"PropertyValueSpecification\",\"valueRequired\":true,\"valueName\":\"search_term_string\"}}],\"inLanguage\":\"en-CA\"},{\"@type\":\"Organization\",\"@id\":\"https:\/\/autravail.ca\/#organization\",\"name\":\"Le Magasin Industriel\",\"url\":\"https:\/\/autravail.ca\/\",\"logo\":{\"@type\":\"ImageObject\",\"inLanguage\":\"en-CA\",\"@id\":\"https:\/\/autravail.ca\/#\/schema\/logo\/image\/\",\"url\":\"https:\/\/autravail.ca\/wp-content\/uploads\/2025\/05\/cropped-magasin_industriel_120x.avif\",\"contentUrl\":\"https:\/\/autravail.ca\/wp-content\/uploads\/2025\/05\/cropped-magasin_industriel_120x.avif\",\"width\":120,\"height\":24,\"caption\":\"Le Magasin Industriel\"},\"image\":{\"@id\":\"https:\/\/autravail.ca\/#\/schema\/logo\/image\/\"},\"sameAs\":[\"https:\/\/www.facebook.com\/lemagasinindustriel\/?locale=fr_FR\"]}]}<\/script>\n<!-- \/ Yoast SEO plugin. -->","yoast_head_json":{"title":"Botte d'eau Premier G2 - 93258 - Le Magasin Industriel","description":"Botte d'eau Premier G2 - 93258 con\u00e7ue sp\u00e9cifiquement pour les environnements o\u00f9 l'hygi\u00e8ne et la r\u00e9sistance chimique sont critiques","robots":{"index":"index","follow":"follow","max-snippet":"max-snippet:-1","max-image-preview":"max-image-preview:large","max-video-preview":"max-video-preview:-1"},"canonical":"https:\/\/autravail.ca\/en\/product\/botte-deau-premier-g2-93258\/","og_locale":"en_US","og_type":"article","og_title":"Botte d'eau Premier G2 - 93258 - Le Magasin Industriel","og_description":"Botte d'eau Premier G2 - 93258 con\u00e7ue sp\u00e9cifiquement pour les environnements o\u00f9 l'hygi\u00e8ne et la r\u00e9sistance chimique sont critiques","og_url":"https:\/\/autravail.ca\/en\/product\/botte-deau-premier-g2-93258\/","og_site_name":"Le Magasin Industriel","article_publisher":"https:\/\/www.facebook.com\/lemagasinindustriel\/?locale=fr_FR","article_modified_time":"2026-03-06T20:20:20+00:00","og_image":[{"width":1000,"height":1000,"url":"https:\/\/autravail.ca\/wp-content\/uploads\/2025\/05\/93258_a01.jpg","type":"image\/jpeg"}],"twitter_card":"summary_large_image","twitter_misc":{"Est. reading time":"2 minutes"},"schema":{"@context":"https:\/\/schema.org","@graph":[{"@type":"WebPage","@id":"https:\/\/autravail.ca\/product\/botte-deau-premier-g2-93258\/","url":"https:\/\/autravail.ca\/product\/botte-deau-premier-g2-93258\/","name":"Botte d'eau Premier G2 - 93258 - Le Magasin Industriel","isPartOf":{"@id":"https:\/\/autravail.ca\/#website"},"primaryImageOfPage":{"@id":"https:\/\/autravail.ca\/product\/botte-deau-premier-g2-93258\/#primaryimage"},"image":{"@id":"https:\/\/autravail.ca\/product\/botte-deau-premier-g2-93258\/#primaryimage"},"thumbnailUrl":"https:\/\/autravail.ca\/wp-content\/uploads\/2025\/05\/93258_a01.jpg","datePublished":"2025-05-08T06:38:32+00:00","dateModified":"2026-03-06T20:20:20+00:00","description":"Botte d'eau Premier G2 - 93258 con\u00e7ue sp\u00e9cifiquement pour les environnements o\u00f9 l'hygi\u00e8ne et la r\u00e9sistance chimique sont critiques","breadcrumb":{"@id":"https:\/\/autravail.ca\/product\/botte-deau-premier-g2-93258\/#breadcrumb"},"inLanguage":"en-CA","potentialAction":[{"@type":"ReadAction","target":["https:\/\/autravail.ca\/product\/botte-deau-premier-g2-93258\/"]}]},{"@type":"ImageObject","inLanguage":"en-CA","@id":"https:\/\/autravail.ca\/product\/botte-deau-premier-g2-93258\/#primaryimage","url":"https:\/\/autravail.ca\/wp-content\/uploads\/2025\/05\/93258_a01.jpg","contentUrl":"https:\/\/autravail.ca\/wp-content\/uploads\/2025\/05\/93258_a01.jpg","width":1000,"height":1000,"caption":"Botte d'eau Premier G2 - 93258"},{"@type":"BreadcrumbList","@id":"https:\/\/autravail.ca\/product\/botte-deau-premier-g2-93258\/#breadcrumb","itemListElement":[{"@type":"ListItem","position":1,"name":"Accueil","item":"https:\/\/autravail.ca\/"},{"@type":"ListItem","position":2,"name":"Magasin","item":"https:\/\/autravail.ca\/en\/shop\/"},{"@type":"ListItem","position":3,"name":"Botte d&rsquo;eau Premier G2 &#8211; 93258"}]},{"@type":"WebSite","@id":"https:\/\/autravail.ca\/#website","url":"https:\/\/autravail.ca\/","name":"Le Magasin Industriel","description":"50 ans de tradition de s\u00e9curit\u00e9 au travail","publisher":{"@id":"https:\/\/autravail.ca\/#organization"},"potentialAction":[{"@type":"SearchAction","target":{"@type":"EntryPoint","urlTemplate":"https:\/\/autravail.ca\/?s={search_term_string}"},"query-input":{"@type":"PropertyValueSpecification","valueRequired":true,"valueName":"search_term_string"}}],"inLanguage":"en-CA"},{"@type":"Organization","@id":"https:\/\/autravail.ca\/#organization","name":"Le Magasin Industriel","url":"https:\/\/autravail.ca\/","logo":{"@type":"ImageObject","inLanguage":"en-CA","@id":"https:\/\/autravail.ca\/#\/schema\/logo\/image\/","url":"https:\/\/autravail.ca\/wp-content\/uploads\/2025\/05\/cropped-magasin_industriel_120x.avif","contentUrl":"https:\/\/autravail.ca\/wp-content\/uploads\/2025\/05\/cropped-magasin_industriel_120x.avif","width":120,"height":24,"caption":"Le Magasin Industriel"},"image":{"@id":"https:\/\/autravail.ca\/#\/schema\/logo\/image\/"},"sameAs":["https:\/\/www.facebook.com\/lemagasinindustriel\/?locale=fr_FR"]}]}},"jetpack_sharing_enabled":true,"_links":{"self":[{"href":"https:\/\/autravail.ca\/en\/wp-json\/wp\/v2\/product\/30194","targetHints":{"allow":["GET"]}}],"collection":[{"href":"https:\/\/autravail.ca\/en\/wp-json\/wp\/v2\/product"}],"about":[{"href":"https:\/\/autravail.ca\/en\/wp-json\/wp\/v2\/types\/product"}],"replies":[{"embeddable":true,"href":"https:\/\/autravail.ca\/en\/wp-json\/wp\/v2\/comments?post=30194"}],"wp:featuredmedia":[{"embeddable":true,"href":"https:\/\/autravail.ca\/en\/wp-json\/wp\/v2\/media\/14160"}],"wp:attachment":[{"href":"https:\/\/autravail.ca\/en\/wp-json\/wp\/v2\/media?parent=30194"}],"wp:term":[{"taxonomy":"product_cat","embeddable":true,"href":"https:\/\/autravail.ca\/en\/wp-json\/wp\/v2\/product_cat?post=30194"},{"taxonomy":"product_tag","embeddable":true,"href":"https:\/\/autravail.ca\/en\/wp-json\/wp\/v2\/product_tag?post=30194"}],"curies":[{"name":"wp","href":"https:\/\/api.w.org\/{rel}","templated":true}]}}