{"id":30164,"date":"2025-05-08T06:38:17","date_gmt":"2025-05-08T06:38:17","guid":{"rendered":"https:\/\/meteoquebec.ca\/?post_type=product&#038;p=30164"},"modified":"2026-03-31T13:13:34","modified_gmt":"2026-03-31T17:13:34","slug":"botte-de-travail-dhiber-crossbow-r560","status":"publish","type":"product","link":"https:\/\/autravail.ca\/en\/product\/botte-de-travail-dhiber-crossbow-r560\/","title":{"rendered":"Botte de travail d&rsquo;hiber Crossbow &#8211; R560"},"content":{"rendered":"<h3>Botte de travail d&rsquo;hiber Crossbow &#8211; R560<\/h3>\n<p>Botte de travail d&rsquo;hiber Crossbow &#8211; R560 de <a href=\"https:\/\/autravail.ca\/en\/product-brand\/terra\/\">Terra<\/a> sont con\u00e7ue pour un confort optimal jusqu&rsquo;\u00e0 -60 \u00b0C\/-76 \u00b0F, la botte de travail Crossbow r\u00e9siste au froid extr\u00eame gr\u00e2ce \u00e0 sa doublure TERRASPHERE\u00ae \u00e0 4 couches, fruit d&rsquo;une ing\u00e9nierie de pointe. TERRASPHERE\u00ae comprend une couche de nylon a\u00e9rospatial trait\u00e9 CLEANFEET\u00ae contre les odeurs, une laine de qualit\u00e9 sup\u00e9rieure respirante qui \u00e9vacue l&rsquo;humidit\u00e9 et conserve la chaleur, ainsi qu&rsquo;un feutre r\u00e9fl\u00e9chissant aiguillet\u00e9 pour une durabilit\u00e9 accrue. La Crossbow est con\u00e7ue pour vous garder au chaud, \u00e0 l&rsquo;aise et prot\u00e9g\u00e9 m\u00eame lors des journ\u00e9es de travail les plus difficiles.<\/p>\n<p><img decoding=\"async\" class=\"alignnone size-full wp-image-40117\" src=\"https:\/\/autravail.ca\/wp-content\/uploads\/2025\/09\/Certification-Omega-Triangle-vert.jpg\" alt=\"Certifications Om\u00e9ga Triangle vert\" width=\"193\" height=\"110\" srcset=\"https:\/\/autravail.ca\/wp-content\/uploads\/2025\/09\/Certification-Omega-Triangle-vert.jpg 193w, https:\/\/autravail.ca\/wp-content\/uploads\/2025\/09\/Certification-Omega-Triangle-vert-150x85.jpg 150w, https:\/\/autravail.ca\/wp-content\/uploads\/2025\/09\/Certification-Omega-Triangle-vert-18x10.jpg 18w\" sizes=\"(max-width: 193px) 100vw, 193px\" \/><\/p>\n<h6>Characteristics:<\/h6>\n<ul>\n<li><span dir=\"auto\"><span dir=\"auto\">Tige en cuir pleine fleur imperm\u00e9able \u00e0 coutures \u00e9tanches avec languette arri\u00e8re int\u00e9gr\u00e9e<\/span><\/span><\/li>\n<li><span dir=\"auto\"><span dir=\"auto\">Syst\u00e8me de doublure amovible TERRASPHERE\u00ae \u00e0 4 couches<\/span><\/span><\/li>\n<li><span dir=\"auto\"><span dir=\"auto\">Traitement anti-odeurs CLEANFEET\u00ae<\/span><\/span><\/li>\n<li><span dir=\"auto\"><span dir=\"auto\">Quart de bande r\u00e9fl\u00e9chissante 3M\u2122 Scotchlite\u2122<\/span><\/span><\/li>\n<li><span dir=\"auto\"><span dir=\"auto\">Semelle ext\u00e9rieure en caoutchouc \u00e0 haute adh\u00e9rence, test\u00e9e thermiquement, avec motif \u00e0 crampons en losange<\/span><\/span><\/li>\n<li><span dir=\"auto\"><span dir=\"auto\">Semelle ext\u00e9rieure en polyur\u00e9thane inject\u00e9 \u00e0 froid avec syst\u00e8me d&rsquo;aide au d\u00e9chaussage.<\/span><\/span><\/li>\n<li><span dir=\"auto\"><span dir=\"auto\">Semelle int\u00e9rieure en mesh double couche et EVA absorbant l&rsquo;humidit\u00e9 et isolante.<\/span><\/span><\/li>\n<li><span dir=\"auto\"><span dir=\"auto\">Embout de s\u00e9curit\u00e9 composite homologu\u00e9 CSA, plaque composite, ESR<\/span><\/span><\/li>\n<li><span dir=\"auto\"><span dir=\"auto\">TERRA FIRMA-FLEX\u00ae \u2013 100 % sans m\u00e9tal<\/span><\/span><\/li>\n<li><span dir=\"auto\"><span dir=\"auto\">Confort thermique garanti jusqu&rsquo;\u00e0 -60 \u00b0C\/-76 \u00b0F<\/span><\/span><\/li>\n<li><span dir=\"auto\"><span dir=\"auto\">Poids : 1286 grammes \/ 2,84 livres par botte de pointure 9<\/span><\/span><\/li>\n<\/ul>\n<p><em><span style=\"color: #fa0b0b;\">Unisex U.S. men's sizes presented. To convert to U.S. women's size, add 2 sizes. Example: 5 U.S. men = 7 U.S. women<\/span><\/em><\/p>\n<p><img decoding=\"async\" class=\"alignnone wp-image-40620\" src=\"https:\/\/autravail.ca\/wp-content\/uploads\/2025\/09\/Jachete-quebec-et-canada.jpg\" alt=\"Logo de l'achat local\" width=\"162\" height=\"139\" \/>Merci d&rsquo;encourager une entreprise 100% d&rsquo;ici!<\/p>\n<p>TS2603H<\/p>","protected":false},"excerpt":{"rendered":"<p>Botte de travail d&rsquo;hiber Crossbow &#8211; R560 Botte de travail d&rsquo;hiber Crossbow &#8211; R560 de Terra sont con\u00e7ue pour un confort optimal jusqu&rsquo;\u00e0 -60 \u00b0C\/-76 \u00b0F, la botte de travail Crossbow r\u00e9siste au froid extr\u00eame gr\u00e2ce \u00e0 sa doublure TERRASPHERE\u00ae \u00e0 4 couches, fruit d&rsquo;une ing\u00e9nierie de pointe. TERRASPHERE\u00ae comprend une couche de nylon a\u00e9rospatial [&hellip;]<\/p>","protected":false},"featured_media":14117,"comment_status":"open","ping_status":"closed","template":"","meta":[],"product_cat":[670,671,642,602],"product_tag":[251,309,252,255,242,261,253],"class_list":{"0":"post-30164","1":"product","2":"type-product","3":"status-publish","4":"has-post-thumbnail","6":"product_brand-terra","7":"product_cat-bottes-dhiver","8":"product_cat-bottes-dhiver-csa","9":"product_cat-bottes-de-travail-femme","10":"product_cat-hommes","11":"product_tag-bottes-de-travail","12":"product_tag-csa-hiver","13":"product_tag-electric-shock-resistant","14":"product_tag-femme","15":"product_tag-homme","16":"product_tag-novago","17":"product_tag-sole-protection","19":"first","20":"instock","21":"taxable","22":"shipping-taxable","23":"purchasable","24":"product-type-variable"},"yoast_head":"<!-- This site is optimized with the Yoast SEO plugin v25.3.1 - https:\/\/yoast.com\/wordpress\/plugins\/seo\/ -->\n<title>Botte de travail d&#039;hiber Crossbow - R560 - Le Magasin Industriel<\/title>\n<meta name=\"description\" content=\"Botte de travail d&#039;hiber Crossbow - R560 confort optimal jusqu&#039;\u00e0 -60 \u00b0C\/-76 \u00b0F, r\u00e9siste au froid extr\u00eame gr\u00e2ce \u00e0 sa doublure TERRASPHERE\u00ae \u00e0 4 couches\" \/>\n<meta name=\"robots\" content=\"index, follow, max-snippet:-1, max-image-preview:large, max-video-preview:-1\" \/>\n<link rel=\"canonical\" href=\"https:\/\/autravail.ca\/en\/product\/botte-de-travail-dhiber-crossbow-r560\/\" \/>\n<meta property=\"og:locale\" content=\"en_US\" \/>\n<meta property=\"og:type\" content=\"article\" \/>\n<meta property=\"og:title\" content=\"Botte de travail d&#039;hiber Crossbow - R560 - Le Magasin Industriel\" \/>\n<meta property=\"og:description\" content=\"Botte de travail d&#039;hiber Crossbow - R560 confort optimal jusqu&#039;\u00e0 -60 \u00b0C\/-76 \u00b0F, r\u00e9siste au froid extr\u00eame gr\u00e2ce \u00e0 sa doublure TERRASPHERE\u00ae \u00e0 4 couches\" \/>\n<meta property=\"og:url\" content=\"https:\/\/autravail.ca\/en\/product\/botte-de-travail-dhiber-crossbow-r560\/\" \/>\n<meta property=\"og:site_name\" content=\"Le Magasin Industriel\" \/>\n<meta property=\"article:publisher\" content=\"https:\/\/www.facebook.com\/lemagasinindustriel\/?locale=fr_FR\" \/>\n<meta property=\"article:modified_time\" content=\"2026-03-31T17:13:34+00:00\" \/>\n<meta property=\"og:image\" content=\"https:\/\/autravail.ca\/wp-content\/uploads\/2025\/05\/R5605B_A01.jpg\" \/>\n\t<meta property=\"og:image:width\" content=\"1000\" \/>\n\t<meta property=\"og:image:height\" content=\"1000\" \/>\n\t<meta property=\"og:image:type\" content=\"image\/jpeg\" \/>\n<meta name=\"twitter:card\" content=\"summary_large_image\" \/>\n<meta name=\"twitter:label1\" content=\"Est. reading time\" \/>\n\t<meta name=\"twitter:data1\" content=\"2 minutes\" \/>\n<script type=\"application\/ld+json\" class=\"yoast-schema-graph\">{\"@context\":\"https:\/\/schema.org\",\"@graph\":[{\"@type\":\"WebPage\",\"@id\":\"https:\/\/autravail.ca\/product\/botte-de-travail-dhiber-crossbow-r560\/\",\"url\":\"https:\/\/autravail.ca\/product\/botte-de-travail-dhiber-crossbow-r560\/\",\"name\":\"Botte de travail d'hiber Crossbow - R560 - Le Magasin Industriel\",\"isPartOf\":{\"@id\":\"https:\/\/autravail.ca\/#website\"},\"primaryImageOfPage\":{\"@id\":\"https:\/\/autravail.ca\/product\/botte-de-travail-dhiber-crossbow-r560\/#primaryimage\"},\"image\":{\"@id\":\"https:\/\/autravail.ca\/product\/botte-de-travail-dhiber-crossbow-r560\/#primaryimage\"},\"thumbnailUrl\":\"https:\/\/autravail.ca\/wp-content\/uploads\/2025\/05\/R5605B_A01.jpg\",\"datePublished\":\"2025-05-08T06:38:17+00:00\",\"dateModified\":\"2026-03-31T17:13:34+00:00\",\"description\":\"Botte de travail d'hiber Crossbow - R560 confort optimal jusqu'\u00e0 -60 \u00b0C\/-76 \u00b0F, r\u00e9siste au froid extr\u00eame gr\u00e2ce \u00e0 sa doublure TERRASPHERE\u00ae \u00e0 4 couches\",\"breadcrumb\":{\"@id\":\"https:\/\/autravail.ca\/product\/botte-de-travail-dhiber-crossbow-r560\/#breadcrumb\"},\"inLanguage\":\"en-CA\",\"potentialAction\":[{\"@type\":\"ReadAction\",\"target\":[\"https:\/\/autravail.ca\/product\/botte-de-travail-dhiber-crossbow-r560\/\"]}]},{\"@type\":\"ImageObject\",\"inLanguage\":\"en-CA\",\"@id\":\"https:\/\/autravail.ca\/product\/botte-de-travail-dhiber-crossbow-r560\/#primaryimage\",\"url\":\"https:\/\/autravail.ca\/wp-content\/uploads\/2025\/05\/R5605B_A01.jpg\",\"contentUrl\":\"https:\/\/autravail.ca\/wp-content\/uploads\/2025\/05\/R5605B_A01.jpg\",\"width\":1000,\"height\":1000,\"caption\":\"Botte de travail d'hiber Crossbow - R560\"},{\"@type\":\"BreadcrumbList\",\"@id\":\"https:\/\/autravail.ca\/product\/botte-de-travail-dhiber-crossbow-r560\/#breadcrumb\",\"itemListElement\":[{\"@type\":\"ListItem\",\"position\":1,\"name\":\"Accueil\",\"item\":\"https:\/\/autravail.ca\/\"},{\"@type\":\"ListItem\",\"position\":2,\"name\":\"Magasin\",\"item\":\"https:\/\/autravail.ca\/en\/shop\/\"},{\"@type\":\"ListItem\",\"position\":3,\"name\":\"Botte de travail d&rsquo;hiber Crossbow &#8211; R560\"}]},{\"@type\":\"WebSite\",\"@id\":\"https:\/\/autravail.ca\/#website\",\"url\":\"https:\/\/autravail.ca\/\",\"name\":\"Le Magasin Industriel\",\"description\":\"50 ans de tradition de s\u00e9curit\u00e9 au travail\",\"publisher\":{\"@id\":\"https:\/\/autravail.ca\/#organization\"},\"potentialAction\":[{\"@type\":\"SearchAction\",\"target\":{\"@type\":\"EntryPoint\",\"urlTemplate\":\"https:\/\/autravail.ca\/?s={search_term_string}\"},\"query-input\":{\"@type\":\"PropertyValueSpecification\",\"valueRequired\":true,\"valueName\":\"search_term_string\"}}],\"inLanguage\":\"en-CA\"},{\"@type\":\"Organization\",\"@id\":\"https:\/\/autravail.ca\/#organization\",\"name\":\"Le Magasin Industriel\",\"url\":\"https:\/\/autravail.ca\/\",\"logo\":{\"@type\":\"ImageObject\",\"inLanguage\":\"en-CA\",\"@id\":\"https:\/\/autravail.ca\/#\/schema\/logo\/image\/\",\"url\":\"https:\/\/autravail.ca\/wp-content\/uploads\/2025\/05\/cropped-magasin_industriel_120x.avif\",\"contentUrl\":\"https:\/\/autravail.ca\/wp-content\/uploads\/2025\/05\/cropped-magasin_industriel_120x.avif\",\"width\":120,\"height\":24,\"caption\":\"Le Magasin Industriel\"},\"image\":{\"@id\":\"https:\/\/autravail.ca\/#\/schema\/logo\/image\/\"},\"sameAs\":[\"https:\/\/www.facebook.com\/lemagasinindustriel\/?locale=fr_FR\"]}]}<\/script>\n<!-- \/ Yoast SEO plugin. -->","yoast_head_json":{"title":"Botte de travail d'hiber Crossbow - R560 - Le Magasin Industriel","description":"Botte de travail d'hiber Crossbow - R560 confort optimal jusqu'\u00e0 -60 \u00b0C\/-76 \u00b0F, r\u00e9siste au froid extr\u00eame gr\u00e2ce \u00e0 sa doublure TERRASPHERE\u00ae \u00e0 4 couches","robots":{"index":"index","follow":"follow","max-snippet":"max-snippet:-1","max-image-preview":"max-image-preview:large","max-video-preview":"max-video-preview:-1"},"canonical":"https:\/\/autravail.ca\/en\/product\/botte-de-travail-dhiber-crossbow-r560\/","og_locale":"en_US","og_type":"article","og_title":"Botte de travail d'hiber Crossbow - R560 - Le Magasin Industriel","og_description":"Botte de travail d'hiber Crossbow - R560 confort optimal jusqu'\u00e0 -60 \u00b0C\/-76 \u00b0F, r\u00e9siste au froid extr\u00eame gr\u00e2ce \u00e0 sa doublure TERRASPHERE\u00ae \u00e0 4 couches","og_url":"https:\/\/autravail.ca\/en\/product\/botte-de-travail-dhiber-crossbow-r560\/","og_site_name":"Le Magasin Industriel","article_publisher":"https:\/\/www.facebook.com\/lemagasinindustriel\/?locale=fr_FR","article_modified_time":"2026-03-31T17:13:34+00:00","og_image":[{"width":1000,"height":1000,"url":"https:\/\/autravail.ca\/wp-content\/uploads\/2025\/05\/R5605B_A01.jpg","type":"image\/jpeg"}],"twitter_card":"summary_large_image","twitter_misc":{"Est. reading time":"2 minutes"},"schema":{"@context":"https:\/\/schema.org","@graph":[{"@type":"WebPage","@id":"https:\/\/autravail.ca\/product\/botte-de-travail-dhiber-crossbow-r560\/","url":"https:\/\/autravail.ca\/product\/botte-de-travail-dhiber-crossbow-r560\/","name":"Botte de travail d'hiber Crossbow - R560 - Le Magasin Industriel","isPartOf":{"@id":"https:\/\/autravail.ca\/#website"},"primaryImageOfPage":{"@id":"https:\/\/autravail.ca\/product\/botte-de-travail-dhiber-crossbow-r560\/#primaryimage"},"image":{"@id":"https:\/\/autravail.ca\/product\/botte-de-travail-dhiber-crossbow-r560\/#primaryimage"},"thumbnailUrl":"https:\/\/autravail.ca\/wp-content\/uploads\/2025\/05\/R5605B_A01.jpg","datePublished":"2025-05-08T06:38:17+00:00","dateModified":"2026-03-31T17:13:34+00:00","description":"Botte de travail d'hiber Crossbow - R560 confort optimal jusqu'\u00e0 -60 \u00b0C\/-76 \u00b0F, r\u00e9siste au froid extr\u00eame gr\u00e2ce \u00e0 sa doublure TERRASPHERE\u00ae \u00e0 4 couches","breadcrumb":{"@id":"https:\/\/autravail.ca\/product\/botte-de-travail-dhiber-crossbow-r560\/#breadcrumb"},"inLanguage":"en-CA","potentialAction":[{"@type":"ReadAction","target":["https:\/\/autravail.ca\/product\/botte-de-travail-dhiber-crossbow-r560\/"]}]},{"@type":"ImageObject","inLanguage":"en-CA","@id":"https:\/\/autravail.ca\/product\/botte-de-travail-dhiber-crossbow-r560\/#primaryimage","url":"https:\/\/autravail.ca\/wp-content\/uploads\/2025\/05\/R5605B_A01.jpg","contentUrl":"https:\/\/autravail.ca\/wp-content\/uploads\/2025\/05\/R5605B_A01.jpg","width":1000,"height":1000,"caption":"Botte de travail d'hiber Crossbow - R560"},{"@type":"BreadcrumbList","@id":"https:\/\/autravail.ca\/product\/botte-de-travail-dhiber-crossbow-r560\/#breadcrumb","itemListElement":[{"@type":"ListItem","position":1,"name":"Accueil","item":"https:\/\/autravail.ca\/"},{"@type":"ListItem","position":2,"name":"Magasin","item":"https:\/\/autravail.ca\/en\/shop\/"},{"@type":"ListItem","position":3,"name":"Botte de travail d&rsquo;hiber Crossbow &#8211; R560"}]},{"@type":"WebSite","@id":"https:\/\/autravail.ca\/#website","url":"https:\/\/autravail.ca\/","name":"Le Magasin Industriel","description":"50 ans de tradition de s\u00e9curit\u00e9 au travail","publisher":{"@id":"https:\/\/autravail.ca\/#organization"},"potentialAction":[{"@type":"SearchAction","target":{"@type":"EntryPoint","urlTemplate":"https:\/\/autravail.ca\/?s={search_term_string}"},"query-input":{"@type":"PropertyValueSpecification","valueRequired":true,"valueName":"search_term_string"}}],"inLanguage":"en-CA"},{"@type":"Organization","@id":"https:\/\/autravail.ca\/#organization","name":"Le Magasin Industriel","url":"https:\/\/autravail.ca\/","logo":{"@type":"ImageObject","inLanguage":"en-CA","@id":"https:\/\/autravail.ca\/#\/schema\/logo\/image\/","url":"https:\/\/autravail.ca\/wp-content\/uploads\/2025\/05\/cropped-magasin_industriel_120x.avif","contentUrl":"https:\/\/autravail.ca\/wp-content\/uploads\/2025\/05\/cropped-magasin_industriel_120x.avif","width":120,"height":24,"caption":"Le Magasin Industriel"},"image":{"@id":"https:\/\/autravail.ca\/#\/schema\/logo\/image\/"},"sameAs":["https:\/\/www.facebook.com\/lemagasinindustriel\/?locale=fr_FR"]}]}},"jetpack_sharing_enabled":true,"_links":{"self":[{"href":"https:\/\/autravail.ca\/en\/wp-json\/wp\/v2\/product\/30164","targetHints":{"allow":["GET"]}}],"collection":[{"href":"https:\/\/autravail.ca\/en\/wp-json\/wp\/v2\/product"}],"about":[{"href":"https:\/\/autravail.ca\/en\/wp-json\/wp\/v2\/types\/product"}],"replies":[{"embeddable":true,"href":"https:\/\/autravail.ca\/en\/wp-json\/wp\/v2\/comments?post=30164"}],"wp:featuredmedia":[{"embeddable":true,"href":"https:\/\/autravail.ca\/en\/wp-json\/wp\/v2\/media\/14117"}],"wp:attachment":[{"href":"https:\/\/autravail.ca\/en\/wp-json\/wp\/v2\/media?parent=30164"}],"wp:term":[{"taxonomy":"product_cat","embeddable":true,"href":"https:\/\/autravail.ca\/en\/wp-json\/wp\/v2\/product_cat?post=30164"},{"taxonomy":"product_tag","embeddable":true,"href":"https:\/\/autravail.ca\/en\/wp-json\/wp\/v2\/product_tag?post=30164"}],"curies":[{"name":"wp","href":"https:\/\/api.w.org\/{rel}","templated":true}]}}