{"id":30134,"date":"2025-05-08T06:38:09","date_gmt":"2025-05-08T06:38:09","guid":{"rendered":"https:\/\/meteoquebec.ca\/?post_type=product&#038;p=30134"},"modified":"2026-01-14T17:40:41","modified_gmt":"2026-01-14T21:40:41","slug":"botte-de-travail-dhiver-glacius-royer-9000gl","status":"publish","type":"product","link":"https:\/\/autravail.ca\/en\/product\/botte-de-travail-dhiver-glacius-royer-9000gl\/","title":{"rendered":"Botte de travail d&rsquo;hiver Glacius Royer &#8211; 9000GL"},"content":{"rendered":"<h3>Botte de travail d&rsquo;hiver Glacius Royer &#8211; 9000GL<\/h3>\n<p>Botte de travail d&rsquo;hiver Glacius <a href=\"https:\/\/autravail.ca\/en\/product-brand\/royer\/\">Royer<\/a> &#8211; 9000GL. La botte 9000GL offre chaleur, protection et des caract\u00e9ristiques de s\u00e9curit\u00e9 avanc\u00e9es pour les conditions de froid extr\u00eame. Con\u00e7ue pour vous aider \u00e0 affronter le froid, cette botte de travail d&rsquo;hiver de 25 cm (10 pouces) est dot\u00e9e d&rsquo;un embout composite homologu\u00e9 CSA, d&rsquo;une semelle anti-perforation, d&rsquo;un cuir imperm\u00e9able r\u00e9sistant au sel, d&rsquo;une semelle ext\u00e9rieure d&rsquo;hiver \u00e0 haute adh\u00e9rence et d&rsquo;une doublure amovible.<\/p>\n<p><img decoding=\"async\" class=\"alignnone size-full wp-image-40117\" src=\"https:\/\/autravail.ca\/wp-content\/uploads\/2025\/09\/Certification-Omega-Triangle-vert.jpg\" alt=\"Certifications Om\u00e9ga Triangle vert\" width=\"193\" height=\"110\" srcset=\"https:\/\/autravail.ca\/wp-content\/uploads\/2025\/09\/Certification-Omega-Triangle-vert.jpg 193w, https:\/\/autravail.ca\/wp-content\/uploads\/2025\/09\/Certification-Omega-Triangle-vert-150x85.jpg 150w, https:\/\/autravail.ca\/wp-content\/uploads\/2025\/09\/Certification-Omega-Triangle-vert-18x10.jpg 18w\" sizes=\"(max-width: 193px) 100vw, 193px\" \/><\/p>\n<div class=\"product-information-feature-header\">\n<h6 class=\"mb-4\"><span dir=\"auto\">Caract\u00e9ristiques du produit<\/span><\/h6>\n<\/div>\n<ul class=\"temp-feature-list royer-temp-feature-list\">\n<li><span dir=\"auto\">Embout de protection composite<\/span><\/li>\n<li><span dir=\"auto\">Semelle int\u00e9rieure non m\u00e9tallique r\u00e9sistante \u00e0 la perforation<\/span><\/li>\n<li><span dir=\"auto\">Electrical Risks Protection<\/span><\/li>\n<li><span dir=\"auto\">Bottes de s\u00e9curit\u00e9 pour temps extr\u00eamement froid de 10 pouces<\/span><\/li>\n<li><span dir=\"auto\">Cuir pleine fleur imperm\u00e9able r\u00e9sistant au sel<\/span><\/li>\n<li><span dir=\"auto\">Thermal Isolation R-THERM<\/span><\/li>\n<li><span dir=\"auto\">Chausson amovible isol\u00e9 de qualit\u00e9 sup\u00e9rieure<\/span><\/li>\n<li><span dir=\"auto\">Coque en PU r\u00e9sistante au froid<\/span><\/li>\n<li><span dir=\"auto\">Semelle ext\u00e9rieure exclusive en caoutchouc MICHELIN pour une adh\u00e9rence et une r\u00e9sistance au glissement optimales.<\/span><\/li>\n<li><span dir=\"auto\">\u0152illets ferm\u00e9s pour un la\u00e7age rapide et optimal<\/span><\/li>\n<li><span dir=\"auto\">Coutures triples<\/span><\/li>\n<li><span dir=\"auto\">Plaque de protection int\u00e9gr\u00e9e pour un retrait facile<\/span><\/li>\n<li><span dir=\"auto\">Semelle int\u00e9rieure de confort ORTHOLITE O-THERM<\/span><\/li>\n<\/ul>\n<h6><span dir=\"auto\">Isolation R-THERM\u2122<\/span><\/h6>\n<p><span dir=\"auto\">Soutenu par des tests scientifiques rigoureux, R-THERM\u2122 est un syst\u00e8me d&rsquo;isolation l\u00e9ger qui emprisonne la chaleur corporelle, offrant une protection efficace contre le froid jusqu&rsquo;\u00e0 -60 \u00b0C, garantissant ainsi que vos pieds restent chauds et confortables m\u00eame dans les conditions les plus extr\u00eames.<\/span><\/p>\n<p><img decoding=\"async\" src=\"https:\/\/royer.com\/cdn\/shop\/files\/MichelinSoles_tech_darkLogo.svg?v=1762971514&amp;width=240\" srcset=\"\/\/royer.com\/cdn\/shop\/files\/MichelinSoles_tech_darkLogo.svg?v=1762971514&amp;width=240 240w\" alt=\"\" width=\"240\" height=\"73\" \/><\/p>\n<h5><span dir=\"auto\">Domptez le froid<\/span><\/h5>\n<p><span dir=\"auto\">Le partenariat exclusif avec MICHELIN\u00ae offre une semelle ext\u00e9rieure en caoutchouc haute performance pour une traction multidirectionnelle et des performances exceptionnelles dans les conditions hivernales les plus extr\u00eames.<\/span><\/p>\n<p><em><span style=\"color: #fa0b0b;\">Unisex U.S. men's sizes presented. To convert to U.S. women's size, add 2 sizes. Example: 5 U.S. men = 7 U.S. women<\/span><\/em><\/p>\n<p><img decoding=\"async\" class=\"alignnone wp-image-40620\" src=\"https:\/\/autravail.ca\/wp-content\/uploads\/2025\/09\/Jachete-quebec-et-canada.jpg\" alt=\"Logo de l'achat local\" width=\"162\" height=\"139\" \/>Merci d&rsquo;encourager une entreprise 100% d&rsquo;ici!<\/p>\n<p>TS2601H<\/p>\n<div class=\"char-wrapper\"><\/div>","protected":false},"excerpt":{"rendered":"<p>Botte de travail d&rsquo;hiver Glacius Royer &#8211; 9000GL Botte de travail d&rsquo;hiver Glacius Royer &#8211; 9000GL. La botte 9000GL offre chaleur, protection et des caract\u00e9ristiques de s\u00e9curit\u00e9 avanc\u00e9es pour les conditions de froid extr\u00eame. Con\u00e7ue pour vous aider \u00e0 affronter le froid, cette botte de travail d&rsquo;hiver de 25 cm (10 pouces) est dot\u00e9e d&rsquo;un [&hellip;]<\/p>","protected":false},"featured_media":14093,"comment_status":"open","ping_status":"closed","template":"","meta":[],"product_cat":[671],"product_tag":[308,251,309,252,242,273],"class_list":{"0":"post-30134","1":"product","2":"type-product","3":"status-publish","4":"has-post-thumbnail","6":"product_brand-royer","7":"product_cat-bottes-dhiver-csa","8":"product_tag-bottes-dhiver-csa","9":"product_tag-bottes-de-travail","10":"product_tag-csa-hiver","11":"product_tag-electric-shock-resistant","12":"product_tag-homme","13":"product_tag-new","15":"first","16":"instock","17":"taxable","18":"shipping-taxable","19":"purchasable","20":"product-type-variable"},"yoast_head":"<!-- This site is optimized with the Yoast SEO plugin v25.3.1 - https:\/\/yoast.com\/wordpress\/plugins\/seo\/ -->\n<title>Botte de travail d&#039;hiver Glacius Royer - 9000GL - Le Magasin Industriel<\/title>\n<meta name=\"description\" content=\"Botte de travail d&#039;hiver Glacius Royer - 9000GL, homologu\u00e9es CSA, isolation R-Therm, embout en composite, 10 pouces, homme\" \/>\n<meta name=\"robots\" content=\"index, follow, max-snippet:-1, max-image-preview:large, max-video-preview:-1\" \/>\n<link rel=\"canonical\" href=\"https:\/\/autravail.ca\/en\/product\/botte-de-travail-dhiver-glacius-royer-9000gl\/\" \/>\n<meta property=\"og:locale\" content=\"en_US\" \/>\n<meta property=\"og:type\" content=\"article\" \/>\n<meta property=\"og:title\" content=\"Botte de travail d&#039;hiver Glacius Royer - 9000GL - Le Magasin Industriel\" \/>\n<meta property=\"og:description\" content=\"Botte de travail d&#039;hiver Glacius Royer - 9000GL, homologu\u00e9es CSA, isolation R-Therm, embout en composite, 10 pouces, homme\" \/>\n<meta property=\"og:url\" content=\"https:\/\/autravail.ca\/en\/product\/botte-de-travail-dhiver-glacius-royer-9000gl\/\" \/>\n<meta property=\"og:site_name\" content=\"Le Magasin Industriel\" \/>\n<meta property=\"article:publisher\" content=\"https:\/\/www.facebook.com\/lemagasinindustriel\/?locale=fr_FR\" \/>\n<meta property=\"article:modified_time\" content=\"2026-01-14T21:40:41+00:00\" \/>\n<meta property=\"og:image\" content=\"https:\/\/autravail.ca\/wp-content\/uploads\/2025\/05\/9000GL_A01_6d900fa9-41fb-4f54-812e-d02c5c91f112.jpg\" \/>\n\t<meta property=\"og:image:width\" content=\"1000\" \/>\n\t<meta property=\"og:image:height\" content=\"1000\" \/>\n\t<meta property=\"og:image:type\" content=\"image\/jpeg\" \/>\n<meta name=\"twitter:card\" content=\"summary_large_image\" \/>\n<meta name=\"twitter:label1\" content=\"Est. reading time\" \/>\n\t<meta name=\"twitter:data1\" content=\"3 minutes\" \/>\n<script type=\"application\/ld+json\" class=\"yoast-schema-graph\">{\"@context\":\"https:\/\/schema.org\",\"@graph\":[{\"@type\":\"WebPage\",\"@id\":\"https:\/\/autravail.ca\/product\/botte-de-travail-dhiver-glacius-royer-9000gl\/\",\"url\":\"https:\/\/autravail.ca\/product\/botte-de-travail-dhiver-glacius-royer-9000gl\/\",\"name\":\"Botte de travail d'hiver Glacius Royer - 9000GL - Le Magasin Industriel\",\"isPartOf\":{\"@id\":\"https:\/\/autravail.ca\/#website\"},\"primaryImageOfPage\":{\"@id\":\"https:\/\/autravail.ca\/product\/botte-de-travail-dhiver-glacius-royer-9000gl\/#primaryimage\"},\"image\":{\"@id\":\"https:\/\/autravail.ca\/product\/botte-de-travail-dhiver-glacius-royer-9000gl\/#primaryimage\"},\"thumbnailUrl\":\"https:\/\/autravail.ca\/wp-content\/uploads\/2025\/05\/9000GL_A01_6d900fa9-41fb-4f54-812e-d02c5c91f112.jpg\",\"datePublished\":\"2025-05-08T06:38:09+00:00\",\"dateModified\":\"2026-01-14T21:40:41+00:00\",\"description\":\"Botte de travail d'hiver Glacius Royer - 9000GL, homologu\u00e9es CSA, isolation R-Therm, embout en composite, 10 pouces, homme\",\"breadcrumb\":{\"@id\":\"https:\/\/autravail.ca\/product\/botte-de-travail-dhiver-glacius-royer-9000gl\/#breadcrumb\"},\"inLanguage\":\"en-CA\",\"potentialAction\":[{\"@type\":\"ReadAction\",\"target\":[\"https:\/\/autravail.ca\/product\/botte-de-travail-dhiver-glacius-royer-9000gl\/\"]}]},{\"@type\":\"ImageObject\",\"inLanguage\":\"en-CA\",\"@id\":\"https:\/\/autravail.ca\/product\/botte-de-travail-dhiver-glacius-royer-9000gl\/#primaryimage\",\"url\":\"https:\/\/autravail.ca\/wp-content\/uploads\/2025\/05\/9000GL_A01_6d900fa9-41fb-4f54-812e-d02c5c91f112.jpg\",\"contentUrl\":\"https:\/\/autravail.ca\/wp-content\/uploads\/2025\/05\/9000GL_A01_6d900fa9-41fb-4f54-812e-d02c5c91f112.jpg\",\"width\":1000,\"height\":1000},{\"@type\":\"BreadcrumbList\",\"@id\":\"https:\/\/autravail.ca\/product\/botte-de-travail-dhiver-glacius-royer-9000gl\/#breadcrumb\",\"itemListElement\":[{\"@type\":\"ListItem\",\"position\":1,\"name\":\"Accueil\",\"item\":\"https:\/\/autravail.ca\/\"},{\"@type\":\"ListItem\",\"position\":2,\"name\":\"Magasin\",\"item\":\"https:\/\/autravail.ca\/en\/shop\/\"},{\"@type\":\"ListItem\",\"position\":3,\"name\":\"Botte de travail d&rsquo;hiver Glacius Royer &#8211; 9000GL\"}]},{\"@type\":\"WebSite\",\"@id\":\"https:\/\/autravail.ca\/#website\",\"url\":\"https:\/\/autravail.ca\/\",\"name\":\"Le Magasin Industriel\",\"description\":\"50 ans de tradition de s\u00e9curit\u00e9 au travail\",\"publisher\":{\"@id\":\"https:\/\/autravail.ca\/#organization\"},\"potentialAction\":[{\"@type\":\"SearchAction\",\"target\":{\"@type\":\"EntryPoint\",\"urlTemplate\":\"https:\/\/autravail.ca\/?s={search_term_string}\"},\"query-input\":{\"@type\":\"PropertyValueSpecification\",\"valueRequired\":true,\"valueName\":\"search_term_string\"}}],\"inLanguage\":\"en-CA\"},{\"@type\":\"Organization\",\"@id\":\"https:\/\/autravail.ca\/#organization\",\"name\":\"Le Magasin Industriel\",\"url\":\"https:\/\/autravail.ca\/\",\"logo\":{\"@type\":\"ImageObject\",\"inLanguage\":\"en-CA\",\"@id\":\"https:\/\/autravail.ca\/#\/schema\/logo\/image\/\",\"url\":\"https:\/\/autravail.ca\/wp-content\/uploads\/2025\/05\/cropped-magasin_industriel_120x.avif\",\"contentUrl\":\"https:\/\/autravail.ca\/wp-content\/uploads\/2025\/05\/cropped-magasin_industriel_120x.avif\",\"width\":120,\"height\":24,\"caption\":\"Le Magasin Industriel\"},\"image\":{\"@id\":\"https:\/\/autravail.ca\/#\/schema\/logo\/image\/\"},\"sameAs\":[\"https:\/\/www.facebook.com\/lemagasinindustriel\/?locale=fr_FR\"]}]}<\/script>\n<!-- \/ Yoast SEO plugin. -->","yoast_head_json":{"title":"Botte de travail d'hiver Glacius Royer - 9000GL - Le Magasin Industriel","description":"Botte de travail d'hiver Glacius Royer - 9000GL, homologu\u00e9es CSA, isolation R-Therm, embout en composite, 10 pouces, homme","robots":{"index":"index","follow":"follow","max-snippet":"max-snippet:-1","max-image-preview":"max-image-preview:large","max-video-preview":"max-video-preview:-1"},"canonical":"https:\/\/autravail.ca\/en\/product\/botte-de-travail-dhiver-glacius-royer-9000gl\/","og_locale":"en_US","og_type":"article","og_title":"Botte de travail d'hiver Glacius Royer - 9000GL - Le Magasin Industriel","og_description":"Botte de travail d'hiver Glacius Royer - 9000GL, homologu\u00e9es CSA, isolation R-Therm, embout en composite, 10 pouces, homme","og_url":"https:\/\/autravail.ca\/en\/product\/botte-de-travail-dhiver-glacius-royer-9000gl\/","og_site_name":"Le Magasin Industriel","article_publisher":"https:\/\/www.facebook.com\/lemagasinindustriel\/?locale=fr_FR","article_modified_time":"2026-01-14T21:40:41+00:00","og_image":[{"width":1000,"height":1000,"url":"https:\/\/autravail.ca\/wp-content\/uploads\/2025\/05\/9000GL_A01_6d900fa9-41fb-4f54-812e-d02c5c91f112.jpg","type":"image\/jpeg"}],"twitter_card":"summary_large_image","twitter_misc":{"Est. reading time":"3 minutes"},"schema":{"@context":"https:\/\/schema.org","@graph":[{"@type":"WebPage","@id":"https:\/\/autravail.ca\/product\/botte-de-travail-dhiver-glacius-royer-9000gl\/","url":"https:\/\/autravail.ca\/product\/botte-de-travail-dhiver-glacius-royer-9000gl\/","name":"Botte de travail d'hiver Glacius Royer - 9000GL - Le Magasin Industriel","isPartOf":{"@id":"https:\/\/autravail.ca\/#website"},"primaryImageOfPage":{"@id":"https:\/\/autravail.ca\/product\/botte-de-travail-dhiver-glacius-royer-9000gl\/#primaryimage"},"image":{"@id":"https:\/\/autravail.ca\/product\/botte-de-travail-dhiver-glacius-royer-9000gl\/#primaryimage"},"thumbnailUrl":"https:\/\/autravail.ca\/wp-content\/uploads\/2025\/05\/9000GL_A01_6d900fa9-41fb-4f54-812e-d02c5c91f112.jpg","datePublished":"2025-05-08T06:38:09+00:00","dateModified":"2026-01-14T21:40:41+00:00","description":"Botte de travail d'hiver Glacius Royer - 9000GL, homologu\u00e9es CSA, isolation R-Therm, embout en composite, 10 pouces, homme","breadcrumb":{"@id":"https:\/\/autravail.ca\/product\/botte-de-travail-dhiver-glacius-royer-9000gl\/#breadcrumb"},"inLanguage":"en-CA","potentialAction":[{"@type":"ReadAction","target":["https:\/\/autravail.ca\/product\/botte-de-travail-dhiver-glacius-royer-9000gl\/"]}]},{"@type":"ImageObject","inLanguage":"en-CA","@id":"https:\/\/autravail.ca\/product\/botte-de-travail-dhiver-glacius-royer-9000gl\/#primaryimage","url":"https:\/\/autravail.ca\/wp-content\/uploads\/2025\/05\/9000GL_A01_6d900fa9-41fb-4f54-812e-d02c5c91f112.jpg","contentUrl":"https:\/\/autravail.ca\/wp-content\/uploads\/2025\/05\/9000GL_A01_6d900fa9-41fb-4f54-812e-d02c5c91f112.jpg","width":1000,"height":1000},{"@type":"BreadcrumbList","@id":"https:\/\/autravail.ca\/product\/botte-de-travail-dhiver-glacius-royer-9000gl\/#breadcrumb","itemListElement":[{"@type":"ListItem","position":1,"name":"Accueil","item":"https:\/\/autravail.ca\/"},{"@type":"ListItem","position":2,"name":"Magasin","item":"https:\/\/autravail.ca\/en\/shop\/"},{"@type":"ListItem","position":3,"name":"Botte de travail d&rsquo;hiver Glacius Royer &#8211; 9000GL"}]},{"@type":"WebSite","@id":"https:\/\/autravail.ca\/#website","url":"https:\/\/autravail.ca\/","name":"Le Magasin Industriel","description":"50 ans de tradition de s\u00e9curit\u00e9 au travail","publisher":{"@id":"https:\/\/autravail.ca\/#organization"},"potentialAction":[{"@type":"SearchAction","target":{"@type":"EntryPoint","urlTemplate":"https:\/\/autravail.ca\/?s={search_term_string}"},"query-input":{"@type":"PropertyValueSpecification","valueRequired":true,"valueName":"search_term_string"}}],"inLanguage":"en-CA"},{"@type":"Organization","@id":"https:\/\/autravail.ca\/#organization","name":"Le Magasin Industriel","url":"https:\/\/autravail.ca\/","logo":{"@type":"ImageObject","inLanguage":"en-CA","@id":"https:\/\/autravail.ca\/#\/schema\/logo\/image\/","url":"https:\/\/autravail.ca\/wp-content\/uploads\/2025\/05\/cropped-magasin_industriel_120x.avif","contentUrl":"https:\/\/autravail.ca\/wp-content\/uploads\/2025\/05\/cropped-magasin_industriel_120x.avif","width":120,"height":24,"caption":"Le Magasin Industriel"},"image":{"@id":"https:\/\/autravail.ca\/#\/schema\/logo\/image\/"},"sameAs":["https:\/\/www.facebook.com\/lemagasinindustriel\/?locale=fr_FR"]}]}},"jetpack_sharing_enabled":true,"_links":{"self":[{"href":"https:\/\/autravail.ca\/en\/wp-json\/wp\/v2\/product\/30134","targetHints":{"allow":["GET"]}}],"collection":[{"href":"https:\/\/autravail.ca\/en\/wp-json\/wp\/v2\/product"}],"about":[{"href":"https:\/\/autravail.ca\/en\/wp-json\/wp\/v2\/types\/product"}],"replies":[{"embeddable":true,"href":"https:\/\/autravail.ca\/en\/wp-json\/wp\/v2\/comments?post=30134"}],"wp:featuredmedia":[{"embeddable":true,"href":"https:\/\/autravail.ca\/en\/wp-json\/wp\/v2\/media\/14093"}],"wp:attachment":[{"href":"https:\/\/autravail.ca\/en\/wp-json\/wp\/v2\/media?parent=30134"}],"wp:term":[{"taxonomy":"product_cat","embeddable":true,"href":"https:\/\/autravail.ca\/en\/wp-json\/wp\/v2\/product_cat?post=30134"},{"taxonomy":"product_tag","embeddable":true,"href":"https:\/\/autravail.ca\/en\/wp-json\/wp\/v2\/product_tag?post=30134"}],"curies":[{"name":"wp","href":"https:\/\/api.w.org\/{rel}","templated":true}]}}