{"id":30133,"date":"2025-05-08T06:38:09","date_gmt":"2025-05-08T06:38:09","guid":{"rendered":"https:\/\/meteoquebec.ca\/?post_type=product&#038;p=30133"},"modified":"2026-01-14T17:09:41","modified_gmt":"2026-01-14T21:09:41","slug":"botte-de-travail-revolt-royer-8990rt","status":"publish","type":"product","link":"https:\/\/autravail.ca\/en\/product\/botte-de-travail-revolt-royer-8990rt\/","title":{"rendered":"Botte de travail Revolt Royer &#8211; 8990RT"},"content":{"rendered":"<h3>Botte de travail Revolt Royer &#8211; 8990RT<\/h3>\n<p>Botte de travail Revolt <a href=\"https:\/\/autravail.ca\/en\/product-brand\/royer\/\">Royer<\/a> &#8211; 8990RT. La botte de travail 8990RT offre une protection, un confort et une durabilit\u00e9 exceptionnels gr\u00e2ce \u00e0 sa largeur de 20 cm. Fabriqu\u00e9e avec un embout en fibre de carbone homologu\u00e9 CSA, une semelle anti-perforation, un cuir pleine fleur imperm\u00e9able trait\u00e9 \u00e0 la solution saline et une semelle ext\u00e9rieure VIBRAM\u00ae Megagrip Pro\u2122 antid\u00e9rapante, elle garantit une protection, un confort et une adh\u00e9rence durables.<\/p>\n<p><img decoding=\"async\" class=\"alignnone size-full wp-image-40117\" src=\"https:\/\/autravail.ca\/wp-content\/uploads\/2025\/09\/Certification-Omega-Triangle-vert.jpg\" alt=\"Certifications Om\u00e9ga Triangle vert\" width=\"193\" height=\"110\" srcset=\"https:\/\/autravail.ca\/wp-content\/uploads\/2025\/09\/Certification-Omega-Triangle-vert.jpg 193w, https:\/\/autravail.ca\/wp-content\/uploads\/2025\/09\/Certification-Omega-Triangle-vert-150x85.jpg 150w, https:\/\/autravail.ca\/wp-content\/uploads\/2025\/09\/Certification-Omega-Triangle-vert-18x10.jpg 18w\" sizes=\"(max-width: 193px) 100vw, 193px\" \/><\/p>\n<div class=\"product-information-feature-header\">\n<h6 class=\"mb-4\"><span dir=\"auto\">Caract\u00e9ristiques du produit<\/span><\/h6>\n<\/div>\n<ul class=\"temp-feature-list royer-temp-feature-list\">\n<li><span dir=\"auto\">Pare-chocs PARESHOK en TPU ultra-r\u00e9sistant pour les orteils<\/span><\/li>\n<li><span dir=\"auto\">Semelle int\u00e9rieure non m\u00e9tallique r\u00e9sistante \u00e0 la perforation<\/span><\/li>\n<li><span dir=\"auto\">Semelle interm\u00e9diaire en PU \u00e0 fixation directe<\/span><\/li>\n<li><span dir=\"auto\">Electrical Risks Protection<\/span><\/li>\n<li><span dir=\"auto\">cuir pleine fleur imperm\u00e9able trait\u00e9 \u00e0 la solution saline<\/span><\/li>\n<li><span dir=\"auto\">Bottes haut de gamme de 8 pouces de large<\/span><\/li>\n<li><span dir=\"auto\">Embout de protection en fibre de carbone NANOTOE\u00ae<\/span><\/li>\n<li><span dir=\"auto\">Col en V doublement rembourr\u00e9 pour un confort et une mobilit\u00e9 id\u00e9aux<\/span><\/li>\n<li><span dir=\"auto\">Crochets et \u0153illets Speed-lace pour un la\u00e7age rapide et optimal<\/span><\/li>\n<li><span dir=\"auto\">Coutures quadruples pour une meilleure durabilit\u00e9<\/span><\/li>\n<li><span dir=\"auto\">Semelle ext\u00e9rieure en caoutchouc VIBRAM\u00ae MEGAGRIP PRO pour une meilleure adh\u00e9rence sur roches mouill\u00e9es et acier inoxydable<\/span><\/li>\n<li><span dir=\"auto\">Semelle \u00e0 double densit\u00e9 avec cambrion composite pour un meilleur soutien de la vo\u00fbte plantaire<\/span><\/li>\n<\/ul>\n<h6><span dir=\"auto\">Semelle ext\u00e9rieure VIBRAM\u00ae Megagrip Pro\u2122<\/span><\/h6>\n<p><span dir=\"auto\">VIBRAM\u00ae Megagrip Pro\u2122 est un compos\u00e9 de caoutchouc haute performance con\u00e7u pour le travail et la s\u00e9curit\u00e9, offrant une adh\u00e9rence et une durabilit\u00e9 in\u00e9gal\u00e9es sur les terrains humides, secs et rocailleux.<\/span><\/p>\n<h6><span dir=\"auto\">Pareshok\u2122 But\u00e9e d&rsquo;orteils<\/span><\/h6>\n<p><span dir=\"auto\">PARESHOK\u2122 est un embout en caoutchouc TPU durable positionn\u00e9 sur la pointe de la chaussure, con\u00e7u pour prolonger sa dur\u00e9e de vie en la prot\u00e9geant de l&rsquo;usure.<\/span><\/p>\n<p><em><span style=\"color: #fa0b0b;\">Unisex U.S. men's sizes presented. To convert to U.S. women's size, add 2 sizes. Example: 5 U.S. men = 7 U.S. women<\/span><\/em><\/p>\n<p><img decoding=\"async\" class=\"alignnone wp-image-40620\" src=\"https:\/\/autravail.ca\/wp-content\/uploads\/2025\/09\/Jachete-quebec-et-canada.jpg\" alt=\"Logo de l'achat local\" width=\"162\" height=\"139\" \/>Merci d&rsquo;encourager une entreprise 100% d&rsquo;ici!<\/p>\n<p>TS2601H<\/p>","protected":false},"excerpt":{"rendered":"<p>Botte de travail Revolt Royer &#8211; 8990RT Botte de travail Revolt Royer &#8211; 8990RT. La botte de travail 8990RT offre une protection, un confort et une durabilit\u00e9 exceptionnels gr\u00e2ce \u00e0 sa largeur de 20 cm. Fabriqu\u00e9e avec un embout en fibre de carbone homologu\u00e9 CSA, une semelle anti-perforation, un cuir pleine fleur imperm\u00e9able trait\u00e9 \u00e0 [&hellip;]<\/p>","protected":false},"featured_media":14074,"comment_status":"open","ping_status":"closed","template":"","meta":[],"product_cat":[613,642,602,637],"product_tag":[251,252,255,242,253,274],"class_list":{"0":"post-30133","1":"product","2":"type-product","3":"status-publish","4":"has-post-thumbnail","6":"product_brand-royer","7":"product_cat-bottes-de-travail","8":"product_cat-bottes-de-travail-femme","9":"product_cat-hommes","10":"product_cat-nos-modeles-populaires","11":"product_tag-bottes-de-travail","12":"product_tag-electric-shock-resistant","13":"product_tag-femme","14":"product_tag-homme","15":"product_tag-sole-protection","16":"product_tag-vedette","18":"first","19":"instock","20":"taxable","21":"shipping-taxable","22":"purchasable","23":"product-type-variable"},"yoast_head":"<!-- This site is optimized with the Yoast SEO plugin v25.3.1 - https:\/\/yoast.com\/wordpress\/plugins\/seo\/ -->\n<title>Botte de travail Revolt Royer - 8990RT - Le Magasin Industriel<\/title>\n<meta name=\"description\" content=\"Botte de travail Revolt Royer - 8990RT, botte 8 pouces, homologu\u00e9es CSA, antid\u00e9rapantes et r\u00e9sistantes aux hydrocarbures, embout en composite\" \/>\n<meta name=\"robots\" content=\"index, follow, max-snippet:-1, max-image-preview:large, max-video-preview:-1\" \/>\n<link rel=\"canonical\" href=\"https:\/\/autravail.ca\/en\/product\/botte-de-travail-revolt-royer-8990rt\/\" \/>\n<meta property=\"og:locale\" content=\"en_US\" \/>\n<meta property=\"og:type\" content=\"article\" \/>\n<meta property=\"og:title\" content=\"Botte de travail Revolt Royer - 8990RT - Le Magasin Industriel\" \/>\n<meta property=\"og:description\" content=\"Botte de travail Revolt Royer - 8990RT, botte 8 pouces, homologu\u00e9es CSA, antid\u00e9rapantes et r\u00e9sistantes aux hydrocarbures, embout en composite\" \/>\n<meta property=\"og:url\" content=\"https:\/\/autravail.ca\/en\/product\/botte-de-travail-revolt-royer-8990rt\/\" \/>\n<meta property=\"og:site_name\" content=\"Le Magasin Industriel\" \/>\n<meta property=\"article:publisher\" content=\"https:\/\/www.facebook.com\/lemagasinindustriel\/?locale=fr_FR\" \/>\n<meta property=\"article:modified_time\" content=\"2026-01-14T21:09:41+00:00\" \/>\n<meta property=\"og:image\" content=\"https:\/\/autravail.ca\/wp-content\/uploads\/2025\/05\/8990RT_A01.jpg\" \/>\n\t<meta property=\"og:image:width\" content=\"1000\" \/>\n\t<meta property=\"og:image:height\" content=\"1000\" \/>\n\t<meta property=\"og:image:type\" content=\"image\/jpeg\" \/>\n<meta name=\"twitter:card\" content=\"summary_large_image\" \/>\n<meta name=\"twitter:label1\" content=\"Est. reading time\" \/>\n\t<meta name=\"twitter:data1\" content=\"3 minutes\" \/>\n<script type=\"application\/ld+json\" class=\"yoast-schema-graph\">{\"@context\":\"https:\/\/schema.org\",\"@graph\":[{\"@type\":\"WebPage\",\"@id\":\"https:\/\/autravail.ca\/product\/botte-de-travail-revolt-royer-8990rt\/\",\"url\":\"https:\/\/autravail.ca\/product\/botte-de-travail-revolt-royer-8990rt\/\",\"name\":\"Botte de travail Revolt Royer - 8990RT - Le Magasin Industriel\",\"isPartOf\":{\"@id\":\"https:\/\/autravail.ca\/#website\"},\"primaryImageOfPage\":{\"@id\":\"https:\/\/autravail.ca\/product\/botte-de-travail-revolt-royer-8990rt\/#primaryimage\"},\"image\":{\"@id\":\"https:\/\/autravail.ca\/product\/botte-de-travail-revolt-royer-8990rt\/#primaryimage\"},\"thumbnailUrl\":\"https:\/\/autravail.ca\/wp-content\/uploads\/2025\/05\/8990RT_A01.jpg\",\"datePublished\":\"2025-05-08T06:38:09+00:00\",\"dateModified\":\"2026-01-14T21:09:41+00:00\",\"description\":\"Botte de travail Revolt Royer - 8990RT, botte 8 pouces, homologu\u00e9es CSA, antid\u00e9rapantes et r\u00e9sistantes aux hydrocarbures, embout en composite\",\"breadcrumb\":{\"@id\":\"https:\/\/autravail.ca\/product\/botte-de-travail-revolt-royer-8990rt\/#breadcrumb\"},\"inLanguage\":\"en-CA\",\"potentialAction\":[{\"@type\":\"ReadAction\",\"target\":[\"https:\/\/autravail.ca\/product\/botte-de-travail-revolt-royer-8990rt\/\"]}]},{\"@type\":\"ImageObject\",\"inLanguage\":\"en-CA\",\"@id\":\"https:\/\/autravail.ca\/product\/botte-de-travail-revolt-royer-8990rt\/#primaryimage\",\"url\":\"https:\/\/autravail.ca\/wp-content\/uploads\/2025\/05\/8990RT_A01.jpg\",\"contentUrl\":\"https:\/\/autravail.ca\/wp-content\/uploads\/2025\/05\/8990RT_A01.jpg\",\"width\":1000,\"height\":1000},{\"@type\":\"BreadcrumbList\",\"@id\":\"https:\/\/autravail.ca\/product\/botte-de-travail-revolt-royer-8990rt\/#breadcrumb\",\"itemListElement\":[{\"@type\":\"ListItem\",\"position\":1,\"name\":\"Accueil\",\"item\":\"https:\/\/autravail.ca\/\"},{\"@type\":\"ListItem\",\"position\":2,\"name\":\"Magasin\",\"item\":\"https:\/\/autravail.ca\/en\/shop\/\"},{\"@type\":\"ListItem\",\"position\":3,\"name\":\"Botte de travail Revolt Royer &#8211; 8990RT\"}]},{\"@type\":\"WebSite\",\"@id\":\"https:\/\/autravail.ca\/#website\",\"url\":\"https:\/\/autravail.ca\/\",\"name\":\"Le Magasin Industriel\",\"description\":\"50 ans de tradition de s\u00e9curit\u00e9 au travail\",\"publisher\":{\"@id\":\"https:\/\/autravail.ca\/#organization\"},\"potentialAction\":[{\"@type\":\"SearchAction\",\"target\":{\"@type\":\"EntryPoint\",\"urlTemplate\":\"https:\/\/autravail.ca\/?s={search_term_string}\"},\"query-input\":{\"@type\":\"PropertyValueSpecification\",\"valueRequired\":true,\"valueName\":\"search_term_string\"}}],\"inLanguage\":\"en-CA\"},{\"@type\":\"Organization\",\"@id\":\"https:\/\/autravail.ca\/#organization\",\"name\":\"Le Magasin Industriel\",\"url\":\"https:\/\/autravail.ca\/\",\"logo\":{\"@type\":\"ImageObject\",\"inLanguage\":\"en-CA\",\"@id\":\"https:\/\/autravail.ca\/#\/schema\/logo\/image\/\",\"url\":\"https:\/\/autravail.ca\/wp-content\/uploads\/2025\/05\/cropped-magasin_industriel_120x.avif\",\"contentUrl\":\"https:\/\/autravail.ca\/wp-content\/uploads\/2025\/05\/cropped-magasin_industriel_120x.avif\",\"width\":120,\"height\":24,\"caption\":\"Le Magasin Industriel\"},\"image\":{\"@id\":\"https:\/\/autravail.ca\/#\/schema\/logo\/image\/\"},\"sameAs\":[\"https:\/\/www.facebook.com\/lemagasinindustriel\/?locale=fr_FR\"]}]}<\/script>\n<!-- \/ Yoast SEO plugin. -->","yoast_head_json":{"title":"Botte de travail Revolt Royer - 8990RT - Le Magasin Industriel","description":"Botte de travail Revolt Royer - 8990RT, botte 8 pouces, homologu\u00e9es CSA, antid\u00e9rapantes et r\u00e9sistantes aux hydrocarbures, embout en composite","robots":{"index":"index","follow":"follow","max-snippet":"max-snippet:-1","max-image-preview":"max-image-preview:large","max-video-preview":"max-video-preview:-1"},"canonical":"https:\/\/autravail.ca\/en\/product\/botte-de-travail-revolt-royer-8990rt\/","og_locale":"en_US","og_type":"article","og_title":"Botte de travail Revolt Royer - 8990RT - Le Magasin Industriel","og_description":"Botte de travail Revolt Royer - 8990RT, botte 8 pouces, homologu\u00e9es CSA, antid\u00e9rapantes et r\u00e9sistantes aux hydrocarbures, embout en composite","og_url":"https:\/\/autravail.ca\/en\/product\/botte-de-travail-revolt-royer-8990rt\/","og_site_name":"Le Magasin Industriel","article_publisher":"https:\/\/www.facebook.com\/lemagasinindustriel\/?locale=fr_FR","article_modified_time":"2026-01-14T21:09:41+00:00","og_image":[{"width":1000,"height":1000,"url":"https:\/\/autravail.ca\/wp-content\/uploads\/2025\/05\/8990RT_A01.jpg","type":"image\/jpeg"}],"twitter_card":"summary_large_image","twitter_misc":{"Est. reading time":"3 minutes"},"schema":{"@context":"https:\/\/schema.org","@graph":[{"@type":"WebPage","@id":"https:\/\/autravail.ca\/product\/botte-de-travail-revolt-royer-8990rt\/","url":"https:\/\/autravail.ca\/product\/botte-de-travail-revolt-royer-8990rt\/","name":"Botte de travail Revolt Royer - 8990RT - Le Magasin Industriel","isPartOf":{"@id":"https:\/\/autravail.ca\/#website"},"primaryImageOfPage":{"@id":"https:\/\/autravail.ca\/product\/botte-de-travail-revolt-royer-8990rt\/#primaryimage"},"image":{"@id":"https:\/\/autravail.ca\/product\/botte-de-travail-revolt-royer-8990rt\/#primaryimage"},"thumbnailUrl":"https:\/\/autravail.ca\/wp-content\/uploads\/2025\/05\/8990RT_A01.jpg","datePublished":"2025-05-08T06:38:09+00:00","dateModified":"2026-01-14T21:09:41+00:00","description":"Botte de travail Revolt Royer - 8990RT, botte 8 pouces, homologu\u00e9es CSA, antid\u00e9rapantes et r\u00e9sistantes aux hydrocarbures, embout en composite","breadcrumb":{"@id":"https:\/\/autravail.ca\/product\/botte-de-travail-revolt-royer-8990rt\/#breadcrumb"},"inLanguage":"en-CA","potentialAction":[{"@type":"ReadAction","target":["https:\/\/autravail.ca\/product\/botte-de-travail-revolt-royer-8990rt\/"]}]},{"@type":"ImageObject","inLanguage":"en-CA","@id":"https:\/\/autravail.ca\/product\/botte-de-travail-revolt-royer-8990rt\/#primaryimage","url":"https:\/\/autravail.ca\/wp-content\/uploads\/2025\/05\/8990RT_A01.jpg","contentUrl":"https:\/\/autravail.ca\/wp-content\/uploads\/2025\/05\/8990RT_A01.jpg","width":1000,"height":1000},{"@type":"BreadcrumbList","@id":"https:\/\/autravail.ca\/product\/botte-de-travail-revolt-royer-8990rt\/#breadcrumb","itemListElement":[{"@type":"ListItem","position":1,"name":"Accueil","item":"https:\/\/autravail.ca\/"},{"@type":"ListItem","position":2,"name":"Magasin","item":"https:\/\/autravail.ca\/en\/shop\/"},{"@type":"ListItem","position":3,"name":"Botte de travail Revolt Royer &#8211; 8990RT"}]},{"@type":"WebSite","@id":"https:\/\/autravail.ca\/#website","url":"https:\/\/autravail.ca\/","name":"Le Magasin Industriel","description":"50 ans de tradition de s\u00e9curit\u00e9 au travail","publisher":{"@id":"https:\/\/autravail.ca\/#organization"},"potentialAction":[{"@type":"SearchAction","target":{"@type":"EntryPoint","urlTemplate":"https:\/\/autravail.ca\/?s={search_term_string}"},"query-input":{"@type":"PropertyValueSpecification","valueRequired":true,"valueName":"search_term_string"}}],"inLanguage":"en-CA"},{"@type":"Organization","@id":"https:\/\/autravail.ca\/#organization","name":"Le Magasin Industriel","url":"https:\/\/autravail.ca\/","logo":{"@type":"ImageObject","inLanguage":"en-CA","@id":"https:\/\/autravail.ca\/#\/schema\/logo\/image\/","url":"https:\/\/autravail.ca\/wp-content\/uploads\/2025\/05\/cropped-magasin_industriel_120x.avif","contentUrl":"https:\/\/autravail.ca\/wp-content\/uploads\/2025\/05\/cropped-magasin_industriel_120x.avif","width":120,"height":24,"caption":"Le Magasin Industriel"},"image":{"@id":"https:\/\/autravail.ca\/#\/schema\/logo\/image\/"},"sameAs":["https:\/\/www.facebook.com\/lemagasinindustriel\/?locale=fr_FR"]}]}},"jetpack_sharing_enabled":true,"_links":{"self":[{"href":"https:\/\/autravail.ca\/en\/wp-json\/wp\/v2\/product\/30133","targetHints":{"allow":["GET"]}}],"collection":[{"href":"https:\/\/autravail.ca\/en\/wp-json\/wp\/v2\/product"}],"about":[{"href":"https:\/\/autravail.ca\/en\/wp-json\/wp\/v2\/types\/product"}],"replies":[{"embeddable":true,"href":"https:\/\/autravail.ca\/en\/wp-json\/wp\/v2\/comments?post=30133"}],"wp:featuredmedia":[{"embeddable":true,"href":"https:\/\/autravail.ca\/en\/wp-json\/wp\/v2\/media\/14074"}],"wp:attachment":[{"href":"https:\/\/autravail.ca\/en\/wp-json\/wp\/v2\/media?parent=30133"}],"wp:term":[{"taxonomy":"product_cat","embeddable":true,"href":"https:\/\/autravail.ca\/en\/wp-json\/wp\/v2\/product_cat?post=30133"},{"taxonomy":"product_tag","embeddable":true,"href":"https:\/\/autravail.ca\/en\/wp-json\/wp\/v2\/product_tag?post=30133"}],"curies":[{"name":"wp","href":"https:\/\/api.w.org\/{rel}","templated":true}]}}