{"id":30074,"date":"2025-05-08T06:37:46","date_gmt":"2025-05-08T06:37:46","guid":{"rendered":"https:\/\/meteoquebec.ca\/?post_type=product&#038;p=30074"},"modified":"2026-01-14T17:02:22","modified_gmt":"2026-01-14T21:02:22","slug":"botte-de-travail-ironbolt-royer-8951rti","status":"publish","type":"product","link":"https:\/\/autravail.ca\/en\/product\/botte-de-travail-ironbolt-royer-8951rti\/","title":{"rendered":"Botte de travail Ironbolt Royer &#8211; 8951RTI"},"content":{"rendered":"<h3>Botte de travail Ironbolt Royer &#8211; 8951RTI<\/h3>\n<p>Botte de travail Ironbolt <a href=\"https:\/\/autravail.ca\/en\/product-brand\/royer\/\">Royer<\/a> &#8211; 8951RTI. La botte de travail 8951RTI allie durabilit\u00e9, confort et s\u00e9curit\u00e9. D&rsquo;une largeur de 20 cm (8 pouces), elle est con\u00e7ue pour les m\u00e9tallurgistes. Dot\u00e9e d&rsquo;un embout en fibre de carbone homologu\u00e9 CSA, d&rsquo;une semelle anti-perforation, d&rsquo;un cuir imperm\u00e9able Crazy Horse et d&rsquo;une semelle ext\u00e9rieure plate antid\u00e9rapante, elle excelle sur l&rsquo;acier et les surfaces planes.<\/p>\n<p><img decoding=\"async\" class=\"alignnone size-full wp-image-40117\" src=\"https:\/\/autravail.ca\/wp-content\/uploads\/2025\/09\/Certification-Omega-Triangle-vert.jpg\" alt=\"Certifications Om\u00e9ga Triangle vert\" width=\"193\" height=\"110\" srcset=\"https:\/\/autravail.ca\/wp-content\/uploads\/2025\/09\/Certification-Omega-Triangle-vert.jpg 193w, https:\/\/autravail.ca\/wp-content\/uploads\/2025\/09\/Certification-Omega-Triangle-vert-150x85.jpg 150w, https:\/\/autravail.ca\/wp-content\/uploads\/2025\/09\/Certification-Omega-Triangle-vert-18x10.jpg 18w\" sizes=\"(max-width: 193px) 100vw, 193px\" \/><\/p>\n<div class=\"otQkpb\" role=\"heading\" aria-level=\"3\" data-animation-nesting=\"\" data-sfc-cp=\"\" data-processed=\"true\" data-sae=\"\" data-complete=\"true\">\n<div class=\"product-information-feature-header\">\n<h6 class=\"mb-4\"><span dir=\"auto\">Caract\u00e9ristiques du produit<\/span><\/h6>\n<\/div>\n<ul class=\"temp-feature-list royer-temp-feature-list\">\n<li><span dir=\"auto\">Semelle int\u00e9rieure non m\u00e9tallique r\u00e9sistante \u00e0 la perforation<\/span><\/li>\n<li><span dir=\"auto\">Semelle interm\u00e9diaire en PU \u00e0 fixation directe<\/span><\/li>\n<li><span dir=\"auto\">Cuir Crazy Horse imperm\u00e9able trait\u00e9 \u00e0 la solution saline<\/span><\/li>\n<li><span dir=\"auto\">Embout de protection en fibre de carbone NANOTOE<\/span><\/li>\n<li><span dir=\"auto\">Coutures triples pour une meilleure durabilit\u00e9<\/span><\/li>\n<li><span dir=\"auto\">Crochets et \u0153illets \u00e0 la\u00e7age rapide pour un la\u00e7age rapide et optimal<\/span><\/li>\n<li><span dir=\"auto\">Col rembourr\u00e9 en forme de V pour un confort et une mobilit\u00e9 id\u00e9aux<\/span><\/li>\n<li><span dir=\"auto\">Empi\u00e8cement en \u00e9lasthanne \u00e0 la cheville pour une plus grande flexibilit\u00e9 de mouvement<\/span><\/li>\n<li><span dir=\"auto\">Semelle ext\u00e9rieure plate en caoutchouc haute performance pour une meilleure adh\u00e9rence sur rochers mouill\u00e9s et acier<\/span><\/li>\n<li><span dir=\"auto\">Electrical Risks Protection<\/span><\/li>\n<li><span dir=\"auto\">Semelle int\u00e9rieure REVOLT en PU double densit\u00e9 confortable et respirante avec mousse ORTHOLITE<\/span><\/li>\n<li><span dir=\"auto\">Bottes haut de gamme de 8 pouces de large<\/span><\/li>\n<li><span dir=\"auto\">Membrane R-DRY imperm\u00e9able et respirante<\/span><\/li>\n<li><span dir=\"auto\">Semelle int\u00e9rieure plate SPACE-R suppl\u00e9mentaire pour un confort personnalis\u00e9<\/span><\/li>\n<\/ul>\n<h6><span dir=\"auto\">Membrane imperm\u00e9able R-DRY\u2122<\/span><\/h6>\n<p><span dir=\"auto\">R-DRY\u2122 est une membrane imperm\u00e9able de pointe, con\u00e7ue par notre \u00e9quipe d&rsquo;innovation pour emp\u00eacher l&rsquo;eau de p\u00e9n\u00e9trer tout en laissant l&rsquo;humidit\u00e9 s&rsquo;\u00e9vacuer. Son excellente respirabilit\u00e9, prouv\u00e9e par des tests MVTR rigoureux, garantit confort et maintien au sec m\u00eame dans des environnements exigeants.<\/span><\/p>\n<h6><span dir=\"auto\">Semelle int\u00e9rieure SPACE-R\u2122<\/span><\/h6>\n<p><span dir=\"auto\">Un ajustement largement ajustable. La semelle int\u00e9rieure amovible SPACE-R\u2122 offre un ajustement personnalis\u00e9 et am\u00e9liore le confort.<\/span><\/p>\n<\/div>\n<div class=\"yv-product-feature-tab-content rich-editor-text-content\">\n<p><em><span style=\"color: #fa0b0b;\">Unisex U.S. men's sizes presented. To convert to U.S. women's size, add 2 sizes. Example: 5 U.S. men = 7 U.S. women<\/span><\/em><\/p>\n<p><img decoding=\"async\" class=\"alignnone wp-image-40620\" src=\"https:\/\/autravail.ca\/wp-content\/uploads\/2025\/09\/Jachete-quebec-et-canada.jpg\" alt=\"Logo de l'achat local\" width=\"162\" height=\"139\" \/>Merci d&rsquo;encourager une entreprise 100% d&rsquo;ici!<\/p>\n<p>TS2601H<\/p>\n<\/div>","protected":false},"excerpt":{"rendered":"<p>Botte de travail Ironbolt Royer &#8211; 8951RTI Botte de travail Ironbolt Royer &#8211; 8951RTI. La botte de travail 8951RTI allie durabilit\u00e9, confort et s\u00e9curit\u00e9. D&rsquo;une largeur de 20 cm (8 pouces), elle est con\u00e7ue pour les m\u00e9tallurgistes. Dot\u00e9e d&rsquo;un embout en fibre de carbone homologu\u00e9 CSA, d&rsquo;une semelle anti-perforation, d&rsquo;un cuir imperm\u00e9able Crazy Horse et [&hellip;]<\/p>","protected":false},"featured_media":14016,"comment_status":"open","ping_status":"closed","template":"","meta":[],"product_cat":[613,602],"product_tag":[251,252,242,253],"class_list":{"0":"post-30074","1":"product","2":"type-product","3":"status-publish","4":"has-post-thumbnail","6":"product_brand-royer","7":"product_cat-bottes-de-travail","8":"product_cat-hommes","9":"product_tag-bottes-de-travail","10":"product_tag-electric-shock-resistant","11":"product_tag-homme","12":"product_tag-sole-protection","14":"first","15":"instock","16":"taxable","17":"shipping-taxable","18":"purchasable","19":"product-type-variable"},"yoast_head":"<!-- This site is optimized with the Yoast SEO plugin v25.3.1 - https:\/\/yoast.com\/wordpress\/plugins\/seo\/ -->\n<title>Botte de travail Ironbolt Royer - 8951RTI - Le Magasin Industriel<\/title>\n<meta name=\"description\" content=\"Botte de travail Ironbolt Royer - 8951RTI, botte 8 pouces, homologu\u00e9es CSA, imperm\u00e9able, embout en composite, semelle int\u00e9rieure Space-R\" \/>\n<meta name=\"robots\" content=\"index, follow, max-snippet:-1, max-image-preview:large, max-video-preview:-1\" \/>\n<link rel=\"canonical\" href=\"https:\/\/autravail.ca\/en\/product\/botte-de-travail-ironbolt-royer-8951rti\/\" \/>\n<meta property=\"og:locale\" content=\"en_US\" \/>\n<meta property=\"og:type\" content=\"article\" \/>\n<meta property=\"og:title\" content=\"Botte de travail Ironbolt Royer - 8951RTI - Le Magasin Industriel\" \/>\n<meta property=\"og:description\" content=\"Botte de travail Ironbolt Royer - 8951RTI, botte 8 pouces, homologu\u00e9es CSA, imperm\u00e9able, embout en composite, semelle int\u00e9rieure Space-R\" \/>\n<meta property=\"og:url\" content=\"https:\/\/autravail.ca\/en\/product\/botte-de-travail-ironbolt-royer-8951rti\/\" \/>\n<meta property=\"og:site_name\" content=\"Le Magasin Industriel\" \/>\n<meta property=\"article:publisher\" content=\"https:\/\/www.facebook.com\/lemagasinindustriel\/?locale=fr_FR\" \/>\n<meta property=\"article:modified_time\" content=\"2026-01-14T21:02:22+00:00\" \/>\n<meta property=\"og:image\" content=\"https:\/\/autravail.ca\/wp-content\/uploads\/2025\/05\/8951RTI_A01.jpg\" \/>\n\t<meta property=\"og:image:width\" content=\"1000\" \/>\n\t<meta property=\"og:image:height\" content=\"1000\" \/>\n\t<meta property=\"og:image:type\" content=\"image\/jpeg\" \/>\n<meta name=\"twitter:card\" content=\"summary_large_image\" \/>\n<meta name=\"twitter:label1\" content=\"Est. reading time\" \/>\n\t<meta name=\"twitter:data1\" content=\"3 minutes\" \/>\n<script type=\"application\/ld+json\" class=\"yoast-schema-graph\">{\"@context\":\"https:\/\/schema.org\",\"@graph\":[{\"@type\":\"WebPage\",\"@id\":\"https:\/\/autravail.ca\/product\/botte-de-travail-ironbolt-royer-8951rti\/\",\"url\":\"https:\/\/autravail.ca\/product\/botte-de-travail-ironbolt-royer-8951rti\/\",\"name\":\"Botte de travail Ironbolt Royer - 8951RTI - Le Magasin Industriel\",\"isPartOf\":{\"@id\":\"https:\/\/autravail.ca\/#website\"},\"primaryImageOfPage\":{\"@id\":\"https:\/\/autravail.ca\/product\/botte-de-travail-ironbolt-royer-8951rti\/#primaryimage\"},\"image\":{\"@id\":\"https:\/\/autravail.ca\/product\/botte-de-travail-ironbolt-royer-8951rti\/#primaryimage\"},\"thumbnailUrl\":\"https:\/\/autravail.ca\/wp-content\/uploads\/2025\/05\/8951RTI_A01.jpg\",\"datePublished\":\"2025-05-08T06:37:46+00:00\",\"dateModified\":\"2026-01-14T21:02:22+00:00\",\"description\":\"Botte de travail Ironbolt Royer - 8951RTI, botte 8 pouces, homologu\u00e9es CSA, imperm\u00e9able, embout en composite, semelle int\u00e9rieure Space-R\",\"breadcrumb\":{\"@id\":\"https:\/\/autravail.ca\/product\/botte-de-travail-ironbolt-royer-8951rti\/#breadcrumb\"},\"inLanguage\":\"en-CA\",\"potentialAction\":[{\"@type\":\"ReadAction\",\"target\":[\"https:\/\/autravail.ca\/product\/botte-de-travail-ironbolt-royer-8951rti\/\"]}]},{\"@type\":\"ImageObject\",\"inLanguage\":\"en-CA\",\"@id\":\"https:\/\/autravail.ca\/product\/botte-de-travail-ironbolt-royer-8951rti\/#primaryimage\",\"url\":\"https:\/\/autravail.ca\/wp-content\/uploads\/2025\/05\/8951RTI_A01.jpg\",\"contentUrl\":\"https:\/\/autravail.ca\/wp-content\/uploads\/2025\/05\/8951RTI_A01.jpg\",\"width\":1000,\"height\":1000},{\"@type\":\"BreadcrumbList\",\"@id\":\"https:\/\/autravail.ca\/product\/botte-de-travail-ironbolt-royer-8951rti\/#breadcrumb\",\"itemListElement\":[{\"@type\":\"ListItem\",\"position\":1,\"name\":\"Accueil\",\"item\":\"https:\/\/autravail.ca\/\"},{\"@type\":\"ListItem\",\"position\":2,\"name\":\"Magasin\",\"item\":\"https:\/\/autravail.ca\/en\/shop\/\"},{\"@type\":\"ListItem\",\"position\":3,\"name\":\"Botte de travail Ironbolt Royer &#8211; 8951RTI\"}]},{\"@type\":\"WebSite\",\"@id\":\"https:\/\/autravail.ca\/#website\",\"url\":\"https:\/\/autravail.ca\/\",\"name\":\"Le Magasin Industriel\",\"description\":\"50 ans de tradition de s\u00e9curit\u00e9 au travail\",\"publisher\":{\"@id\":\"https:\/\/autravail.ca\/#organization\"},\"potentialAction\":[{\"@type\":\"SearchAction\",\"target\":{\"@type\":\"EntryPoint\",\"urlTemplate\":\"https:\/\/autravail.ca\/?s={search_term_string}\"},\"query-input\":{\"@type\":\"PropertyValueSpecification\",\"valueRequired\":true,\"valueName\":\"search_term_string\"}}],\"inLanguage\":\"en-CA\"},{\"@type\":\"Organization\",\"@id\":\"https:\/\/autravail.ca\/#organization\",\"name\":\"Le Magasin Industriel\",\"url\":\"https:\/\/autravail.ca\/\",\"logo\":{\"@type\":\"ImageObject\",\"inLanguage\":\"en-CA\",\"@id\":\"https:\/\/autravail.ca\/#\/schema\/logo\/image\/\",\"url\":\"https:\/\/autravail.ca\/wp-content\/uploads\/2025\/05\/cropped-magasin_industriel_120x.avif\",\"contentUrl\":\"https:\/\/autravail.ca\/wp-content\/uploads\/2025\/05\/cropped-magasin_industriel_120x.avif\",\"width\":120,\"height\":24,\"caption\":\"Le Magasin Industriel\"},\"image\":{\"@id\":\"https:\/\/autravail.ca\/#\/schema\/logo\/image\/\"},\"sameAs\":[\"https:\/\/www.facebook.com\/lemagasinindustriel\/?locale=fr_FR\"]}]}<\/script>\n<!-- \/ Yoast SEO plugin. -->","yoast_head_json":{"title":"Botte de travail Ironbolt Royer - 8951RTI - Le Magasin Industriel","description":"Botte de travail Ironbolt Royer - 8951RTI, botte 8 pouces, homologu\u00e9es CSA, imperm\u00e9able, embout en composite, semelle int\u00e9rieure Space-R","robots":{"index":"index","follow":"follow","max-snippet":"max-snippet:-1","max-image-preview":"max-image-preview:large","max-video-preview":"max-video-preview:-1"},"canonical":"https:\/\/autravail.ca\/en\/product\/botte-de-travail-ironbolt-royer-8951rti\/","og_locale":"en_US","og_type":"article","og_title":"Botte de travail Ironbolt Royer - 8951RTI - Le Magasin Industriel","og_description":"Botte de travail Ironbolt Royer - 8951RTI, botte 8 pouces, homologu\u00e9es CSA, imperm\u00e9able, embout en composite, semelle int\u00e9rieure Space-R","og_url":"https:\/\/autravail.ca\/en\/product\/botte-de-travail-ironbolt-royer-8951rti\/","og_site_name":"Le Magasin Industriel","article_publisher":"https:\/\/www.facebook.com\/lemagasinindustriel\/?locale=fr_FR","article_modified_time":"2026-01-14T21:02:22+00:00","og_image":[{"width":1000,"height":1000,"url":"https:\/\/autravail.ca\/wp-content\/uploads\/2025\/05\/8951RTI_A01.jpg","type":"image\/jpeg"}],"twitter_card":"summary_large_image","twitter_misc":{"Est. reading time":"3 minutes"},"schema":{"@context":"https:\/\/schema.org","@graph":[{"@type":"WebPage","@id":"https:\/\/autravail.ca\/product\/botte-de-travail-ironbolt-royer-8951rti\/","url":"https:\/\/autravail.ca\/product\/botte-de-travail-ironbolt-royer-8951rti\/","name":"Botte de travail Ironbolt Royer - 8951RTI - Le Magasin Industriel","isPartOf":{"@id":"https:\/\/autravail.ca\/#website"},"primaryImageOfPage":{"@id":"https:\/\/autravail.ca\/product\/botte-de-travail-ironbolt-royer-8951rti\/#primaryimage"},"image":{"@id":"https:\/\/autravail.ca\/product\/botte-de-travail-ironbolt-royer-8951rti\/#primaryimage"},"thumbnailUrl":"https:\/\/autravail.ca\/wp-content\/uploads\/2025\/05\/8951RTI_A01.jpg","datePublished":"2025-05-08T06:37:46+00:00","dateModified":"2026-01-14T21:02:22+00:00","description":"Botte de travail Ironbolt Royer - 8951RTI, botte 8 pouces, homologu\u00e9es CSA, imperm\u00e9able, embout en composite, semelle int\u00e9rieure Space-R","breadcrumb":{"@id":"https:\/\/autravail.ca\/product\/botte-de-travail-ironbolt-royer-8951rti\/#breadcrumb"},"inLanguage":"en-CA","potentialAction":[{"@type":"ReadAction","target":["https:\/\/autravail.ca\/product\/botte-de-travail-ironbolt-royer-8951rti\/"]}]},{"@type":"ImageObject","inLanguage":"en-CA","@id":"https:\/\/autravail.ca\/product\/botte-de-travail-ironbolt-royer-8951rti\/#primaryimage","url":"https:\/\/autravail.ca\/wp-content\/uploads\/2025\/05\/8951RTI_A01.jpg","contentUrl":"https:\/\/autravail.ca\/wp-content\/uploads\/2025\/05\/8951RTI_A01.jpg","width":1000,"height":1000},{"@type":"BreadcrumbList","@id":"https:\/\/autravail.ca\/product\/botte-de-travail-ironbolt-royer-8951rti\/#breadcrumb","itemListElement":[{"@type":"ListItem","position":1,"name":"Accueil","item":"https:\/\/autravail.ca\/"},{"@type":"ListItem","position":2,"name":"Magasin","item":"https:\/\/autravail.ca\/en\/shop\/"},{"@type":"ListItem","position":3,"name":"Botte de travail Ironbolt Royer &#8211; 8951RTI"}]},{"@type":"WebSite","@id":"https:\/\/autravail.ca\/#website","url":"https:\/\/autravail.ca\/","name":"Le Magasin Industriel","description":"50 ans de tradition de s\u00e9curit\u00e9 au travail","publisher":{"@id":"https:\/\/autravail.ca\/#organization"},"potentialAction":[{"@type":"SearchAction","target":{"@type":"EntryPoint","urlTemplate":"https:\/\/autravail.ca\/?s={search_term_string}"},"query-input":{"@type":"PropertyValueSpecification","valueRequired":true,"valueName":"search_term_string"}}],"inLanguage":"en-CA"},{"@type":"Organization","@id":"https:\/\/autravail.ca\/#organization","name":"Le Magasin Industriel","url":"https:\/\/autravail.ca\/","logo":{"@type":"ImageObject","inLanguage":"en-CA","@id":"https:\/\/autravail.ca\/#\/schema\/logo\/image\/","url":"https:\/\/autravail.ca\/wp-content\/uploads\/2025\/05\/cropped-magasin_industriel_120x.avif","contentUrl":"https:\/\/autravail.ca\/wp-content\/uploads\/2025\/05\/cropped-magasin_industriel_120x.avif","width":120,"height":24,"caption":"Le Magasin Industriel"},"image":{"@id":"https:\/\/autravail.ca\/#\/schema\/logo\/image\/"},"sameAs":["https:\/\/www.facebook.com\/lemagasinindustriel\/?locale=fr_FR"]}]}},"jetpack_sharing_enabled":true,"_links":{"self":[{"href":"https:\/\/autravail.ca\/en\/wp-json\/wp\/v2\/product\/30074","targetHints":{"allow":["GET"]}}],"collection":[{"href":"https:\/\/autravail.ca\/en\/wp-json\/wp\/v2\/product"}],"about":[{"href":"https:\/\/autravail.ca\/en\/wp-json\/wp\/v2\/types\/product"}],"replies":[{"embeddable":true,"href":"https:\/\/autravail.ca\/en\/wp-json\/wp\/v2\/comments?post=30074"}],"wp:featuredmedia":[{"embeddable":true,"href":"https:\/\/autravail.ca\/en\/wp-json\/wp\/v2\/media\/14016"}],"wp:attachment":[{"href":"https:\/\/autravail.ca\/en\/wp-json\/wp\/v2\/media?parent=30074"}],"wp:term":[{"taxonomy":"product_cat","embeddable":true,"href":"https:\/\/autravail.ca\/en\/wp-json\/wp\/v2\/product_cat?post=30074"},{"taxonomy":"product_tag","embeddable":true,"href":"https:\/\/autravail.ca\/en\/wp-json\/wp\/v2\/product_tag?post=30074"}],"curies":[{"name":"wp","href":"https:\/\/api.w.org\/{rel}","templated":true}]}}