{"id":30044,"date":"2025-05-08T06:37:37","date_gmt":"2025-05-08T06:37:37","guid":{"rendered":"https:\/\/meteoquebec.ca\/?post_type=product&#038;p=30044"},"modified":"2026-02-12T16:02:08","modified_gmt":"2026-02-12T20:02:08","slug":"botte-de-travail-dhiver-8921rtag","status":"publish","type":"product","link":"https:\/\/autravail.ca\/en\/product\/botte-de-travail-dhiver-8921rtag\/","title":{"rendered":"Botte de travail d&rsquo;hiver &#8211; 8921RTAG"},"content":{"rendered":"<h3>Botte de travail d&rsquo;hiver &#8211; 8921RTAG<\/h3>\n<p>Botte de travail d&rsquo;hiver &#8211; 8921RTAG fait partie de la collection\u00a0<strong class=\"Yjhzub\" data-complete=\"true\" data-processed=\"true\">Revolt de Royer,<\/strong> elle offre une protection, un confort et une durabilit\u00e9 exceptionnels gr\u00e2ce \u00e0 son embout de protection l\u00e9ger en fibre de carbone NANOTOE\u00ae homologu\u00e9 CSA, sa membrane imperm\u00e9able et sa semelle anti-perforation. Dot\u00e9e d&rsquo;une isolation PrimaLoft\u00ae de 600 g pour un confort thermique jusqu&rsquo;\u00e0 -40 \u00b0C et de la technologie VIBRAM\u00ae Arctic Grip pour une adh\u00e9rence optimale sur glace mouill\u00e9e, elle est con\u00e7ue pour performer dans des conditions de froid extr\u00eame.<\/p>\n<p><img decoding=\"async\" class=\"alignnone size-full wp-image-40117\" src=\"https:\/\/autravail.ca\/wp-content\/uploads\/2025\/09\/Certification-Omega-Triangle-vert.jpg\" alt=\"Certifications Om\u00e9ga Triangle vert\" width=\"193\" height=\"110\" srcset=\"https:\/\/autravail.ca\/wp-content\/uploads\/2025\/09\/Certification-Omega-Triangle-vert.jpg 193w, https:\/\/autravail.ca\/wp-content\/uploads\/2025\/09\/Certification-Omega-Triangle-vert-150x85.jpg 150w, https:\/\/autravail.ca\/wp-content\/uploads\/2025\/09\/Certification-Omega-Triangle-vert-18x10.jpg 18w\" sizes=\"(max-width: 193px) 100vw, 193px\" \/><\/p>\n<div class=\"otQkpb\" role=\"heading\" aria-level=\"3\" data-animation-nesting=\"\" data-sfc-cp=\"\" data-complete=\"true\" data-processed=\"true\" data-sae=\"\">\n<div class=\"product-information-feature-header\">\n<h6 class=\"mb-4\"><span dir=\"auto\">Caract\u00e9ristiques du produit<\/span><\/h6>\n<\/div>\n<ul class=\"temp-feature-list royer-temp-feature-list\">\n<li><span dir=\"auto\">Pare-chocs PARESHOK en TPU ultra-r\u00e9sistant pour les orteils<\/span><\/li>\n<li><span dir=\"auto\">Semelle int\u00e9rieure non m\u00e9tallique r\u00e9sistante \u00e0 la perforation<\/span><\/li>\n<li><span dir=\"auto\">Semelle interm\u00e9diaire en PU \u00e0 fixation directe<\/span><\/li>\n<li><span dir=\"auto\">Electrical Risks Protection<\/span><\/li>\n<li><span dir=\"auto\">Semelle ext\u00e9rieure en caoutchouc VIBRAM ARCTIC GRIP pour une adh\u00e9rence optimale sur la glace mouill\u00e9e<\/span><\/li>\n<li><span dir=\"auto\">cuir pleine fleur imperm\u00e9able trait\u00e9 \u00e0 la solution saline<\/span><\/li>\n<li><span dir=\"auto\">Bottes haut de gamme de 8 pouces de large<\/span><\/li>\n<li><span dir=\"auto\">Embout de protection en fibre de carbone NANOTOE\u00ae<\/span><\/li>\n<li><span dir=\"auto\">Col en V doublement rembourr\u00e9 pour un confort et une mobilit\u00e9 id\u00e9aux<\/span><\/li>\n<li><span dir=\"auto\">Crochets et \u0153illets Speed-lace pour un la\u00e7age rapide et optimal<\/span><\/li>\n<li><span dir=\"auto\">Coutures quadruples pour une meilleure durabilit\u00e9<\/span><\/li>\n<li><span dir=\"auto\">Semelle \u00e0 double densit\u00e9 avec cambrion composite pour un meilleur soutien de la vo\u00fbte plantaire<\/span><\/li>\n<li><span dir=\"auto\">Membrane R-DRY imperm\u00e9able et respirante<\/span><\/li>\n<\/ul>\n<\/div>\n<p><em><span style=\"color: #fa0b0b;\">Unisex U.S. men's sizes presented. To convert to U.S. women's size, add 2 sizes. Example: 5 U.S. men = 7 U.S. women<\/span><\/em><\/p>\n<p><img decoding=\"async\" class=\"alignnone wp-image-40620\" src=\"https:\/\/autravail.ca\/wp-content\/uploads\/2025\/09\/Jachete-quebec-et-canada.jpg\" alt=\"Logo de l'achat local\" width=\"162\" height=\"139\" \/>Merci d&rsquo;encourager une entreprise 100% d&rsquo;ici!<\/p>\n<p>TS2602H<\/p>","protected":false},"excerpt":{"rendered":"<p>Botte de travail d&rsquo;hiver &#8211; 8921RTAG Botte de travail d&rsquo;hiver &#8211; 8921RTAG fait partie de la collection\u00a0Revolt de Royer, elle offre une protection, un confort et une durabilit\u00e9 exceptionnels gr\u00e2ce \u00e0 son embout de protection l\u00e9ger en fibre de carbone NANOTOE\u00ae homologu\u00e9 CSA, sa membrane imperm\u00e9able et sa semelle anti-perforation. Dot\u00e9e d&rsquo;une isolation PrimaLoft\u00ae de [&hellip;]<\/p>","protected":false},"featured_media":13980,"comment_status":"open","ping_status":"closed","template":"","meta":[],"product_cat":[671,613,602],"product_tag":[251,309,252,242,253],"class_list":{"0":"post-30044","1":"product","2":"type-product","3":"status-publish","4":"has-post-thumbnail","6":"product_brand-royer","7":"product_cat-bottes-dhiver-csa","8":"product_cat-bottes-de-travail","9":"product_cat-hommes","10":"product_tag-bottes-de-travail","11":"product_tag-csa-hiver","12":"product_tag-electric-shock-resistant","13":"product_tag-homme","14":"product_tag-sole-protection","16":"first","17":"instock","18":"taxable","19":"shipping-taxable","20":"purchasable","21":"product-type-variable"},"yoast_head":"<!-- This site is optimized with the Yoast SEO plugin v25.3.1 - https:\/\/yoast.com\/wordpress\/plugins\/seo\/ -->\n<title>Botte de travail d&#039;hiver - 8921RTAG - Le Magasin Industriel<\/title>\n<meta name=\"description\" content=\"Botte de travail d&#039;hiver - 8921RTAG famille Revolt, 8&#039;&#039; homologu\u00e9es CSA, imperm\u00e9ables, embout en composite, botte ultra-performantes\" \/>\n<meta name=\"robots\" content=\"index, follow, max-snippet:-1, max-image-preview:large, max-video-preview:-1\" \/>\n<link rel=\"canonical\" href=\"https:\/\/autravail.ca\/en\/product\/botte-de-travail-dhiver-8921rtag\/\" \/>\n<meta property=\"og:locale\" content=\"en_US\" \/>\n<meta property=\"og:type\" content=\"article\" \/>\n<meta property=\"og:title\" content=\"Botte de travail d&#039;hiver - 8921RTAG - Le Magasin Industriel\" \/>\n<meta property=\"og:description\" content=\"Botte de travail d&#039;hiver - 8921RTAG famille Revolt, 8&#039;&#039; homologu\u00e9es CSA, imperm\u00e9ables, embout en composite, botte ultra-performantes\" \/>\n<meta property=\"og:url\" content=\"https:\/\/autravail.ca\/en\/product\/botte-de-travail-dhiver-8921rtag\/\" \/>\n<meta property=\"og:site_name\" content=\"Le Magasin Industriel\" \/>\n<meta property=\"article:publisher\" content=\"https:\/\/www.facebook.com\/lemagasinindustriel\/?locale=fr_FR\" \/>\n<meta property=\"article:modified_time\" content=\"2026-02-12T20:02:08+00:00\" \/>\n<meta property=\"og:image\" content=\"https:\/\/autravail.ca\/wp-content\/uploads\/2025\/05\/8921RTAG_A01.jpg\" \/>\n\t<meta property=\"og:image:width\" content=\"1000\" \/>\n\t<meta property=\"og:image:height\" content=\"1000\" \/>\n\t<meta property=\"og:image:type\" content=\"image\/jpeg\" \/>\n<meta name=\"twitter:card\" content=\"summary_large_image\" \/>\n<meta name=\"twitter:label1\" content=\"Est. reading time\" \/>\n\t<meta name=\"twitter:data1\" content=\"2 minutes\" \/>\n<script type=\"application\/ld+json\" class=\"yoast-schema-graph\">{\"@context\":\"https:\/\/schema.org\",\"@graph\":[{\"@type\":\"WebPage\",\"@id\":\"https:\/\/autravail.ca\/product\/botte-de-travail-dhiver-8921rtag\/\",\"url\":\"https:\/\/autravail.ca\/product\/botte-de-travail-dhiver-8921rtag\/\",\"name\":\"Botte de travail d'hiver - 8921RTAG - Le Magasin Industriel\",\"isPartOf\":{\"@id\":\"https:\/\/autravail.ca\/#website\"},\"primaryImageOfPage\":{\"@id\":\"https:\/\/autravail.ca\/product\/botte-de-travail-dhiver-8921rtag\/#primaryimage\"},\"image\":{\"@id\":\"https:\/\/autravail.ca\/product\/botte-de-travail-dhiver-8921rtag\/#primaryimage\"},\"thumbnailUrl\":\"https:\/\/autravail.ca\/wp-content\/uploads\/2025\/05\/8921RTAG_A01.jpg\",\"datePublished\":\"2025-05-08T06:37:37+00:00\",\"dateModified\":\"2026-02-12T20:02:08+00:00\",\"description\":\"Botte de travail d'hiver - 8921RTAG famille Revolt, 8'' homologu\u00e9es CSA, imperm\u00e9ables, embout en composite, botte ultra-performantes\",\"breadcrumb\":{\"@id\":\"https:\/\/autravail.ca\/product\/botte-de-travail-dhiver-8921rtag\/#breadcrumb\"},\"inLanguage\":\"en-CA\",\"potentialAction\":[{\"@type\":\"ReadAction\",\"target\":[\"https:\/\/autravail.ca\/product\/botte-de-travail-dhiver-8921rtag\/\"]}]},{\"@type\":\"ImageObject\",\"inLanguage\":\"en-CA\",\"@id\":\"https:\/\/autravail.ca\/product\/botte-de-travail-dhiver-8921rtag\/#primaryimage\",\"url\":\"https:\/\/autravail.ca\/wp-content\/uploads\/2025\/05\/8921RTAG_A01.jpg\",\"contentUrl\":\"https:\/\/autravail.ca\/wp-content\/uploads\/2025\/05\/8921RTAG_A01.jpg\",\"width\":1000,\"height\":1000,\"caption\":\"Botte de travail d'hiver - 8921RTAG\"},{\"@type\":\"BreadcrumbList\",\"@id\":\"https:\/\/autravail.ca\/product\/botte-de-travail-dhiver-8921rtag\/#breadcrumb\",\"itemListElement\":[{\"@type\":\"ListItem\",\"position\":1,\"name\":\"Accueil\",\"item\":\"https:\/\/autravail.ca\/\"},{\"@type\":\"ListItem\",\"position\":2,\"name\":\"Magasin\",\"item\":\"https:\/\/autravail.ca\/en\/shop\/\"},{\"@type\":\"ListItem\",\"position\":3,\"name\":\"Botte de travail d&rsquo;hiver &#8211; 8921RTAG\"}]},{\"@type\":\"WebSite\",\"@id\":\"https:\/\/autravail.ca\/#website\",\"url\":\"https:\/\/autravail.ca\/\",\"name\":\"Le Magasin Industriel\",\"description\":\"50 ans de tradition de s\u00e9curit\u00e9 au travail\",\"publisher\":{\"@id\":\"https:\/\/autravail.ca\/#organization\"},\"potentialAction\":[{\"@type\":\"SearchAction\",\"target\":{\"@type\":\"EntryPoint\",\"urlTemplate\":\"https:\/\/autravail.ca\/?s={search_term_string}\"},\"query-input\":{\"@type\":\"PropertyValueSpecification\",\"valueRequired\":true,\"valueName\":\"search_term_string\"}}],\"inLanguage\":\"en-CA\"},{\"@type\":\"Organization\",\"@id\":\"https:\/\/autravail.ca\/#organization\",\"name\":\"Le Magasin Industriel\",\"url\":\"https:\/\/autravail.ca\/\",\"logo\":{\"@type\":\"ImageObject\",\"inLanguage\":\"en-CA\",\"@id\":\"https:\/\/autravail.ca\/#\/schema\/logo\/image\/\",\"url\":\"https:\/\/autravail.ca\/wp-content\/uploads\/2025\/05\/cropped-magasin_industriel_120x.avif\",\"contentUrl\":\"https:\/\/autravail.ca\/wp-content\/uploads\/2025\/05\/cropped-magasin_industriel_120x.avif\",\"width\":120,\"height\":24,\"caption\":\"Le Magasin Industriel\"},\"image\":{\"@id\":\"https:\/\/autravail.ca\/#\/schema\/logo\/image\/\"},\"sameAs\":[\"https:\/\/www.facebook.com\/lemagasinindustriel\/?locale=fr_FR\"]}]}<\/script>\n<!-- \/ Yoast SEO plugin. -->","yoast_head_json":{"title":"Botte de travail d'hiver - 8921RTAG - Le Magasin Industriel","description":"Botte de travail d'hiver - 8921RTAG famille Revolt, 8'' homologu\u00e9es CSA, imperm\u00e9ables, embout en composite, botte ultra-performantes","robots":{"index":"index","follow":"follow","max-snippet":"max-snippet:-1","max-image-preview":"max-image-preview:large","max-video-preview":"max-video-preview:-1"},"canonical":"https:\/\/autravail.ca\/en\/product\/botte-de-travail-dhiver-8921rtag\/","og_locale":"en_US","og_type":"article","og_title":"Botte de travail d'hiver - 8921RTAG - Le Magasin Industriel","og_description":"Botte de travail d'hiver - 8921RTAG famille Revolt, 8'' homologu\u00e9es CSA, imperm\u00e9ables, embout en composite, botte ultra-performantes","og_url":"https:\/\/autravail.ca\/en\/product\/botte-de-travail-dhiver-8921rtag\/","og_site_name":"Le Magasin Industriel","article_publisher":"https:\/\/www.facebook.com\/lemagasinindustriel\/?locale=fr_FR","article_modified_time":"2026-02-12T20:02:08+00:00","og_image":[{"width":1000,"height":1000,"url":"https:\/\/autravail.ca\/wp-content\/uploads\/2025\/05\/8921RTAG_A01.jpg","type":"image\/jpeg"}],"twitter_card":"summary_large_image","twitter_misc":{"Est. reading time":"2 minutes"},"schema":{"@context":"https:\/\/schema.org","@graph":[{"@type":"WebPage","@id":"https:\/\/autravail.ca\/product\/botte-de-travail-dhiver-8921rtag\/","url":"https:\/\/autravail.ca\/product\/botte-de-travail-dhiver-8921rtag\/","name":"Botte de travail d'hiver - 8921RTAG - Le Magasin Industriel","isPartOf":{"@id":"https:\/\/autravail.ca\/#website"},"primaryImageOfPage":{"@id":"https:\/\/autravail.ca\/product\/botte-de-travail-dhiver-8921rtag\/#primaryimage"},"image":{"@id":"https:\/\/autravail.ca\/product\/botte-de-travail-dhiver-8921rtag\/#primaryimage"},"thumbnailUrl":"https:\/\/autravail.ca\/wp-content\/uploads\/2025\/05\/8921RTAG_A01.jpg","datePublished":"2025-05-08T06:37:37+00:00","dateModified":"2026-02-12T20:02:08+00:00","description":"Botte de travail d'hiver - 8921RTAG famille Revolt, 8'' homologu\u00e9es CSA, imperm\u00e9ables, embout en composite, botte ultra-performantes","breadcrumb":{"@id":"https:\/\/autravail.ca\/product\/botte-de-travail-dhiver-8921rtag\/#breadcrumb"},"inLanguage":"en-CA","potentialAction":[{"@type":"ReadAction","target":["https:\/\/autravail.ca\/product\/botte-de-travail-dhiver-8921rtag\/"]}]},{"@type":"ImageObject","inLanguage":"en-CA","@id":"https:\/\/autravail.ca\/product\/botte-de-travail-dhiver-8921rtag\/#primaryimage","url":"https:\/\/autravail.ca\/wp-content\/uploads\/2025\/05\/8921RTAG_A01.jpg","contentUrl":"https:\/\/autravail.ca\/wp-content\/uploads\/2025\/05\/8921RTAG_A01.jpg","width":1000,"height":1000,"caption":"Botte de travail d'hiver - 8921RTAG"},{"@type":"BreadcrumbList","@id":"https:\/\/autravail.ca\/product\/botte-de-travail-dhiver-8921rtag\/#breadcrumb","itemListElement":[{"@type":"ListItem","position":1,"name":"Accueil","item":"https:\/\/autravail.ca\/"},{"@type":"ListItem","position":2,"name":"Magasin","item":"https:\/\/autravail.ca\/en\/shop\/"},{"@type":"ListItem","position":3,"name":"Botte de travail d&rsquo;hiver &#8211; 8921RTAG"}]},{"@type":"WebSite","@id":"https:\/\/autravail.ca\/#website","url":"https:\/\/autravail.ca\/","name":"Le Magasin Industriel","description":"50 ans de tradition de s\u00e9curit\u00e9 au travail","publisher":{"@id":"https:\/\/autravail.ca\/#organization"},"potentialAction":[{"@type":"SearchAction","target":{"@type":"EntryPoint","urlTemplate":"https:\/\/autravail.ca\/?s={search_term_string}"},"query-input":{"@type":"PropertyValueSpecification","valueRequired":true,"valueName":"search_term_string"}}],"inLanguage":"en-CA"},{"@type":"Organization","@id":"https:\/\/autravail.ca\/#organization","name":"Le Magasin Industriel","url":"https:\/\/autravail.ca\/","logo":{"@type":"ImageObject","inLanguage":"en-CA","@id":"https:\/\/autravail.ca\/#\/schema\/logo\/image\/","url":"https:\/\/autravail.ca\/wp-content\/uploads\/2025\/05\/cropped-magasin_industriel_120x.avif","contentUrl":"https:\/\/autravail.ca\/wp-content\/uploads\/2025\/05\/cropped-magasin_industriel_120x.avif","width":120,"height":24,"caption":"Le Magasin Industriel"},"image":{"@id":"https:\/\/autravail.ca\/#\/schema\/logo\/image\/"},"sameAs":["https:\/\/www.facebook.com\/lemagasinindustriel\/?locale=fr_FR"]}]}},"jetpack_sharing_enabled":true,"_links":{"self":[{"href":"https:\/\/autravail.ca\/en\/wp-json\/wp\/v2\/product\/30044","targetHints":{"allow":["GET"]}}],"collection":[{"href":"https:\/\/autravail.ca\/en\/wp-json\/wp\/v2\/product"}],"about":[{"href":"https:\/\/autravail.ca\/en\/wp-json\/wp\/v2\/types\/product"}],"replies":[{"embeddable":true,"href":"https:\/\/autravail.ca\/en\/wp-json\/wp\/v2\/comments?post=30044"}],"wp:featuredmedia":[{"embeddable":true,"href":"https:\/\/autravail.ca\/en\/wp-json\/wp\/v2\/media\/13980"}],"wp:attachment":[{"href":"https:\/\/autravail.ca\/en\/wp-json\/wp\/v2\/media?parent=30044"}],"wp:term":[{"taxonomy":"product_cat","embeddable":true,"href":"https:\/\/autravail.ca\/en\/wp-json\/wp\/v2\/product_cat?post=30044"},{"taxonomy":"product_tag","embeddable":true,"href":"https:\/\/autravail.ca\/en\/wp-json\/wp\/v2\/product_tag?post=30044"}],"curies":[{"name":"wp","href":"https:\/\/api.w.org\/{rel}","templated":true}]}}