{"id":30013,"date":"2025-05-08T06:37:24","date_gmt":"2025-05-08T06:37:24","guid":{"rendered":"https:\/\/meteoquebec.ca\/?post_type=product&#038;p=30013"},"modified":"2026-02-11T18:19:39","modified_gmt":"2026-02-11T22:19:39","slug":"salopette-dhiver-89-2502ref","status":"publish","type":"product","link":"https:\/\/autravail.ca\/en\/product\/salopette-dhiver-89-2502ref\/","title":{"rendered":"Salopette d&rsquo;hiver &#8211; 89-2502REF"},"content":{"rendered":"<h3>Salopette d&rsquo;hiver &#8211; 89-2502REF<\/h3>\n<p>Salopette d&rsquo;hiver &#8211; 89-2502REF de <a href=\"https:\/\/autravail.ca\/en\/product-brand\/ganka\/\">Ganka<\/a>, est la r\u00e9f\u00e9rence ultime pour les travailleurs qui ne peuvent pas s&rsquo;arr\u00eater, m\u00eame quand le thermom\u00e8tre descend \u00e0 <strong class=\"Yjhzub\" data-complete=\"true\" data-processed=\"true\">-60 \u00b0C<\/strong>. C&rsquo;est le \u00ab\u00a0tank\u00a0\u00bb des pantalons d&rsquo;hiver : ultra-robuste, chaud et s\u00e9curitaire. C&rsquo;est l&rsquo;investissement parfait si vous passez vos journ\u00e9es sur des chantiers de voirie, de construction ou dans des parcs industriels expos\u00e9s au vent.<button class=\"rBl3me\" tabindex=\"0\" data-amic=\"true\" data-icl-uuid=\"39788b69-de4d-4a92-a381-5f4414518f5b\" aria-label=\"Afficher les liens associ\u00e9s\" data-wiz-attrbind=\"disabled=WmDDdc_2d\/C5gNJc;aria-label=WmDDdc_2d\/bOjMyf;class=WmDDdc_2d\/UpSNec\" data-ved=\"2ahUKEwjcpJvTu9KSAxVAMlkFHeGZLWIQye0OegYIAQgJEAE\"><\/button><\/p>\n<div class=\"Y3BBE\" data-sfc-cp=\"\" data-hveid=\"CAEIAhAA\" data-complete=\"true\" data-processed=\"true\">\n<h6 class=\"otQkpb\" role=\"heading\" aria-level=\"3\" data-complete=\"true\" data-processed=\"true\">Pourquoi elle est sur toutes les listes de chantiers :<button class=\"rBl3me\" tabindex=\"0\" data-amic=\"true\" data-icl-uuid=\"420abbcc-31af-40cc-b73d-1c6b9b3643c2\" aria-label=\"Afficher les liens associ\u00e9s\" data-wiz-attrbind=\"disabled=WmDDdc_i\/C5gNJc;aria-label=WmDDdc_i\/bOjMyf;class=WmDDdc_i\/UpSNec\" data-ved=\"2ahUKEwjcpJvTu9KSAxVAMlkFHeGZLWIQye0OegYIAQgCEAA\"><\/button><\/h6>\n<ul class=\"KsbFXc U6u95\" data-complete=\"true\" data-processed=\"true\">\n<li data-hveid=\"CAEIAxAA\" data-complete=\"true\" data-sae=\"\"><span class=\"T286Pc\" data-sfc-cp=\"\" data-complete=\"true\"><strong class=\"Yjhzub\" data-complete=\"true\">Protection thermique extr\u00eame<\/strong>\u00a0: Avec son isolation\u00a0<strong class=\"Yjhzub\" data-complete=\"true\">Heatlocker<\/strong>\u00a0et sa doublure en\u00a0<strong class=\"Yjhzub\" data-complete=\"true\">polar piqu\u00e9<\/strong>, elle est con\u00e7ue pour les froids arctiques. C&rsquo;est l&rsquo;une des rares salopettes sur le march\u00e9 class\u00e9es pour affronter du -60 \u00b0C\u00a089-250-2-REF sur Ganka.ca.<\/span><\/li>\n<li data-hveid=\"CAEIAxAB\" data-complete=\"true\" data-sae=\"\"><span class=\"T286Pc\" data-sfc-cp=\"\" data-complete=\"true\"><strong class=\"Yjhzub\" data-complete=\"true\">Solidit\u00e9 \u00e0 toute \u00e9preuve<\/strong>\u00a0: Le tissu ext\u00e9rieur est en\u00a0<strong class=\"Yjhzub\" data-complete=\"true\">Nylon Endura 600 deniers<\/strong>. Pour vous donner une id\u00e9e, c&rsquo;est le genre de mat\u00e9riel qui r\u00e9siste aux frottements sur le b\u00e9ton et aux accrocs sur les structures m\u00e9talliques.<\/span><\/li>\n<li data-hveid=\"CAEIAxAC\" data-complete=\"true\" data-sae=\"\"><span class=\"T286Pc\" data-sfc-cp=\"\" data-complete=\"true\"><b>Il<\/b> poss\u00e8de des\u00a0<strong class=\"Yjhzub\" data-complete=\"true\">bandes r\u00e9fl\u00e9chissantes de 4 pouces<\/strong>\u00a0et r\u00e9pond aux normes\u00a0<strong class=\"Yjhzub\" data-complete=\"true\">CSA Z96-22<\/strong>. Vous \u00eates visible, peu importe la temp\u00eate ou la noirceur.<\/span><\/li>\n<li data-hveid=\"CAEIAxAD\" data-complete=\"true\" data-sae=\"\"><span class=\"T286Pc\" data-sfc-cp=\"\" data-complete=\"true\" aria-owns=\"action-menu-parent-container\"><strong class=\"Yjhzub\" data-complete=\"true\">Imperm\u00e9abilit\u00e9 totale<\/strong>\u00a0: Les coutures sont\u00a0<strong class=\"Yjhzub\" data-complete=\"true\">scell\u00e9es<\/strong>, ce qui signifie que m\u00eame si la neige fond sur vous, l&rsquo;eau ne traversera pas.<\/span><\/li>\n<\/ul>\n<h6 class=\"otQkpb\" role=\"heading\" aria-level=\"3\" data-complete=\"true\" data-processed=\"true\">Les petits d\u00e9tails qui font la diff\u00e9rence :<button class=\"rBl3me\" tabindex=\"0\" data-amic=\"true\" data-icl-uuid=\"6279bfd0-7f12-46a4-a6b1-b0693def4999\" aria-label=\"Afficher les liens associ\u00e9s\" data-wiz-attrbind=\"disabled=WmDDdc_1a\/C5gNJc;aria-label=WmDDdc_1a\/bOjMyf;class=WmDDdc_1a\/UpSNec\" data-ved=\"2ahUKEwjcpJvTu9KSAxVAMlkFHeGZLWIQye0OegYIAQgEEAA\"><\/button><\/h6>\n<ul class=\"KsbFXc U6u95\" data-complete=\"true\" data-processed=\"true\">\n<li data-hveid=\"CAEIBRAA\" data-complete=\"true\" data-sae=\"\"><span class=\"T286Pc\" data-sfc-cp=\"\" data-complete=\"true\"><strong class=\"Yjhzub\" data-complete=\"true\">Fermetures \u00e9clair YKK sur les c\u00f4t\u00e9s<\/strong>\u00a0: On peut l&rsquo;ouvrir jusqu&rsquo;aux hanches pour l&rsquo;enfiler sans se battre avec ses bottes.<\/span><\/li>\n<li data-hveid=\"CAEIBRAB\" data-complete=\"true\" data-sae=\"\"><span class=\"T286Pc\" data-sfc-cp=\"\" data-complete=\"true\"><strong class=\"Yjhzub\" data-complete=\"true\">Ajustement<\/strong>\u00a0: Les bretelles sont larges et \u00e9lastiques, donc elles ne scient pas les \u00e9paules apr\u00e8s 8 heures de travail.<\/span><\/li>\n<li data-hveid=\"CAEIBRAC\" data-complete=\"true\" data-sae=\"\"><span class=\"T286Pc\" data-sfc-cp=\"\" data-complete=\"true\" aria-owns=\"action-menu-parent-container\"><strong class=\"Yjhzub\" data-complete=\"true\">Sizes<\/strong>\u00a0: Elle est disponible dans un \u00e9ventail massif, allant de\u00a0<strong class=\"Yjhzub\" data-complete=\"true\">XXS \u00e0 5XL<\/strong>, pour s&rsquo;adapter \u00e0 toutes les carrures.<\/span><\/li>\n<\/ul>\n<p><img decoding=\"async\" class=\"alignnone wp-image-40620\" src=\"https:\/\/autravail.ca\/wp-content\/uploads\/2025\/09\/Jachete-quebec-et-canada.jpg\" alt=\"Logo de l'achat local\" width=\"162\" height=\"139\" \/>Merci d&rsquo;encourager une entreprise 100% d&rsquo;ici!<\/p>\n<p>TS2602H<\/p>\n<\/div>","protected":false},"excerpt":{"rendered":"<p>Salopette d&rsquo;hiver &#8211; 89-2502REF Salopette d&rsquo;hiver &#8211; 89-2502REF de Ganka, est la r\u00e9f\u00e9rence ultime pour les travailleurs qui ne peuvent pas s&rsquo;arr\u00eater, m\u00eame quand le thermom\u00e8tre descend \u00e0 -60 \u00b0C. C&rsquo;est le \u00ab\u00a0tank\u00a0\u00bb des pantalons d&rsquo;hiver : ultra-robuste, chaud et s\u00e9curitaire. C&rsquo;est l&rsquo;investissement parfait si vous passez vos journ\u00e9es sur des chantiers de voirie, de [&hellip;]<\/p>","protected":false},"featured_media":44190,"comment_status":"open","ping_status":"closed","template":"","meta":[],"product_cat":[711,602,605,604],"product_tag":[242,291],"class_list":{"0":"post-30013","1":"product","2":"type-product","3":"status-publish","4":"has-post-thumbnail","6":"product_brand-ganka","7":"product_cat-ganka","8":"product_cat-hommes","9":"product_cat-salopettes","10":"product_cat-vetements-de-travail","11":"product_tag-homme","12":"product_tag-vetements-haute-visibilite","14":"first","15":"instock","16":"taxable","17":"shipping-taxable","18":"purchasable","19":"product-type-variable"},"yoast_head":"<!-- This site is optimized with the Yoast SEO plugin v25.3.1 - https:\/\/yoast.com\/wordpress\/plugins\/seo\/ -->\n<title>Salopette d&#039;hiver - 89-2502REF - Le Magasin Industriel<\/title>\n<meta name=\"description\" content=\"Salopette d&#039;hiver - 89-2502REF, est un pantalon haute performance, sp\u00e9cifiquement con\u00e7u pour les travailleurs de l\u2019industrie\" \/>\n<meta name=\"robots\" content=\"index, follow, max-snippet:-1, max-image-preview:large, max-video-preview:-1\" \/>\n<link rel=\"canonical\" href=\"https:\/\/autravail.ca\/en\/product\/salopette-dhiver-89-2502ref\/\" \/>\n<meta property=\"og:locale\" content=\"en_US\" \/>\n<meta property=\"og:type\" content=\"article\" \/>\n<meta property=\"og:title\" content=\"Salopette d&#039;hiver - 89-2502REF - Le Magasin Industriel\" \/>\n<meta property=\"og:description\" content=\"Salopette d&#039;hiver - 89-2502REF, est un pantalon haute performance, sp\u00e9cifiquement con\u00e7u pour les travailleurs de l\u2019industrie\" \/>\n<meta property=\"og:url\" content=\"https:\/\/autravail.ca\/en\/product\/salopette-dhiver-89-2502ref\/\" \/>\n<meta property=\"og:site_name\" content=\"Le Magasin Industriel\" \/>\n<meta property=\"article:publisher\" content=\"https:\/\/www.facebook.com\/lemagasinindustriel\/?locale=fr_FR\" \/>\n<meta property=\"article:modified_time\" content=\"2026-02-11T22:19:39+00:00\" \/>\n<meta property=\"og:image\" content=\"https:\/\/autravail.ca\/wp-content\/uploads\/2025\/05\/89-2502REF_BK_A01.jpg\" \/>\n\t<meta property=\"og:image:width\" content=\"1000\" \/>\n\t<meta property=\"og:image:height\" content=\"1000\" \/>\n\t<meta property=\"og:image:type\" content=\"image\/jpeg\" \/>\n<meta name=\"twitter:card\" content=\"summary_large_image\" \/>\n<meta name=\"twitter:label1\" content=\"Est. reading time\" \/>\n\t<meta name=\"twitter:data1\" content=\"2 minutes\" \/>\n<script type=\"application\/ld+json\" class=\"yoast-schema-graph\">{\"@context\":\"https:\/\/schema.org\",\"@graph\":[{\"@type\":\"WebPage\",\"@id\":\"https:\/\/autravail.ca\/product\/salopette-dhiver-89-2502ref\/\",\"url\":\"https:\/\/autravail.ca\/product\/salopette-dhiver-89-2502ref\/\",\"name\":\"Salopette d'hiver - 89-2502REF - Le Magasin Industriel\",\"isPartOf\":{\"@id\":\"https:\/\/autravail.ca\/#website\"},\"primaryImageOfPage\":{\"@id\":\"https:\/\/autravail.ca\/product\/salopette-dhiver-89-2502ref\/#primaryimage\"},\"image\":{\"@id\":\"https:\/\/autravail.ca\/product\/salopette-dhiver-89-2502ref\/#primaryimage\"},\"thumbnailUrl\":\"https:\/\/autravail.ca\/wp-content\/uploads\/2025\/05\/89-2502REF_BK_A01.jpg\",\"datePublished\":\"2025-05-08T06:37:24+00:00\",\"dateModified\":\"2026-02-11T22:19:39+00:00\",\"description\":\"Salopette d'hiver - 89-2502REF, est un pantalon haute performance, sp\u00e9cifiquement con\u00e7u pour les travailleurs de l\u2019industrie\",\"breadcrumb\":{\"@id\":\"https:\/\/autravail.ca\/product\/salopette-dhiver-89-2502ref\/#breadcrumb\"},\"inLanguage\":\"en-CA\",\"potentialAction\":[{\"@type\":\"ReadAction\",\"target\":[\"https:\/\/autravail.ca\/product\/salopette-dhiver-89-2502ref\/\"]}]},{\"@type\":\"ImageObject\",\"inLanguage\":\"en-CA\",\"@id\":\"https:\/\/autravail.ca\/product\/salopette-dhiver-89-2502ref\/#primaryimage\",\"url\":\"https:\/\/autravail.ca\/wp-content\/uploads\/2025\/05\/89-2502REF_BK_A01.jpg\",\"contentUrl\":\"https:\/\/autravail.ca\/wp-content\/uploads\/2025\/05\/89-2502REF_BK_A01.jpg\",\"width\":1000,\"height\":1000},{\"@type\":\"BreadcrumbList\",\"@id\":\"https:\/\/autravail.ca\/product\/salopette-dhiver-89-2502ref\/#breadcrumb\",\"itemListElement\":[{\"@type\":\"ListItem\",\"position\":1,\"name\":\"Accueil\",\"item\":\"https:\/\/autravail.ca\/\"},{\"@type\":\"ListItem\",\"position\":2,\"name\":\"Magasin\",\"item\":\"https:\/\/autravail.ca\/en\/shop\/\"},{\"@type\":\"ListItem\",\"position\":3,\"name\":\"Salopette d&rsquo;hiver &#8211; 89-2502REF\"}]},{\"@type\":\"WebSite\",\"@id\":\"https:\/\/autravail.ca\/#website\",\"url\":\"https:\/\/autravail.ca\/\",\"name\":\"Le Magasin Industriel\",\"description\":\"50 ans de tradition de s\u00e9curit\u00e9 au travail\",\"publisher\":{\"@id\":\"https:\/\/autravail.ca\/#organization\"},\"potentialAction\":[{\"@type\":\"SearchAction\",\"target\":{\"@type\":\"EntryPoint\",\"urlTemplate\":\"https:\/\/autravail.ca\/?s={search_term_string}\"},\"query-input\":{\"@type\":\"PropertyValueSpecification\",\"valueRequired\":true,\"valueName\":\"search_term_string\"}}],\"inLanguage\":\"en-CA\"},{\"@type\":\"Organization\",\"@id\":\"https:\/\/autravail.ca\/#organization\",\"name\":\"Le Magasin Industriel\",\"url\":\"https:\/\/autravail.ca\/\",\"logo\":{\"@type\":\"ImageObject\",\"inLanguage\":\"en-CA\",\"@id\":\"https:\/\/autravail.ca\/#\/schema\/logo\/image\/\",\"url\":\"https:\/\/autravail.ca\/wp-content\/uploads\/2025\/05\/cropped-magasin_industriel_120x.avif\",\"contentUrl\":\"https:\/\/autravail.ca\/wp-content\/uploads\/2025\/05\/cropped-magasin_industriel_120x.avif\",\"width\":120,\"height\":24,\"caption\":\"Le Magasin Industriel\"},\"image\":{\"@id\":\"https:\/\/autravail.ca\/#\/schema\/logo\/image\/\"},\"sameAs\":[\"https:\/\/www.facebook.com\/lemagasinindustriel\/?locale=fr_FR\"]}]}<\/script>\n<!-- \/ Yoast SEO plugin. -->","yoast_head_json":{"title":"Salopette d'hiver - 89-2502REF - Le Magasin Industriel","description":"Salopette d'hiver - 89-2502REF, est un pantalon haute performance, sp\u00e9cifiquement con\u00e7u pour les travailleurs de l\u2019industrie","robots":{"index":"index","follow":"follow","max-snippet":"max-snippet:-1","max-image-preview":"max-image-preview:large","max-video-preview":"max-video-preview:-1"},"canonical":"https:\/\/autravail.ca\/en\/product\/salopette-dhiver-89-2502ref\/","og_locale":"en_US","og_type":"article","og_title":"Salopette d'hiver - 89-2502REF - Le Magasin Industriel","og_description":"Salopette d'hiver - 89-2502REF, est un pantalon haute performance, sp\u00e9cifiquement con\u00e7u pour les travailleurs de l\u2019industrie","og_url":"https:\/\/autravail.ca\/en\/product\/salopette-dhiver-89-2502ref\/","og_site_name":"Le Magasin Industriel","article_publisher":"https:\/\/www.facebook.com\/lemagasinindustriel\/?locale=fr_FR","article_modified_time":"2026-02-11T22:19:39+00:00","og_image":[{"width":1000,"height":1000,"url":"https:\/\/autravail.ca\/wp-content\/uploads\/2025\/05\/89-2502REF_BK_A01.jpg","type":"image\/jpeg"}],"twitter_card":"summary_large_image","twitter_misc":{"Est. reading time":"2 minutes"},"schema":{"@context":"https:\/\/schema.org","@graph":[{"@type":"WebPage","@id":"https:\/\/autravail.ca\/product\/salopette-dhiver-89-2502ref\/","url":"https:\/\/autravail.ca\/product\/salopette-dhiver-89-2502ref\/","name":"Salopette d'hiver - 89-2502REF - Le Magasin Industriel","isPartOf":{"@id":"https:\/\/autravail.ca\/#website"},"primaryImageOfPage":{"@id":"https:\/\/autravail.ca\/product\/salopette-dhiver-89-2502ref\/#primaryimage"},"image":{"@id":"https:\/\/autravail.ca\/product\/salopette-dhiver-89-2502ref\/#primaryimage"},"thumbnailUrl":"https:\/\/autravail.ca\/wp-content\/uploads\/2025\/05\/89-2502REF_BK_A01.jpg","datePublished":"2025-05-08T06:37:24+00:00","dateModified":"2026-02-11T22:19:39+00:00","description":"Salopette d'hiver - 89-2502REF, est un pantalon haute performance, sp\u00e9cifiquement con\u00e7u pour les travailleurs de l\u2019industrie","breadcrumb":{"@id":"https:\/\/autravail.ca\/product\/salopette-dhiver-89-2502ref\/#breadcrumb"},"inLanguage":"en-CA","potentialAction":[{"@type":"ReadAction","target":["https:\/\/autravail.ca\/product\/salopette-dhiver-89-2502ref\/"]}]},{"@type":"ImageObject","inLanguage":"en-CA","@id":"https:\/\/autravail.ca\/product\/salopette-dhiver-89-2502ref\/#primaryimage","url":"https:\/\/autravail.ca\/wp-content\/uploads\/2025\/05\/89-2502REF_BK_A01.jpg","contentUrl":"https:\/\/autravail.ca\/wp-content\/uploads\/2025\/05\/89-2502REF_BK_A01.jpg","width":1000,"height":1000},{"@type":"BreadcrumbList","@id":"https:\/\/autravail.ca\/product\/salopette-dhiver-89-2502ref\/#breadcrumb","itemListElement":[{"@type":"ListItem","position":1,"name":"Accueil","item":"https:\/\/autravail.ca\/"},{"@type":"ListItem","position":2,"name":"Magasin","item":"https:\/\/autravail.ca\/en\/shop\/"},{"@type":"ListItem","position":3,"name":"Salopette d&rsquo;hiver &#8211; 89-2502REF"}]},{"@type":"WebSite","@id":"https:\/\/autravail.ca\/#website","url":"https:\/\/autravail.ca\/","name":"Le Magasin Industriel","description":"50 ans de tradition de s\u00e9curit\u00e9 au travail","publisher":{"@id":"https:\/\/autravail.ca\/#organization"},"potentialAction":[{"@type":"SearchAction","target":{"@type":"EntryPoint","urlTemplate":"https:\/\/autravail.ca\/?s={search_term_string}"},"query-input":{"@type":"PropertyValueSpecification","valueRequired":true,"valueName":"search_term_string"}}],"inLanguage":"en-CA"},{"@type":"Organization","@id":"https:\/\/autravail.ca\/#organization","name":"Le Magasin Industriel","url":"https:\/\/autravail.ca\/","logo":{"@type":"ImageObject","inLanguage":"en-CA","@id":"https:\/\/autravail.ca\/#\/schema\/logo\/image\/","url":"https:\/\/autravail.ca\/wp-content\/uploads\/2025\/05\/cropped-magasin_industriel_120x.avif","contentUrl":"https:\/\/autravail.ca\/wp-content\/uploads\/2025\/05\/cropped-magasin_industriel_120x.avif","width":120,"height":24,"caption":"Le Magasin Industriel"},"image":{"@id":"https:\/\/autravail.ca\/#\/schema\/logo\/image\/"},"sameAs":["https:\/\/www.facebook.com\/lemagasinindustriel\/?locale=fr_FR"]}]}},"jetpack_sharing_enabled":true,"_links":{"self":[{"href":"https:\/\/autravail.ca\/en\/wp-json\/wp\/v2\/product\/30013","targetHints":{"allow":["GET"]}}],"collection":[{"href":"https:\/\/autravail.ca\/en\/wp-json\/wp\/v2\/product"}],"about":[{"href":"https:\/\/autravail.ca\/en\/wp-json\/wp\/v2\/types\/product"}],"replies":[{"embeddable":true,"href":"https:\/\/autravail.ca\/en\/wp-json\/wp\/v2\/comments?post=30013"}],"wp:featuredmedia":[{"embeddable":true,"href":"https:\/\/autravail.ca\/en\/wp-json\/wp\/v2\/media\/44190"}],"wp:attachment":[{"href":"https:\/\/autravail.ca\/en\/wp-json\/wp\/v2\/media?parent=30013"}],"wp:term":[{"taxonomy":"product_cat","embeddable":true,"href":"https:\/\/autravail.ca\/en\/wp-json\/wp\/v2\/product_cat?post=30013"},{"taxonomy":"product_tag","embeddable":true,"href":"https:\/\/autravail.ca\/en\/wp-json\/wp\/v2\/product_tag?post=30013"}],"curies":[{"name":"wp","href":"https:\/\/api.w.org\/{rel}","templated":true}]}}