{"id":29986,"date":"2025-05-08T06:37:12","date_gmt":"2025-05-08T06:37:12","guid":{"rendered":"https:\/\/meteoquebec.ca\/?post_type=product&#038;p=29986"},"modified":"2026-02-16T18:16:50","modified_gmt":"2026-02-16T22:16:50","slug":"salopette-dhiver-89-2502en","status":"publish","type":"product","link":"https:\/\/autravail.ca\/en\/product\/salopette-dhiver-89-2502en\/","title":{"rendered":"Salopette d&rsquo;hiver &#8211; 89-2502EN"},"content":{"rendered":"<h3>Salopette d&rsquo;hiver &#8211; 89-2502EN<\/h3>\n<p>Salopette d&rsquo;hiver &#8211; 89-2502EN de <a href=\"https:\/\/autravail.ca\/en\/product-brand\/ganka\/\">Ganka<\/a> est le pantalon de travail assorti au manteau de la s\u00e9rie Endura 600 deniers, con\u00e7u pour offrir une protection thermique extr\u00eame sans bandes r\u00e9fl\u00e9chissantes.<\/p>\n<h6 class=\"otQkpb\" role=\"heading\" aria-level=\"3\" data-complete=\"true\" data-processed=\"true\">Caract\u00e9ristiques techniques<\/h6>\n<div class=\"Y3BBE\" data-sfc-cp=\"\" data-hveid=\"CAEIBBAA\" data-complete=\"true\" data-processed=\"true\">Selon les sp\u00e9cifications du fabricant\u00a0<strong class=\"Yjhzub\" data-complete=\"true\" data-processed=\"true\">Ganka Inc.<\/strong>, cette salopette est b\u00e2tie pour la durabilit\u00e9 et le confort dans le grand froid :<\/div>\n<ul class=\"KsbFXc U6u95\" data-complete=\"true\" data-processed=\"true\">\n<li data-hveid=\"CAEIBRAA\" data-complete=\"true\" data-sae=\"\"><span class=\"T286Pc\" data-sfc-cp=\"\" data-complete=\"true\">Ext\u00e9rieur en nylon <strong class=\"Yjhzub\" data-complete=\"true\">Endura 600 deniers<\/strong>\u00a0avec rev\u00eatement PU pour une r\u00e9sistance accrue \u00e0 l&rsquo;abrasion et aux d\u00e9chirures.<\/span><\/li>\n<li data-hveid=\"CAEIBRAB\" data-complete=\"true\" data-sae=\"\"><span class=\"T286Pc\" data-sfc-cp=\"\" data-complete=\"true\">Doubl\u00e9e avec l&rsquo;isolant <strong class=\"Yjhzub\" data-complete=\"true\">Heatlocker<\/strong>\u00a0et une finition int\u00e9rieure en nylon et\u00a0<strong class=\"Yjhzub\" data-complete=\"true\">polar piqu\u00e9<\/strong>.<\/span><\/li>\n<li data-hveid=\"CAEIBRAC\" data-complete=\"true\" data-sae=\"\"><span class=\"T286Pc\" data-sfc-cp=\"\" data-complete=\"true\">Class\u00e9e pour des temp\u00e9ratures allant jusqu&rsquo;\u00e0 <strong class=\"Yjhzub\" data-complete=\"true\">-40 \u00b0C<\/strong>, bien que certaines fiches techniques indiquent une performance jusqu&rsquo;\u00e0\u00a0<strong class=\"Yjhzub\" data-complete=\"true\">-60 \u00b0C<\/strong>\u00a0en conditions actives.<\/span><\/li>\n<li data-hveid=\"CAEIBRAD\" data-complete=\"true\" data-sae=\"\"><span class=\"T286Pc\" data-sfc-cp=\"\" data-complete=\"true\">\u00c9quip\u00e9e de fermetures \u00e0 glissi\u00e8re <strong class=\"Yjhzub\" data-complete=\"true\">YKK<\/strong>\u00a0robustes au centre et sur le c\u00f4t\u00e9 des jambes pour faciliter l&rsquo;enfilage avec des bottes.<\/span><\/li>\n<li data-hveid=\"CAEIBRAE\" data-complete=\"true\" data-sae=\"\"><span class=\"T286Pc\" data-sfc-cp=\"\" data-complete=\"true\" aria-owns=\"action-menu-parent-container\">Toutes les coutures sont scell\u00e9es pour emp\u00eacher l&rsquo;infiltration d&rsquo;eau et de neige.<\/span><\/li>\n<li data-hveid=\"CAEIBRAE\" data-complete=\"true\" data-sae=\"\">La bavette remonte haut sur le torse pour assurer une protection continue contre les courants d&rsquo;air, m\u00eame lorsque vous vous penchez.<\/li>\n<li data-hveid=\"CAEIBRAE\" data-complete=\"true\" data-sae=\"\">Les bretelles sont munie de bretelles \u00e9lastiques ajustables pour un maintien stable durant l&rsquo;effort.<\/li>\n<\/ul>\n<p>Cette salopette est disponible chez les d\u00e9taillants de v\u00eatements de travail sp\u00e9cialis\u00e9s.<\/p>\n<p><img decoding=\"async\" class=\"alignnone wp-image-40620\" src=\"https:\/\/autravail.ca\/wp-content\/uploads\/2025\/09\/Jachete-quebec-et-canada.jpg\" alt=\"Logo de l'achat local\" width=\"162\" height=\"139\" \/>Merci d&rsquo;encourager une entreprise 100% d&rsquo;ici!<\/p>\n<p>TS2601H<\/p>\n<p>&nbsp;<\/p>","protected":false},"excerpt":{"rendered":"<p>Salopette d&rsquo;hiver &#8211; 89-2502EN Salopette d&rsquo;hiver &#8211; 89-2502EN de Ganka est le pantalon de travail assorti au manteau de la s\u00e9rie Endura 600 deniers, con\u00e7u pour offrir une protection thermique extr\u00eame sans bandes r\u00e9fl\u00e9chissantes. Caract\u00e9ristiques techniques Selon les sp\u00e9cifications du fabricant\u00a0Ganka Inc., cette salopette est b\u00e2tie pour la durabilit\u00e9 et le confort dans le grand [&hellip;]<\/p>","protected":false},"featured_media":44185,"comment_status":"open","ping_status":"closed","template":"","meta":[],"product_cat":[711,602,605,604],"product_tag":[242,243],"class_list":{"0":"post-29986","1":"product","2":"type-product","3":"status-publish","4":"has-post-thumbnail","6":"product_brand-ganka","7":"product_cat-ganka","8":"product_cat-hommes","9":"product_cat-salopettes","10":"product_cat-vetements-de-travail","11":"product_tag-homme","12":"product_tag-pantalons","14":"first","15":"instock","16":"taxable","17":"shipping-taxable","18":"purchasable","19":"product-type-variable"},"yoast_head":"<!-- This site is optimized with the Yoast SEO plugin v25.3.1 - https:\/\/yoast.com\/wordpress\/plugins\/seo\/ -->\n<title>Salopette d&#039;hiver - 89-2502EN - Le Magasin Industriel<\/title>\n<meta name=\"description\" content=\"Salopette d&#039;hiver - 89-2502EN est le pantalon de travail con\u00e7u pour offrir une protection thermique extr\u00eame sans bandes r\u00e9fl\u00e9chissantes.\" \/>\n<meta name=\"robots\" content=\"index, follow, max-snippet:-1, max-image-preview:large, max-video-preview:-1\" \/>\n<link rel=\"canonical\" href=\"https:\/\/autravail.ca\/en\/product\/salopette-dhiver-89-2502en\/\" \/>\n<meta property=\"og:locale\" content=\"en_US\" \/>\n<meta property=\"og:type\" content=\"article\" \/>\n<meta property=\"og:title\" content=\"Salopette d&#039;hiver - 89-2502EN - Le Magasin Industriel\" \/>\n<meta property=\"og:description\" content=\"Salopette d&#039;hiver - 89-2502EN est le pantalon de travail con\u00e7u pour offrir une protection thermique extr\u00eame sans bandes r\u00e9fl\u00e9chissantes.\" \/>\n<meta property=\"og:url\" content=\"https:\/\/autravail.ca\/en\/product\/salopette-dhiver-89-2502en\/\" \/>\n<meta property=\"og:site_name\" content=\"Le Magasin Industriel\" \/>\n<meta property=\"article:publisher\" content=\"https:\/\/www.facebook.com\/lemagasinindustriel\/?locale=fr_FR\" \/>\n<meta property=\"article:modified_time\" content=\"2026-02-16T22:16:50+00:00\" \/>\n<meta property=\"og:image\" content=\"https:\/\/autravail.ca\/wp-content\/uploads\/2025\/05\/89-2502EN_BK_A01.jpg\" \/>\n\t<meta property=\"og:image:width\" content=\"1000\" \/>\n\t<meta property=\"og:image:height\" content=\"1000\" \/>\n\t<meta property=\"og:image:type\" content=\"image\/jpeg\" \/>\n<meta name=\"twitter:card\" content=\"summary_large_image\" \/>\n<meta name=\"twitter:label1\" content=\"Est. reading time\" \/>\n\t<meta name=\"twitter:data1\" content=\"2 minutes\" \/>\n<script type=\"application\/ld+json\" class=\"yoast-schema-graph\">{\"@context\":\"https:\/\/schema.org\",\"@graph\":[{\"@type\":\"WebPage\",\"@id\":\"https:\/\/autravail.ca\/product\/salopette-dhiver-89-2502en\/\",\"url\":\"https:\/\/autravail.ca\/product\/salopette-dhiver-89-2502en\/\",\"name\":\"Salopette d'hiver - 89-2502EN - Le Magasin Industriel\",\"isPartOf\":{\"@id\":\"https:\/\/autravail.ca\/#website\"},\"primaryImageOfPage\":{\"@id\":\"https:\/\/autravail.ca\/product\/salopette-dhiver-89-2502en\/#primaryimage\"},\"image\":{\"@id\":\"https:\/\/autravail.ca\/product\/salopette-dhiver-89-2502en\/#primaryimage\"},\"thumbnailUrl\":\"https:\/\/autravail.ca\/wp-content\/uploads\/2025\/05\/89-2502EN_BK_A01.jpg\",\"datePublished\":\"2025-05-08T06:37:12+00:00\",\"dateModified\":\"2026-02-16T22:16:50+00:00\",\"description\":\"Salopette d'hiver - 89-2502EN est le pantalon de travail con\u00e7u pour offrir une protection thermique extr\u00eame sans bandes r\u00e9fl\u00e9chissantes.\",\"breadcrumb\":{\"@id\":\"https:\/\/autravail.ca\/product\/salopette-dhiver-89-2502en\/#breadcrumb\"},\"inLanguage\":\"en-CA\",\"potentialAction\":[{\"@type\":\"ReadAction\",\"target\":[\"https:\/\/autravail.ca\/product\/salopette-dhiver-89-2502en\/\"]}]},{\"@type\":\"ImageObject\",\"inLanguage\":\"en-CA\",\"@id\":\"https:\/\/autravail.ca\/product\/salopette-dhiver-89-2502en\/#primaryimage\",\"url\":\"https:\/\/autravail.ca\/wp-content\/uploads\/2025\/05\/89-2502EN_BK_A01.jpg\",\"contentUrl\":\"https:\/\/autravail.ca\/wp-content\/uploads\/2025\/05\/89-2502EN_BK_A01.jpg\",\"width\":1000,\"height\":1000},{\"@type\":\"BreadcrumbList\",\"@id\":\"https:\/\/autravail.ca\/product\/salopette-dhiver-89-2502en\/#breadcrumb\",\"itemListElement\":[{\"@type\":\"ListItem\",\"position\":1,\"name\":\"Accueil\",\"item\":\"https:\/\/autravail.ca\/\"},{\"@type\":\"ListItem\",\"position\":2,\"name\":\"Magasin\",\"item\":\"https:\/\/autravail.ca\/en\/shop\/\"},{\"@type\":\"ListItem\",\"position\":3,\"name\":\"Salopette d&rsquo;hiver &#8211; 89-2502EN\"}]},{\"@type\":\"WebSite\",\"@id\":\"https:\/\/autravail.ca\/#website\",\"url\":\"https:\/\/autravail.ca\/\",\"name\":\"Le Magasin Industriel\",\"description\":\"50 ans de tradition de s\u00e9curit\u00e9 au travail\",\"publisher\":{\"@id\":\"https:\/\/autravail.ca\/#organization\"},\"potentialAction\":[{\"@type\":\"SearchAction\",\"target\":{\"@type\":\"EntryPoint\",\"urlTemplate\":\"https:\/\/autravail.ca\/?s={search_term_string}\"},\"query-input\":{\"@type\":\"PropertyValueSpecification\",\"valueRequired\":true,\"valueName\":\"search_term_string\"}}],\"inLanguage\":\"en-CA\"},{\"@type\":\"Organization\",\"@id\":\"https:\/\/autravail.ca\/#organization\",\"name\":\"Le Magasin Industriel\",\"url\":\"https:\/\/autravail.ca\/\",\"logo\":{\"@type\":\"ImageObject\",\"inLanguage\":\"en-CA\",\"@id\":\"https:\/\/autravail.ca\/#\/schema\/logo\/image\/\",\"url\":\"https:\/\/autravail.ca\/wp-content\/uploads\/2025\/05\/cropped-magasin_industriel_120x.avif\",\"contentUrl\":\"https:\/\/autravail.ca\/wp-content\/uploads\/2025\/05\/cropped-magasin_industriel_120x.avif\",\"width\":120,\"height\":24,\"caption\":\"Le Magasin Industriel\"},\"image\":{\"@id\":\"https:\/\/autravail.ca\/#\/schema\/logo\/image\/\"},\"sameAs\":[\"https:\/\/www.facebook.com\/lemagasinindustriel\/?locale=fr_FR\"]}]}<\/script>\n<!-- \/ Yoast SEO plugin. -->","yoast_head_json":{"title":"Salopette d'hiver - 89-2502EN - Le Magasin Industriel","description":"Salopette d'hiver - 89-2502EN est le pantalon de travail con\u00e7u pour offrir une protection thermique extr\u00eame sans bandes r\u00e9fl\u00e9chissantes.","robots":{"index":"index","follow":"follow","max-snippet":"max-snippet:-1","max-image-preview":"max-image-preview:large","max-video-preview":"max-video-preview:-1"},"canonical":"https:\/\/autravail.ca\/en\/product\/salopette-dhiver-89-2502en\/","og_locale":"en_US","og_type":"article","og_title":"Salopette d'hiver - 89-2502EN - Le Magasin Industriel","og_description":"Salopette d'hiver - 89-2502EN est le pantalon de travail con\u00e7u pour offrir une protection thermique extr\u00eame sans bandes r\u00e9fl\u00e9chissantes.","og_url":"https:\/\/autravail.ca\/en\/product\/salopette-dhiver-89-2502en\/","og_site_name":"Le Magasin Industriel","article_publisher":"https:\/\/www.facebook.com\/lemagasinindustriel\/?locale=fr_FR","article_modified_time":"2026-02-16T22:16:50+00:00","og_image":[{"width":1000,"height":1000,"url":"https:\/\/autravail.ca\/wp-content\/uploads\/2025\/05\/89-2502EN_BK_A01.jpg","type":"image\/jpeg"}],"twitter_card":"summary_large_image","twitter_misc":{"Est. reading time":"2 minutes"},"schema":{"@context":"https:\/\/schema.org","@graph":[{"@type":"WebPage","@id":"https:\/\/autravail.ca\/product\/salopette-dhiver-89-2502en\/","url":"https:\/\/autravail.ca\/product\/salopette-dhiver-89-2502en\/","name":"Salopette d'hiver - 89-2502EN - Le Magasin Industriel","isPartOf":{"@id":"https:\/\/autravail.ca\/#website"},"primaryImageOfPage":{"@id":"https:\/\/autravail.ca\/product\/salopette-dhiver-89-2502en\/#primaryimage"},"image":{"@id":"https:\/\/autravail.ca\/product\/salopette-dhiver-89-2502en\/#primaryimage"},"thumbnailUrl":"https:\/\/autravail.ca\/wp-content\/uploads\/2025\/05\/89-2502EN_BK_A01.jpg","datePublished":"2025-05-08T06:37:12+00:00","dateModified":"2026-02-16T22:16:50+00:00","description":"Salopette d'hiver - 89-2502EN est le pantalon de travail con\u00e7u pour offrir une protection thermique extr\u00eame sans bandes r\u00e9fl\u00e9chissantes.","breadcrumb":{"@id":"https:\/\/autravail.ca\/product\/salopette-dhiver-89-2502en\/#breadcrumb"},"inLanguage":"en-CA","potentialAction":[{"@type":"ReadAction","target":["https:\/\/autravail.ca\/product\/salopette-dhiver-89-2502en\/"]}]},{"@type":"ImageObject","inLanguage":"en-CA","@id":"https:\/\/autravail.ca\/product\/salopette-dhiver-89-2502en\/#primaryimage","url":"https:\/\/autravail.ca\/wp-content\/uploads\/2025\/05\/89-2502EN_BK_A01.jpg","contentUrl":"https:\/\/autravail.ca\/wp-content\/uploads\/2025\/05\/89-2502EN_BK_A01.jpg","width":1000,"height":1000},{"@type":"BreadcrumbList","@id":"https:\/\/autravail.ca\/product\/salopette-dhiver-89-2502en\/#breadcrumb","itemListElement":[{"@type":"ListItem","position":1,"name":"Accueil","item":"https:\/\/autravail.ca\/"},{"@type":"ListItem","position":2,"name":"Magasin","item":"https:\/\/autravail.ca\/en\/shop\/"},{"@type":"ListItem","position":3,"name":"Salopette d&rsquo;hiver &#8211; 89-2502EN"}]},{"@type":"WebSite","@id":"https:\/\/autravail.ca\/#website","url":"https:\/\/autravail.ca\/","name":"Le Magasin Industriel","description":"50 ans de tradition de s\u00e9curit\u00e9 au travail","publisher":{"@id":"https:\/\/autravail.ca\/#organization"},"potentialAction":[{"@type":"SearchAction","target":{"@type":"EntryPoint","urlTemplate":"https:\/\/autravail.ca\/?s={search_term_string}"},"query-input":{"@type":"PropertyValueSpecification","valueRequired":true,"valueName":"search_term_string"}}],"inLanguage":"en-CA"},{"@type":"Organization","@id":"https:\/\/autravail.ca\/#organization","name":"Le Magasin Industriel","url":"https:\/\/autravail.ca\/","logo":{"@type":"ImageObject","inLanguage":"en-CA","@id":"https:\/\/autravail.ca\/#\/schema\/logo\/image\/","url":"https:\/\/autravail.ca\/wp-content\/uploads\/2025\/05\/cropped-magasin_industriel_120x.avif","contentUrl":"https:\/\/autravail.ca\/wp-content\/uploads\/2025\/05\/cropped-magasin_industriel_120x.avif","width":120,"height":24,"caption":"Le Magasin Industriel"},"image":{"@id":"https:\/\/autravail.ca\/#\/schema\/logo\/image\/"},"sameAs":["https:\/\/www.facebook.com\/lemagasinindustriel\/?locale=fr_FR"]}]}},"jetpack_sharing_enabled":true,"_links":{"self":[{"href":"https:\/\/autravail.ca\/en\/wp-json\/wp\/v2\/product\/29986","targetHints":{"allow":["GET"]}}],"collection":[{"href":"https:\/\/autravail.ca\/en\/wp-json\/wp\/v2\/product"}],"about":[{"href":"https:\/\/autravail.ca\/en\/wp-json\/wp\/v2\/types\/product"}],"replies":[{"embeddable":true,"href":"https:\/\/autravail.ca\/en\/wp-json\/wp\/v2\/comments?post=29986"}],"wp:featuredmedia":[{"embeddable":true,"href":"https:\/\/autravail.ca\/en\/wp-json\/wp\/v2\/media\/44185"}],"wp:attachment":[{"href":"https:\/\/autravail.ca\/en\/wp-json\/wp\/v2\/media?parent=29986"}],"wp:term":[{"taxonomy":"product_cat","embeddable":true,"href":"https:\/\/autravail.ca\/en\/wp-json\/wp\/v2\/product_cat?post=29986"},{"taxonomy":"product_tag","embeddable":true,"href":"https:\/\/autravail.ca\/en\/wp-json\/wp\/v2\/product_tag?post=29986"}],"curies":[{"name":"wp","href":"https:\/\/api.w.org\/{rel}","templated":true}]}}