{"id":29984,"date":"2025-05-08T06:37:12","date_gmt":"2025-05-08T06:37:12","guid":{"rendered":"https:\/\/meteoquebec.ca\/?post_type=product&#038;p=29984"},"modified":"2026-02-11T16:35:12","modified_gmt":"2026-02-11T20:35:12","slug":"manteau-dhiver-89-2501ref","status":"publish","type":"product","link":"https:\/\/autravail.ca\/en\/product\/manteau-dhiver-89-2501ref\/","title":{"rendered":"Manteau d&rsquo;hiver &#8211; 89-2501REF"},"content":{"rendered":"<h3>Manteau d&rsquo;hiver &#8211; 89-2501REF<\/h3>\n<p>Manteau d&rsquo;hiver <a href=\"https:\/\/autravail.ca\/en\/product-brand\/ganka\/\">Ganka<\/a> &#8211; 89-2501REF est un parka haute visibilit\u00e9 robuste con\u00e7u pour les conditions climatiques extr\u00eames, offrant une protection thermique allant jusqu&rsquo;\u00e0\u00a0<strong class=\"Yjhzub\" data-complete=\"true\" data-processed=\"true\">-60 \u00b0C<\/strong> [-76 \u00b0F]. Selon les informations de\u00a0<strong class=\"Yjhzub\" data-complete=\"true\" data-processed=\"true\">Ganka Inc.<\/strong>, ce mod\u00e8le est id\u00e9al pour les travailleurs qui recherchent un manteau imperm\u00e9able et chaud tout en respectant les normes de s\u00e9curit\u00e9 canadiennes rigoureuses.<\/p>\n<h6 class=\"otQkpb\" role=\"heading\" aria-level=\"3\" data-complete=\"true\" data-processed=\"true\">Caract\u00e9ristiques techniques<button class=\"rBl3me\" tabindex=\"0\" data-amic=\"true\" data-icl-uuid=\"96ec0549-8c99-42a6-bc72-d9312fc24cff\" aria-label=\"Afficher les liens associ\u00e9s\" data-wiz-attrbind=\"disabled=rsTDrc_m\/C5gNJc;aria-label=rsTDrc_m\/bOjMyf;class=rsTDrc_m\/UpSNec\" data-ved=\"2ahUKEwjYyPq5ntKSAxUjMVkFHe9AF00Qye0OegYIAQgDEAA\"><\/button><\/h6>\n<div class=\"Y3BBE\" data-sfc-cp=\"\" data-hveid=\"CAEIBBAA\" data-complete=\"true\" data-processed=\"true\">Ce mod\u00e8le de la gamme\u00a0<strong class=\"Yjhzub\" data-complete=\"true\" data-processed=\"true\">10\/4 Job<\/strong>\u00a0se distingue par sa durabilit\u00e9 et son imperm\u00e9abilit\u00e9 :<span class=\"uJ19be notranslate\" data-wiz-uids=\"rsTDrc_s,rsTDrc_t\" data-complete=\"true\" data-processed=\"true\"><span class=\"vKEkVd\" data-animation-atomic=\"\" data-wiz-attrbind=\"class=rsTDrc_r\/TKHnVd\" data-sae=\"\"><span aria-hidden=\"true\">\u00a0<\/span><button class=\"rBl3me\" tabindex=\"0\" data-amic=\"true\" data-icl-uuid=\"db4af74a-38bd-4c22-9559-a3db590de44b\" aria-label=\"Afficher les liens associ\u00e9s\" data-wiz-attrbind=\"disabled=rsTDrc_r\/C5gNJc;aria-label=rsTDrc_r\/bOjMyf;class=rsTDrc_r\/UpSNec\" data-ved=\"2ahUKEwjYyPq5ntKSAxUjMVkFHe9AF00Qye0OegYIAQgEEAE\"><\/button><\/span><\/span><\/div>\n<ul class=\"KsbFXc U6u95\" data-complete=\"true\" data-processed=\"true\">\n<li data-hveid=\"CAEIBRAA\" data-complete=\"true\" data-sae=\"\"><span class=\"T286Pc\" data-sfc-cp=\"\" data-complete=\"true\"><strong class=\"Yjhzub\" data-complete=\"true\">Mat\u00e9riau<\/strong>\u00a0: Fabriqu\u00e9 en nylon\u00a0<strong class=\"Yjhzub\" data-complete=\"true\">Endura 600 deniers<\/strong>\u00a0avec un rev\u00eatement PU et des coutures scell\u00e9es pour une imperm\u00e9abilit\u00e9 de\u00a0<strong class=\"Yjhzub\" data-complete=\"true\">3000 mm<\/strong>.<\/span><\/li>\n<li data-hveid=\"CAEIBRAB\" data-complete=\"true\" data-sae=\"\"><span class=\"T286Pc\" data-sfc-cp=\"\" data-complete=\"true\"><strong class=\"Yjhzub\" data-complete=\"true\">Isolation<\/strong>\u00a0: Utilise l&rsquo;isolant\u00a0<strong class=\"Yjhzub\" data-complete=\"true\">Heatlocker<\/strong>\u00a0combin\u00e9 \u00e0 une doublure en polar piqu\u00e9 pour une r\u00e9tention maximale de la chaleur.<\/span><\/li>\n<li data-hveid=\"CAEIBRAC\" data-complete=\"true\" data-sae=\"\"><span class=\"T286Pc\" data-sfc-cp=\"\" data-complete=\"true\"><strong class=\"Yjhzub\" data-complete=\"true\">Conception pratique<\/strong>\u00a0: \u00c9quip\u00e9 d&rsquo;une fermeture \u00e0 glissi\u00e8re centrale\u00a0<strong class=\"Yjhzub\" data-complete=\"true\">YKK<\/strong>, d&rsquo;un capuchon ajustable et d\u00e9tachable, et de poignets en tricot \u00e9lastique pour bloquer le vent.<\/span><\/li>\n<li data-hveid=\"CAEIBRAD\" data-complete=\"true\" data-sae=\"\"><span class=\"T286Pc\" data-sfc-cp=\"\" data-complete=\"true\" aria-owns=\"action-menu-parent-container\"><strong class=\"Yjhzub\" data-complete=\"true\">Visibilit\u00e9 et Normes<\/strong> : Ce manteau est explicitement certifi\u00e9\u00a0<strong class=\"Yjhzub\" data-complete=\"true\">CSA Z96<\/strong>\u00a0gr\u00e2ce \u00e0 ses bandes r\u00e9fl\u00e9chissantes de\u00a0<strong class=\"Yjhzub\" data-complete=\"true\">4 pouces<\/strong>.<\/span><\/li>\n<\/ul>\n<p>Le manteau est disponible en plusieurs couleurs, notamment\u00a0<strong class=\"Yjhzub\" data-complete=\"true\" data-processed=\"true\">black <\/strong>et\u00a0<strong class=\"Yjhzub\" data-complete=\"true\" data-processed=\"true\">orange<\/strong>.<\/p>\n<p><img decoding=\"async\" class=\"alignnone wp-image-40620\" src=\"https:\/\/autravail.ca\/wp-content\/uploads\/2025\/09\/Jachete-quebec-et-canada.jpg\" alt=\"Logo de l'achat local\" width=\"162\" height=\"139\" \/>Merci d&rsquo;encourager une entreprise 100% d&rsquo;ici!<\/p>\n<p>TS2602H<\/p>","protected":false},"excerpt":{"rendered":"<p>Manteau d&rsquo;hiver &#8211; 89-2501REF Manteau d&rsquo;hiver Ganka &#8211; 89-2501REF est un parka haute visibilit\u00e9 robuste con\u00e7u pour les conditions climatiques extr\u00eames, offrant une protection thermique allant jusqu&rsquo;\u00e0\u00a0-60 \u00b0C [-76 \u00b0F]. Selon les informations de\u00a0Ganka Inc., ce mod\u00e8le est id\u00e9al pour les travailleurs qui recherchent un manteau imperm\u00e9able et chaud tout en respectant les normes de [&hellip;]<\/p>","protected":false},"featured_media":44108,"comment_status":"open","ping_status":"closed","template":"","meta":[],"product_cat":[711,602,610,604],"product_tag":[242,250,291],"class_list":{"0":"post-29984","1":"product","2":"type-product","3":"status-publish","4":"has-post-thumbnail","6":"product_brand-ganka","7":"product_cat-ganka","8":"product_cat-hommes","9":"product_cat-manteaux","10":"product_cat-vetements-de-travail","11":"product_tag-homme","12":"product_tag-manteaux","13":"product_tag-vetements-haute-visibilite","15":"first","16":"instock","17":"taxable","18":"shipping-taxable","19":"purchasable","20":"product-type-variable"},"yoast_head":"<!-- This site is optimized with the Yoast SEO plugin v25.3.1 - https:\/\/yoast.com\/wordpress\/plugins\/seo\/ -->\n<title>Manteau d&#039;hiver - 89-2501REF - Le Magasin Industriel<\/title>\n<meta name=\"description\" content=\"Manteau d&#039;hiver - 89-2501REF, parka haute visibilit\u00e9 robuste con\u00e7u pour les conditions climatiques extr\u00eames jusqu&#039;\u00e0 -60\u00b0C\" \/>\n<meta name=\"robots\" content=\"index, follow, max-snippet:-1, max-image-preview:large, max-video-preview:-1\" \/>\n<link rel=\"canonical\" href=\"https:\/\/autravail.ca\/en\/product\/manteau-dhiver-89-2501ref\/\" \/>\n<meta property=\"og:locale\" content=\"en_US\" \/>\n<meta property=\"og:type\" content=\"article\" \/>\n<meta property=\"og:title\" content=\"Manteau d&#039;hiver - 89-2501REF - Le Magasin Industriel\" \/>\n<meta property=\"og:description\" content=\"Manteau d&#039;hiver - 89-2501REF, parka haute visibilit\u00e9 robuste con\u00e7u pour les conditions climatiques extr\u00eames jusqu&#039;\u00e0 -60\u00b0C\" \/>\n<meta property=\"og:url\" content=\"https:\/\/autravail.ca\/en\/product\/manteau-dhiver-89-2501ref\/\" \/>\n<meta property=\"og:site_name\" content=\"Le Magasin Industriel\" \/>\n<meta property=\"article:publisher\" content=\"https:\/\/www.facebook.com\/lemagasinindustriel\/?locale=fr_FR\" \/>\n<meta property=\"article:modified_time\" content=\"2026-02-11T20:35:12+00:00\" \/>\n<meta property=\"og:image\" content=\"https:\/\/autravail.ca\/wp-content\/uploads\/2025\/05\/89-2501REF_BK_A001.jpg\" \/>\n\t<meta property=\"og:image:width\" content=\"1000\" \/>\n\t<meta property=\"og:image:height\" content=\"1000\" \/>\n\t<meta property=\"og:image:type\" content=\"image\/jpeg\" \/>\n<meta name=\"twitter:card\" content=\"summary_large_image\" \/>\n<meta name=\"twitter:label1\" content=\"Est. reading time\" \/>\n\t<meta name=\"twitter:data1\" content=\"2 minutes\" \/>\n<script type=\"application\/ld+json\" class=\"yoast-schema-graph\">{\"@context\":\"https:\/\/schema.org\",\"@graph\":[{\"@type\":\"WebPage\",\"@id\":\"https:\/\/autravail.ca\/product\/manteau-dhiver-89-2501ref\/\",\"url\":\"https:\/\/autravail.ca\/product\/manteau-dhiver-89-2501ref\/\",\"name\":\"Manteau d'hiver - 89-2501REF - Le Magasin Industriel\",\"isPartOf\":{\"@id\":\"https:\/\/autravail.ca\/#website\"},\"primaryImageOfPage\":{\"@id\":\"https:\/\/autravail.ca\/product\/manteau-dhiver-89-2501ref\/#primaryimage\"},\"image\":{\"@id\":\"https:\/\/autravail.ca\/product\/manteau-dhiver-89-2501ref\/#primaryimage\"},\"thumbnailUrl\":\"https:\/\/autravail.ca\/wp-content\/uploads\/2025\/05\/89-2501REF_BK_A001.jpg\",\"datePublished\":\"2025-05-08T06:37:12+00:00\",\"dateModified\":\"2026-02-11T20:35:12+00:00\",\"description\":\"Manteau d'hiver - 89-2501REF, parka haute visibilit\u00e9 robuste con\u00e7u pour les conditions climatiques extr\u00eames jusqu'\u00e0 -60\u00b0C\",\"breadcrumb\":{\"@id\":\"https:\/\/autravail.ca\/product\/manteau-dhiver-89-2501ref\/#breadcrumb\"},\"inLanguage\":\"en-CA\",\"potentialAction\":[{\"@type\":\"ReadAction\",\"target\":[\"https:\/\/autravail.ca\/product\/manteau-dhiver-89-2501ref\/\"]}]},{\"@type\":\"ImageObject\",\"inLanguage\":\"en-CA\",\"@id\":\"https:\/\/autravail.ca\/product\/manteau-dhiver-89-2501ref\/#primaryimage\",\"url\":\"https:\/\/autravail.ca\/wp-content\/uploads\/2025\/05\/89-2501REF_BK_A001.jpg\",\"contentUrl\":\"https:\/\/autravail.ca\/wp-content\/uploads\/2025\/05\/89-2501REF_BK_A001.jpg\",\"width\":1000,\"height\":1000},{\"@type\":\"BreadcrumbList\",\"@id\":\"https:\/\/autravail.ca\/product\/manteau-dhiver-89-2501ref\/#breadcrumb\",\"itemListElement\":[{\"@type\":\"ListItem\",\"position\":1,\"name\":\"Accueil\",\"item\":\"https:\/\/autravail.ca\/\"},{\"@type\":\"ListItem\",\"position\":2,\"name\":\"Magasin\",\"item\":\"https:\/\/autravail.ca\/en\/shop\/\"},{\"@type\":\"ListItem\",\"position\":3,\"name\":\"Manteau d&rsquo;hiver &#8211; 89-2501REF\"}]},{\"@type\":\"WebSite\",\"@id\":\"https:\/\/autravail.ca\/#website\",\"url\":\"https:\/\/autravail.ca\/\",\"name\":\"Le Magasin Industriel\",\"description\":\"50 ans de tradition de s\u00e9curit\u00e9 au travail\",\"publisher\":{\"@id\":\"https:\/\/autravail.ca\/#organization\"},\"potentialAction\":[{\"@type\":\"SearchAction\",\"target\":{\"@type\":\"EntryPoint\",\"urlTemplate\":\"https:\/\/autravail.ca\/?s={search_term_string}\"},\"query-input\":{\"@type\":\"PropertyValueSpecification\",\"valueRequired\":true,\"valueName\":\"search_term_string\"}}],\"inLanguage\":\"en-CA\"},{\"@type\":\"Organization\",\"@id\":\"https:\/\/autravail.ca\/#organization\",\"name\":\"Le Magasin Industriel\",\"url\":\"https:\/\/autravail.ca\/\",\"logo\":{\"@type\":\"ImageObject\",\"inLanguage\":\"en-CA\",\"@id\":\"https:\/\/autravail.ca\/#\/schema\/logo\/image\/\",\"url\":\"https:\/\/autravail.ca\/wp-content\/uploads\/2025\/05\/cropped-magasin_industriel_120x.avif\",\"contentUrl\":\"https:\/\/autravail.ca\/wp-content\/uploads\/2025\/05\/cropped-magasin_industriel_120x.avif\",\"width\":120,\"height\":24,\"caption\":\"Le Magasin Industriel\"},\"image\":{\"@id\":\"https:\/\/autravail.ca\/#\/schema\/logo\/image\/\"},\"sameAs\":[\"https:\/\/www.facebook.com\/lemagasinindustriel\/?locale=fr_FR\"]}]}<\/script>\n<!-- \/ Yoast SEO plugin. -->","yoast_head_json":{"title":"Manteau d'hiver - 89-2501REF - Le Magasin Industriel","description":"Manteau d'hiver - 89-2501REF, parka haute visibilit\u00e9 robuste con\u00e7u pour les conditions climatiques extr\u00eames jusqu'\u00e0 -60\u00b0C","robots":{"index":"index","follow":"follow","max-snippet":"max-snippet:-1","max-image-preview":"max-image-preview:large","max-video-preview":"max-video-preview:-1"},"canonical":"https:\/\/autravail.ca\/en\/product\/manteau-dhiver-89-2501ref\/","og_locale":"en_US","og_type":"article","og_title":"Manteau d'hiver - 89-2501REF - Le Magasin Industriel","og_description":"Manteau d'hiver - 89-2501REF, parka haute visibilit\u00e9 robuste con\u00e7u pour les conditions climatiques extr\u00eames jusqu'\u00e0 -60\u00b0C","og_url":"https:\/\/autravail.ca\/en\/product\/manteau-dhiver-89-2501ref\/","og_site_name":"Le Magasin Industriel","article_publisher":"https:\/\/www.facebook.com\/lemagasinindustriel\/?locale=fr_FR","article_modified_time":"2026-02-11T20:35:12+00:00","og_image":[{"width":1000,"height":1000,"url":"https:\/\/autravail.ca\/wp-content\/uploads\/2025\/05\/89-2501REF_BK_A001.jpg","type":"image\/jpeg"}],"twitter_card":"summary_large_image","twitter_misc":{"Est. reading time":"2 minutes"},"schema":{"@context":"https:\/\/schema.org","@graph":[{"@type":"WebPage","@id":"https:\/\/autravail.ca\/product\/manteau-dhiver-89-2501ref\/","url":"https:\/\/autravail.ca\/product\/manteau-dhiver-89-2501ref\/","name":"Manteau d'hiver - 89-2501REF - Le Magasin Industriel","isPartOf":{"@id":"https:\/\/autravail.ca\/#website"},"primaryImageOfPage":{"@id":"https:\/\/autravail.ca\/product\/manteau-dhiver-89-2501ref\/#primaryimage"},"image":{"@id":"https:\/\/autravail.ca\/product\/manteau-dhiver-89-2501ref\/#primaryimage"},"thumbnailUrl":"https:\/\/autravail.ca\/wp-content\/uploads\/2025\/05\/89-2501REF_BK_A001.jpg","datePublished":"2025-05-08T06:37:12+00:00","dateModified":"2026-02-11T20:35:12+00:00","description":"Manteau d'hiver - 89-2501REF, parka haute visibilit\u00e9 robuste con\u00e7u pour les conditions climatiques extr\u00eames jusqu'\u00e0 -60\u00b0C","breadcrumb":{"@id":"https:\/\/autravail.ca\/product\/manteau-dhiver-89-2501ref\/#breadcrumb"},"inLanguage":"en-CA","potentialAction":[{"@type":"ReadAction","target":["https:\/\/autravail.ca\/product\/manteau-dhiver-89-2501ref\/"]}]},{"@type":"ImageObject","inLanguage":"en-CA","@id":"https:\/\/autravail.ca\/product\/manteau-dhiver-89-2501ref\/#primaryimage","url":"https:\/\/autravail.ca\/wp-content\/uploads\/2025\/05\/89-2501REF_BK_A001.jpg","contentUrl":"https:\/\/autravail.ca\/wp-content\/uploads\/2025\/05\/89-2501REF_BK_A001.jpg","width":1000,"height":1000},{"@type":"BreadcrumbList","@id":"https:\/\/autravail.ca\/product\/manteau-dhiver-89-2501ref\/#breadcrumb","itemListElement":[{"@type":"ListItem","position":1,"name":"Accueil","item":"https:\/\/autravail.ca\/"},{"@type":"ListItem","position":2,"name":"Magasin","item":"https:\/\/autravail.ca\/en\/shop\/"},{"@type":"ListItem","position":3,"name":"Manteau d&rsquo;hiver &#8211; 89-2501REF"}]},{"@type":"WebSite","@id":"https:\/\/autravail.ca\/#website","url":"https:\/\/autravail.ca\/","name":"Le Magasin Industriel","description":"50 ans de tradition de s\u00e9curit\u00e9 au travail","publisher":{"@id":"https:\/\/autravail.ca\/#organization"},"potentialAction":[{"@type":"SearchAction","target":{"@type":"EntryPoint","urlTemplate":"https:\/\/autravail.ca\/?s={search_term_string}"},"query-input":{"@type":"PropertyValueSpecification","valueRequired":true,"valueName":"search_term_string"}}],"inLanguage":"en-CA"},{"@type":"Organization","@id":"https:\/\/autravail.ca\/#organization","name":"Le Magasin Industriel","url":"https:\/\/autravail.ca\/","logo":{"@type":"ImageObject","inLanguage":"en-CA","@id":"https:\/\/autravail.ca\/#\/schema\/logo\/image\/","url":"https:\/\/autravail.ca\/wp-content\/uploads\/2025\/05\/cropped-magasin_industriel_120x.avif","contentUrl":"https:\/\/autravail.ca\/wp-content\/uploads\/2025\/05\/cropped-magasin_industriel_120x.avif","width":120,"height":24,"caption":"Le Magasin Industriel"},"image":{"@id":"https:\/\/autravail.ca\/#\/schema\/logo\/image\/"},"sameAs":["https:\/\/www.facebook.com\/lemagasinindustriel\/?locale=fr_FR"]}]}},"jetpack_sharing_enabled":true,"_links":{"self":[{"href":"https:\/\/autravail.ca\/en\/wp-json\/wp\/v2\/product\/29984","targetHints":{"allow":["GET"]}}],"collection":[{"href":"https:\/\/autravail.ca\/en\/wp-json\/wp\/v2\/product"}],"about":[{"href":"https:\/\/autravail.ca\/en\/wp-json\/wp\/v2\/types\/product"}],"replies":[{"embeddable":true,"href":"https:\/\/autravail.ca\/en\/wp-json\/wp\/v2\/comments?post=29984"}],"wp:featuredmedia":[{"embeddable":true,"href":"https:\/\/autravail.ca\/en\/wp-json\/wp\/v2\/media\/44108"}],"wp:attachment":[{"href":"https:\/\/autravail.ca\/en\/wp-json\/wp\/v2\/media?parent=29984"}],"wp:term":[{"taxonomy":"product_cat","embeddable":true,"href":"https:\/\/autravail.ca\/en\/wp-json\/wp\/v2\/product_cat?post=29984"},{"taxonomy":"product_tag","embeddable":true,"href":"https:\/\/autravail.ca\/en\/wp-json\/wp\/v2\/product_tag?post=29984"}],"curies":[{"name":"wp","href":"https:\/\/api.w.org\/{rel}","templated":true}]}}