{"id":29865,"date":"2025-05-08T06:36:34","date_gmt":"2025-05-08T06:36:34","guid":{"rendered":"https:\/\/meteoquebec.ca\/?post_type=product&#038;p=29865"},"modified":"2026-04-15T16:06:36","modified_gmt":"2026-04-15T20:06:36","slug":"manteau-shell-polaire-88166","status":"publish","type":"product","link":"https:\/\/autravail.ca\/en\/product\/manteau-shell-polaire-88166\/","title":{"rendered":"Manteau Shell polaire &#8211; 88166"},"content":{"rendered":"<h3>Manteau Shell polaire &#8211; 88166<\/h3>\n<p>Manteau Shell polaire &#8211; 88166 de la marque \u00a0<a href=\"https:\/\/autravail.ca\/en\/product-brand\/magasin-industriel\/\"><strong class=\"Yjhzub\" data-sfc-root=\"c\" data-sfc-cb=\"\" data-complete=\"true\" data-processed=\"true\">S&amp;S Canada<\/strong><\/a>\u00a0est le mod\u00e8le\u00a0<strong class=\"Yjhzub\" data-sfc-root=\"c\" data-sfc-cb=\"\" data-complete=\"true\" data-processed=\"true\">Prospect<\/strong>, un manteau\u00a0<em class=\"eujQNb\" data-sfc-root=\"c\" data-sfc-cb=\"\" data-complete=\"true\" data-processed=\"true\">soft shell<\/em>\u00a0\u00e0 deux couches con\u00e7u pour allier flexibilit\u00e9 et protection thermique.<\/p>\n<h6>Characteristics:<\/h6>\n<ul>\n<li>Finition hydrofuge pour r\u00e9sister \u00e0 l&rsquo;humidit\u00e9 et coupe-vent<\/li>\n<li>Tissu \u00e0 96\u00a0% polyester et 4\u00a0% \u00e9lasthanne coll\u00e9 sur un polaire \u00e0 100\u00a0% polyester antiboulochage<\/li>\n<li>Coquille souple extensible de performance \u00e0 deux couches, 12,5\u00a0oz<\/li>\n<li>Con\u00e7u pour des temp\u00e9ratures allant de\u00a0<strong class=\"Yjhzub\" data-sfc-root=\"c\" data-sfc-cb=\"\" data-complete=\"true\">6 \u00b0C \u00e0 -11 \u00b0C<\/strong>\u00a0(43 \u00b0F \u00e0 13 \u00b0F)<\/li>\n<li>Capuchon attach\u00e9 et prot\u00e8ge-menton en polaire<\/li>\n<li>Empi\u00e8cement avant avec coutures asym\u00e9triques et empi\u00e8cement avant avec coutures asym\u00e9triques<\/li>\n<li>Poche sur le c\u00f4t\u00e9 droit de la poitrine avec fermeture \u00e0 rouleau invers\u00e9 contrast\u00e9e<\/li>\n<li>Fermeture \u00e0 rouleau invers\u00e9 contrast\u00e9e au centre \u00e0 l\u2019avant<\/li>\n<li>Dispose de manches raglan articul\u00e9es pour une meilleure mobilit\u00e9, de poignets ajustables avec pattes et de cordons de serrage au capuchon et \u00e0 l&rsquo;ourlet pour retenir la chaleur<\/li>\n<li>Poignets ajustables avec pattes<\/li>\n<li>Deux poches inf\u00e9rieures dissimul\u00e9es avec fermetures \u00e0 rouleau invers\u00e9 contrast\u00e9es<\/li>\n<li>Acc\u00e8s au port audio \u00e0 l\u2019int\u00e9rieur de la poche inf\u00e9rieure gauche<\/li>\n<li>Cordon de serrage de r\u00e9tention thermique au capuchon et \u00e0 l\u2019ourlet<\/li>\n<\/ul>\n<p>&nbsp;<\/p>\n<p><img decoding=\"async\" class=\"alignnone wp-image-40620\" src=\"https:\/\/autravail.ca\/wp-content\/uploads\/2025\/09\/Jachete-quebec-et-canada.jpg\" alt=\"Logo de l'achat local\" width=\"162\" height=\"139\" \/>Merci d&rsquo;encourager une entreprise 100% d&rsquo;ici!<\/p>\n<p>TS2604H<\/p>","protected":false},"excerpt":{"rendered":"<p>Manteau Shell polaire &#8211; 88166 Manteau Shell polaire &#8211; 88166 de la marque \u00a0S&amp;S Canada\u00a0est le mod\u00e8le\u00a0Prospect, un manteau\u00a0soft shell\u00a0\u00e0 deux couches con\u00e7u pour allier flexibilit\u00e9 et protection thermique. Caract\u00e9ristiques: Finition hydrofuge pour r\u00e9sister \u00e0 l&rsquo;humidit\u00e9 et coupe-vent Tissu \u00e0 96\u00a0% polyester et 4\u00a0% \u00e9lasthanne coll\u00e9 sur un polaire \u00e0 100\u00a0% polyester antiboulochage Coquille souple [&hellip;]<\/p>","protected":false},"featured_media":47342,"comment_status":"open","ping_status":"closed","template":"","meta":[],"product_cat":[15,602,610],"product_tag":[242],"class_list":{"0":"post-29865","1":"product","2":"type-product","3":"status-publish","4":"has-post-thumbnail","6":"product_brand-magasin-industriel","7":"product_cat-uncategorized","8":"product_cat-hommes","9":"product_cat-manteaux","10":"product_tag-homme","12":"first","13":"instock","14":"taxable","15":"shipping-taxable","16":"purchasable","17":"product-type-variable"},"yoast_head":"<!-- This site is optimized with the Yoast SEO plugin v25.3.1 - https:\/\/yoast.com\/wordpress\/plugins\/seo\/ -->\n<title>Manteau Shell polaire - 88166 - Le Magasin Industriel<\/title>\n<meta name=\"description\" content=\"Manteau Shell polaire - 88166 est un manteau soft shell \u00e0 deux couches con\u00e7u pour allier flexibilit\u00e9 et protection thermique\" \/>\n<meta name=\"robots\" content=\"index, follow, max-snippet:-1, max-image-preview:large, max-video-preview:-1\" \/>\n<link rel=\"canonical\" href=\"https:\/\/autravail.ca\/en\/product\/manteau-shell-polaire-88166\/\" \/>\n<meta property=\"og:locale\" content=\"en_US\" \/>\n<meta property=\"og:type\" content=\"article\" \/>\n<meta property=\"og:title\" content=\"Manteau Shell polaire - 88166 - Le Magasin Industriel\" \/>\n<meta property=\"og:description\" content=\"Manteau Shell polaire - 88166 est un manteau soft shell \u00e0 deux couches con\u00e7u pour allier flexibilit\u00e9 et protection thermique\" \/>\n<meta property=\"og:url\" content=\"https:\/\/autravail.ca\/en\/product\/manteau-shell-polaire-88166\/\" \/>\n<meta property=\"og:site_name\" content=\"Le Magasin Industriel\" \/>\n<meta property=\"article:publisher\" content=\"https:\/\/www.facebook.com\/lemagasinindustriel\/?locale=fr_FR\" \/>\n<meta property=\"article:modified_time\" content=\"2026-04-15T20:06:36+00:00\" \/>\n<meta property=\"og:image\" content=\"https:\/\/autravail.ca\/wp-content\/uploads\/2025\/05\/88166_A01.jpg\" \/>\n\t<meta property=\"og:image:width\" content=\"1000\" \/>\n\t<meta property=\"og:image:height\" content=\"1000\" \/>\n\t<meta property=\"og:image:type\" content=\"image\/jpeg\" \/>\n<meta name=\"twitter:card\" content=\"summary_large_image\" \/>\n<meta name=\"twitter:label1\" content=\"Est. reading time\" \/>\n\t<meta name=\"twitter:data1\" content=\"2 minutes\" \/>\n<script type=\"application\/ld+json\" class=\"yoast-schema-graph\">{\"@context\":\"https:\/\/schema.org\",\"@graph\":[{\"@type\":\"WebPage\",\"@id\":\"https:\/\/autravail.ca\/product\/manteau-shell-polaire-88166\/\",\"url\":\"https:\/\/autravail.ca\/product\/manteau-shell-polaire-88166\/\",\"name\":\"Manteau Shell polaire - 88166 - Le Magasin Industriel\",\"isPartOf\":{\"@id\":\"https:\/\/autravail.ca\/#website\"},\"primaryImageOfPage\":{\"@id\":\"https:\/\/autravail.ca\/product\/manteau-shell-polaire-88166\/#primaryimage\"},\"image\":{\"@id\":\"https:\/\/autravail.ca\/product\/manteau-shell-polaire-88166\/#primaryimage\"},\"thumbnailUrl\":\"https:\/\/autravail.ca\/wp-content\/uploads\/2025\/05\/88166_A01.jpg\",\"datePublished\":\"2025-05-08T06:36:34+00:00\",\"dateModified\":\"2026-04-15T20:06:36+00:00\",\"description\":\"Manteau Shell polaire - 88166 est un manteau soft shell \u00e0 deux couches con\u00e7u pour allier flexibilit\u00e9 et protection thermique\",\"breadcrumb\":{\"@id\":\"https:\/\/autravail.ca\/product\/manteau-shell-polaire-88166\/#breadcrumb\"},\"inLanguage\":\"en-CA\",\"potentialAction\":[{\"@type\":\"ReadAction\",\"target\":[\"https:\/\/autravail.ca\/product\/manteau-shell-polaire-88166\/\"]}]},{\"@type\":\"ImageObject\",\"inLanguage\":\"en-CA\",\"@id\":\"https:\/\/autravail.ca\/product\/manteau-shell-polaire-88166\/#primaryimage\",\"url\":\"https:\/\/autravail.ca\/wp-content\/uploads\/2025\/05\/88166_A01.jpg\",\"contentUrl\":\"https:\/\/autravail.ca\/wp-content\/uploads\/2025\/05\/88166_A01.jpg\",\"width\":1000,\"height\":1000,\"caption\":\"Manteau Shell polaire - 88166\"},{\"@type\":\"BreadcrumbList\",\"@id\":\"https:\/\/autravail.ca\/product\/manteau-shell-polaire-88166\/#breadcrumb\",\"itemListElement\":[{\"@type\":\"ListItem\",\"position\":1,\"name\":\"Accueil\",\"item\":\"https:\/\/autravail.ca\/\"},{\"@type\":\"ListItem\",\"position\":2,\"name\":\"Magasin\",\"item\":\"https:\/\/autravail.ca\/en\/shop\/\"},{\"@type\":\"ListItem\",\"position\":3,\"name\":\"Manteau Shell polaire &#8211; 88166\"}]},{\"@type\":\"WebSite\",\"@id\":\"https:\/\/autravail.ca\/#website\",\"url\":\"https:\/\/autravail.ca\/\",\"name\":\"Le Magasin Industriel\",\"description\":\"50 ans de tradition de s\u00e9curit\u00e9 au travail\",\"publisher\":{\"@id\":\"https:\/\/autravail.ca\/#organization\"},\"potentialAction\":[{\"@type\":\"SearchAction\",\"target\":{\"@type\":\"EntryPoint\",\"urlTemplate\":\"https:\/\/autravail.ca\/?s={search_term_string}\"},\"query-input\":{\"@type\":\"PropertyValueSpecification\",\"valueRequired\":true,\"valueName\":\"search_term_string\"}}],\"inLanguage\":\"en-CA\"},{\"@type\":\"Organization\",\"@id\":\"https:\/\/autravail.ca\/#organization\",\"name\":\"Le Magasin Industriel\",\"url\":\"https:\/\/autravail.ca\/\",\"logo\":{\"@type\":\"ImageObject\",\"inLanguage\":\"en-CA\",\"@id\":\"https:\/\/autravail.ca\/#\/schema\/logo\/image\/\",\"url\":\"https:\/\/autravail.ca\/wp-content\/uploads\/2025\/05\/cropped-magasin_industriel_120x.avif\",\"contentUrl\":\"https:\/\/autravail.ca\/wp-content\/uploads\/2025\/05\/cropped-magasin_industriel_120x.avif\",\"width\":120,\"height\":24,\"caption\":\"Le Magasin Industriel\"},\"image\":{\"@id\":\"https:\/\/autravail.ca\/#\/schema\/logo\/image\/\"},\"sameAs\":[\"https:\/\/www.facebook.com\/lemagasinindustriel\/?locale=fr_FR\"]}]}<\/script>\n<!-- \/ Yoast SEO plugin. -->","yoast_head_json":{"title":"Manteau Shell polaire - 88166 - Le Magasin Industriel","description":"Manteau Shell polaire - 88166 est un manteau soft shell \u00e0 deux couches con\u00e7u pour allier flexibilit\u00e9 et protection thermique","robots":{"index":"index","follow":"follow","max-snippet":"max-snippet:-1","max-image-preview":"max-image-preview:large","max-video-preview":"max-video-preview:-1"},"canonical":"https:\/\/autravail.ca\/en\/product\/manteau-shell-polaire-88166\/","og_locale":"en_US","og_type":"article","og_title":"Manteau Shell polaire - 88166 - Le Magasin Industriel","og_description":"Manteau Shell polaire - 88166 est un manteau soft shell \u00e0 deux couches con\u00e7u pour allier flexibilit\u00e9 et protection thermique","og_url":"https:\/\/autravail.ca\/en\/product\/manteau-shell-polaire-88166\/","og_site_name":"Le Magasin Industriel","article_publisher":"https:\/\/www.facebook.com\/lemagasinindustriel\/?locale=fr_FR","article_modified_time":"2026-04-15T20:06:36+00:00","og_image":[{"width":1000,"height":1000,"url":"https:\/\/autravail.ca\/wp-content\/uploads\/2025\/05\/88166_A01.jpg","type":"image\/jpeg"}],"twitter_card":"summary_large_image","twitter_misc":{"Est. reading time":"2 minutes"},"schema":{"@context":"https:\/\/schema.org","@graph":[{"@type":"WebPage","@id":"https:\/\/autravail.ca\/product\/manteau-shell-polaire-88166\/","url":"https:\/\/autravail.ca\/product\/manteau-shell-polaire-88166\/","name":"Manteau Shell polaire - 88166 - Le Magasin Industriel","isPartOf":{"@id":"https:\/\/autravail.ca\/#website"},"primaryImageOfPage":{"@id":"https:\/\/autravail.ca\/product\/manteau-shell-polaire-88166\/#primaryimage"},"image":{"@id":"https:\/\/autravail.ca\/product\/manteau-shell-polaire-88166\/#primaryimage"},"thumbnailUrl":"https:\/\/autravail.ca\/wp-content\/uploads\/2025\/05\/88166_A01.jpg","datePublished":"2025-05-08T06:36:34+00:00","dateModified":"2026-04-15T20:06:36+00:00","description":"Manteau Shell polaire - 88166 est un manteau soft shell \u00e0 deux couches con\u00e7u pour allier flexibilit\u00e9 et protection thermique","breadcrumb":{"@id":"https:\/\/autravail.ca\/product\/manteau-shell-polaire-88166\/#breadcrumb"},"inLanguage":"en-CA","potentialAction":[{"@type":"ReadAction","target":["https:\/\/autravail.ca\/product\/manteau-shell-polaire-88166\/"]}]},{"@type":"ImageObject","inLanguage":"en-CA","@id":"https:\/\/autravail.ca\/product\/manteau-shell-polaire-88166\/#primaryimage","url":"https:\/\/autravail.ca\/wp-content\/uploads\/2025\/05\/88166_A01.jpg","contentUrl":"https:\/\/autravail.ca\/wp-content\/uploads\/2025\/05\/88166_A01.jpg","width":1000,"height":1000,"caption":"Manteau Shell polaire - 88166"},{"@type":"BreadcrumbList","@id":"https:\/\/autravail.ca\/product\/manteau-shell-polaire-88166\/#breadcrumb","itemListElement":[{"@type":"ListItem","position":1,"name":"Accueil","item":"https:\/\/autravail.ca\/"},{"@type":"ListItem","position":2,"name":"Magasin","item":"https:\/\/autravail.ca\/en\/shop\/"},{"@type":"ListItem","position":3,"name":"Manteau Shell polaire &#8211; 88166"}]},{"@type":"WebSite","@id":"https:\/\/autravail.ca\/#website","url":"https:\/\/autravail.ca\/","name":"Le Magasin Industriel","description":"50 ans de tradition de s\u00e9curit\u00e9 au travail","publisher":{"@id":"https:\/\/autravail.ca\/#organization"},"potentialAction":[{"@type":"SearchAction","target":{"@type":"EntryPoint","urlTemplate":"https:\/\/autravail.ca\/?s={search_term_string}"},"query-input":{"@type":"PropertyValueSpecification","valueRequired":true,"valueName":"search_term_string"}}],"inLanguage":"en-CA"},{"@type":"Organization","@id":"https:\/\/autravail.ca\/#organization","name":"Le Magasin Industriel","url":"https:\/\/autravail.ca\/","logo":{"@type":"ImageObject","inLanguage":"en-CA","@id":"https:\/\/autravail.ca\/#\/schema\/logo\/image\/","url":"https:\/\/autravail.ca\/wp-content\/uploads\/2025\/05\/cropped-magasin_industriel_120x.avif","contentUrl":"https:\/\/autravail.ca\/wp-content\/uploads\/2025\/05\/cropped-magasin_industriel_120x.avif","width":120,"height":24,"caption":"Le Magasin Industriel"},"image":{"@id":"https:\/\/autravail.ca\/#\/schema\/logo\/image\/"},"sameAs":["https:\/\/www.facebook.com\/lemagasinindustriel\/?locale=fr_FR"]}]}},"_links":{"self":[{"href":"https:\/\/autravail.ca\/en\/wp-json\/wp\/v2\/product\/29865","targetHints":{"allow":["GET"]}}],"collection":[{"href":"https:\/\/autravail.ca\/en\/wp-json\/wp\/v2\/product"}],"about":[{"href":"https:\/\/autravail.ca\/en\/wp-json\/wp\/v2\/types\/product"}],"replies":[{"embeddable":true,"href":"https:\/\/autravail.ca\/en\/wp-json\/wp\/v2\/comments?post=29865"}],"wp:featuredmedia":[{"embeddable":true,"href":"https:\/\/autravail.ca\/en\/wp-json\/wp\/v2\/media\/47342"}],"wp:attachment":[{"href":"https:\/\/autravail.ca\/en\/wp-json\/wp\/v2\/media?parent=29865"}],"wp:term":[{"taxonomy":"product_cat","embeddable":true,"href":"https:\/\/autravail.ca\/en\/wp-json\/wp\/v2\/product_cat?post=29865"},{"taxonomy":"product_tag","embeddable":true,"href":"https:\/\/autravail.ca\/en\/wp-json\/wp\/v2\/product_tag?post=29865"}],"curies":[{"name":"wp","href":"https:\/\/api.w.org\/{rel}","templated":true}]}}