{"id":29863,"date":"2025-05-08T06:36:34","date_gmt":"2025-05-08T06:36:34","guid":{"rendered":"https:\/\/meteoquebec.ca\/?post_type=product&#038;p=29863"},"modified":"2026-01-15T13:23:43","modified_gmt":"2026-01-15T17:23:43","slug":"botte-de-travail-dhiver-oilrig-8757-1251","status":"publish","type":"product","link":"https:\/\/autravail.ca\/en\/product\/botte-de-travail-dhiver-oilrig-8757-1251\/","title":{"rendered":"Botte de travail d&rsquo;hiver Oilrig &#8211; 8757-1251"},"content":{"rendered":"<h3>Botte de travail d&rsquo;hiver &#8211; Oilrig 8757-1251<\/h3>\n<p>La botte de travail d&rsquo;hiver Oilrig &#8211; 8757-1251\u00a0de <a href=\"https:\/\/autravail.ca\/en\/product-brand\/baffin\/\">Baffin<\/a> est con\u00e7ue pour offrir confort et s\u00e9curit\u00e9 dans des conditions climatiques froides, la OILRIG allie la technologie de Baffin pour les climats froids \u00e0 des caract\u00e9ristiques de s\u00e9curit\u00e9 de type industriel afin de cr\u00e9er des bottes de travail durables et recommand\u00e9es pour diff\u00e9rents environnements.<\/p>\n<p><img decoding=\"async\" class=\"alignnone size-full wp-image-40117\" src=\"https:\/\/autravail.ca\/wp-content\/uploads\/2025\/09\/Certification-Omega-Triangle-vert.jpg\" alt=\"Certifications Om\u00e9ga Triangle vert\" width=\"193\" height=\"110\" srcset=\"https:\/\/autravail.ca\/wp-content\/uploads\/2025\/09\/Certification-Omega-Triangle-vert.jpg 193w, https:\/\/autravail.ca\/wp-content\/uploads\/2025\/09\/Certification-Omega-Triangle-vert-150x85.jpg 150w, https:\/\/autravail.ca\/wp-content\/uploads\/2025\/09\/Certification-Omega-Triangle-vert-18x10.jpg 18w\" sizes=\"(max-width: 193px) 100vw, 193px\" \/><\/p>\n<h6>Characteristics:<\/h6>\n<ul>\n<li>Forme con\u00e7ue pour la femme.<\/li>\n<li>Base in acid and oil resistant oarprene.<\/li>\n<li>Neoprene stem resistant to acids and oils.<\/li>\n<li>Easy to pull and rust resistant D-eye lacing system.<\/li>\n<li>Entirely resistant to acids and oils.<\/li>\n<li>Outsole with self-cleaning relief.<\/li>\n<li>Syst\u00e8me de chausson int\u00e9rieur multicouche amovible \u00e0 ajustement confortable.<\/li>\n<li>Degr\u00e9 d\u2019imperm\u00e9abilit\u00e9 : B-Tek\u2122 imperm\u00e9able basique<\/li>\n<\/ul>\n<h6>TECHNOLOGIE:<\/h6>\n<ul>\n<li>Tige, lacets et coutures en n\u00e9opr\u00e8ne haute r\u00e9sistance \u00e0 l&rsquo;huile et \u00e0 l&rsquo;acide<\/li>\n<li>Syst\u00e8me de la\u00e7age avant antirouille avec anneau en D pour un confort optimal<\/li>\n<li>Mod\u00e8le \u00e0 enfiler facile<\/li>\n<li>Embout et plaque de s\u00e9curit\u00e9 en acier<\/li>\n<li>Base Oarprene\u2122 r\u00e9sistante \u00e0 l&rsquo;huile et \u00e0 l&rsquo;acide<\/li>\n<li>Semelle ext\u00e9rieure autonettoyante pour plus de confort<\/li>\n<li>Syst\u00e8me de chausson int\u00e9rieur amovible Comfort-Fit multicouche comprenant :<\/li>\n<li>Couche Thermaplush\u2122 douce et absorbante pour plus de chaleur<\/li>\n<li>Doublure en mousse B-Tek\u2122 ajust\u00e9e pour plus de confort<\/li>\n<li>Isolation B-Tek\u2122 Heat l\u00e9g\u00e8re \u00e0 4 fibres creuses pour une respirabilit\u00e9 optimale sur une large plage de temp\u00e9ratures<\/li>\n<li>Superposition Hydromax\u2122 pour une meilleure gestion de l&rsquo;humidit\u00e9<\/li>\n<li>Membrane en aluminium vaporis\u00e9 pour la r\u00e9flexion de l&rsquo;\u00e9nergie et la r\u00e9gulation de la chaleur<\/li>\n<li>M\u00e9lange de laine polyester PolyWool\u2122 pour une chaleur respirante<\/li>\n<li>Isolation DiamondNet\u2122 pour une protection coupe-vent et une l\u00e9g\u00e8ret\u00e9 Semelle int\u00e9rieure gaufr\u00e9e con\u00e7ue pour emprisonner l&rsquo;air chaud et contr\u00f4ler les odeurs<\/li>\n<\/ul>\n<h6>ENTRETIEN:<\/h6>\n<p>&nbsp;<\/p>\n<ul>\n<li>Tige en n\u00e9opr\u00e8ne\u00a0: peut \u00eatre nettoy\u00e9e avec de l\u2019eau ti\u00e8de et une petite quantit\u00e9 de savon \u00e0 vaisselle.<\/li>\n<li>Caoutchouc : essuyer avec un chiffon humide pour enlever l\u2019exc\u00e8s de salet\u00e9.<\/li>\n<\/ul>\n<h6>ENTREPOSAGE:<\/h6>\n<ul>\n<li>\u00c9liminez toute salet\u00e9 et d\u00e9bris du caoutchouc, du nylon ou du cuir.<\/li>\n<li>Essuyez et assurez-vous que le produit est sec avant de le ranger.<\/li>\n<li>Conservation optimale dans un endroit sombre, sec et frais.<\/li>\n<\/ul>\n<p><img decoding=\"async\" class=\"alignnone wp-image-40620\" src=\"https:\/\/autravail.ca\/wp-content\/uploads\/2025\/09\/Jachete-quebec-et-canada.jpg\" alt=\"Logo de l'achat local\" width=\"162\" height=\"139\" \/>Merci d&rsquo;encourager une entreprise 100% d&rsquo;ici!<\/p>","protected":false},"excerpt":{"rendered":"<p>Botte de travail d&rsquo;hiver &#8211; Oilrig 8757-1251 La botte de travail d&rsquo;hiver Oilrig &#8211; 8757-1251\u00a0de Baffin est con\u00e7ue pour offrir confort et s\u00e9curit\u00e9 dans des conditions climatiques froides, la OILRIG allie la technologie de Baffin pour les climats froids \u00e0 des caract\u00e9ristiques de s\u00e9curit\u00e9 de type industriel afin de cr\u00e9er des bottes de travail durables [&hellip;]<\/p>","protected":false},"featured_media":13737,"comment_status":"open","ping_status":"closed","template":"","meta":[],"product_cat":[670,633],"product_tag":[308,255],"class_list":{"0":"post-29863","1":"product","2":"type-product","3":"status-publish","4":"has-post-thumbnail","6":"product_brand-baffin","7":"product_cat-bottes-dhiver","8":"product_cat-femmes","9":"product_tag-bottes-dhiver-csa","10":"product_tag-femme","12":"first","13":"instock","14":"taxable","15":"shipping-taxable","16":"purchasable","17":"product-type-variable"},"yoast_head":"<!-- This site is optimized with the Yoast SEO plugin v25.3.1 - https:\/\/yoast.com\/wordpress\/plugins\/seo\/ -->\n<title>Botte de travail d&#039;hiver Oilrig - 8757-1251 - Le Magasin Industriel<\/title>\n<meta name=\"description\" content=\"Botte de travail d&#039;hiver Oilrig - 8757-1251 pour les aventures en conditions de froid extr\u00eame dont le confort thermique est class\u00e9 Arctique\" \/>\n<meta name=\"robots\" content=\"index, follow, max-snippet:-1, max-image-preview:large, max-video-preview:-1\" \/>\n<link rel=\"canonical\" href=\"https:\/\/autravail.ca\/en\/product\/botte-de-travail-dhiver-oilrig-8757-1251\/\" \/>\n<meta property=\"og:locale\" content=\"en_US\" \/>\n<meta property=\"og:type\" content=\"article\" \/>\n<meta property=\"og:title\" content=\"Botte de travail d&#039;hiver Oilrig - 8757-1251 - Le Magasin Industriel\" \/>\n<meta property=\"og:description\" content=\"Botte de travail d&#039;hiver Oilrig - 8757-1251 pour les aventures en conditions de froid extr\u00eame dont le confort thermique est class\u00e9 Arctique\" \/>\n<meta property=\"og:url\" content=\"https:\/\/autravail.ca\/en\/product\/botte-de-travail-dhiver-oilrig-8757-1251\/\" \/>\n<meta property=\"og:site_name\" content=\"Le Magasin Industriel\" \/>\n<meta property=\"article:publisher\" content=\"https:\/\/www.facebook.com\/lemagasinindustriel\/?locale=fr_FR\" \/>\n<meta property=\"article:modified_time\" content=\"2026-01-15T17:23:43+00:00\" \/>\n<meta property=\"og:image\" content=\"https:\/\/autravail.ca\/wp-content\/uploads\/2025\/05\/8757-1251_A01_c31092ad-04fe-4dcd-8664-148d24daafcb.jpg\" \/>\n\t<meta property=\"og:image:width\" content=\"1000\" \/>\n\t<meta property=\"og:image:height\" content=\"1000\" \/>\n\t<meta property=\"og:image:type\" content=\"image\/jpeg\" \/>\n<meta name=\"twitter:card\" content=\"summary_large_image\" \/>\n<meta name=\"twitter:label1\" content=\"Est. reading time\" \/>\n\t<meta name=\"twitter:data1\" content=\"3 minutes\" \/>\n<script type=\"application\/ld+json\" class=\"yoast-schema-graph\">{\"@context\":\"https:\/\/schema.org\",\"@graph\":[{\"@type\":\"WebPage\",\"@id\":\"https:\/\/autravail.ca\/product\/botte-de-travail-dhiver-oilrig-8757-1251\/\",\"url\":\"https:\/\/autravail.ca\/product\/botte-de-travail-dhiver-oilrig-8757-1251\/\",\"name\":\"Botte de travail d'hiver Oilrig - 8757-1251 - Le Magasin Industriel\",\"isPartOf\":{\"@id\":\"https:\/\/autravail.ca\/#website\"},\"primaryImageOfPage\":{\"@id\":\"https:\/\/autravail.ca\/product\/botte-de-travail-dhiver-oilrig-8757-1251\/#primaryimage\"},\"image\":{\"@id\":\"https:\/\/autravail.ca\/product\/botte-de-travail-dhiver-oilrig-8757-1251\/#primaryimage\"},\"thumbnailUrl\":\"https:\/\/autravail.ca\/wp-content\/uploads\/2025\/05\/8757-1251_A01_c31092ad-04fe-4dcd-8664-148d24daafcb.jpg\",\"datePublished\":\"2025-05-08T06:36:34+00:00\",\"dateModified\":\"2026-01-15T17:23:43+00:00\",\"description\":\"Botte de travail d'hiver Oilrig - 8757-1251 pour les aventures en conditions de froid extr\u00eame dont le confort thermique est class\u00e9 Arctique\",\"breadcrumb\":{\"@id\":\"https:\/\/autravail.ca\/product\/botte-de-travail-dhiver-oilrig-8757-1251\/#breadcrumb\"},\"inLanguage\":\"en-CA\",\"potentialAction\":[{\"@type\":\"ReadAction\",\"target\":[\"https:\/\/autravail.ca\/product\/botte-de-travail-dhiver-oilrig-8757-1251\/\"]}]},{\"@type\":\"ImageObject\",\"inLanguage\":\"en-CA\",\"@id\":\"https:\/\/autravail.ca\/product\/botte-de-travail-dhiver-oilrig-8757-1251\/#primaryimage\",\"url\":\"https:\/\/autravail.ca\/wp-content\/uploads\/2025\/05\/8757-1251_A01_c31092ad-04fe-4dcd-8664-148d24daafcb.jpg\",\"contentUrl\":\"https:\/\/autravail.ca\/wp-content\/uploads\/2025\/05\/8757-1251_A01_c31092ad-04fe-4dcd-8664-148d24daafcb.jpg\",\"width\":1000,\"height\":1000},{\"@type\":\"BreadcrumbList\",\"@id\":\"https:\/\/autravail.ca\/product\/botte-de-travail-dhiver-oilrig-8757-1251\/#breadcrumb\",\"itemListElement\":[{\"@type\":\"ListItem\",\"position\":1,\"name\":\"Accueil\",\"item\":\"https:\/\/autravail.ca\/\"},{\"@type\":\"ListItem\",\"position\":2,\"name\":\"Magasin\",\"item\":\"https:\/\/autravail.ca\/en\/shop\/\"},{\"@type\":\"ListItem\",\"position\":3,\"name\":\"Botte de travail d&rsquo;hiver Oilrig &#8211; 8757-1251\"}]},{\"@type\":\"WebSite\",\"@id\":\"https:\/\/autravail.ca\/#website\",\"url\":\"https:\/\/autravail.ca\/\",\"name\":\"Le Magasin Industriel\",\"description\":\"50 ans de tradition de s\u00e9curit\u00e9 au travail\",\"publisher\":{\"@id\":\"https:\/\/autravail.ca\/#organization\"},\"potentialAction\":[{\"@type\":\"SearchAction\",\"target\":{\"@type\":\"EntryPoint\",\"urlTemplate\":\"https:\/\/autravail.ca\/?s={search_term_string}\"},\"query-input\":{\"@type\":\"PropertyValueSpecification\",\"valueRequired\":true,\"valueName\":\"search_term_string\"}}],\"inLanguage\":\"en-CA\"},{\"@type\":\"Organization\",\"@id\":\"https:\/\/autravail.ca\/#organization\",\"name\":\"Le Magasin Industriel\",\"url\":\"https:\/\/autravail.ca\/\",\"logo\":{\"@type\":\"ImageObject\",\"inLanguage\":\"en-CA\",\"@id\":\"https:\/\/autravail.ca\/#\/schema\/logo\/image\/\",\"url\":\"https:\/\/autravail.ca\/wp-content\/uploads\/2025\/05\/cropped-magasin_industriel_120x.avif\",\"contentUrl\":\"https:\/\/autravail.ca\/wp-content\/uploads\/2025\/05\/cropped-magasin_industriel_120x.avif\",\"width\":120,\"height\":24,\"caption\":\"Le Magasin Industriel\"},\"image\":{\"@id\":\"https:\/\/autravail.ca\/#\/schema\/logo\/image\/\"},\"sameAs\":[\"https:\/\/www.facebook.com\/lemagasinindustriel\/?locale=fr_FR\"]}]}<\/script>\n<!-- \/ Yoast SEO plugin. -->","yoast_head_json":{"title":"Botte de travail d'hiver Oilrig - 8757-1251 - Le Magasin Industriel","description":"Botte de travail d'hiver Oilrig - 8757-1251 pour les aventures en conditions de froid extr\u00eame dont le confort thermique est class\u00e9 Arctique","robots":{"index":"index","follow":"follow","max-snippet":"max-snippet:-1","max-image-preview":"max-image-preview:large","max-video-preview":"max-video-preview:-1"},"canonical":"https:\/\/autravail.ca\/en\/product\/botte-de-travail-dhiver-oilrig-8757-1251\/","og_locale":"en_US","og_type":"article","og_title":"Botte de travail d'hiver Oilrig - 8757-1251 - Le Magasin Industriel","og_description":"Botte de travail d'hiver Oilrig - 8757-1251 pour les aventures en conditions de froid extr\u00eame dont le confort thermique est class\u00e9 Arctique","og_url":"https:\/\/autravail.ca\/en\/product\/botte-de-travail-dhiver-oilrig-8757-1251\/","og_site_name":"Le Magasin Industriel","article_publisher":"https:\/\/www.facebook.com\/lemagasinindustriel\/?locale=fr_FR","article_modified_time":"2026-01-15T17:23:43+00:00","og_image":[{"width":1000,"height":1000,"url":"https:\/\/autravail.ca\/wp-content\/uploads\/2025\/05\/8757-1251_A01_c31092ad-04fe-4dcd-8664-148d24daafcb.jpg","type":"image\/jpeg"}],"twitter_card":"summary_large_image","twitter_misc":{"Est. reading time":"3 minutes"},"schema":{"@context":"https:\/\/schema.org","@graph":[{"@type":"WebPage","@id":"https:\/\/autravail.ca\/product\/botte-de-travail-dhiver-oilrig-8757-1251\/","url":"https:\/\/autravail.ca\/product\/botte-de-travail-dhiver-oilrig-8757-1251\/","name":"Botte de travail d'hiver Oilrig - 8757-1251 - Le Magasin Industriel","isPartOf":{"@id":"https:\/\/autravail.ca\/#website"},"primaryImageOfPage":{"@id":"https:\/\/autravail.ca\/product\/botte-de-travail-dhiver-oilrig-8757-1251\/#primaryimage"},"image":{"@id":"https:\/\/autravail.ca\/product\/botte-de-travail-dhiver-oilrig-8757-1251\/#primaryimage"},"thumbnailUrl":"https:\/\/autravail.ca\/wp-content\/uploads\/2025\/05\/8757-1251_A01_c31092ad-04fe-4dcd-8664-148d24daafcb.jpg","datePublished":"2025-05-08T06:36:34+00:00","dateModified":"2026-01-15T17:23:43+00:00","description":"Botte de travail d'hiver Oilrig - 8757-1251 pour les aventures en conditions de froid extr\u00eame dont le confort thermique est class\u00e9 Arctique","breadcrumb":{"@id":"https:\/\/autravail.ca\/product\/botte-de-travail-dhiver-oilrig-8757-1251\/#breadcrumb"},"inLanguage":"en-CA","potentialAction":[{"@type":"ReadAction","target":["https:\/\/autravail.ca\/product\/botte-de-travail-dhiver-oilrig-8757-1251\/"]}]},{"@type":"ImageObject","inLanguage":"en-CA","@id":"https:\/\/autravail.ca\/product\/botte-de-travail-dhiver-oilrig-8757-1251\/#primaryimage","url":"https:\/\/autravail.ca\/wp-content\/uploads\/2025\/05\/8757-1251_A01_c31092ad-04fe-4dcd-8664-148d24daafcb.jpg","contentUrl":"https:\/\/autravail.ca\/wp-content\/uploads\/2025\/05\/8757-1251_A01_c31092ad-04fe-4dcd-8664-148d24daafcb.jpg","width":1000,"height":1000},{"@type":"BreadcrumbList","@id":"https:\/\/autravail.ca\/product\/botte-de-travail-dhiver-oilrig-8757-1251\/#breadcrumb","itemListElement":[{"@type":"ListItem","position":1,"name":"Accueil","item":"https:\/\/autravail.ca\/"},{"@type":"ListItem","position":2,"name":"Magasin","item":"https:\/\/autravail.ca\/en\/shop\/"},{"@type":"ListItem","position":3,"name":"Botte de travail d&rsquo;hiver Oilrig &#8211; 8757-1251"}]},{"@type":"WebSite","@id":"https:\/\/autravail.ca\/#website","url":"https:\/\/autravail.ca\/","name":"Le Magasin Industriel","description":"50 ans de tradition de s\u00e9curit\u00e9 au travail","publisher":{"@id":"https:\/\/autravail.ca\/#organization"},"potentialAction":[{"@type":"SearchAction","target":{"@type":"EntryPoint","urlTemplate":"https:\/\/autravail.ca\/?s={search_term_string}"},"query-input":{"@type":"PropertyValueSpecification","valueRequired":true,"valueName":"search_term_string"}}],"inLanguage":"en-CA"},{"@type":"Organization","@id":"https:\/\/autravail.ca\/#organization","name":"Le Magasin Industriel","url":"https:\/\/autravail.ca\/","logo":{"@type":"ImageObject","inLanguage":"en-CA","@id":"https:\/\/autravail.ca\/#\/schema\/logo\/image\/","url":"https:\/\/autravail.ca\/wp-content\/uploads\/2025\/05\/cropped-magasin_industriel_120x.avif","contentUrl":"https:\/\/autravail.ca\/wp-content\/uploads\/2025\/05\/cropped-magasin_industriel_120x.avif","width":120,"height":24,"caption":"Le Magasin Industriel"},"image":{"@id":"https:\/\/autravail.ca\/#\/schema\/logo\/image\/"},"sameAs":["https:\/\/www.facebook.com\/lemagasinindustriel\/?locale=fr_FR"]}]}},"jetpack_sharing_enabled":true,"_links":{"self":[{"href":"https:\/\/autravail.ca\/en\/wp-json\/wp\/v2\/product\/29863","targetHints":{"allow":["GET"]}}],"collection":[{"href":"https:\/\/autravail.ca\/en\/wp-json\/wp\/v2\/product"}],"about":[{"href":"https:\/\/autravail.ca\/en\/wp-json\/wp\/v2\/types\/product"}],"replies":[{"embeddable":true,"href":"https:\/\/autravail.ca\/en\/wp-json\/wp\/v2\/comments?post=29863"}],"wp:featuredmedia":[{"embeddable":true,"href":"https:\/\/autravail.ca\/en\/wp-json\/wp\/v2\/media\/13737"}],"wp:attachment":[{"href":"https:\/\/autravail.ca\/en\/wp-json\/wp\/v2\/media?parent=29863"}],"wp:term":[{"taxonomy":"product_cat","embeddable":true,"href":"https:\/\/autravail.ca\/en\/wp-json\/wp\/v2\/product_cat?post=29863"},{"taxonomy":"product_tag","embeddable":true,"href":"https:\/\/autravail.ca\/en\/wp-json\/wp\/v2\/product_tag?post=29863"}],"curies":[{"name":"wp","href":"https:\/\/api.w.org\/{rel}","templated":true}]}}