{"id":29806,"date":"2025-05-08T06:36:07","date_gmt":"2025-05-08T06:36:07","guid":{"rendered":"https:\/\/meteoquebec.ca\/?post_type=product&#038;p=29806"},"modified":"2026-02-12T14:20:01","modified_gmt":"2026-02-12T18:20:01","slug":"manteau-impermeable-87-r-99-1ref","status":"publish","type":"product","link":"https:\/\/autravail.ca\/en\/product\/manteau-impermeable-87-r-99-1ref\/","title":{"rendered":"Manteau imperm\u00e9able &#8211; 87-R-99-1REF"},"content":{"rendered":"<h3>Manteau imperm\u00e9able &#8211; 87-R-99-1REF<\/h3>\n<p>Manteau imperm\u00e9able &#8211; 87-R-99-1REF haute visibilit\u00e9 respirant avec coutures scell\u00e9es, en nylon Endura 600 Deniers. Il poss\u00e8de des bandes r\u00e9fl\u00e9chissantes, un capuchon d\u00e9tachable avec visi\u00e8res lat\u00e9rales transparentes, une doublure en tissu de maille au corps et en nylon dans les manches, une fermeture \u00e9clair centrale avec rabat \u00e0 Velcro, des Velcro aux poignets et des poches avant \u00e0 rabat.<\/p>\n<div id=\"product-description\" data-hook=\"product_description\">\n<h6 class=\"otQkpb\" role=\"heading\" aria-level=\"3\" data-complete=\"true\" data-processed=\"true\">Caract\u00e9ristiques Techniques<\/h6>\n<ul class=\"KsbFXc U6u95\" data-complete=\"true\" data-processed=\"true\">\n<li data-hveid=\"CAEIBRAA\" data-complete=\"true\" data-sae=\"\"><span class=\"T286Pc\" data-sfc-cp=\"\" data-complete=\"true\"><strong class=\"Yjhzub\" data-complete=\"true\">\u00c9tanch\u00e9it\u00e9 :<\/strong>\u00a0Toutes les\u00a0<strong class=\"Yjhzub\" data-complete=\"true\">coutures sont scell\u00e9es<\/strong>\u00a0pour emp\u00eacher l&rsquo;infiltration d&rsquo;eau.<\/span><\/li>\n<li data-hveid=\"CAEIBRAB\" data-complete=\"true\" data-sae=\"\"><span class=\"T286Pc\" data-sfc-cp=\"\" data-complete=\"true\"><strong class=\"Yjhzub\" data-complete=\"true\">Respirabilit\u00e9 :<\/strong>\u00a0Le corps est muni d&rsquo;une\u00a0<strong class=\"Yjhzub\" data-complete=\"true\">doublure en maille (mesh)<\/strong>\u00a0pour favoriser la circulation de l&rsquo;air, tandis que les manches sont doubl\u00e9es en nylon pour faciliter l&rsquo;enfilage.<\/span><\/li>\n<li data-hveid=\"CAEIBRAC\" data-complete=\"true\" data-sae=\"\"><span class=\"T286Pc\" data-sfc-cp=\"\" data-complete=\"true\"><strong class=\"Yjhzub\" data-complete=\"true\">Syst\u00e8me Vision :<\/strong>\u00a0Le capuchon d\u00e9tachable est \u00e9quip\u00e9 de\u00a0<strong class=\"Yjhzub\" data-complete=\"true\">visi\u00e8res lat\u00e9rales transparentes<\/strong>, am\u00e9liorant la visibilit\u00e9 p\u00e9riph\u00e9rique de l&rsquo;utilisateur.<\/span><\/li>\n<li data-hveid=\"CAEIBRAD\" data-complete=\"true\" data-sae=\"\"><span class=\"T286Pc\" data-sfc-cp=\"\" data-complete=\"true\" aria-owns=\"action-menu-parent-container\"><strong class=\"Yjhzub\" data-complete=\"true\">Visibilit\u00e9 :<\/strong>\u00a0Il arbore des bandes r\u00e9fl\u00e9chissantes conformes aux normes de s\u00e9curit\u00e9 (souvent cit\u00e9 sous la norme\u00a0<strong class=\"Yjhzub\" data-complete=\"true\">CSA Z96-22<\/strong>).<\/span><\/li>\n<\/ul>\n<h6 class=\"otQkpb\" role=\"heading\" aria-level=\"3\" data-complete=\"true\" data-processed=\"true\">Design et Ajustements<\/h6>\n<div class=\"Y3BBE\" data-sfc-cp=\"\" data-hveid=\"CAEIBxAA\" data-complete=\"true\" data-processed=\"true\">Le mod\u00e8le est con\u00e7u pour offrir une protection pratique contre les intemp\u00e9ries :<span class=\"uJ19be notranslate\" data-wiz-uids=\"mb85tc_1p,mb85tc_1q\" data-complete=\"true\" data-processed=\"true\"><span class=\"vKEkVd\" data-animation-atomic=\"\" data-wiz-attrbind=\"class=mb85tc_1o\/TKHnVd\" data-sae=\"\"><span aria-hidden=\"true\">\u00a0<\/span><button class=\"rBl3me\" tabindex=\"0\" data-amic=\"true\" data-icl-uuid=\"0cd73410-e149-4da8-94dd-4ef148ff0ceb\" aria-label=\"Afficher les liens associ\u00e9s\" data-wiz-attrbind=\"disabled=mb85tc_1o\/C5gNJc;aria-label=mb85tc_1o\/bOjMyf;class=mb85tc_1o\/UpSNec\" data-ved=\"2ahUKEwj6kdrMxdSSAxXjFFkFHa04DuoQye0OegYIAQgHEAE\"><\/button><\/span><\/span><\/div>\n<ul class=\"KsbFXc U6u95\" data-complete=\"true\" data-processed=\"true\">\n<li data-hveid=\"CAEICBAA\" data-complete=\"true\" data-sae=\"\"><span class=\"T286Pc\" data-sfc-cp=\"\" data-complete=\"true\"><strong class=\"Yjhzub\" data-complete=\"true\">Fermetures :<\/strong>\u00a0Fermeture \u00e9clair centrale prot\u00e9g\u00e9e par un rabat avec\u00a0<strong class=\"Yjhzub\" data-complete=\"true\">Velcro<\/strong>.<\/span><\/li>\n<li data-hveid=\"CAEICBAB\" data-complete=\"true\" data-sae=\"\"><span class=\"T286Pc\" data-sfc-cp=\"\" data-complete=\"true\"><strong class=\"Yjhzub\" data-complete=\"true\">Ajustements :<\/strong>\u00a0Poignets ajustables avec Velcro pour une meilleure isolation.<\/span><\/li>\n<li data-hveid=\"CAEICBAC\" data-complete=\"true\" data-sae=\"\"><span class=\"T286Pc\" data-sfc-cp=\"\" data-complete=\"true\" aria-owns=\"action-menu-parent-container\"><strong class=\"Yjhzub\" data-complete=\"true\">Poches :<\/strong>\u00a0Pr\u00e9sence de poches avant avec rabat ou fermeture \u00e9clair selon les variantes du mod\u00e8le.<\/span><\/li>\n<\/ul>\n<p><img decoding=\"async\" class=\"alignnone wp-image-40620\" src=\"https:\/\/autravail.ca\/wp-content\/uploads\/2025\/09\/Jachete-quebec-et-canada.jpg\" alt=\"Logo de l'achat local\" width=\"162\" height=\"139\" \/>Merci d&rsquo;encourager une entreprise 100% d&rsquo;ici!<\/p>\n<p>TS2602H<\/p>\n<\/div>\n<div class=\"product-properties\" data-hook=\"product_properties\"><\/div>","protected":false},"excerpt":{"rendered":"<p>Manteau imperm\u00e9able &#8211; 87-R-99-1REF Manteau imperm\u00e9able &#8211; 87-R-99-1REF haute visibilit\u00e9 respirant avec coutures scell\u00e9es, en nylon Endura 600 Deniers. Il poss\u00e8de des bandes r\u00e9fl\u00e9chissantes, un capuchon d\u00e9tachable avec visi\u00e8res lat\u00e9rales transparentes, une doublure en tissu de maille au corps et en nylon dans les manches, une fermeture \u00e9clair centrale avec rabat \u00e0 Velcro, des Velcro [&hellip;]<\/p>","protected":false},"featured_media":44200,"comment_status":"open","ping_status":"closed","template":"","meta":[],"product_cat":[602,609,604,658],"product_tag":[242,280,250],"class_list":{"0":"post-29806","1":"product","2":"type-product","3":"status-publish","4":"has-post-thumbnail","6":"product_brand-ganka","7":"product_cat-hommes","8":"product_cat-impermeables","9":"product_cat-vetements-de-travail","10":"product_cat-vetements-haute-visibilite","11":"product_tag-homme","12":"product_tag-impermeables","13":"product_tag-manteaux","15":"first","16":"instock","17":"taxable","18":"shipping-taxable","19":"purchasable","20":"product-type-variable"},"yoast_head":"<!-- This site is optimized with the Yoast SEO plugin v25.3.1 - https:\/\/yoast.com\/wordpress\/plugins\/seo\/ -->\n<title>Manteau imperm\u00e9able - 87-R-99-1REF - Le Magasin Industriel<\/title>\n<meta name=\"description\" content=\"Manteau imperm\u00e9able - 87-R-99-1REF, haute visibilit\u00e9, respirant avec coutures scell\u00e9es. Doublure en tissu de maille au corps\" \/>\n<meta name=\"robots\" content=\"index, follow, max-snippet:-1, max-image-preview:large, max-video-preview:-1\" \/>\n<link rel=\"canonical\" href=\"https:\/\/autravail.ca\/en\/product\/manteau-impermeable-87-r-99-1ref\/\" \/>\n<meta property=\"og:locale\" content=\"en_US\" \/>\n<meta property=\"og:type\" content=\"article\" \/>\n<meta property=\"og:title\" content=\"Manteau imperm\u00e9able - 87-R-99-1REF - Le Magasin Industriel\" \/>\n<meta property=\"og:description\" content=\"Manteau imperm\u00e9able - 87-R-99-1REF, haute visibilit\u00e9, respirant avec coutures scell\u00e9es. Doublure en tissu de maille au corps\" \/>\n<meta property=\"og:url\" content=\"https:\/\/autravail.ca\/en\/product\/manteau-impermeable-87-r-99-1ref\/\" \/>\n<meta property=\"og:site_name\" content=\"Le Magasin Industriel\" \/>\n<meta property=\"article:publisher\" content=\"https:\/\/www.facebook.com\/lemagasinindustriel\/?locale=fr_FR\" \/>\n<meta property=\"article:modified_time\" content=\"2026-02-12T18:20:01+00:00\" \/>\n<meta property=\"og:image\" content=\"https:\/\/autravail.ca\/wp-content\/uploads\/2025\/05\/87-R-991_BK_A01.jpg\" \/>\n\t<meta property=\"og:image:width\" content=\"1000\" \/>\n\t<meta property=\"og:image:height\" content=\"1000\" \/>\n\t<meta property=\"og:image:type\" content=\"image\/jpeg\" \/>\n<meta name=\"twitter:card\" content=\"summary_large_image\" \/>\n<meta name=\"twitter:label1\" content=\"Est. reading time\" \/>\n\t<meta name=\"twitter:data1\" content=\"2 minutes\" \/>\n<script type=\"application\/ld+json\" class=\"yoast-schema-graph\">{\"@context\":\"https:\/\/schema.org\",\"@graph\":[{\"@type\":\"WebPage\",\"@id\":\"https:\/\/autravail.ca\/product\/manteau-impermeable-87-r-99-1ref\/\",\"url\":\"https:\/\/autravail.ca\/product\/manteau-impermeable-87-r-99-1ref\/\",\"name\":\"Manteau imperm\u00e9able - 87-R-99-1REF - Le Magasin Industriel\",\"isPartOf\":{\"@id\":\"https:\/\/autravail.ca\/#website\"},\"primaryImageOfPage\":{\"@id\":\"https:\/\/autravail.ca\/product\/manteau-impermeable-87-r-99-1ref\/#primaryimage\"},\"image\":{\"@id\":\"https:\/\/autravail.ca\/product\/manteau-impermeable-87-r-99-1ref\/#primaryimage\"},\"thumbnailUrl\":\"https:\/\/autravail.ca\/wp-content\/uploads\/2025\/05\/87-R-991_BK_A01.jpg\",\"datePublished\":\"2025-05-08T06:36:07+00:00\",\"dateModified\":\"2026-02-12T18:20:01+00:00\",\"description\":\"Manteau imperm\u00e9able - 87-R-99-1REF, haute visibilit\u00e9, respirant avec coutures scell\u00e9es. Doublure en tissu de maille au corps\",\"breadcrumb\":{\"@id\":\"https:\/\/autravail.ca\/product\/manteau-impermeable-87-r-99-1ref\/#breadcrumb\"},\"inLanguage\":\"en-CA\",\"potentialAction\":[{\"@type\":\"ReadAction\",\"target\":[\"https:\/\/autravail.ca\/product\/manteau-impermeable-87-r-99-1ref\/\"]}]},{\"@type\":\"ImageObject\",\"inLanguage\":\"en-CA\",\"@id\":\"https:\/\/autravail.ca\/product\/manteau-impermeable-87-r-99-1ref\/#primaryimage\",\"url\":\"https:\/\/autravail.ca\/wp-content\/uploads\/2025\/05\/87-R-991_BK_A01.jpg\",\"contentUrl\":\"https:\/\/autravail.ca\/wp-content\/uploads\/2025\/05\/87-R-991_BK_A01.jpg\",\"width\":1000,\"height\":1000},{\"@type\":\"BreadcrumbList\",\"@id\":\"https:\/\/autravail.ca\/product\/manteau-impermeable-87-r-99-1ref\/#breadcrumb\",\"itemListElement\":[{\"@type\":\"ListItem\",\"position\":1,\"name\":\"Accueil\",\"item\":\"https:\/\/autravail.ca\/\"},{\"@type\":\"ListItem\",\"position\":2,\"name\":\"Magasin\",\"item\":\"https:\/\/autravail.ca\/en\/shop\/\"},{\"@type\":\"ListItem\",\"position\":3,\"name\":\"Manteau imperm\u00e9able &#8211; 87-R-99-1REF\"}]},{\"@type\":\"WebSite\",\"@id\":\"https:\/\/autravail.ca\/#website\",\"url\":\"https:\/\/autravail.ca\/\",\"name\":\"Le Magasin Industriel\",\"description\":\"50 ans de tradition de s\u00e9curit\u00e9 au travail\",\"publisher\":{\"@id\":\"https:\/\/autravail.ca\/#organization\"},\"potentialAction\":[{\"@type\":\"SearchAction\",\"target\":{\"@type\":\"EntryPoint\",\"urlTemplate\":\"https:\/\/autravail.ca\/?s={search_term_string}\"},\"query-input\":{\"@type\":\"PropertyValueSpecification\",\"valueRequired\":true,\"valueName\":\"search_term_string\"}}],\"inLanguage\":\"en-CA\"},{\"@type\":\"Organization\",\"@id\":\"https:\/\/autravail.ca\/#organization\",\"name\":\"Le Magasin Industriel\",\"url\":\"https:\/\/autravail.ca\/\",\"logo\":{\"@type\":\"ImageObject\",\"inLanguage\":\"en-CA\",\"@id\":\"https:\/\/autravail.ca\/#\/schema\/logo\/image\/\",\"url\":\"https:\/\/autravail.ca\/wp-content\/uploads\/2025\/05\/cropped-magasin_industriel_120x.avif\",\"contentUrl\":\"https:\/\/autravail.ca\/wp-content\/uploads\/2025\/05\/cropped-magasin_industriel_120x.avif\",\"width\":120,\"height\":24,\"caption\":\"Le Magasin Industriel\"},\"image\":{\"@id\":\"https:\/\/autravail.ca\/#\/schema\/logo\/image\/\"},\"sameAs\":[\"https:\/\/www.facebook.com\/lemagasinindustriel\/?locale=fr_FR\"]}]}<\/script>\n<!-- \/ Yoast SEO plugin. -->","yoast_head_json":{"title":"Manteau imperm\u00e9able - 87-R-99-1REF - Le Magasin Industriel","description":"Manteau imperm\u00e9able - 87-R-99-1REF, haute visibilit\u00e9, respirant avec coutures scell\u00e9es. Doublure en tissu de maille au corps","robots":{"index":"index","follow":"follow","max-snippet":"max-snippet:-1","max-image-preview":"max-image-preview:large","max-video-preview":"max-video-preview:-1"},"canonical":"https:\/\/autravail.ca\/en\/product\/manteau-impermeable-87-r-99-1ref\/","og_locale":"en_US","og_type":"article","og_title":"Manteau imperm\u00e9able - 87-R-99-1REF - Le Magasin Industriel","og_description":"Manteau imperm\u00e9able - 87-R-99-1REF, haute visibilit\u00e9, respirant avec coutures scell\u00e9es. Doublure en tissu de maille au corps","og_url":"https:\/\/autravail.ca\/en\/product\/manteau-impermeable-87-r-99-1ref\/","og_site_name":"Le Magasin Industriel","article_publisher":"https:\/\/www.facebook.com\/lemagasinindustriel\/?locale=fr_FR","article_modified_time":"2026-02-12T18:20:01+00:00","og_image":[{"width":1000,"height":1000,"url":"https:\/\/autravail.ca\/wp-content\/uploads\/2025\/05\/87-R-991_BK_A01.jpg","type":"image\/jpeg"}],"twitter_card":"summary_large_image","twitter_misc":{"Est. reading time":"2 minutes"},"schema":{"@context":"https:\/\/schema.org","@graph":[{"@type":"WebPage","@id":"https:\/\/autravail.ca\/product\/manteau-impermeable-87-r-99-1ref\/","url":"https:\/\/autravail.ca\/product\/manteau-impermeable-87-r-99-1ref\/","name":"Manteau imperm\u00e9able - 87-R-99-1REF - Le Magasin Industriel","isPartOf":{"@id":"https:\/\/autravail.ca\/#website"},"primaryImageOfPage":{"@id":"https:\/\/autravail.ca\/product\/manteau-impermeable-87-r-99-1ref\/#primaryimage"},"image":{"@id":"https:\/\/autravail.ca\/product\/manteau-impermeable-87-r-99-1ref\/#primaryimage"},"thumbnailUrl":"https:\/\/autravail.ca\/wp-content\/uploads\/2025\/05\/87-R-991_BK_A01.jpg","datePublished":"2025-05-08T06:36:07+00:00","dateModified":"2026-02-12T18:20:01+00:00","description":"Manteau imperm\u00e9able - 87-R-99-1REF, haute visibilit\u00e9, respirant avec coutures scell\u00e9es. Doublure en tissu de maille au corps","breadcrumb":{"@id":"https:\/\/autravail.ca\/product\/manteau-impermeable-87-r-99-1ref\/#breadcrumb"},"inLanguage":"en-CA","potentialAction":[{"@type":"ReadAction","target":["https:\/\/autravail.ca\/product\/manteau-impermeable-87-r-99-1ref\/"]}]},{"@type":"ImageObject","inLanguage":"en-CA","@id":"https:\/\/autravail.ca\/product\/manteau-impermeable-87-r-99-1ref\/#primaryimage","url":"https:\/\/autravail.ca\/wp-content\/uploads\/2025\/05\/87-R-991_BK_A01.jpg","contentUrl":"https:\/\/autravail.ca\/wp-content\/uploads\/2025\/05\/87-R-991_BK_A01.jpg","width":1000,"height":1000},{"@type":"BreadcrumbList","@id":"https:\/\/autravail.ca\/product\/manteau-impermeable-87-r-99-1ref\/#breadcrumb","itemListElement":[{"@type":"ListItem","position":1,"name":"Accueil","item":"https:\/\/autravail.ca\/"},{"@type":"ListItem","position":2,"name":"Magasin","item":"https:\/\/autravail.ca\/en\/shop\/"},{"@type":"ListItem","position":3,"name":"Manteau imperm\u00e9able &#8211; 87-R-99-1REF"}]},{"@type":"WebSite","@id":"https:\/\/autravail.ca\/#website","url":"https:\/\/autravail.ca\/","name":"Le Magasin Industriel","description":"50 ans de tradition de s\u00e9curit\u00e9 au travail","publisher":{"@id":"https:\/\/autravail.ca\/#organization"},"potentialAction":[{"@type":"SearchAction","target":{"@type":"EntryPoint","urlTemplate":"https:\/\/autravail.ca\/?s={search_term_string}"},"query-input":{"@type":"PropertyValueSpecification","valueRequired":true,"valueName":"search_term_string"}}],"inLanguage":"en-CA"},{"@type":"Organization","@id":"https:\/\/autravail.ca\/#organization","name":"Le Magasin Industriel","url":"https:\/\/autravail.ca\/","logo":{"@type":"ImageObject","inLanguage":"en-CA","@id":"https:\/\/autravail.ca\/#\/schema\/logo\/image\/","url":"https:\/\/autravail.ca\/wp-content\/uploads\/2025\/05\/cropped-magasin_industriel_120x.avif","contentUrl":"https:\/\/autravail.ca\/wp-content\/uploads\/2025\/05\/cropped-magasin_industriel_120x.avif","width":120,"height":24,"caption":"Le Magasin Industriel"},"image":{"@id":"https:\/\/autravail.ca\/#\/schema\/logo\/image\/"},"sameAs":["https:\/\/www.facebook.com\/lemagasinindustriel\/?locale=fr_FR"]}]}},"jetpack_sharing_enabled":true,"_links":{"self":[{"href":"https:\/\/autravail.ca\/en\/wp-json\/wp\/v2\/product\/29806","targetHints":{"allow":["GET"]}}],"collection":[{"href":"https:\/\/autravail.ca\/en\/wp-json\/wp\/v2\/product"}],"about":[{"href":"https:\/\/autravail.ca\/en\/wp-json\/wp\/v2\/types\/product"}],"replies":[{"embeddable":true,"href":"https:\/\/autravail.ca\/en\/wp-json\/wp\/v2\/comments?post=29806"}],"wp:featuredmedia":[{"embeddable":true,"href":"https:\/\/autravail.ca\/en\/wp-json\/wp\/v2\/media\/44200"}],"wp:attachment":[{"href":"https:\/\/autravail.ca\/en\/wp-json\/wp\/v2\/media?parent=29806"}],"wp:term":[{"taxonomy":"product_cat","embeddable":true,"href":"https:\/\/autravail.ca\/en\/wp-json\/wp\/v2\/product_cat?post=29806"},{"taxonomy":"product_tag","embeddable":true,"href":"https:\/\/autravail.ca\/en\/wp-json\/wp\/v2\/product_tag?post=29806"}],"curies":[{"name":"wp","href":"https:\/\/api.w.org\/{rel}","templated":true}]}}