{"id":29803,"date":"2025-05-08T06:36:07","date_gmt":"2025-05-08T06:36:07","guid":{"rendered":"https:\/\/meteoquebec.ca\/?post_type=product&#038;p=29803"},"modified":"2026-02-11T17:47:38","modified_gmt":"2026-02-11T21:47:38","slug":"ensemble-impermeable-87-r-72","status":"publish","type":"product","link":"https:\/\/autravail.ca\/en\/product\/ensemble-impermeable-87-r-72\/","title":{"rendered":"Ensemble imperm\u00e9able &#8211; 87-R-72"},"content":{"rendered":"<h3>Ensemble imperm\u00e9able &#8211; 87-R-72<\/h3>\n<p>Ensemble imperm\u00e9able &#8211; 87-R-72 de <a href=\"https:\/\/autravail.ca\/en\/product-brand\/ganka\/\">Ganka<\/a> est un v\u00eatement de travail con\u00e7u pour offrir une protection robuste contre la pluie.<\/p>\n<h6 class=\"otQkpb\" role=\"heading\" aria-level=\"3\" data-complete=\"true\" data-processed=\"true\">Composantes et Mat\u00e9riaux<span class=\"uJ19be notranslate\" data-wiz-uids=\"Vo3BG_m,Vo3BG_n\" data-complete=\"true\"><span class=\"vKEkVd\" data-animation-atomic=\"\" data-wiz-attrbind=\"class=Vo3BG_l\/TKHnVd\" data-sae=\"\"><span aria-hidden=\"true\">\u00a0<\/span><\/span><\/span><\/h6>\n<div class=\"Y3BBE\" data-sfc-cp=\"\" data-hveid=\"CAEIBBAA\" data-complete=\"true\" data-processed=\"true\">Cet ensemble 2 pi\u00e8ces comprend un manteau et une salopette \u00e0 bavette :<\/div>\n<ul class=\"KsbFXc U6u95\" data-complete=\"true\" data-processed=\"true\">\n<li data-hveid=\"CAEIBRAA\" data-complete=\"true\" data-sae=\"\"><span class=\"T286Pc\" data-sfc-cp=\"\" data-complete=\"true\"><strong class=\"Yjhzub\" data-complete=\"true\">Tissu<\/strong>\u00a0: Fabriqu\u00e9 en\u00a0<strong class=\"Yjhzub\" data-complete=\"true\">nylon 220 deniers<\/strong>\u00a0avec un enduit\u00a0<strong class=\"Yjhzub\" data-complete=\"true\">PVC<\/strong>.<\/span><\/li>\n<li data-hveid=\"CAEIBRAB\" data-complete=\"true\" data-sae=\"\"><span class=\"T286Pc\" data-sfc-cp=\"\" data-complete=\"true\"><strong class=\"Yjhzub\" data-complete=\"true\">\u00c9tanch\u00e9it\u00e9<\/strong>\u00a0: Toutes les coutures sont scell\u00e9es pour garantir une imperm\u00e9abilit\u00e9 totale.<\/span><\/li>\n<li data-hveid=\"CAEIBRAC\" data-complete=\"true\" data-sae=\"\"><span class=\"T286Pc\" data-sfc-cp=\"\" data-complete=\"true\" aria-owns=\"action-menu-parent-container\"><strong class=\"Yjhzub\" data-complete=\"true\">Respirabilit\u00e9<\/strong>\u00a0: Le manteau dispose d&rsquo;une doublure en tissu de maille (mesh) au corps pour am\u00e9liorer la circulation d&rsquo;air.<\/span><\/li>\n<\/ul>\n<h6 class=\"otQkpb\" role=\"heading\" aria-level=\"3\" data-complete=\"true\" data-processed=\"true\">D\u00e9tails pratiques<\/h6>\n<ul class=\"KsbFXc U6u95\" data-complete=\"true\" data-processed=\"true\">\n<li data-hveid=\"CAEICRAA\" data-complete=\"true\" data-sae=\"\"><span class=\"T286Pc\" data-sfc-cp=\"\" data-complete=\"true\"><strong class=\"Yjhzub\" data-complete=\"true\">Salopette<\/strong>\u00a0: Munie de bretelles \u00e9lastiques ajustables et de fermetures Velcro aux chevilles pour un ajustement pr\u00e9cis.<\/span><\/li>\n<li data-hveid=\"CAEICRAB\" data-complete=\"true\" data-sae=\"\"><span class=\"T286Pc\" data-sfc-cp=\"\" data-complete=\"true\"><strong class=\"Yjhzub\" data-complete=\"true\">Manteau<\/strong>\u00a0: Fermeture \u00e9clair centrale avec rabat de protection, poignets ajustables avec Velcro et poches \u00e0 rabat \u00e0 l&rsquo;avant.<\/span><\/li>\n<li data-hveid=\"CAEICRAC\" data-complete=\"true\" data-sae=\"\"><span class=\"T286Pc\" data-sfc-cp=\"\" data-complete=\"true\" aria-owns=\"action-menu-parent-container\"><strong class=\"Yjhzub\" data-complete=\"true\">Rangement<\/strong>\u00a0: L&rsquo;ensemble est souvent livr\u00e9 avec une pochette de rangement pratique.<\/span><\/li>\n<\/ul>\n<p><img decoding=\"async\" class=\"alignnone wp-image-40620\" src=\"https:\/\/autravail.ca\/wp-content\/uploads\/2025\/09\/Jachete-quebec-et-canada.jpg\" alt=\"Logo de l'achat local\" width=\"162\" height=\"139\" \/>Merci d&rsquo;encourager une entreprise 100% d&rsquo;ici!<\/p>\n<p>TS2602H<\/p>","protected":false},"excerpt":{"rendered":"<p>Ensemble imperm\u00e9able &#8211; 87-R-72 Ensemble imperm\u00e9able &#8211; 87-R-72 de Ganka est un v\u00eatement de travail con\u00e7u pour offrir une protection robuste contre la pluie. Composantes et Mat\u00e9riaux\u00a0 Cet ensemble 2 pi\u00e8ces comprend un manteau et une salopette \u00e0 bavette : Tissu\u00a0: Fabriqu\u00e9 en\u00a0nylon 220 deniers\u00a0avec un enduit\u00a0PVC. \u00c9tanch\u00e9it\u00e9\u00a0: Toutes les coutures sont scell\u00e9es pour garantir [&hellip;]<\/p>","protected":false},"featured_media":44176,"comment_status":"open","ping_status":"closed","template":"","meta":[],"product_cat":[711,602,609,604],"product_tag":[242,280],"class_list":{"0":"post-29803","1":"product","2":"type-product","3":"status-publish","4":"has-post-thumbnail","6":"product_brand-ganka","7":"product_cat-ganka","8":"product_cat-hommes","9":"product_cat-impermeables","10":"product_cat-vetements-de-travail","11":"product_tag-homme","12":"product_tag-impermeables","14":"first","15":"instock","16":"taxable","17":"shipping-taxable","18":"purchasable","19":"product-type-variable"},"yoast_head":"<!-- This site is optimized with the Yoast SEO plugin v25.3.1 - https:\/\/yoast.com\/wordpress\/plugins\/seo\/ -->\n<title>Ensemble imperm\u00e9able - 87-R-72 - Le Magasin Industriel<\/title>\n<meta name=\"description\" content=\"Ensemble imperm\u00e9able - 87-R-72, fabriqu\u00e9 en nylon 200 deniers avec enduit PVC, coutures scell\u00e9es, doublure en tissu de maille\" \/>\n<meta name=\"robots\" content=\"index, follow, max-snippet:-1, max-image-preview:large, max-video-preview:-1\" \/>\n<link rel=\"canonical\" href=\"https:\/\/autravail.ca\/en\/product\/ensemble-impermeable-87-r-72\/\" \/>\n<meta property=\"og:locale\" content=\"en_US\" \/>\n<meta property=\"og:type\" content=\"article\" \/>\n<meta property=\"og:title\" content=\"Ensemble imperm\u00e9able - 87-R-72 - Le Magasin Industriel\" \/>\n<meta property=\"og:description\" content=\"Ensemble imperm\u00e9able - 87-R-72, fabriqu\u00e9 en nylon 200 deniers avec enduit PVC, coutures scell\u00e9es, doublure en tissu de maille\" \/>\n<meta property=\"og:url\" content=\"https:\/\/autravail.ca\/en\/product\/ensemble-impermeable-87-r-72\/\" \/>\n<meta property=\"og:site_name\" content=\"Le Magasin Industriel\" \/>\n<meta property=\"article:publisher\" content=\"https:\/\/www.facebook.com\/lemagasinindustriel\/?locale=fr_FR\" \/>\n<meta property=\"article:modified_time\" content=\"2026-02-11T21:47:38+00:00\" \/>\n<meta property=\"og:image\" content=\"https:\/\/autravail.ca\/wp-content\/uploads\/2025\/05\/87-R-72_NV_A01.jpg\" \/>\n\t<meta property=\"og:image:width\" content=\"1000\" \/>\n\t<meta property=\"og:image:height\" content=\"1000\" \/>\n\t<meta property=\"og:image:type\" content=\"image\/jpeg\" \/>\n<meta name=\"twitter:card\" content=\"summary_large_image\" \/>\n<meta name=\"twitter:label1\" content=\"Est. reading time\" \/>\n\t<meta name=\"twitter:data1\" content=\"2 minutes\" \/>\n<script type=\"application\/ld+json\" class=\"yoast-schema-graph\">{\"@context\":\"https:\/\/schema.org\",\"@graph\":[{\"@type\":\"WebPage\",\"@id\":\"https:\/\/autravail.ca\/product\/ensemble-impermeable-87-r-72\/\",\"url\":\"https:\/\/autravail.ca\/product\/ensemble-impermeable-87-r-72\/\",\"name\":\"Ensemble imperm\u00e9able - 87-R-72 - Le Magasin Industriel\",\"isPartOf\":{\"@id\":\"https:\/\/autravail.ca\/#website\"},\"primaryImageOfPage\":{\"@id\":\"https:\/\/autravail.ca\/product\/ensemble-impermeable-87-r-72\/#primaryimage\"},\"image\":{\"@id\":\"https:\/\/autravail.ca\/product\/ensemble-impermeable-87-r-72\/#primaryimage\"},\"thumbnailUrl\":\"https:\/\/autravail.ca\/wp-content\/uploads\/2025\/05\/87-R-72_NV_A01.jpg\",\"datePublished\":\"2025-05-08T06:36:07+00:00\",\"dateModified\":\"2026-02-11T21:47:38+00:00\",\"description\":\"Ensemble imperm\u00e9able - 87-R-72, fabriqu\u00e9 en nylon 200 deniers avec enduit PVC, coutures scell\u00e9es, doublure en tissu de maille\",\"breadcrumb\":{\"@id\":\"https:\/\/autravail.ca\/product\/ensemble-impermeable-87-r-72\/#breadcrumb\"},\"inLanguage\":\"en-CA\",\"potentialAction\":[{\"@type\":\"ReadAction\",\"target\":[\"https:\/\/autravail.ca\/product\/ensemble-impermeable-87-r-72\/\"]}]},{\"@type\":\"ImageObject\",\"inLanguage\":\"en-CA\",\"@id\":\"https:\/\/autravail.ca\/product\/ensemble-impermeable-87-r-72\/#primaryimage\",\"url\":\"https:\/\/autravail.ca\/wp-content\/uploads\/2025\/05\/87-R-72_NV_A01.jpg\",\"contentUrl\":\"https:\/\/autravail.ca\/wp-content\/uploads\/2025\/05\/87-R-72_NV_A01.jpg\",\"width\":1000,\"height\":1000},{\"@type\":\"BreadcrumbList\",\"@id\":\"https:\/\/autravail.ca\/product\/ensemble-impermeable-87-r-72\/#breadcrumb\",\"itemListElement\":[{\"@type\":\"ListItem\",\"position\":1,\"name\":\"Accueil\",\"item\":\"https:\/\/autravail.ca\/\"},{\"@type\":\"ListItem\",\"position\":2,\"name\":\"Magasin\",\"item\":\"https:\/\/autravail.ca\/en\/shop\/\"},{\"@type\":\"ListItem\",\"position\":3,\"name\":\"Ensemble imperm\u00e9able &#8211; 87-R-72\"}]},{\"@type\":\"WebSite\",\"@id\":\"https:\/\/autravail.ca\/#website\",\"url\":\"https:\/\/autravail.ca\/\",\"name\":\"Le Magasin Industriel\",\"description\":\"50 ans de tradition de s\u00e9curit\u00e9 au travail\",\"publisher\":{\"@id\":\"https:\/\/autravail.ca\/#organization\"},\"potentialAction\":[{\"@type\":\"SearchAction\",\"target\":{\"@type\":\"EntryPoint\",\"urlTemplate\":\"https:\/\/autravail.ca\/?s={search_term_string}\"},\"query-input\":{\"@type\":\"PropertyValueSpecification\",\"valueRequired\":true,\"valueName\":\"search_term_string\"}}],\"inLanguage\":\"en-CA\"},{\"@type\":\"Organization\",\"@id\":\"https:\/\/autravail.ca\/#organization\",\"name\":\"Le Magasin Industriel\",\"url\":\"https:\/\/autravail.ca\/\",\"logo\":{\"@type\":\"ImageObject\",\"inLanguage\":\"en-CA\",\"@id\":\"https:\/\/autravail.ca\/#\/schema\/logo\/image\/\",\"url\":\"https:\/\/autravail.ca\/wp-content\/uploads\/2025\/05\/cropped-magasin_industriel_120x.avif\",\"contentUrl\":\"https:\/\/autravail.ca\/wp-content\/uploads\/2025\/05\/cropped-magasin_industriel_120x.avif\",\"width\":120,\"height\":24,\"caption\":\"Le Magasin Industriel\"},\"image\":{\"@id\":\"https:\/\/autravail.ca\/#\/schema\/logo\/image\/\"},\"sameAs\":[\"https:\/\/www.facebook.com\/lemagasinindustriel\/?locale=fr_FR\"]}]}<\/script>\n<!-- \/ Yoast SEO plugin. -->","yoast_head_json":{"title":"Ensemble imperm\u00e9able - 87-R-72 - Le Magasin Industriel","description":"Ensemble imperm\u00e9able - 87-R-72, fabriqu\u00e9 en nylon 200 deniers avec enduit PVC, coutures scell\u00e9es, doublure en tissu de maille","robots":{"index":"index","follow":"follow","max-snippet":"max-snippet:-1","max-image-preview":"max-image-preview:large","max-video-preview":"max-video-preview:-1"},"canonical":"https:\/\/autravail.ca\/en\/product\/ensemble-impermeable-87-r-72\/","og_locale":"en_US","og_type":"article","og_title":"Ensemble imperm\u00e9able - 87-R-72 - Le Magasin Industriel","og_description":"Ensemble imperm\u00e9able - 87-R-72, fabriqu\u00e9 en nylon 200 deniers avec enduit PVC, coutures scell\u00e9es, doublure en tissu de maille","og_url":"https:\/\/autravail.ca\/en\/product\/ensemble-impermeable-87-r-72\/","og_site_name":"Le Magasin Industriel","article_publisher":"https:\/\/www.facebook.com\/lemagasinindustriel\/?locale=fr_FR","article_modified_time":"2026-02-11T21:47:38+00:00","og_image":[{"width":1000,"height":1000,"url":"https:\/\/autravail.ca\/wp-content\/uploads\/2025\/05\/87-R-72_NV_A01.jpg","type":"image\/jpeg"}],"twitter_card":"summary_large_image","twitter_misc":{"Est. reading time":"2 minutes"},"schema":{"@context":"https:\/\/schema.org","@graph":[{"@type":"WebPage","@id":"https:\/\/autravail.ca\/product\/ensemble-impermeable-87-r-72\/","url":"https:\/\/autravail.ca\/product\/ensemble-impermeable-87-r-72\/","name":"Ensemble imperm\u00e9able - 87-R-72 - Le Magasin Industriel","isPartOf":{"@id":"https:\/\/autravail.ca\/#website"},"primaryImageOfPage":{"@id":"https:\/\/autravail.ca\/product\/ensemble-impermeable-87-r-72\/#primaryimage"},"image":{"@id":"https:\/\/autravail.ca\/product\/ensemble-impermeable-87-r-72\/#primaryimage"},"thumbnailUrl":"https:\/\/autravail.ca\/wp-content\/uploads\/2025\/05\/87-R-72_NV_A01.jpg","datePublished":"2025-05-08T06:36:07+00:00","dateModified":"2026-02-11T21:47:38+00:00","description":"Ensemble imperm\u00e9able - 87-R-72, fabriqu\u00e9 en nylon 200 deniers avec enduit PVC, coutures scell\u00e9es, doublure en tissu de maille","breadcrumb":{"@id":"https:\/\/autravail.ca\/product\/ensemble-impermeable-87-r-72\/#breadcrumb"},"inLanguage":"en-CA","potentialAction":[{"@type":"ReadAction","target":["https:\/\/autravail.ca\/product\/ensemble-impermeable-87-r-72\/"]}]},{"@type":"ImageObject","inLanguage":"en-CA","@id":"https:\/\/autravail.ca\/product\/ensemble-impermeable-87-r-72\/#primaryimage","url":"https:\/\/autravail.ca\/wp-content\/uploads\/2025\/05\/87-R-72_NV_A01.jpg","contentUrl":"https:\/\/autravail.ca\/wp-content\/uploads\/2025\/05\/87-R-72_NV_A01.jpg","width":1000,"height":1000},{"@type":"BreadcrumbList","@id":"https:\/\/autravail.ca\/product\/ensemble-impermeable-87-r-72\/#breadcrumb","itemListElement":[{"@type":"ListItem","position":1,"name":"Accueil","item":"https:\/\/autravail.ca\/"},{"@type":"ListItem","position":2,"name":"Magasin","item":"https:\/\/autravail.ca\/en\/shop\/"},{"@type":"ListItem","position":3,"name":"Ensemble imperm\u00e9able &#8211; 87-R-72"}]},{"@type":"WebSite","@id":"https:\/\/autravail.ca\/#website","url":"https:\/\/autravail.ca\/","name":"Le Magasin Industriel","description":"50 ans de tradition de s\u00e9curit\u00e9 au travail","publisher":{"@id":"https:\/\/autravail.ca\/#organization"},"potentialAction":[{"@type":"SearchAction","target":{"@type":"EntryPoint","urlTemplate":"https:\/\/autravail.ca\/?s={search_term_string}"},"query-input":{"@type":"PropertyValueSpecification","valueRequired":true,"valueName":"search_term_string"}}],"inLanguage":"en-CA"},{"@type":"Organization","@id":"https:\/\/autravail.ca\/#organization","name":"Le Magasin Industriel","url":"https:\/\/autravail.ca\/","logo":{"@type":"ImageObject","inLanguage":"en-CA","@id":"https:\/\/autravail.ca\/#\/schema\/logo\/image\/","url":"https:\/\/autravail.ca\/wp-content\/uploads\/2025\/05\/cropped-magasin_industriel_120x.avif","contentUrl":"https:\/\/autravail.ca\/wp-content\/uploads\/2025\/05\/cropped-magasin_industriel_120x.avif","width":120,"height":24,"caption":"Le Magasin Industriel"},"image":{"@id":"https:\/\/autravail.ca\/#\/schema\/logo\/image\/"},"sameAs":["https:\/\/www.facebook.com\/lemagasinindustriel\/?locale=fr_FR"]}]}},"jetpack_sharing_enabled":true,"_links":{"self":[{"href":"https:\/\/autravail.ca\/en\/wp-json\/wp\/v2\/product\/29803","targetHints":{"allow":["GET"]}}],"collection":[{"href":"https:\/\/autravail.ca\/en\/wp-json\/wp\/v2\/product"}],"about":[{"href":"https:\/\/autravail.ca\/en\/wp-json\/wp\/v2\/types\/product"}],"replies":[{"embeddable":true,"href":"https:\/\/autravail.ca\/en\/wp-json\/wp\/v2\/comments?post=29803"}],"wp:featuredmedia":[{"embeddable":true,"href":"https:\/\/autravail.ca\/en\/wp-json\/wp\/v2\/media\/44176"}],"wp:attachment":[{"href":"https:\/\/autravail.ca\/en\/wp-json\/wp\/v2\/media?parent=29803"}],"wp:term":[{"taxonomy":"product_cat","embeddable":true,"href":"https:\/\/autravail.ca\/en\/wp-json\/wp\/v2\/product_cat?post=29803"},{"taxonomy":"product_tag","embeddable":true,"href":"https:\/\/autravail.ca\/en\/wp-json\/wp\/v2\/product_tag?post=29803"}],"curies":[{"name":"wp","href":"https:\/\/api.w.org\/{rel}","templated":true}]}}