{"id":29474,"date":"2025-05-08T06:33:57","date_gmt":"2025-05-08T06:33:57","guid":{"rendered":"https:\/\/meteoquebec.ca\/?post_type=product&#038;p=29474"},"modified":"2025-12-05T05:11:12","modified_gmt":"2025-12-05T09:11:12","slug":"78166-manteau-avec-capuchon","status":"publish","type":"product","link":"https:\/\/autravail.ca\/en\/product\/78166-manteau-avec-capuchon\/","title":{"rendered":"78166 - HOODIE"},"content":{"rendered":"<p>Soft Hooded Outer Coat - Alphabroder <\/p>\n<ul>\n<li>Soft double-layered hooded outer coat.\n<ul>\n<ul>\n<ul>Fabric:<\/p>\n<li>Hydrophobic Preparation.<\/li>\n<li>96% polyester 4% bonded melton-plush elastane anti-pilling 100% polyester.<\/li>\n<\/ul>\n<\/ul>\n<\/ul>\n<ul>\n<ul>\n<ul>Characteristics:<\/p>\n<li>Soft and Extensible Exterior with Double Layer Performance, 7,5 oz\/vg2 \/ 255 g\/m2. Features:<\/li>\n<li>Water resistant preparation.<\/li>\n<li>Hood attached with toe protector in fleece.<\/li>\n<li>Raglan Sleeves with Articulation<\/li>\n<li>Asymmetrically styled patchwork in front with seams<\/li>\n<li>Pocket on right chest with contrasting reversed zipper and zipper tunnel.<\/li>\n<li>Contrasting reversed zipper at center front.<\/li>\n<li>Two hidden low pockets with contrasting zippers and brushed-knit lining.<\/li>\n<li>Access to audio port via inner left pocket.<\/li>\n<li>Adjustable cuffs with straps.<\/li>\n<li>Access to internal audio port in the left-hand pocket.<\/li>\n<li>Drawstring adjustable for thermal retention at the hood and cuff.<\/li>\n<\/ul>\n<\/ul>\n<\/ul>\n<\/li>\n<\/ul>","protected":false},"excerpt":{"rendered":"<p>Softshell Hooded Jacket  Alphabroder Two-layer bonded softshell hooded jacket. Fabric: Water-repellent finish. 96% polyester, 4% spandex bonded to 100% polyester anti-pill fleece. Features: Stretchy softshell with two-layer performance, 7.5 oz\/yd \/ 255 g\/m. Water-resistant finish. Attached hood with chin guard.<\/p>","protected":false},"featured_media":13235,"comment_status":"open","ping_status":"closed","template":"","meta":[],"product_cat":[15,633,610],"product_tag":[255],"class_list":{"0":"post-29474","1":"product","2":"type-product","3":"status-publish","4":"has-post-thumbnail","6":"product_brand-magasin-industriel","7":"product_cat-uncategorized","8":"product_cat-femmes","9":"product_cat-manteaux","10":"product_tag-femme","12":"first","13":"instock","14":"taxable","15":"shipping-taxable","16":"purchasable","17":"product-type-variable"},"yoast_head":"<!-- This site is optimized with the Yoast SEO plugin v25.3.1 - https:\/\/yoast.com\/wordpress\/plugins\/seo\/ -->\n<title>78166 - MANTEAU AVEC CAPUCHON - Le Magasin Industriel<\/title>\n<meta name=\"robots\" content=\"index, follow, max-snippet:-1, max-image-preview:large, max-video-preview:-1\" \/>\n<link rel=\"canonical\" href=\"https:\/\/autravail.ca\/en\/product\/78166-manteau-avec-capuchon\/\" \/>\n<meta property=\"og:locale\" content=\"en_US\" \/>\n<meta property=\"og:type\" content=\"article\" \/>\n<meta property=\"og:title\" content=\"78166 - MANTEAU AVEC CAPUCHON - Le Magasin Industriel\" \/>\n<meta property=\"og:description\" content=\"Manteau \u00e0 ext\u00e9rieur doux \u00e0 capuchon &#8211; Alphabroder Manteau \u00e0 ext\u00e9rieur doux \u00e0 capuchon de deux \u00e9paisseurs contrecoll\u00e9es. Tissu: Appr\u00eat hydrofuge. 96% polyester 4% \u00e9lasthanne contrecoll\u00e9 de molleton antiboulochage 100 % polyester. Caract\u00e9ristiques: Ext\u00e9rieur doux extensible avec performance de deux \u00e9paisseurs, 7,5 oz\/vg2 \/ 255 g\/m2. Caract\u00e9ristiques: Appr\u00eat r\u00e9sistant \u00e0 l&rsquo;eau. Capuchon attach\u00e9 avec prot\u00e8ge-menton [&hellip;]\" \/>\n<meta property=\"og:url\" content=\"https:\/\/autravail.ca\/en\/product\/78166-manteau-avec-capuchon\/\" \/>\n<meta property=\"og:site_name\" content=\"Le Magasin Industriel\" \/>\n<meta property=\"article:publisher\" content=\"https:\/\/www.facebook.com\/lemagasinindustriel\/?locale=fr_FR\" \/>\n<meta property=\"article:modified_time\" content=\"2025-12-05T09:11:12+00:00\" \/>\n<meta property=\"og:image\" content=\"https:\/\/autravail.ca\/wp-content\/uploads\/2025\/05\/78166_350.jpg\" \/>\n\t<meta property=\"og:image:width\" content=\"350\" \/>\n\t<meta property=\"og:image:height\" content=\"542\" \/>\n\t<meta property=\"og:image:type\" content=\"image\/jpeg\" \/>\n<meta name=\"twitter:card\" content=\"summary_large_image\" \/>\n<meta name=\"twitter:label1\" content=\"Est. reading time\" \/>\n\t<meta name=\"twitter:data1\" content=\"1 minute\" \/>\n<script type=\"application\/ld+json\" class=\"yoast-schema-graph\">{\"@context\":\"https:\/\/schema.org\",\"@graph\":[{\"@type\":\"WebPage\",\"@id\":\"https:\/\/autravail.ca\/product\/78166-manteau-avec-capuchon\/\",\"url\":\"https:\/\/autravail.ca\/product\/78166-manteau-avec-capuchon\/\",\"name\":\"78166 - MANTEAU AVEC CAPUCHON - Le Magasin Industriel\",\"isPartOf\":{\"@id\":\"https:\/\/autravail.ca\/#website\"},\"primaryImageOfPage\":{\"@id\":\"https:\/\/autravail.ca\/product\/78166-manteau-avec-capuchon\/#primaryimage\"},\"image\":{\"@id\":\"https:\/\/autravail.ca\/product\/78166-manteau-avec-capuchon\/#primaryimage\"},\"thumbnailUrl\":\"https:\/\/autravail.ca\/wp-content\/uploads\/2025\/05\/78166_350.jpg\",\"datePublished\":\"2025-05-08T06:33:57+00:00\",\"dateModified\":\"2025-12-05T09:11:12+00:00\",\"breadcrumb\":{\"@id\":\"https:\/\/autravail.ca\/product\/78166-manteau-avec-capuchon\/#breadcrumb\"},\"inLanguage\":\"en-CA\",\"potentialAction\":[{\"@type\":\"ReadAction\",\"target\":[\"https:\/\/autravail.ca\/product\/78166-manteau-avec-capuchon\/\"]}]},{\"@type\":\"ImageObject\",\"inLanguage\":\"en-CA\",\"@id\":\"https:\/\/autravail.ca\/product\/78166-manteau-avec-capuchon\/#primaryimage\",\"url\":\"https:\/\/autravail.ca\/wp-content\/uploads\/2025\/05\/78166_350.jpg\",\"contentUrl\":\"https:\/\/autravail.ca\/wp-content\/uploads\/2025\/05\/78166_350.jpg\",\"width\":350,\"height\":542},{\"@type\":\"BreadcrumbList\",\"@id\":\"https:\/\/autravail.ca\/product\/78166-manteau-avec-capuchon\/#breadcrumb\",\"itemListElement\":[{\"@type\":\"ListItem\",\"position\":1,\"name\":\"Accueil\",\"item\":\"https:\/\/autravail.ca\/\"},{\"@type\":\"ListItem\",\"position\":2,\"name\":\"Magasin\",\"item\":\"https:\/\/autravail.ca\/en\/shop\/\"},{\"@type\":\"ListItem\",\"position\":3,\"name\":\"78166 &#8211; MANTEAU AVEC CAPUCHON\"}]},{\"@type\":\"WebSite\",\"@id\":\"https:\/\/autravail.ca\/#website\",\"url\":\"https:\/\/autravail.ca\/\",\"name\":\"Le Magasin Industriel\",\"description\":\"50 ans de tradition de s\u00e9curit\u00e9 au travail\",\"publisher\":{\"@id\":\"https:\/\/autravail.ca\/#organization\"},\"potentialAction\":[{\"@type\":\"SearchAction\",\"target\":{\"@type\":\"EntryPoint\",\"urlTemplate\":\"https:\/\/autravail.ca\/?s={search_term_string}\"},\"query-input\":{\"@type\":\"PropertyValueSpecification\",\"valueRequired\":true,\"valueName\":\"search_term_string\"}}],\"inLanguage\":\"en-CA\"},{\"@type\":\"Organization\",\"@id\":\"https:\/\/autravail.ca\/#organization\",\"name\":\"Le Magasin Industriel\",\"url\":\"https:\/\/autravail.ca\/\",\"logo\":{\"@type\":\"ImageObject\",\"inLanguage\":\"en-CA\",\"@id\":\"https:\/\/autravail.ca\/#\/schema\/logo\/image\/\",\"url\":\"https:\/\/autravail.ca\/wp-content\/uploads\/2025\/05\/cropped-magasin_industriel_120x.avif\",\"contentUrl\":\"https:\/\/autravail.ca\/wp-content\/uploads\/2025\/05\/cropped-magasin_industriel_120x.avif\",\"width\":120,\"height\":24,\"caption\":\"Le Magasin Industriel\"},\"image\":{\"@id\":\"https:\/\/autravail.ca\/#\/schema\/logo\/image\/\"},\"sameAs\":[\"https:\/\/www.facebook.com\/lemagasinindustriel\/?locale=fr_FR\"]}]}<\/script>\n<!-- \/ Yoast SEO plugin. -->","yoast_head_json":{"title":"78166 - MANTEAU AVEC CAPUCHON - Le Magasin Industriel","robots":{"index":"index","follow":"follow","max-snippet":"max-snippet:-1","max-image-preview":"max-image-preview:large","max-video-preview":"max-video-preview:-1"},"canonical":"https:\/\/autravail.ca\/en\/product\/78166-manteau-avec-capuchon\/","og_locale":"en_US","og_type":"article","og_title":"78166 - MANTEAU AVEC CAPUCHON - Le Magasin Industriel","og_description":"Manteau \u00e0 ext\u00e9rieur doux \u00e0 capuchon &#8211; Alphabroder Manteau \u00e0 ext\u00e9rieur doux \u00e0 capuchon de deux \u00e9paisseurs contrecoll\u00e9es. Tissu: Appr\u00eat hydrofuge. 96% polyester 4% \u00e9lasthanne contrecoll\u00e9 de molleton antiboulochage 100 % polyester. Caract\u00e9ristiques: Ext\u00e9rieur doux extensible avec performance de deux \u00e9paisseurs, 7,5 oz\/vg2 \/ 255 g\/m2. Caract\u00e9ristiques: Appr\u00eat r\u00e9sistant \u00e0 l&rsquo;eau. Capuchon attach\u00e9 avec prot\u00e8ge-menton [&hellip;]","og_url":"https:\/\/autravail.ca\/en\/product\/78166-manteau-avec-capuchon\/","og_site_name":"Le Magasin Industriel","article_publisher":"https:\/\/www.facebook.com\/lemagasinindustriel\/?locale=fr_FR","article_modified_time":"2025-12-05T09:11:12+00:00","og_image":[{"width":350,"height":542,"url":"https:\/\/autravail.ca\/wp-content\/uploads\/2025\/05\/78166_350.jpg","type":"image\/jpeg"}],"twitter_card":"summary_large_image","twitter_misc":{"Est. reading time":"1 minute"},"schema":{"@context":"https:\/\/schema.org","@graph":[{"@type":"WebPage","@id":"https:\/\/autravail.ca\/product\/78166-manteau-avec-capuchon\/","url":"https:\/\/autravail.ca\/product\/78166-manteau-avec-capuchon\/","name":"78166 - MANTEAU AVEC CAPUCHON - Le Magasin Industriel","isPartOf":{"@id":"https:\/\/autravail.ca\/#website"},"primaryImageOfPage":{"@id":"https:\/\/autravail.ca\/product\/78166-manteau-avec-capuchon\/#primaryimage"},"image":{"@id":"https:\/\/autravail.ca\/product\/78166-manteau-avec-capuchon\/#primaryimage"},"thumbnailUrl":"https:\/\/autravail.ca\/wp-content\/uploads\/2025\/05\/78166_350.jpg","datePublished":"2025-05-08T06:33:57+00:00","dateModified":"2025-12-05T09:11:12+00:00","breadcrumb":{"@id":"https:\/\/autravail.ca\/product\/78166-manteau-avec-capuchon\/#breadcrumb"},"inLanguage":"en-CA","potentialAction":[{"@type":"ReadAction","target":["https:\/\/autravail.ca\/product\/78166-manteau-avec-capuchon\/"]}]},{"@type":"ImageObject","inLanguage":"en-CA","@id":"https:\/\/autravail.ca\/product\/78166-manteau-avec-capuchon\/#primaryimage","url":"https:\/\/autravail.ca\/wp-content\/uploads\/2025\/05\/78166_350.jpg","contentUrl":"https:\/\/autravail.ca\/wp-content\/uploads\/2025\/05\/78166_350.jpg","width":350,"height":542},{"@type":"BreadcrumbList","@id":"https:\/\/autravail.ca\/product\/78166-manteau-avec-capuchon\/#breadcrumb","itemListElement":[{"@type":"ListItem","position":1,"name":"Accueil","item":"https:\/\/autravail.ca\/"},{"@type":"ListItem","position":2,"name":"Magasin","item":"https:\/\/autravail.ca\/en\/shop\/"},{"@type":"ListItem","position":3,"name":"78166 &#8211; MANTEAU AVEC CAPUCHON"}]},{"@type":"WebSite","@id":"https:\/\/autravail.ca\/#website","url":"https:\/\/autravail.ca\/","name":"Le Magasin Industriel","description":"50 ans de tradition de s\u00e9curit\u00e9 au travail","publisher":{"@id":"https:\/\/autravail.ca\/#organization"},"potentialAction":[{"@type":"SearchAction","target":{"@type":"EntryPoint","urlTemplate":"https:\/\/autravail.ca\/?s={search_term_string}"},"query-input":{"@type":"PropertyValueSpecification","valueRequired":true,"valueName":"search_term_string"}}],"inLanguage":"en-CA"},{"@type":"Organization","@id":"https:\/\/autravail.ca\/#organization","name":"Le Magasin Industriel","url":"https:\/\/autravail.ca\/","logo":{"@type":"ImageObject","inLanguage":"en-CA","@id":"https:\/\/autravail.ca\/#\/schema\/logo\/image\/","url":"https:\/\/autravail.ca\/wp-content\/uploads\/2025\/05\/cropped-magasin_industriel_120x.avif","contentUrl":"https:\/\/autravail.ca\/wp-content\/uploads\/2025\/05\/cropped-magasin_industriel_120x.avif","width":120,"height":24,"caption":"Le Magasin Industriel"},"image":{"@id":"https:\/\/autravail.ca\/#\/schema\/logo\/image\/"},"sameAs":["https:\/\/www.facebook.com\/lemagasinindustriel\/?locale=fr_FR"]}]}},"jetpack_sharing_enabled":true,"_links":{"self":[{"href":"https:\/\/autravail.ca\/en\/wp-json\/wp\/v2\/product\/29474","targetHints":{"allow":["GET"]}}],"collection":[{"href":"https:\/\/autravail.ca\/en\/wp-json\/wp\/v2\/product"}],"about":[{"href":"https:\/\/autravail.ca\/en\/wp-json\/wp\/v2\/types\/product"}],"replies":[{"embeddable":true,"href":"https:\/\/autravail.ca\/en\/wp-json\/wp\/v2\/comments?post=29474"}],"wp:featuredmedia":[{"embeddable":true,"href":"https:\/\/autravail.ca\/en\/wp-json\/wp\/v2\/media\/13235"}],"wp:attachment":[{"href":"https:\/\/autravail.ca\/en\/wp-json\/wp\/v2\/media?parent=29474"}],"wp:term":[{"taxonomy":"product_cat","embeddable":true,"href":"https:\/\/autravail.ca\/en\/wp-json\/wp\/v2\/product_cat?post=29474"},{"taxonomy":"product_tag","embeddable":true,"href":"https:\/\/autravail.ca\/en\/wp-json\/wp\/v2\/product_tag?post=29474"}],"curies":[{"name":"wp","href":"https:\/\/api.w.org\/{rel}","templated":true}]}}