{"id":29415,"date":"2025-05-08T06:33:36","date_gmt":"2025-05-08T06:33:36","guid":{"rendered":"https:\/\/meteoquebec.ca\/?post_type=product&#038;p=29415"},"modified":"2026-01-25T08:56:55","modified_gmt":"2026-01-25T12:56:55","slug":"pantalon-de-travail-oxford-helly-hansen-77468","status":"publish","type":"product","link":"https:\/\/autravail.ca\/en\/product\/pantalon-de-travail-oxford-helly-hansen-77468\/","title":{"rendered":"Pantalon de travail Oxford Helly Hansen &#8211; 77468"},"content":{"rendered":"<h3>Pantalon de travail Oxford Helly Hansen &#8211; 77468<\/h3>\n<p>Le Pantalon de travail Oxford <a href=\"https:\/\/autravail.ca\/en\/product-brand\/helly-hansen\/\">Helly Hansen<\/a> &#8211; 77468 offre confort et durabilit\u00e9 pour les professionnels exigeants. Il est con\u00e7u avec un tissu extensible aux zones critiques pour faciliter les mouvements. Les genoux articul\u00e9s am\u00e9liorent la mobilit\u00e9 lors des t\u00e2ches physiques. Les poches genouill\u00e8res sont accessibles de l\u2019int\u00e9rieur et ajustables sur cinq centim\u00e8tres. Le tissu principal est compos\u00e9 de coton, polyester et \u00e9lasthanne pour un bon \u00e9quilibre. Les zones renforc\u00e9es aux genoux et \u00e0 l\u2019ourlet augmentent la r\u00e9sistance \u00e0 l\u2019usure. Il poss\u00e8de plusieurs poches pratiques, dont une pour r\u00e8gle et une pour carte d\u2019identit\u00e9. Les passants pour marteau sont pr\u00e9sents des deux c\u00f4t\u00e9s. Une large boucle arri\u00e8re assure une meilleure stabilit\u00e9 \u00e0 la ceinture. Les boutons sont m\u00e9talliques recouverts de plastique pour plus de s\u00e9curit\u00e9. Le pantalon est compatible avec des genouill\u00e8res Helly Hansen vendues s\u00e9par\u00e9ment style <a title=\"Kneepad\" href=\"https:\/\/autravail.ca\/en\/collections\/helly-hansen\/products\/79569-genouilleres-helly-hansen-kneepad\/\">79569<\/a>. Il est id\u00e9al pour les environnements de travail exigeants.<\/p>\n<h4>Characteristics:<\/h4>\n<p><!--StartFragment --><\/p>\n<ul>\n<li>Fermeture \u00e9clair YKK\u00ae<\/li>\n<li>Fils AMANN \u2013 qualit\u00e9 allemande<\/li>\n<li>Tissu extensible dans deux directions<\/li>\n<li>Large passant central \u00e0 l\u2019arri\u00e8re pour plus de stabilit\u00e9 et de solidit\u00e9<\/li>\n<li>Gousset \u00e0 l\u2019entrejambe pour une meilleure libert\u00e9 de mouvement<\/li>\n<li>Poche sur la cuisse avec fermeture<\/li>\n<li>Poche pour r\u00e8gle<\/li>\n<li>Boutons m\u00e9talliques recouverts de plastique<\/li>\n<li>Genoux articul\u00e9s pour une mobilit\u00e9 optimale<\/li>\n<li>Poches pour genouill\u00e8res accessibles de l\u2019int\u00e9rieur<\/li>\n<li>Position des genouill\u00e8res ajustable sur 5 cm pour plus de confort<\/li>\n<li>Tissu renforc\u00e9 aux genoux et \u00e0 l\u2019ourlet inf\u00e9rieur<\/li>\n<li>Possibilit\u00e9 d\u2019allonger les jambes de 5 cm<\/li>\n<li>Boucle pour carte d\u2019identit\u00e9<\/li>\n<li>Logos ton sur ton<\/li>\n<li>Tissu principal : 79 % coton, 18 % polyester, 3 % \u00e9lastol\u00e9fine<\/li>\n<li>Tissu secondaire : 65 % polyester, 35 % coton<\/li>\n<\/ul>\n<p><img decoding=\"async\" class=\"alignnone wp-image-40620\" src=\"https:\/\/autravail.ca\/wp-content\/uploads\/2025\/09\/Jachete-quebec-et-canada.jpg\" alt=\"Logo de l'achat local\" width=\"162\" height=\"139\" \/>Merci d&rsquo;encourager une entreprise 100% d&rsquo;ici!<\/p>\n<p><!--EndFragment --><\/p>","protected":false},"excerpt":{"rendered":"<p>Pantalon de travail Oxford Helly Hansen &#8211; 77468 Le Pantalon de travail Oxford Helly Hansen &#8211; 77468 offre confort et durabilit\u00e9 pour les professionnels exigeants. Il est con\u00e7u avec un tissu extensible aux zones critiques pour faciliter les mouvements. Les genoux articul\u00e9s am\u00e9liorent la mobilit\u00e9 lors des t\u00e2ches physiques. Les poches genouill\u00e8res sont accessibles de [&hellip;]<\/p>","protected":false},"featured_media":41168,"comment_status":"open","ping_status":"closed","template":"","meta":[],"product_cat":[602,665,604],"product_tag":[243],"class_list":{"0":"post-29415","1":"product","2":"type-product","3":"status-publish","4":"has-post-thumbnail","6":"product_brand-helly-hansen","7":"product_cat-hommes","8":"product_cat-pantalons","9":"product_cat-vetements-de-travail","10":"product_tag-pantalons","12":"first","13":"instock","14":"taxable","15":"shipping-taxable","16":"purchasable","17":"product-type-variable"},"yoast_head":"<!-- This site is optimized with the Yoast SEO plugin v25.3.1 - https:\/\/yoast.com\/wordpress\/plugins\/seo\/ -->\n<title>Pantalon de travail Oxford Helly Hansen - 77468 - Le Magasin Industriel<\/title>\n<meta name=\"description\" content=\"Pantalon de travail Oxford Helly Hansen - 77468 parfaitement con\u00e7u pour un \u00e9quilibre durabilit\u00e9, confort et professionnalisme.\" \/>\n<meta name=\"robots\" content=\"index, follow, max-snippet:-1, max-image-preview:large, max-video-preview:-1\" \/>\n<link rel=\"canonical\" href=\"https:\/\/autravail.ca\/en\/product\/pantalon-de-travail-oxford-helly-hansen-77468\/\" \/>\n<meta property=\"og:locale\" content=\"en_US\" \/>\n<meta property=\"og:type\" content=\"article\" \/>\n<meta property=\"og:title\" content=\"Pantalon de travail Oxford Helly Hansen - 77468 - Le Magasin Industriel\" \/>\n<meta property=\"og:description\" content=\"Pantalon de travail Oxford Helly Hansen - 77468 parfaitement con\u00e7u pour un \u00e9quilibre durabilit\u00e9, confort et professionnalisme.\" \/>\n<meta property=\"og:url\" content=\"https:\/\/autravail.ca\/en\/product\/pantalon-de-travail-oxford-helly-hansen-77468\/\" \/>\n<meta property=\"og:site_name\" content=\"Le Magasin Industriel\" \/>\n<meta property=\"article:publisher\" content=\"https:\/\/www.facebook.com\/lemagasinindustriel\/?locale=fr_FR\" \/>\n<meta property=\"article:modified_time\" content=\"2026-01-25T12:56:55+00:00\" \/>\n<meta property=\"og:image\" content=\"https:\/\/autravail.ca\/wp-content\/uploads\/2025\/05\/77468_A01-Noir.jpg\" \/>\n\t<meta property=\"og:image:width\" content=\"1000\" \/>\n\t<meta property=\"og:image:height\" content=\"1000\" \/>\n\t<meta property=\"og:image:type\" content=\"image\/jpeg\" \/>\n<meta name=\"twitter:card\" content=\"summary_large_image\" \/>\n<meta name=\"twitter:label1\" content=\"Est. reading time\" \/>\n\t<meta name=\"twitter:data1\" content=\"2 minutes\" \/>\n<script type=\"application\/ld+json\" class=\"yoast-schema-graph\">{\"@context\":\"https:\/\/schema.org\",\"@graph\":[{\"@type\":\"WebPage\",\"@id\":\"https:\/\/autravail.ca\/product\/pantalon-de-travail-oxford-helly-hansen-77468\/\",\"url\":\"https:\/\/autravail.ca\/product\/pantalon-de-travail-oxford-helly-hansen-77468\/\",\"name\":\"Pantalon de travail Oxford Helly Hansen - 77468 - Le Magasin Industriel\",\"isPartOf\":{\"@id\":\"https:\/\/autravail.ca\/#website\"},\"primaryImageOfPage\":{\"@id\":\"https:\/\/autravail.ca\/product\/pantalon-de-travail-oxford-helly-hansen-77468\/#primaryimage\"},\"image\":{\"@id\":\"https:\/\/autravail.ca\/product\/pantalon-de-travail-oxford-helly-hansen-77468\/#primaryimage\"},\"thumbnailUrl\":\"https:\/\/autravail.ca\/wp-content\/uploads\/2025\/05\/77468_A01-Noir.jpg\",\"datePublished\":\"2025-05-08T06:33:36+00:00\",\"dateModified\":\"2026-01-25T12:56:55+00:00\",\"description\":\"Pantalon de travail Oxford Helly Hansen - 77468 parfaitement con\u00e7u pour un \u00e9quilibre durabilit\u00e9, confort et professionnalisme.\",\"breadcrumb\":{\"@id\":\"https:\/\/autravail.ca\/product\/pantalon-de-travail-oxford-helly-hansen-77468\/#breadcrumb\"},\"inLanguage\":\"en-CA\",\"potentialAction\":[{\"@type\":\"ReadAction\",\"target\":[\"https:\/\/autravail.ca\/product\/pantalon-de-travail-oxford-helly-hansen-77468\/\"]}]},{\"@type\":\"ImageObject\",\"inLanguage\":\"en-CA\",\"@id\":\"https:\/\/autravail.ca\/product\/pantalon-de-travail-oxford-helly-hansen-77468\/#primaryimage\",\"url\":\"https:\/\/autravail.ca\/wp-content\/uploads\/2025\/05\/77468_A01-Noir.jpg\",\"contentUrl\":\"https:\/\/autravail.ca\/wp-content\/uploads\/2025\/05\/77468_A01-Noir.jpg\",\"width\":1000,\"height\":1000,\"caption\":\"Pantalons de travail Helly Hansen 77468 Noirs\"},{\"@type\":\"BreadcrumbList\",\"@id\":\"https:\/\/autravail.ca\/product\/pantalon-de-travail-oxford-helly-hansen-77468\/#breadcrumb\",\"itemListElement\":[{\"@type\":\"ListItem\",\"position\":1,\"name\":\"Accueil\",\"item\":\"https:\/\/autravail.ca\/\"},{\"@type\":\"ListItem\",\"position\":2,\"name\":\"Magasin\",\"item\":\"https:\/\/autravail.ca\/en\/shop\/\"},{\"@type\":\"ListItem\",\"position\":3,\"name\":\"Pantalon de travail Oxford Helly Hansen &#8211; 77468\"}]},{\"@type\":\"WebSite\",\"@id\":\"https:\/\/autravail.ca\/#website\",\"url\":\"https:\/\/autravail.ca\/\",\"name\":\"Le Magasin Industriel\",\"description\":\"50 ans de tradition de s\u00e9curit\u00e9 au travail\",\"publisher\":{\"@id\":\"https:\/\/autravail.ca\/#organization\"},\"potentialAction\":[{\"@type\":\"SearchAction\",\"target\":{\"@type\":\"EntryPoint\",\"urlTemplate\":\"https:\/\/autravail.ca\/?s={search_term_string}\"},\"query-input\":{\"@type\":\"PropertyValueSpecification\",\"valueRequired\":true,\"valueName\":\"search_term_string\"}}],\"inLanguage\":\"en-CA\"},{\"@type\":\"Organization\",\"@id\":\"https:\/\/autravail.ca\/#organization\",\"name\":\"Le Magasin Industriel\",\"url\":\"https:\/\/autravail.ca\/\",\"logo\":{\"@type\":\"ImageObject\",\"inLanguage\":\"en-CA\",\"@id\":\"https:\/\/autravail.ca\/#\/schema\/logo\/image\/\",\"url\":\"https:\/\/autravail.ca\/wp-content\/uploads\/2025\/05\/cropped-magasin_industriel_120x.avif\",\"contentUrl\":\"https:\/\/autravail.ca\/wp-content\/uploads\/2025\/05\/cropped-magasin_industriel_120x.avif\",\"width\":120,\"height\":24,\"caption\":\"Le Magasin Industriel\"},\"image\":{\"@id\":\"https:\/\/autravail.ca\/#\/schema\/logo\/image\/\"},\"sameAs\":[\"https:\/\/www.facebook.com\/lemagasinindustriel\/?locale=fr_FR\"]}]}<\/script>\n<!-- \/ Yoast SEO plugin. -->","yoast_head_json":{"title":"Pantalon de travail Oxford Helly Hansen - 77468 - Le Magasin Industriel","description":"Pantalon de travail Oxford Helly Hansen - 77468 parfaitement con\u00e7u pour un \u00e9quilibre durabilit\u00e9, confort et professionnalisme.","robots":{"index":"index","follow":"follow","max-snippet":"max-snippet:-1","max-image-preview":"max-image-preview:large","max-video-preview":"max-video-preview:-1"},"canonical":"https:\/\/autravail.ca\/en\/product\/pantalon-de-travail-oxford-helly-hansen-77468\/","og_locale":"en_US","og_type":"article","og_title":"Pantalon de travail Oxford Helly Hansen - 77468 - Le Magasin Industriel","og_description":"Pantalon de travail Oxford Helly Hansen - 77468 parfaitement con\u00e7u pour un \u00e9quilibre durabilit\u00e9, confort et professionnalisme.","og_url":"https:\/\/autravail.ca\/en\/product\/pantalon-de-travail-oxford-helly-hansen-77468\/","og_site_name":"Le Magasin Industriel","article_publisher":"https:\/\/www.facebook.com\/lemagasinindustriel\/?locale=fr_FR","article_modified_time":"2026-01-25T12:56:55+00:00","og_image":[{"width":1000,"height":1000,"url":"https:\/\/autravail.ca\/wp-content\/uploads\/2025\/05\/77468_A01-Noir.jpg","type":"image\/jpeg"}],"twitter_card":"summary_large_image","twitter_misc":{"Est. reading time":"2 minutes"},"schema":{"@context":"https:\/\/schema.org","@graph":[{"@type":"WebPage","@id":"https:\/\/autravail.ca\/product\/pantalon-de-travail-oxford-helly-hansen-77468\/","url":"https:\/\/autravail.ca\/product\/pantalon-de-travail-oxford-helly-hansen-77468\/","name":"Pantalon de travail Oxford Helly Hansen - 77468 - Le Magasin Industriel","isPartOf":{"@id":"https:\/\/autravail.ca\/#website"},"primaryImageOfPage":{"@id":"https:\/\/autravail.ca\/product\/pantalon-de-travail-oxford-helly-hansen-77468\/#primaryimage"},"image":{"@id":"https:\/\/autravail.ca\/product\/pantalon-de-travail-oxford-helly-hansen-77468\/#primaryimage"},"thumbnailUrl":"https:\/\/autravail.ca\/wp-content\/uploads\/2025\/05\/77468_A01-Noir.jpg","datePublished":"2025-05-08T06:33:36+00:00","dateModified":"2026-01-25T12:56:55+00:00","description":"Pantalon de travail Oxford Helly Hansen - 77468 parfaitement con\u00e7u pour un \u00e9quilibre durabilit\u00e9, confort et professionnalisme.","breadcrumb":{"@id":"https:\/\/autravail.ca\/product\/pantalon-de-travail-oxford-helly-hansen-77468\/#breadcrumb"},"inLanguage":"en-CA","potentialAction":[{"@type":"ReadAction","target":["https:\/\/autravail.ca\/product\/pantalon-de-travail-oxford-helly-hansen-77468\/"]}]},{"@type":"ImageObject","inLanguage":"en-CA","@id":"https:\/\/autravail.ca\/product\/pantalon-de-travail-oxford-helly-hansen-77468\/#primaryimage","url":"https:\/\/autravail.ca\/wp-content\/uploads\/2025\/05\/77468_A01-Noir.jpg","contentUrl":"https:\/\/autravail.ca\/wp-content\/uploads\/2025\/05\/77468_A01-Noir.jpg","width":1000,"height":1000,"caption":"Pantalons de travail Helly Hansen 77468 Noirs"},{"@type":"BreadcrumbList","@id":"https:\/\/autravail.ca\/product\/pantalon-de-travail-oxford-helly-hansen-77468\/#breadcrumb","itemListElement":[{"@type":"ListItem","position":1,"name":"Accueil","item":"https:\/\/autravail.ca\/"},{"@type":"ListItem","position":2,"name":"Magasin","item":"https:\/\/autravail.ca\/en\/shop\/"},{"@type":"ListItem","position":3,"name":"Pantalon de travail Oxford Helly Hansen &#8211; 77468"}]},{"@type":"WebSite","@id":"https:\/\/autravail.ca\/#website","url":"https:\/\/autravail.ca\/","name":"Le Magasin Industriel","description":"50 ans de tradition de s\u00e9curit\u00e9 au travail","publisher":{"@id":"https:\/\/autravail.ca\/#organization"},"potentialAction":[{"@type":"SearchAction","target":{"@type":"EntryPoint","urlTemplate":"https:\/\/autravail.ca\/?s={search_term_string}"},"query-input":{"@type":"PropertyValueSpecification","valueRequired":true,"valueName":"search_term_string"}}],"inLanguage":"en-CA"},{"@type":"Organization","@id":"https:\/\/autravail.ca\/#organization","name":"Le Magasin Industriel","url":"https:\/\/autravail.ca\/","logo":{"@type":"ImageObject","inLanguage":"en-CA","@id":"https:\/\/autravail.ca\/#\/schema\/logo\/image\/","url":"https:\/\/autravail.ca\/wp-content\/uploads\/2025\/05\/cropped-magasin_industriel_120x.avif","contentUrl":"https:\/\/autravail.ca\/wp-content\/uploads\/2025\/05\/cropped-magasin_industriel_120x.avif","width":120,"height":24,"caption":"Le Magasin Industriel"},"image":{"@id":"https:\/\/autravail.ca\/#\/schema\/logo\/image\/"},"sameAs":["https:\/\/www.facebook.com\/lemagasinindustriel\/?locale=fr_FR"]}]}},"jetpack_sharing_enabled":true,"_links":{"self":[{"href":"https:\/\/autravail.ca\/en\/wp-json\/wp\/v2\/product\/29415","targetHints":{"allow":["GET"]}}],"collection":[{"href":"https:\/\/autravail.ca\/en\/wp-json\/wp\/v2\/product"}],"about":[{"href":"https:\/\/autravail.ca\/en\/wp-json\/wp\/v2\/types\/product"}],"replies":[{"embeddable":true,"href":"https:\/\/autravail.ca\/en\/wp-json\/wp\/v2\/comments?post=29415"}],"wp:featuredmedia":[{"embeddable":true,"href":"https:\/\/autravail.ca\/en\/wp-json\/wp\/v2\/media\/41168"}],"wp:attachment":[{"href":"https:\/\/autravail.ca\/en\/wp-json\/wp\/v2\/media?parent=29415"}],"wp:term":[{"taxonomy":"product_cat","embeddable":true,"href":"https:\/\/autravail.ca\/en\/wp-json\/wp\/v2\/product_cat?post=29415"},{"taxonomy":"product_tag","embeddable":true,"href":"https:\/\/autravail.ca\/en\/wp-json\/wp\/v2\/product_tag?post=29415"}],"curies":[{"name":"wp","href":"https:\/\/api.w.org\/{rel}","templated":true}]}}