{"id":29354,"date":"2025-05-08T06:33:01","date_gmt":"2025-05-08T06:33:01","guid":{"rendered":"https:\/\/meteoquebec.ca\/?post_type=product&#038;p=29354"},"modified":"2026-03-16T11:27:53","modified_gmt":"2026-03-16T15:27:53","slug":"7500g-couvre-chaussure-orion","status":"publish","type":"product","link":"https:\/\/autravail.ca\/en\/product\/7500g-couvre-chaussure-orion\/","title":{"rendered":"Couvre-chaussure Isol\u00e9 Tingley Orion &#8211; 7500G"},"content":{"rendered":"<h3>Couvre-chaussure Isol\u00e9 Tingley Orion &#8211; 7500G<\/h3>\n<p>Les Couvre-chaussure Isol\u00e9 Tingley Orion &#8211; 7500G sont con\u00e7us pour les conditions hivernales extr\u00eames. Leur tige en nylon 840 deniers est imperm\u00e9able. La semelle intercalaire en polyur\u00e9thane est l\u00e9g\u00e8re et r\u00e9duit la fatigue. La semelle ext\u00e9rieure en TPR offre une excellente durabilit\u00e9. L\u2019int\u00e9rieur spacieux convient aux bottes de travail volumineuses. Le gousset large facilite l\u2019enfilage et le retrait. La fermeture autoagrippante assure un ajustement pr\u00e9cis et rapide. Une sangle ajustable avec boucle permet l\u2019usage avec des gants. Les crampons profonds assurent une traction optimale sur la neige et la glace. La doublure en mousse procure confort et isolation thermique. La hauteur standard est de 14 pouces, extensible \u00e0 20 pouces. Des bandes r\u00e9fl\u00e9chissantes augmentent la visibilit\u00e9 en faible luminosit\u00e9. La conception l\u00e9g\u00e8re favorise le confort toute la journ\u00e9e. Id\u00e9al pour les livreurs, travailleurs ext\u00e9rieurs et services publics.<\/p>\n<p>R\u00e9sistant, pratique et s\u00e9curitaire pour l\u2019hiver canadien. <a href=\"https:\/\/autravail.ca\/en\/product-brand\/tingley\/\">Tingley<\/a> propose un choix fiable pour affronter les intemp\u00e9ries efficacement.<\/p>\n<h4>Characteristics:<\/h4>\n<div id=\"product-tab-desc\" class=\"details-accordian-body\">\n<ul>\n<li>Hauteur de 14&Prime; et gu\u00eatre de 6&Prime; \u00e0 rouler qui augmente la couverture de 20&Prime;<\/li>\n<li>Int\u00e9rieur spacieux con\u00e7u pour les bottes de travail surdimensionn\u00e9es<\/li>\n<li>Courroie de pied avec boucle de rel\u00e2chement rapide permettant d&rsquo;ajuster avec des gants<\/li>\n<li>Design l\u00e9ger et antifatigue pour un port confortable toute la journ\u00e9e<\/li>\n<li>Polyur\u00e9thane imperm\u00e9able sur dessus en nylon moul\u00e9 directement sur le dessous en PU\/TPU<\/li>\n<li>Gousset extra large facilitant la pose et l&rsquo;enl\u00e8vement<\/li>\n<li>Fermeture \u00e0 boucles et crochets \u00e0 l&rsquo;avant permettant un ajustement confortable<\/li>\n<li>Goujons en carbure de tungst\u00e8ne robuste qui en brise pas, ne rouille pas et ne corrode pas<\/li>\n<li>Contre-stabilisateur au talon qui pr\u00e9vient le roulement lat\u00e9ral<\/li>\n<li>Pi\u00e8ce r\u00e9fl\u00e9chissante offrant une visibilit\u00e9 sur 360\u00b0 pendant la nuit<\/li>\n<\/ul>\n<p><img decoding=\"async\" class=\"alignnone wp-image-40620\" src=\"https:\/\/autravail.ca\/wp-content\/uploads\/2025\/09\/Jachete-quebec-et-canada.jpg\" alt=\"Logo de l'achat local\" width=\"162\" height=\"139\" \/>Merci d&rsquo;encourager une entreprise 100% d&rsquo;ici!<\/p>\n<p>TS2511S<\/p>\n<\/div>","protected":false},"excerpt":{"rendered":"<p>Couvre-chaussure Isol\u00e9 Tingley Orion &#8211; 7500G Les Couvre-chaussure Isol\u00e9 Tingley Orion &#8211; 7500G sont con\u00e7us pour les conditions hivernales extr\u00eames. Leur tige en nylon 840 deniers est imperm\u00e9able. La semelle intercalaire en polyur\u00e9thane est l\u00e9g\u00e8re et r\u00e9duit la fatigue. La semelle ext\u00e9rieure en TPR offre une excellente durabilit\u00e9. L\u2019int\u00e9rieur spacieux convient aux bottes de travail [&hellip;]<\/p>","protected":false},"featured_media":41769,"comment_status":"open","ping_status":"closed","template":"","meta":[],"product_cat":[657,709,633,602],"product_tag":[292,255,242,340],"class_list":{"0":"post-29354","1":"product","2":"type-product","3":"status-publish","4":"has-post-thumbnail","6":"product_brand-tingley","7":"product_cat-accessoires-de-chaussures","8":"product_cat-couvre-chaussures","9":"product_cat-femmes","10":"product_cat-hommes","11":"product_tag-couvre-chaussures-et-claques","12":"product_tag-femme","13":"product_tag-homme","14":"product_tag-isolant","16":"first","17":"instock","18":"taxable","19":"shipping-taxable","20":"purchasable","21":"product-type-variable"},"yoast_head":"<!-- This site is optimized with the Yoast SEO plugin v25.3.1 - https:\/\/yoast.com\/wordpress\/plugins\/seo\/ -->\n<title>Couvre-chaussure Isol\u00e9 Tingley Orion - 7500G - Le Magasin Industriel<\/title>\n<meta name=\"description\" content=\"Couvre-chaussure Isol\u00e9 Tingley Orion - 7500G pour transformer vos chaussures en bottes isol\u00e9es et affronter les conditions hivernales en toute confiance.\" \/>\n<meta name=\"robots\" content=\"index, follow, max-snippet:-1, max-image-preview:large, max-video-preview:-1\" \/>\n<link rel=\"canonical\" href=\"https:\/\/autravail.ca\/en\/product\/7500g-couvre-chaussure-orion\/\" \/>\n<meta property=\"og:locale\" content=\"en_US\" \/>\n<meta property=\"og:type\" content=\"article\" \/>\n<meta property=\"og:title\" content=\"Couvre-chaussure Isol\u00e9 Tingley Orion - 7500G - Le Magasin Industriel\" \/>\n<meta property=\"og:description\" content=\"Couvre-chaussure Isol\u00e9 Tingley Orion - 7500G pour transformer vos chaussures en bottes isol\u00e9es et affronter les conditions hivernales en toute confiance.\" \/>\n<meta property=\"og:url\" content=\"https:\/\/autravail.ca\/en\/product\/7500g-couvre-chaussure-orion\/\" \/>\n<meta property=\"og:site_name\" content=\"Le Magasin Industriel\" \/>\n<meta property=\"article:publisher\" content=\"https:\/\/www.facebook.com\/lemagasinindustriel\/?locale=fr_FR\" \/>\n<meta property=\"article:modified_time\" content=\"2026-03-16T15:27:53+00:00\" \/>\n<meta property=\"og:image\" content=\"https:\/\/autravail.ca\/wp-content\/uploads\/2025\/05\/7500G_A01-1.jpg\" \/>\n\t<meta property=\"og:image:width\" content=\"1000\" \/>\n\t<meta property=\"og:image:height\" content=\"1000\" \/>\n\t<meta property=\"og:image:type\" content=\"image\/jpeg\" \/>\n<meta name=\"twitter:card\" content=\"summary_large_image\" \/>\n<meta name=\"twitter:label1\" content=\"Est. reading time\" \/>\n\t<meta name=\"twitter:data1\" content=\"2 minutes\" \/>\n<script type=\"application\/ld+json\" class=\"yoast-schema-graph\">{\"@context\":\"https:\/\/schema.org\",\"@graph\":[{\"@type\":\"WebPage\",\"@id\":\"https:\/\/autravail.ca\/product\/7500g-couvre-chaussure-orion\/\",\"url\":\"https:\/\/autravail.ca\/product\/7500g-couvre-chaussure-orion\/\",\"name\":\"Couvre-chaussure Isol\u00e9 Tingley Orion - 7500G - Le Magasin Industriel\",\"isPartOf\":{\"@id\":\"https:\/\/autravail.ca\/#website\"},\"primaryImageOfPage\":{\"@id\":\"https:\/\/autravail.ca\/product\/7500g-couvre-chaussure-orion\/#primaryimage\"},\"image\":{\"@id\":\"https:\/\/autravail.ca\/product\/7500g-couvre-chaussure-orion\/#primaryimage\"},\"thumbnailUrl\":\"https:\/\/autravail.ca\/wp-content\/uploads\/2025\/05\/7500G_A01-1.jpg\",\"datePublished\":\"2025-05-08T06:33:01+00:00\",\"dateModified\":\"2026-03-16T15:27:53+00:00\",\"description\":\"Couvre-chaussure Isol\u00e9 Tingley Orion - 7500G pour transformer vos chaussures en bottes isol\u00e9es et affronter les conditions hivernales en toute confiance.\",\"breadcrumb\":{\"@id\":\"https:\/\/autravail.ca\/product\/7500g-couvre-chaussure-orion\/#breadcrumb\"},\"inLanguage\":\"en-CA\",\"potentialAction\":[{\"@type\":\"ReadAction\",\"target\":[\"https:\/\/autravail.ca\/product\/7500g-couvre-chaussure-orion\/\"]}]},{\"@type\":\"ImageObject\",\"inLanguage\":\"en-CA\",\"@id\":\"https:\/\/autravail.ca\/product\/7500g-couvre-chaussure-orion\/#primaryimage\",\"url\":\"https:\/\/autravail.ca\/wp-content\/uploads\/2025\/05\/7500G_A01-1.jpg\",\"contentUrl\":\"https:\/\/autravail.ca\/wp-content\/uploads\/2025\/05\/7500G_A01-1.jpg\",\"width\":1000,\"height\":1000,\"caption\":\"Couvre-chaussure Isol\u00e9 Tingley Crampons - 7550G\"},{\"@type\":\"BreadcrumbList\",\"@id\":\"https:\/\/autravail.ca\/product\/7500g-couvre-chaussure-orion\/#breadcrumb\",\"itemListElement\":[{\"@type\":\"ListItem\",\"position\":1,\"name\":\"Accueil\",\"item\":\"https:\/\/autravail.ca\/\"},{\"@type\":\"ListItem\",\"position\":2,\"name\":\"Magasin\",\"item\":\"https:\/\/autravail.ca\/en\/shop\/\"},{\"@type\":\"ListItem\",\"position\":3,\"name\":\"Couvre-chaussure Isol\u00e9 Tingley Orion &#8211; 7500G\"}]},{\"@type\":\"WebSite\",\"@id\":\"https:\/\/autravail.ca\/#website\",\"url\":\"https:\/\/autravail.ca\/\",\"name\":\"Le Magasin Industriel\",\"description\":\"50 ans de tradition de s\u00e9curit\u00e9 au travail\",\"publisher\":{\"@id\":\"https:\/\/autravail.ca\/#organization\"},\"potentialAction\":[{\"@type\":\"SearchAction\",\"target\":{\"@type\":\"EntryPoint\",\"urlTemplate\":\"https:\/\/autravail.ca\/?s={search_term_string}\"},\"query-input\":{\"@type\":\"PropertyValueSpecification\",\"valueRequired\":true,\"valueName\":\"search_term_string\"}}],\"inLanguage\":\"en-CA\"},{\"@type\":\"Organization\",\"@id\":\"https:\/\/autravail.ca\/#organization\",\"name\":\"Le Magasin Industriel\",\"url\":\"https:\/\/autravail.ca\/\",\"logo\":{\"@type\":\"ImageObject\",\"inLanguage\":\"en-CA\",\"@id\":\"https:\/\/autravail.ca\/#\/schema\/logo\/image\/\",\"url\":\"https:\/\/autravail.ca\/wp-content\/uploads\/2025\/05\/cropped-magasin_industriel_120x.avif\",\"contentUrl\":\"https:\/\/autravail.ca\/wp-content\/uploads\/2025\/05\/cropped-magasin_industriel_120x.avif\",\"width\":120,\"height\":24,\"caption\":\"Le Magasin Industriel\"},\"image\":{\"@id\":\"https:\/\/autravail.ca\/#\/schema\/logo\/image\/\"},\"sameAs\":[\"https:\/\/www.facebook.com\/lemagasinindustriel\/?locale=fr_FR\"]}]}<\/script>\n<!-- \/ Yoast SEO plugin. -->","yoast_head_json":{"title":"Couvre-chaussure Isol\u00e9 Tingley Orion - 7500G - Le Magasin Industriel","description":"Couvre-chaussure Isol\u00e9 Tingley Orion - 7500G pour transformer vos chaussures en bottes isol\u00e9es et affronter les conditions hivernales en toute confiance.","robots":{"index":"index","follow":"follow","max-snippet":"max-snippet:-1","max-image-preview":"max-image-preview:large","max-video-preview":"max-video-preview:-1"},"canonical":"https:\/\/autravail.ca\/en\/product\/7500g-couvre-chaussure-orion\/","og_locale":"en_US","og_type":"article","og_title":"Couvre-chaussure Isol\u00e9 Tingley Orion - 7500G - Le Magasin Industriel","og_description":"Couvre-chaussure Isol\u00e9 Tingley Orion - 7500G pour transformer vos chaussures en bottes isol\u00e9es et affronter les conditions hivernales en toute confiance.","og_url":"https:\/\/autravail.ca\/en\/product\/7500g-couvre-chaussure-orion\/","og_site_name":"Le Magasin Industriel","article_publisher":"https:\/\/www.facebook.com\/lemagasinindustriel\/?locale=fr_FR","article_modified_time":"2026-03-16T15:27:53+00:00","og_image":[{"width":1000,"height":1000,"url":"https:\/\/autravail.ca\/wp-content\/uploads\/2025\/05\/7500G_A01-1.jpg","type":"image\/jpeg"}],"twitter_card":"summary_large_image","twitter_misc":{"Est. reading time":"2 minutes"},"schema":{"@context":"https:\/\/schema.org","@graph":[{"@type":"WebPage","@id":"https:\/\/autravail.ca\/product\/7500g-couvre-chaussure-orion\/","url":"https:\/\/autravail.ca\/product\/7500g-couvre-chaussure-orion\/","name":"Couvre-chaussure Isol\u00e9 Tingley Orion - 7500G - Le Magasin Industriel","isPartOf":{"@id":"https:\/\/autravail.ca\/#website"},"primaryImageOfPage":{"@id":"https:\/\/autravail.ca\/product\/7500g-couvre-chaussure-orion\/#primaryimage"},"image":{"@id":"https:\/\/autravail.ca\/product\/7500g-couvre-chaussure-orion\/#primaryimage"},"thumbnailUrl":"https:\/\/autravail.ca\/wp-content\/uploads\/2025\/05\/7500G_A01-1.jpg","datePublished":"2025-05-08T06:33:01+00:00","dateModified":"2026-03-16T15:27:53+00:00","description":"Couvre-chaussure Isol\u00e9 Tingley Orion - 7500G pour transformer vos chaussures en bottes isol\u00e9es et affronter les conditions hivernales en toute confiance.","breadcrumb":{"@id":"https:\/\/autravail.ca\/product\/7500g-couvre-chaussure-orion\/#breadcrumb"},"inLanguage":"en-CA","potentialAction":[{"@type":"ReadAction","target":["https:\/\/autravail.ca\/product\/7500g-couvre-chaussure-orion\/"]}]},{"@type":"ImageObject","inLanguage":"en-CA","@id":"https:\/\/autravail.ca\/product\/7500g-couvre-chaussure-orion\/#primaryimage","url":"https:\/\/autravail.ca\/wp-content\/uploads\/2025\/05\/7500G_A01-1.jpg","contentUrl":"https:\/\/autravail.ca\/wp-content\/uploads\/2025\/05\/7500G_A01-1.jpg","width":1000,"height":1000,"caption":"Couvre-chaussure Isol\u00e9 Tingley Crampons - 7550G"},{"@type":"BreadcrumbList","@id":"https:\/\/autravail.ca\/product\/7500g-couvre-chaussure-orion\/#breadcrumb","itemListElement":[{"@type":"ListItem","position":1,"name":"Accueil","item":"https:\/\/autravail.ca\/"},{"@type":"ListItem","position":2,"name":"Magasin","item":"https:\/\/autravail.ca\/en\/shop\/"},{"@type":"ListItem","position":3,"name":"Couvre-chaussure Isol\u00e9 Tingley Orion &#8211; 7500G"}]},{"@type":"WebSite","@id":"https:\/\/autravail.ca\/#website","url":"https:\/\/autravail.ca\/","name":"Le Magasin Industriel","description":"50 ans de tradition de s\u00e9curit\u00e9 au travail","publisher":{"@id":"https:\/\/autravail.ca\/#organization"},"potentialAction":[{"@type":"SearchAction","target":{"@type":"EntryPoint","urlTemplate":"https:\/\/autravail.ca\/?s={search_term_string}"},"query-input":{"@type":"PropertyValueSpecification","valueRequired":true,"valueName":"search_term_string"}}],"inLanguage":"en-CA"},{"@type":"Organization","@id":"https:\/\/autravail.ca\/#organization","name":"Le Magasin Industriel","url":"https:\/\/autravail.ca\/","logo":{"@type":"ImageObject","inLanguage":"en-CA","@id":"https:\/\/autravail.ca\/#\/schema\/logo\/image\/","url":"https:\/\/autravail.ca\/wp-content\/uploads\/2025\/05\/cropped-magasin_industriel_120x.avif","contentUrl":"https:\/\/autravail.ca\/wp-content\/uploads\/2025\/05\/cropped-magasin_industriel_120x.avif","width":120,"height":24,"caption":"Le Magasin Industriel"},"image":{"@id":"https:\/\/autravail.ca\/#\/schema\/logo\/image\/"},"sameAs":["https:\/\/www.facebook.com\/lemagasinindustriel\/?locale=fr_FR"]}]}},"jetpack_sharing_enabled":true,"_links":{"self":[{"href":"https:\/\/autravail.ca\/en\/wp-json\/wp\/v2\/product\/29354","targetHints":{"allow":["GET"]}}],"collection":[{"href":"https:\/\/autravail.ca\/en\/wp-json\/wp\/v2\/product"}],"about":[{"href":"https:\/\/autravail.ca\/en\/wp-json\/wp\/v2\/types\/product"}],"replies":[{"embeddable":true,"href":"https:\/\/autravail.ca\/en\/wp-json\/wp\/v2\/comments?post=29354"}],"wp:featuredmedia":[{"embeddable":true,"href":"https:\/\/autravail.ca\/en\/wp-json\/wp\/v2\/media\/41769"}],"wp:attachment":[{"href":"https:\/\/autravail.ca\/en\/wp-json\/wp\/v2\/media?parent=29354"}],"wp:term":[{"taxonomy":"product_cat","embeddable":true,"href":"https:\/\/autravail.ca\/en\/wp-json\/wp\/v2\/product_cat?post=29354"},{"taxonomy":"product_tag","embeddable":true,"href":"https:\/\/autravail.ca\/en\/wp-json\/wp\/v2\/product_tag?post=29354"}],"curies":[{"name":"wp","href":"https:\/\/api.w.org\/{rel}","templated":true}]}}