{"id":29326,"date":"2025-05-08T06:32:49","date_gmt":"2025-05-08T06:32:49","guid":{"rendered":"https:\/\/meteoquebec.ca\/?post_type=product&#038;p=29326"},"modified":"2026-01-15T13:15:39","modified_gmt":"2026-01-15T17:15:39","slug":"botte-de-travail-dhiver-csa-workhorse-7157-0238","status":"publish","type":"product","link":"https:\/\/autravail.ca\/en\/product\/botte-de-travail-dhiver-csa-workhorse-7157-0238\/","title":{"rendered":"Botte de travail d&rsquo;hiver CSA &#8211; Workhorse 7157-0238"},"content":{"rendered":"<h3>Botte de travail d&rsquo;hiver CSA &#8211; Workhorse 7157-0238<\/h3>\n<p>La meilleure qualit\u00e9e se conjugue \u00e0 la s\u00e9curit\u00e9 en milieu industriel avec la <a href=\"https:\/\/autravail.ca\/en\/product-brand\/baffin\/\">Baffin<\/a> botte de travail d&rsquo;hiver CSA WORKHORSE 7157-0238 (EPS). Destin\u00e9e \u00e0 de nombreuses utilisations, la WORKHORSE (EPS) se caract\u00e9rise par ses caract\u00e9ristiques de chaleur et de confort pour vous permettre de vous concentrer sur votre travail par temps froid.<\/p>\n<p><img decoding=\"async\" class=\"alignnone size-full wp-image-40117\" src=\"https:\/\/autravail.ca\/wp-content\/uploads\/2025\/09\/Certification-Omega-Triangle-vert.jpg\" alt=\"Certifications Om\u00e9ga Triangle vert\" width=\"193\" height=\"110\" srcset=\"https:\/\/autravail.ca\/wp-content\/uploads\/2025\/09\/Certification-Omega-Triangle-vert.jpg 193w, https:\/\/autravail.ca\/wp-content\/uploads\/2025\/09\/Certification-Omega-Triangle-vert-150x85.jpg 150w, https:\/\/autravail.ca\/wp-content\/uploads\/2025\/09\/Certification-Omega-Triangle-vert-18x10.jpg 18w\" sizes=\"(max-width: 193px) 100vw, 193px\" \/><\/p>\n<h4>Characteristics:<\/h4>\n<ul>\n<li>Botte <a href=\"\/en\/product-brand\/baffin\/\">Baffin<\/a> d&rsquo;hiver Workhorse<\/li>\n<li>Base resistant to acids and oils made of polyurethane.<\/li>\n<li>Nitrile rubber sole resistant to acids and oils<\/li>\n<li>Non-detectable material<\/li>\n<li>High-quality leather pipe<\/li>\n<li>Entirely resistant to acids and oils.<\/li>\n<li>Non-metallic protection<\/li>\n<li>Available with sole and protection cap<\/li>\n<\/ul>\n<h4>LA TECHNOLOGIE:<\/h4>\n<p>&nbsp;<\/p>\n<p>Tige, lacets et coutures en cuir polyur\u00e9thane (PU) et nylon de qualit\u00e9 sup\u00e9rieure, mi-hauts, r\u00e9sistants \u00e0 l&rsquo;huile et aux acides<br \/>\n\u0152illets d&rsquo;enfilage antirouille pour un ajustement parfait<br \/>\nBoucle d&rsquo;enfilage \u00e0 l&rsquo;arri\u00e8re pour un chaussage facile<\/p>\n<p>Embout et plaque de s\u00e9curit\u00e9 composites<br \/>\nBase et semelle ext\u00e9rieure en caoutchouc polyur\u00e9thane (PU) r\u00e9sistantes \u00e0 l&rsquo;huile et aux acides<br \/>\nSemelle ext\u00e9rieure autonettoyante \u00e0 crampons multidirectionnels<br \/>\nTest\u00e9e selon la norme Z195-14 pour le coefficient de frottement (COF) sur les carreaux de carri\u00e8re, l&rsquo;acier inoxydable, les surfaces humides et s\u00e8ches, \u00e0 temp\u00e9rature ambiante et par temps froid<\/p>\n<p>Syst\u00e8me de chausson amovible multicouche Comfort-Fit comprenant :<\/p>\n<p>Couche Thermaplush\u2122 douce et absorbante pour la chaleur<br \/>\nDoublure en mousse B-Tek\u2122 ajust\u00e9e pour le confort<br \/>\nIsolation l\u00e9g\u00e8re en fibres creuses 4 canaux B-Tek\u2122 Heat Respirabilit\u00e9 \u00e9lev\u00e9e sur une large plage de temp\u00e9ratures<br \/>\nMembrane en aluminium vaporis\u00e9 pour la r\u00e9flexion de l&rsquo;\u00e9nergie et la r\u00e9gulation thermique<br \/>\nM\u00e9lange de laine polyester PolyWool\u2122 pour une chaleur respirante<br \/>\nSuperposition Hydromax\u2122 pour une meilleure gestion de l&rsquo;humidit\u00e9<br \/>\nIsolation DiamondNet\u2122 pour une protection coupe-vent et une sensation de l\u00e9g\u00e8ret\u00e9<\/p>\n<h4>ENTRETIEN:<\/h4>\n<p>&nbsp;<\/p>\n<ul>\n<li>Tige en cuir : Appliquez de la cr\u00e8me pour chaussures non color\u00e9e sur la surface<\/li>\n<li>Base en polyur\u00e9thane : Essuyez avec un chiffon humide pour enlever l&rsquo;exc\u00e8s de salet\u00e9, laissez s\u00e9cher \u00e0 l&rsquo;air naturel<\/li>\n<\/ul>\n<h4>ENTREPOSAGE:<\/h4>\n<ul>\n<li>Retirez toute salet\u00e9 et d\u00e9bris du caoutchouc, du nylon ou du cuir.<br \/>\nEssuyez et assurez-vous que le produit est sec avant de le ranger.<br \/>\nConservation optimale dans un endroit sombre, sec et frais.<\/li>\n<\/ul>\n<p><img decoding=\"async\" class=\"alignnone wp-image-40620\" src=\"https:\/\/autravail.ca\/wp-content\/uploads\/2025\/09\/Jachete-quebec-et-canada.jpg\" alt=\"Logo de l'achat local\" width=\"162\" height=\"139\" \/>Merci d&rsquo;encourager une entreprise 100% d&rsquo;ici!<\/p>","protected":false},"excerpt":{"rendered":"<p>Botte de travail d&rsquo;hiver CSA &#8211; Workhorse 7157-0238 La meilleure qualit\u00e9e se conjugue \u00e0 la s\u00e9curit\u00e9 en milieu industriel avec la Baffin botte de travail d&rsquo;hiver CSA WORKHORSE 7157-0238 (EPS). Destin\u00e9e \u00e0 de nombreuses utilisations, la WORKHORSE (EPS) se caract\u00e9rise par ses caract\u00e9ristiques de chaleur et de confort pour vous permettre de vous concentrer sur [&hellip;]<\/p>","protected":false},"featured_media":13057,"comment_status":"open","ping_status":"closed","template":"","meta":[],"product_cat":[671,602],"product_tag":[308,309,252,242,253],"class_list":{"0":"post-29326","1":"product","2":"type-product","3":"status-publish","4":"has-post-thumbnail","6":"product_brand-baffin","7":"product_cat-bottes-dhiver-csa","8":"product_cat-hommes","9":"product_tag-bottes-dhiver-csa","10":"product_tag-csa-hiver","11":"product_tag-electric-shock-resistant","12":"product_tag-homme","13":"product_tag-sole-protection","15":"first","16":"instock","17":"taxable","18":"shipping-taxable","19":"purchasable","20":"product-type-variable"},"yoast_head":"<!-- This site is optimized with the Yoast SEO plugin v25.3.1 - https:\/\/yoast.com\/wordpress\/plugins\/seo\/ -->\n<title>Botte de travail d&#039;hiver CSA - Workhorse 7157-0238 - Le Magasin Industriel<\/title>\n<meta name=\"description\" content=\"Botte de travail d&#039;hiver CSA - Workhorse 7157-0238 pour les aventures en conditions de froid extr\u00eame elle a fait ses preuves dans l&#039;Arctique\" \/>\n<meta name=\"robots\" content=\"index, follow, max-snippet:-1, max-image-preview:large, max-video-preview:-1\" \/>\n<link rel=\"canonical\" href=\"https:\/\/autravail.ca\/en\/product\/botte-de-travail-dhiver-csa-workhorse-7157-0238\/\" \/>\n<meta property=\"og:locale\" content=\"en_US\" \/>\n<meta property=\"og:type\" content=\"article\" \/>\n<meta property=\"og:title\" content=\"Botte de travail d&#039;hiver CSA - Workhorse 7157-0238 - Le Magasin Industriel\" \/>\n<meta property=\"og:description\" content=\"Botte de travail d&#039;hiver CSA - Workhorse 7157-0238 pour les aventures en conditions de froid extr\u00eame elle a fait ses preuves dans l&#039;Arctique\" \/>\n<meta property=\"og:url\" content=\"https:\/\/autravail.ca\/en\/product\/botte-de-travail-dhiver-csa-workhorse-7157-0238\/\" \/>\n<meta property=\"og:site_name\" content=\"Le Magasin Industriel\" \/>\n<meta property=\"article:publisher\" content=\"https:\/\/www.facebook.com\/lemagasinindustriel\/?locale=fr_FR\" \/>\n<meta property=\"article:modified_time\" content=\"2026-01-15T17:15:39+00:00\" \/>\n<meta property=\"og:image\" content=\"https:\/\/autravail.ca\/wp-content\/uploads\/2025\/05\/7157-0238_A01_03332f67-e752-41bf-9a8f-bfe948615b07.jpg\" \/>\n\t<meta property=\"og:image:width\" content=\"1000\" \/>\n\t<meta property=\"og:image:height\" content=\"1000\" \/>\n\t<meta property=\"og:image:type\" content=\"image\/jpeg\" \/>\n<meta name=\"twitter:card\" content=\"summary_large_image\" \/>\n<meta name=\"twitter:label1\" content=\"Est. reading time\" \/>\n\t<meta name=\"twitter:data1\" content=\"3 minutes\" \/>\n<script type=\"application\/ld+json\" class=\"yoast-schema-graph\">{\"@context\":\"https:\/\/schema.org\",\"@graph\":[{\"@type\":\"WebPage\",\"@id\":\"https:\/\/autravail.ca\/product\/botte-de-travail-dhiver-csa-workhorse-7157-0238\/\",\"url\":\"https:\/\/autravail.ca\/product\/botte-de-travail-dhiver-csa-workhorse-7157-0238\/\",\"name\":\"Botte de travail d'hiver CSA - Workhorse 7157-0238 - Le Magasin Industriel\",\"isPartOf\":{\"@id\":\"https:\/\/autravail.ca\/#website\"},\"primaryImageOfPage\":{\"@id\":\"https:\/\/autravail.ca\/product\/botte-de-travail-dhiver-csa-workhorse-7157-0238\/#primaryimage\"},\"image\":{\"@id\":\"https:\/\/autravail.ca\/product\/botte-de-travail-dhiver-csa-workhorse-7157-0238\/#primaryimage\"},\"thumbnailUrl\":\"https:\/\/autravail.ca\/wp-content\/uploads\/2025\/05\/7157-0238_A01_03332f67-e752-41bf-9a8f-bfe948615b07.jpg\",\"datePublished\":\"2025-05-08T06:32:49+00:00\",\"dateModified\":\"2026-01-15T17:15:39+00:00\",\"description\":\"Botte de travail d'hiver CSA - Workhorse 7157-0238 pour les aventures en conditions de froid extr\u00eame elle a fait ses preuves dans l'Arctique\",\"breadcrumb\":{\"@id\":\"https:\/\/autravail.ca\/product\/botte-de-travail-dhiver-csa-workhorse-7157-0238\/#breadcrumb\"},\"inLanguage\":\"en-CA\",\"potentialAction\":[{\"@type\":\"ReadAction\",\"target\":[\"https:\/\/autravail.ca\/product\/botte-de-travail-dhiver-csa-workhorse-7157-0238\/\"]}]},{\"@type\":\"ImageObject\",\"inLanguage\":\"en-CA\",\"@id\":\"https:\/\/autravail.ca\/product\/botte-de-travail-dhiver-csa-workhorse-7157-0238\/#primaryimage\",\"url\":\"https:\/\/autravail.ca\/wp-content\/uploads\/2025\/05\/7157-0238_A01_03332f67-e752-41bf-9a8f-bfe948615b07.jpg\",\"contentUrl\":\"https:\/\/autravail.ca\/wp-content\/uploads\/2025\/05\/7157-0238_A01_03332f67-e752-41bf-9a8f-bfe948615b07.jpg\",\"width\":1000,\"height\":1000},{\"@type\":\"BreadcrumbList\",\"@id\":\"https:\/\/autravail.ca\/product\/botte-de-travail-dhiver-csa-workhorse-7157-0238\/#breadcrumb\",\"itemListElement\":[{\"@type\":\"ListItem\",\"position\":1,\"name\":\"Accueil\",\"item\":\"https:\/\/autravail.ca\/\"},{\"@type\":\"ListItem\",\"position\":2,\"name\":\"Magasin\",\"item\":\"https:\/\/autravail.ca\/en\/shop\/\"},{\"@type\":\"ListItem\",\"position\":3,\"name\":\"Botte de travail d&rsquo;hiver CSA &#8211; Workhorse 7157-0238\"}]},{\"@type\":\"WebSite\",\"@id\":\"https:\/\/autravail.ca\/#website\",\"url\":\"https:\/\/autravail.ca\/\",\"name\":\"Le Magasin Industriel\",\"description\":\"50 ans de tradition de s\u00e9curit\u00e9 au travail\",\"publisher\":{\"@id\":\"https:\/\/autravail.ca\/#organization\"},\"potentialAction\":[{\"@type\":\"SearchAction\",\"target\":{\"@type\":\"EntryPoint\",\"urlTemplate\":\"https:\/\/autravail.ca\/?s={search_term_string}\"},\"query-input\":{\"@type\":\"PropertyValueSpecification\",\"valueRequired\":true,\"valueName\":\"search_term_string\"}}],\"inLanguage\":\"en-CA\"},{\"@type\":\"Organization\",\"@id\":\"https:\/\/autravail.ca\/#organization\",\"name\":\"Le Magasin Industriel\",\"url\":\"https:\/\/autravail.ca\/\",\"logo\":{\"@type\":\"ImageObject\",\"inLanguage\":\"en-CA\",\"@id\":\"https:\/\/autravail.ca\/#\/schema\/logo\/image\/\",\"url\":\"https:\/\/autravail.ca\/wp-content\/uploads\/2025\/05\/cropped-magasin_industriel_120x.avif\",\"contentUrl\":\"https:\/\/autravail.ca\/wp-content\/uploads\/2025\/05\/cropped-magasin_industriel_120x.avif\",\"width\":120,\"height\":24,\"caption\":\"Le Magasin Industriel\"},\"image\":{\"@id\":\"https:\/\/autravail.ca\/#\/schema\/logo\/image\/\"},\"sameAs\":[\"https:\/\/www.facebook.com\/lemagasinindustriel\/?locale=fr_FR\"]}]}<\/script>\n<!-- \/ Yoast SEO plugin. -->","yoast_head_json":{"title":"Botte de travail d'hiver CSA - Workhorse 7157-0238 - Le Magasin Industriel","description":"Botte de travail d'hiver CSA - Workhorse 7157-0238 pour les aventures en conditions de froid extr\u00eame elle a fait ses preuves dans l'Arctique","robots":{"index":"index","follow":"follow","max-snippet":"max-snippet:-1","max-image-preview":"max-image-preview:large","max-video-preview":"max-video-preview:-1"},"canonical":"https:\/\/autravail.ca\/en\/product\/botte-de-travail-dhiver-csa-workhorse-7157-0238\/","og_locale":"en_US","og_type":"article","og_title":"Botte de travail d'hiver CSA - Workhorse 7157-0238 - Le Magasin Industriel","og_description":"Botte de travail d'hiver CSA - Workhorse 7157-0238 pour les aventures en conditions de froid extr\u00eame elle a fait ses preuves dans l'Arctique","og_url":"https:\/\/autravail.ca\/en\/product\/botte-de-travail-dhiver-csa-workhorse-7157-0238\/","og_site_name":"Le Magasin Industriel","article_publisher":"https:\/\/www.facebook.com\/lemagasinindustriel\/?locale=fr_FR","article_modified_time":"2026-01-15T17:15:39+00:00","og_image":[{"width":1000,"height":1000,"url":"https:\/\/autravail.ca\/wp-content\/uploads\/2025\/05\/7157-0238_A01_03332f67-e752-41bf-9a8f-bfe948615b07.jpg","type":"image\/jpeg"}],"twitter_card":"summary_large_image","twitter_misc":{"Est. reading time":"3 minutes"},"schema":{"@context":"https:\/\/schema.org","@graph":[{"@type":"WebPage","@id":"https:\/\/autravail.ca\/product\/botte-de-travail-dhiver-csa-workhorse-7157-0238\/","url":"https:\/\/autravail.ca\/product\/botte-de-travail-dhiver-csa-workhorse-7157-0238\/","name":"Botte de travail d'hiver CSA - Workhorse 7157-0238 - Le Magasin Industriel","isPartOf":{"@id":"https:\/\/autravail.ca\/#website"},"primaryImageOfPage":{"@id":"https:\/\/autravail.ca\/product\/botte-de-travail-dhiver-csa-workhorse-7157-0238\/#primaryimage"},"image":{"@id":"https:\/\/autravail.ca\/product\/botte-de-travail-dhiver-csa-workhorse-7157-0238\/#primaryimage"},"thumbnailUrl":"https:\/\/autravail.ca\/wp-content\/uploads\/2025\/05\/7157-0238_A01_03332f67-e752-41bf-9a8f-bfe948615b07.jpg","datePublished":"2025-05-08T06:32:49+00:00","dateModified":"2026-01-15T17:15:39+00:00","description":"Botte de travail d'hiver CSA - Workhorse 7157-0238 pour les aventures en conditions de froid extr\u00eame elle a fait ses preuves dans l'Arctique","breadcrumb":{"@id":"https:\/\/autravail.ca\/product\/botte-de-travail-dhiver-csa-workhorse-7157-0238\/#breadcrumb"},"inLanguage":"en-CA","potentialAction":[{"@type":"ReadAction","target":["https:\/\/autravail.ca\/product\/botte-de-travail-dhiver-csa-workhorse-7157-0238\/"]}]},{"@type":"ImageObject","inLanguage":"en-CA","@id":"https:\/\/autravail.ca\/product\/botte-de-travail-dhiver-csa-workhorse-7157-0238\/#primaryimage","url":"https:\/\/autravail.ca\/wp-content\/uploads\/2025\/05\/7157-0238_A01_03332f67-e752-41bf-9a8f-bfe948615b07.jpg","contentUrl":"https:\/\/autravail.ca\/wp-content\/uploads\/2025\/05\/7157-0238_A01_03332f67-e752-41bf-9a8f-bfe948615b07.jpg","width":1000,"height":1000},{"@type":"BreadcrumbList","@id":"https:\/\/autravail.ca\/product\/botte-de-travail-dhiver-csa-workhorse-7157-0238\/#breadcrumb","itemListElement":[{"@type":"ListItem","position":1,"name":"Accueil","item":"https:\/\/autravail.ca\/"},{"@type":"ListItem","position":2,"name":"Magasin","item":"https:\/\/autravail.ca\/en\/shop\/"},{"@type":"ListItem","position":3,"name":"Botte de travail d&rsquo;hiver CSA &#8211; Workhorse 7157-0238"}]},{"@type":"WebSite","@id":"https:\/\/autravail.ca\/#website","url":"https:\/\/autravail.ca\/","name":"Le Magasin Industriel","description":"50 ans de tradition de s\u00e9curit\u00e9 au travail","publisher":{"@id":"https:\/\/autravail.ca\/#organization"},"potentialAction":[{"@type":"SearchAction","target":{"@type":"EntryPoint","urlTemplate":"https:\/\/autravail.ca\/?s={search_term_string}"},"query-input":{"@type":"PropertyValueSpecification","valueRequired":true,"valueName":"search_term_string"}}],"inLanguage":"en-CA"},{"@type":"Organization","@id":"https:\/\/autravail.ca\/#organization","name":"Le Magasin Industriel","url":"https:\/\/autravail.ca\/","logo":{"@type":"ImageObject","inLanguage":"en-CA","@id":"https:\/\/autravail.ca\/#\/schema\/logo\/image\/","url":"https:\/\/autravail.ca\/wp-content\/uploads\/2025\/05\/cropped-magasin_industriel_120x.avif","contentUrl":"https:\/\/autravail.ca\/wp-content\/uploads\/2025\/05\/cropped-magasin_industriel_120x.avif","width":120,"height":24,"caption":"Le Magasin Industriel"},"image":{"@id":"https:\/\/autravail.ca\/#\/schema\/logo\/image\/"},"sameAs":["https:\/\/www.facebook.com\/lemagasinindustriel\/?locale=fr_FR"]}]}},"jetpack_sharing_enabled":true,"_links":{"self":[{"href":"https:\/\/autravail.ca\/en\/wp-json\/wp\/v2\/product\/29326","targetHints":{"allow":["GET"]}}],"collection":[{"href":"https:\/\/autravail.ca\/en\/wp-json\/wp\/v2\/product"}],"about":[{"href":"https:\/\/autravail.ca\/en\/wp-json\/wp\/v2\/types\/product"}],"replies":[{"embeddable":true,"href":"https:\/\/autravail.ca\/en\/wp-json\/wp\/v2\/comments?post=29326"}],"wp:featuredmedia":[{"embeddable":true,"href":"https:\/\/autravail.ca\/en\/wp-json\/wp\/v2\/media\/13057"}],"wp:attachment":[{"href":"https:\/\/autravail.ca\/en\/wp-json\/wp\/v2\/media?parent=29326"}],"wp:term":[{"taxonomy":"product_cat","embeddable":true,"href":"https:\/\/autravail.ca\/en\/wp-json\/wp\/v2\/product_cat?post=29326"},{"taxonomy":"product_tag","embeddable":true,"href":"https:\/\/autravail.ca\/en\/wp-json\/wp\/v2\/product_tag?post=29326"}],"curies":[{"name":"wp","href":"https:\/\/api.w.org\/{rel}","templated":true}]}}