{"id":29323,"date":"2025-05-08T06:32:49","date_gmt":"2025-05-08T06:32:49","guid":{"rendered":"https:\/\/meteoquebec.ca\/?post_type=product&#038;p=29323"},"modified":"2025-12-05T05:11:14","modified_gmt":"2025-12-05T09:11:14","slug":"manteau-dhiver-helly-hansen-manchester-71351","status":"publish","type":"product","link":"https:\/\/autravail.ca\/en\/product\/manteau-dhiver-helly-hansen-manchester-71351\/","title":{"rendered":"Manteau d&rsquo;hiver Helly Hansen Manchester &#8211; 71351"},"content":{"rendered":"<h4>Manteau d&rsquo;hiver Helly Hansen Manchester &#8211; 71351<\/h4>\n<p>Le Manteau d&rsquo;hiver Helly Hansen Manchester &#8211; 71351 est l\u00e9ger, polyvalent et con\u00e7u pour les conditions hivernales exigeantes. Il utilise l\u2019isolation Primaloft\u00ae Black Eco de <a href=\"https:\/\/autravail.ca\/en\/product-brand\/helly-hansen\/\">Helly Hansen Workwear<\/a>. La technologie Helly Tech\u00ae Protection le rend imperm\u00e9able, coupe-vent et respirant. Sa construction enti\u00e8rement \u00e9tanch\u00e9e garde le corps au sec. La capuche ajustable offre une protection suppl\u00e9mentaire contre le froid. Le col est doubl\u00e9 pour plus de confort. La fermeture YKK\u00ae avec prot\u00e8ge-menton assure une bonne \u00e9tanch\u00e9it\u00e9. Les poignets et l\u2019ourlet sont ajustables pour un meilleur ajustement. Les poches zipp\u00e9es sont pratiques et s\u00e9curis\u00e9es. Une poche int\u00e9rieure permet de garder les objets essentiels \u00e0 port\u00e9e de main. Les manches articul\u00e9es favorisent la libert\u00e9 de mouvement. Des bandes r\u00e9fl\u00e9chissantes augmentent la visibilit\u00e9 en milieu sombre. Le tissu ext\u00e9rieur est en polyester robuste. La doublure en polyamide est douce et r\u00e9sistante.<\/p>\n<p>Ce manteau offre un excellent rapport qualit\u00e9-prix. Il convient parfaitement aux travailleurs actifs en hiver. Un choix fiable et fonctionnel<\/p>\n<h4>Characteristics:<\/h4>\n<ul>\n<li>Protection Helly Tech<\/li>\n<li>Waterproof, windproof and breathable<\/li>\n<li>Completely braced construction<\/li>\n<li>Primaloft Black Eco Isolation<\/li>\n<li>Adjustable hood with drawstring closure<\/li>\n<li>Quick-fastening YKK on the front with protection-toe<\/li>\n<li>Stormy weather ahead<\/li>\n<li>Courtes bandes r\u00e9fl\u00e9chissantes<\/li>\n<li>Fit r\u00e9gulier Helly Hansen Workwear<\/li>\n<\/ul>\n<p><img decoding=\"async\" class=\"alignnone wp-image-40620\" src=\"https:\/\/autravail.ca\/wp-content\/uploads\/2025\/09\/Jachete-quebec-et-canada.jpg\" alt=\"Logo de l'achat local\" width=\"162\" height=\"139\" \/>Merci d&rsquo;encourager une entreprise 100% d&rsquo;ici!<\/p>\n<p>TS2511S<\/p>","protected":false},"excerpt":{"rendered":"<p>Manteau d&rsquo;hiver Helly Hansen Manchester &#8211; 71351 Le Manteau d&rsquo;hiver Helly Hansen Manchester &#8211; 71351 est l\u00e9ger, polyvalent et con\u00e7u pour les conditions hivernales exigeantes. Il utilise l\u2019isolation Primaloft\u00ae Black Eco de Helly Hansen Workwear. La technologie Helly Tech\u00ae Protection le rend imperm\u00e9able, coupe-vent et respirant. Sa construction enti\u00e8rement \u00e9tanch\u00e9e garde le corps au sec. [&hellip;]<\/p>","protected":false},"featured_media":41458,"comment_status":"open","ping_status":"closed","template":"","meta":[],"product_cat":[602,610,824,604],"product_tag":[306,242],"class_list":{"0":"post-29323","1":"product","2":"type-product","3":"status-publish","4":"has-post-thumbnail","6":"product_brand-helly-hansen","7":"product_cat-hommes","8":"product_cat-manteaux","9":"product_cat-manteaux-dhiver","10":"product_cat-vetements-de-travail","11":"product_tag-cartier","12":"product_tag-homme","14":"first","15":"instock","16":"taxable","17":"shipping-taxable","18":"purchasable","19":"product-type-variable"},"yoast_head":"<!-- This site is optimized with the Yoast SEO plugin v25.3.1 - https:\/\/yoast.com\/wordpress\/plugins\/seo\/ -->\n<title>Manteau d&#039;hiver Helly Hansen Manchester - 71351 - Le Magasin Industriel<\/title>\n<meta name=\"description\" content=\"Manteau d&#039;hiver Helly Hansen Manchester - 71351 l\u00e9ger, confortable et durable, mais \u00e0 prix abordable qui offre une qualit\u00e9 prix avantageuse.\" \/>\n<meta name=\"robots\" content=\"index, follow, max-snippet:-1, max-image-preview:large, max-video-preview:-1\" \/>\n<link rel=\"canonical\" href=\"https:\/\/autravail.ca\/en\/product\/manteau-dhiver-helly-hansen-manchester-71351\/\" \/>\n<meta property=\"og:locale\" content=\"en_US\" \/>\n<meta property=\"og:type\" content=\"article\" \/>\n<meta property=\"og:title\" content=\"Manteau d&#039;hiver Helly Hansen Manchester - 71351 - Le Magasin Industriel\" \/>\n<meta property=\"og:description\" content=\"Manteau d&#039;hiver Helly Hansen Manchester - 71351 l\u00e9ger, confortable et durable, mais \u00e0 prix abordable qui offre une qualit\u00e9 prix avantageuse.\" \/>\n<meta property=\"og:url\" content=\"https:\/\/autravail.ca\/en\/product\/manteau-dhiver-helly-hansen-manchester-71351\/\" \/>\n<meta property=\"og:site_name\" content=\"Le Magasin Industriel\" \/>\n<meta property=\"article:publisher\" content=\"https:\/\/www.facebook.com\/lemagasinindustriel\/?locale=fr_FR\" \/>\n<meta property=\"article:modified_time\" content=\"2025-12-05T09:11:14+00:00\" \/>\n<meta property=\"og:image\" content=\"https:\/\/autravail.ca\/wp-content\/uploads\/2025\/05\/71351_A01.jpg\" \/>\n\t<meta property=\"og:image:width\" content=\"1000\" \/>\n\t<meta property=\"og:image:height\" content=\"1000\" \/>\n\t<meta property=\"og:image:type\" content=\"image\/jpeg\" \/>\n<meta name=\"twitter:card\" content=\"summary_large_image\" \/>\n<meta name=\"twitter:label1\" content=\"Est. reading time\" \/>\n\t<meta name=\"twitter:data1\" content=\"2 minutes\" \/>\n<script type=\"application\/ld+json\" class=\"yoast-schema-graph\">{\"@context\":\"https:\/\/schema.org\",\"@graph\":[{\"@type\":\"WebPage\",\"@id\":\"https:\/\/autravail.ca\/product\/manteau-dhiver-helly-hansen-manchester-71351\/\",\"url\":\"https:\/\/autravail.ca\/product\/manteau-dhiver-helly-hansen-manchester-71351\/\",\"name\":\"Manteau d'hiver Helly Hansen Manchester - 71351 - Le Magasin Industriel\",\"isPartOf\":{\"@id\":\"https:\/\/autravail.ca\/#website\"},\"primaryImageOfPage\":{\"@id\":\"https:\/\/autravail.ca\/product\/manteau-dhiver-helly-hansen-manchester-71351\/#primaryimage\"},\"image\":{\"@id\":\"https:\/\/autravail.ca\/product\/manteau-dhiver-helly-hansen-manchester-71351\/#primaryimage\"},\"thumbnailUrl\":\"https:\/\/autravail.ca\/wp-content\/uploads\/2025\/05\/71351_A01.jpg\",\"datePublished\":\"2025-05-08T06:32:49+00:00\",\"dateModified\":\"2025-12-05T09:11:14+00:00\",\"description\":\"Manteau d'hiver Helly Hansen Manchester - 71351 l\u00e9ger, confortable et durable, mais \u00e0 prix abordable qui offre une qualit\u00e9 prix avantageuse.\",\"breadcrumb\":{\"@id\":\"https:\/\/autravail.ca\/product\/manteau-dhiver-helly-hansen-manchester-71351\/#breadcrumb\"},\"inLanguage\":\"en-CA\",\"potentialAction\":[{\"@type\":\"ReadAction\",\"target\":[\"https:\/\/autravail.ca\/product\/manteau-dhiver-helly-hansen-manchester-71351\/\"]}]},{\"@type\":\"ImageObject\",\"inLanguage\":\"en-CA\",\"@id\":\"https:\/\/autravail.ca\/product\/manteau-dhiver-helly-hansen-manchester-71351\/#primaryimage\",\"url\":\"https:\/\/autravail.ca\/wp-content\/uploads\/2025\/05\/71351_A01.jpg\",\"contentUrl\":\"https:\/\/autravail.ca\/wp-content\/uploads\/2025\/05\/71351_A01.jpg\",\"width\":1000,\"height\":1000,\"caption\":\"Manteau d'hiver Helly Hansen Manchester - 71351\"},{\"@type\":\"BreadcrumbList\",\"@id\":\"https:\/\/autravail.ca\/product\/manteau-dhiver-helly-hansen-manchester-71351\/#breadcrumb\",\"itemListElement\":[{\"@type\":\"ListItem\",\"position\":1,\"name\":\"Accueil\",\"item\":\"https:\/\/autravail.ca\/\"},{\"@type\":\"ListItem\",\"position\":2,\"name\":\"Magasin\",\"item\":\"https:\/\/autravail.ca\/en\/shop\/\"},{\"@type\":\"ListItem\",\"position\":3,\"name\":\"Manteau d&rsquo;hiver Helly Hansen Manchester &#8211; 71351\"}]},{\"@type\":\"WebSite\",\"@id\":\"https:\/\/autravail.ca\/#website\",\"url\":\"https:\/\/autravail.ca\/\",\"name\":\"Le Magasin Industriel\",\"description\":\"50 ans de tradition de s\u00e9curit\u00e9 au travail\",\"publisher\":{\"@id\":\"https:\/\/autravail.ca\/#organization\"},\"potentialAction\":[{\"@type\":\"SearchAction\",\"target\":{\"@type\":\"EntryPoint\",\"urlTemplate\":\"https:\/\/autravail.ca\/?s={search_term_string}\"},\"query-input\":{\"@type\":\"PropertyValueSpecification\",\"valueRequired\":true,\"valueName\":\"search_term_string\"}}],\"inLanguage\":\"en-CA\"},{\"@type\":\"Organization\",\"@id\":\"https:\/\/autravail.ca\/#organization\",\"name\":\"Le Magasin Industriel\",\"url\":\"https:\/\/autravail.ca\/\",\"logo\":{\"@type\":\"ImageObject\",\"inLanguage\":\"en-CA\",\"@id\":\"https:\/\/autravail.ca\/#\/schema\/logo\/image\/\",\"url\":\"https:\/\/autravail.ca\/wp-content\/uploads\/2025\/05\/cropped-magasin_industriel_120x.avif\",\"contentUrl\":\"https:\/\/autravail.ca\/wp-content\/uploads\/2025\/05\/cropped-magasin_industriel_120x.avif\",\"width\":120,\"height\":24,\"caption\":\"Le Magasin Industriel\"},\"image\":{\"@id\":\"https:\/\/autravail.ca\/#\/schema\/logo\/image\/\"},\"sameAs\":[\"https:\/\/www.facebook.com\/lemagasinindustriel\/?locale=fr_FR\"]}]}<\/script>\n<!-- \/ Yoast SEO plugin. -->","yoast_head_json":{"title":"Manteau d'hiver Helly Hansen Manchester - 71351 - Le Magasin Industriel","description":"Manteau d'hiver Helly Hansen Manchester - 71351 l\u00e9ger, confortable et durable, mais \u00e0 prix abordable qui offre une qualit\u00e9 prix avantageuse.","robots":{"index":"index","follow":"follow","max-snippet":"max-snippet:-1","max-image-preview":"max-image-preview:large","max-video-preview":"max-video-preview:-1"},"canonical":"https:\/\/autravail.ca\/en\/product\/manteau-dhiver-helly-hansen-manchester-71351\/","og_locale":"en_US","og_type":"article","og_title":"Manteau d'hiver Helly Hansen Manchester - 71351 - Le Magasin Industriel","og_description":"Manteau d'hiver Helly Hansen Manchester - 71351 l\u00e9ger, confortable et durable, mais \u00e0 prix abordable qui offre une qualit\u00e9 prix avantageuse.","og_url":"https:\/\/autravail.ca\/en\/product\/manteau-dhiver-helly-hansen-manchester-71351\/","og_site_name":"Le Magasin Industriel","article_publisher":"https:\/\/www.facebook.com\/lemagasinindustriel\/?locale=fr_FR","article_modified_time":"2025-12-05T09:11:14+00:00","og_image":[{"width":1000,"height":1000,"url":"https:\/\/autravail.ca\/wp-content\/uploads\/2025\/05\/71351_A01.jpg","type":"image\/jpeg"}],"twitter_card":"summary_large_image","twitter_misc":{"Est. reading time":"2 minutes"},"schema":{"@context":"https:\/\/schema.org","@graph":[{"@type":"WebPage","@id":"https:\/\/autravail.ca\/product\/manteau-dhiver-helly-hansen-manchester-71351\/","url":"https:\/\/autravail.ca\/product\/manteau-dhiver-helly-hansen-manchester-71351\/","name":"Manteau d'hiver Helly Hansen Manchester - 71351 - Le Magasin Industriel","isPartOf":{"@id":"https:\/\/autravail.ca\/#website"},"primaryImageOfPage":{"@id":"https:\/\/autravail.ca\/product\/manteau-dhiver-helly-hansen-manchester-71351\/#primaryimage"},"image":{"@id":"https:\/\/autravail.ca\/product\/manteau-dhiver-helly-hansen-manchester-71351\/#primaryimage"},"thumbnailUrl":"https:\/\/autravail.ca\/wp-content\/uploads\/2025\/05\/71351_A01.jpg","datePublished":"2025-05-08T06:32:49+00:00","dateModified":"2025-12-05T09:11:14+00:00","description":"Manteau d'hiver Helly Hansen Manchester - 71351 l\u00e9ger, confortable et durable, mais \u00e0 prix abordable qui offre une qualit\u00e9 prix avantageuse.","breadcrumb":{"@id":"https:\/\/autravail.ca\/product\/manteau-dhiver-helly-hansen-manchester-71351\/#breadcrumb"},"inLanguage":"en-CA","potentialAction":[{"@type":"ReadAction","target":["https:\/\/autravail.ca\/product\/manteau-dhiver-helly-hansen-manchester-71351\/"]}]},{"@type":"ImageObject","inLanguage":"en-CA","@id":"https:\/\/autravail.ca\/product\/manteau-dhiver-helly-hansen-manchester-71351\/#primaryimage","url":"https:\/\/autravail.ca\/wp-content\/uploads\/2025\/05\/71351_A01.jpg","contentUrl":"https:\/\/autravail.ca\/wp-content\/uploads\/2025\/05\/71351_A01.jpg","width":1000,"height":1000,"caption":"Manteau d'hiver Helly Hansen Manchester - 71351"},{"@type":"BreadcrumbList","@id":"https:\/\/autravail.ca\/product\/manteau-dhiver-helly-hansen-manchester-71351\/#breadcrumb","itemListElement":[{"@type":"ListItem","position":1,"name":"Accueil","item":"https:\/\/autravail.ca\/"},{"@type":"ListItem","position":2,"name":"Magasin","item":"https:\/\/autravail.ca\/en\/shop\/"},{"@type":"ListItem","position":3,"name":"Manteau d&rsquo;hiver Helly Hansen Manchester &#8211; 71351"}]},{"@type":"WebSite","@id":"https:\/\/autravail.ca\/#website","url":"https:\/\/autravail.ca\/","name":"Le Magasin Industriel","description":"50 ans de tradition de s\u00e9curit\u00e9 au travail","publisher":{"@id":"https:\/\/autravail.ca\/#organization"},"potentialAction":[{"@type":"SearchAction","target":{"@type":"EntryPoint","urlTemplate":"https:\/\/autravail.ca\/?s={search_term_string}"},"query-input":{"@type":"PropertyValueSpecification","valueRequired":true,"valueName":"search_term_string"}}],"inLanguage":"en-CA"},{"@type":"Organization","@id":"https:\/\/autravail.ca\/#organization","name":"Le Magasin Industriel","url":"https:\/\/autravail.ca\/","logo":{"@type":"ImageObject","inLanguage":"en-CA","@id":"https:\/\/autravail.ca\/#\/schema\/logo\/image\/","url":"https:\/\/autravail.ca\/wp-content\/uploads\/2025\/05\/cropped-magasin_industriel_120x.avif","contentUrl":"https:\/\/autravail.ca\/wp-content\/uploads\/2025\/05\/cropped-magasin_industriel_120x.avif","width":120,"height":24,"caption":"Le Magasin Industriel"},"image":{"@id":"https:\/\/autravail.ca\/#\/schema\/logo\/image\/"},"sameAs":["https:\/\/www.facebook.com\/lemagasinindustriel\/?locale=fr_FR"]}]}},"jetpack_sharing_enabled":true,"_links":{"self":[{"href":"https:\/\/autravail.ca\/en\/wp-json\/wp\/v2\/product\/29323","targetHints":{"allow":["GET"]}}],"collection":[{"href":"https:\/\/autravail.ca\/en\/wp-json\/wp\/v2\/product"}],"about":[{"href":"https:\/\/autravail.ca\/en\/wp-json\/wp\/v2\/types\/product"}],"replies":[{"embeddable":true,"href":"https:\/\/autravail.ca\/en\/wp-json\/wp\/v2\/comments?post=29323"}],"wp:featuredmedia":[{"embeddable":true,"href":"https:\/\/autravail.ca\/en\/wp-json\/wp\/v2\/media\/41458"}],"wp:attachment":[{"href":"https:\/\/autravail.ca\/en\/wp-json\/wp\/v2\/media?parent=29323"}],"wp:term":[{"taxonomy":"product_cat","embeddable":true,"href":"https:\/\/autravail.ca\/en\/wp-json\/wp\/v2\/product_cat?post=29323"},{"taxonomy":"product_tag","embeddable":true,"href":"https:\/\/autravail.ca\/en\/wp-json\/wp\/v2\/product_tag?post=29323"}],"curies":[{"name":"wp","href":"https:\/\/api.w.org\/{rel}","templated":true}]}}