{"id":29298,"date":"2025-05-08T06:32:33","date_gmt":"2025-05-08T06:32:33","guid":{"rendered":"https:\/\/meteoquebec.ca\/?post_type=product&#038;p=29298"},"modified":"2025-12-05T05:11:14","modified_gmt":"2025-12-05T09:11:14","slug":"71345-manteau-dhiver-kensington","status":"publish","type":"product","link":"https:\/\/autravail.ca\/en\/product\/71345-manteau-dhiver-kensington\/","title":{"rendered":"71345 - WINTER COAT - KENSINGTON"},"content":{"rendered":"<p>Winter Coat, Kensington - Helly Hansen<\/p>\n<ul>\n<li>Warm up without getting weighed down: our exclusive Lifa Loft insulator is lighter and warmer than standard insulators. The Kensington winter jacket contains both Lifa Loft technology and Primaloft Black Eco insulation to keep you warm during your long cold days. The Helly Tech Professional membrane allows the jacket to remain waterproof and breathable. It features articulated sleeves, a removable hood, and adjustable cuffs for added comfort.<\/li>\n<\/ul>","protected":false},"excerpt":{"rendered":"<p>Winter Jacket, Kensington  Helly Hansen Stay warm without weighing yourself down: our exclusive Lifa Loft insulation is lighter and warmer than standard insulators. The Kensington winter jacket features both Lifa Loft technology and Primaloft(R) Black Eco insulation to keep you warm during long workdays in the []<\/p>","protected":false},"featured_media":13024,"comment_status":"open","ping_status":"closed","template":"","meta":[],"product_cat":[602,610,604],"product_tag":[242,250],"class_list":{"0":"post-29298","1":"product","2":"type-product","3":"status-publish","4":"has-post-thumbnail","6":"product_brand-helly-hansen","7":"product_cat-hommes","8":"product_cat-manteaux","9":"product_cat-vetements-de-travail","10":"product_tag-homme","11":"product_tag-manteaux","13":"first","14":"instock","15":"taxable","16":"shipping-taxable","17":"purchasable","18":"product-type-variable"},"yoast_head":"<!-- This site is optimized with the Yoast SEO plugin v25.3.1 - https:\/\/yoast.com\/wordpress\/plugins\/seo\/ -->\n<title>71345 - MANTEAU D&#039;HIVER - KENSINGTON - Le Magasin Industriel<\/title>\n<meta name=\"robots\" content=\"index, follow, max-snippet:-1, max-image-preview:large, max-video-preview:-1\" \/>\n<link rel=\"canonical\" href=\"https:\/\/autravail.ca\/en\/product\/71345-manteau-dhiver-kensington\/\" \/>\n<meta property=\"og:locale\" content=\"en_US\" \/>\n<meta property=\"og:type\" content=\"article\" \/>\n<meta property=\"og:title\" content=\"71345 - MANTEAU D&#039;HIVER - KENSINGTON - Le Magasin Industriel\" \/>\n<meta property=\"og:description\" content=\"Manteau d&rsquo;hiver, Kensington &#8211; Helly Hansen R\u00e9chauffez-vous sans vous alourdir: notre isolant Lifa Loft exclusif est plus l\u00e9ger et plus chaud que les isolants standard. La veste d&rsquo;hiver Kensington comporte \u00e0 la fois la technologie Lifa Loft et l&rsquo;isolant Black Eco de Primaloft(R) pour vous garder au chaud lors de vos longues journ\u00e9es dans le [&hellip;]\" \/>\n<meta property=\"og:url\" content=\"https:\/\/autravail.ca\/en\/product\/71345-manteau-dhiver-kensington\/\" \/>\n<meta property=\"og:site_name\" content=\"Le Magasin Industriel\" \/>\n<meta property=\"article:publisher\" content=\"https:\/\/www.facebook.com\/lemagasinindustriel\/?locale=fr_FR\" \/>\n<meta property=\"article:modified_time\" content=\"2025-12-05T09:11:14+00:00\" \/>\n<meta property=\"og:image\" content=\"https:\/\/autravail.ca\/wp-content\/uploads\/2025\/05\/71345_A01.jpg\" \/>\n\t<meta property=\"og:image:width\" content=\"800\" \/>\n\t<meta property=\"og:image:height\" content=\"720\" \/>\n\t<meta property=\"og:image:type\" content=\"image\/jpeg\" \/>\n<meta name=\"twitter:card\" content=\"summary_large_image\" \/>\n<script type=\"application\/ld+json\" class=\"yoast-schema-graph\">{\"@context\":\"https:\/\/schema.org\",\"@graph\":[{\"@type\":\"WebPage\",\"@id\":\"https:\/\/autravail.ca\/product\/71345-manteau-dhiver-kensington\/\",\"url\":\"https:\/\/autravail.ca\/product\/71345-manteau-dhiver-kensington\/\",\"name\":\"71345 - MANTEAU D'HIVER - KENSINGTON - Le Magasin Industriel\",\"isPartOf\":{\"@id\":\"https:\/\/autravail.ca\/#website\"},\"primaryImageOfPage\":{\"@id\":\"https:\/\/autravail.ca\/product\/71345-manteau-dhiver-kensington\/#primaryimage\"},\"image\":{\"@id\":\"https:\/\/autravail.ca\/product\/71345-manteau-dhiver-kensington\/#primaryimage\"},\"thumbnailUrl\":\"https:\/\/autravail.ca\/wp-content\/uploads\/2025\/05\/71345_A01.jpg\",\"datePublished\":\"2025-05-08T06:32:33+00:00\",\"dateModified\":\"2025-12-05T09:11:14+00:00\",\"breadcrumb\":{\"@id\":\"https:\/\/autravail.ca\/product\/71345-manteau-dhiver-kensington\/#breadcrumb\"},\"inLanguage\":\"en-CA\",\"potentialAction\":[{\"@type\":\"ReadAction\",\"target\":[\"https:\/\/autravail.ca\/product\/71345-manteau-dhiver-kensington\/\"]}]},{\"@type\":\"ImageObject\",\"inLanguage\":\"en-CA\",\"@id\":\"https:\/\/autravail.ca\/product\/71345-manteau-dhiver-kensington\/#primaryimage\",\"url\":\"https:\/\/autravail.ca\/wp-content\/uploads\/2025\/05\/71345_A01.jpg\",\"contentUrl\":\"https:\/\/autravail.ca\/wp-content\/uploads\/2025\/05\/71345_A01.jpg\",\"width\":800,\"height\":720},{\"@type\":\"BreadcrumbList\",\"@id\":\"https:\/\/autravail.ca\/product\/71345-manteau-dhiver-kensington\/#breadcrumb\",\"itemListElement\":[{\"@type\":\"ListItem\",\"position\":1,\"name\":\"Accueil\",\"item\":\"https:\/\/autravail.ca\/\"},{\"@type\":\"ListItem\",\"position\":2,\"name\":\"Magasin\",\"item\":\"https:\/\/autravail.ca\/en\/shop\/\"},{\"@type\":\"ListItem\",\"position\":3,\"name\":\"71345 &#8211; MANTEAU D&rsquo;HIVER &#8211; KENSINGTON\"}]},{\"@type\":\"WebSite\",\"@id\":\"https:\/\/autravail.ca\/#website\",\"url\":\"https:\/\/autravail.ca\/\",\"name\":\"Le Magasin Industriel\",\"description\":\"50 ans de tradition de s\u00e9curit\u00e9 au travail\",\"publisher\":{\"@id\":\"https:\/\/autravail.ca\/#organization\"},\"potentialAction\":[{\"@type\":\"SearchAction\",\"target\":{\"@type\":\"EntryPoint\",\"urlTemplate\":\"https:\/\/autravail.ca\/?s={search_term_string}\"},\"query-input\":{\"@type\":\"PropertyValueSpecification\",\"valueRequired\":true,\"valueName\":\"search_term_string\"}}],\"inLanguage\":\"en-CA\"},{\"@type\":\"Organization\",\"@id\":\"https:\/\/autravail.ca\/#organization\",\"name\":\"Le Magasin Industriel\",\"url\":\"https:\/\/autravail.ca\/\",\"logo\":{\"@type\":\"ImageObject\",\"inLanguage\":\"en-CA\",\"@id\":\"https:\/\/autravail.ca\/#\/schema\/logo\/image\/\",\"url\":\"https:\/\/autravail.ca\/wp-content\/uploads\/2025\/05\/cropped-magasin_industriel_120x.avif\",\"contentUrl\":\"https:\/\/autravail.ca\/wp-content\/uploads\/2025\/05\/cropped-magasin_industriel_120x.avif\",\"width\":120,\"height\":24,\"caption\":\"Le Magasin Industriel\"},\"image\":{\"@id\":\"https:\/\/autravail.ca\/#\/schema\/logo\/image\/\"},\"sameAs\":[\"https:\/\/www.facebook.com\/lemagasinindustriel\/?locale=fr_FR\"]}]}<\/script>\n<!-- \/ Yoast SEO plugin. -->","yoast_head_json":{"title":"71345 - MANTEAU D'HIVER - KENSINGTON - Le Magasin Industriel","robots":{"index":"index","follow":"follow","max-snippet":"max-snippet:-1","max-image-preview":"max-image-preview:large","max-video-preview":"max-video-preview:-1"},"canonical":"https:\/\/autravail.ca\/en\/product\/71345-manteau-dhiver-kensington\/","og_locale":"en_US","og_type":"article","og_title":"71345 - MANTEAU D'HIVER - KENSINGTON - Le Magasin Industriel","og_description":"Manteau d&rsquo;hiver, Kensington &#8211; Helly Hansen R\u00e9chauffez-vous sans vous alourdir: notre isolant Lifa Loft exclusif est plus l\u00e9ger et plus chaud que les isolants standard. La veste d&rsquo;hiver Kensington comporte \u00e0 la fois la technologie Lifa Loft et l&rsquo;isolant Black Eco de Primaloft(R) pour vous garder au chaud lors de vos longues journ\u00e9es dans le [&hellip;]","og_url":"https:\/\/autravail.ca\/en\/product\/71345-manteau-dhiver-kensington\/","og_site_name":"Le Magasin Industriel","article_publisher":"https:\/\/www.facebook.com\/lemagasinindustriel\/?locale=fr_FR","article_modified_time":"2025-12-05T09:11:14+00:00","og_image":[{"width":800,"height":720,"url":"https:\/\/autravail.ca\/wp-content\/uploads\/2025\/05\/71345_A01.jpg","type":"image\/jpeg"}],"twitter_card":"summary_large_image","schema":{"@context":"https:\/\/schema.org","@graph":[{"@type":"WebPage","@id":"https:\/\/autravail.ca\/product\/71345-manteau-dhiver-kensington\/","url":"https:\/\/autravail.ca\/product\/71345-manteau-dhiver-kensington\/","name":"71345 - MANTEAU D'HIVER - KENSINGTON - Le Magasin Industriel","isPartOf":{"@id":"https:\/\/autravail.ca\/#website"},"primaryImageOfPage":{"@id":"https:\/\/autravail.ca\/product\/71345-manteau-dhiver-kensington\/#primaryimage"},"image":{"@id":"https:\/\/autravail.ca\/product\/71345-manteau-dhiver-kensington\/#primaryimage"},"thumbnailUrl":"https:\/\/autravail.ca\/wp-content\/uploads\/2025\/05\/71345_A01.jpg","datePublished":"2025-05-08T06:32:33+00:00","dateModified":"2025-12-05T09:11:14+00:00","breadcrumb":{"@id":"https:\/\/autravail.ca\/product\/71345-manteau-dhiver-kensington\/#breadcrumb"},"inLanguage":"en-CA","potentialAction":[{"@type":"ReadAction","target":["https:\/\/autravail.ca\/product\/71345-manteau-dhiver-kensington\/"]}]},{"@type":"ImageObject","inLanguage":"en-CA","@id":"https:\/\/autravail.ca\/product\/71345-manteau-dhiver-kensington\/#primaryimage","url":"https:\/\/autravail.ca\/wp-content\/uploads\/2025\/05\/71345_A01.jpg","contentUrl":"https:\/\/autravail.ca\/wp-content\/uploads\/2025\/05\/71345_A01.jpg","width":800,"height":720},{"@type":"BreadcrumbList","@id":"https:\/\/autravail.ca\/product\/71345-manteau-dhiver-kensington\/#breadcrumb","itemListElement":[{"@type":"ListItem","position":1,"name":"Accueil","item":"https:\/\/autravail.ca\/"},{"@type":"ListItem","position":2,"name":"Magasin","item":"https:\/\/autravail.ca\/en\/shop\/"},{"@type":"ListItem","position":3,"name":"71345 &#8211; MANTEAU D&rsquo;HIVER &#8211; KENSINGTON"}]},{"@type":"WebSite","@id":"https:\/\/autravail.ca\/#website","url":"https:\/\/autravail.ca\/","name":"Le Magasin Industriel","description":"50 ans de tradition de s\u00e9curit\u00e9 au travail","publisher":{"@id":"https:\/\/autravail.ca\/#organization"},"potentialAction":[{"@type":"SearchAction","target":{"@type":"EntryPoint","urlTemplate":"https:\/\/autravail.ca\/?s={search_term_string}"},"query-input":{"@type":"PropertyValueSpecification","valueRequired":true,"valueName":"search_term_string"}}],"inLanguage":"en-CA"},{"@type":"Organization","@id":"https:\/\/autravail.ca\/#organization","name":"Le Magasin Industriel","url":"https:\/\/autravail.ca\/","logo":{"@type":"ImageObject","inLanguage":"en-CA","@id":"https:\/\/autravail.ca\/#\/schema\/logo\/image\/","url":"https:\/\/autravail.ca\/wp-content\/uploads\/2025\/05\/cropped-magasin_industriel_120x.avif","contentUrl":"https:\/\/autravail.ca\/wp-content\/uploads\/2025\/05\/cropped-magasin_industriel_120x.avif","width":120,"height":24,"caption":"Le Magasin Industriel"},"image":{"@id":"https:\/\/autravail.ca\/#\/schema\/logo\/image\/"},"sameAs":["https:\/\/www.facebook.com\/lemagasinindustriel\/?locale=fr_FR"]}]}},"jetpack_sharing_enabled":true,"_links":{"self":[{"href":"https:\/\/autravail.ca\/en\/wp-json\/wp\/v2\/product\/29298","targetHints":{"allow":["GET"]}}],"collection":[{"href":"https:\/\/autravail.ca\/en\/wp-json\/wp\/v2\/product"}],"about":[{"href":"https:\/\/autravail.ca\/en\/wp-json\/wp\/v2\/types\/product"}],"replies":[{"embeddable":true,"href":"https:\/\/autravail.ca\/en\/wp-json\/wp\/v2\/comments?post=29298"}],"wp:featuredmedia":[{"embeddable":true,"href":"https:\/\/autravail.ca\/en\/wp-json\/wp\/v2\/media\/13024"}],"wp:attachment":[{"href":"https:\/\/autravail.ca\/en\/wp-json\/wp\/v2\/media?parent=29298"}],"wp:term":[{"taxonomy":"product_cat","embeddable":true,"href":"https:\/\/autravail.ca\/en\/wp-json\/wp\/v2\/product_cat?post=29298"},{"taxonomy":"product_tag","embeddable":true,"href":"https:\/\/autravail.ca\/en\/wp-json\/wp\/v2\/product_tag?post=29298"}],"curies":[{"name":"wp","href":"https:\/\/api.w.org\/{rel}","templated":true}]}}