{"id":29295,"date":"2025-05-08T06:32:29","date_gmt":"2025-05-08T06:32:29","guid":{"rendered":"https:\/\/meteoquebec.ca\/?post_type=product&#038;p=29295"},"modified":"2025-12-05T05:11:15","modified_gmt":"2025-12-05T09:11:15","slug":"manteau-dhiver-helly-hansen-kensington-71304-noir","status":"publish","type":"product","link":"https:\/\/autravail.ca\/en\/product\/manteau-dhiver-helly-hansen-kensington-71304-noir\/","title":{"rendered":"Manteau d&rsquo;hiver Helly Hansen Kensington &#8211; 71304 Noir"},"content":{"rendered":"<h3>Manteau d&rsquo;hiver Helly Hansen Kensington &#8211; 71304 Noir<\/h3>\n<p>Le Manteau d&rsquo;hiver Helly Hansen Kensington &#8211; 71304 Noir pour femme est con\u00e7u pour les professionnelles en hiver. Il offre chaleur, confort et protection durable. Sa membrane Helly Tech\u00ae Professional est imperm\u00e9able, coupe-vent et respirante. L\u2019isolation Primaloft\u00ae Black Eco garde la chaleur sans alourdir. La capuche est amovible et ajustable en deux directions. Le col est rembourr\u00e9 et doubl\u00e9 en polyester bross\u00e9. Les \u00e9paules sans coutures am\u00e9liorent la durabilit\u00e9. Les manches articul\u00e9es facilitent les mouvements. Les poignets sont r\u00e9glables pour un ajustement pr\u00e9cis. Des manchons internes ajoutent du confort. Les poches pour les mains sont doubl\u00e9es et zipp\u00e9es. Une poche Life Pocket\u2122 prot\u00e8ge le t\u00e9l\u00e9phone du froid. Le dos allong\u00e9 augmente le confort en position assise. L\u2019ourlet est ajustable avec cordon \u00e9lastique. Des d\u00e9tails r\u00e9fl\u00e9chissants am\u00e9liorent la visibilit\u00e9. La construction est enti\u00e8rement \u00e9tanch\u00e9e.<\/p>\n<p>Ce manteau <a href=\"https:\/\/autravail.ca\/en\/product-brand\/helly-hansen\/\">Helly Hansen Workwea<\/a>r respecte les normes EN 342 et EN 343. Il est id\u00e9al pour les conditions hivernales du Qu\u00e9bec. Un choix fiable et fonctionnel.<\/p>\n<h4>Characteristics:<\/h4>\n<p><!--StartFragment --><\/p>\n<ul>\n<li>HELLY TECH\u00ae PROFESSIONAL<\/li>\n<li>Fermeture \u00e9clair YKK\u00ae<\/li>\n<li>Construction enti\u00e8rement \u00e9tanch\u00e9e<\/li>\n<li>Aucune couture aux \u00e9paules<\/li>\n<li>Capuche amovible<\/li>\n<li>R\u00e9glage vertical et horizontal de la capuche<\/li>\n<li>Int\u00e9rieur du col en polyester bross\u00e9<\/li>\n<li>R\u00e9glage du col \u00e0 l\u2019arri\u00e8re<\/li>\n<li>Col rembourr\u00e9 pour plus de confort<\/li>\n<li>Fermeture frontale YKK\u00ae avec prot\u00e8ge-menton<\/li>\n<li>Poche Life Pocket\u2122 interne pour t\u00e9l\u00e9phone, accessible sans ouvrir le manteau<\/li>\n<li>Poches pour les mains doubl\u00e9es en tissu bross\u00e9<\/li>\n<li>Poches pour les mains avec fermeture YKK\u00ae<\/li>\n<li>Poches int\u00e9rieures de rangement<\/li>\n<li>Manchons int\u00e9rieurs<\/li>\n<li>Adjustable cuffs<\/li>\n<li>Manches articul\u00e9es pour une mobilit\u00e9 optimale<\/li>\n<li>Fermeture YKK\u00ae pour ventilation sous les bras<\/li>\n<\/ul>\n<p><img decoding=\"async\" class=\"alignnone wp-image-40620\" src=\"https:\/\/autravail.ca\/wp-content\/uploads\/2025\/09\/Jachete-quebec-et-canada.jpg\" alt=\"Logo de l'achat local\" width=\"162\" height=\"139\" \/>Merci d&rsquo;encourager une entreprise 100% d&rsquo;ici!<\/p>\n<p>TS2511S<\/p>\n<p><!--EndFragment --><\/p>","protected":false},"excerpt":{"rendered":"<p>Manteau d&rsquo;hiver Helly Hansen Kensington &#8211; 71304 Noir Le Manteau d&rsquo;hiver Helly Hansen Kensington &#8211; 71304 Noir pour femme est con\u00e7u pour les professionnelles en hiver. Il offre chaleur, confort et protection durable. Sa membrane Helly Tech\u00ae Professional est imperm\u00e9able, coupe-vent et respirante. L\u2019isolation Primaloft\u00ae Black Eco garde la chaleur sans alourdir. La capuche est [&hellip;]<\/p>","protected":false},"featured_media":41484,"comment_status":"open","ping_status":"closed","template":"","meta":[],"product_cat":[633,610,824,604],"product_tag":[255,250],"class_list":{"0":"post-29295","1":"product","2":"type-product","3":"status-publish","4":"has-post-thumbnail","6":"product_brand-helly-hansen","7":"product_cat-femmes","8":"product_cat-manteaux","9":"product_cat-manteaux-dhiver","10":"product_cat-vetements-de-travail","11":"product_tag-femme","12":"product_tag-manteaux","14":"first","15":"instock","16":"taxable","17":"shipping-taxable","18":"purchasable","19":"product-type-variable"},"yoast_head":"<!-- This site is optimized with the Yoast SEO plugin v25.3.1 - https:\/\/yoast.com\/wordpress\/plugins\/seo\/ -->\n<title>Manteau d&#039;hiver Helly Hansen Kensington - 71304 Noir - Le Magasin Industriel<\/title>\n<meta name=\"description\" content=\"Manteau d&#039;hiver Helly Hansen Kensington - 71304 Noir pour femme est con\u00e7u pour les professionnelles qui travaillent au froid.\" \/>\n<meta name=\"robots\" content=\"index, follow, max-snippet:-1, max-image-preview:large, max-video-preview:-1\" \/>\n<link rel=\"canonical\" href=\"https:\/\/autravail.ca\/en\/product\/manteau-dhiver-helly-hansen-kensington-71304-noir\/\" \/>\n<meta property=\"og:locale\" content=\"en_US\" \/>\n<meta property=\"og:type\" content=\"article\" \/>\n<meta property=\"og:title\" content=\"Manteau d&#039;hiver Helly Hansen Kensington - 71304 Noir - Le Magasin Industriel\" \/>\n<meta property=\"og:description\" content=\"Manteau d&#039;hiver Helly Hansen Kensington - 71304 Noir pour femme est con\u00e7u pour les professionnelles qui travaillent au froid.\" \/>\n<meta property=\"og:url\" content=\"https:\/\/autravail.ca\/en\/product\/manteau-dhiver-helly-hansen-kensington-71304-noir\/\" \/>\n<meta property=\"og:site_name\" content=\"Le Magasin Industriel\" \/>\n<meta property=\"article:publisher\" content=\"https:\/\/www.facebook.com\/lemagasinindustriel\/?locale=fr_FR\" \/>\n<meta property=\"article:modified_time\" content=\"2025-12-05T09:11:15+00:00\" \/>\n<meta property=\"og:image\" content=\"https:\/\/autravail.ca\/wp-content\/uploads\/2025\/05\/71304_A01-1.jpg\" \/>\n\t<meta property=\"og:image:width\" content=\"1000\" \/>\n\t<meta property=\"og:image:height\" content=\"1000\" \/>\n\t<meta property=\"og:image:type\" content=\"image\/jpeg\" \/>\n<meta name=\"twitter:card\" content=\"summary_large_image\" \/>\n<meta name=\"twitter:label1\" content=\"Est. reading time\" \/>\n\t<meta name=\"twitter:data1\" content=\"2 minutes\" \/>\n<script type=\"application\/ld+json\" class=\"yoast-schema-graph\">{\"@context\":\"https:\/\/schema.org\",\"@graph\":[{\"@type\":\"WebPage\",\"@id\":\"https:\/\/autravail.ca\/product\/manteau-dhiver-helly-hansen-kensington-71304-noir\/\",\"url\":\"https:\/\/autravail.ca\/product\/manteau-dhiver-helly-hansen-kensington-71304-noir\/\",\"name\":\"Manteau d'hiver Helly Hansen Kensington - 71304 Noir - Le Magasin Industriel\",\"isPartOf\":{\"@id\":\"https:\/\/autravail.ca\/#website\"},\"primaryImageOfPage\":{\"@id\":\"https:\/\/autravail.ca\/product\/manteau-dhiver-helly-hansen-kensington-71304-noir\/#primaryimage\"},\"image\":{\"@id\":\"https:\/\/autravail.ca\/product\/manteau-dhiver-helly-hansen-kensington-71304-noir\/#primaryimage\"},\"thumbnailUrl\":\"https:\/\/autravail.ca\/wp-content\/uploads\/2025\/05\/71304_A01-1.jpg\",\"datePublished\":\"2025-05-08T06:32:29+00:00\",\"dateModified\":\"2025-12-05T09:11:15+00:00\",\"description\":\"Manteau d'hiver Helly Hansen Kensington - 71304 Noir pour femme est con\u00e7u pour les professionnelles qui travaillent au froid.\",\"breadcrumb\":{\"@id\":\"https:\/\/autravail.ca\/product\/manteau-dhiver-helly-hansen-kensington-71304-noir\/#breadcrumb\"},\"inLanguage\":\"en-CA\",\"potentialAction\":[{\"@type\":\"ReadAction\",\"target\":[\"https:\/\/autravail.ca\/product\/manteau-dhiver-helly-hansen-kensington-71304-noir\/\"]}]},{\"@type\":\"ImageObject\",\"inLanguage\":\"en-CA\",\"@id\":\"https:\/\/autravail.ca\/product\/manteau-dhiver-helly-hansen-kensington-71304-noir\/#primaryimage\",\"url\":\"https:\/\/autravail.ca\/wp-content\/uploads\/2025\/05\/71304_A01-1.jpg\",\"contentUrl\":\"https:\/\/autravail.ca\/wp-content\/uploads\/2025\/05\/71304_A01-1.jpg\",\"width\":1000,\"height\":1000,\"caption\":\"Manteau d'hiver Helly Hansen Kensington - 71304 Noir\"},{\"@type\":\"BreadcrumbList\",\"@id\":\"https:\/\/autravail.ca\/product\/manteau-dhiver-helly-hansen-kensington-71304-noir\/#breadcrumb\",\"itemListElement\":[{\"@type\":\"ListItem\",\"position\":1,\"name\":\"Accueil\",\"item\":\"https:\/\/autravail.ca\/\"},{\"@type\":\"ListItem\",\"position\":2,\"name\":\"Magasin\",\"item\":\"https:\/\/autravail.ca\/en\/shop\/\"},{\"@type\":\"ListItem\",\"position\":3,\"name\":\"Manteau d&rsquo;hiver Helly Hansen Kensington &#8211; 71304 Noir\"}]},{\"@type\":\"WebSite\",\"@id\":\"https:\/\/autravail.ca\/#website\",\"url\":\"https:\/\/autravail.ca\/\",\"name\":\"Le Magasin Industriel\",\"description\":\"50 ans de tradition de s\u00e9curit\u00e9 au travail\",\"publisher\":{\"@id\":\"https:\/\/autravail.ca\/#organization\"},\"potentialAction\":[{\"@type\":\"SearchAction\",\"target\":{\"@type\":\"EntryPoint\",\"urlTemplate\":\"https:\/\/autravail.ca\/?s={search_term_string}\"},\"query-input\":{\"@type\":\"PropertyValueSpecification\",\"valueRequired\":true,\"valueName\":\"search_term_string\"}}],\"inLanguage\":\"en-CA\"},{\"@type\":\"Organization\",\"@id\":\"https:\/\/autravail.ca\/#organization\",\"name\":\"Le Magasin Industriel\",\"url\":\"https:\/\/autravail.ca\/\",\"logo\":{\"@type\":\"ImageObject\",\"inLanguage\":\"en-CA\",\"@id\":\"https:\/\/autravail.ca\/#\/schema\/logo\/image\/\",\"url\":\"https:\/\/autravail.ca\/wp-content\/uploads\/2025\/05\/cropped-magasin_industriel_120x.avif\",\"contentUrl\":\"https:\/\/autravail.ca\/wp-content\/uploads\/2025\/05\/cropped-magasin_industriel_120x.avif\",\"width\":120,\"height\":24,\"caption\":\"Le Magasin Industriel\"},\"image\":{\"@id\":\"https:\/\/autravail.ca\/#\/schema\/logo\/image\/\"},\"sameAs\":[\"https:\/\/www.facebook.com\/lemagasinindustriel\/?locale=fr_FR\"]}]}<\/script>\n<!-- \/ Yoast SEO plugin. -->","yoast_head_json":{"title":"Manteau d'hiver Helly Hansen Kensington - 71304 Noir - Le Magasin Industriel","description":"Manteau d'hiver Helly Hansen Kensington - 71304 Noir pour femme est con\u00e7u pour les professionnelles qui travaillent au froid.","robots":{"index":"index","follow":"follow","max-snippet":"max-snippet:-1","max-image-preview":"max-image-preview:large","max-video-preview":"max-video-preview:-1"},"canonical":"https:\/\/autravail.ca\/en\/product\/manteau-dhiver-helly-hansen-kensington-71304-noir\/","og_locale":"en_US","og_type":"article","og_title":"Manteau d'hiver Helly Hansen Kensington - 71304 Noir - Le Magasin Industriel","og_description":"Manteau d'hiver Helly Hansen Kensington - 71304 Noir pour femme est con\u00e7u pour les professionnelles qui travaillent au froid.","og_url":"https:\/\/autravail.ca\/en\/product\/manteau-dhiver-helly-hansen-kensington-71304-noir\/","og_site_name":"Le Magasin Industriel","article_publisher":"https:\/\/www.facebook.com\/lemagasinindustriel\/?locale=fr_FR","article_modified_time":"2025-12-05T09:11:15+00:00","og_image":[{"width":1000,"height":1000,"url":"https:\/\/autravail.ca\/wp-content\/uploads\/2025\/05\/71304_A01-1.jpg","type":"image\/jpeg"}],"twitter_card":"summary_large_image","twitter_misc":{"Est. reading time":"2 minutes"},"schema":{"@context":"https:\/\/schema.org","@graph":[{"@type":"WebPage","@id":"https:\/\/autravail.ca\/product\/manteau-dhiver-helly-hansen-kensington-71304-noir\/","url":"https:\/\/autravail.ca\/product\/manteau-dhiver-helly-hansen-kensington-71304-noir\/","name":"Manteau d'hiver Helly Hansen Kensington - 71304 Noir - Le Magasin Industriel","isPartOf":{"@id":"https:\/\/autravail.ca\/#website"},"primaryImageOfPage":{"@id":"https:\/\/autravail.ca\/product\/manteau-dhiver-helly-hansen-kensington-71304-noir\/#primaryimage"},"image":{"@id":"https:\/\/autravail.ca\/product\/manteau-dhiver-helly-hansen-kensington-71304-noir\/#primaryimage"},"thumbnailUrl":"https:\/\/autravail.ca\/wp-content\/uploads\/2025\/05\/71304_A01-1.jpg","datePublished":"2025-05-08T06:32:29+00:00","dateModified":"2025-12-05T09:11:15+00:00","description":"Manteau d'hiver Helly Hansen Kensington - 71304 Noir pour femme est con\u00e7u pour les professionnelles qui travaillent au froid.","breadcrumb":{"@id":"https:\/\/autravail.ca\/product\/manteau-dhiver-helly-hansen-kensington-71304-noir\/#breadcrumb"},"inLanguage":"en-CA","potentialAction":[{"@type":"ReadAction","target":["https:\/\/autravail.ca\/product\/manteau-dhiver-helly-hansen-kensington-71304-noir\/"]}]},{"@type":"ImageObject","inLanguage":"en-CA","@id":"https:\/\/autravail.ca\/product\/manteau-dhiver-helly-hansen-kensington-71304-noir\/#primaryimage","url":"https:\/\/autravail.ca\/wp-content\/uploads\/2025\/05\/71304_A01-1.jpg","contentUrl":"https:\/\/autravail.ca\/wp-content\/uploads\/2025\/05\/71304_A01-1.jpg","width":1000,"height":1000,"caption":"Manteau d'hiver Helly Hansen Kensington - 71304 Noir"},{"@type":"BreadcrumbList","@id":"https:\/\/autravail.ca\/product\/manteau-dhiver-helly-hansen-kensington-71304-noir\/#breadcrumb","itemListElement":[{"@type":"ListItem","position":1,"name":"Accueil","item":"https:\/\/autravail.ca\/"},{"@type":"ListItem","position":2,"name":"Magasin","item":"https:\/\/autravail.ca\/en\/shop\/"},{"@type":"ListItem","position":3,"name":"Manteau d&rsquo;hiver Helly Hansen Kensington &#8211; 71304 Noir"}]},{"@type":"WebSite","@id":"https:\/\/autravail.ca\/#website","url":"https:\/\/autravail.ca\/","name":"Le Magasin Industriel","description":"50 ans de tradition de s\u00e9curit\u00e9 au travail","publisher":{"@id":"https:\/\/autravail.ca\/#organization"},"potentialAction":[{"@type":"SearchAction","target":{"@type":"EntryPoint","urlTemplate":"https:\/\/autravail.ca\/?s={search_term_string}"},"query-input":{"@type":"PropertyValueSpecification","valueRequired":true,"valueName":"search_term_string"}}],"inLanguage":"en-CA"},{"@type":"Organization","@id":"https:\/\/autravail.ca\/#organization","name":"Le Magasin Industriel","url":"https:\/\/autravail.ca\/","logo":{"@type":"ImageObject","inLanguage":"en-CA","@id":"https:\/\/autravail.ca\/#\/schema\/logo\/image\/","url":"https:\/\/autravail.ca\/wp-content\/uploads\/2025\/05\/cropped-magasin_industriel_120x.avif","contentUrl":"https:\/\/autravail.ca\/wp-content\/uploads\/2025\/05\/cropped-magasin_industriel_120x.avif","width":120,"height":24,"caption":"Le Magasin Industriel"},"image":{"@id":"https:\/\/autravail.ca\/#\/schema\/logo\/image\/"},"sameAs":["https:\/\/www.facebook.com\/lemagasinindustriel\/?locale=fr_FR"]}]}},"jetpack_sharing_enabled":true,"_links":{"self":[{"href":"https:\/\/autravail.ca\/en\/wp-json\/wp\/v2\/product\/29295","targetHints":{"allow":["GET"]}}],"collection":[{"href":"https:\/\/autravail.ca\/en\/wp-json\/wp\/v2\/product"}],"about":[{"href":"https:\/\/autravail.ca\/en\/wp-json\/wp\/v2\/types\/product"}],"replies":[{"embeddable":true,"href":"https:\/\/autravail.ca\/en\/wp-json\/wp\/v2\/comments?post=29295"}],"wp:featuredmedia":[{"embeddable":true,"href":"https:\/\/autravail.ca\/en\/wp-json\/wp\/v2\/media\/41484"}],"wp:attachment":[{"href":"https:\/\/autravail.ca\/en\/wp-json\/wp\/v2\/media?parent=29295"}],"wp:term":[{"taxonomy":"product_cat","embeddable":true,"href":"https:\/\/autravail.ca\/en\/wp-json\/wp\/v2\/product_cat?post=29295"},{"taxonomy":"product_tag","embeddable":true,"href":"https:\/\/autravail.ca\/en\/wp-json\/wp\/v2\/product_tag?post=29295"}],"curies":[{"name":"wp","href":"https:\/\/api.w.org\/{rel}","templated":true}]}}