{"id":29294,"date":"2025-05-08T06:32:29","date_gmt":"2025-05-08T06:32:29","guid":{"rendered":"https:\/\/meteoquebec.ca\/?post_type=product&#038;p=29294"},"modified":"2025-12-05T05:11:15","modified_gmt":"2025-12-05T09:11:15","slug":"71290-manteau-shell-oxford","status":"publish","type":"product","link":"https:\/\/autravail.ca\/en\/product\/71290-manteau-shell-oxford\/","title":{"rendered":"71290 - SHELL COAT - OXFORD"},"content":{"rendered":"<p>Shell Jacket, Oxford - Helly Hansen<\/p>\n<ul>\n<li>The Helly Hansen Oxford collection offers lightweight and high-quality workwear. The Oxford collection is known for its modern look. The exterior Oxford jacket has the Helly Tech Performance membrane, which ensures that you are protected from rain and wind, but not wet due to its breathability. The jacket goes well with a base layer and a polar fleece.\n<ul>\n<li>Detachable hood\n<\/li>\n<li>Performance Helly Tech.\n<\/li>\n<li>Hood with drawstring\n<\/li>\n<li>Quick-closure YKK with toe guard\n<\/li>\n<li>Storm warning ahead\n<\/li>\n<li>Pockets for hands with YKK quick closure\n<\/li>\n<li>Inner chest pocket\n<\/li>\n<li>Perforated sleeves for optimal freedom of movement.\n<\/li>\n<li>Adjustable wrists\n<\/li>\n<li>Our adjustable with elastic cord of size.\n<\/li>\n<li>Lie down extended for more comfort\n<\/li>\n<li>hydrophobic\n<\/li>\n<li>Breathing\n<\/li>\n<li>Windbreak\n<\/li>\n<\/ul>\n<\/li>\n<\/ul>","protected":false},"excerpt":{"rendered":"<p>Shell Jacket, Oxford  Helly Hansen The Helly Hansen Oxford collection offers lightweight, high-quality workwear. The Oxford collection is known for its modern look. The Oxford outer jacket features the Helly Tech Performance membrane, ensuring protection from rain and wind, []<\/p>","protected":false},"featured_media":12992,"comment_status":"open","ping_status":"closed","template":"","meta":[],"product_cat":[602,610,604],"product_tag":[242,250],"class_list":{"0":"post-29294","1":"product","2":"type-product","3":"status-publish","4":"has-post-thumbnail","6":"product_brand-helly-hansen","7":"product_cat-hommes","8":"product_cat-manteaux","9":"product_cat-vetements-de-travail","10":"product_tag-homme","11":"product_tag-manteaux","13":"first","14":"instock","15":"taxable","16":"shipping-taxable","17":"purchasable","18":"product-type-variable"},"yoast_head":"<!-- This site is optimized with the Yoast SEO plugin v25.3.1 - https:\/\/yoast.com\/wordpress\/plugins\/seo\/ -->\n<title>71290 - MANTEAU SHELL - OXFORD - Le Magasin Industriel<\/title>\n<meta name=\"robots\" content=\"index, follow, max-snippet:-1, max-image-preview:large, max-video-preview:-1\" \/>\n<link rel=\"canonical\" href=\"https:\/\/autravail.ca\/en\/product\/71290-manteau-shell-oxford\/\" \/>\n<meta property=\"og:locale\" content=\"en_US\" \/>\n<meta property=\"og:type\" content=\"article\" \/>\n<meta property=\"og:title\" content=\"71290 - MANTEAU SHELL - OXFORD - Le Magasin Industriel\" \/>\n<meta property=\"og:description\" content=\"Manteau Shell, Oxford &#8211; Helly Hansen La collection Oxford de Helly Hansen propose des v\u00eatements de travail l\u00e9gers et de haute qualit\u00e9. La collection Oxford est connue pour son aspect moderne. La veste ext\u00e9rieure Oxford est dot\u00e9e de la membrane Helly Tech Performance, qui garantit que vous \u00eates prot\u00e9g\u00e9 de la pluie et du vent, [&hellip;]\" \/>\n<meta property=\"og:url\" content=\"https:\/\/autravail.ca\/en\/product\/71290-manteau-shell-oxford\/\" \/>\n<meta property=\"og:site_name\" content=\"Le Magasin Industriel\" \/>\n<meta property=\"article:publisher\" content=\"https:\/\/www.facebook.com\/lemagasinindustriel\/?locale=fr_FR\" \/>\n<meta property=\"article:modified_time\" content=\"2025-12-05T09:11:15+00:00\" \/>\n<meta property=\"og:image\" content=\"https:\/\/autravail.ca\/wp-content\/uploads\/2025\/05\/71290_A01.jpg\" \/>\n\t<meta property=\"og:image:width\" content=\"800\" \/>\n\t<meta property=\"og:image:height\" content=\"720\" \/>\n\t<meta property=\"og:image:type\" content=\"image\/jpeg\" \/>\n<meta name=\"twitter:card\" content=\"summary_large_image\" \/>\n<meta name=\"twitter:label1\" content=\"Est. reading time\" \/>\n\t<meta name=\"twitter:data1\" content=\"1 minute\" \/>\n<script type=\"application\/ld+json\" class=\"yoast-schema-graph\">{\"@context\":\"https:\/\/schema.org\",\"@graph\":[{\"@type\":\"WebPage\",\"@id\":\"https:\/\/autravail.ca\/product\/71290-manteau-shell-oxford\/\",\"url\":\"https:\/\/autravail.ca\/product\/71290-manteau-shell-oxford\/\",\"name\":\"71290 - MANTEAU SHELL - OXFORD - Le Magasin Industriel\",\"isPartOf\":{\"@id\":\"https:\/\/autravail.ca\/#website\"},\"primaryImageOfPage\":{\"@id\":\"https:\/\/autravail.ca\/product\/71290-manteau-shell-oxford\/#primaryimage\"},\"image\":{\"@id\":\"https:\/\/autravail.ca\/product\/71290-manteau-shell-oxford\/#primaryimage\"},\"thumbnailUrl\":\"https:\/\/autravail.ca\/wp-content\/uploads\/2025\/05\/71290_A01.jpg\",\"datePublished\":\"2025-05-08T06:32:29+00:00\",\"dateModified\":\"2025-12-05T09:11:15+00:00\",\"breadcrumb\":{\"@id\":\"https:\/\/autravail.ca\/product\/71290-manteau-shell-oxford\/#breadcrumb\"},\"inLanguage\":\"en-CA\",\"potentialAction\":[{\"@type\":\"ReadAction\",\"target\":[\"https:\/\/autravail.ca\/product\/71290-manteau-shell-oxford\/\"]}]},{\"@type\":\"ImageObject\",\"inLanguage\":\"en-CA\",\"@id\":\"https:\/\/autravail.ca\/product\/71290-manteau-shell-oxford\/#primaryimage\",\"url\":\"https:\/\/autravail.ca\/wp-content\/uploads\/2025\/05\/71290_A01.jpg\",\"contentUrl\":\"https:\/\/autravail.ca\/wp-content\/uploads\/2025\/05\/71290_A01.jpg\",\"width\":800,\"height\":720},{\"@type\":\"BreadcrumbList\",\"@id\":\"https:\/\/autravail.ca\/product\/71290-manteau-shell-oxford\/#breadcrumb\",\"itemListElement\":[{\"@type\":\"ListItem\",\"position\":1,\"name\":\"Accueil\",\"item\":\"https:\/\/autravail.ca\/\"},{\"@type\":\"ListItem\",\"position\":2,\"name\":\"Magasin\",\"item\":\"https:\/\/autravail.ca\/en\/shop\/\"},{\"@type\":\"ListItem\",\"position\":3,\"name\":\"71290 &#8211; MANTEAU SHELL &#8211; OXFORD\"}]},{\"@type\":\"WebSite\",\"@id\":\"https:\/\/autravail.ca\/#website\",\"url\":\"https:\/\/autravail.ca\/\",\"name\":\"Le Magasin Industriel\",\"description\":\"50 ans de tradition de s\u00e9curit\u00e9 au travail\",\"publisher\":{\"@id\":\"https:\/\/autravail.ca\/#organization\"},\"potentialAction\":[{\"@type\":\"SearchAction\",\"target\":{\"@type\":\"EntryPoint\",\"urlTemplate\":\"https:\/\/autravail.ca\/?s={search_term_string}\"},\"query-input\":{\"@type\":\"PropertyValueSpecification\",\"valueRequired\":true,\"valueName\":\"search_term_string\"}}],\"inLanguage\":\"en-CA\"},{\"@type\":\"Organization\",\"@id\":\"https:\/\/autravail.ca\/#organization\",\"name\":\"Le Magasin Industriel\",\"url\":\"https:\/\/autravail.ca\/\",\"logo\":{\"@type\":\"ImageObject\",\"inLanguage\":\"en-CA\",\"@id\":\"https:\/\/autravail.ca\/#\/schema\/logo\/image\/\",\"url\":\"https:\/\/autravail.ca\/wp-content\/uploads\/2025\/05\/cropped-magasin_industriel_120x.avif\",\"contentUrl\":\"https:\/\/autravail.ca\/wp-content\/uploads\/2025\/05\/cropped-magasin_industriel_120x.avif\",\"width\":120,\"height\":24,\"caption\":\"Le Magasin Industriel\"},\"image\":{\"@id\":\"https:\/\/autravail.ca\/#\/schema\/logo\/image\/\"},\"sameAs\":[\"https:\/\/www.facebook.com\/lemagasinindustriel\/?locale=fr_FR\"]}]}<\/script>\n<!-- \/ Yoast SEO plugin. -->","yoast_head_json":{"title":"71290 - MANTEAU SHELL - OXFORD - Le Magasin Industriel","robots":{"index":"index","follow":"follow","max-snippet":"max-snippet:-1","max-image-preview":"max-image-preview:large","max-video-preview":"max-video-preview:-1"},"canonical":"https:\/\/autravail.ca\/en\/product\/71290-manteau-shell-oxford\/","og_locale":"en_US","og_type":"article","og_title":"71290 - MANTEAU SHELL - OXFORD - Le Magasin Industriel","og_description":"Manteau Shell, Oxford &#8211; Helly Hansen La collection Oxford de Helly Hansen propose des v\u00eatements de travail l\u00e9gers et de haute qualit\u00e9. La collection Oxford est connue pour son aspect moderne. La veste ext\u00e9rieure Oxford est dot\u00e9e de la membrane Helly Tech Performance, qui garantit que vous \u00eates prot\u00e9g\u00e9 de la pluie et du vent, [&hellip;]","og_url":"https:\/\/autravail.ca\/en\/product\/71290-manteau-shell-oxford\/","og_site_name":"Le Magasin Industriel","article_publisher":"https:\/\/www.facebook.com\/lemagasinindustriel\/?locale=fr_FR","article_modified_time":"2025-12-05T09:11:15+00:00","og_image":[{"width":800,"height":720,"url":"https:\/\/autravail.ca\/wp-content\/uploads\/2025\/05\/71290_A01.jpg","type":"image\/jpeg"}],"twitter_card":"summary_large_image","twitter_misc":{"Est. reading time":"1 minute"},"schema":{"@context":"https:\/\/schema.org","@graph":[{"@type":"WebPage","@id":"https:\/\/autravail.ca\/product\/71290-manteau-shell-oxford\/","url":"https:\/\/autravail.ca\/product\/71290-manteau-shell-oxford\/","name":"71290 - MANTEAU SHELL - OXFORD - Le Magasin Industriel","isPartOf":{"@id":"https:\/\/autravail.ca\/#website"},"primaryImageOfPage":{"@id":"https:\/\/autravail.ca\/product\/71290-manteau-shell-oxford\/#primaryimage"},"image":{"@id":"https:\/\/autravail.ca\/product\/71290-manteau-shell-oxford\/#primaryimage"},"thumbnailUrl":"https:\/\/autravail.ca\/wp-content\/uploads\/2025\/05\/71290_A01.jpg","datePublished":"2025-05-08T06:32:29+00:00","dateModified":"2025-12-05T09:11:15+00:00","breadcrumb":{"@id":"https:\/\/autravail.ca\/product\/71290-manteau-shell-oxford\/#breadcrumb"},"inLanguage":"en-CA","potentialAction":[{"@type":"ReadAction","target":["https:\/\/autravail.ca\/product\/71290-manteau-shell-oxford\/"]}]},{"@type":"ImageObject","inLanguage":"en-CA","@id":"https:\/\/autravail.ca\/product\/71290-manteau-shell-oxford\/#primaryimage","url":"https:\/\/autravail.ca\/wp-content\/uploads\/2025\/05\/71290_A01.jpg","contentUrl":"https:\/\/autravail.ca\/wp-content\/uploads\/2025\/05\/71290_A01.jpg","width":800,"height":720},{"@type":"BreadcrumbList","@id":"https:\/\/autravail.ca\/product\/71290-manteau-shell-oxford\/#breadcrumb","itemListElement":[{"@type":"ListItem","position":1,"name":"Accueil","item":"https:\/\/autravail.ca\/"},{"@type":"ListItem","position":2,"name":"Magasin","item":"https:\/\/autravail.ca\/en\/shop\/"},{"@type":"ListItem","position":3,"name":"71290 &#8211; MANTEAU SHELL &#8211; OXFORD"}]},{"@type":"WebSite","@id":"https:\/\/autravail.ca\/#website","url":"https:\/\/autravail.ca\/","name":"Le Magasin Industriel","description":"50 ans de tradition de s\u00e9curit\u00e9 au travail","publisher":{"@id":"https:\/\/autravail.ca\/#organization"},"potentialAction":[{"@type":"SearchAction","target":{"@type":"EntryPoint","urlTemplate":"https:\/\/autravail.ca\/?s={search_term_string}"},"query-input":{"@type":"PropertyValueSpecification","valueRequired":true,"valueName":"search_term_string"}}],"inLanguage":"en-CA"},{"@type":"Organization","@id":"https:\/\/autravail.ca\/#organization","name":"Le Magasin Industriel","url":"https:\/\/autravail.ca\/","logo":{"@type":"ImageObject","inLanguage":"en-CA","@id":"https:\/\/autravail.ca\/#\/schema\/logo\/image\/","url":"https:\/\/autravail.ca\/wp-content\/uploads\/2025\/05\/cropped-magasin_industriel_120x.avif","contentUrl":"https:\/\/autravail.ca\/wp-content\/uploads\/2025\/05\/cropped-magasin_industriel_120x.avif","width":120,"height":24,"caption":"Le Magasin Industriel"},"image":{"@id":"https:\/\/autravail.ca\/#\/schema\/logo\/image\/"},"sameAs":["https:\/\/www.facebook.com\/lemagasinindustriel\/?locale=fr_FR"]}]}},"jetpack_sharing_enabled":true,"_links":{"self":[{"href":"https:\/\/autravail.ca\/en\/wp-json\/wp\/v2\/product\/29294","targetHints":{"allow":["GET"]}}],"collection":[{"href":"https:\/\/autravail.ca\/en\/wp-json\/wp\/v2\/product"}],"about":[{"href":"https:\/\/autravail.ca\/en\/wp-json\/wp\/v2\/types\/product"}],"replies":[{"embeddable":true,"href":"https:\/\/autravail.ca\/en\/wp-json\/wp\/v2\/comments?post=29294"}],"wp:featuredmedia":[{"embeddable":true,"href":"https:\/\/autravail.ca\/en\/wp-json\/wp\/v2\/media\/12992"}],"wp:attachment":[{"href":"https:\/\/autravail.ca\/en\/wp-json\/wp\/v2\/media?parent=29294"}],"wp:term":[{"taxonomy":"product_cat","embeddable":true,"href":"https:\/\/autravail.ca\/en\/wp-json\/wp\/v2\/product_cat?post=29294"},{"taxonomy":"product_tag","embeddable":true,"href":"https:\/\/autravail.ca\/en\/wp-json\/wp\/v2\/product_tag?post=29294"}],"curies":[{"name":"wp","href":"https:\/\/api.w.org\/{rel}","templated":true}]}}