{"id":29132,"date":"2025-05-08T06:31:22","date_gmt":"2025-05-08T06:31:22","guid":{"rendered":"https:\/\/meteoquebec.ca\/?post_type=product&#038;p=29132"},"modified":"2025-12-11T15:12:36","modified_gmt":"2025-12-11T19:12:36","slug":"soulier-de-travail-puma-iconic-640013","status":"publish","type":"product","link":"https:\/\/autravail.ca\/en\/product\/soulier-de-travail-puma-iconic-640013\/","title":{"rendered":"Soulier de travail Puma Iconic &#8211; 640013"},"content":{"rendered":"<h3>Soulier de travail Puma Iconic &#8211; 640013<\/h3>\n<p>Le soulier de travail Puma Iconic \u2013 640013 combine style moderne et performance fiable pour les environnements exigeants. Sa conception robuste prot\u00e8ge efficacement vos pieds contre les impacts et les risques quotidiens. La semelle antid\u00e9rapante offre une excellente adh\u00e9rence sur les surfaces glissantes ou irr\u00e9guli\u00e8res. Le cuir de qualit\u00e9 assure durabilit\u00e9 et r\u00e9sistance \u00e0 l\u2019usure prolong\u00e9e. L\u2019embout de s\u00e9curit\u00e9 en composite renforce la protection sans compromettre la l\u00e9g\u00e8ret\u00e9. La doublure respirante garde vos pieds au sec et am\u00e9liore le confort durant de longues heures. Le design sportif apporte une touche dynamique tout en restant professionnel. Les lacets solides garantissent un ajustement ferme et s\u00e9curitaire. La semelle interm\u00e9diaire amortit les chocs et r\u00e9duit la fatigue musculaire.<\/p>\n<p>Ce soulier s\u2019adresse aux travailleurs recherchant un design au go\u00fbt du jour avec une fiabilit\u00e9 et un confort au quotidien.<a href=\"https:\/\/autravail.ca\/en\/product-brand\/puma\/\"> Puma Safety<\/a> mise sur l\u2019innovation pour offrir un produit performant. Le mod\u00e8le Iconic \u2013 640013 devient un partenaire essentiel pour affronter chaque d\u00e9fi professionnel avec assurance et efficacit\u00e9.<\/p>\n<p><img decoding=\"async\" class=\"alignnone size-full wp-image-40117\" src=\"https:\/\/autravail.ca\/wp-content\/uploads\/2025\/09\/Certification-Omega-Triangle-vert.jpg\" sizes=\"(max-width: 193px) 100vw, 193px\" srcset=\"https:\/\/autravail.ca\/wp-content\/uploads\/2025\/09\/Certification-Omega-Triangle-vert.jpg 193w, https:\/\/autravail.ca\/wp-content\/uploads\/2025\/09\/Certification-Omega-Triangle-vert-150x85.jpg 150w, https:\/\/autravail.ca\/wp-content\/uploads\/2025\/09\/Certification-Omega-Triangle-vert-18x10.jpg 18w\" alt=\"Certifications Om\u00e9ga Triangle vert\" width=\"193\" height=\"110\" \/><\/p>\n<h4>Characteristics:<\/h4>\n<ul>\n<li><span style=\"color: #0b0b0b;\">Soulier athl\u00e9tique<\/span><\/li>\n<li><span style=\"color: #0b0b0b;\">Rubber anti-slip sole with chevron pattern for optimal grip.<\/span><\/li>\n<li><span style=\"color: #0b0b0b;\">Cuir su\u00e9d\u00e9 de haute qualit\u00e9<\/span><\/li>\n<li><span style=\"color: #0b0b0b;\"> embout en fibre de verre (composite)<\/span><\/li>\n<li><span style=\"color: #0b0b0b;\">Doublure BreathActive avec respirabilit\u00e9<\/span><\/li>\n<li><span style=\"color: #0b0b0b;\">Assise plantaire EVERCUSHION RELIEF<\/span><\/li>\n<li>Comfort Sole<\/li>\n<li><span style=\"color: #0b0b0b;\">Certification CSA Grade 1<\/span><\/li>\n<li><span style=\"color: #0b0b0b;\">r\u00e9sistant aux chocs \u00e9lectriques. (ESR)<\/span><\/li>\n<\/ul>\n<p><img decoding=\"async\" class=\"alignnone wp-image-40620\" src=\"https:\/\/autravail.ca\/wp-content\/uploads\/2025\/09\/Jachete-quebec-et-canada.jpg\" alt=\"Logo de l'achat local\" width=\"162\" height=\"139\" \/>Merci d&rsquo;encourager une entreprise 100% d&rsquo;ici!<\/p>\n<p>TS2512S<\/p>","protected":false},"excerpt":{"rendered":"<p>Soulier de travail Puma Iconic &#8211; 640013 Le soulier de travail Puma Iconic \u2013 640013 combine style moderne et performance fiable pour les environnements exigeants. Sa conception robuste prot\u00e8ge efficacement vos pieds contre les impacts et les risques quotidiens. La semelle antid\u00e9rapante offre une excellente adh\u00e9rence sur les surfaces glissantes ou irr\u00e9guli\u00e8res. Le cuir de [&hellip;]<\/p>","protected":false},"featured_media":12751,"comment_status":"open","ping_status":"closed","template":"","meta":[],"product_cat":[633,602],"product_tag":[252,255,242,335,253],"class_list":{"0":"post-29132","1":"product","2":"type-product","3":"status-publish","4":"has-post-thumbnail","6":"product_brand-puma","7":"product_cat-femmes","8":"product_cat-hommes","9":"product_tag-electric-shock-resistant","10":"product_tag-femme","11":"product_tag-homme","12":"product_tag-puma-safety","13":"product_tag-sole-protection","15":"first","16":"instock","17":"taxable","18":"shipping-taxable","19":"purchasable","20":"product-type-variable"},"yoast_head":"<!-- This site is optimized with the Yoast SEO plugin v25.3.1 - https:\/\/yoast.com\/wordpress\/plugins\/seo\/ -->\n<title>Soulier de travail Puma Iconic - 640013 - Le Magasin Industriel<\/title>\n<meta name=\"description\" content=\"Soulier de travail Puma Iconic - 640013 avec certification CSA, embout de composite, doublure respirante et semelle confortable.\" \/>\n<meta name=\"robots\" content=\"index, follow, max-snippet:-1, max-image-preview:large, max-video-preview:-1\" \/>\n<link rel=\"canonical\" href=\"https:\/\/autravail.ca\/en\/product\/soulier-de-travail-puma-iconic-640013\/\" \/>\n<meta property=\"og:locale\" content=\"en_US\" \/>\n<meta property=\"og:type\" content=\"article\" \/>\n<meta property=\"og:title\" content=\"Soulier de travail Puma Iconic - 640013 - Le Magasin Industriel\" \/>\n<meta property=\"og:description\" content=\"Soulier de travail Puma Iconic - 640013 avec certification CSA, embout de composite, doublure respirante et semelle confortable.\" \/>\n<meta property=\"og:url\" content=\"https:\/\/autravail.ca\/en\/product\/soulier-de-travail-puma-iconic-640013\/\" \/>\n<meta property=\"og:site_name\" content=\"Le Magasin Industriel\" \/>\n<meta property=\"article:publisher\" content=\"https:\/\/www.facebook.com\/lemagasinindustriel\/?locale=fr_FR\" \/>\n<meta property=\"article:modified_time\" content=\"2025-12-11T19:12:36+00:00\" \/>\n<meta property=\"og:image\" content=\"https:\/\/autravail.ca\/wp-content\/uploads\/2025\/05\/640013_A01_65aae7e5-275a-4169-8f1b-52dc68d90102.jpg\" \/>\n\t<meta property=\"og:image:width\" content=\"1000\" \/>\n\t<meta property=\"og:image:height\" content=\"1000\" \/>\n\t<meta property=\"og:image:type\" content=\"image\/jpeg\" \/>\n<meta name=\"twitter:card\" content=\"summary_large_image\" \/>\n<meta name=\"twitter:label1\" content=\"Est. reading time\" \/>\n\t<meta name=\"twitter:data1\" content=\"2 minutes\" \/>\n<script type=\"application\/ld+json\" class=\"yoast-schema-graph\">{\"@context\":\"https:\/\/schema.org\",\"@graph\":[{\"@type\":\"WebPage\",\"@id\":\"https:\/\/autravail.ca\/product\/soulier-de-travail-puma-iconic-640013\/\",\"url\":\"https:\/\/autravail.ca\/product\/soulier-de-travail-puma-iconic-640013\/\",\"name\":\"Soulier de travail Puma Iconic - 640013 - Le Magasin Industriel\",\"isPartOf\":{\"@id\":\"https:\/\/autravail.ca\/#website\"},\"primaryImageOfPage\":{\"@id\":\"https:\/\/autravail.ca\/product\/soulier-de-travail-puma-iconic-640013\/#primaryimage\"},\"image\":{\"@id\":\"https:\/\/autravail.ca\/product\/soulier-de-travail-puma-iconic-640013\/#primaryimage\"},\"thumbnailUrl\":\"https:\/\/autravail.ca\/wp-content\/uploads\/2025\/05\/640013_A01_65aae7e5-275a-4169-8f1b-52dc68d90102.jpg\",\"datePublished\":\"2025-05-08T06:31:22+00:00\",\"dateModified\":\"2025-12-11T19:12:36+00:00\",\"description\":\"Soulier de travail Puma Iconic - 640013 avec certification CSA, embout de composite, doublure respirante et semelle confortable.\",\"breadcrumb\":{\"@id\":\"https:\/\/autravail.ca\/product\/soulier-de-travail-puma-iconic-640013\/#breadcrumb\"},\"inLanguage\":\"en-CA\",\"potentialAction\":[{\"@type\":\"ReadAction\",\"target\":[\"https:\/\/autravail.ca\/product\/soulier-de-travail-puma-iconic-640013\/\"]}]},{\"@type\":\"ImageObject\",\"inLanguage\":\"en-CA\",\"@id\":\"https:\/\/autravail.ca\/product\/soulier-de-travail-puma-iconic-640013\/#primaryimage\",\"url\":\"https:\/\/autravail.ca\/wp-content\/uploads\/2025\/05\/640013_A01_65aae7e5-275a-4169-8f1b-52dc68d90102.jpg\",\"contentUrl\":\"https:\/\/autravail.ca\/wp-content\/uploads\/2025\/05\/640013_A01_65aae7e5-275a-4169-8f1b-52dc68d90102.jpg\",\"width\":1000,\"height\":1000,\"caption\":\"Soulier de travail Puma Iconic - 640013\"},{\"@type\":\"BreadcrumbList\",\"@id\":\"https:\/\/autravail.ca\/product\/soulier-de-travail-puma-iconic-640013\/#breadcrumb\",\"itemListElement\":[{\"@type\":\"ListItem\",\"position\":1,\"name\":\"Accueil\",\"item\":\"https:\/\/autravail.ca\/\"},{\"@type\":\"ListItem\",\"position\":2,\"name\":\"Magasin\",\"item\":\"https:\/\/autravail.ca\/en\/shop\/\"},{\"@type\":\"ListItem\",\"position\":3,\"name\":\"Soulier de travail Puma Iconic &#8211; 640013\"}]},{\"@type\":\"WebSite\",\"@id\":\"https:\/\/autravail.ca\/#website\",\"url\":\"https:\/\/autravail.ca\/\",\"name\":\"Le Magasin Industriel\",\"description\":\"50 ans de tradition de s\u00e9curit\u00e9 au travail\",\"publisher\":{\"@id\":\"https:\/\/autravail.ca\/#organization\"},\"potentialAction\":[{\"@type\":\"SearchAction\",\"target\":{\"@type\":\"EntryPoint\",\"urlTemplate\":\"https:\/\/autravail.ca\/?s={search_term_string}\"},\"query-input\":{\"@type\":\"PropertyValueSpecification\",\"valueRequired\":true,\"valueName\":\"search_term_string\"}}],\"inLanguage\":\"en-CA\"},{\"@type\":\"Organization\",\"@id\":\"https:\/\/autravail.ca\/#organization\",\"name\":\"Le Magasin Industriel\",\"url\":\"https:\/\/autravail.ca\/\",\"logo\":{\"@type\":\"ImageObject\",\"inLanguage\":\"en-CA\",\"@id\":\"https:\/\/autravail.ca\/#\/schema\/logo\/image\/\",\"url\":\"https:\/\/autravail.ca\/wp-content\/uploads\/2025\/05\/cropped-magasin_industriel_120x.avif\",\"contentUrl\":\"https:\/\/autravail.ca\/wp-content\/uploads\/2025\/05\/cropped-magasin_industriel_120x.avif\",\"width\":120,\"height\":24,\"caption\":\"Le Magasin Industriel\"},\"image\":{\"@id\":\"https:\/\/autravail.ca\/#\/schema\/logo\/image\/\"},\"sameAs\":[\"https:\/\/www.facebook.com\/lemagasinindustriel\/?locale=fr_FR\"]}]}<\/script>\n<!-- \/ Yoast SEO plugin. -->","yoast_head_json":{"title":"Soulier de travail Puma Iconic - 640013 - Le Magasin Industriel","description":"Soulier de travail Puma Iconic - 640013 avec certification CSA, embout de composite, doublure respirante et semelle confortable.","robots":{"index":"index","follow":"follow","max-snippet":"max-snippet:-1","max-image-preview":"max-image-preview:large","max-video-preview":"max-video-preview:-1"},"canonical":"https:\/\/autravail.ca\/en\/product\/soulier-de-travail-puma-iconic-640013\/","og_locale":"en_US","og_type":"article","og_title":"Soulier de travail Puma Iconic - 640013 - Le Magasin Industriel","og_description":"Soulier de travail Puma Iconic - 640013 avec certification CSA, embout de composite, doublure respirante et semelle confortable.","og_url":"https:\/\/autravail.ca\/en\/product\/soulier-de-travail-puma-iconic-640013\/","og_site_name":"Le Magasin Industriel","article_publisher":"https:\/\/www.facebook.com\/lemagasinindustriel\/?locale=fr_FR","article_modified_time":"2025-12-11T19:12:36+00:00","og_image":[{"width":1000,"height":1000,"url":"https:\/\/autravail.ca\/wp-content\/uploads\/2025\/05\/640013_A01_65aae7e5-275a-4169-8f1b-52dc68d90102.jpg","type":"image\/jpeg"}],"twitter_card":"summary_large_image","twitter_misc":{"Est. reading time":"2 minutes"},"schema":{"@context":"https:\/\/schema.org","@graph":[{"@type":"WebPage","@id":"https:\/\/autravail.ca\/product\/soulier-de-travail-puma-iconic-640013\/","url":"https:\/\/autravail.ca\/product\/soulier-de-travail-puma-iconic-640013\/","name":"Soulier de travail Puma Iconic - 640013 - Le Magasin Industriel","isPartOf":{"@id":"https:\/\/autravail.ca\/#website"},"primaryImageOfPage":{"@id":"https:\/\/autravail.ca\/product\/soulier-de-travail-puma-iconic-640013\/#primaryimage"},"image":{"@id":"https:\/\/autravail.ca\/product\/soulier-de-travail-puma-iconic-640013\/#primaryimage"},"thumbnailUrl":"https:\/\/autravail.ca\/wp-content\/uploads\/2025\/05\/640013_A01_65aae7e5-275a-4169-8f1b-52dc68d90102.jpg","datePublished":"2025-05-08T06:31:22+00:00","dateModified":"2025-12-11T19:12:36+00:00","description":"Soulier de travail Puma Iconic - 640013 avec certification CSA, embout de composite, doublure respirante et semelle confortable.","breadcrumb":{"@id":"https:\/\/autravail.ca\/product\/soulier-de-travail-puma-iconic-640013\/#breadcrumb"},"inLanguage":"en-CA","potentialAction":[{"@type":"ReadAction","target":["https:\/\/autravail.ca\/product\/soulier-de-travail-puma-iconic-640013\/"]}]},{"@type":"ImageObject","inLanguage":"en-CA","@id":"https:\/\/autravail.ca\/product\/soulier-de-travail-puma-iconic-640013\/#primaryimage","url":"https:\/\/autravail.ca\/wp-content\/uploads\/2025\/05\/640013_A01_65aae7e5-275a-4169-8f1b-52dc68d90102.jpg","contentUrl":"https:\/\/autravail.ca\/wp-content\/uploads\/2025\/05\/640013_A01_65aae7e5-275a-4169-8f1b-52dc68d90102.jpg","width":1000,"height":1000,"caption":"Soulier de travail Puma Iconic - 640013"},{"@type":"BreadcrumbList","@id":"https:\/\/autravail.ca\/product\/soulier-de-travail-puma-iconic-640013\/#breadcrumb","itemListElement":[{"@type":"ListItem","position":1,"name":"Accueil","item":"https:\/\/autravail.ca\/"},{"@type":"ListItem","position":2,"name":"Magasin","item":"https:\/\/autravail.ca\/en\/shop\/"},{"@type":"ListItem","position":3,"name":"Soulier de travail Puma Iconic &#8211; 640013"}]},{"@type":"WebSite","@id":"https:\/\/autravail.ca\/#website","url":"https:\/\/autravail.ca\/","name":"Le Magasin Industriel","description":"50 ans de tradition de s\u00e9curit\u00e9 au travail","publisher":{"@id":"https:\/\/autravail.ca\/#organization"},"potentialAction":[{"@type":"SearchAction","target":{"@type":"EntryPoint","urlTemplate":"https:\/\/autravail.ca\/?s={search_term_string}"},"query-input":{"@type":"PropertyValueSpecification","valueRequired":true,"valueName":"search_term_string"}}],"inLanguage":"en-CA"},{"@type":"Organization","@id":"https:\/\/autravail.ca\/#organization","name":"Le Magasin Industriel","url":"https:\/\/autravail.ca\/","logo":{"@type":"ImageObject","inLanguage":"en-CA","@id":"https:\/\/autravail.ca\/#\/schema\/logo\/image\/","url":"https:\/\/autravail.ca\/wp-content\/uploads\/2025\/05\/cropped-magasin_industriel_120x.avif","contentUrl":"https:\/\/autravail.ca\/wp-content\/uploads\/2025\/05\/cropped-magasin_industriel_120x.avif","width":120,"height":24,"caption":"Le Magasin Industriel"},"image":{"@id":"https:\/\/autravail.ca\/#\/schema\/logo\/image\/"},"sameAs":["https:\/\/www.facebook.com\/lemagasinindustriel\/?locale=fr_FR"]}]}},"jetpack_sharing_enabled":true,"_links":{"self":[{"href":"https:\/\/autravail.ca\/en\/wp-json\/wp\/v2\/product\/29132","targetHints":{"allow":["GET"]}}],"collection":[{"href":"https:\/\/autravail.ca\/en\/wp-json\/wp\/v2\/product"}],"about":[{"href":"https:\/\/autravail.ca\/en\/wp-json\/wp\/v2\/types\/product"}],"replies":[{"embeddable":true,"href":"https:\/\/autravail.ca\/en\/wp-json\/wp\/v2\/comments?post=29132"}],"wp:featuredmedia":[{"embeddable":true,"href":"https:\/\/autravail.ca\/en\/wp-json\/wp\/v2\/media\/12751"}],"wp:attachment":[{"href":"https:\/\/autravail.ca\/en\/wp-json\/wp\/v2\/media?parent=29132"}],"wp:term":[{"taxonomy":"product_cat","embeddable":true,"href":"https:\/\/autravail.ca\/en\/wp-json\/wp\/v2\/product_cat?post=29132"},{"taxonomy":"product_tag","embeddable":true,"href":"https:\/\/autravail.ca\/en\/wp-json\/wp\/v2\/product_tag?post=29132"}],"curies":[{"name":"wp","href":"https:\/\/api.w.org\/{rel}","templated":true}]}}