{"id":29108,"date":"2025-05-08T06:31:11","date_gmt":"2025-05-08T06:31:11","guid":{"rendered":"https:\/\/meteoquebec.ca\/?post_type=product&#038;p=29108"},"modified":"2025-12-11T16:20:05","modified_gmt":"2025-12-11T20:20:05","slug":"soulier-de-travail-puma-frontcourt-630063","status":"publish","type":"product","link":"https:\/\/autravail.ca\/en\/product\/soulier-de-travail-puma-frontcourt-630063\/","title":{"rendered":"Soulier de travail Puma Frontcourt \u2013 630063"},"content":{"rendered":"<h3>Soulier de travail Puma Frontcourt &#8211; 630063<\/h3>\n<p>Le soulier de travail Puma Frontcourt \u2013 630063 allie performance et style pour les environnements professionnels exigeants. Sa conception robuste prot\u00e8ge vos pieds contre les impacts et les risques quotidiens. La semelle antid\u00e9rapante assure une excellente adh\u00e9rence sur les surfaces glissantes ou irr\u00e9guli\u00e8res. Le cuir de qualit\u00e9 garantit une durabilit\u00e9 sup\u00e9rieure et r\u00e9siste \u00e0 l\u2019usure prolong\u00e9e. L\u2019embout de s\u00e9curit\u00e9 en composite renforce la protection sans compromettre la l\u00e9g\u00e8ret\u00e9. La doublure respirante garde vos pieds au sec et am\u00e9liore le confort durant de longues heures. Le design inspir\u00e9 du sport apporte une touche moderne et dynamique tout en restant professionnel. Les lacets solides offrent un ajustement ferme et s\u00e9curitaire. La semelle interm\u00e9diaire amortit les chocs et r\u00e9duit la fatigue musculaire.<\/p>\n<p>Ce mod\u00e8le s\u2019adresse aux travailleurs recherchant fiabilit\u00e9 et confort au quotidien. Puma mise sur l\u2019innovation pour offrir un produit performant. Le <a href=\"https:\/\/autravail.ca\/en\/product-brand\/puma\/\">Puma Safety<\/a> Frontcourt 640283 devient un partenaire essentiel pour affronter chaque d\u00e9fi professionnel avec assurance et efficacit\u00e9.<\/p>\n<p><img decoding=\"async\" class=\"alignnone size-full wp-image-40117\" src=\"https:\/\/autravail.ca\/wp-content\/uploads\/2025\/09\/Certification-Omega-Triangle-vert.jpg\" sizes=\"(max-width: 193px) 100vw, 193px\" srcset=\"https:\/\/autravail.ca\/wp-content\/uploads\/2025\/09\/Certification-Omega-Triangle-vert.jpg 193w, https:\/\/autravail.ca\/wp-content\/uploads\/2025\/09\/Certification-Omega-Triangle-vert-150x85.jpg 150w, https:\/\/autravail.ca\/wp-content\/uploads\/2025\/09\/Certification-Omega-Triangle-vert-18x10.jpg 18w\" alt=\"Certifications Om\u00e9ga Triangle vert\" width=\"193\" height=\"110\" \/><\/p>\n<h4>Characteristics:<\/h4>\n<ul>\n<li>Hauteur 4\u2033<\/li>\n<li>Soulier athl\u00e9tique de travail<\/li>\n<li>Semelle en caoutchouc antid\u00e9rapant avec motif \u00e0 chevrons<\/li>\n<li>adh\u00e9rence optimale.<\/li>\n<li>Cuir souple de qualit\u00e9<\/li>\n<li>Doublure fonctionnelle BreathActive<\/li>\n<li>Assise plantaire EVERCUSHION RELIEF<\/li>\n<li>Embout en composite<\/li>\n<li>Certifi\u00e9 CSA Grade 1<\/li>\n<li>R\u00e9sistant aux chocs \u00e9lectriques. (ESR)<\/li>\n<\/ul>\n<p><img decoding=\"async\" class=\"alignnone wp-image-40620\" src=\"https:\/\/autravail.ca\/wp-content\/uploads\/2025\/09\/Jachete-quebec-et-canada.jpg\" alt=\"Logo de l'achat local\" width=\"162\" height=\"139\" \/>Merci d&rsquo;encourager une entreprise 100% d&rsquo;ici!<\/p>\n<p>TS2512S<\/p>","protected":false},"excerpt":{"rendered":"<p>Soulier de travail Puma Frontcourt &#8211; 630063 Le soulier de travail Puma Frontcourt \u2013 630063 allie performance et style pour les environnements professionnels exigeants. Sa conception robuste prot\u00e8ge vos pieds contre les impacts et les risques quotidiens. La semelle antid\u00e9rapante assure une excellente adh\u00e9rence sur les surfaces glissantes ou irr\u00e9guli\u00e8res. Le cuir de qualit\u00e9 garantit [&hellip;]<\/p>","protected":false},"featured_media":12733,"comment_status":"open","ping_status":"closed","template":"","meta":[],"product_cat":[811,602,619,617,810],"product_tag":[252,242,335,253,257],"class_list":{"0":"post-29108","1":"product","2":"type-product","3":"status-publish","4":"has-post-thumbnail","6":"product_brand-puma","7":"product_cat-chaussures-de-securite","8":"product_cat-hommes","9":"product_cat-souliers-de-travail","10":"product_cat-souliers-de-travail-femme","11":"product_cat-souliers-de-travail-homme","12":"product_tag-electric-shock-resistant","13":"product_tag-homme","14":"product_tag-puma-safety","15":"product_tag-sole-protection","16":"product_tag-souliers-de-travail","18":"first","19":"instock","20":"taxable","21":"shipping-taxable","22":"purchasable","23":"product-type-variable"},"yoast_head":"<!-- This site is optimized with the Yoast SEO plugin v25.3.1 - https:\/\/yoast.com\/wordpress\/plugins\/seo\/ -->\n<title>Soulier de travail Puma Frontcourt \u2013 630063 - Le Magasin Industriel<\/title>\n<meta name=\"description\" content=\"Soulier de travail Puma Frontcourt \u2013 630063 certifi\u00e9 CSA avec empeigne 4 pouces tout cuir, semelle d&#039;usure antid\u00e9rapante et semelle confortable.\" \/>\n<meta name=\"robots\" content=\"index, follow, max-snippet:-1, max-image-preview:large, max-video-preview:-1\" \/>\n<link rel=\"canonical\" href=\"https:\/\/autravail.ca\/en\/product\/soulier-de-travail-puma-frontcourt-630063\/\" \/>\n<meta property=\"og:locale\" content=\"en_US\" \/>\n<meta property=\"og:type\" content=\"article\" \/>\n<meta property=\"og:title\" content=\"Soulier de travail Puma Frontcourt \u2013 630063 - Le Magasin Industriel\" \/>\n<meta property=\"og:description\" content=\"Soulier de travail Puma Frontcourt \u2013 630063 certifi\u00e9 CSA avec empeigne 4 pouces tout cuir, semelle d&#039;usure antid\u00e9rapante et semelle confortable.\" \/>\n<meta property=\"og:url\" content=\"https:\/\/autravail.ca\/en\/product\/soulier-de-travail-puma-frontcourt-630063\/\" \/>\n<meta property=\"og:site_name\" content=\"Le Magasin Industriel\" \/>\n<meta property=\"article:publisher\" content=\"https:\/\/www.facebook.com\/lemagasinindustriel\/?locale=fr_FR\" \/>\n<meta property=\"article:modified_time\" content=\"2025-12-11T20:20:05+00:00\" \/>\n<meta property=\"og:image\" content=\"https:\/\/autravail.ca\/wp-content\/uploads\/2025\/05\/630063_A01_61ed2d09-cd13-4f8d-9e20-c3339273e5d1.jpg\" \/>\n\t<meta property=\"og:image:width\" content=\"1000\" \/>\n\t<meta property=\"og:image:height\" content=\"1000\" \/>\n\t<meta property=\"og:image:type\" content=\"image\/jpeg\" \/>\n<meta name=\"twitter:card\" content=\"summary_large_image\" \/>\n<meta name=\"twitter:label1\" content=\"Est. reading time\" \/>\n\t<meta name=\"twitter:data1\" content=\"2 minutes\" \/>\n<script type=\"application\/ld+json\" class=\"yoast-schema-graph\">{\"@context\":\"https:\/\/schema.org\",\"@graph\":[{\"@type\":\"WebPage\",\"@id\":\"https:\/\/autravail.ca\/product\/soulier-de-travail-puma-frontcourt-630063\/\",\"url\":\"https:\/\/autravail.ca\/product\/soulier-de-travail-puma-frontcourt-630063\/\",\"name\":\"Soulier de travail Puma Frontcourt \u2013 630063 - Le Magasin Industriel\",\"isPartOf\":{\"@id\":\"https:\/\/autravail.ca\/#website\"},\"primaryImageOfPage\":{\"@id\":\"https:\/\/autravail.ca\/product\/soulier-de-travail-puma-frontcourt-630063\/#primaryimage\"},\"image\":{\"@id\":\"https:\/\/autravail.ca\/product\/soulier-de-travail-puma-frontcourt-630063\/#primaryimage\"},\"thumbnailUrl\":\"https:\/\/autravail.ca\/wp-content\/uploads\/2025\/05\/630063_A01_61ed2d09-cd13-4f8d-9e20-c3339273e5d1.jpg\",\"datePublished\":\"2025-05-08T06:31:11+00:00\",\"dateModified\":\"2025-12-11T20:20:05+00:00\",\"description\":\"Soulier de travail Puma Frontcourt \u2013 630063 certifi\u00e9 CSA avec empeigne 4 pouces tout cuir, semelle d'usure antid\u00e9rapante et semelle confortable.\",\"breadcrumb\":{\"@id\":\"https:\/\/autravail.ca\/product\/soulier-de-travail-puma-frontcourt-630063\/#breadcrumb\"},\"inLanguage\":\"en-CA\",\"potentialAction\":[{\"@type\":\"ReadAction\",\"target\":[\"https:\/\/autravail.ca\/product\/soulier-de-travail-puma-frontcourt-630063\/\"]}]},{\"@type\":\"ImageObject\",\"inLanguage\":\"en-CA\",\"@id\":\"https:\/\/autravail.ca\/product\/soulier-de-travail-puma-frontcourt-630063\/#primaryimage\",\"url\":\"https:\/\/autravail.ca\/wp-content\/uploads\/2025\/05\/630063_A01_61ed2d09-cd13-4f8d-9e20-c3339273e5d1.jpg\",\"contentUrl\":\"https:\/\/autravail.ca\/wp-content\/uploads\/2025\/05\/630063_A01_61ed2d09-cd13-4f8d-9e20-c3339273e5d1.jpg\",\"width\":1000,\"height\":1000,\"caption\":\"Soulier de travail Puma Frontcourt \u2013 630063\"},{\"@type\":\"BreadcrumbList\",\"@id\":\"https:\/\/autravail.ca\/product\/soulier-de-travail-puma-frontcourt-630063\/#breadcrumb\",\"itemListElement\":[{\"@type\":\"ListItem\",\"position\":1,\"name\":\"Accueil\",\"item\":\"https:\/\/autravail.ca\/\"},{\"@type\":\"ListItem\",\"position\":2,\"name\":\"Magasin\",\"item\":\"https:\/\/autravail.ca\/en\/shop\/\"},{\"@type\":\"ListItem\",\"position\":3,\"name\":\"Soulier de travail Puma Frontcourt \u2013 630063\"}]},{\"@type\":\"WebSite\",\"@id\":\"https:\/\/autravail.ca\/#website\",\"url\":\"https:\/\/autravail.ca\/\",\"name\":\"Le Magasin Industriel\",\"description\":\"50 ans de tradition de s\u00e9curit\u00e9 au travail\",\"publisher\":{\"@id\":\"https:\/\/autravail.ca\/#organization\"},\"potentialAction\":[{\"@type\":\"SearchAction\",\"target\":{\"@type\":\"EntryPoint\",\"urlTemplate\":\"https:\/\/autravail.ca\/?s={search_term_string}\"},\"query-input\":{\"@type\":\"PropertyValueSpecification\",\"valueRequired\":true,\"valueName\":\"search_term_string\"}}],\"inLanguage\":\"en-CA\"},{\"@type\":\"Organization\",\"@id\":\"https:\/\/autravail.ca\/#organization\",\"name\":\"Le Magasin Industriel\",\"url\":\"https:\/\/autravail.ca\/\",\"logo\":{\"@type\":\"ImageObject\",\"inLanguage\":\"en-CA\",\"@id\":\"https:\/\/autravail.ca\/#\/schema\/logo\/image\/\",\"url\":\"https:\/\/autravail.ca\/wp-content\/uploads\/2025\/05\/cropped-magasin_industriel_120x.avif\",\"contentUrl\":\"https:\/\/autravail.ca\/wp-content\/uploads\/2025\/05\/cropped-magasin_industriel_120x.avif\",\"width\":120,\"height\":24,\"caption\":\"Le Magasin Industriel\"},\"image\":{\"@id\":\"https:\/\/autravail.ca\/#\/schema\/logo\/image\/\"},\"sameAs\":[\"https:\/\/www.facebook.com\/lemagasinindustriel\/?locale=fr_FR\"]}]}<\/script>\n<!-- \/ Yoast SEO plugin. -->","yoast_head_json":{"title":"Soulier de travail Puma Frontcourt \u2013 630063 - Le Magasin Industriel","description":"Soulier de travail Puma Frontcourt \u2013 630063 certifi\u00e9 CSA avec empeigne 4 pouces tout cuir, semelle d'usure antid\u00e9rapante et semelle confortable.","robots":{"index":"index","follow":"follow","max-snippet":"max-snippet:-1","max-image-preview":"max-image-preview:large","max-video-preview":"max-video-preview:-1"},"canonical":"https:\/\/autravail.ca\/en\/product\/soulier-de-travail-puma-frontcourt-630063\/","og_locale":"en_US","og_type":"article","og_title":"Soulier de travail Puma Frontcourt \u2013 630063 - Le Magasin Industriel","og_description":"Soulier de travail Puma Frontcourt \u2013 630063 certifi\u00e9 CSA avec empeigne 4 pouces tout cuir, semelle d'usure antid\u00e9rapante et semelle confortable.","og_url":"https:\/\/autravail.ca\/en\/product\/soulier-de-travail-puma-frontcourt-630063\/","og_site_name":"Le Magasin Industriel","article_publisher":"https:\/\/www.facebook.com\/lemagasinindustriel\/?locale=fr_FR","article_modified_time":"2025-12-11T20:20:05+00:00","og_image":[{"width":1000,"height":1000,"url":"https:\/\/autravail.ca\/wp-content\/uploads\/2025\/05\/630063_A01_61ed2d09-cd13-4f8d-9e20-c3339273e5d1.jpg","type":"image\/jpeg"}],"twitter_card":"summary_large_image","twitter_misc":{"Est. reading time":"2 minutes"},"schema":{"@context":"https:\/\/schema.org","@graph":[{"@type":"WebPage","@id":"https:\/\/autravail.ca\/product\/soulier-de-travail-puma-frontcourt-630063\/","url":"https:\/\/autravail.ca\/product\/soulier-de-travail-puma-frontcourt-630063\/","name":"Soulier de travail Puma Frontcourt \u2013 630063 - Le Magasin Industriel","isPartOf":{"@id":"https:\/\/autravail.ca\/#website"},"primaryImageOfPage":{"@id":"https:\/\/autravail.ca\/product\/soulier-de-travail-puma-frontcourt-630063\/#primaryimage"},"image":{"@id":"https:\/\/autravail.ca\/product\/soulier-de-travail-puma-frontcourt-630063\/#primaryimage"},"thumbnailUrl":"https:\/\/autravail.ca\/wp-content\/uploads\/2025\/05\/630063_A01_61ed2d09-cd13-4f8d-9e20-c3339273e5d1.jpg","datePublished":"2025-05-08T06:31:11+00:00","dateModified":"2025-12-11T20:20:05+00:00","description":"Soulier de travail Puma Frontcourt \u2013 630063 certifi\u00e9 CSA avec empeigne 4 pouces tout cuir, semelle d'usure antid\u00e9rapante et semelle confortable.","breadcrumb":{"@id":"https:\/\/autravail.ca\/product\/soulier-de-travail-puma-frontcourt-630063\/#breadcrumb"},"inLanguage":"en-CA","potentialAction":[{"@type":"ReadAction","target":["https:\/\/autravail.ca\/product\/soulier-de-travail-puma-frontcourt-630063\/"]}]},{"@type":"ImageObject","inLanguage":"en-CA","@id":"https:\/\/autravail.ca\/product\/soulier-de-travail-puma-frontcourt-630063\/#primaryimage","url":"https:\/\/autravail.ca\/wp-content\/uploads\/2025\/05\/630063_A01_61ed2d09-cd13-4f8d-9e20-c3339273e5d1.jpg","contentUrl":"https:\/\/autravail.ca\/wp-content\/uploads\/2025\/05\/630063_A01_61ed2d09-cd13-4f8d-9e20-c3339273e5d1.jpg","width":1000,"height":1000,"caption":"Soulier de travail Puma Frontcourt \u2013 630063"},{"@type":"BreadcrumbList","@id":"https:\/\/autravail.ca\/product\/soulier-de-travail-puma-frontcourt-630063\/#breadcrumb","itemListElement":[{"@type":"ListItem","position":1,"name":"Accueil","item":"https:\/\/autravail.ca\/"},{"@type":"ListItem","position":2,"name":"Magasin","item":"https:\/\/autravail.ca\/en\/shop\/"},{"@type":"ListItem","position":3,"name":"Soulier de travail Puma Frontcourt \u2013 630063"}]},{"@type":"WebSite","@id":"https:\/\/autravail.ca\/#website","url":"https:\/\/autravail.ca\/","name":"Le Magasin Industriel","description":"50 ans de tradition de s\u00e9curit\u00e9 au travail","publisher":{"@id":"https:\/\/autravail.ca\/#organization"},"potentialAction":[{"@type":"SearchAction","target":{"@type":"EntryPoint","urlTemplate":"https:\/\/autravail.ca\/?s={search_term_string}"},"query-input":{"@type":"PropertyValueSpecification","valueRequired":true,"valueName":"search_term_string"}}],"inLanguage":"en-CA"},{"@type":"Organization","@id":"https:\/\/autravail.ca\/#organization","name":"Le Magasin Industriel","url":"https:\/\/autravail.ca\/","logo":{"@type":"ImageObject","inLanguage":"en-CA","@id":"https:\/\/autravail.ca\/#\/schema\/logo\/image\/","url":"https:\/\/autravail.ca\/wp-content\/uploads\/2025\/05\/cropped-magasin_industriel_120x.avif","contentUrl":"https:\/\/autravail.ca\/wp-content\/uploads\/2025\/05\/cropped-magasin_industriel_120x.avif","width":120,"height":24,"caption":"Le Magasin Industriel"},"image":{"@id":"https:\/\/autravail.ca\/#\/schema\/logo\/image\/"},"sameAs":["https:\/\/www.facebook.com\/lemagasinindustriel\/?locale=fr_FR"]}]}},"jetpack_sharing_enabled":true,"_links":{"self":[{"href":"https:\/\/autravail.ca\/en\/wp-json\/wp\/v2\/product\/29108","targetHints":{"allow":["GET"]}}],"collection":[{"href":"https:\/\/autravail.ca\/en\/wp-json\/wp\/v2\/product"}],"about":[{"href":"https:\/\/autravail.ca\/en\/wp-json\/wp\/v2\/types\/product"}],"replies":[{"embeddable":true,"href":"https:\/\/autravail.ca\/en\/wp-json\/wp\/v2\/comments?post=29108"}],"wp:featuredmedia":[{"embeddable":true,"href":"https:\/\/autravail.ca\/en\/wp-json\/wp\/v2\/media\/12733"}],"wp:attachment":[{"href":"https:\/\/autravail.ca\/en\/wp-json\/wp\/v2\/media?parent=29108"}],"wp:term":[{"taxonomy":"product_cat","embeddable":true,"href":"https:\/\/autravail.ca\/en\/wp-json\/wp\/v2\/product_cat?post=29108"},{"taxonomy":"product_tag","embeddable":true,"href":"https:\/\/autravail.ca\/en\/wp-json\/wp\/v2\/product_tag?post=29108"}],"curies":[{"name":"wp","href":"https:\/\/api.w.org\/{rel}","templated":true}]}}