{"id":29091,"date":"2025-05-08T06:31:03","date_gmt":"2025-05-08T06:31:03","guid":{"rendered":"https:\/\/meteoquebec.ca\/?post_type=product&#038;p=29091"},"modified":"2026-03-09T17:05:21","modified_gmt":"2026-03-09T21:05:21","slug":"6127-0000-chaussons-cush","status":"publish","type":"product","link":"https:\/\/autravail.ca\/en\/product\/6127-0000-chaussons-cush\/","title":{"rendered":"6127-0000 - CHAUSSONS - CUSH"},"content":{"rendered":"<ul><\/ul>\n<h3>\n<span style=\"color: #262626; font-family: Helvetica;\">Chaussons - Baffin - CUSH<\/span><br \/><strong data-mce-fragment=\"1\"><\/strong><br \/>\n<\/h3>\n<p><span style=\"color: #262626; font-family: Helvetica;\">The CUSH is different from other classic slippers, they are foot pillows! Also comfortable on the plane as going to the mailbox or winter camping, the CUSH combines comfort indoors and outdoor lifestyle. A perfect gift!!!<br \/><\/span><\/p>\n<p><span style=\"color: #262626; font-family: Helvetica;\">Characteristics:<\/span><\/p>\n<div data-mce-fragment=\"1\" class=\"Collapsible__Inner\" style=\"overflow: visible; height: auto;\" data-mce-style=\"overflow: visible; height: auto;\">\n<div data-mce-fragment=\"1\" class=\"Collapsible__Content\">\n<div data-mce-fragment=\"1\" class=\"Rte bu\">\n<ul>\n<li>Flexible isolated nylon pipe<\/li>\n<li>Elastic locking strap with barrel<\/li>\n<li>Model to put on with short peg facilitating foot entry<\/li>\n<li>Anti-slip sole in durable nylon<\/li>\n<li>Seated planter fixed in wool and polyester mix (PolyWool) providing warmth and breathability<strong>.<\/strong>\n<\/li>\n<\/ul>\n<\/div>\n<\/div>\n<\/div>","protected":false},"excerpt":{"rendered":"<p>Slippers - Baffin - CUSH The CUSH is different from other classic slippers, they are foot pouches! They are as comfortable on a plane as going to the mailbox or winter camping, the CUSH combines indoor comfort with outdoor lifestyle. An ideal gift!!! CHARACTERISTICS: [&hellip;]<\/p>","protected":false},"featured_media":12695,"comment_status":"open","ping_status":"closed","template":"","meta":[],"product_cat":[657,670],"product_tag":[307,255,242],"class_list":{"0":"post-29091","1":"product","2":"type-product","3":"status-publish","4":"has-post-thumbnail","6":"product_brand-baffin-plein-air","7":"product_cat-accessoires-de-chaussures","8":"product_cat-bottes-dhiver","9":"product_tag-bottes-dhiver","10":"product_tag-femme","11":"product_tag-homme","13":"first","14":"instock","15":"taxable","16":"shipping-taxable","17":"purchasable","18":"product-type-variable"},"yoast_head":"<!-- This site is optimized with the Yoast SEO plugin v25.3.1 - https:\/\/yoast.com\/wordpress\/plugins\/seo\/ -->\n<title>6127-0000 - CHAUSSONS - CUSH - Le Magasin Industriel<\/title>\n<meta name=\"robots\" content=\"index, follow, max-snippet:-1, max-image-preview:large, max-video-preview:-1\" \/>\n<link rel=\"canonical\" href=\"https:\/\/autravail.ca\/en\/product\/6127-0000-chaussons-cush\/\" \/>\n<meta property=\"og:locale\" content=\"en_US\" \/>\n<meta property=\"og:type\" content=\"article\" \/>\n<meta property=\"og:title\" content=\"6127-0000 - CHAUSSONS - CUSH - Le Magasin Industriel\" \/>\n<meta property=\"og:description\" content=\"Chaussons &#8211; Baffin &#8211; CUSH La CUSH est diff\u00e9rente des autres pantoufles classiques, ce sont des sacs de couchage pour vos pieds! Aussi confortables en avion que pour aller \u00e0 la bo\u00eete aux lettres ou en camping d&rsquo;hiver, la CUSH allie confort \u00e0 l&rsquo;int\u00e9rieur et style de vie en plein air. Un cadeau id\u00e9al!!! CARACT\u00c9RISTIQUES: [&hellip;]\" \/>\n<meta property=\"og:url\" content=\"https:\/\/autravail.ca\/en\/product\/6127-0000-chaussons-cush\/\" \/>\n<meta property=\"og:site_name\" content=\"Le Magasin Industriel\" \/>\n<meta property=\"article:publisher\" content=\"https:\/\/www.facebook.com\/lemagasinindustriel\/?locale=fr_FR\" \/>\n<meta property=\"article:modified_time\" content=\"2026-03-09T21:05:21+00:00\" \/>\n<meta property=\"og:image\" content=\"https:\/\/autravail.ca\/wp-content\/uploads\/2025\/05\/6127-0000_A01.jpg\" \/>\n\t<meta property=\"og:image:width\" content=\"1000\" \/>\n\t<meta property=\"og:image:height\" content=\"1000\" \/>\n\t<meta property=\"og:image:type\" content=\"image\/jpeg\" \/>\n<meta name=\"twitter:card\" content=\"summary_large_image\" \/>\n<meta name=\"twitter:label1\" content=\"Est. reading time\" \/>\n\t<meta name=\"twitter:data1\" content=\"1 minute\" \/>\n<script type=\"application\/ld+json\" class=\"yoast-schema-graph\">{\"@context\":\"https:\/\/schema.org\",\"@graph\":[{\"@type\":\"WebPage\",\"@id\":\"https:\/\/autravail.ca\/product\/6127-0000-chaussons-cush\/\",\"url\":\"https:\/\/autravail.ca\/product\/6127-0000-chaussons-cush\/\",\"name\":\"6127-0000 - CHAUSSONS - CUSH - Le Magasin Industriel\",\"isPartOf\":{\"@id\":\"https:\/\/autravail.ca\/#website\"},\"primaryImageOfPage\":{\"@id\":\"https:\/\/autravail.ca\/product\/6127-0000-chaussons-cush\/#primaryimage\"},\"image\":{\"@id\":\"https:\/\/autravail.ca\/product\/6127-0000-chaussons-cush\/#primaryimage\"},\"thumbnailUrl\":\"https:\/\/autravail.ca\/wp-content\/uploads\/2025\/05\/6127-0000_A01.jpg\",\"datePublished\":\"2025-05-08T06:31:03+00:00\",\"dateModified\":\"2026-03-09T21:05:21+00:00\",\"breadcrumb\":{\"@id\":\"https:\/\/autravail.ca\/product\/6127-0000-chaussons-cush\/#breadcrumb\"},\"inLanguage\":\"en-CA\",\"potentialAction\":[{\"@type\":\"ReadAction\",\"target\":[\"https:\/\/autravail.ca\/product\/6127-0000-chaussons-cush\/\"]}]},{\"@type\":\"ImageObject\",\"inLanguage\":\"en-CA\",\"@id\":\"https:\/\/autravail.ca\/product\/6127-0000-chaussons-cush\/#primaryimage\",\"url\":\"https:\/\/autravail.ca\/wp-content\/uploads\/2025\/05\/6127-0000_A01.jpg\",\"contentUrl\":\"https:\/\/autravail.ca\/wp-content\/uploads\/2025\/05\/6127-0000_A01.jpg\",\"width\":1000,\"height\":1000},{\"@type\":\"BreadcrumbList\",\"@id\":\"https:\/\/autravail.ca\/product\/6127-0000-chaussons-cush\/#breadcrumb\",\"itemListElement\":[{\"@type\":\"ListItem\",\"position\":1,\"name\":\"Accueil\",\"item\":\"https:\/\/autravail.ca\/\"},{\"@type\":\"ListItem\",\"position\":2,\"name\":\"Magasin\",\"item\":\"https:\/\/autravail.ca\/en\/shop\/\"},{\"@type\":\"ListItem\",\"position\":3,\"name\":\"6127-0000 &#8211; CHAUSSONS &#8211; CUSH\"}]},{\"@type\":\"WebSite\",\"@id\":\"https:\/\/autravail.ca\/#website\",\"url\":\"https:\/\/autravail.ca\/\",\"name\":\"Le Magasin Industriel\",\"description\":\"50 ans de tradition de s\u00e9curit\u00e9 au travail\",\"publisher\":{\"@id\":\"https:\/\/autravail.ca\/#organization\"},\"potentialAction\":[{\"@type\":\"SearchAction\",\"target\":{\"@type\":\"EntryPoint\",\"urlTemplate\":\"https:\/\/autravail.ca\/?s={search_term_string}\"},\"query-input\":{\"@type\":\"PropertyValueSpecification\",\"valueRequired\":true,\"valueName\":\"search_term_string\"}}],\"inLanguage\":\"en-CA\"},{\"@type\":\"Organization\",\"@id\":\"https:\/\/autravail.ca\/#organization\",\"name\":\"Le Magasin Industriel\",\"url\":\"https:\/\/autravail.ca\/\",\"logo\":{\"@type\":\"ImageObject\",\"inLanguage\":\"en-CA\",\"@id\":\"https:\/\/autravail.ca\/#\/schema\/logo\/image\/\",\"url\":\"https:\/\/autravail.ca\/wp-content\/uploads\/2025\/05\/cropped-magasin_industriel_120x.avif\",\"contentUrl\":\"https:\/\/autravail.ca\/wp-content\/uploads\/2025\/05\/cropped-magasin_industriel_120x.avif\",\"width\":120,\"height\":24,\"caption\":\"Le Magasin Industriel\"},\"image\":{\"@id\":\"https:\/\/autravail.ca\/#\/schema\/logo\/image\/\"},\"sameAs\":[\"https:\/\/www.facebook.com\/lemagasinindustriel\/?locale=fr_FR\"]}]}<\/script>\n<!-- \/ Yoast SEO plugin. -->","yoast_head_json":{"title":"6127-0000 - CHAUSSONS - CUSH - Le Magasin Industriel","robots":{"index":"index","follow":"follow","max-snippet":"max-snippet:-1","max-image-preview":"max-image-preview:large","max-video-preview":"max-video-preview:-1"},"canonical":"https:\/\/autravail.ca\/en\/product\/6127-0000-chaussons-cush\/","og_locale":"en_US","og_type":"article","og_title":"6127-0000 - CHAUSSONS - CUSH - Le Magasin Industriel","og_description":"Chaussons &#8211; Baffin &#8211; CUSH La CUSH est diff\u00e9rente des autres pantoufles classiques, ce sont des sacs de couchage pour vos pieds! Aussi confortables en avion que pour aller \u00e0 la bo\u00eete aux lettres ou en camping d&rsquo;hiver, la CUSH allie confort \u00e0 l&rsquo;int\u00e9rieur et style de vie en plein air. Un cadeau id\u00e9al!!! CARACT\u00c9RISTIQUES: [&hellip;]","og_url":"https:\/\/autravail.ca\/en\/product\/6127-0000-chaussons-cush\/","og_site_name":"Le Magasin Industriel","article_publisher":"https:\/\/www.facebook.com\/lemagasinindustriel\/?locale=fr_FR","article_modified_time":"2026-03-09T21:05:21+00:00","og_image":[{"width":1000,"height":1000,"url":"https:\/\/autravail.ca\/wp-content\/uploads\/2025\/05\/6127-0000_A01.jpg","type":"image\/jpeg"}],"twitter_card":"summary_large_image","twitter_misc":{"Est. reading time":"1 minute"},"schema":{"@context":"https:\/\/schema.org","@graph":[{"@type":"WebPage","@id":"https:\/\/autravail.ca\/product\/6127-0000-chaussons-cush\/","url":"https:\/\/autravail.ca\/product\/6127-0000-chaussons-cush\/","name":"6127-0000 - CHAUSSONS - CUSH - Le Magasin Industriel","isPartOf":{"@id":"https:\/\/autravail.ca\/#website"},"primaryImageOfPage":{"@id":"https:\/\/autravail.ca\/product\/6127-0000-chaussons-cush\/#primaryimage"},"image":{"@id":"https:\/\/autravail.ca\/product\/6127-0000-chaussons-cush\/#primaryimage"},"thumbnailUrl":"https:\/\/autravail.ca\/wp-content\/uploads\/2025\/05\/6127-0000_A01.jpg","datePublished":"2025-05-08T06:31:03+00:00","dateModified":"2026-03-09T21:05:21+00:00","breadcrumb":{"@id":"https:\/\/autravail.ca\/product\/6127-0000-chaussons-cush\/#breadcrumb"},"inLanguage":"en-CA","potentialAction":[{"@type":"ReadAction","target":["https:\/\/autravail.ca\/product\/6127-0000-chaussons-cush\/"]}]},{"@type":"ImageObject","inLanguage":"en-CA","@id":"https:\/\/autravail.ca\/product\/6127-0000-chaussons-cush\/#primaryimage","url":"https:\/\/autravail.ca\/wp-content\/uploads\/2025\/05\/6127-0000_A01.jpg","contentUrl":"https:\/\/autravail.ca\/wp-content\/uploads\/2025\/05\/6127-0000_A01.jpg","width":1000,"height":1000},{"@type":"BreadcrumbList","@id":"https:\/\/autravail.ca\/product\/6127-0000-chaussons-cush\/#breadcrumb","itemListElement":[{"@type":"ListItem","position":1,"name":"Accueil","item":"https:\/\/autravail.ca\/"},{"@type":"ListItem","position":2,"name":"Magasin","item":"https:\/\/autravail.ca\/en\/shop\/"},{"@type":"ListItem","position":3,"name":"6127-0000 &#8211; CHAUSSONS &#8211; CUSH"}]},{"@type":"WebSite","@id":"https:\/\/autravail.ca\/#website","url":"https:\/\/autravail.ca\/","name":"Le Magasin Industriel","description":"50 ans de tradition de s\u00e9curit\u00e9 au travail","publisher":{"@id":"https:\/\/autravail.ca\/#organization"},"potentialAction":[{"@type":"SearchAction","target":{"@type":"EntryPoint","urlTemplate":"https:\/\/autravail.ca\/?s={search_term_string}"},"query-input":{"@type":"PropertyValueSpecification","valueRequired":true,"valueName":"search_term_string"}}],"inLanguage":"en-CA"},{"@type":"Organization","@id":"https:\/\/autravail.ca\/#organization","name":"Le Magasin Industriel","url":"https:\/\/autravail.ca\/","logo":{"@type":"ImageObject","inLanguage":"en-CA","@id":"https:\/\/autravail.ca\/#\/schema\/logo\/image\/","url":"https:\/\/autravail.ca\/wp-content\/uploads\/2025\/05\/cropped-magasin_industriel_120x.avif","contentUrl":"https:\/\/autravail.ca\/wp-content\/uploads\/2025\/05\/cropped-magasin_industriel_120x.avif","width":120,"height":24,"caption":"Le Magasin Industriel"},"image":{"@id":"https:\/\/autravail.ca\/#\/schema\/logo\/image\/"},"sameAs":["https:\/\/www.facebook.com\/lemagasinindustriel\/?locale=fr_FR"]}]}},"jetpack_sharing_enabled":true,"_links":{"self":[{"href":"https:\/\/autravail.ca\/en\/wp-json\/wp\/v2\/product\/29091","targetHints":{"allow":["GET"]}}],"collection":[{"href":"https:\/\/autravail.ca\/en\/wp-json\/wp\/v2\/product"}],"about":[{"href":"https:\/\/autravail.ca\/en\/wp-json\/wp\/v2\/types\/product"}],"replies":[{"embeddable":true,"href":"https:\/\/autravail.ca\/en\/wp-json\/wp\/v2\/comments?post=29091"}],"wp:featuredmedia":[{"embeddable":true,"href":"https:\/\/autravail.ca\/en\/wp-json\/wp\/v2\/media\/12695"}],"wp:attachment":[{"href":"https:\/\/autravail.ca\/en\/wp-json\/wp\/v2\/media?parent=29091"}],"wp:term":[{"taxonomy":"product_cat","embeddable":true,"href":"https:\/\/autravail.ca\/en\/wp-json\/wp\/v2\/product_cat?post=29091"},{"taxonomy":"product_tag","embeddable":true,"href":"https:\/\/autravail.ca\/en\/wp-json\/wp\/v2\/product_tag?post=29091"}],"curies":[{"name":"wp","href":"https:\/\/api.w.org\/{rel}","templated":true}]}}