{"id":29031,"date":"2025-05-08T06:30:43","date_gmt":"2025-05-08T06:30:43","guid":{"rendered":"https:\/\/meteoquebec.ca\/?post_type=product&#038;p=29031"},"modified":"2026-02-12T17:51:55","modified_gmt":"2026-02-12T21:51:55","slug":"botte-de-travail-arctic-grip-604spag","status":"publish","type":"product","link":"https:\/\/autravail.ca\/en\/product\/botte-de-travail-arctic-grip-604spag\/","title":{"rendered":"Botte de travail Arctic Grip &#8211; 604SPAG"},"content":{"rendered":"<h3>Botte de travail Arctic Grip &#8211; 604SPAG<\/h3>\n<p>Botte de travail Arctic Grip &#8211; 604SPAG de Royer. La chaussure de travail montante imperm\u00e9able 604SP2AG INSPADES\u2122 ARCTIC GRIP PRO\u2122 est approuv\u00e9e par la CSA et dot\u00e9e d&rsquo;un embout en aluminium, d&rsquo;une semelle r\u00e9sistante \u00e0 la perforation, d&rsquo;une semelle ext\u00e9rieure VIBRAM\u00ae Arctic Grip pour une traction sup\u00e9rieure sur la glace mouill\u00e9e et d&rsquo;une isolation PrimaLoft\u00ae con\u00e7ue pour des temp\u00e9ratures jusqu&rsquo;\u00e0 -20 \u00b0C pour une s\u00e9curit\u00e9 et des performances in\u00e9gal\u00e9es.<\/p>\n<p><img decoding=\"async\" class=\"alignnone size-full wp-image-40117\" src=\"https:\/\/autravail.ca\/wp-content\/uploads\/2025\/09\/Certification-Omega-Triangle-vert.jpg\" alt=\"Certifications Om\u00e9ga Triangle vert\" width=\"193\" height=\"110\" srcset=\"https:\/\/autravail.ca\/wp-content\/uploads\/2025\/09\/Certification-Omega-Triangle-vert.jpg 193w, https:\/\/autravail.ca\/wp-content\/uploads\/2025\/09\/Certification-Omega-Triangle-vert-150x85.jpg 150w, https:\/\/autravail.ca\/wp-content\/uploads\/2025\/09\/Certification-Omega-Triangle-vert-18x10.jpg 18w\" sizes=\"(max-width: 193px) 100vw, 193px\" \/><\/p>\n<div class=\"product-information-feature-header\">\n<h6 class=\"mb-4\"><span dir=\"auto\">Caract\u00e9ristiques du produit<\/span><\/h6>\n<\/div>\n<ul class=\"temp-feature-list royer-temp-feature-list\">\n<li><span dir=\"auto\">Pare-chocs PARESHOK en TPU ultra-r\u00e9sistant pour les orteils<\/span><\/li>\n<li><span dir=\"auto\">Semelle int\u00e9rieure non m\u00e9tallique r\u00e9sistante \u00e0 la perforation<\/span><\/li>\n<li><span dir=\"auto\">Electrical Risks Protection<\/span><\/li>\n<li><span dir=\"auto\">chaussure \u00e0 5 \u0153illets<\/span><\/li>\n<li><span dir=\"auto\">Cuir pleine fleur<\/span><\/li>\n<li><span dir=\"auto\">Semelle ext\u00e9rieure en caoutchouc VIBRAM ARCTIC GRIP pour une adh\u00e9rence optimale sur la glace mouill\u00e9e<\/span><\/li>\n<li><span dir=\"auto\">Aluminum protection cap<\/span><\/li>\n<li><span dir=\"auto\">Coutures triples pour une durabilit\u00e9 accrue<\/span><\/li>\n<li><span dir=\"auto\">Contrefort de talon rigide pour une meilleure stabilit\u00e9<\/span><\/li>\n<li><span dir=\"auto\">Woven lining with antibacterial treatment<\/span><\/li>\n<li><span dir=\"auto\">Semelle int\u00e9rieure en polyur\u00e9thane \u00e0 faible densit\u00e9 avec traitement antimicrobien<\/span><\/li>\n<li><span dir=\"auto\">Membrane R-DRY imperm\u00e9able et respirante<\/span><\/li>\n<li><span dir=\"auto\">Isolant thermique PRIMALOFT 200g<\/span><\/li>\n<li><span dir=\"auto\">Semelle interm\u00e9diaire en PU \u00e0 faible densit\u00e9 ultra-amortissante<\/span><\/li>\n<\/ul>\n<h6><span dir=\"auto\">Semelle ext\u00e9rieure VIBRAM\u00ae ARCTIC GRIP PRO\u2122<\/span><\/h6>\n<p><span dir=\"auto\">VIBRAM\u00ae ARCTIC GRIP PRO\u2122 est une technologie de semelle ext\u00e9rieure avanc\u00e9e pour temps froid, con\u00e7ue pour am\u00e9liorer les performances sur glace mouill\u00e9e et s\u00e8che, assurant une adh\u00e9rence exceptionnelle dans les conditions hivernales les plus rigoureuses.<\/span><\/p>\n<h6><span dir=\"auto\">Isolation PrimaLoft\u00ae<\/span><\/h6>\n<p><span dir=\"auto\">PrimaLoft\u00ae est un isolant en microfibre synth\u00e9tique, initialement d\u00e9velopp\u00e9 pour des applications militaires, offrant un rapport chaleur\/poids exceptionnel, une respirabilit\u00e9 et une r\u00e9sistance \u00e0 l&rsquo;humidit\u00e9, fabriqu\u00e9 avec 90 % de fibres recycl\u00e9es pour une durabilit\u00e9 accrue.<\/span><\/p>\n<p><em><span style=\"color: #fa0b0b;\">version vers la pointure US femme, ajoutez 2 points. Exemple: 5 US homme = 7 US femme<\/span><\/em><\/p>\n<ul>\n<li style=\"list-style-type: none;\"><\/li>\n<\/ul>\n<p><img decoding=\"async\" class=\"alignnone wp-image-40620\" src=\"https:\/\/autravail.ca\/wp-content\/uploads\/2025\/09\/Jachete-quebec-et-canada.jpg\" alt=\"Logo de l'achat local\" width=\"162\" height=\"139\" \/>Merci d&rsquo;encourager une entreprise 100% d&rsquo;ici!<\/p>\n<p>TS2602H<\/p>","protected":false},"excerpt":{"rendered":"<p>Botte de travail Arctic Grip &#8211; 604SPAG Botte de travail Arctic Grip &#8211; 604SPAG de Royer. La chaussure de travail montante imperm\u00e9able 604SP2AG INSPADES\u2122 ARCTIC GRIP PRO\u2122 est approuv\u00e9e par la CSA et dot\u00e9e d&rsquo;un embout en aluminium, d&rsquo;une semelle r\u00e9sistante \u00e0 la perforation, d&rsquo;une semelle ext\u00e9rieure VIBRAM\u00ae Arctic Grip pour une traction sup\u00e9rieure sur [&hellip;]<\/p>","protected":false},"featured_media":12632,"comment_status":"open","ping_status":"closed","template":"","meta":[],"product_cat":[621,633,602,637],"product_tag":[260,264,252,255,242,253,274],"class_list":{"0":"post-29031","1":"product","2":"type-product","3":"status-publish","4":"has-post-thumbnail","6":"product_brand-inspades","7":"product_brand-royer","8":"product_cat-bottes-de-travail-6","9":"product_cat-femmes","10":"product_cat-hommes","11":"product_cat-nos-modeles-populaires","12":"product_tag-bottillons-de-travail","13":"product_tag-corpo01","14":"product_tag-electric-shock-resistant","15":"product_tag-femme","16":"product_tag-homme","17":"product_tag-sole-protection","18":"product_tag-vedette","20":"first","21":"instock","22":"taxable","23":"shipping-taxable","24":"purchasable","25":"product-type-variable"},"yoast_head":"<!-- This site is optimized with the Yoast SEO plugin v25.3.1 - https:\/\/yoast.com\/wordpress\/plugins\/seo\/ -->\n<title>Botte de travail Arctic Grip - 604SPAG - Le Magasin Industriel<\/title>\n<meta name=\"description\" content=\"Botte de travail Arctic Grip - 604SPAG imperm\u00e9able est approuv\u00e9e par la CSA et dot\u00e9e d&#039;un embout en aluminium, d&#039;une semelle r\u00e9sistante \u00e0 la perforation\" \/>\n<meta name=\"robots\" content=\"index, follow, max-snippet:-1, max-image-preview:large, max-video-preview:-1\" \/>\n<link rel=\"canonical\" href=\"https:\/\/autravail.ca\/en\/product\/botte-de-travail-arctic-grip-604spag\/\" \/>\n<meta property=\"og:locale\" content=\"en_US\" \/>\n<meta property=\"og:type\" content=\"article\" \/>\n<meta property=\"og:title\" content=\"Botte de travail Arctic Grip - 604SPAG - Le Magasin Industriel\" \/>\n<meta property=\"og:description\" content=\"Botte de travail Arctic Grip - 604SPAG imperm\u00e9able est approuv\u00e9e par la CSA et dot\u00e9e d&#039;un embout en aluminium, d&#039;une semelle r\u00e9sistante \u00e0 la perforation\" \/>\n<meta property=\"og:url\" content=\"https:\/\/autravail.ca\/en\/product\/botte-de-travail-arctic-grip-604spag\/\" \/>\n<meta property=\"og:site_name\" content=\"Le Magasin Industriel\" \/>\n<meta property=\"article:publisher\" content=\"https:\/\/www.facebook.com\/lemagasinindustriel\/?locale=fr_FR\" \/>\n<meta property=\"article:modified_time\" content=\"2026-02-12T21:51:55+00:00\" \/>\n<meta property=\"og:image\" content=\"https:\/\/autravail.ca\/wp-content\/uploads\/2025\/05\/604SPAG_A01.jpg\" \/>\n\t<meta property=\"og:image:width\" content=\"1000\" \/>\n\t<meta property=\"og:image:height\" content=\"1000\" \/>\n\t<meta property=\"og:image:type\" content=\"image\/jpeg\" \/>\n<meta name=\"twitter:card\" content=\"summary_large_image\" \/>\n<meta name=\"twitter:label1\" content=\"Est. reading time\" \/>\n\t<meta name=\"twitter:data1\" content=\"3 minutes\" \/>\n<script type=\"application\/ld+json\" class=\"yoast-schema-graph\">{\"@context\":\"https:\/\/schema.org\",\"@graph\":[{\"@type\":\"WebPage\",\"@id\":\"https:\/\/autravail.ca\/product\/botte-de-travail-arctic-grip-604spag\/\",\"url\":\"https:\/\/autravail.ca\/product\/botte-de-travail-arctic-grip-604spag\/\",\"name\":\"Botte de travail Arctic Grip - 604SPAG - Le Magasin Industriel\",\"isPartOf\":{\"@id\":\"https:\/\/autravail.ca\/#website\"},\"primaryImageOfPage\":{\"@id\":\"https:\/\/autravail.ca\/product\/botte-de-travail-arctic-grip-604spag\/#primaryimage\"},\"image\":{\"@id\":\"https:\/\/autravail.ca\/product\/botte-de-travail-arctic-grip-604spag\/#primaryimage\"},\"thumbnailUrl\":\"https:\/\/autravail.ca\/wp-content\/uploads\/2025\/05\/604SPAG_A01.jpg\",\"datePublished\":\"2025-05-08T06:30:43+00:00\",\"dateModified\":\"2026-02-12T21:51:55+00:00\",\"description\":\"Botte de travail Arctic Grip - 604SPAG imperm\u00e9able est approuv\u00e9e par la CSA et dot\u00e9e d'un embout en aluminium, d'une semelle r\u00e9sistante \u00e0 la perforation\",\"breadcrumb\":{\"@id\":\"https:\/\/autravail.ca\/product\/botte-de-travail-arctic-grip-604spag\/#breadcrumb\"},\"inLanguage\":\"en-CA\",\"potentialAction\":[{\"@type\":\"ReadAction\",\"target\":[\"https:\/\/autravail.ca\/product\/botte-de-travail-arctic-grip-604spag\/\"]}]},{\"@type\":\"ImageObject\",\"inLanguage\":\"en-CA\",\"@id\":\"https:\/\/autravail.ca\/product\/botte-de-travail-arctic-grip-604spag\/#primaryimage\",\"url\":\"https:\/\/autravail.ca\/wp-content\/uploads\/2025\/05\/604SPAG_A01.jpg\",\"contentUrl\":\"https:\/\/autravail.ca\/wp-content\/uploads\/2025\/05\/604SPAG_A01.jpg\",\"width\":1000,\"height\":1000,\"caption\":\"Botte de travail Arctic Grip - 604SPAG\"},{\"@type\":\"BreadcrumbList\",\"@id\":\"https:\/\/autravail.ca\/product\/botte-de-travail-arctic-grip-604spag\/#breadcrumb\",\"itemListElement\":[{\"@type\":\"ListItem\",\"position\":1,\"name\":\"Accueil\",\"item\":\"https:\/\/autravail.ca\/\"},{\"@type\":\"ListItem\",\"position\":2,\"name\":\"Magasin\",\"item\":\"https:\/\/autravail.ca\/en\/shop\/\"},{\"@type\":\"ListItem\",\"position\":3,\"name\":\"Botte de travail Arctic Grip &#8211; 604SPAG\"}]},{\"@type\":\"WebSite\",\"@id\":\"https:\/\/autravail.ca\/#website\",\"url\":\"https:\/\/autravail.ca\/\",\"name\":\"Le Magasin Industriel\",\"description\":\"50 ans de tradition de s\u00e9curit\u00e9 au travail\",\"publisher\":{\"@id\":\"https:\/\/autravail.ca\/#organization\"},\"potentialAction\":[{\"@type\":\"SearchAction\",\"target\":{\"@type\":\"EntryPoint\",\"urlTemplate\":\"https:\/\/autravail.ca\/?s={search_term_string}\"},\"query-input\":{\"@type\":\"PropertyValueSpecification\",\"valueRequired\":true,\"valueName\":\"search_term_string\"}}],\"inLanguage\":\"en-CA\"},{\"@type\":\"Organization\",\"@id\":\"https:\/\/autravail.ca\/#organization\",\"name\":\"Le Magasin Industriel\",\"url\":\"https:\/\/autravail.ca\/\",\"logo\":{\"@type\":\"ImageObject\",\"inLanguage\":\"en-CA\",\"@id\":\"https:\/\/autravail.ca\/#\/schema\/logo\/image\/\",\"url\":\"https:\/\/autravail.ca\/wp-content\/uploads\/2025\/05\/cropped-magasin_industriel_120x.avif\",\"contentUrl\":\"https:\/\/autravail.ca\/wp-content\/uploads\/2025\/05\/cropped-magasin_industriel_120x.avif\",\"width\":120,\"height\":24,\"caption\":\"Le Magasin Industriel\"},\"image\":{\"@id\":\"https:\/\/autravail.ca\/#\/schema\/logo\/image\/\"},\"sameAs\":[\"https:\/\/www.facebook.com\/lemagasinindustriel\/?locale=fr_FR\"]}]}<\/script>\n<!-- \/ Yoast SEO plugin. -->","yoast_head_json":{"title":"Botte de travail Arctic Grip - 604SPAG - Le Magasin Industriel","description":"Botte de travail Arctic Grip - 604SPAG imperm\u00e9able est approuv\u00e9e par la CSA et dot\u00e9e d'un embout en aluminium, d'une semelle r\u00e9sistante \u00e0 la perforation","robots":{"index":"index","follow":"follow","max-snippet":"max-snippet:-1","max-image-preview":"max-image-preview:large","max-video-preview":"max-video-preview:-1"},"canonical":"https:\/\/autravail.ca\/en\/product\/botte-de-travail-arctic-grip-604spag\/","og_locale":"en_US","og_type":"article","og_title":"Botte de travail Arctic Grip - 604SPAG - Le Magasin Industriel","og_description":"Botte de travail Arctic Grip - 604SPAG imperm\u00e9able est approuv\u00e9e par la CSA et dot\u00e9e d'un embout en aluminium, d'une semelle r\u00e9sistante \u00e0 la perforation","og_url":"https:\/\/autravail.ca\/en\/product\/botte-de-travail-arctic-grip-604spag\/","og_site_name":"Le Magasin Industriel","article_publisher":"https:\/\/www.facebook.com\/lemagasinindustriel\/?locale=fr_FR","article_modified_time":"2026-02-12T21:51:55+00:00","og_image":[{"width":1000,"height":1000,"url":"https:\/\/autravail.ca\/wp-content\/uploads\/2025\/05\/604SPAG_A01.jpg","type":"image\/jpeg"}],"twitter_card":"summary_large_image","twitter_misc":{"Est. reading time":"3 minutes"},"schema":{"@context":"https:\/\/schema.org","@graph":[{"@type":"WebPage","@id":"https:\/\/autravail.ca\/product\/botte-de-travail-arctic-grip-604spag\/","url":"https:\/\/autravail.ca\/product\/botte-de-travail-arctic-grip-604spag\/","name":"Botte de travail Arctic Grip - 604SPAG - Le Magasin Industriel","isPartOf":{"@id":"https:\/\/autravail.ca\/#website"},"primaryImageOfPage":{"@id":"https:\/\/autravail.ca\/product\/botte-de-travail-arctic-grip-604spag\/#primaryimage"},"image":{"@id":"https:\/\/autravail.ca\/product\/botte-de-travail-arctic-grip-604spag\/#primaryimage"},"thumbnailUrl":"https:\/\/autravail.ca\/wp-content\/uploads\/2025\/05\/604SPAG_A01.jpg","datePublished":"2025-05-08T06:30:43+00:00","dateModified":"2026-02-12T21:51:55+00:00","description":"Botte de travail Arctic Grip - 604SPAG imperm\u00e9able est approuv\u00e9e par la CSA et dot\u00e9e d'un embout en aluminium, d'une semelle r\u00e9sistante \u00e0 la perforation","breadcrumb":{"@id":"https:\/\/autravail.ca\/product\/botte-de-travail-arctic-grip-604spag\/#breadcrumb"},"inLanguage":"en-CA","potentialAction":[{"@type":"ReadAction","target":["https:\/\/autravail.ca\/product\/botte-de-travail-arctic-grip-604spag\/"]}]},{"@type":"ImageObject","inLanguage":"en-CA","@id":"https:\/\/autravail.ca\/product\/botte-de-travail-arctic-grip-604spag\/#primaryimage","url":"https:\/\/autravail.ca\/wp-content\/uploads\/2025\/05\/604SPAG_A01.jpg","contentUrl":"https:\/\/autravail.ca\/wp-content\/uploads\/2025\/05\/604SPAG_A01.jpg","width":1000,"height":1000,"caption":"Botte de travail Arctic Grip - 604SPAG"},{"@type":"BreadcrumbList","@id":"https:\/\/autravail.ca\/product\/botte-de-travail-arctic-grip-604spag\/#breadcrumb","itemListElement":[{"@type":"ListItem","position":1,"name":"Accueil","item":"https:\/\/autravail.ca\/"},{"@type":"ListItem","position":2,"name":"Magasin","item":"https:\/\/autravail.ca\/en\/shop\/"},{"@type":"ListItem","position":3,"name":"Botte de travail Arctic Grip &#8211; 604SPAG"}]},{"@type":"WebSite","@id":"https:\/\/autravail.ca\/#website","url":"https:\/\/autravail.ca\/","name":"Le Magasin Industriel","description":"50 ans de tradition de s\u00e9curit\u00e9 au travail","publisher":{"@id":"https:\/\/autravail.ca\/#organization"},"potentialAction":[{"@type":"SearchAction","target":{"@type":"EntryPoint","urlTemplate":"https:\/\/autravail.ca\/?s={search_term_string}"},"query-input":{"@type":"PropertyValueSpecification","valueRequired":true,"valueName":"search_term_string"}}],"inLanguage":"en-CA"},{"@type":"Organization","@id":"https:\/\/autravail.ca\/#organization","name":"Le Magasin Industriel","url":"https:\/\/autravail.ca\/","logo":{"@type":"ImageObject","inLanguage":"en-CA","@id":"https:\/\/autravail.ca\/#\/schema\/logo\/image\/","url":"https:\/\/autravail.ca\/wp-content\/uploads\/2025\/05\/cropped-magasin_industriel_120x.avif","contentUrl":"https:\/\/autravail.ca\/wp-content\/uploads\/2025\/05\/cropped-magasin_industriel_120x.avif","width":120,"height":24,"caption":"Le Magasin Industriel"},"image":{"@id":"https:\/\/autravail.ca\/#\/schema\/logo\/image\/"},"sameAs":["https:\/\/www.facebook.com\/lemagasinindustriel\/?locale=fr_FR"]}]}},"jetpack_sharing_enabled":true,"_links":{"self":[{"href":"https:\/\/autravail.ca\/en\/wp-json\/wp\/v2\/product\/29031","targetHints":{"allow":["GET"]}}],"collection":[{"href":"https:\/\/autravail.ca\/en\/wp-json\/wp\/v2\/product"}],"about":[{"href":"https:\/\/autravail.ca\/en\/wp-json\/wp\/v2\/types\/product"}],"replies":[{"embeddable":true,"href":"https:\/\/autravail.ca\/en\/wp-json\/wp\/v2\/comments?post=29031"}],"wp:featuredmedia":[{"embeddable":true,"href":"https:\/\/autravail.ca\/en\/wp-json\/wp\/v2\/media\/12632"}],"wp:attachment":[{"href":"https:\/\/autravail.ca\/en\/wp-json\/wp\/v2\/media?parent=29031"}],"wp:term":[{"taxonomy":"product_cat","embeddable":true,"href":"https:\/\/autravail.ca\/en\/wp-json\/wp\/v2\/product_cat?post=29031"},{"taxonomy":"product_tag","embeddable":true,"href":"https:\/\/autravail.ca\/en\/wp-json\/wp\/v2\/product_tag?post=29031"}],"curies":[{"name":"wp","href":"https:\/\/api.w.org\/{rel}","templated":true}]}}