{"id":29000,"date":"2025-05-08T06:30:29","date_gmt":"2025-05-08T06:30:29","guid":{"rendered":"https:\/\/meteoquebec.ca\/?post_type=product&#038;p=29000"},"modified":"2026-02-12T16:46:04","modified_gmt":"2026-02-12T20:46:04","slug":"botte-de-travail-royer-ventura-6020vtag","status":"publish","type":"product","link":"https:\/\/autravail.ca\/en\/product\/botte-de-travail-royer-ventura-6020vtag\/","title":{"rendered":"Botte de travail Royer Ventura &#8211; 6020VTAG"},"content":{"rendered":"<h3>Botte de travail Royer Ventura &#8211; 6020VTAG<\/h3>\n<p>La Botte de travail <a href=\"https:\/\/autravail.ca\/en\/product-brand\/royer\/\">Royer<\/a> Ventura &#8211; 6020VTAG est un incontournable pour les travailleurs de l&rsquo;industrie lourde et de la construction. Ce mod\u00e8le de 8 pouces se distingue par sa robustesse et son confort, sp\u00e9cifiquement con\u00e7u pour affronter les environnements exigeants. Ce mod\u00e8le est particuli\u00e8rement appr\u00e9ci\u00e9 pour sa membrane imperm\u00e9able, garantissant des pieds au sec sous la pluie ou dans la boue. C&rsquo;est un investissement durable pour ceux qui recherchent l&rsquo;\u00e9quilibre parfait entre protection certifi\u00e9e CSA et ergonomie.<\/p>\n<p><a href=\"https:\/\/autravail.ca\/en\/product-brand\/Keen\/\"><img decoding=\"async\" class=\"alignnone size-full wp-image-40117\" src=\"https:\/\/autravail.ca\/wp-content\/uploads\/2025\/09\/Certification-Omega-Triangle-vert.jpg\" alt=\"Certifications Om\u00e9ga Triangle vert\" width=\"193\" height=\"110\" srcset=\"https:\/\/autravail.ca\/wp-content\/uploads\/2025\/09\/Certification-Omega-Triangle-vert.jpg 193w, https:\/\/autravail.ca\/wp-content\/uploads\/2025\/09\/Certification-Omega-Triangle-vert-150x85.jpg 150w, https:\/\/autravail.ca\/wp-content\/uploads\/2025\/09\/Certification-Omega-Triangle-vert-18x10.jpg 18w\" sizes=\"(max-width: 193px) 100vw, 193px\" \/><\/a><\/p>\n<div class=\"product-information-feature-header\">\n<h6 class=\"mb-4\">Characteristics:<\/h6>\n<\/div>\n<ul>\n<li style=\"list-style-type: none;\">\n<ul class=\"temp-feature-list royer-temp-feature-list\">\n<li>8\" Boots assembled in Canada<\/li>\n<li>Crazy horse leather<\/li>\n<li>PARESHOK external end in ultra-resistant textured TPU<\/li>\n<li>Composite protective tip<\/li>\n<li>Non-metallic antipercoration<\/li>\n<li>Lining of TAIBRELLE<\/li>\n<li>PU interlayer sole made by direct injection<\/li>\n<li>Low density PU cleaning sole for more comfort<\/li>\n<li>Protection against electric shocks<\/li>\n<li>VIBRAM ARCTIC GRIP wear sole for better grip on wet ice<\/li>\n<\/ul>\n<\/li>\n<\/ul>\n<h6>Semelle d&rsquo;usure VIBRAM\u00ae Arctic Grip Pro\u2122<\/h6>\n<p>ARCTIC GRIP PRO\u2122 est la semelle pour temps froid la plus avanc\u00e9e jamais con\u00e7ue par VIBRAM\u00ae. Cette technologie innovante am\u00e9liore les performances sur la glace mouill\u00e9e et s\u00e8che.<\/p>\n<h6>Isolation 3M\u2122 Thinsulate\u2122<\/h6>\n<p>3M\u2122 THINSULATE\u2122 est un isolant compos\u00e9 de fines microfibres qui agissent ensemble pour pi\u00e9ger les mol\u00e9cules d\u2019air chaud. \u00c0 mesure que la chaleur s\u2019accumule dans le corps, THINSULATE\u2122 retient efficacement la chaleur tout en permettant \u00e0 l\u2019humidit\u00e9 de s\u2019\u00e9vaporer.<\/p>\n<p>&nbsp;<\/p>\n<p><img decoding=\"async\" class=\"alignnone wp-image-40620\" src=\"https:\/\/autravail.ca\/wp-content\/uploads\/2025\/09\/Jachete-quebec-et-canada.jpg\" alt=\"Logo de l'achat local\" width=\"162\" height=\"139\" \/>Merci d&rsquo;encourager une entreprise 100% d&rsquo;ici!<\/p>\n<p>TS2602O<\/p>","protected":false},"excerpt":{"rendered":"<p>Botte de travail Royer Ventura &#8211; 6020VTAG La Botte de travail Royer Ventura &#8211; 6020VTAG est un incontournable pour les travailleurs de l&rsquo;industrie lourde et de la construction. Ce mod\u00e8le de 8 pouces se distingue par sa robustesse et son confort, sp\u00e9cifiquement con\u00e7u pour affronter les environnements exigeants. Ce mod\u00e8le est particuli\u00e8rement appr\u00e9ci\u00e9 pour sa [&hellip;]<\/p>","protected":false},"featured_media":12572,"comment_status":"open","ping_status":"closed","template":"","meta":[],"product_cat":[15],"product_tag":[251,252,242,253],"class_list":{"0":"post-29000","1":"product","2":"type-product","3":"status-publish","4":"has-post-thumbnail","6":"product_brand-royer","7":"product_cat-uncategorized","8":"product_tag-bottes-de-travail","9":"product_tag-electric-shock-resistant","10":"product_tag-homme","11":"product_tag-sole-protection","13":"first","14":"instock","15":"taxable","16":"shipping-taxable","17":"purchasable","18":"product-type-variable"},"yoast_head":"<!-- This site is optimized with the Yoast SEO plugin v25.3.1 - https:\/\/yoast.com\/wordpress\/plugins\/seo\/ -->\n<title>Botte de travail Royer Ventura - 6020VTAG - Le Magasin Industriel<\/title>\n<meta name=\"description\" content=\"Botte de travail Royer Ventura - 6020VTAG est un incontournable pour les travailleurs de l&#039;industrie lourde et de la construction.\" \/>\n<meta name=\"robots\" content=\"index, follow, max-snippet:-1, max-image-preview:large, max-video-preview:-1\" \/>\n<link rel=\"canonical\" href=\"https:\/\/autravail.ca\/en\/product\/botte-de-travail-royer-ventura-6020vtag\/\" \/>\n<meta property=\"og:locale\" content=\"en_US\" \/>\n<meta property=\"og:type\" content=\"article\" \/>\n<meta property=\"og:title\" content=\"Botte de travail Royer Ventura - 6020VTAG - Le Magasin Industriel\" \/>\n<meta property=\"og:description\" content=\"Botte de travail Royer Ventura - 6020VTAG est un incontournable pour les travailleurs de l&#039;industrie lourde et de la construction.\" \/>\n<meta property=\"og:url\" content=\"https:\/\/autravail.ca\/en\/product\/botte-de-travail-royer-ventura-6020vtag\/\" \/>\n<meta property=\"og:site_name\" content=\"Le Magasin Industriel\" \/>\n<meta property=\"article:publisher\" content=\"https:\/\/www.facebook.com\/lemagasinindustriel\/?locale=fr_FR\" \/>\n<meta property=\"article:modified_time\" content=\"2026-02-12T20:46:04+00:00\" \/>\n<meta property=\"og:image\" content=\"https:\/\/autravail.ca\/wp-content\/uploads\/2025\/05\/6020VTAG_A01.jpg\" \/>\n\t<meta property=\"og:image:width\" content=\"1000\" \/>\n\t<meta property=\"og:image:height\" content=\"1000\" \/>\n\t<meta property=\"og:image:type\" content=\"image\/jpeg\" \/>\n<meta name=\"twitter:card\" content=\"summary_large_image\" \/>\n<meta name=\"twitter:label1\" content=\"Est. reading time\" \/>\n\t<meta name=\"twitter:data1\" content=\"2 minutes\" \/>\n<script type=\"application\/ld+json\" class=\"yoast-schema-graph\">{\"@context\":\"https:\/\/schema.org\",\"@graph\":[{\"@type\":\"WebPage\",\"@id\":\"https:\/\/autravail.ca\/product\/botte-de-travail-royer-ventura-6020vtag\/\",\"url\":\"https:\/\/autravail.ca\/product\/botte-de-travail-royer-ventura-6020vtag\/\",\"name\":\"Botte de travail Royer Ventura - 6020VTAG - Le Magasin Industriel\",\"isPartOf\":{\"@id\":\"https:\/\/autravail.ca\/#website\"},\"primaryImageOfPage\":{\"@id\":\"https:\/\/autravail.ca\/product\/botte-de-travail-royer-ventura-6020vtag\/#primaryimage\"},\"image\":{\"@id\":\"https:\/\/autravail.ca\/product\/botte-de-travail-royer-ventura-6020vtag\/#primaryimage\"},\"thumbnailUrl\":\"https:\/\/autravail.ca\/wp-content\/uploads\/2025\/05\/6020VTAG_A01.jpg\",\"datePublished\":\"2025-05-08T06:30:29+00:00\",\"dateModified\":\"2026-02-12T20:46:04+00:00\",\"description\":\"Botte de travail Royer Ventura - 6020VTAG est un incontournable pour les travailleurs de l'industrie lourde et de la construction.\",\"breadcrumb\":{\"@id\":\"https:\/\/autravail.ca\/product\/botte-de-travail-royer-ventura-6020vtag\/#breadcrumb\"},\"inLanguage\":\"en-CA\",\"potentialAction\":[{\"@type\":\"ReadAction\",\"target\":[\"https:\/\/autravail.ca\/product\/botte-de-travail-royer-ventura-6020vtag\/\"]}]},{\"@type\":\"ImageObject\",\"inLanguage\":\"en-CA\",\"@id\":\"https:\/\/autravail.ca\/product\/botte-de-travail-royer-ventura-6020vtag\/#primaryimage\",\"url\":\"https:\/\/autravail.ca\/wp-content\/uploads\/2025\/05\/6020VTAG_A01.jpg\",\"contentUrl\":\"https:\/\/autravail.ca\/wp-content\/uploads\/2025\/05\/6020VTAG_A01.jpg\",\"width\":1000,\"height\":1000,\"caption\":\"Botte de travail Royer Ventura - 6020VTAG\"},{\"@type\":\"BreadcrumbList\",\"@id\":\"https:\/\/autravail.ca\/product\/botte-de-travail-royer-ventura-6020vtag\/#breadcrumb\",\"itemListElement\":[{\"@type\":\"ListItem\",\"position\":1,\"name\":\"Accueil\",\"item\":\"https:\/\/autravail.ca\/\"},{\"@type\":\"ListItem\",\"position\":2,\"name\":\"Magasin\",\"item\":\"https:\/\/autravail.ca\/en\/shop\/\"},{\"@type\":\"ListItem\",\"position\":3,\"name\":\"Botte de travail Royer Ventura &#8211; 6020VTAG\"}]},{\"@type\":\"WebSite\",\"@id\":\"https:\/\/autravail.ca\/#website\",\"url\":\"https:\/\/autravail.ca\/\",\"name\":\"Le Magasin Industriel\",\"description\":\"50 ans de tradition de s\u00e9curit\u00e9 au travail\",\"publisher\":{\"@id\":\"https:\/\/autravail.ca\/#organization\"},\"potentialAction\":[{\"@type\":\"SearchAction\",\"target\":{\"@type\":\"EntryPoint\",\"urlTemplate\":\"https:\/\/autravail.ca\/?s={search_term_string}\"},\"query-input\":{\"@type\":\"PropertyValueSpecification\",\"valueRequired\":true,\"valueName\":\"search_term_string\"}}],\"inLanguage\":\"en-CA\"},{\"@type\":\"Organization\",\"@id\":\"https:\/\/autravail.ca\/#organization\",\"name\":\"Le Magasin Industriel\",\"url\":\"https:\/\/autravail.ca\/\",\"logo\":{\"@type\":\"ImageObject\",\"inLanguage\":\"en-CA\",\"@id\":\"https:\/\/autravail.ca\/#\/schema\/logo\/image\/\",\"url\":\"https:\/\/autravail.ca\/wp-content\/uploads\/2025\/05\/cropped-magasin_industriel_120x.avif\",\"contentUrl\":\"https:\/\/autravail.ca\/wp-content\/uploads\/2025\/05\/cropped-magasin_industriel_120x.avif\",\"width\":120,\"height\":24,\"caption\":\"Le Magasin Industriel\"},\"image\":{\"@id\":\"https:\/\/autravail.ca\/#\/schema\/logo\/image\/\"},\"sameAs\":[\"https:\/\/www.facebook.com\/lemagasinindustriel\/?locale=fr_FR\"]}]}<\/script>\n<!-- \/ Yoast SEO plugin. -->","yoast_head_json":{"title":"Botte de travail Royer Ventura - 6020VTAG - Le Magasin Industriel","description":"Botte de travail Royer Ventura - 6020VTAG est un incontournable pour les travailleurs de l'industrie lourde et de la construction.","robots":{"index":"index","follow":"follow","max-snippet":"max-snippet:-1","max-image-preview":"max-image-preview:large","max-video-preview":"max-video-preview:-1"},"canonical":"https:\/\/autravail.ca\/en\/product\/botte-de-travail-royer-ventura-6020vtag\/","og_locale":"en_US","og_type":"article","og_title":"Botte de travail Royer Ventura - 6020VTAG - Le Magasin Industriel","og_description":"Botte de travail Royer Ventura - 6020VTAG est un incontournable pour les travailleurs de l'industrie lourde et de la construction.","og_url":"https:\/\/autravail.ca\/en\/product\/botte-de-travail-royer-ventura-6020vtag\/","og_site_name":"Le Magasin Industriel","article_publisher":"https:\/\/www.facebook.com\/lemagasinindustriel\/?locale=fr_FR","article_modified_time":"2026-02-12T20:46:04+00:00","og_image":[{"width":1000,"height":1000,"url":"https:\/\/autravail.ca\/wp-content\/uploads\/2025\/05\/6020VTAG_A01.jpg","type":"image\/jpeg"}],"twitter_card":"summary_large_image","twitter_misc":{"Est. reading time":"2 minutes"},"schema":{"@context":"https:\/\/schema.org","@graph":[{"@type":"WebPage","@id":"https:\/\/autravail.ca\/product\/botte-de-travail-royer-ventura-6020vtag\/","url":"https:\/\/autravail.ca\/product\/botte-de-travail-royer-ventura-6020vtag\/","name":"Botte de travail Royer Ventura - 6020VTAG - Le Magasin Industriel","isPartOf":{"@id":"https:\/\/autravail.ca\/#website"},"primaryImageOfPage":{"@id":"https:\/\/autravail.ca\/product\/botte-de-travail-royer-ventura-6020vtag\/#primaryimage"},"image":{"@id":"https:\/\/autravail.ca\/product\/botte-de-travail-royer-ventura-6020vtag\/#primaryimage"},"thumbnailUrl":"https:\/\/autravail.ca\/wp-content\/uploads\/2025\/05\/6020VTAG_A01.jpg","datePublished":"2025-05-08T06:30:29+00:00","dateModified":"2026-02-12T20:46:04+00:00","description":"Botte de travail Royer Ventura - 6020VTAG est un incontournable pour les travailleurs de l'industrie lourde et de la construction.","breadcrumb":{"@id":"https:\/\/autravail.ca\/product\/botte-de-travail-royer-ventura-6020vtag\/#breadcrumb"},"inLanguage":"en-CA","potentialAction":[{"@type":"ReadAction","target":["https:\/\/autravail.ca\/product\/botte-de-travail-royer-ventura-6020vtag\/"]}]},{"@type":"ImageObject","inLanguage":"en-CA","@id":"https:\/\/autravail.ca\/product\/botte-de-travail-royer-ventura-6020vtag\/#primaryimage","url":"https:\/\/autravail.ca\/wp-content\/uploads\/2025\/05\/6020VTAG_A01.jpg","contentUrl":"https:\/\/autravail.ca\/wp-content\/uploads\/2025\/05\/6020VTAG_A01.jpg","width":1000,"height":1000,"caption":"Botte de travail Royer Ventura - 6020VTAG"},{"@type":"BreadcrumbList","@id":"https:\/\/autravail.ca\/product\/botte-de-travail-royer-ventura-6020vtag\/#breadcrumb","itemListElement":[{"@type":"ListItem","position":1,"name":"Accueil","item":"https:\/\/autravail.ca\/"},{"@type":"ListItem","position":2,"name":"Magasin","item":"https:\/\/autravail.ca\/en\/shop\/"},{"@type":"ListItem","position":3,"name":"Botte de travail Royer Ventura &#8211; 6020VTAG"}]},{"@type":"WebSite","@id":"https:\/\/autravail.ca\/#website","url":"https:\/\/autravail.ca\/","name":"Le Magasin Industriel","description":"50 ans de tradition de s\u00e9curit\u00e9 au travail","publisher":{"@id":"https:\/\/autravail.ca\/#organization"},"potentialAction":[{"@type":"SearchAction","target":{"@type":"EntryPoint","urlTemplate":"https:\/\/autravail.ca\/?s={search_term_string}"},"query-input":{"@type":"PropertyValueSpecification","valueRequired":true,"valueName":"search_term_string"}}],"inLanguage":"en-CA"},{"@type":"Organization","@id":"https:\/\/autravail.ca\/#organization","name":"Le Magasin Industriel","url":"https:\/\/autravail.ca\/","logo":{"@type":"ImageObject","inLanguage":"en-CA","@id":"https:\/\/autravail.ca\/#\/schema\/logo\/image\/","url":"https:\/\/autravail.ca\/wp-content\/uploads\/2025\/05\/cropped-magasin_industriel_120x.avif","contentUrl":"https:\/\/autravail.ca\/wp-content\/uploads\/2025\/05\/cropped-magasin_industriel_120x.avif","width":120,"height":24,"caption":"Le Magasin Industriel"},"image":{"@id":"https:\/\/autravail.ca\/#\/schema\/logo\/image\/"},"sameAs":["https:\/\/www.facebook.com\/lemagasinindustriel\/?locale=fr_FR"]}]}},"jetpack_sharing_enabled":true,"_links":{"self":[{"href":"https:\/\/autravail.ca\/en\/wp-json\/wp\/v2\/product\/29000","targetHints":{"allow":["GET"]}}],"collection":[{"href":"https:\/\/autravail.ca\/en\/wp-json\/wp\/v2\/product"}],"about":[{"href":"https:\/\/autravail.ca\/en\/wp-json\/wp\/v2\/types\/product"}],"replies":[{"embeddable":true,"href":"https:\/\/autravail.ca\/en\/wp-json\/wp\/v2\/comments?post=29000"}],"wp:featuredmedia":[{"embeddable":true,"href":"https:\/\/autravail.ca\/en\/wp-json\/wp\/v2\/media\/12572"}],"wp:attachment":[{"href":"https:\/\/autravail.ca\/en\/wp-json\/wp\/v2\/media?parent=29000"}],"wp:term":[{"taxonomy":"product_cat","embeddable":true,"href":"https:\/\/autravail.ca\/en\/wp-json\/wp\/v2\/product_cat?post=29000"},{"taxonomy":"product_tag","embeddable":true,"href":"https:\/\/autravail.ca\/en\/wp-json\/wp\/v2\/product_tag?post=29000"}],"curies":[{"name":"wp","href":"https:\/\/api.w.org\/{rel}","templated":true}]}}