{"id":28970,"date":"2025-05-08T06:30:16","date_gmt":"2025-05-08T06:30:16","guid":{"rendered":"https:\/\/meteoquebec.ca\/?post_type=product&#038;p=28970"},"modified":"2026-03-09T17:01:18","modified_gmt":"2026-03-09T21:01:18","slug":"soulier-de-travail-royer-inspades-601sp","status":"publish","type":"product","link":"https:\/\/autravail.ca\/en\/product\/soulier-de-travail-royer-inspades-601sp\/","title":{"rendered":"Soulier de travail Royer Inspades- 601SP"},"content":{"rendered":"<h3>Soulier de travail Royer Inspades- 601SP<\/h3>\n<p>Pens\u00e9s pour les travailleurs exigeants, le Soulier de travail Royer Inspades- 601SP de <a href=\"https:\/\/autravail.ca\/en\/product-brand\/royer\/\">Royer<\/a> incarne l\u2019alliance parfaite entre durabilit\u00e9, protection et confort. Fabriqu\u00e9s en cuir pleine fleur de haute qualit\u00e9, ils sont dot\u00e9s d\u2019un embout de protection en aluminium et d\u2019un embout ext\u00e9rieur TECTUFF r\u00e9sistant \u00e0 l\u2019abrasion, assurant une d\u00e9fense optimale contre les chocs et l\u2019usure. Leur conception int\u00e8gre une semelle antiperforation non m\u00e9tallique, une semelle d\u2019usure en caoutchouc antid\u00e9rapante et r\u00e9sistante aux huiles, ainsi qu\u2019une semelle intercalaire ultra-coussin\u00e9e en PU basse densit\u00e9. Ces caract\u00e9ristiques garantissent une stabilit\u00e9 accrue et un confort prolong\u00e9, m\u00eame lors de longues journ\u00e9es sur le terrain. Leur doublure tiss\u00e9e et leur semelle de propret\u00e9 trait\u00e9es antimicrobiens assurent une hygi\u00e8ne durable.<\/p>\n<p>Avec leur design sobre et leur performance \u00e9prouv\u00e9e, les souliers 601SP sont un choix de confiance pour les professionnels qui recherchent fiabilit\u00e9, s\u00e9curit\u00e9 et confort sans compromis. Leur conception l\u00e9g\u00e8re r\u00e9duit la fatigue au fil des heures, tandis que la semelle intercalaire en polyur\u00e9thane absorbe efficacement les chocs \u00e0 chaque pas. Cette combinaison permet de soulager les articulations et de rendre les longues journ\u00e9es de travail nettement plus supportables, m\u00eame sur des surfaces dures ou irr\u00e9guli\u00e8res.<\/p>\n<p><img decoding=\"async\" class=\"alignnone size-full wp-image-40117\" src=\"https:\/\/autravail.ca\/wp-content\/uploads\/2025\/09\/Certification-Omega-Triangle-vert.jpg\" alt=\"Certifications Om\u00e9ga Triangle vert\" width=\"193\" height=\"110\" srcset=\"https:\/\/autravail.ca\/wp-content\/uploads\/2025\/09\/Certification-Omega-Triangle-vert.jpg 193w, https:\/\/autravail.ca\/wp-content\/uploads\/2025\/09\/Certification-Omega-Triangle-vert-150x85.jpg 150w, https:\/\/autravail.ca\/wp-content\/uploads\/2025\/09\/Certification-Omega-Triangle-vert-18x10.jpg 18w\" sizes=\"(max-width: 193px) 100vw, 193px\" \/><\/p>\n<h4>Characteristics:<\/h4>\n<ul class=\"temp-feature-list royer-temp-feature-list\">\n<li>Non-metallic antipercoration<\/li>\n<li>Protection against electric shocks<\/li>\n<li>Laced Shoe with 5 Eyelets<\/li>\n<li>Full-grain leather<\/li>\n<li>Aluminum protection cap<\/li>\n<li>Embout exterieur TECTUFF r\u00e9sistant \u00e0 l&rsquo;abrasion<\/li>\n<li>Triple stitches for more durability<\/li>\n<li>Rigid reinforcement offering increased stability<\/li>\n<li>Semelle intercalaire ultra-coussin\u00e9e en PU basse densit\u00e9<\/li>\n<li>Semelle d&rsquo;usure en caoutchouc r\u00e9sistant aux glissements et aux huiles<\/li>\n<li>Woven lining with antibacterial treatment<\/li>\n<li>Sole with Low-Density PU Cleanliness and Antimicrobial Treatment<\/li>\n<\/ul>\n<p><em><span style=\"color: #fa0b0b;\">Unisex U.S. men's sizes presented. To convert to U.S. women's size, add 2 sizes. Example: 5 U.S. men = 7 U.S. women<\/span><\/em><\/p>\n<p><img decoding=\"async\" class=\"alignnone wp-image-40620\" src=\"https:\/\/autravail.ca\/wp-content\/uploads\/2025\/09\/Jachete-quebec-et-canada.jpg\" alt=\"Logo de l'achat local\" width=\"162\" height=\"139\" \/>Merci d&rsquo;encourager une entreprise 100% d&rsquo;ici!<\/p>\n<p>TS2511S<\/p>","protected":false},"excerpt":{"rendered":"<p>Vid\u00e9o de pr\u00e9sentation du produit au Magasin Industriel:<\/p>\n<p>https:\/\/youtu.be\/Xawes2FVB1I<\/p>\n<p>&nbsp;<\/p>\n<p>&nbsp;<\/p>","protected":false},"featured_media":12533,"comment_status":"open","ping_status":"closed","template":"","meta":[],"product_cat":[633,602,637,619,617],"product_tag":[252,263,255,242,253,257,274],"class_list":{"0":"post-28970","1":"product","2":"type-product","3":"status-publish","4":"has-post-thumbnail","6":"product_brand-inspades-2","7":"product_brand-royer","8":"product_cat-femmes","9":"product_cat-hommes","10":"product_cat-nos-modeles-populaires","11":"product_cat-souliers-de-travail","12":"product_cat-souliers-de-travail-femme","13":"product_tag-electric-shock-resistant","14":"product_tag-en-solde","15":"product_tag-femme","16":"product_tag-homme","17":"product_tag-sole-protection","18":"product_tag-souliers-de-travail","19":"product_tag-vedette","21":"first","22":"instock","23":"sale","24":"taxable","25":"shipping-taxable","26":"purchasable","27":"product-type-variable"},"yoast_head":"<!-- This site is optimized with the Yoast SEO plugin v25.3.1 - https:\/\/yoast.com\/wordpress\/plugins\/seo\/ -->\n<title>Soulier de travail Royer Inspades- 601SP - Le Magasin Industriel<\/title>\n<meta name=\"description\" content=\"Soulier de travail Royer Inspades- 601SP de Royerpour homme et femme, tout cuir avec semelle int\u00e9rieure confortable et semelle d&#039;usure antid\u00e9rapante.\" \/>\n<meta name=\"robots\" content=\"index, follow, max-snippet:-1, max-image-preview:large, max-video-preview:-1\" \/>\n<link rel=\"canonical\" href=\"https:\/\/autravail.ca\/en\/product\/soulier-de-travail-royer-inspades-601sp\/\" \/>\n<meta property=\"og:locale\" content=\"en_US\" \/>\n<meta property=\"og:type\" content=\"article\" \/>\n<meta property=\"og:title\" content=\"Soulier de travail Royer Inspades- 601SP - Le Magasin Industriel\" \/>\n<meta property=\"og:description\" content=\"Soulier de travail Royer Inspades- 601SP de Royerpour homme et femme, tout cuir avec semelle int\u00e9rieure confortable et semelle d&#039;usure antid\u00e9rapante.\" \/>\n<meta property=\"og:url\" content=\"https:\/\/autravail.ca\/en\/product\/soulier-de-travail-royer-inspades-601sp\/\" \/>\n<meta property=\"og:site_name\" content=\"Le Magasin Industriel\" \/>\n<meta property=\"article:publisher\" content=\"https:\/\/www.facebook.com\/lemagasinindustriel\/?locale=fr_FR\" \/>\n<meta property=\"article:modified_time\" content=\"2026-03-09T21:01:18+00:00\" \/>\n<meta property=\"og:image\" content=\"https:\/\/autravail.ca\/wp-content\/uploads\/2025\/05\/601SP2_A01.jpg\" \/>\n\t<meta property=\"og:image:width\" content=\"1000\" \/>\n\t<meta property=\"og:image:height\" content=\"1000\" \/>\n\t<meta property=\"og:image:type\" content=\"image\/jpeg\" \/>\n<meta name=\"twitter:card\" content=\"summary_large_image\" \/>\n<meta name=\"twitter:label1\" content=\"Est. reading time\" \/>\n\t<meta name=\"twitter:data1\" content=\"3 minutes\" \/>\n<script type=\"application\/ld+json\" class=\"yoast-schema-graph\">{\"@context\":\"https:\/\/schema.org\",\"@graph\":[{\"@type\":\"WebPage\",\"@id\":\"https:\/\/autravail.ca\/product\/soulier-de-travail-royer-inspades-601sp\/\",\"url\":\"https:\/\/autravail.ca\/product\/soulier-de-travail-royer-inspades-601sp\/\",\"name\":\"Soulier de travail Royer Inspades- 601SP - Le Magasin Industriel\",\"isPartOf\":{\"@id\":\"https:\/\/autravail.ca\/#website\"},\"primaryImageOfPage\":{\"@id\":\"https:\/\/autravail.ca\/product\/soulier-de-travail-royer-inspades-601sp\/#primaryimage\"},\"image\":{\"@id\":\"https:\/\/autravail.ca\/product\/soulier-de-travail-royer-inspades-601sp\/#primaryimage\"},\"thumbnailUrl\":\"https:\/\/autravail.ca\/wp-content\/uploads\/2025\/05\/601SP2_A01.jpg\",\"datePublished\":\"2025-05-08T06:30:16+00:00\",\"dateModified\":\"2026-03-09T21:01:18+00:00\",\"description\":\"Soulier de travail Royer Inspades- 601SP de Royerpour homme et femme, tout cuir avec semelle int\u00e9rieure confortable et semelle d'usure antid\u00e9rapante.\",\"breadcrumb\":{\"@id\":\"https:\/\/autravail.ca\/product\/soulier-de-travail-royer-inspades-601sp\/#breadcrumb\"},\"inLanguage\":\"en-CA\",\"potentialAction\":[{\"@type\":\"ReadAction\",\"target\":[\"https:\/\/autravail.ca\/product\/soulier-de-travail-royer-inspades-601sp\/\"]}]},{\"@type\":\"ImageObject\",\"inLanguage\":\"en-CA\",\"@id\":\"https:\/\/autravail.ca\/product\/soulier-de-travail-royer-inspades-601sp\/#primaryimage\",\"url\":\"https:\/\/autravail.ca\/wp-content\/uploads\/2025\/05\/601SP2_A01.jpg\",\"contentUrl\":\"https:\/\/autravail.ca\/wp-content\/uploads\/2025\/05\/601SP2_A01.jpg\",\"width\":1000,\"height\":1000,\"caption\":\"Soulier de travail Royer Inspades- 601SP\"},{\"@type\":\"BreadcrumbList\",\"@id\":\"https:\/\/autravail.ca\/product\/soulier-de-travail-royer-inspades-601sp\/#breadcrumb\",\"itemListElement\":[{\"@type\":\"ListItem\",\"position\":1,\"name\":\"Accueil\",\"item\":\"https:\/\/autravail.ca\/\"},{\"@type\":\"ListItem\",\"position\":2,\"name\":\"Magasin\",\"item\":\"https:\/\/autravail.ca\/en\/shop\/\"},{\"@type\":\"ListItem\",\"position\":3,\"name\":\"Soulier de travail Royer Inspades- 601SP\"}]},{\"@type\":\"WebSite\",\"@id\":\"https:\/\/autravail.ca\/#website\",\"url\":\"https:\/\/autravail.ca\/\",\"name\":\"Le Magasin Industriel\",\"description\":\"50 ans de tradition de s\u00e9curit\u00e9 au travail\",\"publisher\":{\"@id\":\"https:\/\/autravail.ca\/#organization\"},\"potentialAction\":[{\"@type\":\"SearchAction\",\"target\":{\"@type\":\"EntryPoint\",\"urlTemplate\":\"https:\/\/autravail.ca\/?s={search_term_string}\"},\"query-input\":{\"@type\":\"PropertyValueSpecification\",\"valueRequired\":true,\"valueName\":\"search_term_string\"}}],\"inLanguage\":\"en-CA\"},{\"@type\":\"Organization\",\"@id\":\"https:\/\/autravail.ca\/#organization\",\"name\":\"Le Magasin Industriel\",\"url\":\"https:\/\/autravail.ca\/\",\"logo\":{\"@type\":\"ImageObject\",\"inLanguage\":\"en-CA\",\"@id\":\"https:\/\/autravail.ca\/#\/schema\/logo\/image\/\",\"url\":\"https:\/\/autravail.ca\/wp-content\/uploads\/2025\/05\/cropped-magasin_industriel_120x.avif\",\"contentUrl\":\"https:\/\/autravail.ca\/wp-content\/uploads\/2025\/05\/cropped-magasin_industriel_120x.avif\",\"width\":120,\"height\":24,\"caption\":\"Le Magasin Industriel\"},\"image\":{\"@id\":\"https:\/\/autravail.ca\/#\/schema\/logo\/image\/\"},\"sameAs\":[\"https:\/\/www.facebook.com\/lemagasinindustriel\/?locale=fr_FR\"]}]}<\/script>\n<!-- \/ Yoast SEO plugin. -->","yoast_head_json":{"title":"Soulier de travail Royer Inspades- 601SP - Le Magasin Industriel","description":"Soulier de travail Royer Inspades- 601SP de Royerpour homme et femme, tout cuir avec semelle int\u00e9rieure confortable et semelle d'usure antid\u00e9rapante.","robots":{"index":"index","follow":"follow","max-snippet":"max-snippet:-1","max-image-preview":"max-image-preview:large","max-video-preview":"max-video-preview:-1"},"canonical":"https:\/\/autravail.ca\/en\/product\/soulier-de-travail-royer-inspades-601sp\/","og_locale":"en_US","og_type":"article","og_title":"Soulier de travail Royer Inspades- 601SP - Le Magasin Industriel","og_description":"Soulier de travail Royer Inspades- 601SP de Royerpour homme et femme, tout cuir avec semelle int\u00e9rieure confortable et semelle d'usure antid\u00e9rapante.","og_url":"https:\/\/autravail.ca\/en\/product\/soulier-de-travail-royer-inspades-601sp\/","og_site_name":"Le Magasin Industriel","article_publisher":"https:\/\/www.facebook.com\/lemagasinindustriel\/?locale=fr_FR","article_modified_time":"2026-03-09T21:01:18+00:00","og_image":[{"width":1000,"height":1000,"url":"https:\/\/autravail.ca\/wp-content\/uploads\/2025\/05\/601SP2_A01.jpg","type":"image\/jpeg"}],"twitter_card":"summary_large_image","twitter_misc":{"Est. reading time":"3 minutes"},"schema":{"@context":"https:\/\/schema.org","@graph":[{"@type":"WebPage","@id":"https:\/\/autravail.ca\/product\/soulier-de-travail-royer-inspades-601sp\/","url":"https:\/\/autravail.ca\/product\/soulier-de-travail-royer-inspades-601sp\/","name":"Soulier de travail Royer Inspades- 601SP - Le Magasin Industriel","isPartOf":{"@id":"https:\/\/autravail.ca\/#website"},"primaryImageOfPage":{"@id":"https:\/\/autravail.ca\/product\/soulier-de-travail-royer-inspades-601sp\/#primaryimage"},"image":{"@id":"https:\/\/autravail.ca\/product\/soulier-de-travail-royer-inspades-601sp\/#primaryimage"},"thumbnailUrl":"https:\/\/autravail.ca\/wp-content\/uploads\/2025\/05\/601SP2_A01.jpg","datePublished":"2025-05-08T06:30:16+00:00","dateModified":"2026-03-09T21:01:18+00:00","description":"Soulier de travail Royer Inspades- 601SP de Royerpour homme et femme, tout cuir avec semelle int\u00e9rieure confortable et semelle d'usure antid\u00e9rapante.","breadcrumb":{"@id":"https:\/\/autravail.ca\/product\/soulier-de-travail-royer-inspades-601sp\/#breadcrumb"},"inLanguage":"en-CA","potentialAction":[{"@type":"ReadAction","target":["https:\/\/autravail.ca\/product\/soulier-de-travail-royer-inspades-601sp\/"]}]},{"@type":"ImageObject","inLanguage":"en-CA","@id":"https:\/\/autravail.ca\/product\/soulier-de-travail-royer-inspades-601sp\/#primaryimage","url":"https:\/\/autravail.ca\/wp-content\/uploads\/2025\/05\/601SP2_A01.jpg","contentUrl":"https:\/\/autravail.ca\/wp-content\/uploads\/2025\/05\/601SP2_A01.jpg","width":1000,"height":1000,"caption":"Soulier de travail Royer Inspades- 601SP"},{"@type":"BreadcrumbList","@id":"https:\/\/autravail.ca\/product\/soulier-de-travail-royer-inspades-601sp\/#breadcrumb","itemListElement":[{"@type":"ListItem","position":1,"name":"Accueil","item":"https:\/\/autravail.ca\/"},{"@type":"ListItem","position":2,"name":"Magasin","item":"https:\/\/autravail.ca\/en\/shop\/"},{"@type":"ListItem","position":3,"name":"Soulier de travail Royer Inspades- 601SP"}]},{"@type":"WebSite","@id":"https:\/\/autravail.ca\/#website","url":"https:\/\/autravail.ca\/","name":"Le Magasin Industriel","description":"50 ans de tradition de s\u00e9curit\u00e9 au travail","publisher":{"@id":"https:\/\/autravail.ca\/#organization"},"potentialAction":[{"@type":"SearchAction","target":{"@type":"EntryPoint","urlTemplate":"https:\/\/autravail.ca\/?s={search_term_string}"},"query-input":{"@type":"PropertyValueSpecification","valueRequired":true,"valueName":"search_term_string"}}],"inLanguage":"en-CA"},{"@type":"Organization","@id":"https:\/\/autravail.ca\/#organization","name":"Le Magasin Industriel","url":"https:\/\/autravail.ca\/","logo":{"@type":"ImageObject","inLanguage":"en-CA","@id":"https:\/\/autravail.ca\/#\/schema\/logo\/image\/","url":"https:\/\/autravail.ca\/wp-content\/uploads\/2025\/05\/cropped-magasin_industriel_120x.avif","contentUrl":"https:\/\/autravail.ca\/wp-content\/uploads\/2025\/05\/cropped-magasin_industriel_120x.avif","width":120,"height":24,"caption":"Le Magasin Industriel"},"image":{"@id":"https:\/\/autravail.ca\/#\/schema\/logo\/image\/"},"sameAs":["https:\/\/www.facebook.com\/lemagasinindustriel\/?locale=fr_FR"]}]}},"jetpack_sharing_enabled":true,"_links":{"self":[{"href":"https:\/\/autravail.ca\/en\/wp-json\/wp\/v2\/product\/28970","targetHints":{"allow":["GET"]}}],"collection":[{"href":"https:\/\/autravail.ca\/en\/wp-json\/wp\/v2\/product"}],"about":[{"href":"https:\/\/autravail.ca\/en\/wp-json\/wp\/v2\/types\/product"}],"replies":[{"embeddable":true,"href":"https:\/\/autravail.ca\/en\/wp-json\/wp\/v2\/comments?post=28970"}],"wp:featuredmedia":[{"embeddable":true,"href":"https:\/\/autravail.ca\/en\/wp-json\/wp\/v2\/media\/12533"}],"wp:attachment":[{"href":"https:\/\/autravail.ca\/en\/wp-json\/wp\/v2\/media?parent=28970"}],"wp:term":[{"taxonomy":"product_cat","embeddable":true,"href":"https:\/\/autravail.ca\/en\/wp-json\/wp\/v2\/product_cat?post=28970"},{"taxonomy":"product_tag","embeddable":true,"href":"https:\/\/autravail.ca\/en\/wp-json\/wp\/v2\/product_tag?post=28970"}],"curies":[{"name":"wp","href":"https:\/\/api.w.org\/{rel}","templated":true}]}}