{"id":28941,"date":"2025-05-08T06:30:07","date_gmt":"2025-05-08T06:30:07","guid":{"rendered":"https:\/\/meteoquebec.ca\/?post_type=product&#038;p=28941"},"modified":"2026-03-14T14:14:56","modified_gmt":"2026-03-14T18:14:56","slug":"botte-de-travail-royer-ventura-6010vt","status":"publish","type":"product","link":"https:\/\/autravail.ca\/en\/product\/botte-de-travail-royer-ventura-6010vt\/","title":{"rendered":"Botte de travail Royer Ventura &#8211; 6010VT"},"content":{"rendered":"<h3>Botte de travail Royer Ventura &#8211; 6010VT<\/h3>\n<p>La Botte de travail <a href=\"https:\/\/autravail.ca\/en\/product-brand\/royer\/\">Royer<\/a> Ventura &#8211; 6010VT offre une protection solide pour les environnements exigeants. Elle combine une conception robuste et un confort durable pour soutenir les longues journ\u00e9es. Sa semelle r\u00e9sistante am\u00e9liore l\u2019adh\u00e9rence sur diverses surfaces et r\u00e9duit les risques de glissement. La tige en cuir pleine fleur renforce la durabilit\u00e9 et prot\u00e8ge efficacement le pied. Le bout protecteur en composite assure une s\u00e9curit\u00e9 accrue sans alourdir la botte. L\u2019amorti interne r\u00e9duit la fatigue et soutient chaque mouvement. La membrane imperm\u00e9able garde les pieds au sec dans les conditions difficiles. La botte r\u00e9siste bien aux chocs et aux impacts fr\u00e9quents sur les chantiers. Elle maintient une bonne stabilit\u00e9 m\u00eame lors de t\u00e2ches exigeantes. Le design ergonomique favorise une posture plus naturelle. La botte s\u2019adresse aux travailleurs qui recherchent performance, confort et fiabilit\u00e9 au quotidien.<\/p>\n<p><img decoding=\"async\" class=\"alignnone size-full wp-image-40117\" src=\"https:\/\/autravail.ca\/wp-content\/uploads\/2025\/09\/Certification-Omega-Triangle-vert.jpg\" alt=\"Certifications Om\u00e9ga Triangle vert\" width=\"193\" height=\"110\" srcset=\"https:\/\/autravail.ca\/wp-content\/uploads\/2025\/09\/Certification-Omega-Triangle-vert.jpg 193w, https:\/\/autravail.ca\/wp-content\/uploads\/2025\/09\/Certification-Omega-Triangle-vert-150x85.jpg 150w, https:\/\/autravail.ca\/wp-content\/uploads\/2025\/09\/Certification-Omega-Triangle-vert-18x10.jpg 18w\" sizes=\"(max-width: 193px) 100vw, 193px\" \/><\/p>\n<h6>Characteristics:<\/h6>\n<ul class=\"temp-feature-list royer-temp-feature-list\">\n<li>8\" Boots assembled in Canada<\/li>\n<li>Insulated Pipe with THINSULATE 200g<\/li>\n<li>Exterior Patch PARESHOK in ultra-durable TPU<\/li>\n<li>Non-metallic antipercoration<\/li>\n<li>Worn-out oil resistant rubber sole<\/li>\n<li>Lining of TAIBRELLE<\/li>\n<li>PU interlayer sole made by direct injection<\/li>\n<li>Low density PU cleaning sole for more comfort<\/li>\n<li>Protection against electric shocks<\/li>\n<li>Cuir de type \u00ab Nubuck \u00bb<\/li>\n<\/ul>\n<h6>Isolation 3M\u2122 Thinsulate\u2122<\/h6>\n<p>3M\u2122 THINSULATE\u2122 est un isolant compos\u00e9 de fines microfibres qui agissent ensemble pour pi\u00e9ger les mol\u00e9cules d\u2019air chaud. \u00c0 mesure que la chaleur s\u2019accumule dans le corps, THINSULATE\u2122 retient efficacement la chaleur tout en permettant \u00e0 l\u2019humidit\u00e9 de s\u2019\u00e9vaporer.<\/p>\n<h6>Coquille protectrice PARESHOK\u2122<\/h6>\n<p>Coquille protectrice en TPU ou caoutchouc dense positionn\u00e9e \u00e0 l\u2019avant de la botte, par-dessus le cuir et l\u2019embout de protection, afin d\u2019augmenter significativement la r\u00e9sistance du bout contre l\u2019usure et, de ce fait, la dur\u00e9e de vie utile de la botte.<\/p>\n<p>&nbsp;<\/p>\n<p><img decoding=\"async\" class=\"alignnone wp-image-40620\" src=\"https:\/\/autravail.ca\/wp-content\/uploads\/2025\/09\/Jachete-quebec-et-canada.jpg\" alt=\"Logo de l'achat local\" width=\"162\" height=\"139\" \/>Merci d&rsquo;encourager une entreprise 100% d&rsquo;ici!<\/p>\n<p>TS2602O<\/p>","protected":false},"excerpt":{"rendered":"<p>Botte de travail Royer Ventura &#8211; 6010VT La Botte de travail Royer Ventura &#8211; 6010VT offre une protection solide pour les environnements exigeants. Elle combine une conception robuste et un confort durable pour soutenir les longues journ\u00e9es. Sa semelle r\u00e9sistante am\u00e9liore l\u2019adh\u00e9rence sur diverses surfaces et r\u00e9duit les risques de glissement. La tige en cuir [&hellip;]<\/p>","protected":false},"featured_media":12500,"comment_status":"open","ping_status":"closed","template":"","meta":[],"product_cat":[613,805,602,637],"product_tag":[251,252,242,278,253],"class_list":{"0":"post-28941","1":"product","2":"type-product","3":"status-publish","4":"has-post-thumbnail","6":"product_brand-royer","7":"product_cat-bottes-de-travail","8":"product_cat-bottes-de-travail-homme","9":"product_cat-hommes","10":"product_cat-nos-modeles-populaires","11":"product_tag-bottes-de-travail","12":"product_tag-electric-shock-resistant","13":"product_tag-homme","14":"product_tag-populaire","15":"product_tag-sole-protection","17":"first","18":"instock","19":"taxable","20":"shipping-taxable","21":"purchasable","22":"product-type-variable"},"yoast_head":"<!-- This site is optimized with the Yoast SEO plugin v25.3.1 - https:\/\/yoast.com\/wordpress\/plugins\/seo\/ -->\n<title>Botte de travail Royer Ventura - 6010VT - Le Magasin Industriel<\/title>\n<meta name=\"description\" content=\"Botte de travail Royer Ventura - 6010VT Elle combine une conception robuste et un confort durable pour soutenir les longues journ\u00e9es.\" \/>\n<meta name=\"robots\" content=\"index, follow, max-snippet:-1, max-image-preview:large, max-video-preview:-1\" \/>\n<link rel=\"canonical\" href=\"https:\/\/autravail.ca\/en\/product\/botte-de-travail-royer-ventura-6010vt\/\" \/>\n<meta property=\"og:locale\" content=\"en_US\" \/>\n<meta property=\"og:type\" content=\"article\" \/>\n<meta property=\"og:title\" content=\"Botte de travail Royer Ventura - 6010VT - Le Magasin Industriel\" \/>\n<meta property=\"og:description\" content=\"Botte de travail Royer Ventura - 6010VT Elle combine une conception robuste et un confort durable pour soutenir les longues journ\u00e9es.\" \/>\n<meta property=\"og:url\" content=\"https:\/\/autravail.ca\/en\/product\/botte-de-travail-royer-ventura-6010vt\/\" \/>\n<meta property=\"og:site_name\" content=\"Le Magasin Industriel\" \/>\n<meta property=\"article:publisher\" content=\"https:\/\/www.facebook.com\/lemagasinindustriel\/?locale=fr_FR\" \/>\n<meta property=\"article:modified_time\" content=\"2026-03-14T18:14:56+00:00\" \/>\n<meta property=\"og:image\" content=\"https:\/\/autravail.ca\/wp-content\/uploads\/2025\/05\/6010VT_A01.jpg\" \/>\n\t<meta property=\"og:image:width\" content=\"1000\" \/>\n\t<meta property=\"og:image:height\" content=\"1000\" \/>\n\t<meta property=\"og:image:type\" content=\"image\/jpeg\" \/>\n<meta name=\"twitter:card\" content=\"summary_large_image\" \/>\n<meta name=\"twitter:label1\" content=\"Est. reading time\" \/>\n\t<meta name=\"twitter:data1\" content=\"3 minutes\" \/>\n<script type=\"application\/ld+json\" class=\"yoast-schema-graph\">{\"@context\":\"https:\/\/schema.org\",\"@graph\":[{\"@type\":\"WebPage\",\"@id\":\"https:\/\/autravail.ca\/product\/botte-de-travail-royer-ventura-6010vt\/\",\"url\":\"https:\/\/autravail.ca\/product\/botte-de-travail-royer-ventura-6010vt\/\",\"name\":\"Botte de travail Royer Ventura - 6010VT - Le Magasin Industriel\",\"isPartOf\":{\"@id\":\"https:\/\/autravail.ca\/#website\"},\"primaryImageOfPage\":{\"@id\":\"https:\/\/autravail.ca\/product\/botte-de-travail-royer-ventura-6010vt\/#primaryimage\"},\"image\":{\"@id\":\"https:\/\/autravail.ca\/product\/botte-de-travail-royer-ventura-6010vt\/#primaryimage\"},\"thumbnailUrl\":\"https:\/\/autravail.ca\/wp-content\/uploads\/2025\/05\/6010VT_A01.jpg\",\"datePublished\":\"2025-05-08T06:30:07+00:00\",\"dateModified\":\"2026-03-14T18:14:56+00:00\",\"description\":\"Botte de travail Royer Ventura - 6010VT Elle combine une conception robuste et un confort durable pour soutenir les longues journ\u00e9es.\",\"breadcrumb\":{\"@id\":\"https:\/\/autravail.ca\/product\/botte-de-travail-royer-ventura-6010vt\/#breadcrumb\"},\"inLanguage\":\"en-CA\",\"potentialAction\":[{\"@type\":\"ReadAction\",\"target\":[\"https:\/\/autravail.ca\/product\/botte-de-travail-royer-ventura-6010vt\/\"]}]},{\"@type\":\"ImageObject\",\"inLanguage\":\"en-CA\",\"@id\":\"https:\/\/autravail.ca\/product\/botte-de-travail-royer-ventura-6010vt\/#primaryimage\",\"url\":\"https:\/\/autravail.ca\/wp-content\/uploads\/2025\/05\/6010VT_A01.jpg\",\"contentUrl\":\"https:\/\/autravail.ca\/wp-content\/uploads\/2025\/05\/6010VT_A01.jpg\",\"width\":1000,\"height\":1000,\"caption\":\"Botte de travail Royer Ventura - 6010VT\"},{\"@type\":\"BreadcrumbList\",\"@id\":\"https:\/\/autravail.ca\/product\/botte-de-travail-royer-ventura-6010vt\/#breadcrumb\",\"itemListElement\":[{\"@type\":\"ListItem\",\"position\":1,\"name\":\"Accueil\",\"item\":\"https:\/\/autravail.ca\/\"},{\"@type\":\"ListItem\",\"position\":2,\"name\":\"Magasin\",\"item\":\"https:\/\/autravail.ca\/en\/shop\/\"},{\"@type\":\"ListItem\",\"position\":3,\"name\":\"Botte de travail Royer Ventura &#8211; 6010VT\"}]},{\"@type\":\"WebSite\",\"@id\":\"https:\/\/autravail.ca\/#website\",\"url\":\"https:\/\/autravail.ca\/\",\"name\":\"Le Magasin Industriel\",\"description\":\"50 ans de tradition de s\u00e9curit\u00e9 au travail\",\"publisher\":{\"@id\":\"https:\/\/autravail.ca\/#organization\"},\"potentialAction\":[{\"@type\":\"SearchAction\",\"target\":{\"@type\":\"EntryPoint\",\"urlTemplate\":\"https:\/\/autravail.ca\/?s={search_term_string}\"},\"query-input\":{\"@type\":\"PropertyValueSpecification\",\"valueRequired\":true,\"valueName\":\"search_term_string\"}}],\"inLanguage\":\"en-CA\"},{\"@type\":\"Organization\",\"@id\":\"https:\/\/autravail.ca\/#organization\",\"name\":\"Le Magasin Industriel\",\"url\":\"https:\/\/autravail.ca\/\",\"logo\":{\"@type\":\"ImageObject\",\"inLanguage\":\"en-CA\",\"@id\":\"https:\/\/autravail.ca\/#\/schema\/logo\/image\/\",\"url\":\"https:\/\/autravail.ca\/wp-content\/uploads\/2025\/05\/cropped-magasin_industriel_120x.avif\",\"contentUrl\":\"https:\/\/autravail.ca\/wp-content\/uploads\/2025\/05\/cropped-magasin_industriel_120x.avif\",\"width\":120,\"height\":24,\"caption\":\"Le Magasin Industriel\"},\"image\":{\"@id\":\"https:\/\/autravail.ca\/#\/schema\/logo\/image\/\"},\"sameAs\":[\"https:\/\/www.facebook.com\/lemagasinindustriel\/?locale=fr_FR\"]}]}<\/script>\n<!-- \/ Yoast SEO plugin. -->","yoast_head_json":{"title":"Botte de travail Royer Ventura - 6010VT - Le Magasin Industriel","description":"Botte de travail Royer Ventura - 6010VT Elle combine une conception robuste et un confort durable pour soutenir les longues journ\u00e9es.","robots":{"index":"index","follow":"follow","max-snippet":"max-snippet:-1","max-image-preview":"max-image-preview:large","max-video-preview":"max-video-preview:-1"},"canonical":"https:\/\/autravail.ca\/en\/product\/botte-de-travail-royer-ventura-6010vt\/","og_locale":"en_US","og_type":"article","og_title":"Botte de travail Royer Ventura - 6010VT - Le Magasin Industriel","og_description":"Botte de travail Royer Ventura - 6010VT Elle combine une conception robuste et un confort durable pour soutenir les longues journ\u00e9es.","og_url":"https:\/\/autravail.ca\/en\/product\/botte-de-travail-royer-ventura-6010vt\/","og_site_name":"Le Magasin Industriel","article_publisher":"https:\/\/www.facebook.com\/lemagasinindustriel\/?locale=fr_FR","article_modified_time":"2026-03-14T18:14:56+00:00","og_image":[{"width":1000,"height":1000,"url":"https:\/\/autravail.ca\/wp-content\/uploads\/2025\/05\/6010VT_A01.jpg","type":"image\/jpeg"}],"twitter_card":"summary_large_image","twitter_misc":{"Est. reading time":"3 minutes"},"schema":{"@context":"https:\/\/schema.org","@graph":[{"@type":"WebPage","@id":"https:\/\/autravail.ca\/product\/botte-de-travail-royer-ventura-6010vt\/","url":"https:\/\/autravail.ca\/product\/botte-de-travail-royer-ventura-6010vt\/","name":"Botte de travail Royer Ventura - 6010VT - Le Magasin Industriel","isPartOf":{"@id":"https:\/\/autravail.ca\/#website"},"primaryImageOfPage":{"@id":"https:\/\/autravail.ca\/product\/botte-de-travail-royer-ventura-6010vt\/#primaryimage"},"image":{"@id":"https:\/\/autravail.ca\/product\/botte-de-travail-royer-ventura-6010vt\/#primaryimage"},"thumbnailUrl":"https:\/\/autravail.ca\/wp-content\/uploads\/2025\/05\/6010VT_A01.jpg","datePublished":"2025-05-08T06:30:07+00:00","dateModified":"2026-03-14T18:14:56+00:00","description":"Botte de travail Royer Ventura - 6010VT Elle combine une conception robuste et un confort durable pour soutenir les longues journ\u00e9es.","breadcrumb":{"@id":"https:\/\/autravail.ca\/product\/botte-de-travail-royer-ventura-6010vt\/#breadcrumb"},"inLanguage":"en-CA","potentialAction":[{"@type":"ReadAction","target":["https:\/\/autravail.ca\/product\/botte-de-travail-royer-ventura-6010vt\/"]}]},{"@type":"ImageObject","inLanguage":"en-CA","@id":"https:\/\/autravail.ca\/product\/botte-de-travail-royer-ventura-6010vt\/#primaryimage","url":"https:\/\/autravail.ca\/wp-content\/uploads\/2025\/05\/6010VT_A01.jpg","contentUrl":"https:\/\/autravail.ca\/wp-content\/uploads\/2025\/05\/6010VT_A01.jpg","width":1000,"height":1000,"caption":"Botte de travail Royer Ventura - 6010VT"},{"@type":"BreadcrumbList","@id":"https:\/\/autravail.ca\/product\/botte-de-travail-royer-ventura-6010vt\/#breadcrumb","itemListElement":[{"@type":"ListItem","position":1,"name":"Accueil","item":"https:\/\/autravail.ca\/"},{"@type":"ListItem","position":2,"name":"Magasin","item":"https:\/\/autravail.ca\/en\/shop\/"},{"@type":"ListItem","position":3,"name":"Botte de travail Royer Ventura &#8211; 6010VT"}]},{"@type":"WebSite","@id":"https:\/\/autravail.ca\/#website","url":"https:\/\/autravail.ca\/","name":"Le Magasin Industriel","description":"50 ans de tradition de s\u00e9curit\u00e9 au travail","publisher":{"@id":"https:\/\/autravail.ca\/#organization"},"potentialAction":[{"@type":"SearchAction","target":{"@type":"EntryPoint","urlTemplate":"https:\/\/autravail.ca\/?s={search_term_string}"},"query-input":{"@type":"PropertyValueSpecification","valueRequired":true,"valueName":"search_term_string"}}],"inLanguage":"en-CA"},{"@type":"Organization","@id":"https:\/\/autravail.ca\/#organization","name":"Le Magasin Industriel","url":"https:\/\/autravail.ca\/","logo":{"@type":"ImageObject","inLanguage":"en-CA","@id":"https:\/\/autravail.ca\/#\/schema\/logo\/image\/","url":"https:\/\/autravail.ca\/wp-content\/uploads\/2025\/05\/cropped-magasin_industriel_120x.avif","contentUrl":"https:\/\/autravail.ca\/wp-content\/uploads\/2025\/05\/cropped-magasin_industriel_120x.avif","width":120,"height":24,"caption":"Le Magasin Industriel"},"image":{"@id":"https:\/\/autravail.ca\/#\/schema\/logo\/image\/"},"sameAs":["https:\/\/www.facebook.com\/lemagasinindustriel\/?locale=fr_FR"]}]}},"jetpack_sharing_enabled":true,"_links":{"self":[{"href":"https:\/\/autravail.ca\/en\/wp-json\/wp\/v2\/product\/28941","targetHints":{"allow":["GET"]}}],"collection":[{"href":"https:\/\/autravail.ca\/en\/wp-json\/wp\/v2\/product"}],"about":[{"href":"https:\/\/autravail.ca\/en\/wp-json\/wp\/v2\/types\/product"}],"replies":[{"embeddable":true,"href":"https:\/\/autravail.ca\/en\/wp-json\/wp\/v2\/comments?post=28941"}],"wp:featuredmedia":[{"embeddable":true,"href":"https:\/\/autravail.ca\/en\/wp-json\/wp\/v2\/media\/12500"}],"wp:attachment":[{"href":"https:\/\/autravail.ca\/en\/wp-json\/wp\/v2\/media?parent=28941"}],"wp:term":[{"taxonomy":"product_cat","embeddable":true,"href":"https:\/\/autravail.ca\/en\/wp-json\/wp\/v2\/product_cat?post=28941"},{"taxonomy":"product_tag","embeddable":true,"href":"https:\/\/autravail.ca\/en\/wp-json\/wp\/v2\/product_tag?post=28941"}],"curies":[{"name":"wp","href":"https:\/\/api.w.org\/{rel}","templated":true}]}}