{"id":28911,"date":"2025-05-08T06:29:58","date_gmt":"2025-05-08T06:29:58","guid":{"rendered":"https:\/\/meteoquebec.ca\/?post_type=product&#038;p=28911"},"modified":"2025-12-05T05:11:21","modified_gmt":"2025-12-05T09:11:21","slug":"6007-manteau-de-travail-pour-signalisation","status":"publish","type":"product","link":"https:\/\/autravail.ca\/en\/product\/6007-manteau-de-travail-pour-signalisation\/","title":{"rendered":"6007 - WORK COAT FOR SIGNALING"},"content":{"rendered":"<p>HIGH VISIBILITY SAFETY JACKET <\/p>\n<ul>\n<li>Polyester Knit of 3.5 oz (120 gmc)<\/li>\n<li>Meets CSA Z96-09 standard, class 2 level 2 (class 3 when worn with Pants 6009)<\/li>\n<li>In compliance with Quebec Transport Standard P4.34.1 (Roadwork Signaling)<\/li>\n<li>Reflective StarTech bands with orange knitted trim between the bands.<\/li>\n<li>Full-length sliding closure with self-gripping storm flap.<\/li>\n<li>Contrasting neck color.<\/li>\n<li>Black cuffs.<\/li>\n<li>Invisible zipper closures at the armpits.<\/li>\n<li>Pocket on right chest with pen slot.<\/li>\n<li>2 belt clips for each side of the radio telephone, one at the chest and one at the shoulders.<\/li>\n<li>Identification Pouches.<\/li>\n<li>Sizes : TP-4TG<\/li>\n<li>High Visibility Yellow\/Green<\/li>\n<\/ul>","protected":false},"excerpt":{"rendered":"<p>HIGH-VISIBILITY SIGNALING COAT 3.5 oz (120 gsm) polyester knit. Meets CSA Z96-09 Class 2 Level 2 (Class 3 when worn with 6009 pants). Complies with Transports Qubec P4.34.1 (Roadwork Signaling). StarTech reflective bands with orange knit trim between bands.<\/p>","protected":false},"featured_media":12484,"comment_status":"open","ping_status":"closed","template":"","meta":[],"product_cat":[602,699,604,658],"product_tag":[291],"class_list":{"0":"post-28911","1":"product","2":"type-product","3":"status-publish","4":"has-post-thumbnail","6":"product_brand-pioneer","7":"product_cat-hommes","8":"product_cat-pioneer-surewerx","9":"product_cat-vetements-de-travail","10":"product_cat-vetements-haute-visibilite","11":"product_tag-vetements-haute-visibilite","13":"first","14":"instock","15":"taxable","16":"shipping-taxable","17":"purchasable","18":"product-type-variable"},"yoast_head":"<!-- This site is optimized with the Yoast SEO plugin v25.3.1 - https:\/\/yoast.com\/wordpress\/plugins\/seo\/ -->\n<title>6007 - MANTEAU DE TRAVAIL POUR SIGNALISATION - Le Magasin Industriel<\/title>\n<meta name=\"robots\" content=\"index, follow, max-snippet:-1, max-image-preview:large, max-video-preview:-1\" \/>\n<link rel=\"canonical\" href=\"https:\/\/autravail.ca\/en\/product\/6007-manteau-de-travail-pour-signalisation\/\" \/>\n<meta property=\"og:locale\" content=\"en_US\" \/>\n<meta property=\"og:type\" content=\"article\" \/>\n<meta property=\"og:title\" content=\"6007 - MANTEAU DE TRAVAIL POUR SIGNALISATION - Le Magasin Industriel\" \/>\n<meta property=\"og:description\" content=\"MANTEAU DE SIGNALISATION HAUTE VISIBILITE Tricot de polyester de 3,5 oz (120 gmc). Conforme \u00e0 la norme CSA Z96-09 classe 2 niveau 2 (classe 3 lorsque port\u00e9 avec le pantalon 6009). Conforme \u00e0 la norme de Transports Qu\u00e9bec P4.34.1 (Signalisation des travaux routiers). Bandes r\u00e9fl\u00e9chissantes StarTech\u2122 avec garniture en tricot orange entre les bandes. Fermeture [&hellip;]\" \/>\n<meta property=\"og:url\" content=\"https:\/\/autravail.ca\/en\/product\/6007-manteau-de-travail-pour-signalisation\/\" \/>\n<meta property=\"og:site_name\" content=\"Le Magasin Industriel\" \/>\n<meta property=\"article:publisher\" content=\"https:\/\/www.facebook.com\/lemagasinindustriel\/?locale=fr_FR\" \/>\n<meta property=\"article:modified_time\" content=\"2025-12-05T09:11:21+00:00\" \/>\n<meta property=\"og:image\" content=\"https:\/\/autravail.ca\/wp-content\/uploads\/2025\/05\/6007_a.jpg\" \/>\n\t<meta property=\"og:image:width\" content=\"600\" \/>\n\t<meta property=\"og:image:height\" content=\"540\" \/>\n\t<meta property=\"og:image:type\" content=\"image\/jpeg\" \/>\n<meta name=\"twitter:card\" content=\"summary_large_image\" \/>\n<meta name=\"twitter:label1\" content=\"Est. reading time\" \/>\n\t<meta name=\"twitter:data1\" content=\"1 minute\" \/>\n<script type=\"application\/ld+json\" class=\"yoast-schema-graph\">{\"@context\":\"https:\/\/schema.org\",\"@graph\":[{\"@type\":\"WebPage\",\"@id\":\"https:\/\/autravail.ca\/product\/6007-manteau-de-travail-pour-signalisation\/\",\"url\":\"https:\/\/autravail.ca\/product\/6007-manteau-de-travail-pour-signalisation\/\",\"name\":\"6007 - MANTEAU DE TRAVAIL POUR SIGNALISATION - Le Magasin Industriel\",\"isPartOf\":{\"@id\":\"https:\/\/autravail.ca\/#website\"},\"primaryImageOfPage\":{\"@id\":\"https:\/\/autravail.ca\/product\/6007-manteau-de-travail-pour-signalisation\/#primaryimage\"},\"image\":{\"@id\":\"https:\/\/autravail.ca\/product\/6007-manteau-de-travail-pour-signalisation\/#primaryimage\"},\"thumbnailUrl\":\"https:\/\/autravail.ca\/wp-content\/uploads\/2025\/05\/6007_a.jpg\",\"datePublished\":\"2025-05-08T06:29:58+00:00\",\"dateModified\":\"2025-12-05T09:11:21+00:00\",\"breadcrumb\":{\"@id\":\"https:\/\/autravail.ca\/product\/6007-manteau-de-travail-pour-signalisation\/#breadcrumb\"},\"inLanguage\":\"en-CA\",\"potentialAction\":[{\"@type\":\"ReadAction\",\"target\":[\"https:\/\/autravail.ca\/product\/6007-manteau-de-travail-pour-signalisation\/\"]}]},{\"@type\":\"ImageObject\",\"inLanguage\":\"en-CA\",\"@id\":\"https:\/\/autravail.ca\/product\/6007-manteau-de-travail-pour-signalisation\/#primaryimage\",\"url\":\"https:\/\/autravail.ca\/wp-content\/uploads\/2025\/05\/6007_a.jpg\",\"contentUrl\":\"https:\/\/autravail.ca\/wp-content\/uploads\/2025\/05\/6007_a.jpg\",\"width\":600,\"height\":540},{\"@type\":\"BreadcrumbList\",\"@id\":\"https:\/\/autravail.ca\/product\/6007-manteau-de-travail-pour-signalisation\/#breadcrumb\",\"itemListElement\":[{\"@type\":\"ListItem\",\"position\":1,\"name\":\"Accueil\",\"item\":\"https:\/\/autravail.ca\/\"},{\"@type\":\"ListItem\",\"position\":2,\"name\":\"Magasin\",\"item\":\"https:\/\/autravail.ca\/en\/shop\/\"},{\"@type\":\"ListItem\",\"position\":3,\"name\":\"6007 &#8211; MANTEAU DE TRAVAIL POUR SIGNALISATION\"}]},{\"@type\":\"WebSite\",\"@id\":\"https:\/\/autravail.ca\/#website\",\"url\":\"https:\/\/autravail.ca\/\",\"name\":\"Le Magasin Industriel\",\"description\":\"50 ans de tradition de s\u00e9curit\u00e9 au travail\",\"publisher\":{\"@id\":\"https:\/\/autravail.ca\/#organization\"},\"potentialAction\":[{\"@type\":\"SearchAction\",\"target\":{\"@type\":\"EntryPoint\",\"urlTemplate\":\"https:\/\/autravail.ca\/?s={search_term_string}\"},\"query-input\":{\"@type\":\"PropertyValueSpecification\",\"valueRequired\":true,\"valueName\":\"search_term_string\"}}],\"inLanguage\":\"en-CA\"},{\"@type\":\"Organization\",\"@id\":\"https:\/\/autravail.ca\/#organization\",\"name\":\"Le Magasin Industriel\",\"url\":\"https:\/\/autravail.ca\/\",\"logo\":{\"@type\":\"ImageObject\",\"inLanguage\":\"en-CA\",\"@id\":\"https:\/\/autravail.ca\/#\/schema\/logo\/image\/\",\"url\":\"https:\/\/autravail.ca\/wp-content\/uploads\/2025\/05\/cropped-magasin_industriel_120x.avif\",\"contentUrl\":\"https:\/\/autravail.ca\/wp-content\/uploads\/2025\/05\/cropped-magasin_industriel_120x.avif\",\"width\":120,\"height\":24,\"caption\":\"Le Magasin Industriel\"},\"image\":{\"@id\":\"https:\/\/autravail.ca\/#\/schema\/logo\/image\/\"},\"sameAs\":[\"https:\/\/www.facebook.com\/lemagasinindustriel\/?locale=fr_FR\"]}]}<\/script>\n<!-- \/ Yoast SEO plugin. -->","yoast_head_json":{"title":"6007 - MANTEAU DE TRAVAIL POUR SIGNALISATION - Le Magasin Industriel","robots":{"index":"index","follow":"follow","max-snippet":"max-snippet:-1","max-image-preview":"max-image-preview:large","max-video-preview":"max-video-preview:-1"},"canonical":"https:\/\/autravail.ca\/en\/product\/6007-manteau-de-travail-pour-signalisation\/","og_locale":"en_US","og_type":"article","og_title":"6007 - MANTEAU DE TRAVAIL POUR SIGNALISATION - Le Magasin Industriel","og_description":"MANTEAU DE SIGNALISATION HAUTE VISIBILITE Tricot de polyester de 3,5 oz (120 gmc). Conforme \u00e0 la norme CSA Z96-09 classe 2 niveau 2 (classe 3 lorsque port\u00e9 avec le pantalon 6009). Conforme \u00e0 la norme de Transports Qu\u00e9bec P4.34.1 (Signalisation des travaux routiers). Bandes r\u00e9fl\u00e9chissantes StarTech\u2122 avec garniture en tricot orange entre les bandes. Fermeture [&hellip;]","og_url":"https:\/\/autravail.ca\/en\/product\/6007-manteau-de-travail-pour-signalisation\/","og_site_name":"Le Magasin Industriel","article_publisher":"https:\/\/www.facebook.com\/lemagasinindustriel\/?locale=fr_FR","article_modified_time":"2025-12-05T09:11:21+00:00","og_image":[{"width":600,"height":540,"url":"https:\/\/autravail.ca\/wp-content\/uploads\/2025\/05\/6007_a.jpg","type":"image\/jpeg"}],"twitter_card":"summary_large_image","twitter_misc":{"Est. reading time":"1 minute"},"schema":{"@context":"https:\/\/schema.org","@graph":[{"@type":"WebPage","@id":"https:\/\/autravail.ca\/product\/6007-manteau-de-travail-pour-signalisation\/","url":"https:\/\/autravail.ca\/product\/6007-manteau-de-travail-pour-signalisation\/","name":"6007 - MANTEAU DE TRAVAIL POUR SIGNALISATION - Le Magasin Industriel","isPartOf":{"@id":"https:\/\/autravail.ca\/#website"},"primaryImageOfPage":{"@id":"https:\/\/autravail.ca\/product\/6007-manteau-de-travail-pour-signalisation\/#primaryimage"},"image":{"@id":"https:\/\/autravail.ca\/product\/6007-manteau-de-travail-pour-signalisation\/#primaryimage"},"thumbnailUrl":"https:\/\/autravail.ca\/wp-content\/uploads\/2025\/05\/6007_a.jpg","datePublished":"2025-05-08T06:29:58+00:00","dateModified":"2025-12-05T09:11:21+00:00","breadcrumb":{"@id":"https:\/\/autravail.ca\/product\/6007-manteau-de-travail-pour-signalisation\/#breadcrumb"},"inLanguage":"en-CA","potentialAction":[{"@type":"ReadAction","target":["https:\/\/autravail.ca\/product\/6007-manteau-de-travail-pour-signalisation\/"]}]},{"@type":"ImageObject","inLanguage":"en-CA","@id":"https:\/\/autravail.ca\/product\/6007-manteau-de-travail-pour-signalisation\/#primaryimage","url":"https:\/\/autravail.ca\/wp-content\/uploads\/2025\/05\/6007_a.jpg","contentUrl":"https:\/\/autravail.ca\/wp-content\/uploads\/2025\/05\/6007_a.jpg","width":600,"height":540},{"@type":"BreadcrumbList","@id":"https:\/\/autravail.ca\/product\/6007-manteau-de-travail-pour-signalisation\/#breadcrumb","itemListElement":[{"@type":"ListItem","position":1,"name":"Accueil","item":"https:\/\/autravail.ca\/"},{"@type":"ListItem","position":2,"name":"Magasin","item":"https:\/\/autravail.ca\/en\/shop\/"},{"@type":"ListItem","position":3,"name":"6007 &#8211; MANTEAU DE TRAVAIL POUR SIGNALISATION"}]},{"@type":"WebSite","@id":"https:\/\/autravail.ca\/#website","url":"https:\/\/autravail.ca\/","name":"Le Magasin Industriel","description":"50 ans de tradition de s\u00e9curit\u00e9 au travail","publisher":{"@id":"https:\/\/autravail.ca\/#organization"},"potentialAction":[{"@type":"SearchAction","target":{"@type":"EntryPoint","urlTemplate":"https:\/\/autravail.ca\/?s={search_term_string}"},"query-input":{"@type":"PropertyValueSpecification","valueRequired":true,"valueName":"search_term_string"}}],"inLanguage":"en-CA"},{"@type":"Organization","@id":"https:\/\/autravail.ca\/#organization","name":"Le Magasin Industriel","url":"https:\/\/autravail.ca\/","logo":{"@type":"ImageObject","inLanguage":"en-CA","@id":"https:\/\/autravail.ca\/#\/schema\/logo\/image\/","url":"https:\/\/autravail.ca\/wp-content\/uploads\/2025\/05\/cropped-magasin_industriel_120x.avif","contentUrl":"https:\/\/autravail.ca\/wp-content\/uploads\/2025\/05\/cropped-magasin_industriel_120x.avif","width":120,"height":24,"caption":"Le Magasin Industriel"},"image":{"@id":"https:\/\/autravail.ca\/#\/schema\/logo\/image\/"},"sameAs":["https:\/\/www.facebook.com\/lemagasinindustriel\/?locale=fr_FR"]}]}},"jetpack_sharing_enabled":true,"_links":{"self":[{"href":"https:\/\/autravail.ca\/en\/wp-json\/wp\/v2\/product\/28911","targetHints":{"allow":["GET"]}}],"collection":[{"href":"https:\/\/autravail.ca\/en\/wp-json\/wp\/v2\/product"}],"about":[{"href":"https:\/\/autravail.ca\/en\/wp-json\/wp\/v2\/types\/product"}],"replies":[{"embeddable":true,"href":"https:\/\/autravail.ca\/en\/wp-json\/wp\/v2\/comments?post=28911"}],"wp:featuredmedia":[{"embeddable":true,"href":"https:\/\/autravail.ca\/en\/wp-json\/wp\/v2\/media\/12484"}],"wp:attachment":[{"href":"https:\/\/autravail.ca\/en\/wp-json\/wp\/v2\/media?parent=28911"}],"wp:term":[{"taxonomy":"product_cat","embeddable":true,"href":"https:\/\/autravail.ca\/en\/wp-json\/wp\/v2\/product_cat?post=28911"},{"taxonomy":"product_tag","embeddable":true,"href":"https:\/\/autravail.ca\/en\/wp-json\/wp\/v2\/product_tag?post=28911"}],"curies":[{"name":"wp","href":"https:\/\/api.w.org\/{rel}","templated":true}]}}