{"id":28821,"date":"2025-05-08T06:29:33","date_gmt":"2025-05-08T06:29:33","guid":{"rendered":"https:\/\/meteoquebec.ca\/?post_type=product&#038;p=28821"},"modified":"2025-12-05T05:11:22","modified_gmt":"2025-12-05T09:11:22","slug":"blundstone-bottillon-classique-585","status":"publish","type":"product","link":"https:\/\/autravail.ca\/en\/product\/blundstone-bottillon-classique-585\/","title":{"rendered":"BLUNDSTONE BOTTILLON &#8211; CLASSIQUE 585"},"content":{"rendered":"<h3>BLUNDSTONE BOTTILLON &#8211; CLASSIQUE 585 Brun<\/h3>\n<p>Blundstone est une marque australienne embl\u00e9matique de bottes, fond\u00e9e en 1870 \u00e0 Hobart, en Tasmanie, par John Blundstone. D\u00e8s ses d\u00e9buts, l\u2019entreprise s\u2019est distingu\u00e9e par la fabrication de chaussures robustes, con\u00e7ues pour r\u00e9sister aux conditions difficiles des terres agricoles, des usines et des rues pav\u00e9es. Aujourd&rsquo;hui, Blundstone propose une collection de produits de type plein air avec le Blundstone bottillon Classique 585 sans cap. Plus qu\u2019une simple chaussure, le Blundstone bottillon Classique 585 est devenu un symbole de praticit\u00e9 et d\u2019authenticit\u00e9. Il incarne une tradition qui dure depuis plus de 150 ans, et qui continue d\u2019\u00e9voluer avec ceux qui le portent.<\/p>\n<p>&nbsp;<\/p>\n<h4>Characteristics:<\/h4>\n<ul>\n<li>High-end leather boots with lateral elastic<\/li>\n<li>Comfortable and removable molded chair<\/li>\n<li>Intercalated sole in polyurethane (PUR)\/exterior sole in thermo-polyurethane (TPUR) resistant to hydrolysis and microbial attacks.<\/li>\n<li>Resists oils, acid and fats. Exterior sole resistant to heat.<\/li>\n<li>Steel bracket that ensures a good bending point and excellent torsional stability<\/li>\n<li>Pair of inner soles additional for a better fit<\/li>\n<li>Light and durable<\/li>\n<\/ul>\n<div id=\"accordion--specifications--content\" class=\"accordion__content js-accordion__content\" role=\"region\" hidden=\"\" aria-labelledby=\"accordion-specifications--button\">\n<ul>\n<li>Steel Approved CSA Protective End Cap Class 1<\/li>\n<li>Rubber tip for a longer life<\/li>\n<li>At the test of tempestuous weather, its leather has a thickness of 2.5 mm, a peak in the industry but it 'breathes' for optimal comfort<\/li>\n<li>Internal heel XRD<sup>MC<\/sup> ensuring support and comfort from morning until evening<\/li>\n<li>Intercalated midsole in two-density polyurethane and exterior midsole in thermoplastic polyurethane (TPU): resistant to weather conditions, durable and lightweight, it offers maximum grip<\/li>\n<li>Lenzi's intercalary antiperforation soles: lighter, safer, more flexible, more comfortable, and warmer than steel<\/li>\n<li>They will not disintegrate or detach (since they are injection molded without adhesive or seams)<\/li>\n<li>Anti-slip resistant to heat, oil, acid, and electrical shocks<\/li>\n<li>Molded heel for better fit<\/li>\n<li>Comfortable reclinable EVA seat with XRD<sup>MC<\/sup> in the heel<\/li>\n<li>Approved by CSA<\/li>\n<li>Unisex Boots<\/li>\n<\/ul>\n<\/div>\n<div id=\"accordion--specifications--content\" class=\"accordion__content js-accordion__content\" role=\"region\" hidden=\"\" aria-labelledby=\"accordion-specifications--button\">\n<ul>\n<li>Steel Approved CSA Protective End Cap Class 1<\/li>\n<li>Rubber tip for a longer life<\/li>\n<li>At the test of tempestuous weather, its leather has a thickness of 2.5 mm, a peak in the industry but it 'breathes' for optimal comfort<\/li>\n<li>Internal heel XRD<sup>MC<\/sup> ensuring support and comfort from morning until evening<\/li>\n<li>Intercalated midsole in two-density polyurethane and exterior midsole in thermoplastic polyurethane (TPU): resistant to weather conditions, durable and lightweight, it offers maximum grip<\/li>\n<li>Lenzi's intercalary antiperforation soles: lighter, safer, more flexible, more comfortable, and warmer than steel<\/li>\n<li>They will not disintegrate or detach (since they are injection molded without adhesive or seams)<\/li>\n<li>Anti-slip resistant to heat, oil, acid, and electrical shocks<\/li>\n<li>Molded heel for better fit<\/li>\n<li>Comfortable reclinable EVA seat with XRD<sup>MC<\/sup> in the heel<\/li>\n<li>Approved by CSA<\/li>\n<li>Unisex Boots<\/li>\n<\/ul>\n<\/div>\n<div id=\"accordion--specifications--content\" class=\"accordion__content js-accordion__content\" role=\"region\" hidden=\"\" aria-labelledby=\"accordion-specifications--button\">\n<ul>\n<li>Steel Approved CSA Protective End Cap Class 1<\/li>\n<li>Rubber tip for a longer life<\/li>\n<li>At the test of tempestuous weather, its leather has a thickness of 2.5 mm, a peak in the industry but it 'breathes' for optimal comfort<\/li>\n<li>Internal heel XRD<sup>MC<\/sup> ensuring support and comfort from morning until evening<\/li>\n<li>Intercalated midsole in two-density polyurethane and exterior midsole in thermoplastic polyurethane (TPU): resistant to weather conditions, durable and lightweight, it offers maximum grip<\/li>\n<li>Lenzi's intercalary antiperforation soles: lighter, safer, more flexible, more comfortable, and warmer than steel<\/li>\n<li>They will not disintegrate or detach (since they are injection molded without adhesive or seams)<\/li>\n<li>Anti-slip resistant to heat, oil, acid, and electrical shocks<\/li>\n<li>Molded heel for better fit<\/li>\n<li>Comfortable reclinable EVA seat with XRD<sup>MC<\/sup> in the heel<\/li>\n<li>Approved by CSA<\/li>\n<li>Unisex Boots<\/li>\n<\/ul>\n<\/div>\n<div id=\"accordion--specifications--content\" class=\"accordion__content js-accordion__content\" role=\"region\" hidden=\"\" aria-labelledby=\"accordion-specifications--button\">\n<ul>\n<li>Steel Approved CSA Protective End Cap Class 1<\/li>\n<li>Rubber tip for a longer life<\/li>\n<li>At the test of tempestuous weather, its leather has a thickness of 2.5 mm, a peak in the industry but it 'breathes' for optimal comfort<\/li>\n<li>Internal heel XRD<sup>MC<\/sup> ensuring support and comfort from morning until evening<\/li>\n<li>Intercalated midsole in two-density polyurethane and exterior midsole in thermoplastic polyurethane (TPU): resistant to weather conditions, durable and lightweight, it offers maximum grip<\/li>\n<li>Lenzi's intercalary antiperforation soles: lighter, safer, more flexible, more comfortable, and warmer than steel<\/li>\n<li>They will not disintegrate or detach (since they are injection molded without adhesive or seams)<\/li>\n<li>Anti-slip resistant to heat, oil, acid, and electrical shocks<\/li>\n<li>Molded heel for better fit<\/li>\n<li>Comfortable reclinable EVA seat with XRD<sup>MC<\/sup> in the heel<\/li>\n<li>Approved by CSA<\/li>\n<li>Unisex Boots<\/li>\n<\/ul>\n<\/div>\n<div id=\"accordion--specifications--content\" class=\"accordion__content js-accordion__content\" role=\"region\" hidden=\"\" aria-labelledby=\"accordion-specifications--button\">\n<ul>\n<li>Steel Approved CSA Protective End Cap Class 1<\/li>\n<li>Rubber tip for a longer life<\/li>\n<li>At the test of tempestuous weather, its leather has a thickness of 2.5 mm, a peak in the industry but it 'breathes' for optimal comfort<\/li>\n<li>Internal heel XRD<sup>MC<\/sup> ensuring support and comfort from morning until evening<\/li>\n<li>Intercalated midsole in two-density polyurethane and exterior midsole in thermoplastic polyurethane (TPU): resistant to weather conditions, durable and lightweight, it offers maximum grip<\/li>\n<li>Lenzi's intercalary antiperforation soles: lighter, safer, more flexible, more comfortable, and warmer than steel<\/li>\n<li>They will not disintegrate or detach (since they are injection molded without adhesive or seams)<\/li>\n<li>Anti-slip resistant to heat, oil, acid, and electrical shocks<\/li>\n<li>Molded heel for better fit<\/li>\n<li>Comfortable reclinable EVA seat with XRD<sup>MC<\/sup> in the heel<\/li>\n<li>Approved by CSA<\/li>\n<li>Unisex Boots<\/li>\n<\/ul>\n<\/div>\n<div id=\"accordion--specifications--content\" class=\"accordion__content js-accordion__content\" role=\"region\" hidden=\"\" aria-labelledby=\"accordion-specifications--button\">\n<ul>\n<li>Steel Approved CSA Protective End Cap Class 1<\/li>\n<li>Rubber tip for a longer life<\/li>\n<li>At the test of tempestuous weather, its leather has a thickness of 2.5 mm, a peak in the industry but it 'breathes' for optimal comfort<\/li>\n<li>Internal heel XRD<sup>MC<\/sup> ensuring support and comfort from morning until evening<\/li>\n<li>Intercalated midsole in two-density polyurethane and exterior midsole in thermoplastic polyurethane (TPU): resistant to weather conditions, durable and lightweight, it offers maximum grip<\/li>\n<li>Lenzi's intercalary antiperforation soles: lighter, safer, more flexible, more comfortable, and warmer than steel<\/li>\n<li>They will not disintegrate or detach (since they are injection molded without adhesive or seams)<\/li>\n<li>Anti-slip resistant to heat, oil, acid, and electrical shocks<\/li>\n<li>Molded heel for better fit<\/li>\n<li>Comfortable reclinable EVA seat with XRD<sup>MC<\/sup> in the heel<\/li>\n<li>Approved by CSA<\/li>\n<li>Unisex Boots<\/li>\n<\/ul>\n<\/div>","protected":false},"excerpt":{"rendered":"<p>BLUNDSTONE BOTTILLON &#8211; CLASSIQUE 585 Brun Blundstone est une marque australienne embl\u00e9matique de bottes, fond\u00e9e en 1870 \u00e0 Hobart, en Tasmanie, par John Blundstone. D\u00e8s ses d\u00e9buts, l\u2019entreprise s\u2019est distingu\u00e9e par la fabrication de chaussures robustes, con\u00e7ues pour r\u00e9sister aux conditions difficiles des terres agricoles, des usines et des rues pav\u00e9es. Aujourd&rsquo;hui, Blundstone propose une [&hellip;]<\/p>","protected":false},"featured_media":12356,"comment_status":"open","ping_status":"closed","template":"","meta":[],"product_cat":[663],"product_tag":[255,242],"class_list":{"0":"post-28821","1":"product","2":"type-product","3":"status-publish","4":"has-post-thumbnail","6":"product_cat-bottillons-plein-air","7":"product_tag-femme","8":"product_tag-homme","10":"first","11":"instock","12":"taxable","13":"shipping-taxable","14":"purchasable","15":"product-type-variable"},"yoast_head":"<!-- This site is optimized with the Yoast SEO plugin v25.3.1 - https:\/\/yoast.com\/wordpress\/plugins\/seo\/ -->\n<title>BLUNDSTONE BOTTILLON - CLASSIQUE 585 - Le Magasin Industriel<\/title>\n<meta name=\"description\" content=\"Le Blundstone bottillon Classique 585 unisexe est confortable et durable. Conforme \u00e0 une tradition de plus de 150 ans, il est aussi \u00e9l\u00e9gant que pratique.\" \/>\n<meta name=\"robots\" content=\"index, follow, max-snippet:-1, max-image-preview:large, max-video-preview:-1\" \/>\n<link rel=\"canonical\" href=\"https:\/\/autravail.ca\/en\/product\/blundstone-bottillon-classique-585\/\" \/>\n<meta property=\"og:locale\" content=\"en_US\" \/>\n<meta property=\"og:type\" content=\"article\" \/>\n<meta property=\"og:title\" content=\"BLUNDSTONE BOTTILLON - CLASSIQUE 585 - Le Magasin Industriel\" \/>\n<meta property=\"og:description\" content=\"Le Blundstone bottillon Classique 585 unisexe est confortable et durable. Conforme \u00e0 une tradition de plus de 150 ans, il est aussi \u00e9l\u00e9gant que pratique.\" \/>\n<meta property=\"og:url\" content=\"https:\/\/autravail.ca\/en\/product\/blundstone-bottillon-classique-585\/\" \/>\n<meta property=\"og:site_name\" content=\"Le Magasin Industriel\" \/>\n<meta property=\"article:publisher\" content=\"https:\/\/www.facebook.com\/lemagasinindustriel\/?locale=fr_FR\" \/>\n<meta property=\"article:modified_time\" content=\"2025-12-05T09:11:22+00:00\" \/>\n<meta property=\"og:image\" content=\"https:\/\/autravail.ca\/wp-content\/uploads\/2025\/05\/585_A01.jpg\" \/>\n\t<meta property=\"og:image:width\" content=\"800\" \/>\n\t<meta property=\"og:image:height\" content=\"720\" \/>\n\t<meta property=\"og:image:type\" content=\"image\/jpeg\" \/>\n<meta name=\"twitter:card\" content=\"summary_large_image\" \/>\n<meta name=\"twitter:label1\" content=\"Est. reading time\" \/>\n\t<meta name=\"twitter:data1\" content=\"6 minutes\" \/>\n<script type=\"application\/ld+json\" class=\"yoast-schema-graph\">{\"@context\":\"https:\/\/schema.org\",\"@graph\":[{\"@type\":\"WebPage\",\"@id\":\"https:\/\/autravail.ca\/product\/blundstone-bottillon-classique-585\/\",\"url\":\"https:\/\/autravail.ca\/product\/blundstone-bottillon-classique-585\/\",\"name\":\"BLUNDSTONE BOTTILLON - CLASSIQUE 585 - Le Magasin Industriel\",\"isPartOf\":{\"@id\":\"https:\/\/autravail.ca\/#website\"},\"primaryImageOfPage\":{\"@id\":\"https:\/\/autravail.ca\/product\/blundstone-bottillon-classique-585\/#primaryimage\"},\"image\":{\"@id\":\"https:\/\/autravail.ca\/product\/blundstone-bottillon-classique-585\/#primaryimage\"},\"thumbnailUrl\":\"https:\/\/autravail.ca\/wp-content\/uploads\/2025\/05\/585_A01.jpg\",\"datePublished\":\"2025-05-08T06:29:33+00:00\",\"dateModified\":\"2025-12-05T09:11:22+00:00\",\"description\":\"Le Blundstone bottillon Classique 585 unisexe est confortable et durable. Conforme \u00e0 une tradition de plus de 150 ans, il est aussi \u00e9l\u00e9gant que pratique.\",\"breadcrumb\":{\"@id\":\"https:\/\/autravail.ca\/product\/blundstone-bottillon-classique-585\/#breadcrumb\"},\"inLanguage\":\"en-CA\",\"potentialAction\":[{\"@type\":\"ReadAction\",\"target\":[\"https:\/\/autravail.ca\/product\/blundstone-bottillon-classique-585\/\"]}]},{\"@type\":\"ImageObject\",\"inLanguage\":\"en-CA\",\"@id\":\"https:\/\/autravail.ca\/product\/blundstone-bottillon-classique-585\/#primaryimage\",\"url\":\"https:\/\/autravail.ca\/wp-content\/uploads\/2025\/05\/585_A01.jpg\",\"contentUrl\":\"https:\/\/autravail.ca\/wp-content\/uploads\/2025\/05\/585_A01.jpg\",\"width\":800,\"height\":720},{\"@type\":\"BreadcrumbList\",\"@id\":\"https:\/\/autravail.ca\/product\/blundstone-bottillon-classique-585\/#breadcrumb\",\"itemListElement\":[{\"@type\":\"ListItem\",\"position\":1,\"name\":\"Accueil\",\"item\":\"https:\/\/autravail.ca\/\"},{\"@type\":\"ListItem\",\"position\":2,\"name\":\"Magasin\",\"item\":\"https:\/\/autravail.ca\/en\/shop\/\"},{\"@type\":\"ListItem\",\"position\":3,\"name\":\"BLUNDSTONE BOTTILLON &#8211; CLASSIQUE 585\"}]},{\"@type\":\"WebSite\",\"@id\":\"https:\/\/autravail.ca\/#website\",\"url\":\"https:\/\/autravail.ca\/\",\"name\":\"Le Magasin Industriel\",\"description\":\"50 ans de tradition de s\u00e9curit\u00e9 au travail\",\"publisher\":{\"@id\":\"https:\/\/autravail.ca\/#organization\"},\"potentialAction\":[{\"@type\":\"SearchAction\",\"target\":{\"@type\":\"EntryPoint\",\"urlTemplate\":\"https:\/\/autravail.ca\/?s={search_term_string}\"},\"query-input\":{\"@type\":\"PropertyValueSpecification\",\"valueRequired\":true,\"valueName\":\"search_term_string\"}}],\"inLanguage\":\"en-CA\"},{\"@type\":\"Organization\",\"@id\":\"https:\/\/autravail.ca\/#organization\",\"name\":\"Le Magasin Industriel\",\"url\":\"https:\/\/autravail.ca\/\",\"logo\":{\"@type\":\"ImageObject\",\"inLanguage\":\"en-CA\",\"@id\":\"https:\/\/autravail.ca\/#\/schema\/logo\/image\/\",\"url\":\"https:\/\/autravail.ca\/wp-content\/uploads\/2025\/05\/cropped-magasin_industriel_120x.avif\",\"contentUrl\":\"https:\/\/autravail.ca\/wp-content\/uploads\/2025\/05\/cropped-magasin_industriel_120x.avif\",\"width\":120,\"height\":24,\"caption\":\"Le Magasin Industriel\"},\"image\":{\"@id\":\"https:\/\/autravail.ca\/#\/schema\/logo\/image\/\"},\"sameAs\":[\"https:\/\/www.facebook.com\/lemagasinindustriel\/?locale=fr_FR\"]}]}<\/script>\n<!-- \/ Yoast SEO plugin. -->","yoast_head_json":{"title":"BLUNDSTONE BOTTILLON - CLASSIQUE 585 - Le Magasin Industriel","description":"Le Blundstone bottillon Classique 585 unisexe est confortable et durable. Conforme \u00e0 une tradition de plus de 150 ans, il est aussi \u00e9l\u00e9gant que pratique.","robots":{"index":"index","follow":"follow","max-snippet":"max-snippet:-1","max-image-preview":"max-image-preview:large","max-video-preview":"max-video-preview:-1"},"canonical":"https:\/\/autravail.ca\/en\/product\/blundstone-bottillon-classique-585\/","og_locale":"en_US","og_type":"article","og_title":"BLUNDSTONE BOTTILLON - CLASSIQUE 585 - Le Magasin Industriel","og_description":"Le Blundstone bottillon Classique 585 unisexe est confortable et durable. Conforme \u00e0 une tradition de plus de 150 ans, il est aussi \u00e9l\u00e9gant que pratique.","og_url":"https:\/\/autravail.ca\/en\/product\/blundstone-bottillon-classique-585\/","og_site_name":"Le Magasin Industriel","article_publisher":"https:\/\/www.facebook.com\/lemagasinindustriel\/?locale=fr_FR","article_modified_time":"2025-12-05T09:11:22+00:00","og_image":[{"width":800,"height":720,"url":"https:\/\/autravail.ca\/wp-content\/uploads\/2025\/05\/585_A01.jpg","type":"image\/jpeg"}],"twitter_card":"summary_large_image","twitter_misc":{"Est. reading time":"6 minutes"},"schema":{"@context":"https:\/\/schema.org","@graph":[{"@type":"WebPage","@id":"https:\/\/autravail.ca\/product\/blundstone-bottillon-classique-585\/","url":"https:\/\/autravail.ca\/product\/blundstone-bottillon-classique-585\/","name":"BLUNDSTONE BOTTILLON - CLASSIQUE 585 - Le Magasin Industriel","isPartOf":{"@id":"https:\/\/autravail.ca\/#website"},"primaryImageOfPage":{"@id":"https:\/\/autravail.ca\/product\/blundstone-bottillon-classique-585\/#primaryimage"},"image":{"@id":"https:\/\/autravail.ca\/product\/blundstone-bottillon-classique-585\/#primaryimage"},"thumbnailUrl":"https:\/\/autravail.ca\/wp-content\/uploads\/2025\/05\/585_A01.jpg","datePublished":"2025-05-08T06:29:33+00:00","dateModified":"2025-12-05T09:11:22+00:00","description":"Le Blundstone bottillon Classique 585 unisexe est confortable et durable. Conforme \u00e0 une tradition de plus de 150 ans, il est aussi \u00e9l\u00e9gant que pratique.","breadcrumb":{"@id":"https:\/\/autravail.ca\/product\/blundstone-bottillon-classique-585\/#breadcrumb"},"inLanguage":"en-CA","potentialAction":[{"@type":"ReadAction","target":["https:\/\/autravail.ca\/product\/blundstone-bottillon-classique-585\/"]}]},{"@type":"ImageObject","inLanguage":"en-CA","@id":"https:\/\/autravail.ca\/product\/blundstone-bottillon-classique-585\/#primaryimage","url":"https:\/\/autravail.ca\/wp-content\/uploads\/2025\/05\/585_A01.jpg","contentUrl":"https:\/\/autravail.ca\/wp-content\/uploads\/2025\/05\/585_A01.jpg","width":800,"height":720},{"@type":"BreadcrumbList","@id":"https:\/\/autravail.ca\/product\/blundstone-bottillon-classique-585\/#breadcrumb","itemListElement":[{"@type":"ListItem","position":1,"name":"Accueil","item":"https:\/\/autravail.ca\/"},{"@type":"ListItem","position":2,"name":"Magasin","item":"https:\/\/autravail.ca\/en\/shop\/"},{"@type":"ListItem","position":3,"name":"BLUNDSTONE BOTTILLON &#8211; CLASSIQUE 585"}]},{"@type":"WebSite","@id":"https:\/\/autravail.ca\/#website","url":"https:\/\/autravail.ca\/","name":"Le Magasin Industriel","description":"50 ans de tradition de s\u00e9curit\u00e9 au travail","publisher":{"@id":"https:\/\/autravail.ca\/#organization"},"potentialAction":[{"@type":"SearchAction","target":{"@type":"EntryPoint","urlTemplate":"https:\/\/autravail.ca\/?s={search_term_string}"},"query-input":{"@type":"PropertyValueSpecification","valueRequired":true,"valueName":"search_term_string"}}],"inLanguage":"en-CA"},{"@type":"Organization","@id":"https:\/\/autravail.ca\/#organization","name":"Le Magasin Industriel","url":"https:\/\/autravail.ca\/","logo":{"@type":"ImageObject","inLanguage":"en-CA","@id":"https:\/\/autravail.ca\/#\/schema\/logo\/image\/","url":"https:\/\/autravail.ca\/wp-content\/uploads\/2025\/05\/cropped-magasin_industriel_120x.avif","contentUrl":"https:\/\/autravail.ca\/wp-content\/uploads\/2025\/05\/cropped-magasin_industriel_120x.avif","width":120,"height":24,"caption":"Le Magasin Industriel"},"image":{"@id":"https:\/\/autravail.ca\/#\/schema\/logo\/image\/"},"sameAs":["https:\/\/www.facebook.com\/lemagasinindustriel\/?locale=fr_FR"]}]}},"jetpack_sharing_enabled":true,"_links":{"self":[{"href":"https:\/\/autravail.ca\/en\/wp-json\/wp\/v2\/product\/28821","targetHints":{"allow":["GET"]}}],"collection":[{"href":"https:\/\/autravail.ca\/en\/wp-json\/wp\/v2\/product"}],"about":[{"href":"https:\/\/autravail.ca\/en\/wp-json\/wp\/v2\/types\/product"}],"replies":[{"embeddable":true,"href":"https:\/\/autravail.ca\/en\/wp-json\/wp\/v2\/comments?post=28821"}],"wp:featuredmedia":[{"embeddable":true,"href":"https:\/\/autravail.ca\/en\/wp-json\/wp\/v2\/media\/12356"}],"wp:attachment":[{"href":"https:\/\/autravail.ca\/en\/wp-json\/wp\/v2\/media?parent=28821"}],"wp:term":[{"taxonomy":"product_cat","embeddable":true,"href":"https:\/\/autravail.ca\/en\/wp-json\/wp\/v2\/product_cat?post=28821"},{"taxonomy":"product_tag","embeddable":true,"href":"https:\/\/autravail.ca\/en\/wp-json\/wp\/v2\/product_tag?post=28821"}],"curies":[{"name":"wp","href":"https:\/\/api.w.org\/{rel}","templated":true}]}}