{"id":28820,"date":"2025-05-08T06:29:33","date_gmt":"2025-05-08T06:29:33","guid":{"rendered":"https:\/\/meteoquebec.ca\/?post_type=product&#038;p=28820"},"modified":"2025-12-05T05:11:22","modified_gmt":"2025-12-05T09:11:22","slug":"584072-soulier-de-travail-owen","status":"publish","type":"product","link":"https:\/\/autravail.ca\/en\/product\/584072-soulier-de-travail-owen\/","title":{"rendered":"584072 - WORK Shoes - OWEN"},"content":{"rendered":"<p>SECURITY boots OWEN (SD) - Mellow Walk<\/p>\n<ul>\n<li>Black Leather<\/li>\n<li>Antibacterial and Breathable Lining (Moisture Evaporation)<\/li>\n<li>Seat plantaire: Anti-static sole<\/li>\n<li>Certification: CSA\/ASTM, anti-static.<\/li>\n<li>Steel Protector.<\/li>\n<li>Exterior white sole<\/li>\n<li>Inner Sole: DreamFit Ultra-Comfort PU Removable<\/li>\n<li>Recommended Uses: Light Manufacturing, Management Personnel, Logistics, Warehousing, Transportation, Automotive, Pharmaceutical.<\/li>\n<li>Made in Canada.<\/li>\n<\/ul>","protected":false},"excerpt":{"rendered":"<p>CHAUSSURE DE S\u00c9CURIT\u00c9 OWEN (SD) &#8211; Mellow Walk Cuir noir Doublure antibact\u00e9rienne et respirante (\u00e9vacuation de l&rsquo;humidit\u00e9). Assise plantaire: Semelle antistatique. Homologation: CSA \/ASTM, antistatique. Embout protecteur d&rsquo;acier. Semelle ext\u00e9rieure blanche Semelle\u00a0int\u00e9rieure: DreamFit Ultra-Confort PU amovible. Usages recommand\u00e9s: fabrication l\u00e9g\u00e8re, personnel de gestion, logistique, entreposage, transport, automobile, pharmaceutique. Fabriqu\u00e9 au Canada.<\/p>","protected":false},"featured_media":12340,"comment_status":"open","ping_status":"closed","template":"","meta":[],"product_cat":[602,619],"product_tag":[242,261,257,283],"class_list":{"0":"post-28820","1":"product","2":"type-product","3":"status-publish","4":"has-post-thumbnail","6":"product_brand-mellow-walk","7":"product_cat-hommes","8":"product_cat-souliers-de-travail","9":"product_tag-homme","10":"product_tag-novago","11":"product_tag-souliers-de-travail","12":"product_tag-static-dissipative","14":"first","15":"instock","16":"taxable","17":"shipping-taxable","18":"purchasable","19":"product-type-variable"},"yoast_head":"<!-- This site is optimized with the Yoast SEO plugin v25.3.1 - https:\/\/yoast.com\/wordpress\/plugins\/seo\/ -->\n<title>584072 - SOULIER DE TRAVAIL - OWEN - Le Magasin Industriel<\/title>\n<meta name=\"robots\" content=\"index, follow, max-snippet:-1, max-image-preview:large, max-video-preview:-1\" \/>\n<link rel=\"canonical\" href=\"https:\/\/autravail.ca\/en\/product\/584072-soulier-de-travail-owen\/\" \/>\n<meta property=\"og:locale\" content=\"en_US\" \/>\n<meta property=\"og:type\" content=\"article\" \/>\n<meta property=\"og:title\" content=\"584072 - SOULIER DE TRAVAIL - OWEN - Le Magasin Industriel\" \/>\n<meta property=\"og:description\" content=\"CHAUSSURE DE S\u00c9CURIT\u00c9 OWEN (SD) &#8211; Mellow Walk Cuir noir Doublure antibact\u00e9rienne et respirante (\u00e9vacuation de l&rsquo;humidit\u00e9). Assise plantaire: Semelle antistatique. Homologation: CSA \/ASTM, antistatique. Embout protecteur d&rsquo;acier. Semelle ext\u00e9rieure blanche Semelle\u00a0int\u00e9rieure: DreamFit Ultra-Confort PU amovible. Usages recommand\u00e9s: fabrication l\u00e9g\u00e8re, personnel de gestion, logistique, entreposage, transport, automobile, pharmaceutique. Fabriqu\u00e9 au Canada.\" \/>\n<meta property=\"og:url\" content=\"https:\/\/autravail.ca\/en\/product\/584072-soulier-de-travail-owen\/\" \/>\n<meta property=\"og:site_name\" content=\"Le Magasin Industriel\" \/>\n<meta property=\"article:publisher\" content=\"https:\/\/www.facebook.com\/lemagasinindustriel\/?locale=fr_FR\" \/>\n<meta property=\"article:modified_time\" content=\"2025-12-05T09:11:22+00:00\" \/>\n<meta property=\"og:image\" content=\"https:\/\/autravail.ca\/wp-content\/uploads\/2025\/05\/584072_A01.jpg\" \/>\n\t<meta property=\"og:image:width\" content=\"1000\" \/>\n\t<meta property=\"og:image:height\" content=\"1000\" \/>\n\t<meta property=\"og:image:type\" content=\"image\/jpeg\" \/>\n<meta name=\"twitter:card\" content=\"summary_large_image\" \/>\n<script type=\"application\/ld+json\" class=\"yoast-schema-graph\">{\"@context\":\"https:\/\/schema.org\",\"@graph\":[{\"@type\":\"WebPage\",\"@id\":\"https:\/\/autravail.ca\/product\/584072-soulier-de-travail-owen\/\",\"url\":\"https:\/\/autravail.ca\/product\/584072-soulier-de-travail-owen\/\",\"name\":\"584072 - SOULIER DE TRAVAIL - OWEN - Le Magasin Industriel\",\"isPartOf\":{\"@id\":\"https:\/\/autravail.ca\/#website\"},\"primaryImageOfPage\":{\"@id\":\"https:\/\/autravail.ca\/product\/584072-soulier-de-travail-owen\/#primaryimage\"},\"image\":{\"@id\":\"https:\/\/autravail.ca\/product\/584072-soulier-de-travail-owen\/#primaryimage\"},\"thumbnailUrl\":\"https:\/\/autravail.ca\/wp-content\/uploads\/2025\/05\/584072_A01.jpg\",\"datePublished\":\"2025-05-08T06:29:33+00:00\",\"dateModified\":\"2025-12-05T09:11:22+00:00\",\"breadcrumb\":{\"@id\":\"https:\/\/autravail.ca\/product\/584072-soulier-de-travail-owen\/#breadcrumb\"},\"inLanguage\":\"en-CA\",\"potentialAction\":[{\"@type\":\"ReadAction\",\"target\":[\"https:\/\/autravail.ca\/product\/584072-soulier-de-travail-owen\/\"]}]},{\"@type\":\"ImageObject\",\"inLanguage\":\"en-CA\",\"@id\":\"https:\/\/autravail.ca\/product\/584072-soulier-de-travail-owen\/#primaryimage\",\"url\":\"https:\/\/autravail.ca\/wp-content\/uploads\/2025\/05\/584072_A01.jpg\",\"contentUrl\":\"https:\/\/autravail.ca\/wp-content\/uploads\/2025\/05\/584072_A01.jpg\",\"width\":1000,\"height\":1000},{\"@type\":\"BreadcrumbList\",\"@id\":\"https:\/\/autravail.ca\/product\/584072-soulier-de-travail-owen\/#breadcrumb\",\"itemListElement\":[{\"@type\":\"ListItem\",\"position\":1,\"name\":\"Accueil\",\"item\":\"https:\/\/autravail.ca\/\"},{\"@type\":\"ListItem\",\"position\":2,\"name\":\"Magasin\",\"item\":\"https:\/\/autravail.ca\/en\/shop\/\"},{\"@type\":\"ListItem\",\"position\":3,\"name\":\"584072 &#8211; SOULIER DE TRAVAIL &#8211; OWEN\"}]},{\"@type\":\"WebSite\",\"@id\":\"https:\/\/autravail.ca\/#website\",\"url\":\"https:\/\/autravail.ca\/\",\"name\":\"Le Magasin Industriel\",\"description\":\"50 ans de tradition de s\u00e9curit\u00e9 au travail\",\"publisher\":{\"@id\":\"https:\/\/autravail.ca\/#organization\"},\"potentialAction\":[{\"@type\":\"SearchAction\",\"target\":{\"@type\":\"EntryPoint\",\"urlTemplate\":\"https:\/\/autravail.ca\/?s={search_term_string}\"},\"query-input\":{\"@type\":\"PropertyValueSpecification\",\"valueRequired\":true,\"valueName\":\"search_term_string\"}}],\"inLanguage\":\"en-CA\"},{\"@type\":\"Organization\",\"@id\":\"https:\/\/autravail.ca\/#organization\",\"name\":\"Le Magasin Industriel\",\"url\":\"https:\/\/autravail.ca\/\",\"logo\":{\"@type\":\"ImageObject\",\"inLanguage\":\"en-CA\",\"@id\":\"https:\/\/autravail.ca\/#\/schema\/logo\/image\/\",\"url\":\"https:\/\/autravail.ca\/wp-content\/uploads\/2025\/05\/cropped-magasin_industriel_120x.avif\",\"contentUrl\":\"https:\/\/autravail.ca\/wp-content\/uploads\/2025\/05\/cropped-magasin_industriel_120x.avif\",\"width\":120,\"height\":24,\"caption\":\"Le Magasin Industriel\"},\"image\":{\"@id\":\"https:\/\/autravail.ca\/#\/schema\/logo\/image\/\"},\"sameAs\":[\"https:\/\/www.facebook.com\/lemagasinindustriel\/?locale=fr_FR\"]}]}<\/script>\n<!-- \/ Yoast SEO plugin. -->","yoast_head_json":{"title":"584072 - SOULIER DE TRAVAIL - OWEN - Le Magasin Industriel","robots":{"index":"index","follow":"follow","max-snippet":"max-snippet:-1","max-image-preview":"max-image-preview:large","max-video-preview":"max-video-preview:-1"},"canonical":"https:\/\/autravail.ca\/en\/product\/584072-soulier-de-travail-owen\/","og_locale":"en_US","og_type":"article","og_title":"584072 - SOULIER DE TRAVAIL - OWEN - Le Magasin Industriel","og_description":"CHAUSSURE DE S\u00c9CURIT\u00c9 OWEN (SD) &#8211; Mellow Walk Cuir noir Doublure antibact\u00e9rienne et respirante (\u00e9vacuation de l&rsquo;humidit\u00e9). Assise plantaire: Semelle antistatique. Homologation: CSA \/ASTM, antistatique. Embout protecteur d&rsquo;acier. Semelle ext\u00e9rieure blanche Semelle\u00a0int\u00e9rieure: DreamFit Ultra-Confort PU amovible. Usages recommand\u00e9s: fabrication l\u00e9g\u00e8re, personnel de gestion, logistique, entreposage, transport, automobile, pharmaceutique. Fabriqu\u00e9 au Canada.","og_url":"https:\/\/autravail.ca\/en\/product\/584072-soulier-de-travail-owen\/","og_site_name":"Le Magasin Industriel","article_publisher":"https:\/\/www.facebook.com\/lemagasinindustriel\/?locale=fr_FR","article_modified_time":"2025-12-05T09:11:22+00:00","og_image":[{"width":1000,"height":1000,"url":"https:\/\/autravail.ca\/wp-content\/uploads\/2025\/05\/584072_A01.jpg","type":"image\/jpeg"}],"twitter_card":"summary_large_image","schema":{"@context":"https:\/\/schema.org","@graph":[{"@type":"WebPage","@id":"https:\/\/autravail.ca\/product\/584072-soulier-de-travail-owen\/","url":"https:\/\/autravail.ca\/product\/584072-soulier-de-travail-owen\/","name":"584072 - SOULIER DE TRAVAIL - OWEN - Le Magasin Industriel","isPartOf":{"@id":"https:\/\/autravail.ca\/#website"},"primaryImageOfPage":{"@id":"https:\/\/autravail.ca\/product\/584072-soulier-de-travail-owen\/#primaryimage"},"image":{"@id":"https:\/\/autravail.ca\/product\/584072-soulier-de-travail-owen\/#primaryimage"},"thumbnailUrl":"https:\/\/autravail.ca\/wp-content\/uploads\/2025\/05\/584072_A01.jpg","datePublished":"2025-05-08T06:29:33+00:00","dateModified":"2025-12-05T09:11:22+00:00","breadcrumb":{"@id":"https:\/\/autravail.ca\/product\/584072-soulier-de-travail-owen\/#breadcrumb"},"inLanguage":"en-CA","potentialAction":[{"@type":"ReadAction","target":["https:\/\/autravail.ca\/product\/584072-soulier-de-travail-owen\/"]}]},{"@type":"ImageObject","inLanguage":"en-CA","@id":"https:\/\/autravail.ca\/product\/584072-soulier-de-travail-owen\/#primaryimage","url":"https:\/\/autravail.ca\/wp-content\/uploads\/2025\/05\/584072_A01.jpg","contentUrl":"https:\/\/autravail.ca\/wp-content\/uploads\/2025\/05\/584072_A01.jpg","width":1000,"height":1000},{"@type":"BreadcrumbList","@id":"https:\/\/autravail.ca\/product\/584072-soulier-de-travail-owen\/#breadcrumb","itemListElement":[{"@type":"ListItem","position":1,"name":"Accueil","item":"https:\/\/autravail.ca\/"},{"@type":"ListItem","position":2,"name":"Magasin","item":"https:\/\/autravail.ca\/en\/shop\/"},{"@type":"ListItem","position":3,"name":"584072 &#8211; SOULIER DE TRAVAIL &#8211; OWEN"}]},{"@type":"WebSite","@id":"https:\/\/autravail.ca\/#website","url":"https:\/\/autravail.ca\/","name":"Le Magasin Industriel","description":"50 ans de tradition de s\u00e9curit\u00e9 au travail","publisher":{"@id":"https:\/\/autravail.ca\/#organization"},"potentialAction":[{"@type":"SearchAction","target":{"@type":"EntryPoint","urlTemplate":"https:\/\/autravail.ca\/?s={search_term_string}"},"query-input":{"@type":"PropertyValueSpecification","valueRequired":true,"valueName":"search_term_string"}}],"inLanguage":"en-CA"},{"@type":"Organization","@id":"https:\/\/autravail.ca\/#organization","name":"Le Magasin Industriel","url":"https:\/\/autravail.ca\/","logo":{"@type":"ImageObject","inLanguage":"en-CA","@id":"https:\/\/autravail.ca\/#\/schema\/logo\/image\/","url":"https:\/\/autravail.ca\/wp-content\/uploads\/2025\/05\/cropped-magasin_industriel_120x.avif","contentUrl":"https:\/\/autravail.ca\/wp-content\/uploads\/2025\/05\/cropped-magasin_industriel_120x.avif","width":120,"height":24,"caption":"Le Magasin Industriel"},"image":{"@id":"https:\/\/autravail.ca\/#\/schema\/logo\/image\/"},"sameAs":["https:\/\/www.facebook.com\/lemagasinindustriel\/?locale=fr_FR"]}]}},"jetpack_sharing_enabled":true,"_links":{"self":[{"href":"https:\/\/autravail.ca\/en\/wp-json\/wp\/v2\/product\/28820","targetHints":{"allow":["GET"]}}],"collection":[{"href":"https:\/\/autravail.ca\/en\/wp-json\/wp\/v2\/product"}],"about":[{"href":"https:\/\/autravail.ca\/en\/wp-json\/wp\/v2\/types\/product"}],"replies":[{"embeddable":true,"href":"https:\/\/autravail.ca\/en\/wp-json\/wp\/v2\/comments?post=28820"}],"wp:featuredmedia":[{"embeddable":true,"href":"https:\/\/autravail.ca\/en\/wp-json\/wp\/v2\/media\/12340"}],"wp:attachment":[{"href":"https:\/\/autravail.ca\/en\/wp-json\/wp\/v2\/media?parent=28820"}],"wp:term":[{"taxonomy":"product_cat","embeddable":true,"href":"https:\/\/autravail.ca\/en\/wp-json\/wp\/v2\/product_cat?post=28820"},{"taxonomy":"product_tag","embeddable":true,"href":"https:\/\/autravail.ca\/en\/wp-json\/wp\/v2\/product_tag?post=28820"}],"curies":[{"name":"wp","href":"https:\/\/api.w.org\/{rel}","templated":true}]}}